{"id":241643,"date":"2017-10-09T17:49:51","date_gmt":"2009-10-17T15:49:00","guid":{"rendered":"https:\/\/www.staging6.omrserrature.it\/prodotto\/micro-tirador-con-cerradura\/"},"modified":"2026-04-08T13:15:07","modified_gmt":"2026-04-08T11:15:07","slug":"micro-tirador-con-cerradura","status":"publish","type":"product","link":"https:\/\/www.omrserrature.it\/es\/producto\/micro-tirador-con-cerradura\/","title":{"rendered":"Micro tirador con Cerradura"},"content":{"rendered":"<p>El <strong>micro tirador con cerradura<\/strong> es un producto fabricado con atenci\u00f3n al detalle y materiales de alta calidad. Dise\u00f1ada y fabricada en Italia, esta cerradura est\u00e1 pensada para una<strong>amplia gama de aplicaciones<\/strong>, desde industrias electromec\u00e1nicas hasta <strong>armarios rack<\/strong>. <\/p>\n<ul>\n<li><strong>Materiales de alta calidad<\/strong>: fabricado en metal fundido a presi\u00f3n, garantiza durabilidad y resistencia.<\/li>\n<li><strong>Acabado est\u00e9ticamente agradable<\/strong>: la pintura negra y el niquelado ofrecen un aspecto elegante y una mayor protecci\u00f3n.<\/li>\n<li><strong>Variedad de accesorios<\/strong>: incluye opciones como palancas, palancas multipunto, arandelas y juntas, para adaptarse a diferentes requisitos de instalaci\u00f3n.<\/li>\n<li><strong>Totalmente equipado<\/strong>: se suministra con dos llaves de lat\u00f3n, leva y Tuerca.<\/li>\n<\/ul>\n<p>Ideal para una amplia gama de aplicaciones, desde la industria el\u00e9ctrica y electromec\u00e1nica hasta la automatizaci\u00f3n industrial, las telecomunicaciones y la inform\u00e1tica, esta cerradura garantiza una excelente funcionalidad en cualquier contexto. El micro tirador con cerradura es<strong> la elecci\u00f3n ideal<\/strong> para quienes buscan un producto fiable y de calidad con la garant\u00eda <strong>Made in Italy<\/strong>. <\/p>\n","protected":false},"excerpt":{"rendered":"<p>El <strong>micro tirador con cerradura<\/strong> es un producto fabricado con especial atenci\u00f3n al detalle y materiales de alta calidad. Dise\u00f1ada y fabricada en Italia, esta cerradura est\u00e1 pensada para una<strong>amplia gama de aplicaciones<\/strong>, desde<strong> industrias electromec\u00e1nicas<\/strong> hasta <strong>armarios rack<\/strong>. <\/p>\n","protected":false},"featured_media":3213,"comment_status":"open","ping_status":"closed","template":"","meta":{"_acf_changed":false,"_et_pb_use_builder":"","_et_pb_old_content":"","_et_gb_content_width":""},"product_brand":[],"product_cat":[3933,3890,3951,3952,3882,3980,3912,3901,3880,3905,3895,3892,3893,3954,3987],"product_tag":[],"class_list":{"0":"post-241643","1":"product","2":"type-product","3":"status-publish","4":"has-post-thumbnail","6":"product_cat-asas-y-pomos","7":"product_cat-cerradura-de-armario-conforme-a-gdpr","8":"product_cat-cerraduras-con-llave-maestra","9":"product_cat-cerraduras-con-manilla-giratoria","10":"product_cat-cerraduras-de-armarios","11":"product_cat-cerraduras-de-palanca","12":"product_cat-cerraduras-de-puertas","13":"product_cat-cerraduras-para-armarios-de-epi","14":"product_cat-cerraduras-para-armarios-electricos","15":"product_cat-cerraduras-para-armarios-industriales","16":"product_cat-cerraduras-para-la-industria-electromecanica","17":"product_cat-cerraduras-para-puertas-delanteras-de-armarios","18":"product_cat-cerraduras-para-puertas-laterales","19":"product_cat-microcerraduras","20":"product_cat-sistemas-de-cierre-para-la-industria","22":"first","23":"instock","24":"shipping-taxable","25":"purchasable","26":"product-type-variable"},"acf":{"pdf1":"https:\/\/www.omrserrature.it\/wp-content\/uploads\/2017\/10\/Scheda-165640.pdf"},"yoast_head":"<!-- This site is optimized with the Yoast SEO plugin v27.2 - https:\/\/yoast.com\/product\/yoast-seo-wordpress\/ -->\n<title>Micro tirador con Cerradura - OMR Serrature<\/title>\n<meta name=\"robots\" content=\"index, follow, max-snippet:-1, max-image-preview:large, max-video-preview:-1\" \/>\n<link rel=\"canonical\" href=\"https:\/\/www.omrserrature.it\/es\/producto\/micro-tirador-con-cerradura\/\" \/>\n<meta property=\"og:locale\" content=\"es_ES\" \/>\n<meta property=\"og:type\" content=\"article\" \/>\n<meta property=\"og:title\" content=\"Micro tirador con Cerradura - OMR Serrature\" \/>\n<meta property=\"og:description\" content=\"El micro tirador con cerradura es un producto fabricado con especial atenci\u00f3n al detalle y materiales de alta calidad. Dise\u00f1ada y fabricada en Italia, esta cerradura est\u00e1 pensada para unaamplia gama de aplicaciones, desde industrias electromec\u00e1nicas hasta armarios rack.\" \/>\n<meta property=\"og:url\" content=\"https:\/\/www.omrserrature.it\/es\/producto\/micro-tirador-con-cerradura\/\" \/>\n<meta property=\"og:site_name\" content=\"OMR Serrature | Produzione sistemi di chiusura\" \/>\n<meta property=\"article:publisher\" content=\"https:\/\/www.facebook.com\/OMRserrature\" \/>\n<meta property=\"article:modified_time\" content=\"2026-04-08T11:15:07+00:00\" \/>\n<meta property=\"og:image\" content=\"https:\/\/www.omrserrature.it\/wp-content\/uploads\/2017\/10\/micromaniglia-serratura-rack.jpg\" \/>\n\t<meta property=\"og:image:width\" content=\"560\" \/>\n\t<meta property=\"og:image:height\" content=\"371\" \/>\n\t<meta property=\"og:image:type\" content=\"image\/jpeg\" \/>\n<meta name=\"twitter:card\" content=\"summary_large_image\" \/>\n<meta name=\"twitter:label1\" content=\"Tiempo de lectura\" \/>\n\t<meta name=\"twitter:data1\" content=\"1 minuto\" \/>\n<script type=\"application\/ld+json\" class=\"yoast-schema-graph\">{\"@context\":\"https:\/\/schema.org\",\"@graph\":[{\"@type\":\"WebPage\",\"@id\":\"https:\/\/www.omrserrature.it\/es\/producto\/micro-tirador-con-cerradura\/\",\"url\":\"https:\/\/www.omrserrature.it\/es\/producto\/micro-tirador-con-cerradura\/\",\"name\":\"Micro tirador con Cerradura - OMR Serrature\",\"isPartOf\":{\"@id\":\"https:\/\/www.omrserrature.it\/es\/#website\"},\"primaryImageOfPage\":{\"@id\":\"https:\/\/www.omrserrature.it\/es\/producto\/micro-tirador-con-cerradura\/#primaryimage\"},\"image\":{\"@id\":\"https:\/\/www.omrserrature.it\/es\/producto\/micro-tirador-con-cerradura\/#primaryimage\"},\"thumbnailUrl\":\"https:\/\/www.omrserrature.it\/wp-content\/uploads\/2017\/10\/micromaniglia-serratura-rack.jpg\",\"datePublished\":\"2009-10-17T15:49:00+00:00\",\"dateModified\":\"2026-04-08T11:15:07+00:00\",\"breadcrumb\":{\"@id\":\"https:\/\/www.omrserrature.it\/es\/producto\/micro-tirador-con-cerradura\/#breadcrumb\"},\"inLanguage\":\"es\",\"potentialAction\":[{\"@type\":\"ReadAction\",\"target\":[\"https:\/\/www.omrserrature.it\/es\/producto\/micro-tirador-con-cerradura\/\"]}]},{\"@type\":\"ImageObject\",\"inLanguage\":\"es\",\"@id\":\"https:\/\/www.omrserrature.it\/es\/producto\/micro-tirador-con-cerradura\/#primaryimage\",\"url\":\"https:\/\/www.omrserrature.it\/wp-content\/uploads\/2017\/10\/micromaniglia-serratura-rack.jpg\",\"contentUrl\":\"https:\/\/www.omrserrature.it\/wp-content\/uploads\/2017\/10\/micromaniglia-serratura-rack.jpg\",\"width\":560,\"height\":371,\"caption\":\"Asa peque\u00f1a con cerradura para cajones y estanter\u00edas\"},{\"@type\":\"BreadcrumbList\",\"@id\":\"https:\/\/www.omrserrature.it\/es\/producto\/micro-tirador-con-cerradura\/#breadcrumb\",\"itemListElement\":[{\"@type\":\"ListItem\",\"position\":1,\"name\":\"Home\",\"item\":\"https:\/\/www.omrserrature.it\/es\/omr-cerradiras-y-sistemas-de-cierre\/\"},{\"@type\":\"ListItem\",\"position\":2,\"name\":\"Cat\u00e1logo\",\"item\":\"https:\/\/www.omrserrature.it\/catalogo\/?lang=es\"},{\"@type\":\"ListItem\",\"position\":3,\"name\":\"Productos\",\"item\":\"https:\/\/www.omrserrature.it\/es\/inventario\/productos\/\"},{\"@type\":\"ListItem\",\"position\":4,\"name\":\"Cerraduras\",\"item\":\"https:\/\/www.omrserrature.it\/es\/inventario\/productos\/cerraduras\/\"},{\"@type\":\"ListItem\",\"position\":5,\"name\":\"Asas y pomos\",\"item\":\"https:\/\/www.omrserrature.it\/es\/inventario\/productos\/cerraduras\/asas-y-pomos\/\"},{\"@type\":\"ListItem\",\"position\":6,\"name\":\"Micro tirador con Cerradura\"}]},{\"@type\":\"WebSite\",\"@id\":\"https:\/\/www.omrserrature.it\/es\/#website\",\"url\":\"https:\/\/www.omrserrature.it\/es\/\",\"name\":\"OMR Serrature | Produzione sistemi di chiusura\",\"description\":\"Produzione serrature di sicurezza e sistemi di chiusura\",\"publisher\":{\"@id\":\"https:\/\/www.omrserrature.it\/es\/#organization\"},\"potentialAction\":[{\"@type\":\"SearchAction\",\"target\":{\"@type\":\"EntryPoint\",\"urlTemplate\":\"https:\/\/www.omrserrature.it\/es\/?s={search_term_string}\"},\"query-input\":{\"@type\":\"PropertyValueSpecification\",\"valueRequired\":true,\"valueName\":\"search_term_string\"}}],\"inLanguage\":\"es\"},{\"@type\":\"Organization\",\"@id\":\"https:\/\/www.omrserrature.it\/es\/#organization\",\"name\":\"OMR Serrature | Produzione sistemi di chiusura\",\"url\":\"https:\/\/www.omrserrature.it\/es\/\",\"logo\":{\"@type\":\"ImageObject\",\"inLanguage\":\"es\",\"@id\":\"https:\/\/www.omrserrature.it\/es\/#\/schema\/logo\/image\/\",\"url\":\"https:\/\/www.omrserrature.it\/wp-content\/uploads\/2017\/09\/favicon-omr-114.png\",\"contentUrl\":\"https:\/\/www.omrserrature.it\/wp-content\/uploads\/2017\/09\/favicon-omr-114.png\",\"width\":114,\"height\":114,\"caption\":\"OMR Serrature | Produzione sistemi di chiusura\"},\"image\":{\"@id\":\"https:\/\/www.omrserrature.it\/es\/#\/schema\/logo\/image\/\"},\"sameAs\":[\"https:\/\/www.facebook.com\/OMRserrature\",\"https:\/\/www.linkedin.com\/company\/omrserrature\/\",\"https:\/\/www.youtube.com\/channel\/UCxmA85z2R0EpG_6IRokiAkg\"]}]}<\/script>\n<!-- \/ Yoast SEO plugin. -->","yoast_head_json":{"title":"Micro tirador con Cerradura - OMR Serrature","robots":{"index":"index","follow":"follow","max-snippet":"max-snippet:-1","max-image-preview":"max-image-preview:large","max-video-preview":"max-video-preview:-1"},"canonical":"https:\/\/www.omrserrature.it\/es\/producto\/micro-tirador-con-cerradura\/","og_locale":"es_ES","og_type":"article","og_title":"Micro tirador con Cerradura - OMR Serrature","og_description":"El micro tirador con cerradura es un producto fabricado con especial atenci\u00f3n al detalle y materiales de alta calidad. Dise\u00f1ada y fabricada en Italia, esta cerradura est\u00e1 pensada para unaamplia gama de aplicaciones, desde industrias electromec\u00e1nicas hasta armarios rack.","og_url":"https:\/\/www.omrserrature.it\/es\/producto\/micro-tirador-con-cerradura\/","og_site_name":"OMR Serrature | Produzione sistemi di chiusura","article_publisher":"https:\/\/www.facebook.com\/OMRserrature","article_modified_time":"2026-04-08T11:15:07+00:00","og_image":[{"width":560,"height":371,"url":"https:\/\/www.omrserrature.it\/wp-content\/uploads\/2017\/10\/micromaniglia-serratura-rack.jpg","type":"image\/jpeg"}],"twitter_card":"summary_large_image","twitter_misc":{"Tiempo de lectura":"1 minuto"},"schema":{"@context":"https:\/\/schema.org","@graph":[{"@type":"WebPage","@id":"https:\/\/www.omrserrature.it\/es\/producto\/micro-tirador-con-cerradura\/","url":"https:\/\/www.omrserrature.it\/es\/producto\/micro-tirador-con-cerradura\/","name":"Micro tirador con Cerradura - OMR Serrature","isPartOf":{"@id":"https:\/\/www.omrserrature.it\/es\/#website"},"primaryImageOfPage":{"@id":"https:\/\/www.omrserrature.it\/es\/producto\/micro-tirador-con-cerradura\/#primaryimage"},"image":{"@id":"https:\/\/www.omrserrature.it\/es\/producto\/micro-tirador-con-cerradura\/#primaryimage"},"thumbnailUrl":"https:\/\/www.omrserrature.it\/wp-content\/uploads\/2017\/10\/micromaniglia-serratura-rack.jpg","datePublished":"2009-10-17T15:49:00+00:00","dateModified":"2026-04-08T11:15:07+00:00","breadcrumb":{"@id":"https:\/\/www.omrserrature.it\/es\/producto\/micro-tirador-con-cerradura\/#breadcrumb"},"inLanguage":"es","potentialAction":[{"@type":"ReadAction","target":["https:\/\/www.omrserrature.it\/es\/producto\/micro-tirador-con-cerradura\/"]}]},{"@type":"ImageObject","inLanguage":"es","@id":"https:\/\/www.omrserrature.it\/es\/producto\/micro-tirador-con-cerradura\/#primaryimage","url":"https:\/\/www.omrserrature.it\/wp-content\/uploads\/2017\/10\/micromaniglia-serratura-rack.jpg","contentUrl":"https:\/\/www.omrserrature.it\/wp-content\/uploads\/2017\/10\/micromaniglia-serratura-rack.jpg","width":560,"height":371,"caption":"Asa peque\u00f1a con cerradura para cajones y estanter\u00edas"},{"@type":"BreadcrumbList","@id":"https:\/\/www.omrserrature.it\/es\/producto\/micro-tirador-con-cerradura\/#breadcrumb","itemListElement":[{"@type":"ListItem","position":1,"name":"Home","item":"https:\/\/www.omrserrature.it\/es\/omr-cerradiras-y-sistemas-de-cierre\/"},{"@type":"ListItem","position":2,"name":"Cat\u00e1logo","item":"https:\/\/www.omrserrature.it\/catalogo\/?lang=es"},{"@type":"ListItem","position":3,"name":"Productos","item":"https:\/\/www.omrserrature.it\/es\/inventario\/productos\/"},{"@type":"ListItem","position":4,"name":"Cerraduras","item":"https:\/\/www.omrserrature.it\/es\/inventario\/productos\/cerraduras\/"},{"@type":"ListItem","position":5,"name":"Asas y pomos","item":"https:\/\/www.omrserrature.it\/es\/inventario\/productos\/cerraduras\/asas-y-pomos\/"},{"@type":"ListItem","position":6,"name":"Micro tirador con Cerradura"}]},{"@type":"WebSite","@id":"https:\/\/www.omrserrature.it\/es\/#website","url":"https:\/\/www.omrserrature.it\/es\/","name":"OMR Serrature | Produzione sistemi di chiusura","description":"Produzione serrature di sicurezza e sistemi di chiusura","publisher":{"@id":"https:\/\/www.omrserrature.it\/es\/#organization"},"potentialAction":[{"@type":"SearchAction","target":{"@type":"EntryPoint","urlTemplate":"https:\/\/www.omrserrature.it\/es\/?s={search_term_string}"},"query-input":{"@type":"PropertyValueSpecification","valueRequired":true,"valueName":"search_term_string"}}],"inLanguage":"es"},{"@type":"Organization","@id":"https:\/\/www.omrserrature.it\/es\/#organization","name":"OMR Serrature | Produzione sistemi di chiusura","url":"https:\/\/www.omrserrature.it\/es\/","logo":{"@type":"ImageObject","inLanguage":"es","@id":"https:\/\/www.omrserrature.it\/es\/#\/schema\/logo\/image\/","url":"https:\/\/www.omrserrature.it\/wp-content\/uploads\/2017\/09\/favicon-omr-114.png","contentUrl":"https:\/\/www.omrserrature.it\/wp-content\/uploads\/2017\/09\/favicon-omr-114.png","width":114,"height":114,"caption":"OMR Serrature | Produzione sistemi di chiusura"},"image":{"@id":"https:\/\/www.omrserrature.it\/es\/#\/schema\/logo\/image\/"},"sameAs":["https:\/\/www.facebook.com\/OMRserrature","https:\/\/www.linkedin.com\/company\/omrserrature\/","https:\/\/www.youtube.com\/channel\/UCxmA85z2R0EpG_6IRokiAkg"]}]}},"_links":{"self":[{"href":"https:\/\/www.omrserrature.it\/es\/wp-json\/wp\/v2\/product\/241643","targetHints":{"allow":["GET"]}}],"collection":[{"href":"https:\/\/www.omrserrature.it\/es\/wp-json\/wp\/v2\/product"}],"about":[{"href":"https:\/\/www.omrserrature.it\/es\/wp-json\/wp\/v2\/types\/product"}],"replies":[{"embeddable":true,"href":"https:\/\/www.omrserrature.it\/es\/wp-json\/wp\/v2\/comments?post=241643"}],"wp:featuredmedia":[{"embeddable":true,"href":"https:\/\/www.omrserrature.it\/es\/wp-json\/wp\/v2\/media\/3213"}],"wp:attachment":[{"href":"https:\/\/www.omrserrature.it\/es\/wp-json\/wp\/v2\/media?parent=241643"}],"wp:term":[{"taxonomy":"product_brand","embeddable":true,"href":"https:\/\/www.omrserrature.it\/es\/wp-json\/wp\/v2\/product_brand?post=241643"},{"taxonomy":"product_cat","embeddable":true,"href":"https:\/\/www.omrserrature.it\/es\/wp-json\/wp\/v2\/product_cat?post=241643"},{"taxonomy":"product_tag","embeddable":true,"href":"https:\/\/www.omrserrature.it\/es\/wp-json\/wp\/v2\/product_tag?post=241643"}],"curies":[{"name":"wp","href":"https:\/\/api.w.org\/{rel}","templated":true}]}}