{"id":241636,"date":"2021-06-10T15:04:45","date_gmt":"2010-06-21T13:04:00","guid":{"rendered":"https:\/\/www.staging6.omrserrature.it\/prodotto\/semicilindro-de-perfil-europeo-condor\/"},"modified":"2026-04-08T11:13:04","modified_gmt":"2026-04-08T09:13:04","slug":"semicilindro-de-perfil-europeo-condor","status":"publish","type":"product","link":"https:\/\/www.omrserrature.it\/es\/producto\/semicilindro-de-perfil-europeo-condor\/","title":{"rendered":"Semicilindro de perfil europeo CONDOR"},"content":{"rendered":"<p>El <strong>cilindro de seguridad CONDOR<\/strong>, de <strong>perfil europeo<\/strong>, representa la excelencia en el campo de la seguridad para puertas de seguridad. Este producto, de perfil universal, est\u00e1 fabricado con un monobloque de lat\u00f3n niquelado. La leva de acero inoxidable conforme a la norma DIN se activa mediante un bombin de 17 pernos. Este dise\u00f1o permite generar m\u00e1s de 7,5 millones de combinaciones, garantizando una seguridad sin igual.   <\/p>\n<p><strong>Detalles t\u00e9cnicos avanzados:<\/strong><\/p>\n<ul>\n<li>Pasadores <strong>principales activos<\/strong>: 5 pasadores, incluidos los de acero endurecido para una mayor resistencia.<\/li>\n<li><strong>Contrapivotes moldeados anti<\/strong>picado: 5 pivotes para aumentar la protecci\u00f3n contra el picado.<\/li>\n<li><strong>Pasadores activos \u00abserpiente<\/strong>\u00ab: aperturas falsas anti-bumping y anti-picking.<\/li>\n<li>Pines <strong>pasivos<\/strong>: 2 pines con 5 posiciones diferentes.<\/li>\n<\/ul>\n<p>El juego incluye 5 llaves maestras (cabeza azul) y 2 llaves de obra (cabeza negra), con la posibilidad de desactivar las llaves de obra mediante una tecla de encendido\/apagado.<\/p>\n<p><strong>Funciones de seguridad adicionales:<\/strong><\/p>\n<ul>\n<li><strong>Refuerzo central y corte previo al desgarro<\/strong>: gran resistencia al desgarro.<\/li>\n<li><strong>Pasadores de acero endurecido<\/strong>: Delanteros y traseros para mayor resistencia a los pinchazos.<\/li>\n<li><strong>Pasadores de acero y muelles antioxidantes<\/strong>: gran durabilidad y resistencia a la corrosi\u00f3n.<\/li>\n<li><strong>Llave de ordenador reversible<\/strong>: tambi\u00e9n puede utilizarse con protectores de cilindro sobredimensionados.<\/li>\n<\/ul>\n<p>Para la instalaci\u00f3n, recomendamos utilizar protectores de cilindro con una almohadilla antitaladro de 4,5 mm. El cilindro CONDOR est\u00e1 fabricado por M&amp;C y distribuido en Italia por OMR Srl.<\/p>\n<p><strong>Puntos fuertes \u00fanicos:<\/strong><\/p>\n<ul>\n<li><strong>Llave<\/strong> patentada <strong>en Plata Nueva (Alpacca)<\/strong>: Patente v\u00e1lida hasta 2040.<\/li>\n<li><strong>Chapa antiextracci\u00f3n Puma Steel\u00ae<\/strong>: Acero al carbono de alta calidad que sigue el perfil de la llave.<\/li>\n<li><strong>Biela de doble acoplamiento<\/strong>: Con pasadores antitaladro.<\/li>\n<li><strong>Leva de acero inoxidable<\/strong>: Para una mayor durabilidad.<\/li>\n<\/ul>\n<p>El cilindro de perfil europeo para puertas de seguridad CONDOR es la soluci\u00f3n ideal para quienes buscan lo \u00faltimo en seguridad, combinando tecnolog\u00eda avanzada y materiales superiores.<\/p>\n","protected":false},"excerpt":{"rendered":"<p>El cilindro de seguridad CONDOR, de perfil europeo, representa la excelencia en el campo de la seguridad para puertas de seguridad. Este producto, de perfil universal, est\u00e1 fabricado con un monobloque de lat\u00f3n niquelado. La leva de acero inoxidable conforme a la norma DIN se activa mediante un bombin de 17 pernos. Este dise\u00f1o permite generar m\u00e1s de 7,5 millones de combinaciones, garantizando una seguridad sin igual.   <\/p>\n","protected":false},"featured_media":21321,"comment_status":"open","ping_status":"closed","template":"","meta":{"_acf_changed":false,"_et_pb_use_builder":"","_et_pb_old_content":"","_et_gb_content_width":""},"product_brand":[],"product_cat":[3953],"product_tag":[],"class_list":{"0":"post-241636","1":"product","2":"type-product","3":"status-publish","4":"has-post-thumbnail","6":"product_cat-cilindros-de-perfil-europeo","8":"first","9":"instock","10":"shipping-taxable","11":"product-type-simple"},"acf":{"pdf1":"https:\/\/www.omrserrature.it\/wp-content\/uploads\/2018\/05\/CONDOR.pdf"},"yoast_head":"<!-- This site is optimized with the Yoast SEO plugin v27.2 - https:\/\/yoast.com\/product\/yoast-seo-wordpress\/ -->\n<title>Semicilindro de perfil europeo CONDOR - OMR Serrature<\/title>\n<meta name=\"robots\" content=\"index, follow, max-snippet:-1, max-image-preview:large, max-video-preview:-1\" \/>\n<link rel=\"canonical\" href=\"https:\/\/www.omrserrature.it\/es\/producto\/semicilindro-de-perfil-europeo-condor\/\" \/>\n<meta property=\"og:locale\" content=\"es_ES\" \/>\n<meta property=\"og:type\" content=\"article\" \/>\n<meta property=\"og:title\" content=\"Semicilindro de perfil europeo CONDOR - OMR Serrature\" \/>\n<meta property=\"og:description\" content=\"El cilindro de seguridad CONDOR, de perfil europeo, representa la excelencia en el campo de la seguridad para puertas de seguridad. Este producto, de perfil universal, est\u00e1 fabricado con un monobloque de lat\u00f3n niquelado. La leva de acero inoxidable conforme a la norma DIN se activa mediante un bombin de 17 pernos. Este dise\u00f1o permite generar m\u00e1s de 7,5 millones de combinaciones, garantizando una seguridad sin igual.\" \/>\n<meta property=\"og:url\" content=\"https:\/\/www.omrserrature.it\/es\/producto\/semicilindro-de-perfil-europeo-condor\/\" \/>\n<meta property=\"og:site_name\" content=\"OMR Serrature | Produzione sistemi di chiusura\" \/>\n<meta property=\"article:publisher\" content=\"https:\/\/www.facebook.com\/OMRserrature\" \/>\n<meta property=\"article:modified_time\" content=\"2026-04-08T09:13:04+00:00\" \/>\n<meta property=\"og:image\" content=\"https:\/\/www.omrserrature.it\/wp-content\/uploads\/2021\/06\/mezzo-cilindro-profilo-europeo-condor.jpeg\" \/>\n\t<meta property=\"og:image:width\" content=\"1000\" \/>\n\t<meta property=\"og:image:height\" content=\"1000\" \/>\n\t<meta property=\"og:image:type\" content=\"image\/jpeg\" \/>\n<meta name=\"twitter:card\" content=\"summary_large_image\" \/>\n<meta name=\"twitter:label1\" content=\"Tiempo de lectura\" \/>\n\t<meta name=\"twitter:data1\" content=\"2 minutos\" \/>\n<script type=\"application\/ld+json\" class=\"yoast-schema-graph\">{\"@context\":\"https:\/\/schema.org\",\"@graph\":[{\"@type\":\"WebPage\",\"@id\":\"https:\/\/www.omrserrature.it\/es\/producto\/semicilindro-de-perfil-europeo-condor\/\",\"url\":\"https:\/\/www.omrserrature.it\/es\/producto\/semicilindro-de-perfil-europeo-condor\/\",\"name\":\"Semicilindro de perfil europeo CONDOR - OMR Serrature\",\"isPartOf\":{\"@id\":\"https:\/\/www.omrserrature.it\/es\/#website\"},\"primaryImageOfPage\":{\"@id\":\"https:\/\/www.omrserrature.it\/es\/producto\/semicilindro-de-perfil-europeo-condor\/#primaryimage\"},\"image\":{\"@id\":\"https:\/\/www.omrserrature.it\/es\/producto\/semicilindro-de-perfil-europeo-condor\/#primaryimage\"},\"thumbnailUrl\":\"https:\/\/www.omrserrature.it\/wp-content\/uploads\/2021\/06\/mezzo-cilindro-profilo-europeo-condor.jpeg\",\"datePublished\":\"2010-06-21T13:04:00+00:00\",\"dateModified\":\"2026-04-08T09:13:04+00:00\",\"breadcrumb\":{\"@id\":\"https:\/\/www.omrserrature.it\/es\/producto\/semicilindro-de-perfil-europeo-condor\/#breadcrumb\"},\"inLanguage\":\"es\",\"potentialAction\":[{\"@type\":\"ReadAction\",\"target\":[\"https:\/\/www.omrserrature.it\/es\/producto\/semicilindro-de-perfil-europeo-condor\/\"]}]},{\"@type\":\"ImageObject\",\"inLanguage\":\"es\",\"@id\":\"https:\/\/www.omrserrature.it\/es\/producto\/semicilindro-de-perfil-europeo-condor\/#primaryimage\",\"url\":\"https:\/\/www.omrserrature.it\/wp-content\/uploads\/2021\/06\/mezzo-cilindro-profilo-europeo-condor.jpeg\",\"contentUrl\":\"https:\/\/www.omrserrature.it\/wp-content\/uploads\/2021\/06\/mezzo-cilindro-profilo-europeo-condor.jpeg\",\"width\":1000,\"height\":1000,\"caption\":\"Medio cilindro europeo de alta seguridad Condor\"},{\"@type\":\"BreadcrumbList\",\"@id\":\"https:\/\/www.omrserrature.it\/es\/producto\/semicilindro-de-perfil-europeo-condor\/#breadcrumb\",\"itemListElement\":[{\"@type\":\"ListItem\",\"position\":1,\"name\":\"Home\",\"item\":\"https:\/\/www.omrserrature.it\/es\/omr-cerradiras-y-sistemas-de-cierre\/\"},{\"@type\":\"ListItem\",\"position\":2,\"name\":\"Cat\u00e1logo\",\"item\":\"https:\/\/www.omrserrature.it\/catalogo\/?lang=es\"},{\"@type\":\"ListItem\",\"position\":3,\"name\":\"Productos\",\"item\":\"https:\/\/www.omrserrature.it\/es\/inventario\/productos\/\"},{\"@type\":\"ListItem\",\"position\":4,\"name\":\"Cilindros de perfil europeo\",\"item\":\"https:\/\/www.omrserrature.it\/es\/inventario\/productos\/cilindros-de-perfil-europeo\/\"},{\"@type\":\"ListItem\",\"position\":5,\"name\":\"Semicilindro de perfil europeo CONDOR\"}]},{\"@type\":\"WebSite\",\"@id\":\"https:\/\/www.omrserrature.it\/es\/#website\",\"url\":\"https:\/\/www.omrserrature.it\/es\/\",\"name\":\"OMR Serrature | Produzione sistemi di chiusura\",\"description\":\"Produzione serrature di sicurezza e sistemi di chiusura\",\"publisher\":{\"@id\":\"https:\/\/www.omrserrature.it\/es\/#organization\"},\"potentialAction\":[{\"@type\":\"SearchAction\",\"target\":{\"@type\":\"EntryPoint\",\"urlTemplate\":\"https:\/\/www.omrserrature.it\/es\/?s={search_term_string}\"},\"query-input\":{\"@type\":\"PropertyValueSpecification\",\"valueRequired\":true,\"valueName\":\"search_term_string\"}}],\"inLanguage\":\"es\"},{\"@type\":\"Organization\",\"@id\":\"https:\/\/www.omrserrature.it\/es\/#organization\",\"name\":\"OMR Serrature | Produzione sistemi di chiusura\",\"url\":\"https:\/\/www.omrserrature.it\/es\/\",\"logo\":{\"@type\":\"ImageObject\",\"inLanguage\":\"es\",\"@id\":\"https:\/\/www.omrserrature.it\/es\/#\/schema\/logo\/image\/\",\"url\":\"https:\/\/www.omrserrature.it\/wp-content\/uploads\/2017\/09\/favicon-omr-114.png\",\"contentUrl\":\"https:\/\/www.omrserrature.it\/wp-content\/uploads\/2017\/09\/favicon-omr-114.png\",\"width\":114,\"height\":114,\"caption\":\"OMR Serrature | Produzione sistemi di chiusura\"},\"image\":{\"@id\":\"https:\/\/www.omrserrature.it\/es\/#\/schema\/logo\/image\/\"},\"sameAs\":[\"https:\/\/www.facebook.com\/OMRserrature\",\"https:\/\/www.linkedin.com\/company\/omrserrature\/\",\"https:\/\/www.youtube.com\/channel\/UCxmA85z2R0EpG_6IRokiAkg\"]}]}<\/script>\n<!-- \/ Yoast SEO plugin. -->","yoast_head_json":{"title":"Semicilindro de perfil europeo CONDOR - OMR Serrature","robots":{"index":"index","follow":"follow","max-snippet":"max-snippet:-1","max-image-preview":"max-image-preview:large","max-video-preview":"max-video-preview:-1"},"canonical":"https:\/\/www.omrserrature.it\/es\/producto\/semicilindro-de-perfil-europeo-condor\/","og_locale":"es_ES","og_type":"article","og_title":"Semicilindro de perfil europeo CONDOR - OMR Serrature","og_description":"El cilindro de seguridad CONDOR, de perfil europeo, representa la excelencia en el campo de la seguridad para puertas de seguridad. Este producto, de perfil universal, est\u00e1 fabricado con un monobloque de lat\u00f3n niquelado. La leva de acero inoxidable conforme a la norma DIN se activa mediante un bombin de 17 pernos. Este dise\u00f1o permite generar m\u00e1s de 7,5 millones de combinaciones, garantizando una seguridad sin igual.","og_url":"https:\/\/www.omrserrature.it\/es\/producto\/semicilindro-de-perfil-europeo-condor\/","og_site_name":"OMR Serrature | Produzione sistemi di chiusura","article_publisher":"https:\/\/www.facebook.com\/OMRserrature","article_modified_time":"2026-04-08T09:13:04+00:00","og_image":[{"width":1000,"height":1000,"url":"https:\/\/www.omrserrature.it\/wp-content\/uploads\/2021\/06\/mezzo-cilindro-profilo-europeo-condor.jpeg","type":"image\/jpeg"}],"twitter_card":"summary_large_image","twitter_misc":{"Tiempo de lectura":"2 minutos"},"schema":{"@context":"https:\/\/schema.org","@graph":[{"@type":"WebPage","@id":"https:\/\/www.omrserrature.it\/es\/producto\/semicilindro-de-perfil-europeo-condor\/","url":"https:\/\/www.omrserrature.it\/es\/producto\/semicilindro-de-perfil-europeo-condor\/","name":"Semicilindro de perfil europeo CONDOR - OMR Serrature","isPartOf":{"@id":"https:\/\/www.omrserrature.it\/es\/#website"},"primaryImageOfPage":{"@id":"https:\/\/www.omrserrature.it\/es\/producto\/semicilindro-de-perfil-europeo-condor\/#primaryimage"},"image":{"@id":"https:\/\/www.omrserrature.it\/es\/producto\/semicilindro-de-perfil-europeo-condor\/#primaryimage"},"thumbnailUrl":"https:\/\/www.omrserrature.it\/wp-content\/uploads\/2021\/06\/mezzo-cilindro-profilo-europeo-condor.jpeg","datePublished":"2010-06-21T13:04:00+00:00","dateModified":"2026-04-08T09:13:04+00:00","breadcrumb":{"@id":"https:\/\/www.omrserrature.it\/es\/producto\/semicilindro-de-perfil-europeo-condor\/#breadcrumb"},"inLanguage":"es","potentialAction":[{"@type":"ReadAction","target":["https:\/\/www.omrserrature.it\/es\/producto\/semicilindro-de-perfil-europeo-condor\/"]}]},{"@type":"ImageObject","inLanguage":"es","@id":"https:\/\/www.omrserrature.it\/es\/producto\/semicilindro-de-perfil-europeo-condor\/#primaryimage","url":"https:\/\/www.omrserrature.it\/wp-content\/uploads\/2021\/06\/mezzo-cilindro-profilo-europeo-condor.jpeg","contentUrl":"https:\/\/www.omrserrature.it\/wp-content\/uploads\/2021\/06\/mezzo-cilindro-profilo-europeo-condor.jpeg","width":1000,"height":1000,"caption":"Medio cilindro europeo de alta seguridad Condor"},{"@type":"BreadcrumbList","@id":"https:\/\/www.omrserrature.it\/es\/producto\/semicilindro-de-perfil-europeo-condor\/#breadcrumb","itemListElement":[{"@type":"ListItem","position":1,"name":"Home","item":"https:\/\/www.omrserrature.it\/es\/omr-cerradiras-y-sistemas-de-cierre\/"},{"@type":"ListItem","position":2,"name":"Cat\u00e1logo","item":"https:\/\/www.omrserrature.it\/catalogo\/?lang=es"},{"@type":"ListItem","position":3,"name":"Productos","item":"https:\/\/www.omrserrature.it\/es\/inventario\/productos\/"},{"@type":"ListItem","position":4,"name":"Cilindros de perfil europeo","item":"https:\/\/www.omrserrature.it\/es\/inventario\/productos\/cilindros-de-perfil-europeo\/"},{"@type":"ListItem","position":5,"name":"Semicilindro de perfil europeo CONDOR"}]},{"@type":"WebSite","@id":"https:\/\/www.omrserrature.it\/es\/#website","url":"https:\/\/www.omrserrature.it\/es\/","name":"OMR Serrature | Produzione sistemi di chiusura","description":"Produzione serrature di sicurezza e sistemi di chiusura","publisher":{"@id":"https:\/\/www.omrserrature.it\/es\/#organization"},"potentialAction":[{"@type":"SearchAction","target":{"@type":"EntryPoint","urlTemplate":"https:\/\/www.omrserrature.it\/es\/?s={search_term_string}"},"query-input":{"@type":"PropertyValueSpecification","valueRequired":true,"valueName":"search_term_string"}}],"inLanguage":"es"},{"@type":"Organization","@id":"https:\/\/www.omrserrature.it\/es\/#organization","name":"OMR Serrature | Produzione sistemi di chiusura","url":"https:\/\/www.omrserrature.it\/es\/","logo":{"@type":"ImageObject","inLanguage":"es","@id":"https:\/\/www.omrserrature.it\/es\/#\/schema\/logo\/image\/","url":"https:\/\/www.omrserrature.it\/wp-content\/uploads\/2017\/09\/favicon-omr-114.png","contentUrl":"https:\/\/www.omrserrature.it\/wp-content\/uploads\/2017\/09\/favicon-omr-114.png","width":114,"height":114,"caption":"OMR Serrature | Produzione sistemi di chiusura"},"image":{"@id":"https:\/\/www.omrserrature.it\/es\/#\/schema\/logo\/image\/"},"sameAs":["https:\/\/www.facebook.com\/OMRserrature","https:\/\/www.linkedin.com\/company\/omrserrature\/","https:\/\/www.youtube.com\/channel\/UCxmA85z2R0EpG_6IRokiAkg"]}]}},"_links":{"self":[{"href":"https:\/\/www.omrserrature.it\/es\/wp-json\/wp\/v2\/product\/241636","targetHints":{"allow":["GET"]}}],"collection":[{"href":"https:\/\/www.omrserrature.it\/es\/wp-json\/wp\/v2\/product"}],"about":[{"href":"https:\/\/www.omrserrature.it\/es\/wp-json\/wp\/v2\/types\/product"}],"replies":[{"embeddable":true,"href":"https:\/\/www.omrserrature.it\/es\/wp-json\/wp\/v2\/comments?post=241636"}],"wp:featuredmedia":[{"embeddable":true,"href":"https:\/\/www.omrserrature.it\/es\/wp-json\/wp\/v2\/media\/21321"}],"wp:attachment":[{"href":"https:\/\/www.omrserrature.it\/es\/wp-json\/wp\/v2\/media?parent=241636"}],"wp:term":[{"taxonomy":"product_brand","embeddable":true,"href":"https:\/\/www.omrserrature.it\/es\/wp-json\/wp\/v2\/product_brand?post=241636"},{"taxonomy":"product_cat","embeddable":true,"href":"https:\/\/www.omrserrature.it\/es\/wp-json\/wp\/v2\/product_cat?post=241636"},{"taxonomy":"product_tag","embeddable":true,"href":"https:\/\/www.omrserrature.it\/es\/wp-json\/wp\/v2\/product_tag?post=241636"}],"curies":[{"name":"wp","href":"https:\/\/api.w.org\/{rel}","templated":true}]}}