{"id":241606,"date":"2019-03-28T16:32:58","date_gmt":"2018-03-19T15:32:00","guid":{"rendered":"https:\/\/www.staging6.omrserrature.it\/prodotto\/cerradura-con-cantado-preparado-sello\/"},"modified":"2026-04-08T11:37:34","modified_gmt":"2026-04-08T09:37:34","slug":"cerradura-con-cantado-preparado-sello","status":"publish","type":"product","link":"https:\/\/www.omrserrature.it\/es\/producto\/cerradura-con-cantado-preparado-sello\/","title":{"rendered":"Cerradura con cantado y sello"},"content":{"rendered":"<p><strong>Candado de<\/strong> aleaci\u00f3n de zinc adecuado para insertar precintos y candados de seguridad de pl\u00e1stico, metal, reutilizables, enrasados, estranguladores, contables o electr\u00f3nicos.<br \/>\nGracias a las distintas longitudes del cuerpo roscado, es posible aplicarlo tanto en muebles de metal como de madera, o en materiales de hasta 25 mm de grosor. El Tirador, pr\u00e1ctico y <strong>personalizable<\/strong>, permite mover la leva; una vez introducido el precinto, el Tirador queda bloqueado en posici\u00f3n cerrada, impidiendo el giro. Como alternativa al precinto, se puede utilizar un candado de gancho com\u00fan de 30 y 40 mm (di\u00e1metro del arco del candado 5-7 mm). <\/p>\n<p>El cierre tambi\u00e9n puede fabricarse en <strong>tecnopol\u00edmero<\/strong>, un \u00abmetal pl\u00e1stico\u00bb especial que garantiza unas prestaciones mec\u00e1nicas equiparables a las de la aleaci\u00f3n de aluminio, resistencia a los agentes atmosf\u00e9ricos y a la corrosi\u00f3n, as\u00ed como una perfecta integraci\u00f3n est\u00e9tica con tu producto, gracias a la amplia gama de colores disponibles. El terminal cuadrado de 7 mm tambi\u00e9n te permite instalar una gran variedad de <strong>palancas rectas, dobladas o de gancho<\/strong>, sin olvidar la posibilidad de aplicar perchas para el movimiento de las varillas. <\/p>\n<p>Es adecuado, en particular, para todas aquellas aplicaciones que requieran un cierre de gran resistencia mec\u00e1nica que pueda abrirse en una situaci\u00f3n de emergencia, como bastidores de desfibriladores DEA, cajas de bomberos, carros de emergencia, armarios que contengan equipos m\u00e9dicos o, m\u00e1s en general, para evitar <strong>que<\/strong> el material contenido <strong>pueda ser manipulado, falsificado o robado.<\/strong><\/p>\n<p>Perfecto para todo tipo de taquillas en oficinas, gimnasios, centros deportivos, balnearios y museos.<\/p>\n","protected":false},"excerpt":{"rendered":"<p>Cerradura con precinto de aleaci\u00f3n de zinc adecuada para insertar precintos de seguridad o candados de pl\u00e1stico, met\u00e1licos, reutilizables, de alambre, numerables o electr\u00f3nicos. El Tirador, pr\u00e1ctico y <strong>personalizable<\/strong>, permite mover la palanca trasera; una vez introducido el precinto, el Tirador queda bloqueado en posici\u00f3n cerrada, impidiendo el giro. <\/p>\n<p>Este producto es una soluci\u00f3n de cierre r\u00e1pida y perfecta para taquillas de oficinas, gimnasios y museos.<\/p>\n","protected":false},"featured_media":11090,"comment_status":"open","ping_status":"closed","template":"","meta":{"_acf_changed":false,"_et_pb_use_builder":"","_et_pb_old_content":"","_et_gb_content_width":""},"product_brand":[],"product_cat":[3986,3933,3935,3890,3952,3882,3980,3912,3900,3904,3905,3994],"product_tag":[],"class_list":{"0":"post-241606","1":"product","2":"type-product","3":"status-publish","4":"has-post-thumbnail","6":"product_cat-agua-aire-gas-para-empresas","7":"product_cat-asas-y-pomos","8":"product_cat-cerradura","9":"product_cat-cerradura-de-armario-conforme-a-gdpr","10":"product_cat-cerraduras-con-manilla-giratoria","11":"product_cat-cerraduras-de-armarios","12":"product_cat-cerraduras-de-palanca","13":"product_cat-cerraduras-de-puertas","14":"product_cat-cerraduras-para-armarios-de-sustancias-peligrosas","15":"product_cat-cerraduras-para-armarios-fitosanitarios","16":"product_cat-cerraduras-para-armarios-industriales","17":"product_cat-hospital-y-sanidad","19":"first","20":"instock","21":"shipping-taxable","22":"purchasable","23":"product-type-variable","24":"has-default-attributes"},"acf":{"pdf1":"https:\/\/www.omrserrature.it\/wp-content\/uploads\/schede\/Scheda_163380.pdf"},"yoast_head":"<!-- This site is optimized with the Yoast SEO plugin v27.2 - https:\/\/yoast.com\/product\/yoast-seo-wordpress\/ -->\n<title>Cerradura con cantado y sello - OMR Serrature<\/title>\n<meta name=\"robots\" content=\"index, follow, max-snippet:-1, max-image-preview:large, max-video-preview:-1\" \/>\n<link rel=\"canonical\" href=\"https:\/\/www.omrserrature.it\/es\/producto\/cerradura-con-cantado-preparado-sello\/\" \/>\n<meta property=\"og:locale\" content=\"es_ES\" \/>\n<meta property=\"og:type\" content=\"article\" \/>\n<meta property=\"og:title\" content=\"Cerradura con cantado y sello - OMR Serrature\" \/>\n<meta property=\"og:description\" content=\"Cerradura con precinto de aleaci\u00f3n de zinc adecuada para insertar precintos de seguridad o candados de pl\u00e1stico, met\u00e1licos, reutilizables, de alambre, numerables o electr\u00f3nicos. El Tirador, pr\u00e1ctico y personalizable, permite mover la palanca trasera; una vez introducido el precinto, el Tirador queda bloqueado en posici\u00f3n cerrada, impidiendo el giro.  Este producto es una soluci\u00f3n de cierre r\u00e1pida y perfecta para taquillas de oficinas, gimnasios y museos.\" \/>\n<meta property=\"og:url\" content=\"https:\/\/www.omrserrature.it\/es\/producto\/cerradura-con-cantado-preparado-sello\/\" \/>\n<meta property=\"og:site_name\" content=\"OMR Serrature | Produzione sistemi di chiusura\" \/>\n<meta property=\"article:publisher\" content=\"https:\/\/www.facebook.com\/OMRserrature\" \/>\n<meta property=\"article:modified_time\" content=\"2026-04-08T09:37:34+00:00\" \/>\n<meta property=\"og:image\" content=\"https:\/\/www.omrserrature.it\/wp-content\/uploads\/2019\/03\/maniglietta-predisposta-sigillo.jpg\" \/>\n\t<meta property=\"og:image:width\" content=\"1189\" \/>\n\t<meta property=\"og:image:height\" content=\"757\" \/>\n\t<meta property=\"og:image:type\" content=\"image\/jpeg\" \/>\n<meta name=\"twitter:card\" content=\"summary_large_image\" \/>\n<meta name=\"twitter:label1\" content=\"Tiempo de lectura\" \/>\n\t<meta name=\"twitter:data1\" content=\"1 minuto\" \/>\n<script type=\"application\/ld+json\" class=\"yoast-schema-graph\">{\"@context\":\"https:\/\/schema.org\",\"@graph\":[{\"@type\":\"WebPage\",\"@id\":\"https:\/\/www.omrserrature.it\/es\/producto\/cerradura-con-cantado-preparado-sello\/\",\"url\":\"https:\/\/www.omrserrature.it\/es\/producto\/cerradura-con-cantado-preparado-sello\/\",\"name\":\"Cerradura con cantado y sello - OMR Serrature\",\"isPartOf\":{\"@id\":\"https:\/\/www.omrserrature.it\/es\/#website\"},\"primaryImageOfPage\":{\"@id\":\"https:\/\/www.omrserrature.it\/es\/producto\/cerradura-con-cantado-preparado-sello\/#primaryimage\"},\"image\":{\"@id\":\"https:\/\/www.omrserrature.it\/es\/producto\/cerradura-con-cantado-preparado-sello\/#primaryimage\"},\"thumbnailUrl\":\"https:\/\/www.omrserrature.it\/wp-content\/uploads\/2019\/03\/maniglietta-predisposta-sigillo.jpg\",\"datePublished\":\"2018-03-19T15:32:00+00:00\",\"dateModified\":\"2026-04-08T09:37:34+00:00\",\"breadcrumb\":{\"@id\":\"https:\/\/www.omrserrature.it\/es\/producto\/cerradura-con-cantado-preparado-sello\/#breadcrumb\"},\"inLanguage\":\"es\",\"potentialAction\":[{\"@type\":\"ReadAction\",\"target\":[\"https:\/\/www.omrserrature.it\/es\/producto\/cerradura-con-cantado-preparado-sello\/\"]}]},{\"@type\":\"ImageObject\",\"inLanguage\":\"es\",\"@id\":\"https:\/\/www.omrserrature.it\/es\/producto\/cerradura-con-cantado-preparado-sello\/#primaryimage\",\"url\":\"https:\/\/www.omrserrature.it\/wp-content\/uploads\/2019\/03\/maniglietta-predisposta-sigillo.jpg\",\"contentUrl\":\"https:\/\/www.omrserrature.it\/wp-content\/uploads\/2019\/03\/maniglietta-predisposta-sigillo.jpg\",\"width\":1189,\"height\":757,\"caption\":\"Asa\/cierre preparado para candado o precinto\"},{\"@type\":\"BreadcrumbList\",\"@id\":\"https:\/\/www.omrserrature.it\/es\/producto\/cerradura-con-cantado-preparado-sello\/#breadcrumb\",\"itemListElement\":[{\"@type\":\"ListItem\",\"position\":1,\"name\":\"Home\",\"item\":\"https:\/\/www.omrserrature.it\/es\/omr-cerradiras-y-sistemas-de-cierre\/\"},{\"@type\":\"ListItem\",\"position\":2,\"name\":\"Cat\u00e1logo\",\"item\":\"https:\/\/www.omrserrature.it\/catalogo\/?lang=es\"},{\"@type\":\"ListItem\",\"position\":3,\"name\":\"Aplicaciones\",\"item\":\"https:\/\/www.omrserrature.it\/es\/inventario\/aplicaciones\/\"},{\"@type\":\"ListItem\",\"position\":4,\"name\":\"Cerraduras de armarios\",\"item\":\"https:\/\/www.omrserrature.it\/es\/inventario\/aplicaciones\/cerraduras-de-armarios\/\"},{\"@type\":\"ListItem\",\"position\":5,\"name\":\"Cerradura con cantado y sello\"}]},{\"@type\":\"WebSite\",\"@id\":\"https:\/\/www.omrserrature.it\/es\/#website\",\"url\":\"https:\/\/www.omrserrature.it\/es\/\",\"name\":\"OMR Serrature | Produzione sistemi di chiusura\",\"description\":\"Produzione serrature di sicurezza e sistemi di chiusura\",\"publisher\":{\"@id\":\"https:\/\/www.omrserrature.it\/es\/#organization\"},\"potentialAction\":[{\"@type\":\"SearchAction\",\"target\":{\"@type\":\"EntryPoint\",\"urlTemplate\":\"https:\/\/www.omrserrature.it\/es\/?s={search_term_string}\"},\"query-input\":{\"@type\":\"PropertyValueSpecification\",\"valueRequired\":true,\"valueName\":\"search_term_string\"}}],\"inLanguage\":\"es\"},{\"@type\":\"Organization\",\"@id\":\"https:\/\/www.omrserrature.it\/es\/#organization\",\"name\":\"OMR Serrature | Produzione sistemi di chiusura\",\"url\":\"https:\/\/www.omrserrature.it\/es\/\",\"logo\":{\"@type\":\"ImageObject\",\"inLanguage\":\"es\",\"@id\":\"https:\/\/www.omrserrature.it\/es\/#\/schema\/logo\/image\/\",\"url\":\"https:\/\/www.omrserrature.it\/wp-content\/uploads\/2017\/09\/favicon-omr-114.png\",\"contentUrl\":\"https:\/\/www.omrserrature.it\/wp-content\/uploads\/2017\/09\/favicon-omr-114.png\",\"width\":114,\"height\":114,\"caption\":\"OMR Serrature | Produzione sistemi di chiusura\"},\"image\":{\"@id\":\"https:\/\/www.omrserrature.it\/es\/#\/schema\/logo\/image\/\"},\"sameAs\":[\"https:\/\/www.facebook.com\/OMRserrature\",\"https:\/\/www.linkedin.com\/company\/omrserrature\/\",\"https:\/\/www.youtube.com\/channel\/UCxmA85z2R0EpG_6IRokiAkg\"]}]}<\/script>\n<!-- \/ Yoast SEO plugin. -->","yoast_head_json":{"title":"Cerradura con cantado y sello - OMR Serrature","robots":{"index":"index","follow":"follow","max-snippet":"max-snippet:-1","max-image-preview":"max-image-preview:large","max-video-preview":"max-video-preview:-1"},"canonical":"https:\/\/www.omrserrature.it\/es\/producto\/cerradura-con-cantado-preparado-sello\/","og_locale":"es_ES","og_type":"article","og_title":"Cerradura con cantado y sello - OMR Serrature","og_description":"Cerradura con precinto de aleaci\u00f3n de zinc adecuada para insertar precintos de seguridad o candados de pl\u00e1stico, met\u00e1licos, reutilizables, de alambre, numerables o electr\u00f3nicos. El Tirador, pr\u00e1ctico y personalizable, permite mover la palanca trasera; una vez introducido el precinto, el Tirador queda bloqueado en posici\u00f3n cerrada, impidiendo el giro.  Este producto es una soluci\u00f3n de cierre r\u00e1pida y perfecta para taquillas de oficinas, gimnasios y museos.","og_url":"https:\/\/www.omrserrature.it\/es\/producto\/cerradura-con-cantado-preparado-sello\/","og_site_name":"OMR Serrature | Produzione sistemi di chiusura","article_publisher":"https:\/\/www.facebook.com\/OMRserrature","article_modified_time":"2026-04-08T09:37:34+00:00","og_image":[{"width":1189,"height":757,"url":"https:\/\/www.omrserrature.it\/wp-content\/uploads\/2019\/03\/maniglietta-predisposta-sigillo.jpg","type":"image\/jpeg"}],"twitter_card":"summary_large_image","twitter_misc":{"Tiempo de lectura":"1 minuto"},"schema":{"@context":"https:\/\/schema.org","@graph":[{"@type":"WebPage","@id":"https:\/\/www.omrserrature.it\/es\/producto\/cerradura-con-cantado-preparado-sello\/","url":"https:\/\/www.omrserrature.it\/es\/producto\/cerradura-con-cantado-preparado-sello\/","name":"Cerradura con cantado y sello - OMR Serrature","isPartOf":{"@id":"https:\/\/www.omrserrature.it\/es\/#website"},"primaryImageOfPage":{"@id":"https:\/\/www.omrserrature.it\/es\/producto\/cerradura-con-cantado-preparado-sello\/#primaryimage"},"image":{"@id":"https:\/\/www.omrserrature.it\/es\/producto\/cerradura-con-cantado-preparado-sello\/#primaryimage"},"thumbnailUrl":"https:\/\/www.omrserrature.it\/wp-content\/uploads\/2019\/03\/maniglietta-predisposta-sigillo.jpg","datePublished":"2018-03-19T15:32:00+00:00","dateModified":"2026-04-08T09:37:34+00:00","breadcrumb":{"@id":"https:\/\/www.omrserrature.it\/es\/producto\/cerradura-con-cantado-preparado-sello\/#breadcrumb"},"inLanguage":"es","potentialAction":[{"@type":"ReadAction","target":["https:\/\/www.omrserrature.it\/es\/producto\/cerradura-con-cantado-preparado-sello\/"]}]},{"@type":"ImageObject","inLanguage":"es","@id":"https:\/\/www.omrserrature.it\/es\/producto\/cerradura-con-cantado-preparado-sello\/#primaryimage","url":"https:\/\/www.omrserrature.it\/wp-content\/uploads\/2019\/03\/maniglietta-predisposta-sigillo.jpg","contentUrl":"https:\/\/www.omrserrature.it\/wp-content\/uploads\/2019\/03\/maniglietta-predisposta-sigillo.jpg","width":1189,"height":757,"caption":"Asa\/cierre preparado para candado o precinto"},{"@type":"BreadcrumbList","@id":"https:\/\/www.omrserrature.it\/es\/producto\/cerradura-con-cantado-preparado-sello\/#breadcrumb","itemListElement":[{"@type":"ListItem","position":1,"name":"Home","item":"https:\/\/www.omrserrature.it\/es\/omr-cerradiras-y-sistemas-de-cierre\/"},{"@type":"ListItem","position":2,"name":"Cat\u00e1logo","item":"https:\/\/www.omrserrature.it\/catalogo\/?lang=es"},{"@type":"ListItem","position":3,"name":"Aplicaciones","item":"https:\/\/www.omrserrature.it\/es\/inventario\/aplicaciones\/"},{"@type":"ListItem","position":4,"name":"Cerraduras de armarios","item":"https:\/\/www.omrserrature.it\/es\/inventario\/aplicaciones\/cerraduras-de-armarios\/"},{"@type":"ListItem","position":5,"name":"Cerradura con cantado y sello"}]},{"@type":"WebSite","@id":"https:\/\/www.omrserrature.it\/es\/#website","url":"https:\/\/www.omrserrature.it\/es\/","name":"OMR Serrature | Produzione sistemi di chiusura","description":"Produzione serrature di sicurezza e sistemi di chiusura","publisher":{"@id":"https:\/\/www.omrserrature.it\/es\/#organization"},"potentialAction":[{"@type":"SearchAction","target":{"@type":"EntryPoint","urlTemplate":"https:\/\/www.omrserrature.it\/es\/?s={search_term_string}"},"query-input":{"@type":"PropertyValueSpecification","valueRequired":true,"valueName":"search_term_string"}}],"inLanguage":"es"},{"@type":"Organization","@id":"https:\/\/www.omrserrature.it\/es\/#organization","name":"OMR Serrature | Produzione sistemi di chiusura","url":"https:\/\/www.omrserrature.it\/es\/","logo":{"@type":"ImageObject","inLanguage":"es","@id":"https:\/\/www.omrserrature.it\/es\/#\/schema\/logo\/image\/","url":"https:\/\/www.omrserrature.it\/wp-content\/uploads\/2017\/09\/favicon-omr-114.png","contentUrl":"https:\/\/www.omrserrature.it\/wp-content\/uploads\/2017\/09\/favicon-omr-114.png","width":114,"height":114,"caption":"OMR Serrature | Produzione sistemi di chiusura"},"image":{"@id":"https:\/\/www.omrserrature.it\/es\/#\/schema\/logo\/image\/"},"sameAs":["https:\/\/www.facebook.com\/OMRserrature","https:\/\/www.linkedin.com\/company\/omrserrature\/","https:\/\/www.youtube.com\/channel\/UCxmA85z2R0EpG_6IRokiAkg"]}]}},"_links":{"self":[{"href":"https:\/\/www.omrserrature.it\/es\/wp-json\/wp\/v2\/product\/241606","targetHints":{"allow":["GET"]}}],"collection":[{"href":"https:\/\/www.omrserrature.it\/es\/wp-json\/wp\/v2\/product"}],"about":[{"href":"https:\/\/www.omrserrature.it\/es\/wp-json\/wp\/v2\/types\/product"}],"replies":[{"embeddable":true,"href":"https:\/\/www.omrserrature.it\/es\/wp-json\/wp\/v2\/comments?post=241606"}],"wp:featuredmedia":[{"embeddable":true,"href":"https:\/\/www.omrserrature.it\/es\/wp-json\/wp\/v2\/media\/11090"}],"wp:attachment":[{"href":"https:\/\/www.omrserrature.it\/es\/wp-json\/wp\/v2\/media?parent=241606"}],"wp:term":[{"taxonomy":"product_brand","embeddable":true,"href":"https:\/\/www.omrserrature.it\/es\/wp-json\/wp\/v2\/product_brand?post=241606"},{"taxonomy":"product_cat","embeddable":true,"href":"https:\/\/www.omrserrature.it\/es\/wp-json\/wp\/v2\/product_cat?post=241606"},{"taxonomy":"product_tag","embeddable":true,"href":"https:\/\/www.omrserrature.it\/es\/wp-json\/wp\/v2\/product_tag?post=241606"}],"curies":[{"name":"wp","href":"https:\/\/api.w.org\/{rel}","templated":true}]}}