{"id":241592,"date":"2017-10-11T14:39:17","date_gmt":"2011-10-17T12:39:00","guid":{"rendered":"https:\/\/www.staging6.omrserrature.it\/prodotto\/tirador-con-candado\/"},"modified":"2026-04-08T12:47:44","modified_gmt":"2026-04-08T10:47:44","slug":"tirador-con-candado","status":"publish","type":"product","link":"https:\/\/www.omrserrature.it\/es\/producto\/tirador-con-candado\/","title":{"rendered":"Cerradura con candado"},"content":{"rendered":"<p><strong>Tirador de<\/strong> candado de aleaci\u00f3n de zinc adecuado para<strong>candados con ganchos de<\/strong> 30 y 40 mm (di\u00e1metro de arco de 5-7 mm). Gracias a las distintas longitudes del cilindro de cierre, es posible su aplicaci\u00f3n tanto en muebles de metal como de madera. El Tirador, pr\u00e1ctico y <strong>personalizable<\/strong>, permite mover la leva o las varillas traseras; una vez introducido el candado, el Tirador queda bloqueado en posici\u00f3n cerrada, impidiendo el giro.<\/p>\n<p>El cierre <strong>con candado<\/strong> tambi\u00e9n puede ser de <strong>tecnopol\u00edmero<\/strong>, un \u00abmetal pl\u00e1stico\u00bb especial que garantiza unas prestaciones mec\u00e1nicas equiparables a las de la aleaci\u00f3n de aluminio, resistencia a los agentes atmosf\u00e9ricos y a la corrosi\u00f3n, as\u00ed como una perfecta integraci\u00f3n con tu producto acabado, gracias a la<strong>amplia gama de colores disponibles.<\/strong> El terminal cuadrado de 7 mm tambi\u00e9n te permite instalar una gran variedad de <strong>palancas rectas, dobladas o en forma de gancho<\/strong>. <\/p>\n<p>Su aplicaci\u00f3n es especialmente adecuada para <strong>taquillas de vestuarios, mobiliario de colectividades, mobiliario de hospitales, mobiliario de balnearios\/gimnasios\/piscinas, mobiliario de albergues, objetos de carpinter\u00eda, por ejemplo, en el interior de salas t\u00e9cnicas.<\/strong><\/p>\n","protected":false},"excerpt":{"rendered":"<p><strong>Tirador de<\/strong> candado de aleaci\u00f3n de zinc adecuado para<strong>candados con ganchos de<\/strong> 30 y 40 mm (di\u00e1metro de arco de 5-7 mm). Gracias a las distintas longitudes del cilindro de cierre, es posible su aplicaci\u00f3n tanto en muebles de metal como de madera.<\/p>\n<p>Perfecto, por ejemplo, para <strong>taquillas<\/strong>.<\/p>\n","protected":false},"featured_media":3183,"comment_status":"open","ping_status":"closed","template":"","meta":{"_acf_changed":false,"_et_pb_use_builder":"","_et_pb_old_content":"","_et_gb_content_width":""},"product_brand":[],"product_cat":[3986,3933,3935,3952,3882,3980,3912,3957,3900,3904,3905,3895,3999,3915,3992,3987],"product_tag":[],"class_list":{"0":"post-241592","1":"product","2":"type-product","3":"status-publish","4":"has-post-thumbnail","6":"product_cat-agua-aire-gas-para-empresas","7":"product_cat-asas-y-pomos","8":"product_cat-cerradura","9":"product_cat-cerraduras-con-manilla-giratoria","10":"product_cat-cerraduras-de-armarios","11":"product_cat-cerraduras-de-palanca","12":"product_cat-cerraduras-de-puertas","13":"product_cat-cerraduras-impermeables-inoxidables","14":"product_cat-cerraduras-para-armarios-de-sustancias-peligrosas","15":"product_cat-cerraduras-para-armarios-fitosanitarios","16":"product_cat-cerraduras-para-armarios-industriales","17":"product_cat-cerraduras-para-la-industria-electromecanica","18":"product_cat-cerraduras-para-taquillas-2","19":"product_cat-cerraduras-para-taquillas","20":"product_cat-educativos-y-culturales","21":"product_cat-sistemas-de-cierre-para-la-industria","23":"first","24":"instock","25":"shipping-taxable","26":"purchasable","27":"product-type-variable","28":"has-default-attributes"},"acf":{"pdf1":"https:\/\/www.omrserrature.it\/wp-content\/uploads\/schede\/Scheda_163380.pdf"},"yoast_head":"<!-- This site is optimized with the Yoast SEO plugin v27.2 - https:\/\/yoast.com\/product\/yoast-seo-wordpress\/ -->\n<title>Cerradura con candado - OMR Serrature<\/title>\n<meta name=\"robots\" content=\"index, follow, max-snippet:-1, max-image-preview:large, max-video-preview:-1\" \/>\n<link rel=\"canonical\" href=\"https:\/\/www.omrserrature.it\/es\/producto\/tirador-con-candado\/\" \/>\n<meta property=\"og:locale\" content=\"es_ES\" \/>\n<meta property=\"og:type\" content=\"article\" \/>\n<meta property=\"og:title\" content=\"Cerradura con candado - OMR Serrature\" \/>\n<meta property=\"og:description\" content=\"Tirador de candado de aleaci\u00f3n de zinc adecuado paracandados con ganchos de 30 y 40 mm (di\u00e1metro de arco de 5-7 mm). Gracias a las distintas longitudes del cilindro de cierre, es posible su aplicaci\u00f3n tanto en muebles de metal como de madera. Perfecto, por ejemplo, para taquillas.\" \/>\n<meta property=\"og:url\" content=\"https:\/\/www.omrserrature.it\/es\/producto\/tirador-con-candado\/\" \/>\n<meta property=\"og:site_name\" content=\"OMR Serrature | Produzione sistemi di chiusura\" \/>\n<meta property=\"article:publisher\" content=\"https:\/\/www.facebook.com\/OMRserrature\" \/>\n<meta property=\"article:modified_time\" content=\"2026-04-08T10:47:44+00:00\" \/>\n<meta property=\"og:image\" content=\"https:\/\/www.omrserrature.it\/wp-content\/uploads\/2017\/10\/maniglietta-lucchettabile.jpg\" \/>\n\t<meta property=\"og:image:width\" content=\"560\" \/>\n\t<meta property=\"og:image:height\" content=\"385\" \/>\n\t<meta property=\"og:image:type\" content=\"image\/jpeg\" \/>\n<meta name=\"twitter:card\" content=\"summary_large_image\" \/>\n<meta name=\"twitter:label1\" content=\"Tiempo de lectura\" \/>\n\t<meta name=\"twitter:data1\" content=\"1 minuto\" \/>\n<script type=\"application\/ld+json\" class=\"yoast-schema-graph\">{\"@context\":\"https:\/\/schema.org\",\"@graph\":[{\"@type\":\"WebPage\",\"@id\":\"https:\/\/www.omrserrature.it\/es\/producto\/tirador-con-candado\/\",\"url\":\"https:\/\/www.omrserrature.it\/es\/producto\/tirador-con-candado\/\",\"name\":\"Cerradura con candado - OMR Serrature\",\"isPartOf\":{\"@id\":\"https:\/\/www.omrserrature.it\/es\/#website\"},\"primaryImageOfPage\":{\"@id\":\"https:\/\/www.omrserrature.it\/es\/producto\/tirador-con-candado\/#primaryimage\"},\"image\":{\"@id\":\"https:\/\/www.omrserrature.it\/es\/producto\/tirador-con-candado\/#primaryimage\"},\"thumbnailUrl\":\"https:\/\/www.omrserrature.it\/wp-content\/uploads\/2017\/10\/maniglietta-lucchettabile.jpg\",\"datePublished\":\"2011-10-17T12:39:00+00:00\",\"dateModified\":\"2026-04-08T10:47:44+00:00\",\"breadcrumb\":{\"@id\":\"https:\/\/www.omrserrature.it\/es\/producto\/tirador-con-candado\/#breadcrumb\"},\"inLanguage\":\"es\",\"potentialAction\":[{\"@type\":\"ReadAction\",\"target\":[\"https:\/\/www.omrserrature.it\/es\/producto\/tirador-con-candado\/\"]}]},{\"@type\":\"ImageObject\",\"inLanguage\":\"es\",\"@id\":\"https:\/\/www.omrserrature.it\/es\/producto\/tirador-con-candado\/#primaryimage\",\"url\":\"https:\/\/www.omrserrature.it\/wp-content\/uploads\/2017\/10\/maniglietta-lucchettabile.jpg\",\"contentUrl\":\"https:\/\/www.omrserrature.it\/wp-content\/uploads\/2017\/10\/maniglietta-lucchettabile.jpg\",\"width\":560,\"height\":385,\"caption\":\"Tirador de aleaci\u00f3n de zinc apto para candados de gancho de 30 y 40 mm\"},{\"@type\":\"BreadcrumbList\",\"@id\":\"https:\/\/www.omrserrature.it\/es\/producto\/tirador-con-candado\/#breadcrumb\",\"itemListElement\":[{\"@type\":\"ListItem\",\"position\":1,\"name\":\"Home\",\"item\":\"https:\/\/www.omrserrature.it\/es\/omr-cerradiras-y-sistemas-de-cierre\/\"},{\"@type\":\"ListItem\",\"position\":2,\"name\":\"Cat\u00e1logo\",\"item\":\"https:\/\/www.omrserrature.it\/catalogo\/?lang=es\"},{\"@type\":\"ListItem\",\"position\":3,\"name\":\"Aplicaciones\",\"item\":\"https:\/\/www.omrserrature.it\/es\/inventario\/aplicaciones\/\"},{\"@type\":\"ListItem\",\"position\":4,\"name\":\"Cerraduras de armarios\",\"item\":\"https:\/\/www.omrserrature.it\/es\/inventario\/aplicaciones\/cerraduras-de-armarios\/\"},{\"@type\":\"ListItem\",\"position\":5,\"name\":\"Cerradura con candado\"}]},{\"@type\":\"WebSite\",\"@id\":\"https:\/\/www.omrserrature.it\/es\/#website\",\"url\":\"https:\/\/www.omrserrature.it\/es\/\",\"name\":\"OMR Serrature | Produzione sistemi di chiusura\",\"description\":\"Produzione serrature di sicurezza e sistemi di chiusura\",\"publisher\":{\"@id\":\"https:\/\/www.omrserrature.it\/es\/#organization\"},\"potentialAction\":[{\"@type\":\"SearchAction\",\"target\":{\"@type\":\"EntryPoint\",\"urlTemplate\":\"https:\/\/www.omrserrature.it\/es\/?s={search_term_string}\"},\"query-input\":{\"@type\":\"PropertyValueSpecification\",\"valueRequired\":true,\"valueName\":\"search_term_string\"}}],\"inLanguage\":\"es\"},{\"@type\":\"Organization\",\"@id\":\"https:\/\/www.omrserrature.it\/es\/#organization\",\"name\":\"OMR Serrature | Produzione sistemi di chiusura\",\"url\":\"https:\/\/www.omrserrature.it\/es\/\",\"logo\":{\"@type\":\"ImageObject\",\"inLanguage\":\"es\",\"@id\":\"https:\/\/www.omrserrature.it\/es\/#\/schema\/logo\/image\/\",\"url\":\"https:\/\/www.omrserrature.it\/wp-content\/uploads\/2017\/09\/favicon-omr-114.png\",\"contentUrl\":\"https:\/\/www.omrserrature.it\/wp-content\/uploads\/2017\/09\/favicon-omr-114.png\",\"width\":114,\"height\":114,\"caption\":\"OMR Serrature | Produzione sistemi di chiusura\"},\"image\":{\"@id\":\"https:\/\/www.omrserrature.it\/es\/#\/schema\/logo\/image\/\"},\"sameAs\":[\"https:\/\/www.facebook.com\/OMRserrature\",\"https:\/\/www.linkedin.com\/company\/omrserrature\/\",\"https:\/\/www.youtube.com\/channel\/UCxmA85z2R0EpG_6IRokiAkg\"]}]}<\/script>\n<!-- \/ Yoast SEO plugin. -->","yoast_head_json":{"title":"Cerradura con candado - OMR Serrature","robots":{"index":"index","follow":"follow","max-snippet":"max-snippet:-1","max-image-preview":"max-image-preview:large","max-video-preview":"max-video-preview:-1"},"canonical":"https:\/\/www.omrserrature.it\/es\/producto\/tirador-con-candado\/","og_locale":"es_ES","og_type":"article","og_title":"Cerradura con candado - OMR Serrature","og_description":"Tirador de candado de aleaci\u00f3n de zinc adecuado paracandados con ganchos de 30 y 40 mm (di\u00e1metro de arco de 5-7 mm). Gracias a las distintas longitudes del cilindro de cierre, es posible su aplicaci\u00f3n tanto en muebles de metal como de madera. Perfecto, por ejemplo, para taquillas.","og_url":"https:\/\/www.omrserrature.it\/es\/producto\/tirador-con-candado\/","og_site_name":"OMR Serrature | Produzione sistemi di chiusura","article_publisher":"https:\/\/www.facebook.com\/OMRserrature","article_modified_time":"2026-04-08T10:47:44+00:00","og_image":[{"width":560,"height":385,"url":"https:\/\/www.omrserrature.it\/wp-content\/uploads\/2017\/10\/maniglietta-lucchettabile.jpg","type":"image\/jpeg"}],"twitter_card":"summary_large_image","twitter_misc":{"Tiempo de lectura":"1 minuto"},"schema":{"@context":"https:\/\/schema.org","@graph":[{"@type":"WebPage","@id":"https:\/\/www.omrserrature.it\/es\/producto\/tirador-con-candado\/","url":"https:\/\/www.omrserrature.it\/es\/producto\/tirador-con-candado\/","name":"Cerradura con candado - OMR Serrature","isPartOf":{"@id":"https:\/\/www.omrserrature.it\/es\/#website"},"primaryImageOfPage":{"@id":"https:\/\/www.omrserrature.it\/es\/producto\/tirador-con-candado\/#primaryimage"},"image":{"@id":"https:\/\/www.omrserrature.it\/es\/producto\/tirador-con-candado\/#primaryimage"},"thumbnailUrl":"https:\/\/www.omrserrature.it\/wp-content\/uploads\/2017\/10\/maniglietta-lucchettabile.jpg","datePublished":"2011-10-17T12:39:00+00:00","dateModified":"2026-04-08T10:47:44+00:00","breadcrumb":{"@id":"https:\/\/www.omrserrature.it\/es\/producto\/tirador-con-candado\/#breadcrumb"},"inLanguage":"es","potentialAction":[{"@type":"ReadAction","target":["https:\/\/www.omrserrature.it\/es\/producto\/tirador-con-candado\/"]}]},{"@type":"ImageObject","inLanguage":"es","@id":"https:\/\/www.omrserrature.it\/es\/producto\/tirador-con-candado\/#primaryimage","url":"https:\/\/www.omrserrature.it\/wp-content\/uploads\/2017\/10\/maniglietta-lucchettabile.jpg","contentUrl":"https:\/\/www.omrserrature.it\/wp-content\/uploads\/2017\/10\/maniglietta-lucchettabile.jpg","width":560,"height":385,"caption":"Tirador de aleaci\u00f3n de zinc apto para candados de gancho de 30 y 40 mm"},{"@type":"BreadcrumbList","@id":"https:\/\/www.omrserrature.it\/es\/producto\/tirador-con-candado\/#breadcrumb","itemListElement":[{"@type":"ListItem","position":1,"name":"Home","item":"https:\/\/www.omrserrature.it\/es\/omr-cerradiras-y-sistemas-de-cierre\/"},{"@type":"ListItem","position":2,"name":"Cat\u00e1logo","item":"https:\/\/www.omrserrature.it\/catalogo\/?lang=es"},{"@type":"ListItem","position":3,"name":"Aplicaciones","item":"https:\/\/www.omrserrature.it\/es\/inventario\/aplicaciones\/"},{"@type":"ListItem","position":4,"name":"Cerraduras de armarios","item":"https:\/\/www.omrserrature.it\/es\/inventario\/aplicaciones\/cerraduras-de-armarios\/"},{"@type":"ListItem","position":5,"name":"Cerradura con candado"}]},{"@type":"WebSite","@id":"https:\/\/www.omrserrature.it\/es\/#website","url":"https:\/\/www.omrserrature.it\/es\/","name":"OMR Serrature | Produzione sistemi di chiusura","description":"Produzione serrature di sicurezza e sistemi di chiusura","publisher":{"@id":"https:\/\/www.omrserrature.it\/es\/#organization"},"potentialAction":[{"@type":"SearchAction","target":{"@type":"EntryPoint","urlTemplate":"https:\/\/www.omrserrature.it\/es\/?s={search_term_string}"},"query-input":{"@type":"PropertyValueSpecification","valueRequired":true,"valueName":"search_term_string"}}],"inLanguage":"es"},{"@type":"Organization","@id":"https:\/\/www.omrserrature.it\/es\/#organization","name":"OMR Serrature | Produzione sistemi di chiusura","url":"https:\/\/www.omrserrature.it\/es\/","logo":{"@type":"ImageObject","inLanguage":"es","@id":"https:\/\/www.omrserrature.it\/es\/#\/schema\/logo\/image\/","url":"https:\/\/www.omrserrature.it\/wp-content\/uploads\/2017\/09\/favicon-omr-114.png","contentUrl":"https:\/\/www.omrserrature.it\/wp-content\/uploads\/2017\/09\/favicon-omr-114.png","width":114,"height":114,"caption":"OMR Serrature | Produzione sistemi di chiusura"},"image":{"@id":"https:\/\/www.omrserrature.it\/es\/#\/schema\/logo\/image\/"},"sameAs":["https:\/\/www.facebook.com\/OMRserrature","https:\/\/www.linkedin.com\/company\/omrserrature\/","https:\/\/www.youtube.com\/channel\/UCxmA85z2R0EpG_6IRokiAkg"]}]}},"_links":{"self":[{"href":"https:\/\/www.omrserrature.it\/es\/wp-json\/wp\/v2\/product\/241592","targetHints":{"allow":["GET"]}}],"collection":[{"href":"https:\/\/www.omrserrature.it\/es\/wp-json\/wp\/v2\/product"}],"about":[{"href":"https:\/\/www.omrserrature.it\/es\/wp-json\/wp\/v2\/types\/product"}],"replies":[{"embeddable":true,"href":"https:\/\/www.omrserrature.it\/es\/wp-json\/wp\/v2\/comments?post=241592"}],"wp:featuredmedia":[{"embeddable":true,"href":"https:\/\/www.omrserrature.it\/es\/wp-json\/wp\/v2\/media\/3183"}],"wp:attachment":[{"href":"https:\/\/www.omrserrature.it\/es\/wp-json\/wp\/v2\/media?parent=241592"}],"wp:term":[{"taxonomy":"product_brand","embeddable":true,"href":"https:\/\/www.omrserrature.it\/es\/wp-json\/wp\/v2\/product_brand?post=241592"},{"taxonomy":"product_cat","embeddable":true,"href":"https:\/\/www.omrserrature.it\/es\/wp-json\/wp\/v2\/product_cat?post=241592"},{"taxonomy":"product_tag","embeddable":true,"href":"https:\/\/www.omrserrature.it\/es\/wp-json\/wp\/v2\/product_tag?post=241592"}],"curies":[{"name":"wp","href":"https:\/\/api.w.org\/{rel}","templated":true}]}}