{"id":241578,"date":"2017-10-11T14:27:55","date_gmt":"2011-10-17T12:27:00","guid":{"rendered":"https:\/\/www.staging6.omrserrature.it\/prodotto\/tirador-con-pulsador\/"},"modified":"2026-04-08T13:16:01","modified_gmt":"2026-04-08T11:16:01","slug":"tirador-con-pulsador","status":"publish","type":"product","link":"https:\/\/www.omrserrature.it\/es\/producto\/tirador-con-pulsador\/","title":{"rendered":"Tirador con pulsador"},"content":{"rendered":"<p><strong>El Tirador de 1\/4 de vuelta<\/strong> consta de un estator y un pomo de aleaci\u00f3n de zinc. Para abrir y cerrar la cerradura, hay que<strong> agarrar la empu\u00f1adura, presionar el pomo y girarlo.<\/strong> El bombin con muelle <strong>impide la apertura accidental o por vibraciones<\/strong>.  <\/p>\n<p>El extremo cuadrado de 7 mm permite instalar diversas <strong>palancas rectas, dobladas o de gancho<\/strong>, as\u00ed como palancas multipunto para el movimiento de las varillas. El pomo del pulsador tambi\u00e9n puede fabricarse en <strong>tecnopol\u00edmero<\/strong>, un<strong>\u00abmetal pl\u00e1stico<\/strong>\u00bb especial que garantiza unas prestaciones mec\u00e1nicas equiparables a las de la aleaci\u00f3n de aluminio, <strong>resistencia a los agentes atmosf\u00e9ricos y a la corrosi\u00f3n<\/strong>, as\u00ed como una perfecta integraci\u00f3n con el producto acabado, gracias a la amplia gama de colores disponibles. El pr\u00e1ctico adaptador <a href=\"https:\/\/www.omrserrature.it\/es\/producto\/adaptador\/\">SVAR03715<\/a> permite la instalaci\u00f3n de este sistema de cierre, incluso en un agujero de instalaci\u00f3n cuadrado.  <\/p>\n<p>Con el pr\u00e1ctico <strong>mango de tuerca de mariposa<\/strong>, las aplicaciones son m\u00faltiples: revisteros, cajas de gas, muebles de balc\u00f3n, armarios met\u00e1licos, maquinaria, maquinaria agr\u00edcola o botiquines de primeros auxilios.<\/p>\n","protected":false},"excerpt":{"rendered":"<p><strong>El Tirador de 1\/4 de vuelta<\/strong> consta de un estator y un pomo de aleaci\u00f3n de zinc. Para abrir y cerrar la cerradura, hay que <strong>agarrar la empu\u00f1adura, presionar a fondo el pomo y luego girarlo.<\/strong> <\/p>\n<p>El bombin con muelle impide la apertura accidental o inducida por las varillas.<\/p>\n","protected":false},"featured_media":241579,"comment_status":"open","ping_status":"closed","template":"","meta":{"_acf_changed":false,"_et_pb_use_builder":"","_et_pb_old_content":"","_et_gb_content_width":""},"product_brand":[],"product_cat":[3986,3995,3990,3934,3925,3980,3957,3896,3901,3880,3905,3898,3922,3895,3889,3892,3893,3881,3991,3987],"product_tag":[],"class_list":{"0":"post-241578","1":"product","2":"type-product","3":"status-publish","4":"has-post-thumbnail","6":"product_cat-agua-aire-gas-para-empresas","7":"product_cat-arquitectura-urbanismo-y-diseno","8":"product_cat-automatizacion-y-domotica","9":"product_cat-cerraduras-de-1-4-de-vuelta","10":"product_cat-cerraduras-de-barcos","11":"product_cat-cerraduras-de-palanca","12":"product_cat-cerraduras-impermeables-inoxidables","13":"product_cat-cerraduras-para-almacenes-automaticos","14":"product_cat-cerraduras-para-armarios-de-epi","15":"product_cat-cerraduras-para-armarios-electricos","16":"product_cat-cerraduras-para-armarios-industriales","17":"product_cat-cerraduras-para-dispensadores","18":"product_cat-cerraduras-para-furgonetas","19":"product_cat-cerraduras-para-la-industria-electromecanica","20":"product_cat-cerraduras-para-medios-de-transporte","21":"product_cat-cerraduras-para-puertas-delanteras-de-armarios","22":"product_cat-cerraduras-para-puertas-laterales","23":"product_cat-cerraduras-profesionales-para-muebles","24":"product_cat-reciclaje-ecologico-de-residuos","25":"product_cat-sistemas-de-cierre-para-la-industria","27":"first","28":"instock","29":"shipping-taxable","30":"purchasable","31":"product-type-variable","32":"has-default-attributes"},"acf":{"pdf1":"https:\/\/www.omrserrature.it\/wp-content\/uploads\/schede\/Scheda_163476.pdf"},"yoast_head":"<!-- This site is optimized with the Yoast SEO plugin v27.2 - https:\/\/yoast.com\/product\/yoast-seo-wordpress\/ -->\n<title>Tirador con pulsador - OMR Serrature<\/title>\n<meta name=\"robots\" content=\"index, follow, max-snippet:-1, max-image-preview:large, max-video-preview:-1\" \/>\n<link rel=\"canonical\" href=\"https:\/\/www.omrserrature.it\/es\/producto\/tirador-con-pulsador\/\" \/>\n<meta property=\"og:locale\" content=\"es_ES\" \/>\n<meta property=\"og:type\" content=\"article\" \/>\n<meta property=\"og:title\" content=\"Tirador con pulsador - OMR Serrature\" \/>\n<meta property=\"og:description\" content=\"El Tirador de 1\/4 de vuelta consta de un estator y un pomo de aleaci\u00f3n de zinc. Para abrir y cerrar la cerradura, hay que agarrar la empu\u00f1adura, presionar a fondo el pomo y luego girarlo.  El bombin con muelle impide la apertura accidental o inducida por las varillas.\" \/>\n<meta property=\"og:url\" content=\"https:\/\/www.omrserrature.it\/es\/producto\/tirador-con-pulsador\/\" \/>\n<meta property=\"og:site_name\" content=\"OMR Serrature | Produzione sistemi di chiusura\" \/>\n<meta property=\"article:publisher\" content=\"https:\/\/www.facebook.com\/OMRserrature\" \/>\n<meta property=\"article:modified_time\" content=\"2026-04-08T11:16:01+00:00\" \/>\n<meta property=\"og:image\" content=\"https:\/\/www.omrserrature.it\/wp-content\/uploads\/2017\/10\/Maniglietta-a-pulsante.jpg\" \/>\n\t<meta property=\"og:image:width\" content=\"600\" \/>\n\t<meta property=\"og:image:height\" content=\"600\" \/>\n\t<meta property=\"og:image:type\" content=\"image\/jpeg\" \/>\n<meta name=\"twitter:card\" content=\"summary_large_image\" \/>\n<meta name=\"twitter:label1\" content=\"Tiempo de lectura\" \/>\n\t<meta name=\"twitter:data1\" content=\"1 minuto\" \/>\n<script type=\"application\/ld+json\" class=\"yoast-schema-graph\">{\"@context\":\"https:\/\/schema.org\",\"@graph\":[{\"@type\":\"WebPage\",\"@id\":\"https:\/\/www.omrserrature.it\/es\/producto\/tirador-con-pulsador\/\",\"url\":\"https:\/\/www.omrserrature.it\/es\/producto\/tirador-con-pulsador\/\",\"name\":\"Tirador con pulsador - OMR Serrature\",\"isPartOf\":{\"@id\":\"https:\/\/www.omrserrature.it\/es\/#website\"},\"primaryImageOfPage\":{\"@id\":\"https:\/\/www.omrserrature.it\/es\/producto\/tirador-con-pulsador\/#primaryimage\"},\"image\":{\"@id\":\"https:\/\/www.omrserrature.it\/es\/producto\/tirador-con-pulsador\/#primaryimage\"},\"thumbnailUrl\":\"https:\/\/www.omrserrature.it\/wp-content\/uploads\/2017\/10\/Maniglietta-a-pulsante.jpg\",\"datePublished\":\"2011-10-17T12:27:00+00:00\",\"dateModified\":\"2026-04-08T11:16:01+00:00\",\"breadcrumb\":{\"@id\":\"https:\/\/www.omrserrature.it\/es\/producto\/tirador-con-pulsador\/#breadcrumb\"},\"inLanguage\":\"es\",\"potentialAction\":[{\"@type\":\"ReadAction\",\"target\":[\"https:\/\/www.omrserrature.it\/es\/producto\/tirador-con-pulsador\/\"]}]},{\"@type\":\"ImageObject\",\"inLanguage\":\"es\",\"@id\":\"https:\/\/www.omrserrature.it\/es\/producto\/tirador-con-pulsador\/#primaryimage\",\"url\":\"https:\/\/www.omrserrature.it\/wp-content\/uploads\/2017\/10\/Maniglietta-a-pulsante.jpg\",\"contentUrl\":\"https:\/\/www.omrserrature.it\/wp-content\/uploads\/2017\/10\/Maniglietta-a-pulsante.jpg\",\"width\":600,\"height\":600,\"caption\":\"Tirador con pulsador\"},{\"@type\":\"BreadcrumbList\",\"@id\":\"https:\/\/www.omrserrature.it\/es\/producto\/tirador-con-pulsador\/#breadcrumb\",\"itemListElement\":[{\"@type\":\"ListItem\",\"position\":1,\"name\":\"Home\",\"item\":\"https:\/\/www.omrserrature.it\/es\/omr-cerradiras-y-sistemas-de-cierre\/\"},{\"@type\":\"ListItem\",\"position\":2,\"name\":\"Cat\u00e1logo\",\"item\":\"https:\/\/www.omrserrature.it\/catalogo\/?lang=es\"},{\"@type\":\"ListItem\",\"position\":3,\"name\":\"Productos\",\"item\":\"https:\/\/www.omrserrature.it\/es\/inventario\/productos\/\"},{\"@type\":\"ListItem\",\"position\":4,\"name\":\"Cerraduras\",\"item\":\"https:\/\/www.omrserrature.it\/es\/inventario\/productos\/cerraduras\/\"},{\"@type\":\"ListItem\",\"position\":5,\"name\":\"cerraduras de 1\/4 de vuelta\",\"item\":\"https:\/\/www.omrserrature.it\/es\/inventario\/productos\/cerraduras\/cerraduras-de-1-4-de-vuelta\/\"},{\"@type\":\"ListItem\",\"position\":6,\"name\":\"Tirador con pulsador\"}]},{\"@type\":\"WebSite\",\"@id\":\"https:\/\/www.omrserrature.it\/es\/#website\",\"url\":\"https:\/\/www.omrserrature.it\/es\/\",\"name\":\"OMR Serrature | Produzione sistemi di chiusura\",\"description\":\"Produzione serrature di sicurezza e sistemi di chiusura\",\"publisher\":{\"@id\":\"https:\/\/www.omrserrature.it\/es\/#organization\"},\"potentialAction\":[{\"@type\":\"SearchAction\",\"target\":{\"@type\":\"EntryPoint\",\"urlTemplate\":\"https:\/\/www.omrserrature.it\/es\/?s={search_term_string}\"},\"query-input\":{\"@type\":\"PropertyValueSpecification\",\"valueRequired\":true,\"valueName\":\"search_term_string\"}}],\"inLanguage\":\"es\"},{\"@type\":\"Organization\",\"@id\":\"https:\/\/www.omrserrature.it\/es\/#organization\",\"name\":\"OMR Serrature | Produzione sistemi di chiusura\",\"url\":\"https:\/\/www.omrserrature.it\/es\/\",\"logo\":{\"@type\":\"ImageObject\",\"inLanguage\":\"es\",\"@id\":\"https:\/\/www.omrserrature.it\/es\/#\/schema\/logo\/image\/\",\"url\":\"https:\/\/www.omrserrature.it\/wp-content\/uploads\/2017\/09\/favicon-omr-114.png\",\"contentUrl\":\"https:\/\/www.omrserrature.it\/wp-content\/uploads\/2017\/09\/favicon-omr-114.png\",\"width\":114,\"height\":114,\"caption\":\"OMR Serrature | Produzione sistemi di chiusura\"},\"image\":{\"@id\":\"https:\/\/www.omrserrature.it\/es\/#\/schema\/logo\/image\/\"},\"sameAs\":[\"https:\/\/www.facebook.com\/OMRserrature\",\"https:\/\/www.linkedin.com\/company\/omrserrature\/\",\"https:\/\/www.youtube.com\/channel\/UCxmA85z2R0EpG_6IRokiAkg\"]}]}<\/script>\n<!-- \/ Yoast SEO plugin. -->","yoast_head_json":{"title":"Tirador con pulsador - OMR Serrature","robots":{"index":"index","follow":"follow","max-snippet":"max-snippet:-1","max-image-preview":"max-image-preview:large","max-video-preview":"max-video-preview:-1"},"canonical":"https:\/\/www.omrserrature.it\/es\/producto\/tirador-con-pulsador\/","og_locale":"es_ES","og_type":"article","og_title":"Tirador con pulsador - OMR Serrature","og_description":"El Tirador de 1\/4 de vuelta consta de un estator y un pomo de aleaci\u00f3n de zinc. Para abrir y cerrar la cerradura, hay que agarrar la empu\u00f1adura, presionar a fondo el pomo y luego girarlo.  El bombin con muelle impide la apertura accidental o inducida por las varillas.","og_url":"https:\/\/www.omrserrature.it\/es\/producto\/tirador-con-pulsador\/","og_site_name":"OMR Serrature | Produzione sistemi di chiusura","article_publisher":"https:\/\/www.facebook.com\/OMRserrature","article_modified_time":"2026-04-08T11:16:01+00:00","og_image":[{"width":600,"height":600,"url":"https:\/\/www.omrserrature.it\/wp-content\/uploads\/2017\/10\/Maniglietta-a-pulsante.jpg","type":"image\/jpeg"}],"twitter_card":"summary_large_image","twitter_misc":{"Tiempo de lectura":"1 minuto"},"schema":{"@context":"https:\/\/schema.org","@graph":[{"@type":"WebPage","@id":"https:\/\/www.omrserrature.it\/es\/producto\/tirador-con-pulsador\/","url":"https:\/\/www.omrserrature.it\/es\/producto\/tirador-con-pulsador\/","name":"Tirador con pulsador - OMR Serrature","isPartOf":{"@id":"https:\/\/www.omrserrature.it\/es\/#website"},"primaryImageOfPage":{"@id":"https:\/\/www.omrserrature.it\/es\/producto\/tirador-con-pulsador\/#primaryimage"},"image":{"@id":"https:\/\/www.omrserrature.it\/es\/producto\/tirador-con-pulsador\/#primaryimage"},"thumbnailUrl":"https:\/\/www.omrserrature.it\/wp-content\/uploads\/2017\/10\/Maniglietta-a-pulsante.jpg","datePublished":"2011-10-17T12:27:00+00:00","dateModified":"2026-04-08T11:16:01+00:00","breadcrumb":{"@id":"https:\/\/www.omrserrature.it\/es\/producto\/tirador-con-pulsador\/#breadcrumb"},"inLanguage":"es","potentialAction":[{"@type":"ReadAction","target":["https:\/\/www.omrserrature.it\/es\/producto\/tirador-con-pulsador\/"]}]},{"@type":"ImageObject","inLanguage":"es","@id":"https:\/\/www.omrserrature.it\/es\/producto\/tirador-con-pulsador\/#primaryimage","url":"https:\/\/www.omrserrature.it\/wp-content\/uploads\/2017\/10\/Maniglietta-a-pulsante.jpg","contentUrl":"https:\/\/www.omrserrature.it\/wp-content\/uploads\/2017\/10\/Maniglietta-a-pulsante.jpg","width":600,"height":600,"caption":"Tirador con pulsador"},{"@type":"BreadcrumbList","@id":"https:\/\/www.omrserrature.it\/es\/producto\/tirador-con-pulsador\/#breadcrumb","itemListElement":[{"@type":"ListItem","position":1,"name":"Home","item":"https:\/\/www.omrserrature.it\/es\/omr-cerradiras-y-sistemas-de-cierre\/"},{"@type":"ListItem","position":2,"name":"Cat\u00e1logo","item":"https:\/\/www.omrserrature.it\/catalogo\/?lang=es"},{"@type":"ListItem","position":3,"name":"Productos","item":"https:\/\/www.omrserrature.it\/es\/inventario\/productos\/"},{"@type":"ListItem","position":4,"name":"Cerraduras","item":"https:\/\/www.omrserrature.it\/es\/inventario\/productos\/cerraduras\/"},{"@type":"ListItem","position":5,"name":"cerraduras de 1\/4 de vuelta","item":"https:\/\/www.omrserrature.it\/es\/inventario\/productos\/cerraduras\/cerraduras-de-1-4-de-vuelta\/"},{"@type":"ListItem","position":6,"name":"Tirador con pulsador"}]},{"@type":"WebSite","@id":"https:\/\/www.omrserrature.it\/es\/#website","url":"https:\/\/www.omrserrature.it\/es\/","name":"OMR Serrature | Produzione sistemi di chiusura","description":"Produzione serrature di sicurezza e sistemi di chiusura","publisher":{"@id":"https:\/\/www.omrserrature.it\/es\/#organization"},"potentialAction":[{"@type":"SearchAction","target":{"@type":"EntryPoint","urlTemplate":"https:\/\/www.omrserrature.it\/es\/?s={search_term_string}"},"query-input":{"@type":"PropertyValueSpecification","valueRequired":true,"valueName":"search_term_string"}}],"inLanguage":"es"},{"@type":"Organization","@id":"https:\/\/www.omrserrature.it\/es\/#organization","name":"OMR Serrature | Produzione sistemi di chiusura","url":"https:\/\/www.omrserrature.it\/es\/","logo":{"@type":"ImageObject","inLanguage":"es","@id":"https:\/\/www.omrserrature.it\/es\/#\/schema\/logo\/image\/","url":"https:\/\/www.omrserrature.it\/wp-content\/uploads\/2017\/09\/favicon-omr-114.png","contentUrl":"https:\/\/www.omrserrature.it\/wp-content\/uploads\/2017\/09\/favicon-omr-114.png","width":114,"height":114,"caption":"OMR Serrature | Produzione sistemi di chiusura"},"image":{"@id":"https:\/\/www.omrserrature.it\/es\/#\/schema\/logo\/image\/"},"sameAs":["https:\/\/www.facebook.com\/OMRserrature","https:\/\/www.linkedin.com\/company\/omrserrature\/","https:\/\/www.youtube.com\/channel\/UCxmA85z2R0EpG_6IRokiAkg"]}]}},"_links":{"self":[{"href":"https:\/\/www.omrserrature.it\/es\/wp-json\/wp\/v2\/product\/241578","targetHints":{"allow":["GET"]}}],"collection":[{"href":"https:\/\/www.omrserrature.it\/es\/wp-json\/wp\/v2\/product"}],"about":[{"href":"https:\/\/www.omrserrature.it\/es\/wp-json\/wp\/v2\/types\/product"}],"replies":[{"embeddable":true,"href":"https:\/\/www.omrserrature.it\/es\/wp-json\/wp\/v2\/comments?post=241578"}],"wp:featuredmedia":[{"embeddable":true,"href":"https:\/\/www.omrserrature.it\/es\/wp-json\/wp\/v2\/media\/241579"}],"wp:attachment":[{"href":"https:\/\/www.omrserrature.it\/es\/wp-json\/wp\/v2\/media?parent=241578"}],"wp:term":[{"taxonomy":"product_brand","embeddable":true,"href":"https:\/\/www.omrserrature.it\/es\/wp-json\/wp\/v2\/product_brand?post=241578"},{"taxonomy":"product_cat","embeddable":true,"href":"https:\/\/www.omrserrature.it\/es\/wp-json\/wp\/v2\/product_cat?post=241578"},{"taxonomy":"product_tag","embeddable":true,"href":"https:\/\/www.omrserrature.it\/es\/wp-json\/wp\/v2\/product_tag?post=241578"}],"curies":[{"name":"wp","href":"https:\/\/api.w.org\/{rel}","templated":true}]}}