{"id":241569,"date":"2017-10-12T16:48:50","date_gmt":"2012-10-17T14:48:00","guid":{"rendered":"https:\/\/www.staging6.omrserrature.it\/prodotto\/asa-ajustable-con-cerradura\/"},"modified":"2026-04-08T12:48:43","modified_gmt":"2026-04-08T10:48:43","slug":"asa-ajustable-con-cerradura","status":"publish","type":"product","link":"https:\/\/www.omrserrature.it\/es\/producto\/asa-ajustable-con-cerradura\/","title":{"rendered":"Asa ajustable con cerradura"},"content":{"rendered":"<p>La <strong>empu\u00f1adura del Tirador<\/strong> (tambi\u00e9n llamada empu\u00f1adura en T) mueve la leva o las varillas verticales, lo que permite abrir o cerrar la puerta. La manilla, con su empu\u00f1adura ergon\u00f3mica, es de metal fundido a presi\u00f3n con acabado cromado y una <strong>tapa de acero inoxidable<\/strong> protege el bombin. <strong>El extremo roscado permite ajustar la longitud de la cerradura<\/strong> e instalar diversas <strong>palancas rectas, dobladas o de gancho <\/strong>, as\u00ed como <strong>varillas con escalas<\/strong>. <\/p>\n<p>El asa <strong>tambi\u00e9n puede ser de tecnopol\u00edmero<\/strong>, un \u00abpl\u00e1stico met\u00e1lico\u00bb especial que garantiza unas prestaciones mec\u00e1nicas equiparables a las de la aleaci\u00f3n de aluminio, resistencia a los agentes atmosf\u00e9ricos y a la corrosi\u00f3n, as\u00ed como una perfecta integraci\u00f3n con el producto acabado, gracias a la amplia gama de colores disponibles.<\/p>\n<p>Esta <strong>versi\u00f3n de extremo roscado <\/strong>est\u00e1 dise\u00f1ada para instalaciones en las que el asiento del bloque de palanca o de la percha no es est\u00e1ndar porque el poste es muy grueso o no es est\u00e1ndar.<\/p>\n<p>El <strong>asa en T <\/strong>puede aplicarse a armarios el\u00e9ctricos, armarios met\u00e1licos que contengan conjuntos de dep\u00f3sitos, trampillas todoterreno, maquinaria industrial, puertas abatibles o cajas de acero.<\/p>\n","protected":false},"excerpt":{"rendered":"<p>El mango, con su empu\u00f1adura ergon\u00f3mica, es de metal fundido a presi\u00f3n con acabado cromado, y un <strong>capuch\u00f3n de acero inoxidable<\/strong> protege el bombin. <strong>El extremo roscado tambi\u00e9n permite ajustar la longitud de la cerradura<\/strong>, as\u00ed como la instalaci\u00f3n de diversas <strong>palancas rectas, dobladas o de gancho <\/strong>, adem\u00e1s de <strong>empujadores de varillas <\/strong>(eslingas).<\/p>\n","protected":false},"featured_media":24306,"comment_status":"open","ping_status":"closed","template":"","meta":{"_acf_changed":false,"_et_pb_use_builder":"","_et_pb_old_content":"","_et_gb_content_width":""},"product_brand":[],"product_cat":[3933,3990,3985,3951,3952,3925,3980,3912,3880,3895,3892,3893,3987],"product_tag":[],"class_list":{"0":"post-241569","1":"product","2":"type-product","3":"status-publish","4":"has-post-thumbnail","6":"product_cat-asas-y-pomos","7":"product_cat-automatizacion-y-domotica","8":"product_cat-automocion-y-transporte","9":"product_cat-cerraduras-con-llave-maestra","10":"product_cat-cerraduras-con-manilla-giratoria","11":"product_cat-cerraduras-de-barcos","12":"product_cat-cerraduras-de-palanca","13":"product_cat-cerraduras-de-puertas","14":"product_cat-cerraduras-para-armarios-electricos","15":"product_cat-cerraduras-para-la-industria-electromecanica","16":"product_cat-cerraduras-para-puertas-delanteras-de-armarios","17":"product_cat-cerraduras-para-puertas-laterales","18":"product_cat-sistemas-de-cierre-para-la-industria","20":"first","21":"instock","22":"shipping-taxable","23":"purchasable","24":"product-type-variable","25":"has-default-attributes"},"acf":{"pdf1":"https:\/\/www.omrserrature.it\/wp-content\/uploads\/2017\/10\/Scheda-220100.pdf"},"yoast_head":"<!-- This site is optimized with the Yoast SEO plugin v27.2 - https:\/\/yoast.com\/product\/yoast-seo-wordpress\/ -->\n<title>Asa ajustable con cerradura - OMR Serrature<\/title>\n<meta name=\"robots\" content=\"index, follow, max-snippet:-1, max-image-preview:large, max-video-preview:-1\" \/>\n<link rel=\"canonical\" href=\"https:\/\/www.omrserrature.it\/es\/producto\/asa-ajustable-con-cerradura\/\" \/>\n<meta property=\"og:locale\" content=\"es_ES\" \/>\n<meta property=\"og:type\" content=\"article\" \/>\n<meta property=\"og:title\" content=\"Asa ajustable con cerradura - OMR Serrature\" \/>\n<meta property=\"og:description\" content=\"El mango, con su empu\u00f1adura ergon\u00f3mica, es de metal fundido a presi\u00f3n con acabado cromado, y un capuch\u00f3n de acero inoxidable protege el bombin. El extremo roscado tambi\u00e9n permite ajustar la longitud de la cerradura, as\u00ed como la instalaci\u00f3n de diversas palancas rectas, dobladas o de gancho , adem\u00e1s de empujadores de varillas (eslingas).\" \/>\n<meta property=\"og:url\" content=\"https:\/\/www.omrserrature.it\/es\/producto\/asa-ajustable-con-cerradura\/\" \/>\n<meta property=\"og:site_name\" content=\"OMR Serrature | Produzione sistemi di chiusura\" \/>\n<meta property=\"article:publisher\" content=\"https:\/\/www.facebook.com\/OMRserrature\" \/>\n<meta property=\"article:modified_time\" content=\"2026-04-08T10:48:43+00:00\" \/>\n<meta property=\"og:image\" content=\"https:\/\/www.omrserrature.it\/wp-content\/uploads\/2017\/10\/maniglia-regolabile-serratura1.jpg\" \/>\n\t<meta property=\"og:image:width\" content=\"650\" \/>\n\t<meta property=\"og:image:height\" content=\"650\" \/>\n\t<meta property=\"og:image:type\" content=\"image\/jpeg\" \/>\n<meta name=\"twitter:card\" content=\"summary_large_image\" \/>\n<meta name=\"twitter:label1\" content=\"Tiempo de lectura\" \/>\n\t<meta name=\"twitter:data1\" content=\"1 minuto\" \/>\n<script type=\"application\/ld+json\" class=\"yoast-schema-graph\">{\"@context\":\"https:\/\/schema.org\",\"@graph\":[{\"@type\":\"WebPage\",\"@id\":\"https:\/\/www.omrserrature.it\/es\/producto\/asa-ajustable-con-cerradura\/\",\"url\":\"https:\/\/www.omrserrature.it\/es\/producto\/asa-ajustable-con-cerradura\/\",\"name\":\"Asa ajustable con cerradura - OMR Serrature\",\"isPartOf\":{\"@id\":\"https:\/\/www.omrserrature.it\/es\/#website\"},\"primaryImageOfPage\":{\"@id\":\"https:\/\/www.omrserrature.it\/es\/producto\/asa-ajustable-con-cerradura\/#primaryimage\"},\"image\":{\"@id\":\"https:\/\/www.omrserrature.it\/es\/producto\/asa-ajustable-con-cerradura\/#primaryimage\"},\"thumbnailUrl\":\"https:\/\/www.omrserrature.it\/wp-content\/uploads\/2017\/10\/maniglia-regolabile-serratura1.jpg\",\"datePublished\":\"2012-10-17T14:48:00+00:00\",\"dateModified\":\"2026-04-08T10:48:43+00:00\",\"breadcrumb\":{\"@id\":\"https:\/\/www.omrserrature.it\/es\/producto\/asa-ajustable-con-cerradura\/#breadcrumb\"},\"inLanguage\":\"es\",\"potentialAction\":[{\"@type\":\"ReadAction\",\"target\":[\"https:\/\/www.omrserrature.it\/es\/producto\/asa-ajustable-con-cerradura\/\"]}]},{\"@type\":\"ImageObject\",\"inLanguage\":\"es\",\"@id\":\"https:\/\/www.omrserrature.it\/es\/producto\/asa-ajustable-con-cerradura\/#primaryimage\",\"url\":\"https:\/\/www.omrserrature.it\/wp-content\/uploads\/2017\/10\/maniglia-regolabile-serratura1.jpg\",\"contentUrl\":\"https:\/\/www.omrserrature.it\/wp-content\/uploads\/2017\/10\/maniglia-regolabile-serratura1.jpg\",\"width\":650,\"height\":650,\"caption\":\"Asa ajustable con cerradura\"},{\"@type\":\"BreadcrumbList\",\"@id\":\"https:\/\/www.omrserrature.it\/es\/producto\/asa-ajustable-con-cerradura\/#breadcrumb\",\"itemListElement\":[{\"@type\":\"ListItem\",\"position\":1,\"name\":\"Home\",\"item\":\"https:\/\/www.omrserrature.it\/es\/omr-cerradiras-y-sistemas-de-cierre\/\"},{\"@type\":\"ListItem\",\"position\":2,\"name\":\"Cat\u00e1logo\",\"item\":\"https:\/\/www.omrserrature.it\/catalogo\/?lang=es\"},{\"@type\":\"ListItem\",\"position\":3,\"name\":\"Productos\",\"item\":\"https:\/\/www.omrserrature.it\/es\/inventario\/productos\/\"},{\"@type\":\"ListItem\",\"position\":4,\"name\":\"Cerraduras\",\"item\":\"https:\/\/www.omrserrature.it\/es\/inventario\/productos\/cerraduras\/\"},{\"@type\":\"ListItem\",\"position\":5,\"name\":\"Asas y pomos\",\"item\":\"https:\/\/www.omrserrature.it\/es\/inventario\/productos\/cerraduras\/asas-y-pomos\/\"},{\"@type\":\"ListItem\",\"position\":6,\"name\":\"Asa ajustable con cerradura\"}]},{\"@type\":\"WebSite\",\"@id\":\"https:\/\/www.omrserrature.it\/es\/#website\",\"url\":\"https:\/\/www.omrserrature.it\/es\/\",\"name\":\"OMR Serrature | Produzione sistemi di chiusura\",\"description\":\"Produzione serrature di sicurezza e sistemi di chiusura\",\"publisher\":{\"@id\":\"https:\/\/www.omrserrature.it\/es\/#organization\"},\"potentialAction\":[{\"@type\":\"SearchAction\",\"target\":{\"@type\":\"EntryPoint\",\"urlTemplate\":\"https:\/\/www.omrserrature.it\/es\/?s={search_term_string}\"},\"query-input\":{\"@type\":\"PropertyValueSpecification\",\"valueRequired\":true,\"valueName\":\"search_term_string\"}}],\"inLanguage\":\"es\"},{\"@type\":\"Organization\",\"@id\":\"https:\/\/www.omrserrature.it\/es\/#organization\",\"name\":\"OMR Serrature | Produzione sistemi di chiusura\",\"url\":\"https:\/\/www.omrserrature.it\/es\/\",\"logo\":{\"@type\":\"ImageObject\",\"inLanguage\":\"es\",\"@id\":\"https:\/\/www.omrserrature.it\/es\/#\/schema\/logo\/image\/\",\"url\":\"https:\/\/www.omrserrature.it\/wp-content\/uploads\/2017\/09\/favicon-omr-114.png\",\"contentUrl\":\"https:\/\/www.omrserrature.it\/wp-content\/uploads\/2017\/09\/favicon-omr-114.png\",\"width\":114,\"height\":114,\"caption\":\"OMR Serrature | Produzione sistemi di chiusura\"},\"image\":{\"@id\":\"https:\/\/www.omrserrature.it\/es\/#\/schema\/logo\/image\/\"},\"sameAs\":[\"https:\/\/www.facebook.com\/OMRserrature\",\"https:\/\/www.linkedin.com\/company\/omrserrature\/\",\"https:\/\/www.youtube.com\/channel\/UCxmA85z2R0EpG_6IRokiAkg\"]}]}<\/script>\n<!-- \/ Yoast SEO plugin. -->","yoast_head_json":{"title":"Asa ajustable con cerradura - OMR Serrature","robots":{"index":"index","follow":"follow","max-snippet":"max-snippet:-1","max-image-preview":"max-image-preview:large","max-video-preview":"max-video-preview:-1"},"canonical":"https:\/\/www.omrserrature.it\/es\/producto\/asa-ajustable-con-cerradura\/","og_locale":"es_ES","og_type":"article","og_title":"Asa ajustable con cerradura - OMR Serrature","og_description":"El mango, con su empu\u00f1adura ergon\u00f3mica, es de metal fundido a presi\u00f3n con acabado cromado, y un capuch\u00f3n de acero inoxidable protege el bombin. El extremo roscado tambi\u00e9n permite ajustar la longitud de la cerradura, as\u00ed como la instalaci\u00f3n de diversas palancas rectas, dobladas o de gancho , adem\u00e1s de empujadores de varillas (eslingas).","og_url":"https:\/\/www.omrserrature.it\/es\/producto\/asa-ajustable-con-cerradura\/","og_site_name":"OMR Serrature | Produzione sistemi di chiusura","article_publisher":"https:\/\/www.facebook.com\/OMRserrature","article_modified_time":"2026-04-08T10:48:43+00:00","og_image":[{"width":650,"height":650,"url":"https:\/\/www.omrserrature.it\/wp-content\/uploads\/2017\/10\/maniglia-regolabile-serratura1.jpg","type":"image\/jpeg"}],"twitter_card":"summary_large_image","twitter_misc":{"Tiempo de lectura":"1 minuto"},"schema":{"@context":"https:\/\/schema.org","@graph":[{"@type":"WebPage","@id":"https:\/\/www.omrserrature.it\/es\/producto\/asa-ajustable-con-cerradura\/","url":"https:\/\/www.omrserrature.it\/es\/producto\/asa-ajustable-con-cerradura\/","name":"Asa ajustable con cerradura - OMR Serrature","isPartOf":{"@id":"https:\/\/www.omrserrature.it\/es\/#website"},"primaryImageOfPage":{"@id":"https:\/\/www.omrserrature.it\/es\/producto\/asa-ajustable-con-cerradura\/#primaryimage"},"image":{"@id":"https:\/\/www.omrserrature.it\/es\/producto\/asa-ajustable-con-cerradura\/#primaryimage"},"thumbnailUrl":"https:\/\/www.omrserrature.it\/wp-content\/uploads\/2017\/10\/maniglia-regolabile-serratura1.jpg","datePublished":"2012-10-17T14:48:00+00:00","dateModified":"2026-04-08T10:48:43+00:00","breadcrumb":{"@id":"https:\/\/www.omrserrature.it\/es\/producto\/asa-ajustable-con-cerradura\/#breadcrumb"},"inLanguage":"es","potentialAction":[{"@type":"ReadAction","target":["https:\/\/www.omrserrature.it\/es\/producto\/asa-ajustable-con-cerradura\/"]}]},{"@type":"ImageObject","inLanguage":"es","@id":"https:\/\/www.omrserrature.it\/es\/producto\/asa-ajustable-con-cerradura\/#primaryimage","url":"https:\/\/www.omrserrature.it\/wp-content\/uploads\/2017\/10\/maniglia-regolabile-serratura1.jpg","contentUrl":"https:\/\/www.omrserrature.it\/wp-content\/uploads\/2017\/10\/maniglia-regolabile-serratura1.jpg","width":650,"height":650,"caption":"Asa ajustable con cerradura"},{"@type":"BreadcrumbList","@id":"https:\/\/www.omrserrature.it\/es\/producto\/asa-ajustable-con-cerradura\/#breadcrumb","itemListElement":[{"@type":"ListItem","position":1,"name":"Home","item":"https:\/\/www.omrserrature.it\/es\/omr-cerradiras-y-sistemas-de-cierre\/"},{"@type":"ListItem","position":2,"name":"Cat\u00e1logo","item":"https:\/\/www.omrserrature.it\/catalogo\/?lang=es"},{"@type":"ListItem","position":3,"name":"Productos","item":"https:\/\/www.omrserrature.it\/es\/inventario\/productos\/"},{"@type":"ListItem","position":4,"name":"Cerraduras","item":"https:\/\/www.omrserrature.it\/es\/inventario\/productos\/cerraduras\/"},{"@type":"ListItem","position":5,"name":"Asas y pomos","item":"https:\/\/www.omrserrature.it\/es\/inventario\/productos\/cerraduras\/asas-y-pomos\/"},{"@type":"ListItem","position":6,"name":"Asa ajustable con cerradura"}]},{"@type":"WebSite","@id":"https:\/\/www.omrserrature.it\/es\/#website","url":"https:\/\/www.omrserrature.it\/es\/","name":"OMR Serrature | Produzione sistemi di chiusura","description":"Produzione serrature di sicurezza e sistemi di chiusura","publisher":{"@id":"https:\/\/www.omrserrature.it\/es\/#organization"},"potentialAction":[{"@type":"SearchAction","target":{"@type":"EntryPoint","urlTemplate":"https:\/\/www.omrserrature.it\/es\/?s={search_term_string}"},"query-input":{"@type":"PropertyValueSpecification","valueRequired":true,"valueName":"search_term_string"}}],"inLanguage":"es"},{"@type":"Organization","@id":"https:\/\/www.omrserrature.it\/es\/#organization","name":"OMR Serrature | Produzione sistemi di chiusura","url":"https:\/\/www.omrserrature.it\/es\/","logo":{"@type":"ImageObject","inLanguage":"es","@id":"https:\/\/www.omrserrature.it\/es\/#\/schema\/logo\/image\/","url":"https:\/\/www.omrserrature.it\/wp-content\/uploads\/2017\/09\/favicon-omr-114.png","contentUrl":"https:\/\/www.omrserrature.it\/wp-content\/uploads\/2017\/09\/favicon-omr-114.png","width":114,"height":114,"caption":"OMR Serrature | Produzione sistemi di chiusura"},"image":{"@id":"https:\/\/www.omrserrature.it\/es\/#\/schema\/logo\/image\/"},"sameAs":["https:\/\/www.facebook.com\/OMRserrature","https:\/\/www.linkedin.com\/company\/omrserrature\/","https:\/\/www.youtube.com\/channel\/UCxmA85z2R0EpG_6IRokiAkg"]}]}},"_links":{"self":[{"href":"https:\/\/www.omrserrature.it\/es\/wp-json\/wp\/v2\/product\/241569","targetHints":{"allow":["GET"]}}],"collection":[{"href":"https:\/\/www.omrserrature.it\/es\/wp-json\/wp\/v2\/product"}],"about":[{"href":"https:\/\/www.omrserrature.it\/es\/wp-json\/wp\/v2\/types\/product"}],"replies":[{"embeddable":true,"href":"https:\/\/www.omrserrature.it\/es\/wp-json\/wp\/v2\/comments?post=241569"}],"wp:featuredmedia":[{"embeddable":true,"href":"https:\/\/www.omrserrature.it\/es\/wp-json\/wp\/v2\/media\/24306"}],"wp:attachment":[{"href":"https:\/\/www.omrserrature.it\/es\/wp-json\/wp\/v2\/media?parent=241569"}],"wp:term":[{"taxonomy":"product_brand","embeddable":true,"href":"https:\/\/www.omrserrature.it\/es\/wp-json\/wp\/v2\/product_brand?post=241569"},{"taxonomy":"product_cat","embeddable":true,"href":"https:\/\/www.omrserrature.it\/es\/wp-json\/wp\/v2\/product_cat?post=241569"},{"taxonomy":"product_tag","embeddable":true,"href":"https:\/\/www.omrserrature.it\/es\/wp-json\/wp\/v2\/product_tag?post=241569"}],"curies":[{"name":"wp","href":"https:\/\/api.w.org\/{rel}","templated":true}]}}