{"id":241559,"date":"2017-10-12T16:16:03","date_gmt":"2012-10-17T14:16:00","guid":{"rendered":"https:\/\/www.staging6.omrserrature.it\/prodotto\/tirador-cromado-con-cerradura\/"},"modified":"2026-04-08T12:48:40","modified_gmt":"2026-04-08T10:48:40","slug":"tirador-cromado-con-cerradura","status":"publish","type":"product","link":"https:\/\/www.omrserrature.it\/es\/producto\/tirador-cromado-con-cerradura\/","title":{"rendered":"Tirador cromado con Cerradura"},"content":{"rendered":"<p>El mango del <strong>Tirador a T<\/strong> est\u00e1 equipado con una cerradura de l\u00e1minas que permite girar el propio mango y, en consecuencia, la palanca o las varillas verticales, despu\u00e9s de abrirlo con una llave.<\/p>\n<p>El mango, con su<strong> empu\u00f1adura ergon\u00f3mica<\/strong>, es de aleaci\u00f3n de zinc cromado, mientras que el bombin est\u00e1 recubierto de acero inoxidable. La llave es de lat\u00f3n niquelado, con posibilidad de versiones con mango de pl\u00e1stico fijo o articulado. La entrada de la llave puede protegerse con una tapa antipolvo.<\/p>\n<p>El <strong>asa en T con cerradura<\/strong> puede aplicarse a armarios el\u00e9ctricos, armarios met\u00e1licos con dep\u00f3sitos, puertas de veh\u00edculos todoterreno, maquinaria industrial, puertas abatibles o cajas de acero.<\/p>\n","protected":false},"excerpt":{"rendered":"<p>El<strong> mango<\/strong><strong>cerradura<\/strong>, con su<strong> empu\u00f1adura ergon\u00f3mica<\/strong>, es de aleaci\u00f3n de zinc cromado, mientras que el bombin est\u00e1 recubierto de acero inoxidable. La llave es de lat\u00f3n niquelado, con posibilidad de versiones con mango de pl\u00e1stico fijo o articulado.<\/p>\n<p>La entrada de la llave puede protegerse con una tapa antipolvo.<\/p>\n","protected":false},"featured_media":3507,"comment_status":"open","ping_status":"closed","template":"","meta":{"_acf_changed":false,"_et_pb_use_builder":"","_et_pb_old_content":"","_et_gb_content_width":""},"product_brand":[],"product_cat":[3933,3990,3951,3952,3925,3912,3880,3905,3895,3892,3893,3987],"product_tag":[],"class_list":{"0":"post-241559","1":"product","2":"type-product","3":"status-publish","4":"has-post-thumbnail","6":"product_cat-asas-y-pomos","7":"product_cat-automatizacion-y-domotica","8":"product_cat-cerraduras-con-llave-maestra","9":"product_cat-cerraduras-con-manilla-giratoria","10":"product_cat-cerraduras-de-barcos","11":"product_cat-cerraduras-de-puertas","12":"product_cat-cerraduras-para-armarios-electricos","13":"product_cat-cerraduras-para-armarios-industriales","14":"product_cat-cerraduras-para-la-industria-electromecanica","15":"product_cat-cerraduras-para-puertas-delanteras-de-armarios","16":"product_cat-cerraduras-para-puertas-laterales","17":"product_cat-sistemas-de-cierre-para-la-industria","19":"first","20":"instock","21":"shipping-taxable","22":"purchasable","23":"product-type-variable","24":"has-default-attributes"},"acf":{"pdf1":"https:\/\/www.omrserrature.it\/wp-content\/uploads\/schede\/Scheda_220050.pdf"},"yoast_head":"<!-- This site is optimized with the Yoast SEO plugin v27.2 - https:\/\/yoast.com\/product\/yoast-seo-wordpress\/ -->\n<title>Tirador cromado con Cerradura - OMR Serrature<\/title>\n<meta name=\"robots\" content=\"index, follow, max-snippet:-1, max-image-preview:large, max-video-preview:-1\" \/>\n<link rel=\"canonical\" href=\"https:\/\/www.omrserrature.it\/es\/producto\/tirador-cromado-con-cerradura\/\" \/>\n<meta property=\"og:locale\" content=\"es_ES\" \/>\n<meta property=\"og:type\" content=\"article\" \/>\n<meta property=\"og:title\" content=\"Tirador cromado con Cerradura - OMR Serrature\" \/>\n<meta property=\"og:description\" content=\"El mangocerradura, con su empu\u00f1adura ergon\u00f3mica, es de aleaci\u00f3n de zinc cromado, mientras que el bombin est\u00e1 recubierto de acero inoxidable. La llave es de lat\u00f3n niquelado, con posibilidad de versiones con mango de pl\u00e1stico fijo o articulado. La entrada de la llave puede protegerse con una tapa antipolvo.\" \/>\n<meta property=\"og:url\" content=\"https:\/\/www.omrserrature.it\/es\/producto\/tirador-cromado-con-cerradura\/\" \/>\n<meta property=\"og:site_name\" content=\"OMR Serrature | Produzione sistemi di chiusura\" \/>\n<meta property=\"article:publisher\" content=\"https:\/\/www.facebook.com\/OMRserrature\" \/>\n<meta property=\"article:modified_time\" content=\"2026-04-08T10:48:40+00:00\" \/>\n<meta property=\"og:image\" content=\"https:\/\/www.omrserrature.it\/wp-content\/uploads\/2017\/10\/maniglia-cromata-serratura.jpg\" \/>\n\t<meta property=\"og:image:width\" content=\"671\" \/>\n\t<meta property=\"og:image:height\" content=\"477\" \/>\n\t<meta property=\"og:image:type\" content=\"image\/jpeg\" \/>\n<meta name=\"twitter:card\" content=\"summary_large_image\" \/>\n<meta name=\"twitter:label1\" content=\"Tiempo de lectura\" \/>\n\t<meta name=\"twitter:data1\" content=\"1 minuto\" \/>\n<script type=\"application\/ld+json\" class=\"yoast-schema-graph\">{\"@context\":\"https:\/\/schema.org\",\"@graph\":[{\"@type\":\"WebPage\",\"@id\":\"https:\/\/www.omrserrature.it\/es\/producto\/tirador-cromado-con-cerradura\/\",\"url\":\"https:\/\/www.omrserrature.it\/es\/producto\/tirador-cromado-con-cerradura\/\",\"name\":\"Tirador cromado con Cerradura - OMR Serrature\",\"isPartOf\":{\"@id\":\"https:\/\/www.omrserrature.it\/es\/#website\"},\"primaryImageOfPage\":{\"@id\":\"https:\/\/www.omrserrature.it\/es\/producto\/tirador-cromado-con-cerradura\/#primaryimage\"},\"image\":{\"@id\":\"https:\/\/www.omrserrature.it\/es\/producto\/tirador-cromado-con-cerradura\/#primaryimage\"},\"thumbnailUrl\":\"https:\/\/www.omrserrature.it\/wp-content\/uploads\/2017\/10\/maniglia-cromata-serratura.jpg\",\"datePublished\":\"2012-10-17T14:16:00+00:00\",\"dateModified\":\"2026-04-08T10:48:40+00:00\",\"breadcrumb\":{\"@id\":\"https:\/\/www.omrserrature.it\/es\/producto\/tirador-cromado-con-cerradura\/#breadcrumb\"},\"inLanguage\":\"es\",\"potentialAction\":[{\"@type\":\"ReadAction\",\"target\":[\"https:\/\/www.omrserrature.it\/es\/producto\/tirador-cromado-con-cerradura\/\"]}]},{\"@type\":\"ImageObject\",\"inLanguage\":\"es\",\"@id\":\"https:\/\/www.omrserrature.it\/es\/producto\/tirador-cromado-con-cerradura\/#primaryimage\",\"url\":\"https:\/\/www.omrserrature.it\/wp-content\/uploads\/2017\/10\/maniglia-cromata-serratura.jpg\",\"contentUrl\":\"https:\/\/www.omrserrature.it\/wp-content\/uploads\/2017\/10\/maniglia-cromata-serratura.jpg\",\"width\":671,\"height\":477,\"caption\":\"Manilla en T - ajustable con cerradura - cromada (manilla para cerradura de puerta de garaje)\"},{\"@type\":\"BreadcrumbList\",\"@id\":\"https:\/\/www.omrserrature.it\/es\/producto\/tirador-cromado-con-cerradura\/#breadcrumb\",\"itemListElement\":[{\"@type\":\"ListItem\",\"position\":1,\"name\":\"Home\",\"item\":\"https:\/\/www.omrserrature.it\/es\/omr-cerradiras-y-sistemas-de-cierre\/\"},{\"@type\":\"ListItem\",\"position\":2,\"name\":\"Cat\u00e1logo\",\"item\":\"https:\/\/www.omrserrature.it\/catalogo\/?lang=es\"},{\"@type\":\"ListItem\",\"position\":3,\"name\":\"Productos\",\"item\":\"https:\/\/www.omrserrature.it\/es\/inventario\/productos\/\"},{\"@type\":\"ListItem\",\"position\":4,\"name\":\"Cerraduras\",\"item\":\"https:\/\/www.omrserrature.it\/es\/inventario\/productos\/cerraduras\/\"},{\"@type\":\"ListItem\",\"position\":5,\"name\":\"Asas y pomos\",\"item\":\"https:\/\/www.omrserrature.it\/es\/inventario\/productos\/cerraduras\/asas-y-pomos\/\"},{\"@type\":\"ListItem\",\"position\":6,\"name\":\"Tirador cromado con Cerradura\"}]},{\"@type\":\"WebSite\",\"@id\":\"https:\/\/www.omrserrature.it\/es\/#website\",\"url\":\"https:\/\/www.omrserrature.it\/es\/\",\"name\":\"OMR Serrature | Produzione sistemi di chiusura\",\"description\":\"Produzione serrature di sicurezza e sistemi di chiusura\",\"publisher\":{\"@id\":\"https:\/\/www.omrserrature.it\/es\/#organization\"},\"potentialAction\":[{\"@type\":\"SearchAction\",\"target\":{\"@type\":\"EntryPoint\",\"urlTemplate\":\"https:\/\/www.omrserrature.it\/es\/?s={search_term_string}\"},\"query-input\":{\"@type\":\"PropertyValueSpecification\",\"valueRequired\":true,\"valueName\":\"search_term_string\"}}],\"inLanguage\":\"es\"},{\"@type\":\"Organization\",\"@id\":\"https:\/\/www.omrserrature.it\/es\/#organization\",\"name\":\"OMR Serrature | Produzione sistemi di chiusura\",\"url\":\"https:\/\/www.omrserrature.it\/es\/\",\"logo\":{\"@type\":\"ImageObject\",\"inLanguage\":\"es\",\"@id\":\"https:\/\/www.omrserrature.it\/es\/#\/schema\/logo\/image\/\",\"url\":\"https:\/\/www.omrserrature.it\/wp-content\/uploads\/2017\/09\/favicon-omr-114.png\",\"contentUrl\":\"https:\/\/www.omrserrature.it\/wp-content\/uploads\/2017\/09\/favicon-omr-114.png\",\"width\":114,\"height\":114,\"caption\":\"OMR Serrature | Produzione sistemi di chiusura\"},\"image\":{\"@id\":\"https:\/\/www.omrserrature.it\/es\/#\/schema\/logo\/image\/\"},\"sameAs\":[\"https:\/\/www.facebook.com\/OMRserrature\",\"https:\/\/www.linkedin.com\/company\/omrserrature\/\",\"https:\/\/www.youtube.com\/channel\/UCxmA85z2R0EpG_6IRokiAkg\"]}]}<\/script>\n<!-- \/ Yoast SEO plugin. -->","yoast_head_json":{"title":"Tirador cromado con Cerradura - OMR Serrature","robots":{"index":"index","follow":"follow","max-snippet":"max-snippet:-1","max-image-preview":"max-image-preview:large","max-video-preview":"max-video-preview:-1"},"canonical":"https:\/\/www.omrserrature.it\/es\/producto\/tirador-cromado-con-cerradura\/","og_locale":"es_ES","og_type":"article","og_title":"Tirador cromado con Cerradura - OMR Serrature","og_description":"El mangocerradura, con su empu\u00f1adura ergon\u00f3mica, es de aleaci\u00f3n de zinc cromado, mientras que el bombin est\u00e1 recubierto de acero inoxidable. La llave es de lat\u00f3n niquelado, con posibilidad de versiones con mango de pl\u00e1stico fijo o articulado. La entrada de la llave puede protegerse con una tapa antipolvo.","og_url":"https:\/\/www.omrserrature.it\/es\/producto\/tirador-cromado-con-cerradura\/","og_site_name":"OMR Serrature | Produzione sistemi di chiusura","article_publisher":"https:\/\/www.facebook.com\/OMRserrature","article_modified_time":"2026-04-08T10:48:40+00:00","og_image":[{"width":671,"height":477,"url":"https:\/\/www.omrserrature.it\/wp-content\/uploads\/2017\/10\/maniglia-cromata-serratura.jpg","type":"image\/jpeg"}],"twitter_card":"summary_large_image","twitter_misc":{"Tiempo de lectura":"1 minuto"},"schema":{"@context":"https:\/\/schema.org","@graph":[{"@type":"WebPage","@id":"https:\/\/www.omrserrature.it\/es\/producto\/tirador-cromado-con-cerradura\/","url":"https:\/\/www.omrserrature.it\/es\/producto\/tirador-cromado-con-cerradura\/","name":"Tirador cromado con Cerradura - OMR Serrature","isPartOf":{"@id":"https:\/\/www.omrserrature.it\/es\/#website"},"primaryImageOfPage":{"@id":"https:\/\/www.omrserrature.it\/es\/producto\/tirador-cromado-con-cerradura\/#primaryimage"},"image":{"@id":"https:\/\/www.omrserrature.it\/es\/producto\/tirador-cromado-con-cerradura\/#primaryimage"},"thumbnailUrl":"https:\/\/www.omrserrature.it\/wp-content\/uploads\/2017\/10\/maniglia-cromata-serratura.jpg","datePublished":"2012-10-17T14:16:00+00:00","dateModified":"2026-04-08T10:48:40+00:00","breadcrumb":{"@id":"https:\/\/www.omrserrature.it\/es\/producto\/tirador-cromado-con-cerradura\/#breadcrumb"},"inLanguage":"es","potentialAction":[{"@type":"ReadAction","target":["https:\/\/www.omrserrature.it\/es\/producto\/tirador-cromado-con-cerradura\/"]}]},{"@type":"ImageObject","inLanguage":"es","@id":"https:\/\/www.omrserrature.it\/es\/producto\/tirador-cromado-con-cerradura\/#primaryimage","url":"https:\/\/www.omrserrature.it\/wp-content\/uploads\/2017\/10\/maniglia-cromata-serratura.jpg","contentUrl":"https:\/\/www.omrserrature.it\/wp-content\/uploads\/2017\/10\/maniglia-cromata-serratura.jpg","width":671,"height":477,"caption":"Manilla en T - ajustable con cerradura - cromada (manilla para cerradura de puerta de garaje)"},{"@type":"BreadcrumbList","@id":"https:\/\/www.omrserrature.it\/es\/producto\/tirador-cromado-con-cerradura\/#breadcrumb","itemListElement":[{"@type":"ListItem","position":1,"name":"Home","item":"https:\/\/www.omrserrature.it\/es\/omr-cerradiras-y-sistemas-de-cierre\/"},{"@type":"ListItem","position":2,"name":"Cat\u00e1logo","item":"https:\/\/www.omrserrature.it\/catalogo\/?lang=es"},{"@type":"ListItem","position":3,"name":"Productos","item":"https:\/\/www.omrserrature.it\/es\/inventario\/productos\/"},{"@type":"ListItem","position":4,"name":"Cerraduras","item":"https:\/\/www.omrserrature.it\/es\/inventario\/productos\/cerraduras\/"},{"@type":"ListItem","position":5,"name":"Asas y pomos","item":"https:\/\/www.omrserrature.it\/es\/inventario\/productos\/cerraduras\/asas-y-pomos\/"},{"@type":"ListItem","position":6,"name":"Tirador cromado con Cerradura"}]},{"@type":"WebSite","@id":"https:\/\/www.omrserrature.it\/es\/#website","url":"https:\/\/www.omrserrature.it\/es\/","name":"OMR Serrature | Produzione sistemi di chiusura","description":"Produzione serrature di sicurezza e sistemi di chiusura","publisher":{"@id":"https:\/\/www.omrserrature.it\/es\/#organization"},"potentialAction":[{"@type":"SearchAction","target":{"@type":"EntryPoint","urlTemplate":"https:\/\/www.omrserrature.it\/es\/?s={search_term_string}"},"query-input":{"@type":"PropertyValueSpecification","valueRequired":true,"valueName":"search_term_string"}}],"inLanguage":"es"},{"@type":"Organization","@id":"https:\/\/www.omrserrature.it\/es\/#organization","name":"OMR Serrature | Produzione sistemi di chiusura","url":"https:\/\/www.omrserrature.it\/es\/","logo":{"@type":"ImageObject","inLanguage":"es","@id":"https:\/\/www.omrserrature.it\/es\/#\/schema\/logo\/image\/","url":"https:\/\/www.omrserrature.it\/wp-content\/uploads\/2017\/09\/favicon-omr-114.png","contentUrl":"https:\/\/www.omrserrature.it\/wp-content\/uploads\/2017\/09\/favicon-omr-114.png","width":114,"height":114,"caption":"OMR Serrature | Produzione sistemi di chiusura"},"image":{"@id":"https:\/\/www.omrserrature.it\/es\/#\/schema\/logo\/image\/"},"sameAs":["https:\/\/www.facebook.com\/OMRserrature","https:\/\/www.linkedin.com\/company\/omrserrature\/","https:\/\/www.youtube.com\/channel\/UCxmA85z2R0EpG_6IRokiAkg"]}]}},"_links":{"self":[{"href":"https:\/\/www.omrserrature.it\/es\/wp-json\/wp\/v2\/product\/241559","targetHints":{"allow":["GET"]}}],"collection":[{"href":"https:\/\/www.omrserrature.it\/es\/wp-json\/wp\/v2\/product"}],"about":[{"href":"https:\/\/www.omrserrature.it\/es\/wp-json\/wp\/v2\/types\/product"}],"replies":[{"embeddable":true,"href":"https:\/\/www.omrserrature.it\/es\/wp-json\/wp\/v2\/comments?post=241559"}],"wp:featuredmedia":[{"embeddable":true,"href":"https:\/\/www.omrserrature.it\/es\/wp-json\/wp\/v2\/media\/3507"}],"wp:attachment":[{"href":"https:\/\/www.omrserrature.it\/es\/wp-json\/wp\/v2\/media?parent=241559"}],"wp:term":[{"taxonomy":"product_brand","embeddable":true,"href":"https:\/\/www.omrserrature.it\/es\/wp-json\/wp\/v2\/product_brand?post=241559"},{"taxonomy":"product_cat","embeddable":true,"href":"https:\/\/www.omrserrature.it\/es\/wp-json\/wp\/v2\/product_cat?post=241559"},{"taxonomy":"product_tag","embeddable":true,"href":"https:\/\/www.omrserrature.it\/es\/wp-json\/wp\/v2\/product_tag?post=241559"}],"curies":[{"name":"wp","href":"https:\/\/api.w.org\/{rel}","templated":true}]}}