{"id":241550,"date":"2017-10-12T17:02:14","date_gmt":"2012-10-17T15:02:00","guid":{"rendered":"https:\/\/www.staging6.omrserrature.it\/prodotto\/asa-de-base-cuadrada\/"},"modified":"2026-04-08T12:48:55","modified_gmt":"2026-04-08T10:48:55","slug":"asa-de-base-cuadrada","status":"publish","type":"product","link":"https:\/\/www.omrserrature.it\/es\/producto\/asa-de-base-cuadrada\/","title":{"rendered":"Asa de base cuadrada"},"content":{"rendered":"<p>La <strong>cerradura llana con manilla y de base cuadrada<\/strong> consta de un pomo ergon\u00f3mico de aleaci\u00f3n de aluminio pintado colocado sobre una base cuadrada de pl\u00e1stico negro. Gracias a la llave, es posible desbloquear la cerradura y girar la manilla accionando una simple palanca interior, o un balanc\u00edn para cerraduras <strong>m\u00faltiples y centralizadas <\/strong>de 1, 2 \u00f3 3 puntos (para armarios altos con cerraduras de varillas giratorias o basculantes).<\/p>\n<p>El cilindro incorpora una tecnolog\u00eda de l\u00e1minas que proporciona un nivel de seguridad eficaz y efectivo para el tipo de aplicaci\u00f3n. Gracias al sistema de <strong>fijaci\u00f3n \u00abplug &amp; play\u00bb<\/strong>, la instalaci\u00f3n del enclavamiento es muy r\u00e1pida y garantiza un importante ahorro de tiempo durante el proceso de producci\u00f3n del mueble. <\/p>\n<p>La cerradura con base cuadrada, es <strong>una soluci\u00f3n robusta<\/strong> que garantiza la durabilidad, ya que el esfuerzo de mover los distintos puntos de cierre lo realiza la manilla y no la llave. Se puede utilizar en las <strong>puertas batientes<\/strong> de muebles de balc\u00f3n, armarios multiusos que suelen utilizarse para amueblar y ordenar un balc\u00f3n, una terraza, un jard\u00edn, un s\u00f3tano, una lavander\u00eda o un lavadero. Tambi\u00e9n es ideal para muebles de carpinter\u00eda met\u00e1lica, tanto en la oficina como en el taller.<\/p>\n","protected":false},"excerpt":{"rendered":"<p>La <strong>cerradura con manilla de base cuadrada<\/strong> consta de una manija ergon\u00f3mica de aleaci\u00f3n de aluminio pintado colocada sobre una base cuadrada de pl\u00e1stico negro. Con la llave, la cerradura se desbloquea y la manilla se gira accionando una palanca sencilla en el interior, o un balanc\u00edn para un cierre <strong>m\u00faltiple y centralizado <\/strong>de 1, 2 \u00f3 3 puntos (para armarios altos con cerraduras de varillas giratorias o basculantes). <\/p>\n<p>Ideal para muebles de oficina y taller, pero tambi\u00e9n para armarios de balc\u00f3n y exterior.<\/p>\n","protected":false},"featured_media":3489,"comment_status":"open","ping_status":"closed","template":"","meta":{"_acf_changed":false,"_et_pb_use_builder":"","_et_pb_old_content":"","_et_gb_content_width":""},"product_brand":[],"product_cat":[3995,3933,3926,3951,3952,3882,3998,3912,3901,3900,3905,3903,3895,3888,3915,3881,3992,3994,3996,3987],"product_tag":[],"class_list":{"0":"post-241550","1":"product","2":"type-product","3":"status-publish","4":"has-post-thumbnail","6":"product_cat-arquitectura-urbanismo-y-diseno","7":"product_cat-asas-y-pomos","8":"product_cat-batiente","9":"product_cat-cerraduras-con-llave-maestra","10":"product_cat-cerraduras-con-manilla-giratoria","11":"product_cat-cerraduras-de-armarios","12":"product_cat-cerraduras-de-puertas-2","13":"product_cat-cerraduras-de-puertas","14":"product_cat-cerraduras-para-armarios-de-epi","15":"product_cat-cerraduras-para-armarios-de-sustancias-peligrosas","16":"product_cat-cerraduras-para-armarios-industriales","17":"product_cat-cerraduras-para-guardaesquis","18":"product_cat-cerraduras-para-la-industria-electromecanica","19":"product_cat-cerraduras-para-muebles","20":"product_cat-cerraduras-para-taquillas","21":"product_cat-cerraduras-profesionales-para-muebles","22":"product_cat-educativos-y-culturales","23":"product_cat-hospital-y-sanidad","24":"product_cat-oficinas","25":"product_cat-sistemas-de-cierre-para-la-industria","27":"first","28":"instock","29":"shipping-taxable","30":"purchasable","31":"product-type-variable","32":"has-default-attributes"},"acf":{"pdf1":"https:\/\/www.omrserrature.it\/wp-content\/uploads\/schede\/Scheda_165627.pdf"},"yoast_head":"<!-- This site is optimized with the Yoast SEO plugin v27.2 - https:\/\/yoast.com\/product\/yoast-seo-wordpress\/ -->\n<title>Asa de base cuadrada - OMR Serrature<\/title>\n<meta name=\"robots\" content=\"index, follow, max-snippet:-1, max-image-preview:large, max-video-preview:-1\" \/>\n<link rel=\"canonical\" href=\"https:\/\/www.omrserrature.it\/es\/producto\/asa-de-base-cuadrada\/\" \/>\n<meta property=\"og:locale\" content=\"es_ES\" \/>\n<meta property=\"og:type\" content=\"article\" \/>\n<meta property=\"og:title\" content=\"Asa de base cuadrada - OMR Serrature\" \/>\n<meta property=\"og:description\" content=\"La cerradura con manilla de base cuadrada consta de una manija ergon\u00f3mica de aleaci\u00f3n de aluminio pintado colocada sobre una base cuadrada de pl\u00e1stico negro. Con la llave, la cerradura se desbloquea y la manilla se gira accionando una palanca sencilla en el interior, o un balanc\u00edn para un cierre m\u00faltiple y centralizado de 1, 2 \u00f3 3 puntos (para armarios altos con cerraduras de varillas giratorias o basculantes).  Ideal para muebles de oficina y taller, pero tambi\u00e9n para armarios de balc\u00f3n y exterior.\" \/>\n<meta property=\"og:url\" content=\"https:\/\/www.omrserrature.it\/es\/producto\/asa-de-base-cuadrada\/\" \/>\n<meta property=\"og:site_name\" content=\"OMR Serrature | Produzione sistemi di chiusura\" \/>\n<meta property=\"article:publisher\" content=\"https:\/\/www.facebook.com\/OMRserrature\" \/>\n<meta property=\"article:modified_time\" content=\"2026-04-08T10:48:55+00:00\" \/>\n<meta property=\"og:image\" content=\"https:\/\/www.omrserrature.it\/wp-content\/uploads\/2017\/10\/maniglia-base-quadra.jpg\" \/>\n\t<meta property=\"og:image:width\" content=\"499\" \/>\n\t<meta property=\"og:image:height\" content=\"481\" \/>\n\t<meta property=\"og:image:type\" content=\"image\/jpeg\" \/>\n<meta name=\"twitter:card\" content=\"summary_large_image\" \/>\n<meta name=\"twitter:label1\" content=\"Tiempo de lectura\" \/>\n\t<meta name=\"twitter:data1\" content=\"1 minuto\" \/>\n<script type=\"application\/ld+json\" class=\"yoast-schema-graph\">{\"@context\":\"https:\/\/schema.org\",\"@graph\":[{\"@type\":\"WebPage\",\"@id\":\"https:\/\/www.omrserrature.it\/es\/producto\/asa-de-base-cuadrada\/\",\"url\":\"https:\/\/www.omrserrature.it\/es\/producto\/asa-de-base-cuadrada\/\",\"name\":\"Asa de base cuadrada - OMR Serrature\",\"isPartOf\":{\"@id\":\"https:\/\/www.omrserrature.it\/es\/#website\"},\"primaryImageOfPage\":{\"@id\":\"https:\/\/www.omrserrature.it\/es\/producto\/asa-de-base-cuadrada\/#primaryimage\"},\"image\":{\"@id\":\"https:\/\/www.omrserrature.it\/es\/producto\/asa-de-base-cuadrada\/#primaryimage\"},\"thumbnailUrl\":\"https:\/\/www.omrserrature.it\/wp-content\/uploads\/2017\/10\/maniglia-base-quadra.jpg\",\"datePublished\":\"2012-10-17T15:02:00+00:00\",\"dateModified\":\"2026-04-08T10:48:55+00:00\",\"breadcrumb\":{\"@id\":\"https:\/\/www.omrserrature.it\/es\/producto\/asa-de-base-cuadrada\/#breadcrumb\"},\"inLanguage\":\"es\",\"potentialAction\":[{\"@type\":\"ReadAction\",\"target\":[\"https:\/\/www.omrserrature.it\/es\/producto\/asa-de-base-cuadrada\/\"]}]},{\"@type\":\"ImageObject\",\"inLanguage\":\"es\",\"@id\":\"https:\/\/www.omrserrature.it\/es\/producto\/asa-de-base-cuadrada\/#primaryimage\",\"url\":\"https:\/\/www.omrserrature.it\/wp-content\/uploads\/2017\/10\/maniglia-base-quadra.jpg\",\"contentUrl\":\"https:\/\/www.omrserrature.it\/wp-content\/uploads\/2017\/10\/maniglia-base-quadra.jpg\",\"width\":499,\"height\":481,\"caption\":\"Cerradura de picaporte con manilla cuadrada de base de pl\u00e1stico\"},{\"@type\":\"BreadcrumbList\",\"@id\":\"https:\/\/www.omrserrature.it\/es\/producto\/asa-de-base-cuadrada\/#breadcrumb\",\"itemListElement\":[{\"@type\":\"ListItem\",\"position\":1,\"name\":\"Home\",\"item\":\"https:\/\/www.omrserrature.it\/es\/omr-cerradiras-y-sistemas-de-cierre\/\"},{\"@type\":\"ListItem\",\"position\":2,\"name\":\"Cat\u00e1logo\",\"item\":\"https:\/\/www.omrserrature.it\/catalogo\/?lang=es\"},{\"@type\":\"ListItem\",\"position\":3,\"name\":\"Aplicaciones\",\"item\":\"https:\/\/www.omrserrature.it\/es\/inventario\/aplicaciones\/\"},{\"@type\":\"ListItem\",\"position\":4,\"name\":\"Cerraduras para muebles\",\"item\":\"https:\/\/www.omrserrature.it\/es\/inventario\/aplicaciones\/cerraduras-para-muebles\/\"},{\"@type\":\"ListItem\",\"position\":5,\"name\":\"Cerraduras de puertas\",\"item\":\"https:\/\/www.omrserrature.it\/es\/inventario\/aplicaciones\/cerraduras-para-muebles\/cerraduras-de-puertas-2\/\"},{\"@type\":\"ListItem\",\"position\":6,\"name\":\"Batiente\",\"item\":\"https:\/\/www.omrserrature.it\/es\/inventario\/aplicaciones\/cerraduras-para-muebles\/cerraduras-de-puertas-2\/batiente\/\"},{\"@type\":\"ListItem\",\"position\":7,\"name\":\"Asa de base cuadrada\"}]},{\"@type\":\"WebSite\",\"@id\":\"https:\/\/www.omrserrature.it\/es\/#website\",\"url\":\"https:\/\/www.omrserrature.it\/es\/\",\"name\":\"OMR Serrature | Produzione sistemi di chiusura\",\"description\":\"Produzione serrature di sicurezza e sistemi di chiusura\",\"publisher\":{\"@id\":\"https:\/\/www.omrserrature.it\/es\/#organization\"},\"potentialAction\":[{\"@type\":\"SearchAction\",\"target\":{\"@type\":\"EntryPoint\",\"urlTemplate\":\"https:\/\/www.omrserrature.it\/es\/?s={search_term_string}\"},\"query-input\":{\"@type\":\"PropertyValueSpecification\",\"valueRequired\":true,\"valueName\":\"search_term_string\"}}],\"inLanguage\":\"es\"},{\"@type\":\"Organization\",\"@id\":\"https:\/\/www.omrserrature.it\/es\/#organization\",\"name\":\"OMR Serrature | Produzione sistemi di chiusura\",\"url\":\"https:\/\/www.omrserrature.it\/es\/\",\"logo\":{\"@type\":\"ImageObject\",\"inLanguage\":\"es\",\"@id\":\"https:\/\/www.omrserrature.it\/es\/#\/schema\/logo\/image\/\",\"url\":\"https:\/\/www.omrserrature.it\/wp-content\/uploads\/2017\/09\/favicon-omr-114.png\",\"contentUrl\":\"https:\/\/www.omrserrature.it\/wp-content\/uploads\/2017\/09\/favicon-omr-114.png\",\"width\":114,\"height\":114,\"caption\":\"OMR Serrature | Produzione sistemi di chiusura\"},\"image\":{\"@id\":\"https:\/\/www.omrserrature.it\/es\/#\/schema\/logo\/image\/\"},\"sameAs\":[\"https:\/\/www.facebook.com\/OMRserrature\",\"https:\/\/www.linkedin.com\/company\/omrserrature\/\",\"https:\/\/www.youtube.com\/channel\/UCxmA85z2R0EpG_6IRokiAkg\"]}]}<\/script>\n<!-- \/ Yoast SEO plugin. -->","yoast_head_json":{"title":"Asa de base cuadrada - OMR Serrature","robots":{"index":"index","follow":"follow","max-snippet":"max-snippet:-1","max-image-preview":"max-image-preview:large","max-video-preview":"max-video-preview:-1"},"canonical":"https:\/\/www.omrserrature.it\/es\/producto\/asa-de-base-cuadrada\/","og_locale":"es_ES","og_type":"article","og_title":"Asa de base cuadrada - OMR Serrature","og_description":"La cerradura con manilla de base cuadrada consta de una manija ergon\u00f3mica de aleaci\u00f3n de aluminio pintado colocada sobre una base cuadrada de pl\u00e1stico negro. Con la llave, la cerradura se desbloquea y la manilla se gira accionando una palanca sencilla en el interior, o un balanc\u00edn para un cierre m\u00faltiple y centralizado de 1, 2 \u00f3 3 puntos (para armarios altos con cerraduras de varillas giratorias o basculantes).  Ideal para muebles de oficina y taller, pero tambi\u00e9n para armarios de balc\u00f3n y exterior.","og_url":"https:\/\/www.omrserrature.it\/es\/producto\/asa-de-base-cuadrada\/","og_site_name":"OMR Serrature | Produzione sistemi di chiusura","article_publisher":"https:\/\/www.facebook.com\/OMRserrature","article_modified_time":"2026-04-08T10:48:55+00:00","og_image":[{"width":499,"height":481,"url":"https:\/\/www.omrserrature.it\/wp-content\/uploads\/2017\/10\/maniglia-base-quadra.jpg","type":"image\/jpeg"}],"twitter_card":"summary_large_image","twitter_misc":{"Tiempo de lectura":"1 minuto"},"schema":{"@context":"https:\/\/schema.org","@graph":[{"@type":"WebPage","@id":"https:\/\/www.omrserrature.it\/es\/producto\/asa-de-base-cuadrada\/","url":"https:\/\/www.omrserrature.it\/es\/producto\/asa-de-base-cuadrada\/","name":"Asa de base cuadrada - OMR Serrature","isPartOf":{"@id":"https:\/\/www.omrserrature.it\/es\/#website"},"primaryImageOfPage":{"@id":"https:\/\/www.omrserrature.it\/es\/producto\/asa-de-base-cuadrada\/#primaryimage"},"image":{"@id":"https:\/\/www.omrserrature.it\/es\/producto\/asa-de-base-cuadrada\/#primaryimage"},"thumbnailUrl":"https:\/\/www.omrserrature.it\/wp-content\/uploads\/2017\/10\/maniglia-base-quadra.jpg","datePublished":"2012-10-17T15:02:00+00:00","dateModified":"2026-04-08T10:48:55+00:00","breadcrumb":{"@id":"https:\/\/www.omrserrature.it\/es\/producto\/asa-de-base-cuadrada\/#breadcrumb"},"inLanguage":"es","potentialAction":[{"@type":"ReadAction","target":["https:\/\/www.omrserrature.it\/es\/producto\/asa-de-base-cuadrada\/"]}]},{"@type":"ImageObject","inLanguage":"es","@id":"https:\/\/www.omrserrature.it\/es\/producto\/asa-de-base-cuadrada\/#primaryimage","url":"https:\/\/www.omrserrature.it\/wp-content\/uploads\/2017\/10\/maniglia-base-quadra.jpg","contentUrl":"https:\/\/www.omrserrature.it\/wp-content\/uploads\/2017\/10\/maniglia-base-quadra.jpg","width":499,"height":481,"caption":"Cerradura de picaporte con manilla cuadrada de base de pl\u00e1stico"},{"@type":"BreadcrumbList","@id":"https:\/\/www.omrserrature.it\/es\/producto\/asa-de-base-cuadrada\/#breadcrumb","itemListElement":[{"@type":"ListItem","position":1,"name":"Home","item":"https:\/\/www.omrserrature.it\/es\/omr-cerradiras-y-sistemas-de-cierre\/"},{"@type":"ListItem","position":2,"name":"Cat\u00e1logo","item":"https:\/\/www.omrserrature.it\/catalogo\/?lang=es"},{"@type":"ListItem","position":3,"name":"Aplicaciones","item":"https:\/\/www.omrserrature.it\/es\/inventario\/aplicaciones\/"},{"@type":"ListItem","position":4,"name":"Cerraduras para muebles","item":"https:\/\/www.omrserrature.it\/es\/inventario\/aplicaciones\/cerraduras-para-muebles\/"},{"@type":"ListItem","position":5,"name":"Cerraduras de puertas","item":"https:\/\/www.omrserrature.it\/es\/inventario\/aplicaciones\/cerraduras-para-muebles\/cerraduras-de-puertas-2\/"},{"@type":"ListItem","position":6,"name":"Batiente","item":"https:\/\/www.omrserrature.it\/es\/inventario\/aplicaciones\/cerraduras-para-muebles\/cerraduras-de-puertas-2\/batiente\/"},{"@type":"ListItem","position":7,"name":"Asa de base cuadrada"}]},{"@type":"WebSite","@id":"https:\/\/www.omrserrature.it\/es\/#website","url":"https:\/\/www.omrserrature.it\/es\/","name":"OMR Serrature | Produzione sistemi di chiusura","description":"Produzione serrature di sicurezza e sistemi di chiusura","publisher":{"@id":"https:\/\/www.omrserrature.it\/es\/#organization"},"potentialAction":[{"@type":"SearchAction","target":{"@type":"EntryPoint","urlTemplate":"https:\/\/www.omrserrature.it\/es\/?s={search_term_string}"},"query-input":{"@type":"PropertyValueSpecification","valueRequired":true,"valueName":"search_term_string"}}],"inLanguage":"es"},{"@type":"Organization","@id":"https:\/\/www.omrserrature.it\/es\/#organization","name":"OMR Serrature | Produzione sistemi di chiusura","url":"https:\/\/www.omrserrature.it\/es\/","logo":{"@type":"ImageObject","inLanguage":"es","@id":"https:\/\/www.omrserrature.it\/es\/#\/schema\/logo\/image\/","url":"https:\/\/www.omrserrature.it\/wp-content\/uploads\/2017\/09\/favicon-omr-114.png","contentUrl":"https:\/\/www.omrserrature.it\/wp-content\/uploads\/2017\/09\/favicon-omr-114.png","width":114,"height":114,"caption":"OMR Serrature | Produzione sistemi di chiusura"},"image":{"@id":"https:\/\/www.omrserrature.it\/es\/#\/schema\/logo\/image\/"},"sameAs":["https:\/\/www.facebook.com\/OMRserrature","https:\/\/www.linkedin.com\/company\/omrserrature\/","https:\/\/www.youtube.com\/channel\/UCxmA85z2R0EpG_6IRokiAkg"]}]}},"_links":{"self":[{"href":"https:\/\/www.omrserrature.it\/es\/wp-json\/wp\/v2\/product\/241550","targetHints":{"allow":["GET"]}}],"collection":[{"href":"https:\/\/www.omrserrature.it\/es\/wp-json\/wp\/v2\/product"}],"about":[{"href":"https:\/\/www.omrserrature.it\/es\/wp-json\/wp\/v2\/types\/product"}],"replies":[{"embeddable":true,"href":"https:\/\/www.omrserrature.it\/es\/wp-json\/wp\/v2\/comments?post=241550"}],"wp:featuredmedia":[{"embeddable":true,"href":"https:\/\/www.omrserrature.it\/es\/wp-json\/wp\/v2\/media\/3489"}],"wp:attachment":[{"href":"https:\/\/www.omrserrature.it\/es\/wp-json\/wp\/v2\/media?parent=241550"}],"wp:term":[{"taxonomy":"product_brand","embeddable":true,"href":"https:\/\/www.omrserrature.it\/es\/wp-json\/wp\/v2\/product_brand?post=241550"},{"taxonomy":"product_cat","embeddable":true,"href":"https:\/\/www.omrserrature.it\/es\/wp-json\/wp\/v2\/product_cat?post=241550"},{"taxonomy":"product_tag","embeddable":true,"href":"https:\/\/www.omrserrature.it\/es\/wp-json\/wp\/v2\/product_tag?post=241550"}],"curies":[{"name":"wp","href":"https:\/\/api.w.org\/{rel}","templated":true}]}}