{"id":241548,"date":"2017-12-04T11:45:28","date_gmt":"2004-12-17T10:45:00","guid":{"rendered":"https:\/\/www.staging6.omrserrature.it\/prodotto\/palancas-cuadradas-9-rectas-y-plegadas\/"},"modified":"2026-04-08T11:59:56","modified_gmt":"2026-04-08T09:59:56","slug":"palancas-cuadradas-9-rectas-y-plegadas","status":"publish","type":"product","link":"https:\/\/www.omrserrature.it\/es\/producto\/palancas-cuadradas-9-rectas-y-plegadas\/","title":{"rendered":"Palancas cuadradas 9 &#8211; Rectas y con doblez"},"content":{"rendered":"<p><strong>Las palancas rectas y dobladas <\/strong>con un <strong>orificio cuadrado de 9 mm<\/strong> para su anclaje al terminal de la cerradura est\u00e1n fabricadas con acero galvanizado de alta calidad y ofrecen un nivel superior de durabilidad y resistencia. Como todos los productos OMR, la fabricaci\u00f3n de los accesorios est\u00e1 sujeta a estrictos controles que garantizan un alto nivel de calidad. El acero galvanizado con el que est\u00e1n fabricados<strong> proporciona una protecci\u00f3n adicional contra la corrosi\u00f3n y el desgaste, y garantiza una larga vida \u00fatil.<\/strong>  <\/p>\n<p><strong>Las variantes en longitudes, anchuras y grosores ofrecen flexibilidad en la elecci\u00f3n<\/strong>, y se adaptar\u00e1n a las necesidades de la mayor\u00eda de los proyectos, OMR ofrece <strong>una amplia selecci\u00f3n de palancas de 9 dobleces rectas y cuadradas en el cat\u00e1logo<\/strong>, pero tambi\u00e9n ofrece la oportunidad de fabricar <strong>cerraduras y accesorios a medida<\/strong>, perfectos para tu proyecto. Consulta <strong>la secci\u00f3n C\u00f3digos de producto<\/strong> de esta p\u00e1gina para obtener una visi\u00f3n completa de las palancas de 9 escuadras del cat\u00e1logo.<\/p>\n<p>Elige palancas rectas o dobladas con un extremo cuadrado de 9 de OMR para garantizar un rendimiento fiable y duradero. Los materiales de calidad y la atenci\u00f3n al detalle en el control de calidad est\u00e1n al servicio de tu seguridad y satisfacci\u00f3n. Ponte en contacto con nuestro equipo para saber c\u00f3mo podemos contribuir al \u00e9xito de tu proyecto.  <\/p>\n<p><strong>Descubre todas las palancas Q9 del cat\u00e1logo en la secci\u00f3n \u00abC\u00f3digos de producto\u00bb.<\/strong><\/p>\n","protected":false},"excerpt":{"rendered":"<p><strong>Las palancas rectas y dobladas <\/strong>con un <strong>orificio cuadrado de 9 mm<\/strong> para su anclaje al terminal de la cerradura est\u00e1n fabricadas con acero galvanizado de alta calidad y ofrecen un nivel superior de durabilidad y resistencia. Como todos los productos OMR, la fabricaci\u00f3n de los accesorios est\u00e1 sujeta a estrictos controles que garantizan un alto nivel de calidad. El acero galvanizado con el que est\u00e1n fabricados<strong> proporciona una protecci\u00f3n adicional contra la corrosi\u00f3n y el desgaste, y garantiza una larga vida \u00fatil.<\/strong>  <\/p>\n","protected":false},"featured_media":7827,"comment_status":"open","ping_status":"closed","template":"","meta":{"_acf_changed":false,"_et_pb_use_builder":"","_et_pb_old_content":"","_et_gb_content_width":""},"product_brand":[],"product_cat":[3968,3929],"product_tag":[],"class_list":{"0":"post-241548","1":"product","2":"type-product","3":"status-publish","4":"has-post-thumbnail","6":"product_cat-palancas","7":"product_cat-productos","9":"first","10":"instock","11":"shipping-taxable","12":"product-type-simple"},"acf":{"pdf1":false},"yoast_head":"<!-- This site is optimized with the Yoast SEO plugin v27.2 - https:\/\/yoast.com\/product\/yoast-seo-wordpress\/ -->\n<title>Palancas cuadradas 9 - Rectas y con doblez - OMR Serrature<\/title>\n<meta name=\"robots\" content=\"index, follow, max-snippet:-1, max-image-preview:large, max-video-preview:-1\" \/>\n<link rel=\"canonical\" href=\"https:\/\/www.omrserrature.it\/es\/producto\/palancas-cuadradas-9-rectas-y-plegadas\/\" \/>\n<meta property=\"og:locale\" content=\"es_ES\" \/>\n<meta property=\"og:type\" content=\"article\" \/>\n<meta property=\"og:title\" content=\"Palancas cuadradas 9 - Rectas y con doblez - OMR Serrature\" \/>\n<meta property=\"og:description\" content=\"Las palancas rectas y dobladas con un orificio cuadrado de 9 mm para su anclaje al terminal de la cerradura est\u00e1n fabricadas con acero galvanizado de alta calidad y ofrecen un nivel superior de durabilidad y resistencia. Como todos los productos OMR, la fabricaci\u00f3n de los accesorios est\u00e1 sujeta a estrictos controles que garantizan un alto nivel de calidad. El acero galvanizado con el que est\u00e1n fabricados proporciona una protecci\u00f3n adicional contra la corrosi\u00f3n y el desgaste, y garantiza una larga vida \u00fatil.\" \/>\n<meta property=\"og:url\" content=\"https:\/\/www.omrserrature.it\/es\/producto\/palancas-cuadradas-9-rectas-y-plegadas\/\" \/>\n<meta property=\"og:site_name\" content=\"OMR Serrature | Produzione sistemi di chiusura\" \/>\n<meta property=\"article:publisher\" content=\"https:\/\/www.facebook.com\/OMRserrature\" \/>\n<meta property=\"article:modified_time\" content=\"2026-04-08T09:59:56+00:00\" \/>\n<meta property=\"og:image\" content=\"https:\/\/www.omrserrature.it\/wp-content\/uploads\/2017\/12\/leve-piegate-quadro-9.jpg\" \/>\n\t<meta property=\"og:image:width\" content=\"1698\" \/>\n\t<meta property=\"og:image:height\" content=\"772\" \/>\n\t<meta property=\"og:image:type\" content=\"image\/jpeg\" \/>\n<meta name=\"twitter:card\" content=\"summary_large_image\" \/>\n<meta name=\"twitter:label1\" content=\"Tiempo de lectura\" \/>\n\t<meta name=\"twitter:data1\" content=\"1 minuto\" \/>\n<script type=\"application\/ld+json\" class=\"yoast-schema-graph\">{\"@context\":\"https:\/\/schema.org\",\"@graph\":[{\"@type\":\"WebPage\",\"@id\":\"https:\/\/www.omrserrature.it\/es\/producto\/palancas-cuadradas-9-rectas-y-plegadas\/\",\"url\":\"https:\/\/www.omrserrature.it\/es\/producto\/palancas-cuadradas-9-rectas-y-plegadas\/\",\"name\":\"Palancas cuadradas 9 - Rectas y con doblez - OMR Serrature\",\"isPartOf\":{\"@id\":\"https:\/\/www.omrserrature.it\/es\/#website\"},\"primaryImageOfPage\":{\"@id\":\"https:\/\/www.omrserrature.it\/es\/producto\/palancas-cuadradas-9-rectas-y-plegadas\/#primaryimage\"},\"image\":{\"@id\":\"https:\/\/www.omrserrature.it\/es\/producto\/palancas-cuadradas-9-rectas-y-plegadas\/#primaryimage\"},\"thumbnailUrl\":\"https:\/\/www.omrserrature.it\/wp-content\/uploads\/2017\/12\/leve-piegate-quadro-9.jpg\",\"datePublished\":\"2004-12-17T10:45:00+00:00\",\"dateModified\":\"2026-04-08T09:59:56+00:00\",\"breadcrumb\":{\"@id\":\"https:\/\/www.omrserrature.it\/es\/producto\/palancas-cuadradas-9-rectas-y-plegadas\/#breadcrumb\"},\"inLanguage\":\"es\",\"potentialAction\":[{\"@type\":\"ReadAction\",\"target\":[\"https:\/\/www.omrserrature.it\/es\/producto\/palancas-cuadradas-9-rectas-y-plegadas\/\"]}]},{\"@type\":\"ImageObject\",\"inLanguage\":\"es\",\"@id\":\"https:\/\/www.omrserrature.it\/es\/producto\/palancas-cuadradas-9-rectas-y-plegadas\/#primaryimage\",\"url\":\"https:\/\/www.omrserrature.it\/wp-content\/uploads\/2017\/12\/leve-piegate-quadro-9.jpg\",\"contentUrl\":\"https:\/\/www.omrserrature.it\/wp-content\/uploads\/2017\/12\/leve-piegate-quadro-9.jpg\",\"width\":1698,\"height\":772},{\"@type\":\"BreadcrumbList\",\"@id\":\"https:\/\/www.omrserrature.it\/es\/producto\/palancas-cuadradas-9-rectas-y-plegadas\/#breadcrumb\",\"itemListElement\":[{\"@type\":\"ListItem\",\"position\":1,\"name\":\"Home\",\"item\":\"https:\/\/www.omrserrature.it\/es\/omr-cerradiras-y-sistemas-de-cierre\/\"},{\"@type\":\"ListItem\",\"position\":2,\"name\":\"Cat\u00e1logo\",\"item\":\"https:\/\/www.omrserrature.it\/catalogo\/?lang=es\"},{\"@type\":\"ListItem\",\"position\":3,\"name\":\"Productos\",\"item\":\"https:\/\/www.omrserrature.it\/es\/inventario\/productos\/\"},{\"@type\":\"ListItem\",\"position\":4,\"name\":\"Palancas cuadradas 9 &#8211; Rectas y con doblez\"}]},{\"@type\":\"WebSite\",\"@id\":\"https:\/\/www.omrserrature.it\/es\/#website\",\"url\":\"https:\/\/www.omrserrature.it\/es\/\",\"name\":\"OMR Serrature | Produzione sistemi di chiusura\",\"description\":\"Produzione serrature di sicurezza e sistemi di chiusura\",\"publisher\":{\"@id\":\"https:\/\/www.omrserrature.it\/es\/#organization\"},\"potentialAction\":[{\"@type\":\"SearchAction\",\"target\":{\"@type\":\"EntryPoint\",\"urlTemplate\":\"https:\/\/www.omrserrature.it\/es\/?s={search_term_string}\"},\"query-input\":{\"@type\":\"PropertyValueSpecification\",\"valueRequired\":true,\"valueName\":\"search_term_string\"}}],\"inLanguage\":\"es\"},{\"@type\":\"Organization\",\"@id\":\"https:\/\/www.omrserrature.it\/es\/#organization\",\"name\":\"OMR Serrature | Produzione sistemi di chiusura\",\"url\":\"https:\/\/www.omrserrature.it\/es\/\",\"logo\":{\"@type\":\"ImageObject\",\"inLanguage\":\"es\",\"@id\":\"https:\/\/www.omrserrature.it\/es\/#\/schema\/logo\/image\/\",\"url\":\"https:\/\/www.omrserrature.it\/wp-content\/uploads\/2017\/09\/favicon-omr-114.png\",\"contentUrl\":\"https:\/\/www.omrserrature.it\/wp-content\/uploads\/2017\/09\/favicon-omr-114.png\",\"width\":114,\"height\":114,\"caption\":\"OMR Serrature | Produzione sistemi di chiusura\"},\"image\":{\"@id\":\"https:\/\/www.omrserrature.it\/es\/#\/schema\/logo\/image\/\"},\"sameAs\":[\"https:\/\/www.facebook.com\/OMRserrature\",\"https:\/\/www.linkedin.com\/company\/omrserrature\/\",\"https:\/\/www.youtube.com\/channel\/UCxmA85z2R0EpG_6IRokiAkg\"]}]}<\/script>\n<!-- \/ Yoast SEO plugin. -->","yoast_head_json":{"title":"Palancas cuadradas 9 - Rectas y con doblez - OMR Serrature","robots":{"index":"index","follow":"follow","max-snippet":"max-snippet:-1","max-image-preview":"max-image-preview:large","max-video-preview":"max-video-preview:-1"},"canonical":"https:\/\/www.omrserrature.it\/es\/producto\/palancas-cuadradas-9-rectas-y-plegadas\/","og_locale":"es_ES","og_type":"article","og_title":"Palancas cuadradas 9 - Rectas y con doblez - OMR Serrature","og_description":"Las palancas rectas y dobladas con un orificio cuadrado de 9 mm para su anclaje al terminal de la cerradura est\u00e1n fabricadas con acero galvanizado de alta calidad y ofrecen un nivel superior de durabilidad y resistencia. Como todos los productos OMR, la fabricaci\u00f3n de los accesorios est\u00e1 sujeta a estrictos controles que garantizan un alto nivel de calidad. El acero galvanizado con el que est\u00e1n fabricados proporciona una protecci\u00f3n adicional contra la corrosi\u00f3n y el desgaste, y garantiza una larga vida \u00fatil.","og_url":"https:\/\/www.omrserrature.it\/es\/producto\/palancas-cuadradas-9-rectas-y-plegadas\/","og_site_name":"OMR Serrature | Produzione sistemi di chiusura","article_publisher":"https:\/\/www.facebook.com\/OMRserrature","article_modified_time":"2026-04-08T09:59:56+00:00","og_image":[{"width":1698,"height":772,"url":"https:\/\/www.omrserrature.it\/wp-content\/uploads\/2017\/12\/leve-piegate-quadro-9.jpg","type":"image\/jpeg"}],"twitter_card":"summary_large_image","twitter_misc":{"Tiempo de lectura":"1 minuto"},"schema":{"@context":"https:\/\/schema.org","@graph":[{"@type":"WebPage","@id":"https:\/\/www.omrserrature.it\/es\/producto\/palancas-cuadradas-9-rectas-y-plegadas\/","url":"https:\/\/www.omrserrature.it\/es\/producto\/palancas-cuadradas-9-rectas-y-plegadas\/","name":"Palancas cuadradas 9 - Rectas y con doblez - OMR Serrature","isPartOf":{"@id":"https:\/\/www.omrserrature.it\/es\/#website"},"primaryImageOfPage":{"@id":"https:\/\/www.omrserrature.it\/es\/producto\/palancas-cuadradas-9-rectas-y-plegadas\/#primaryimage"},"image":{"@id":"https:\/\/www.omrserrature.it\/es\/producto\/palancas-cuadradas-9-rectas-y-plegadas\/#primaryimage"},"thumbnailUrl":"https:\/\/www.omrserrature.it\/wp-content\/uploads\/2017\/12\/leve-piegate-quadro-9.jpg","datePublished":"2004-12-17T10:45:00+00:00","dateModified":"2026-04-08T09:59:56+00:00","breadcrumb":{"@id":"https:\/\/www.omrserrature.it\/es\/producto\/palancas-cuadradas-9-rectas-y-plegadas\/#breadcrumb"},"inLanguage":"es","potentialAction":[{"@type":"ReadAction","target":["https:\/\/www.omrserrature.it\/es\/producto\/palancas-cuadradas-9-rectas-y-plegadas\/"]}]},{"@type":"ImageObject","inLanguage":"es","@id":"https:\/\/www.omrserrature.it\/es\/producto\/palancas-cuadradas-9-rectas-y-plegadas\/#primaryimage","url":"https:\/\/www.omrserrature.it\/wp-content\/uploads\/2017\/12\/leve-piegate-quadro-9.jpg","contentUrl":"https:\/\/www.omrserrature.it\/wp-content\/uploads\/2017\/12\/leve-piegate-quadro-9.jpg","width":1698,"height":772},{"@type":"BreadcrumbList","@id":"https:\/\/www.omrserrature.it\/es\/producto\/palancas-cuadradas-9-rectas-y-plegadas\/#breadcrumb","itemListElement":[{"@type":"ListItem","position":1,"name":"Home","item":"https:\/\/www.omrserrature.it\/es\/omr-cerradiras-y-sistemas-de-cierre\/"},{"@type":"ListItem","position":2,"name":"Cat\u00e1logo","item":"https:\/\/www.omrserrature.it\/catalogo\/?lang=es"},{"@type":"ListItem","position":3,"name":"Productos","item":"https:\/\/www.omrserrature.it\/es\/inventario\/productos\/"},{"@type":"ListItem","position":4,"name":"Palancas cuadradas 9 &#8211; Rectas y con doblez"}]},{"@type":"WebSite","@id":"https:\/\/www.omrserrature.it\/es\/#website","url":"https:\/\/www.omrserrature.it\/es\/","name":"OMR Serrature | Produzione sistemi di chiusura","description":"Produzione serrature di sicurezza e sistemi di chiusura","publisher":{"@id":"https:\/\/www.omrserrature.it\/es\/#organization"},"potentialAction":[{"@type":"SearchAction","target":{"@type":"EntryPoint","urlTemplate":"https:\/\/www.omrserrature.it\/es\/?s={search_term_string}"},"query-input":{"@type":"PropertyValueSpecification","valueRequired":true,"valueName":"search_term_string"}}],"inLanguage":"es"},{"@type":"Organization","@id":"https:\/\/www.omrserrature.it\/es\/#organization","name":"OMR Serrature | Produzione sistemi di chiusura","url":"https:\/\/www.omrserrature.it\/es\/","logo":{"@type":"ImageObject","inLanguage":"es","@id":"https:\/\/www.omrserrature.it\/es\/#\/schema\/logo\/image\/","url":"https:\/\/www.omrserrature.it\/wp-content\/uploads\/2017\/09\/favicon-omr-114.png","contentUrl":"https:\/\/www.omrserrature.it\/wp-content\/uploads\/2017\/09\/favicon-omr-114.png","width":114,"height":114,"caption":"OMR Serrature | Produzione sistemi di chiusura"},"image":{"@id":"https:\/\/www.omrserrature.it\/es\/#\/schema\/logo\/image\/"},"sameAs":["https:\/\/www.facebook.com\/OMRserrature","https:\/\/www.linkedin.com\/company\/omrserrature\/","https:\/\/www.youtube.com\/channel\/UCxmA85z2R0EpG_6IRokiAkg"]}]}},"_links":{"self":[{"href":"https:\/\/www.omrserrature.it\/es\/wp-json\/wp\/v2\/product\/241548","targetHints":{"allow":["GET"]}}],"collection":[{"href":"https:\/\/www.omrserrature.it\/es\/wp-json\/wp\/v2\/product"}],"about":[{"href":"https:\/\/www.omrserrature.it\/es\/wp-json\/wp\/v2\/types\/product"}],"replies":[{"embeddable":true,"href":"https:\/\/www.omrserrature.it\/es\/wp-json\/wp\/v2\/comments?post=241548"}],"wp:featuredmedia":[{"embeddable":true,"href":"https:\/\/www.omrserrature.it\/es\/wp-json\/wp\/v2\/media\/7827"}],"wp:attachment":[{"href":"https:\/\/www.omrserrature.it\/es\/wp-json\/wp\/v2\/media?parent=241548"}],"wp:term":[{"taxonomy":"product_brand","embeddable":true,"href":"https:\/\/www.omrserrature.it\/es\/wp-json\/wp\/v2\/product_brand?post=241548"},{"taxonomy":"product_cat","embeddable":true,"href":"https:\/\/www.omrserrature.it\/es\/wp-json\/wp\/v2\/product_cat?post=241548"},{"taxonomy":"product_tag","embeddable":true,"href":"https:\/\/www.omrserrature.it\/es\/wp-json\/wp\/v2\/product_tag?post=241548"}],"curies":[{"name":"wp","href":"https:\/\/api.w.org\/{rel}","templated":true}]}}