{"id":241546,"date":"2017-11-30T14:37:32","date_gmt":"2017-11-30T13:37:32","guid":{"rendered":"https:\/\/www.staging6.omrserrature.it\/prodotto\/palancas-plegadas-terminal-cuadrado-7-mm\/"},"modified":"2017-11-30T14:37:32","modified_gmt":"2017-11-30T13:37:32","slug":"palancas-plegadas-terminal-cuadrado-7-mm","status":"publish","type":"product","link":"https:\/\/www.omrserrature.it\/es\/producto\/palancas-plegadas-terminal-cuadrado-7-mm\/","title":{"rendered":"Palancas plegadas &#8211; terminal cuadrado 7 mm"},"content":{"rendered":"<p>Las<strong> palancas plegables de acero galvanizado<\/strong> de OMR son la elecci\u00f3n ideal para garantizar la fiabilidad y seguridad de puertas batientes, cajones, etc. La palanca abatible se coloca en el interior de la cerradura y est\u00e1 dise\u00f1ada para que, al girar en el asiento de cierre del montante, encaje en el asiento de cierre, posiblemente reforzado con un contraborde. La utilidad de la palanca plegada es evidente cuando <strong>una palanca recta golpear\u00eda la columna de la Puerta<\/strong> en lugar de entrar en el asiento de cierre. Una palanca plegada resuelve este problema <strong>sin tener que utilizar una cerradura especial o sobredimensionada<\/strong>.  <\/p>\n<p><strong>Caracter\u00edsticas principales:<\/strong><\/p>\n<ul>\n<li><strong>Robusta y duradera:<\/strong> Fabricada en acero galvanizado de alta calidad, la palanca recta OMR con plegadas ofrece una larga vida \u00fatil y fiabilidad incluso en entornos expuestos a la humedad o a condiciones meteorol\u00f3gicas adversas.<\/li>\n<li><strong>Versatilidad de uso:<\/strong> OMR ofrece una amplia gama de variantes para adaptarse a tus necesidades espec\u00edficas. Aqu\u00ed se muestran las principales variantes del cat\u00e1logo, pero tambi\u00e9n se pueden fabricar a medida Palancas rectas plegables. <\/li>\n<li><strong>Instalaci\u00f3n sencilla:<\/strong> la palanca recta con plegadas es f\u00e1cil de instalar, y su configuraci\u00f3n est\u00e1 dise\u00f1ada para simplificar el proceso de montaje, ahorr\u00e1ndote tiempo y esfuerzo.<\/li>\n<\/ul>\n<p>Descubre las variantes est\u00e1ndar de Palancas rectas con plegadas, y experimenta la calidad y precisi\u00f3n de OMR en el campo de las soluciones de Cierre y Seguridad.  <strong>Accede a la lista completa de Palancas rectas plegadas en la secci\u00f3n C\u00d3DIGOS DE PRODUCTOS.<\/strong><\/p>\n","protected":false},"excerpt":{"rendered":"<p>Las<strong> palancas plegables de acero galvanizado<\/strong> de OMR son la elecci\u00f3n ideal para garantizar la fiabilidad y seguridad de puertas batientes, cajones, etc. La palanca recta abatible se coloca en el interior de la cerradura y est\u00e1 dise\u00f1ada para que, <strong>al girar en el asiento de cierre del montante<\/strong>, encaje sin fricci\u00f3n en su asiento de cierre, eventualmente reforzado con un contraborde.<\/p>\n","protected":false},"featured_media":10011,"comment_status":"open","ping_status":"closed","template":"","meta":{"_acf_changed":false,"_et_pb_use_builder":"off","_et_pb_old_content":"Palancas de cerradura universales cuadradas de acero 7 plegadas. Disponibles en diferentes plegadas, tambi\u00e9n personalizadas (consulta la secci\u00f3n C\u00f3digo de producto). ","_et_gb_content_width":""},"product_brand":[],"product_cat":[3968,3929],"product_tag":[],"class_list":{"0":"post-241546","1":"product","2":"type-product","3":"status-publish","4":"has-post-thumbnail","6":"product_cat-palancas","7":"product_cat-productos","9":"first","10":"instock","11":"shipping-taxable","12":"purchasable","13":"product-type-simple"},"acf":{"pdf1":false},"yoast_head":"<!-- This site is optimized with the Yoast SEO plugin v27.2 - https:\/\/yoast.com\/product\/yoast-seo-wordpress\/ -->\n<title>Palancas plegadas - terminal cuadrado 7 mm - OMR Serrature<\/title>\n<meta name=\"robots\" content=\"index, follow, max-snippet:-1, max-image-preview:large, max-video-preview:-1\" \/>\n<link rel=\"canonical\" href=\"https:\/\/www.omrserrature.it\/es\/producto\/palancas-plegadas-terminal-cuadrado-7-mm\/\" \/>\n<meta property=\"og:locale\" content=\"es_ES\" \/>\n<meta property=\"og:type\" content=\"article\" \/>\n<meta property=\"og:title\" content=\"Palancas plegadas - terminal cuadrado 7 mm - OMR Serrature\" \/>\n<meta property=\"og:description\" content=\"Las palancas plegables de acero galvanizado de OMR son la elecci\u00f3n ideal para garantizar la fiabilidad y seguridad de puertas batientes, cajones, etc. La palanca recta abatible se coloca en el interior de la cerradura y est\u00e1 dise\u00f1ada para que, al girar en el asiento de cierre del montante, encaje sin fricci\u00f3n en su asiento de cierre, eventualmente reforzado con un contraborde.\" \/>\n<meta property=\"og:url\" content=\"https:\/\/www.omrserrature.it\/es\/producto\/palancas-plegadas-terminal-cuadrado-7-mm\/\" \/>\n<meta property=\"og:site_name\" content=\"OMR Serrature | Produzione sistemi di chiusura\" \/>\n<meta property=\"article:publisher\" content=\"https:\/\/www.facebook.com\/OMRserrature\" \/>\n<meta property=\"og:image\" content=\"https:\/\/www.omrserrature.it\/wp-content\/uploads\/2019\/02\/leva-piegata-quadro-7-SLEP03893-img.jpg\" \/>\n\t<meta property=\"og:image:width\" content=\"433\" \/>\n\t<meta property=\"og:image:height\" content=\"227\" \/>\n\t<meta property=\"og:image:type\" content=\"image\/jpeg\" \/>\n<meta name=\"twitter:card\" content=\"summary_large_image\" \/>\n<meta name=\"twitter:label1\" content=\"Tiempo de lectura\" \/>\n\t<meta name=\"twitter:data1\" content=\"1 minuto\" \/>\n<script type=\"application\/ld+json\" class=\"yoast-schema-graph\">{\"@context\":\"https:\/\/schema.org\",\"@graph\":[{\"@type\":\"WebPage\",\"@id\":\"https:\/\/www.omrserrature.it\/es\/producto\/palancas-plegadas-terminal-cuadrado-7-mm\/\",\"url\":\"https:\/\/www.omrserrature.it\/es\/producto\/palancas-plegadas-terminal-cuadrado-7-mm\/\",\"name\":\"Palancas plegadas - terminal cuadrado 7 mm - OMR Serrature\",\"isPartOf\":{\"@id\":\"https:\/\/www.omrserrature.it\/es\/#website\"},\"primaryImageOfPage\":{\"@id\":\"https:\/\/www.omrserrature.it\/es\/producto\/palancas-plegadas-terminal-cuadrado-7-mm\/#primaryimage\"},\"image\":{\"@id\":\"https:\/\/www.omrserrature.it\/es\/producto\/palancas-plegadas-terminal-cuadrado-7-mm\/#primaryimage\"},\"thumbnailUrl\":\"https:\/\/www.omrserrature.it\/wp-content\/uploads\/2019\/02\/leva-piegata-quadro-7-SLEP03893-img.jpg\",\"datePublished\":\"2017-11-30T13:37:32+00:00\",\"breadcrumb\":{\"@id\":\"https:\/\/www.omrserrature.it\/es\/producto\/palancas-plegadas-terminal-cuadrado-7-mm\/#breadcrumb\"},\"inLanguage\":\"es\",\"potentialAction\":[{\"@type\":\"ReadAction\",\"target\":[\"https:\/\/www.omrserrature.it\/es\/producto\/palancas-plegadas-terminal-cuadrado-7-mm\/\"]}]},{\"@type\":\"ImageObject\",\"inLanguage\":\"es\",\"@id\":\"https:\/\/www.omrserrature.it\/es\/producto\/palancas-plegadas-terminal-cuadrado-7-mm\/#primaryimage\",\"url\":\"https:\/\/www.omrserrature.it\/wp-content\/uploads\/2019\/02\/leva-piegata-quadro-7-SLEP03893-img.jpg\",\"contentUrl\":\"https:\/\/www.omrserrature.it\/wp-content\/uploads\/2019\/02\/leva-piegata-quadro-7-SLEP03893-img.jpg\",\"width\":433,\"height\":227,\"caption\":\"Cuadrado de acero galvanizado 7 palanca doblada para cerradura - SLEP03893\"},{\"@type\":\"BreadcrumbList\",\"@id\":\"https:\/\/www.omrserrature.it\/es\/producto\/palancas-plegadas-terminal-cuadrado-7-mm\/#breadcrumb\",\"itemListElement\":[{\"@type\":\"ListItem\",\"position\":1,\"name\":\"Home\",\"item\":\"https:\/\/www.omrserrature.it\/es\/omr-cerradiras-y-sistemas-de-cierre\/\"},{\"@type\":\"ListItem\",\"position\":2,\"name\":\"Cat\u00e1logo\",\"item\":\"https:\/\/www.omrserrature.it\/catalogo\/?lang=es\"},{\"@type\":\"ListItem\",\"position\":3,\"name\":\"Productos\",\"item\":\"https:\/\/www.omrserrature.it\/es\/inventario\/productos\/\"},{\"@type\":\"ListItem\",\"position\":4,\"name\":\"Palancas plegadas &#8211; terminal cuadrado 7 mm\"}]},{\"@type\":\"WebSite\",\"@id\":\"https:\/\/www.omrserrature.it\/es\/#website\",\"url\":\"https:\/\/www.omrserrature.it\/es\/\",\"name\":\"OMR Serrature | Produzione sistemi di chiusura\",\"description\":\"Produzione serrature di sicurezza e sistemi di chiusura\",\"publisher\":{\"@id\":\"https:\/\/www.omrserrature.it\/es\/#organization\"},\"potentialAction\":[{\"@type\":\"SearchAction\",\"target\":{\"@type\":\"EntryPoint\",\"urlTemplate\":\"https:\/\/www.omrserrature.it\/es\/?s={search_term_string}\"},\"query-input\":{\"@type\":\"PropertyValueSpecification\",\"valueRequired\":true,\"valueName\":\"search_term_string\"}}],\"inLanguage\":\"es\"},{\"@type\":\"Organization\",\"@id\":\"https:\/\/www.omrserrature.it\/es\/#organization\",\"name\":\"OMR Serrature | Produzione sistemi di chiusura\",\"url\":\"https:\/\/www.omrserrature.it\/es\/\",\"logo\":{\"@type\":\"ImageObject\",\"inLanguage\":\"es\",\"@id\":\"https:\/\/www.omrserrature.it\/es\/#\/schema\/logo\/image\/\",\"url\":\"https:\/\/www.omrserrature.it\/wp-content\/uploads\/2017\/09\/favicon-omr-114.png\",\"contentUrl\":\"https:\/\/www.omrserrature.it\/wp-content\/uploads\/2017\/09\/favicon-omr-114.png\",\"width\":114,\"height\":114,\"caption\":\"OMR Serrature | Produzione sistemi di chiusura\"},\"image\":{\"@id\":\"https:\/\/www.omrserrature.it\/es\/#\/schema\/logo\/image\/\"},\"sameAs\":[\"https:\/\/www.facebook.com\/OMRserrature\",\"https:\/\/www.linkedin.com\/company\/omrserrature\/\",\"https:\/\/www.youtube.com\/channel\/UCxmA85z2R0EpG_6IRokiAkg\"]}]}<\/script>\n<!-- \/ Yoast SEO plugin. -->","yoast_head_json":{"title":"Palancas plegadas - terminal cuadrado 7 mm - OMR Serrature","robots":{"index":"index","follow":"follow","max-snippet":"max-snippet:-1","max-image-preview":"max-image-preview:large","max-video-preview":"max-video-preview:-1"},"canonical":"https:\/\/www.omrserrature.it\/es\/producto\/palancas-plegadas-terminal-cuadrado-7-mm\/","og_locale":"es_ES","og_type":"article","og_title":"Palancas plegadas - terminal cuadrado 7 mm - OMR Serrature","og_description":"Las palancas plegables de acero galvanizado de OMR son la elecci\u00f3n ideal para garantizar la fiabilidad y seguridad de puertas batientes, cajones, etc. La palanca recta abatible se coloca en el interior de la cerradura y est\u00e1 dise\u00f1ada para que, al girar en el asiento de cierre del montante, encaje sin fricci\u00f3n en su asiento de cierre, eventualmente reforzado con un contraborde.","og_url":"https:\/\/www.omrserrature.it\/es\/producto\/palancas-plegadas-terminal-cuadrado-7-mm\/","og_site_name":"OMR Serrature | Produzione sistemi di chiusura","article_publisher":"https:\/\/www.facebook.com\/OMRserrature","og_image":[{"width":433,"height":227,"url":"https:\/\/www.omrserrature.it\/wp-content\/uploads\/2019\/02\/leva-piegata-quadro-7-SLEP03893-img.jpg","type":"image\/jpeg"}],"twitter_card":"summary_large_image","twitter_misc":{"Tiempo de lectura":"1 minuto"},"schema":{"@context":"https:\/\/schema.org","@graph":[{"@type":"WebPage","@id":"https:\/\/www.omrserrature.it\/es\/producto\/palancas-plegadas-terminal-cuadrado-7-mm\/","url":"https:\/\/www.omrserrature.it\/es\/producto\/palancas-plegadas-terminal-cuadrado-7-mm\/","name":"Palancas plegadas - terminal cuadrado 7 mm - OMR Serrature","isPartOf":{"@id":"https:\/\/www.omrserrature.it\/es\/#website"},"primaryImageOfPage":{"@id":"https:\/\/www.omrserrature.it\/es\/producto\/palancas-plegadas-terminal-cuadrado-7-mm\/#primaryimage"},"image":{"@id":"https:\/\/www.omrserrature.it\/es\/producto\/palancas-plegadas-terminal-cuadrado-7-mm\/#primaryimage"},"thumbnailUrl":"https:\/\/www.omrserrature.it\/wp-content\/uploads\/2019\/02\/leva-piegata-quadro-7-SLEP03893-img.jpg","datePublished":"2017-11-30T13:37:32+00:00","breadcrumb":{"@id":"https:\/\/www.omrserrature.it\/es\/producto\/palancas-plegadas-terminal-cuadrado-7-mm\/#breadcrumb"},"inLanguage":"es","potentialAction":[{"@type":"ReadAction","target":["https:\/\/www.omrserrature.it\/es\/producto\/palancas-plegadas-terminal-cuadrado-7-mm\/"]}]},{"@type":"ImageObject","inLanguage":"es","@id":"https:\/\/www.omrserrature.it\/es\/producto\/palancas-plegadas-terminal-cuadrado-7-mm\/#primaryimage","url":"https:\/\/www.omrserrature.it\/wp-content\/uploads\/2019\/02\/leva-piegata-quadro-7-SLEP03893-img.jpg","contentUrl":"https:\/\/www.omrserrature.it\/wp-content\/uploads\/2019\/02\/leva-piegata-quadro-7-SLEP03893-img.jpg","width":433,"height":227,"caption":"Cuadrado de acero galvanizado 7 palanca doblada para cerradura - SLEP03893"},{"@type":"BreadcrumbList","@id":"https:\/\/www.omrserrature.it\/es\/producto\/palancas-plegadas-terminal-cuadrado-7-mm\/#breadcrumb","itemListElement":[{"@type":"ListItem","position":1,"name":"Home","item":"https:\/\/www.omrserrature.it\/es\/omr-cerradiras-y-sistemas-de-cierre\/"},{"@type":"ListItem","position":2,"name":"Cat\u00e1logo","item":"https:\/\/www.omrserrature.it\/catalogo\/?lang=es"},{"@type":"ListItem","position":3,"name":"Productos","item":"https:\/\/www.omrserrature.it\/es\/inventario\/productos\/"},{"@type":"ListItem","position":4,"name":"Palancas plegadas &#8211; terminal cuadrado 7 mm"}]},{"@type":"WebSite","@id":"https:\/\/www.omrserrature.it\/es\/#website","url":"https:\/\/www.omrserrature.it\/es\/","name":"OMR Serrature | Produzione sistemi di chiusura","description":"Produzione serrature di sicurezza e sistemi di chiusura","publisher":{"@id":"https:\/\/www.omrserrature.it\/es\/#organization"},"potentialAction":[{"@type":"SearchAction","target":{"@type":"EntryPoint","urlTemplate":"https:\/\/www.omrserrature.it\/es\/?s={search_term_string}"},"query-input":{"@type":"PropertyValueSpecification","valueRequired":true,"valueName":"search_term_string"}}],"inLanguage":"es"},{"@type":"Organization","@id":"https:\/\/www.omrserrature.it\/es\/#organization","name":"OMR Serrature | Produzione sistemi di chiusura","url":"https:\/\/www.omrserrature.it\/es\/","logo":{"@type":"ImageObject","inLanguage":"es","@id":"https:\/\/www.omrserrature.it\/es\/#\/schema\/logo\/image\/","url":"https:\/\/www.omrserrature.it\/wp-content\/uploads\/2017\/09\/favicon-omr-114.png","contentUrl":"https:\/\/www.omrserrature.it\/wp-content\/uploads\/2017\/09\/favicon-omr-114.png","width":114,"height":114,"caption":"OMR Serrature | Produzione sistemi di chiusura"},"image":{"@id":"https:\/\/www.omrserrature.it\/es\/#\/schema\/logo\/image\/"},"sameAs":["https:\/\/www.facebook.com\/OMRserrature","https:\/\/www.linkedin.com\/company\/omrserrature\/","https:\/\/www.youtube.com\/channel\/UCxmA85z2R0EpG_6IRokiAkg"]}]}},"_links":{"self":[{"href":"https:\/\/www.omrserrature.it\/es\/wp-json\/wp\/v2\/product\/241546","targetHints":{"allow":["GET"]}}],"collection":[{"href":"https:\/\/www.omrserrature.it\/es\/wp-json\/wp\/v2\/product"}],"about":[{"href":"https:\/\/www.omrserrature.it\/es\/wp-json\/wp\/v2\/types\/product"}],"replies":[{"embeddable":true,"href":"https:\/\/www.omrserrature.it\/es\/wp-json\/wp\/v2\/comments?post=241546"}],"wp:featuredmedia":[{"embeddable":true,"href":"https:\/\/www.omrserrature.it\/es\/wp-json\/wp\/v2\/media\/10011"}],"wp:attachment":[{"href":"https:\/\/www.omrserrature.it\/es\/wp-json\/wp\/v2\/media?parent=241546"}],"wp:term":[{"taxonomy":"product_brand","embeddable":true,"href":"https:\/\/www.omrserrature.it\/es\/wp-json\/wp\/v2\/product_brand?post=241546"},{"taxonomy":"product_cat","embeddable":true,"href":"https:\/\/www.omrserrature.it\/es\/wp-json\/wp\/v2\/product_cat?post=241546"},{"taxonomy":"product_tag","embeddable":true,"href":"https:\/\/www.omrserrature.it\/es\/wp-json\/wp\/v2\/product_tag?post=241546"}],"curies":[{"name":"wp","href":"https:\/\/api.w.org\/{rel}","templated":true}]}}