{"id":241544,"date":"2017-12-04T11:35:00","date_gmt":"2017-12-04T10:35:00","guid":{"rendered":"https:\/\/www.staging6.omrserrature.it\/prodotto\/levas-rectas-terminal-cuadrado-8-mm\/"},"modified":"2017-12-04T11:35:00","modified_gmt":"2017-12-04T10:35:00","slug":"levas-rectas-terminal-cuadrado-8-mm","status":"publish","type":"product","link":"https:\/\/www.omrserrature.it\/es\/producto\/levas-rectas-terminal-cuadrado-8-mm\/","title":{"rendered":"Levas rectas &#8211; terminal cuadrado 8 mm"},"content":{"rendered":"<p>Nuestra <strong>leva recta con terminal cuadrado 8mm <\/strong>es<strong> la elecci\u00f3n habitual para cerraduras universales.<\/strong> Fabricada en acero galvanizado de alta calidad, esta leva ofrece un nivel superior de durabilidad y resistencia. Como todos los productos OMR, la fabricaci\u00f3n de los accesorios est\u00e1 sujeta a estrictos controles que garantizan un alto nivel de calidad. El acero galvanizado con el que est\u00e1 fabricada<strong> proporciona una protecci\u00f3n adicional contra la corrosi\u00f3n y el desgaste, y garantiza una larga vida \u00fatil.<\/strong>  <\/p>\n<p><strong>Las variaciones en la distancia entre ejes, la anchura y el grosor ofrecen una gran flexibilidad de elecci\u00f3n<\/strong>, y se adaptar\u00e1n a las necesidades de la mayor\u00eda de los proyectos, OMR proporciona <strong>una amplia selecci\u00f3n de palancas rectas cuadradas 8 en el cat\u00e1logo<\/strong>, pero tambi\u00e9n ofrece la oportunidad de fabricar <strong>cerraduras y accesorios<\/strong> a medida, perfectos para tu proyecto. Elige la palanca recta cuadrada 8 de OMR para garantizar un resultado fiable y duradero. Los materiales de calidad y la atenci\u00f3n al detalle en el control de calidad est\u00e1n al servicio de tu seguridad y satisfacci\u00f3n. Ponte en contacto con nuestro equipo para saber c\u00f3mo podemos contribuir al \u00e9xito de tu proyecto.<\/p>\n<p><strong>Descubre todas las palancas del cat\u00e1logo en la secci\u00f3n \u00abC\u00f3digos de producto\u00bb.<\/strong><\/p>\n","protected":false},"excerpt":{"rendered":"<p>Nuestra <strong>leva recta con terminal cuadrado 8 <\/strong>es<strong> la elecci\u00f3n habitual para cerraduras universales.<\/strong> Fabricada en acero galvanizado de alta calidad, esta leva ofrece un nivel superior de durabilidad y resistencia. Como todos los productos OMR, la fabricaci\u00f3n de los accesorios est\u00e1 sujeta a estrictos controles que garantizan un alto nivel de calidad. El acero galvanizado con el que est\u00e1 fabricada<strong> proporciona una protecci\u00f3n adicional contra la corrosi\u00f3n y el desgaste, y garantiza una larga vida \u00fatil.<\/strong>  <\/p>\n","protected":false},"featured_media":7714,"comment_status":"open","ping_status":"closed","template":"","meta":{"_acf_changed":false,"_et_pb_use_builder":"","_et_pb_old_content":"","_et_gb_content_width":""},"product_brand":[],"product_cat":[3968,3929],"product_tag":[],"class_list":{"0":"post-241544","1":"product","2":"type-product","3":"status-publish","4":"has-post-thumbnail","6":"product_cat-palancas","7":"product_cat-productos","9":"first","10":"instock","11":"shipping-taxable","12":"product-type-simple"},"acf":{"pdf1":false},"yoast_head":"<!-- This site is optimized with the Yoast SEO plugin v27.5 - https:\/\/yoast.com\/product\/yoast-seo-wordpress\/ -->\n<title>Levas rectas - terminal cuadrado 8 mm - OMR Serrature<\/title>\n<meta name=\"robots\" content=\"index, follow, max-snippet:-1, max-image-preview:large, max-video-preview:-1\" \/>\n<link rel=\"canonical\" href=\"https:\/\/www.omrserrature.it\/es\/producto\/levas-rectas-terminal-cuadrado-8-mm\/\" \/>\n<meta property=\"og:locale\" content=\"es_ES\" \/>\n<meta property=\"og:type\" content=\"article\" \/>\n<meta property=\"og:title\" content=\"Levas rectas - terminal cuadrado 8 mm - OMR Serrature\" \/>\n<meta property=\"og:description\" content=\"Nuestra leva recta con terminal cuadrado 8 es la elecci\u00f3n habitual para cerraduras universales. Fabricada en acero galvanizado de alta calidad, esta leva ofrece un nivel superior de durabilidad y resistencia. Como todos los productos OMR, la fabricaci\u00f3n de los accesorios est\u00e1 sujeta a estrictos controles que garantizan un alto nivel de calidad. El acero galvanizado con el que est\u00e1 fabricada proporciona una protecci\u00f3n adicional contra la corrosi\u00f3n y el desgaste, y garantiza una larga vida \u00fatil.\" \/>\n<meta property=\"og:url\" content=\"https:\/\/www.omrserrature.it\/es\/producto\/levas-rectas-terminal-cuadrado-8-mm\/\" \/>\n<meta property=\"og:site_name\" content=\"OMR Serrature | Produzione sistemi di chiusura\" \/>\n<meta property=\"article:publisher\" content=\"https:\/\/www.facebook.com\/OMRserrature\" \/>\n<meta property=\"og:image\" content=\"https:\/\/www.omrserrature.it\/wp-content\/uploads\/2017\/11\/leve-dritte-quadro-8.jpg\" \/>\n\t<meta property=\"og:image:width\" content=\"789\" \/>\n\t<meta property=\"og:image:height\" content=\"767\" \/>\n\t<meta property=\"og:image:type\" content=\"image\/jpeg\" \/>\n<meta name=\"twitter:card\" content=\"summary_large_image\" \/>\n<meta name=\"twitter:label1\" content=\"Tiempo de lectura\" \/>\n\t<meta name=\"twitter:data1\" content=\"1 minuto\" \/>\n<script type=\"application\/ld+json\" class=\"yoast-schema-graph\">{\"@context\":\"https:\\\/\\\/schema.org\",\"@graph\":[{\"@type\":\"WebPage\",\"@id\":\"https:\\\/\\\/www.omrserrature.it\\\/es\\\/producto\\\/levas-rectas-terminal-cuadrado-8-mm\\\/\",\"url\":\"https:\\\/\\\/www.omrserrature.it\\\/es\\\/producto\\\/levas-rectas-terminal-cuadrado-8-mm\\\/\",\"name\":\"Levas rectas - terminal cuadrado 8 mm - OMR Serrature\",\"isPartOf\":{\"@id\":\"https:\\\/\\\/www.omrserrature.it\\\/es\\\/#website\"},\"primaryImageOfPage\":{\"@id\":\"https:\\\/\\\/www.omrserrature.it\\\/es\\\/producto\\\/levas-rectas-terminal-cuadrado-8-mm\\\/#primaryimage\"},\"image\":{\"@id\":\"https:\\\/\\\/www.omrserrature.it\\\/es\\\/producto\\\/levas-rectas-terminal-cuadrado-8-mm\\\/#primaryimage\"},\"thumbnailUrl\":\"https:\\\/\\\/www.omrserrature.it\\\/wp-content\\\/uploads\\\/2017\\\/11\\\/leve-dritte-quadro-8.jpg\",\"datePublished\":\"2017-12-04T10:35:00+00:00\",\"breadcrumb\":{\"@id\":\"https:\\\/\\\/www.omrserrature.it\\\/es\\\/producto\\\/levas-rectas-terminal-cuadrado-8-mm\\\/#breadcrumb\"},\"inLanguage\":\"es\",\"potentialAction\":[{\"@type\":\"ReadAction\",\"target\":[\"https:\\\/\\\/www.omrserrature.it\\\/es\\\/producto\\\/levas-rectas-terminal-cuadrado-8-mm\\\/\"]}]},{\"@type\":\"ImageObject\",\"inLanguage\":\"es\",\"@id\":\"https:\\\/\\\/www.omrserrature.it\\\/es\\\/producto\\\/levas-rectas-terminal-cuadrado-8-mm\\\/#primaryimage\",\"url\":\"https:\\\/\\\/www.omrserrature.it\\\/wp-content\\\/uploads\\\/2017\\\/11\\\/leve-dritte-quadro-8.jpg\",\"contentUrl\":\"https:\\\/\\\/www.omrserrature.it\\\/wp-content\\\/uploads\\\/2017\\\/11\\\/leve-dritte-quadro-8.jpg\",\"width\":789,\"height\":767},{\"@type\":\"BreadcrumbList\",\"@id\":\"https:\\\/\\\/www.omrserrature.it\\\/es\\\/producto\\\/levas-rectas-terminal-cuadrado-8-mm\\\/#breadcrumb\",\"itemListElement\":[{\"@type\":\"ListItem\",\"position\":1,\"name\":\"Home\",\"item\":\"https:\\\/\\\/www.omrserrature.it\\\/es\\\/omr-cerradiras-y-sistemas-de-cierre\\\/\"},{\"@type\":\"ListItem\",\"position\":2,\"name\":\"Cat\u00e1logo\",\"item\":\"https:\\\/\\\/www.omrserrature.it\\\/catalogo\\\/?lang=es\"},{\"@type\":\"ListItem\",\"position\":3,\"name\":\"Productos\",\"item\":\"https:\\\/\\\/www.omrserrature.it\\\/es\\\/inventario\\\/productos\\\/\"},{\"@type\":\"ListItem\",\"position\":4,\"name\":\"Levas rectas &#8211; terminal cuadrado 8 mm\"}]},{\"@type\":\"WebSite\",\"@id\":\"https:\\\/\\\/www.omrserrature.it\\\/es\\\/#website\",\"url\":\"https:\\\/\\\/www.omrserrature.it\\\/es\\\/\",\"name\":\"OMR Serrature | Produzione sistemi di chiusura\",\"description\":\"Produzione serrature di sicurezza e sistemi di chiusura\",\"publisher\":{\"@id\":\"https:\\\/\\\/www.omrserrature.it\\\/es\\\/#organization\"},\"potentialAction\":[{\"@type\":\"SearchAction\",\"target\":{\"@type\":\"EntryPoint\",\"urlTemplate\":\"https:\\\/\\\/www.omrserrature.it\\\/es\\\/?s={search_term_string}\"},\"query-input\":{\"@type\":\"PropertyValueSpecification\",\"valueRequired\":true,\"valueName\":\"search_term_string\"}}],\"inLanguage\":\"es\"},{\"@type\":\"Organization\",\"@id\":\"https:\\\/\\\/www.omrserrature.it\\\/es\\\/#organization\",\"name\":\"OMR Serrature | Produzione sistemi di chiusura\",\"url\":\"https:\\\/\\\/www.omrserrature.it\\\/es\\\/\",\"logo\":{\"@type\":\"ImageObject\",\"inLanguage\":\"es\",\"@id\":\"https:\\\/\\\/www.omrserrature.it\\\/es\\\/#\\\/schema\\\/logo\\\/image\\\/\",\"url\":\"https:\\\/\\\/www.omrserrature.it\\\/wp-content\\\/uploads\\\/2017\\\/09\\\/favicon-omr-114.png\",\"contentUrl\":\"https:\\\/\\\/www.omrserrature.it\\\/wp-content\\\/uploads\\\/2017\\\/09\\\/favicon-omr-114.png\",\"width\":114,\"height\":114,\"caption\":\"OMR Serrature | Produzione sistemi di chiusura\"},\"image\":{\"@id\":\"https:\\\/\\\/www.omrserrature.it\\\/es\\\/#\\\/schema\\\/logo\\\/image\\\/\"},\"sameAs\":[\"https:\\\/\\\/www.facebook.com\\\/OMRserrature\",\"https:\\\/\\\/www.linkedin.com\\\/company\\\/omrserrature\\\/\",\"https:\\\/\\\/www.youtube.com\\\/channel\\\/UCxmA85z2R0EpG_6IRokiAkg\"]}]}<\/script>\n<!-- \/ Yoast SEO plugin. -->","yoast_head_json":{"title":"Levas rectas - terminal cuadrado 8 mm - OMR Serrature","robots":{"index":"index","follow":"follow","max-snippet":"max-snippet:-1","max-image-preview":"max-image-preview:large","max-video-preview":"max-video-preview:-1"},"canonical":"https:\/\/www.omrserrature.it\/es\/producto\/levas-rectas-terminal-cuadrado-8-mm\/","og_locale":"es_ES","og_type":"article","og_title":"Levas rectas - terminal cuadrado 8 mm - OMR Serrature","og_description":"Nuestra leva recta con terminal cuadrado 8 es la elecci\u00f3n habitual para cerraduras universales. Fabricada en acero galvanizado de alta calidad, esta leva ofrece un nivel superior de durabilidad y resistencia. Como todos los productos OMR, la fabricaci\u00f3n de los accesorios est\u00e1 sujeta a estrictos controles que garantizan un alto nivel de calidad. El acero galvanizado con el que est\u00e1 fabricada proporciona una protecci\u00f3n adicional contra la corrosi\u00f3n y el desgaste, y garantiza una larga vida \u00fatil.","og_url":"https:\/\/www.omrserrature.it\/es\/producto\/levas-rectas-terminal-cuadrado-8-mm\/","og_site_name":"OMR Serrature | Produzione sistemi di chiusura","article_publisher":"https:\/\/www.facebook.com\/OMRserrature","og_image":[{"width":789,"height":767,"url":"https:\/\/www.omrserrature.it\/wp-content\/uploads\/2017\/11\/leve-dritte-quadro-8.jpg","type":"image\/jpeg"}],"twitter_card":"summary_large_image","twitter_misc":{"Tiempo de lectura":"1 minuto"},"schema":{"@context":"https:\/\/schema.org","@graph":[{"@type":"WebPage","@id":"https:\/\/www.omrserrature.it\/es\/producto\/levas-rectas-terminal-cuadrado-8-mm\/","url":"https:\/\/www.omrserrature.it\/es\/producto\/levas-rectas-terminal-cuadrado-8-mm\/","name":"Levas rectas - terminal cuadrado 8 mm - OMR Serrature","isPartOf":{"@id":"https:\/\/www.omrserrature.it\/es\/#website"},"primaryImageOfPage":{"@id":"https:\/\/www.omrserrature.it\/es\/producto\/levas-rectas-terminal-cuadrado-8-mm\/#primaryimage"},"image":{"@id":"https:\/\/www.omrserrature.it\/es\/producto\/levas-rectas-terminal-cuadrado-8-mm\/#primaryimage"},"thumbnailUrl":"https:\/\/www.omrserrature.it\/wp-content\/uploads\/2017\/11\/leve-dritte-quadro-8.jpg","datePublished":"2017-12-04T10:35:00+00:00","breadcrumb":{"@id":"https:\/\/www.omrserrature.it\/es\/producto\/levas-rectas-terminal-cuadrado-8-mm\/#breadcrumb"},"inLanguage":"es","potentialAction":[{"@type":"ReadAction","target":["https:\/\/www.omrserrature.it\/es\/producto\/levas-rectas-terminal-cuadrado-8-mm\/"]}]},{"@type":"ImageObject","inLanguage":"es","@id":"https:\/\/www.omrserrature.it\/es\/producto\/levas-rectas-terminal-cuadrado-8-mm\/#primaryimage","url":"https:\/\/www.omrserrature.it\/wp-content\/uploads\/2017\/11\/leve-dritte-quadro-8.jpg","contentUrl":"https:\/\/www.omrserrature.it\/wp-content\/uploads\/2017\/11\/leve-dritte-quadro-8.jpg","width":789,"height":767},{"@type":"BreadcrumbList","@id":"https:\/\/www.omrserrature.it\/es\/producto\/levas-rectas-terminal-cuadrado-8-mm\/#breadcrumb","itemListElement":[{"@type":"ListItem","position":1,"name":"Home","item":"https:\/\/www.omrserrature.it\/es\/omr-cerradiras-y-sistemas-de-cierre\/"},{"@type":"ListItem","position":2,"name":"Cat\u00e1logo","item":"https:\/\/www.omrserrature.it\/catalogo\/?lang=es"},{"@type":"ListItem","position":3,"name":"Productos","item":"https:\/\/www.omrserrature.it\/es\/inventario\/productos\/"},{"@type":"ListItem","position":4,"name":"Levas rectas &#8211; terminal cuadrado 8 mm"}]},{"@type":"WebSite","@id":"https:\/\/www.omrserrature.it\/es\/#website","url":"https:\/\/www.omrserrature.it\/es\/","name":"OMR Serrature | Produzione sistemi di chiusura","description":"Produzione serrature di sicurezza e sistemi di chiusura","publisher":{"@id":"https:\/\/www.omrserrature.it\/es\/#organization"},"potentialAction":[{"@type":"SearchAction","target":{"@type":"EntryPoint","urlTemplate":"https:\/\/www.omrserrature.it\/es\/?s={search_term_string}"},"query-input":{"@type":"PropertyValueSpecification","valueRequired":true,"valueName":"search_term_string"}}],"inLanguage":"es"},{"@type":"Organization","@id":"https:\/\/www.omrserrature.it\/es\/#organization","name":"OMR Serrature | Produzione sistemi di chiusura","url":"https:\/\/www.omrserrature.it\/es\/","logo":{"@type":"ImageObject","inLanguage":"es","@id":"https:\/\/www.omrserrature.it\/es\/#\/schema\/logo\/image\/","url":"https:\/\/www.omrserrature.it\/wp-content\/uploads\/2017\/09\/favicon-omr-114.png","contentUrl":"https:\/\/www.omrserrature.it\/wp-content\/uploads\/2017\/09\/favicon-omr-114.png","width":114,"height":114,"caption":"OMR Serrature | Produzione sistemi di chiusura"},"image":{"@id":"https:\/\/www.omrserrature.it\/es\/#\/schema\/logo\/image\/"},"sameAs":["https:\/\/www.facebook.com\/OMRserrature","https:\/\/www.linkedin.com\/company\/omrserrature\/","https:\/\/www.youtube.com\/channel\/UCxmA85z2R0EpG_6IRokiAkg"]}]}},"_links":{"self":[{"href":"https:\/\/www.omrserrature.it\/es\/wp-json\/wp\/v2\/product\/241544","targetHints":{"allow":["GET"]}}],"collection":[{"href":"https:\/\/www.omrserrature.it\/es\/wp-json\/wp\/v2\/product"}],"about":[{"href":"https:\/\/www.omrserrature.it\/es\/wp-json\/wp\/v2\/types\/product"}],"replies":[{"embeddable":true,"href":"https:\/\/www.omrserrature.it\/es\/wp-json\/wp\/v2\/comments?post=241544"}],"wp:featuredmedia":[{"embeddable":true,"href":"https:\/\/www.omrserrature.it\/es\/wp-json\/wp\/v2\/media\/7714"}],"wp:attachment":[{"href":"https:\/\/www.omrserrature.it\/es\/wp-json\/wp\/v2\/media?parent=241544"}],"wp:term":[{"taxonomy":"product_brand","embeddable":true,"href":"https:\/\/www.omrserrature.it\/es\/wp-json\/wp\/v2\/product_brand?post=241544"},{"taxonomy":"product_cat","embeddable":true,"href":"https:\/\/www.omrserrature.it\/es\/wp-json\/wp\/v2\/product_cat?post=241544"},{"taxonomy":"product_tag","embeddable":true,"href":"https:\/\/www.omrserrature.it\/es\/wp-json\/wp\/v2\/product_tag?post=241544"}],"curies":[{"name":"wp","href":"https:\/\/api.w.org\/{rel}","templated":true}]}}