{"id":241534,"date":"2017-12-01T10:20:17","date_gmt":"2017-12-01T09:20:17","guid":{"rendered":"https:\/\/www.staging6.omrserrature.it\/prodotto\/levas-de-ojal\/"},"modified":"2017-12-01T10:20:17","modified_gmt":"2017-12-01T09:20:17","slug":"levas-de-ojal","status":"publish","type":"product","link":"https:\/\/www.omrserrature.it\/es\/producto\/levas-de-ojal\/","title":{"rendered":"Levas de ojal"},"content":{"rendered":"<p><strong>Las palancas rectas<\/strong> de acero galvanizado con <strong>agujero de ojal<\/strong> garantizan seguridad, comodidad y gran durabilidad. Caracterizada por un dise\u00f1o recto y funcional, esta palanca es adecuada para cerraduras que ofrecen una conexi\u00f3n de ranura trasera, como el Bloque Jack. <\/p>\n<p><strong>Caracter\u00edsticas principales:<\/strong><\/p>\n<ul>\n<li><strong>Construcci\u00f3n robusta:<\/strong> la Palanca recta es de acero galvanizado de alta calidad, lo que garantiza su resistencia y durabilidad. El acero galvanizado tambi\u00e9n proporciona <strong>protecci\u00f3n adicional contra la corrosi\u00f3n, garantizando una larga vida \u00fatil y un funcionamiento fiable<\/strong>. <\/li>\n<li><strong>Dise\u00f1o vers\u00e1til:<\/strong> gracias a su enganche ojal, esta Palanca se instala f\u00e1cilmente, y queda bien sujeta mediante el orificio ojal.<\/li>\n<li><strong>Amplia gama de modelos:<\/strong> Ofrecemos no menos de 7 modelos en nuestro cat\u00e1logo de Palancas rectas con soportes ojivales, cada uno con caracter\u00edsticas espec\u00edficas para satisfacer diferentes requisitos de seguridad y dise\u00f1o.<\/li>\n<li><strong>Personalizaci\u00f3n a medida:<\/strong> Para quienes tengan necesidades especiales o peticiones concretas, nuestro servicio de atenci\u00f3n al cliente tiene a su disposici\u00f3n Puertas rectas personalizadas con herrajes ojivales. Ponte en contacto con nosotros para obtener una soluci\u00f3n personalizada ideal para tus Cerraduras. <\/li>\n<\/ul>\n<p>Gracias a su construcci\u00f3n de alta calidad, su amplia gama de modelos y sus posibilidades de personalizaci\u00f3n, esta Palanca ofrece un rendimiento fiable y una practicidad sin concesiones.  <strong>Puertas no dudes en ponerte en contacto con nuestro servicio de atenci\u00f3n al cliente para realizar una Palanca de ojal que responda plenamente a tus necesidades espec\u00edficas.<\/strong><\/p>\n","protected":false},"excerpt":{"rendered":"<p><strong>Las Palancas rectas<\/strong> de acero galvanizado con <strong>conexi\u00f3n de ojal<\/strong> garantizan seguridad, comodidad y gran durabilidad. Caracterizada por un dise\u00f1o recto y funcional, esta Palanca es adecuada para Cerraduras que ofrecen una conexi\u00f3n de ranura trasera, como el Bloque Jack. <\/p>\n","protected":false},"featured_media":28510,"comment_status":"open","ping_status":"closed","template":"","meta":{"_acf_changed":false,"_et_pb_use_builder":"","_et_pb_old_content":"","_et_gb_content_width":""},"product_brand":[],"product_cat":[3968,3929],"product_tag":[],"class_list":{"0":"post-241534","1":"product","2":"type-product","3":"status-publish","4":"has-post-thumbnail","6":"product_cat-palancas","7":"product_cat-productos","9":"first","10":"instock","11":"shipping-taxable","12":"purchasable","13":"product-type-variable"},"acf":{"pdf1":false},"yoast_head":"<!-- This site is optimized with the Yoast SEO plugin v27.5 - https:\/\/yoast.com\/product\/yoast-seo-wordpress\/ -->\n<title>Levas de ojal - OMR Serrature<\/title>\n<meta name=\"robots\" content=\"index, follow, max-snippet:-1, max-image-preview:large, max-video-preview:-1\" \/>\n<link rel=\"canonical\" href=\"https:\/\/www.omrserrature.it\/es\/producto\/levas-de-ojal\/\" \/>\n<meta property=\"og:locale\" content=\"es_ES\" \/>\n<meta property=\"og:type\" content=\"article\" \/>\n<meta property=\"og:title\" content=\"Levas de ojal - OMR Serrature\" \/>\n<meta property=\"og:description\" content=\"Las Palancas rectas de acero galvanizado con conexi\u00f3n de ojal garantizan seguridad, comodidad y gran durabilidad. Caracterizada por un dise\u00f1o recto y funcional, esta Palanca es adecuada para Cerraduras que ofrecen una conexi\u00f3n de ranura trasera, como el Bloque Jack.\" \/>\n<meta property=\"og:url\" content=\"https:\/\/www.omrserrature.it\/es\/producto\/levas-de-ojal\/\" \/>\n<meta property=\"og:site_name\" content=\"OMR Serrature | Produzione sistemi di chiusura\" \/>\n<meta property=\"article:publisher\" content=\"https:\/\/www.facebook.com\/OMRserrature\" \/>\n<meta property=\"og:image\" content=\"https:\/\/www.omrserrature.it\/wp-content\/uploads\/2001\/12\/Leve-con-asola.jpg\" \/>\n\t<meta property=\"og:image:width\" content=\"1000\" \/>\n\t<meta property=\"og:image:height\" content=\"1000\" \/>\n\t<meta property=\"og:image:type\" content=\"image\/jpeg\" \/>\n<meta name=\"twitter:card\" content=\"summary_large_image\" \/>\n<meta name=\"twitter:label1\" content=\"Tiempo de lectura\" \/>\n\t<meta name=\"twitter:data1\" content=\"1 minuto\" \/>\n<script type=\"application\/ld+json\" class=\"yoast-schema-graph\">{\"@context\":\"https:\\\/\\\/schema.org\",\"@graph\":[{\"@type\":\"WebPage\",\"@id\":\"https:\\\/\\\/www.omrserrature.it\\\/es\\\/producto\\\/levas-de-ojal\\\/\",\"url\":\"https:\\\/\\\/www.omrserrature.it\\\/es\\\/producto\\\/levas-de-ojal\\\/\",\"name\":\"Levas de ojal - OMR Serrature\",\"isPartOf\":{\"@id\":\"https:\\\/\\\/www.omrserrature.it\\\/es\\\/#website\"},\"primaryImageOfPage\":{\"@id\":\"https:\\\/\\\/www.omrserrature.it\\\/es\\\/producto\\\/levas-de-ojal\\\/#primaryimage\"},\"image\":{\"@id\":\"https:\\\/\\\/www.omrserrature.it\\\/es\\\/producto\\\/levas-de-ojal\\\/#primaryimage\"},\"thumbnailUrl\":\"https:\\\/\\\/www.omrserrature.it\\\/wp-content\\\/uploads\\\/2001\\\/12\\\/Leve-con-asola.jpg\",\"datePublished\":\"2017-12-01T09:20:17+00:00\",\"breadcrumb\":{\"@id\":\"https:\\\/\\\/www.omrserrature.it\\\/es\\\/producto\\\/levas-de-ojal\\\/#breadcrumb\"},\"inLanguage\":\"es\",\"potentialAction\":[{\"@type\":\"ReadAction\",\"target\":[\"https:\\\/\\\/www.omrserrature.it\\\/es\\\/producto\\\/levas-de-ojal\\\/\"]}]},{\"@type\":\"ImageObject\",\"inLanguage\":\"es\",\"@id\":\"https:\\\/\\\/www.omrserrature.it\\\/es\\\/producto\\\/levas-de-ojal\\\/#primaryimage\",\"url\":\"https:\\\/\\\/www.omrserrature.it\\\/wp-content\\\/uploads\\\/2001\\\/12\\\/Leve-con-asola.jpg\",\"contentUrl\":\"https:\\\/\\\/www.omrserrature.it\\\/wp-content\\\/uploads\\\/2001\\\/12\\\/Leve-con-asola.jpg\",\"width\":1000,\"height\":1000},{\"@type\":\"BreadcrumbList\",\"@id\":\"https:\\\/\\\/www.omrserrature.it\\\/es\\\/producto\\\/levas-de-ojal\\\/#breadcrumb\",\"itemListElement\":[{\"@type\":\"ListItem\",\"position\":1,\"name\":\"Home\",\"item\":\"https:\\\/\\\/www.omrserrature.it\\\/es\\\/omr-cerradiras-y-sistemas-de-cierre\\\/\"},{\"@type\":\"ListItem\",\"position\":2,\"name\":\"Cat\u00e1logo\",\"item\":\"https:\\\/\\\/www.omrserrature.it\\\/catalogo\\\/?lang=es\"},{\"@type\":\"ListItem\",\"position\":3,\"name\":\"Productos\",\"item\":\"https:\\\/\\\/www.omrserrature.it\\\/es\\\/inventario\\\/productos\\\/\"},{\"@type\":\"ListItem\",\"position\":4,\"name\":\"Levas de ojal\"}]},{\"@type\":\"WebSite\",\"@id\":\"https:\\\/\\\/www.omrserrature.it\\\/es\\\/#website\",\"url\":\"https:\\\/\\\/www.omrserrature.it\\\/es\\\/\",\"name\":\"OMR Serrature | Produzione sistemi di chiusura\",\"description\":\"Produzione serrature di sicurezza e sistemi di chiusura\",\"publisher\":{\"@id\":\"https:\\\/\\\/www.omrserrature.it\\\/es\\\/#organization\"},\"potentialAction\":[{\"@type\":\"SearchAction\",\"target\":{\"@type\":\"EntryPoint\",\"urlTemplate\":\"https:\\\/\\\/www.omrserrature.it\\\/es\\\/?s={search_term_string}\"},\"query-input\":{\"@type\":\"PropertyValueSpecification\",\"valueRequired\":true,\"valueName\":\"search_term_string\"}}],\"inLanguage\":\"es\"},{\"@type\":\"Organization\",\"@id\":\"https:\\\/\\\/www.omrserrature.it\\\/es\\\/#organization\",\"name\":\"OMR Serrature | Produzione sistemi di chiusura\",\"url\":\"https:\\\/\\\/www.omrserrature.it\\\/es\\\/\",\"logo\":{\"@type\":\"ImageObject\",\"inLanguage\":\"es\",\"@id\":\"https:\\\/\\\/www.omrserrature.it\\\/es\\\/#\\\/schema\\\/logo\\\/image\\\/\",\"url\":\"https:\\\/\\\/www.omrserrature.it\\\/wp-content\\\/uploads\\\/2017\\\/09\\\/favicon-omr-114.png\",\"contentUrl\":\"https:\\\/\\\/www.omrserrature.it\\\/wp-content\\\/uploads\\\/2017\\\/09\\\/favicon-omr-114.png\",\"width\":114,\"height\":114,\"caption\":\"OMR Serrature | Produzione sistemi di chiusura\"},\"image\":{\"@id\":\"https:\\\/\\\/www.omrserrature.it\\\/es\\\/#\\\/schema\\\/logo\\\/image\\\/\"},\"sameAs\":[\"https:\\\/\\\/www.facebook.com\\\/OMRserrature\",\"https:\\\/\\\/www.linkedin.com\\\/company\\\/omrserrature\\\/\",\"https:\\\/\\\/www.youtube.com\\\/channel\\\/UCxmA85z2R0EpG_6IRokiAkg\"]}]}<\/script>\n<!-- \/ Yoast SEO plugin. -->","yoast_head_json":{"title":"Levas de ojal - OMR Serrature","robots":{"index":"index","follow":"follow","max-snippet":"max-snippet:-1","max-image-preview":"max-image-preview:large","max-video-preview":"max-video-preview:-1"},"canonical":"https:\/\/www.omrserrature.it\/es\/producto\/levas-de-ojal\/","og_locale":"es_ES","og_type":"article","og_title":"Levas de ojal - OMR Serrature","og_description":"Las Palancas rectas de acero galvanizado con conexi\u00f3n de ojal garantizan seguridad, comodidad y gran durabilidad. Caracterizada por un dise\u00f1o recto y funcional, esta Palanca es adecuada para Cerraduras que ofrecen una conexi\u00f3n de ranura trasera, como el Bloque Jack.","og_url":"https:\/\/www.omrserrature.it\/es\/producto\/levas-de-ojal\/","og_site_name":"OMR Serrature | Produzione sistemi di chiusura","article_publisher":"https:\/\/www.facebook.com\/OMRserrature","og_image":[{"width":1000,"height":1000,"url":"https:\/\/www.omrserrature.it\/wp-content\/uploads\/2001\/12\/Leve-con-asola.jpg","type":"image\/jpeg"}],"twitter_card":"summary_large_image","twitter_misc":{"Tiempo de lectura":"1 minuto"},"schema":{"@context":"https:\/\/schema.org","@graph":[{"@type":"WebPage","@id":"https:\/\/www.omrserrature.it\/es\/producto\/levas-de-ojal\/","url":"https:\/\/www.omrserrature.it\/es\/producto\/levas-de-ojal\/","name":"Levas de ojal - OMR Serrature","isPartOf":{"@id":"https:\/\/www.omrserrature.it\/es\/#website"},"primaryImageOfPage":{"@id":"https:\/\/www.omrserrature.it\/es\/producto\/levas-de-ojal\/#primaryimage"},"image":{"@id":"https:\/\/www.omrserrature.it\/es\/producto\/levas-de-ojal\/#primaryimage"},"thumbnailUrl":"https:\/\/www.omrserrature.it\/wp-content\/uploads\/2001\/12\/Leve-con-asola.jpg","datePublished":"2017-12-01T09:20:17+00:00","breadcrumb":{"@id":"https:\/\/www.omrserrature.it\/es\/producto\/levas-de-ojal\/#breadcrumb"},"inLanguage":"es","potentialAction":[{"@type":"ReadAction","target":["https:\/\/www.omrserrature.it\/es\/producto\/levas-de-ojal\/"]}]},{"@type":"ImageObject","inLanguage":"es","@id":"https:\/\/www.omrserrature.it\/es\/producto\/levas-de-ojal\/#primaryimage","url":"https:\/\/www.omrserrature.it\/wp-content\/uploads\/2001\/12\/Leve-con-asola.jpg","contentUrl":"https:\/\/www.omrserrature.it\/wp-content\/uploads\/2001\/12\/Leve-con-asola.jpg","width":1000,"height":1000},{"@type":"BreadcrumbList","@id":"https:\/\/www.omrserrature.it\/es\/producto\/levas-de-ojal\/#breadcrumb","itemListElement":[{"@type":"ListItem","position":1,"name":"Home","item":"https:\/\/www.omrserrature.it\/es\/omr-cerradiras-y-sistemas-de-cierre\/"},{"@type":"ListItem","position":2,"name":"Cat\u00e1logo","item":"https:\/\/www.omrserrature.it\/catalogo\/?lang=es"},{"@type":"ListItem","position":3,"name":"Productos","item":"https:\/\/www.omrserrature.it\/es\/inventario\/productos\/"},{"@type":"ListItem","position":4,"name":"Levas de ojal"}]},{"@type":"WebSite","@id":"https:\/\/www.omrserrature.it\/es\/#website","url":"https:\/\/www.omrserrature.it\/es\/","name":"OMR Serrature | Produzione sistemi di chiusura","description":"Produzione serrature di sicurezza e sistemi di chiusura","publisher":{"@id":"https:\/\/www.omrserrature.it\/es\/#organization"},"potentialAction":[{"@type":"SearchAction","target":{"@type":"EntryPoint","urlTemplate":"https:\/\/www.omrserrature.it\/es\/?s={search_term_string}"},"query-input":{"@type":"PropertyValueSpecification","valueRequired":true,"valueName":"search_term_string"}}],"inLanguage":"es"},{"@type":"Organization","@id":"https:\/\/www.omrserrature.it\/es\/#organization","name":"OMR Serrature | Produzione sistemi di chiusura","url":"https:\/\/www.omrserrature.it\/es\/","logo":{"@type":"ImageObject","inLanguage":"es","@id":"https:\/\/www.omrserrature.it\/es\/#\/schema\/logo\/image\/","url":"https:\/\/www.omrserrature.it\/wp-content\/uploads\/2017\/09\/favicon-omr-114.png","contentUrl":"https:\/\/www.omrserrature.it\/wp-content\/uploads\/2017\/09\/favicon-omr-114.png","width":114,"height":114,"caption":"OMR Serrature | Produzione sistemi di chiusura"},"image":{"@id":"https:\/\/www.omrserrature.it\/es\/#\/schema\/logo\/image\/"},"sameAs":["https:\/\/www.facebook.com\/OMRserrature","https:\/\/www.linkedin.com\/company\/omrserrature\/","https:\/\/www.youtube.com\/channel\/UCxmA85z2R0EpG_6IRokiAkg"]}]}},"_links":{"self":[{"href":"https:\/\/www.omrserrature.it\/es\/wp-json\/wp\/v2\/product\/241534","targetHints":{"allow":["GET"]}}],"collection":[{"href":"https:\/\/www.omrserrature.it\/es\/wp-json\/wp\/v2\/product"}],"about":[{"href":"https:\/\/www.omrserrature.it\/es\/wp-json\/wp\/v2\/types\/product"}],"replies":[{"embeddable":true,"href":"https:\/\/www.omrserrature.it\/es\/wp-json\/wp\/v2\/comments?post=241534"}],"wp:featuredmedia":[{"embeddable":true,"href":"https:\/\/www.omrserrature.it\/es\/wp-json\/wp\/v2\/media\/28510"}],"wp:attachment":[{"href":"https:\/\/www.omrserrature.it\/es\/wp-json\/wp\/v2\/media?parent=241534"}],"wp:term":[{"taxonomy":"product_brand","embeddable":true,"href":"https:\/\/www.omrserrature.it\/es\/wp-json\/wp\/v2\/product_brand?post=241534"},{"taxonomy":"product_cat","embeddable":true,"href":"https:\/\/www.omrserrature.it\/es\/wp-json\/wp\/v2\/product_cat?post=241534"},{"taxonomy":"product_tag","embeddable":true,"href":"https:\/\/www.omrserrature.it\/es\/wp-json\/wp\/v2\/product_tag?post=241534"}],"curies":[{"name":"wp","href":"https:\/\/api.w.org\/{rel}","templated":true}]}}