{"id":241504,"date":"2021-06-01T14:40:36","date_gmt":"2001-06-21T12:40:00","guid":{"rendered":"https:\/\/www.staging6.omrserrature.it\/prodotto\/kit-de-varillas-giratorias-para-hellock\/"},"modified":"2026-04-08T11:13:06","modified_gmt":"2026-04-08T09:13:06","slug":"kit-de-varillas-giratorias-para-hellock","status":"publish","type":"product","link":"https:\/\/www.omrserrature.it\/es\/producto\/kit-de-varillas-giratorias-para-hellock\/","title":{"rendered":"Kit de varillas giratorias para Hellock"},"content":{"rendered":"<p><strong>El kit de varillas giratorias para cerradura electr\u00f3nica Hellock<\/strong> es una soluci\u00f3n completa y vers\u00e1til para la instalaci\u00f3n en puertas batientes <strong>de 3 puntos<\/strong>. El kit consta de varios componentes que garantizan una instalaci\u00f3n segura y fiable.  El cuerpo del kit sirve de base para el <strong>cilindro de la cerradura <\/strong>y permite instalar f\u00e1cilmente el componente electr\u00f3nico. <strong>Las varillas de longitud variable<\/strong> forman parte del kit y sirven para transmitir el movimiento del cilindro o de la manilla a los ganchos situados en el extremo de la puerta.<\/p>\n<p><strong>El kit incluye gu\u00edas de varillas, ganchos y pasadores<\/strong>, que mantienen las varillas en la posici\u00f3n correcta durante el movimiento, para un funcionamiento suave y preciso del mecanismo de cierre. La combinaci\u00f3n de estos componentes genera un sistema de cierre de 3 puntos que ofrece un <strong>mayor nivel de seguridad. <\/strong>Con el kit de varillas pivotantes para cerradura electr\u00f3nica Hellock, es posible<strong> una instalaci\u00f3n eficaz y profesional de cerraduras electr\u00f3nicas en puertas batientes<\/strong>, \u00a1lo que proporciona una gran protecci\u00f3n y comodidad a los usuarios de Hellock! <\/p>\n","protected":false},"excerpt":{"rendered":"<p><strong>El kit de varillas giratorias para cerradura electr\u00f3nica Hellock<\/strong> es una soluci\u00f3n completa y vers\u00e1til para la instalaci\u00f3n en puertas batientes <strong>de 3 puntos<\/strong>. El kit consta de varios componentes que garantizan una instalaci\u00f3n segura y fiable. <\/p>\n","protected":false},"featured_media":20918,"comment_status":"open","ping_status":"closed","template":"","meta":{"_acf_changed":false,"_et_pb_use_builder":"","_et_pb_old_content":"","_et_gb_content_width":""},"product_brand":[],"product_cat":[3971],"product_tag":[],"class_list":{"0":"post-241504","1":"product","2":"type-product","3":"status-publish","4":"has-post-thumbnail","6":"product_cat-accesorios-para-cerraduras-electricas-y-electronicas","8":"first","9":"instock","10":"shipping-taxable","11":"product-type-simple"},"acf":{"pdf1":false},"yoast_head":"<!-- This site is optimized with the Yoast SEO plugin v27.2 - https:\/\/yoast.com\/product\/yoast-seo-wordpress\/ -->\n<title>Kit de varillas giratorias para Hellock - OMR Serrature<\/title>\n<meta name=\"robots\" content=\"index, follow, max-snippet:-1, max-image-preview:large, max-video-preview:-1\" \/>\n<link rel=\"canonical\" href=\"https:\/\/www.omrserrature.it\/es\/producto\/kit-de-varillas-giratorias-para-hellock\/\" \/>\n<meta property=\"og:locale\" content=\"es_ES\" \/>\n<meta property=\"og:type\" content=\"article\" \/>\n<meta property=\"og:title\" content=\"Kit de varillas giratorias para Hellock - OMR Serrature\" \/>\n<meta property=\"og:description\" content=\"El kit de varillas giratorias para cerradura electr\u00f3nica Hellock es una soluci\u00f3n completa y vers\u00e1til para la instalaci\u00f3n en puertas batientes de 3 puntos. El kit consta de varios componentes que garantizan una instalaci\u00f3n segura y fiable.\" \/>\n<meta property=\"og:url\" content=\"https:\/\/www.omrserrature.it\/es\/producto\/kit-de-varillas-giratorias-para-hellock\/\" \/>\n<meta property=\"og:site_name\" content=\"OMR Serrature | Produzione sistemi di chiusura\" \/>\n<meta property=\"article:publisher\" content=\"https:\/\/www.facebook.com\/OMRserrature\" \/>\n<meta property=\"article:modified_time\" content=\"2026-04-08T09:13:06+00:00\" \/>\n<meta property=\"og:image\" content=\"https:\/\/www.omrserrature.it\/wp-content\/uploads\/2021\/06\/Hellock-Aste-rotanti.jpg\" \/>\n\t<meta property=\"og:image:width\" content=\"1000\" \/>\n\t<meta property=\"og:image:height\" content=\"1000\" \/>\n\t<meta property=\"og:image:type\" content=\"image\/jpeg\" \/>\n<meta name=\"twitter:card\" content=\"summary_large_image\" \/>\n<meta name=\"twitter:label1\" content=\"Tiempo de lectura\" \/>\n\t<meta name=\"twitter:data1\" content=\"1 minuto\" \/>\n<script type=\"application\/ld+json\" class=\"yoast-schema-graph\">{\"@context\":\"https:\/\/schema.org\",\"@graph\":[{\"@type\":\"WebPage\",\"@id\":\"https:\/\/www.omrserrature.it\/es\/producto\/kit-de-varillas-giratorias-para-hellock\/\",\"url\":\"https:\/\/www.omrserrature.it\/es\/producto\/kit-de-varillas-giratorias-para-hellock\/\",\"name\":\"Kit de varillas giratorias para Hellock - OMR Serrature\",\"isPartOf\":{\"@id\":\"https:\/\/www.omrserrature.it\/es\/#website\"},\"primaryImageOfPage\":{\"@id\":\"https:\/\/www.omrserrature.it\/es\/producto\/kit-de-varillas-giratorias-para-hellock\/#primaryimage\"},\"image\":{\"@id\":\"https:\/\/www.omrserrature.it\/es\/producto\/kit-de-varillas-giratorias-para-hellock\/#primaryimage\"},\"thumbnailUrl\":\"https:\/\/www.omrserrature.it\/wp-content\/uploads\/2021\/06\/Hellock-Aste-rotanti.jpg\",\"datePublished\":\"2001-06-21T12:40:00+00:00\",\"dateModified\":\"2026-04-08T09:13:06+00:00\",\"breadcrumb\":{\"@id\":\"https:\/\/www.omrserrature.it\/es\/producto\/kit-de-varillas-giratorias-para-hellock\/#breadcrumb\"},\"inLanguage\":\"es\",\"potentialAction\":[{\"@type\":\"ReadAction\",\"target\":[\"https:\/\/www.omrserrature.it\/es\/producto\/kit-de-varillas-giratorias-para-hellock\/\"]}]},{\"@type\":\"ImageObject\",\"inLanguage\":\"es\",\"@id\":\"https:\/\/www.omrserrature.it\/es\/producto\/kit-de-varillas-giratorias-para-hellock\/#primaryimage\",\"url\":\"https:\/\/www.omrserrature.it\/wp-content\/uploads\/2021\/06\/Hellock-Aste-rotanti.jpg\",\"contentUrl\":\"https:\/\/www.omrserrature.it\/wp-content\/uploads\/2021\/06\/Hellock-Aste-rotanti.jpg\",\"width\":1000,\"height\":1000,\"caption\":\"Sistema de varillas giratorias para cerraduras electr\u00f3nicas Hellock - Cerraduras OMR\"},{\"@type\":\"BreadcrumbList\",\"@id\":\"https:\/\/www.omrserrature.it\/es\/producto\/kit-de-varillas-giratorias-para-hellock\/#breadcrumb\",\"itemListElement\":[{\"@type\":\"ListItem\",\"position\":1,\"name\":\"Home\",\"item\":\"https:\/\/www.omrserrature.it\/es\/omr-cerradiras-y-sistemas-de-cierre\/\"},{\"@type\":\"ListItem\",\"position\":2,\"name\":\"Cat\u00e1logo\",\"item\":\"https:\/\/www.omrserrature.it\/catalogo\/?lang=es\"},{\"@type\":\"ListItem\",\"position\":3,\"name\":\"Productos\",\"item\":\"https:\/\/www.omrserrature.it\/es\/inventario\/productos\/\"},{\"@type\":\"ListItem\",\"position\":4,\"name\":\"Accesorios y recambios\",\"item\":\"https:\/\/www.omrserrature.it\/es\/inventario\/productos\/accesorios-y-recambios\/\"},{\"@type\":\"ListItem\",\"position\":5,\"name\":\"Accesorios para cerraduras el\u00e9ctricas y electr\u00f3nicas\",\"item\":\"https:\/\/www.omrserrature.it\/es\/inventario\/productos\/accesorios-y-recambios\/accesorios-para-cerraduras-electricas-y-electronicas\/\"},{\"@type\":\"ListItem\",\"position\":6,\"name\":\"Kit de varillas giratorias para Hellock\"}]},{\"@type\":\"WebSite\",\"@id\":\"https:\/\/www.omrserrature.it\/es\/#website\",\"url\":\"https:\/\/www.omrserrature.it\/es\/\",\"name\":\"OMR Serrature | Produzione sistemi di chiusura\",\"description\":\"Produzione serrature di sicurezza e sistemi di chiusura\",\"publisher\":{\"@id\":\"https:\/\/www.omrserrature.it\/es\/#organization\"},\"potentialAction\":[{\"@type\":\"SearchAction\",\"target\":{\"@type\":\"EntryPoint\",\"urlTemplate\":\"https:\/\/www.omrserrature.it\/es\/?s={search_term_string}\"},\"query-input\":{\"@type\":\"PropertyValueSpecification\",\"valueRequired\":true,\"valueName\":\"search_term_string\"}}],\"inLanguage\":\"es\"},{\"@type\":\"Organization\",\"@id\":\"https:\/\/www.omrserrature.it\/es\/#organization\",\"name\":\"OMR Serrature | Produzione sistemi di chiusura\",\"url\":\"https:\/\/www.omrserrature.it\/es\/\",\"logo\":{\"@type\":\"ImageObject\",\"inLanguage\":\"es\",\"@id\":\"https:\/\/www.omrserrature.it\/es\/#\/schema\/logo\/image\/\",\"url\":\"https:\/\/www.omrserrature.it\/wp-content\/uploads\/2017\/09\/favicon-omr-114.png\",\"contentUrl\":\"https:\/\/www.omrserrature.it\/wp-content\/uploads\/2017\/09\/favicon-omr-114.png\",\"width\":114,\"height\":114,\"caption\":\"OMR Serrature | Produzione sistemi di chiusura\"},\"image\":{\"@id\":\"https:\/\/www.omrserrature.it\/es\/#\/schema\/logo\/image\/\"},\"sameAs\":[\"https:\/\/www.facebook.com\/OMRserrature\",\"https:\/\/www.linkedin.com\/company\/omrserrature\/\",\"https:\/\/www.youtube.com\/channel\/UCxmA85z2R0EpG_6IRokiAkg\"]}]}<\/script>\n<!-- \/ Yoast SEO plugin. -->","yoast_head_json":{"title":"Kit de varillas giratorias para Hellock - OMR Serrature","robots":{"index":"index","follow":"follow","max-snippet":"max-snippet:-1","max-image-preview":"max-image-preview:large","max-video-preview":"max-video-preview:-1"},"canonical":"https:\/\/www.omrserrature.it\/es\/producto\/kit-de-varillas-giratorias-para-hellock\/","og_locale":"es_ES","og_type":"article","og_title":"Kit de varillas giratorias para Hellock - OMR Serrature","og_description":"El kit de varillas giratorias para cerradura electr\u00f3nica Hellock es una soluci\u00f3n completa y vers\u00e1til para la instalaci\u00f3n en puertas batientes de 3 puntos. El kit consta de varios componentes que garantizan una instalaci\u00f3n segura y fiable.","og_url":"https:\/\/www.omrserrature.it\/es\/producto\/kit-de-varillas-giratorias-para-hellock\/","og_site_name":"OMR Serrature | Produzione sistemi di chiusura","article_publisher":"https:\/\/www.facebook.com\/OMRserrature","article_modified_time":"2026-04-08T09:13:06+00:00","og_image":[{"width":1000,"height":1000,"url":"https:\/\/www.omrserrature.it\/wp-content\/uploads\/2021\/06\/Hellock-Aste-rotanti.jpg","type":"image\/jpeg"}],"twitter_card":"summary_large_image","twitter_misc":{"Tiempo de lectura":"1 minuto"},"schema":{"@context":"https:\/\/schema.org","@graph":[{"@type":"WebPage","@id":"https:\/\/www.omrserrature.it\/es\/producto\/kit-de-varillas-giratorias-para-hellock\/","url":"https:\/\/www.omrserrature.it\/es\/producto\/kit-de-varillas-giratorias-para-hellock\/","name":"Kit de varillas giratorias para Hellock - OMR Serrature","isPartOf":{"@id":"https:\/\/www.omrserrature.it\/es\/#website"},"primaryImageOfPage":{"@id":"https:\/\/www.omrserrature.it\/es\/producto\/kit-de-varillas-giratorias-para-hellock\/#primaryimage"},"image":{"@id":"https:\/\/www.omrserrature.it\/es\/producto\/kit-de-varillas-giratorias-para-hellock\/#primaryimage"},"thumbnailUrl":"https:\/\/www.omrserrature.it\/wp-content\/uploads\/2021\/06\/Hellock-Aste-rotanti.jpg","datePublished":"2001-06-21T12:40:00+00:00","dateModified":"2026-04-08T09:13:06+00:00","breadcrumb":{"@id":"https:\/\/www.omrserrature.it\/es\/producto\/kit-de-varillas-giratorias-para-hellock\/#breadcrumb"},"inLanguage":"es","potentialAction":[{"@type":"ReadAction","target":["https:\/\/www.omrserrature.it\/es\/producto\/kit-de-varillas-giratorias-para-hellock\/"]}]},{"@type":"ImageObject","inLanguage":"es","@id":"https:\/\/www.omrserrature.it\/es\/producto\/kit-de-varillas-giratorias-para-hellock\/#primaryimage","url":"https:\/\/www.omrserrature.it\/wp-content\/uploads\/2021\/06\/Hellock-Aste-rotanti.jpg","contentUrl":"https:\/\/www.omrserrature.it\/wp-content\/uploads\/2021\/06\/Hellock-Aste-rotanti.jpg","width":1000,"height":1000,"caption":"Sistema de varillas giratorias para cerraduras electr\u00f3nicas Hellock - Cerraduras OMR"},{"@type":"BreadcrumbList","@id":"https:\/\/www.omrserrature.it\/es\/producto\/kit-de-varillas-giratorias-para-hellock\/#breadcrumb","itemListElement":[{"@type":"ListItem","position":1,"name":"Home","item":"https:\/\/www.omrserrature.it\/es\/omr-cerradiras-y-sistemas-de-cierre\/"},{"@type":"ListItem","position":2,"name":"Cat\u00e1logo","item":"https:\/\/www.omrserrature.it\/catalogo\/?lang=es"},{"@type":"ListItem","position":3,"name":"Productos","item":"https:\/\/www.omrserrature.it\/es\/inventario\/productos\/"},{"@type":"ListItem","position":4,"name":"Accesorios y recambios","item":"https:\/\/www.omrserrature.it\/es\/inventario\/productos\/accesorios-y-recambios\/"},{"@type":"ListItem","position":5,"name":"Accesorios para cerraduras el\u00e9ctricas y electr\u00f3nicas","item":"https:\/\/www.omrserrature.it\/es\/inventario\/productos\/accesorios-y-recambios\/accesorios-para-cerraduras-electricas-y-electronicas\/"},{"@type":"ListItem","position":6,"name":"Kit de varillas giratorias para Hellock"}]},{"@type":"WebSite","@id":"https:\/\/www.omrserrature.it\/es\/#website","url":"https:\/\/www.omrserrature.it\/es\/","name":"OMR Serrature | Produzione sistemi di chiusura","description":"Produzione serrature di sicurezza e sistemi di chiusura","publisher":{"@id":"https:\/\/www.omrserrature.it\/es\/#organization"},"potentialAction":[{"@type":"SearchAction","target":{"@type":"EntryPoint","urlTemplate":"https:\/\/www.omrserrature.it\/es\/?s={search_term_string}"},"query-input":{"@type":"PropertyValueSpecification","valueRequired":true,"valueName":"search_term_string"}}],"inLanguage":"es"},{"@type":"Organization","@id":"https:\/\/www.omrserrature.it\/es\/#organization","name":"OMR Serrature | Produzione sistemi di chiusura","url":"https:\/\/www.omrserrature.it\/es\/","logo":{"@type":"ImageObject","inLanguage":"es","@id":"https:\/\/www.omrserrature.it\/es\/#\/schema\/logo\/image\/","url":"https:\/\/www.omrserrature.it\/wp-content\/uploads\/2017\/09\/favicon-omr-114.png","contentUrl":"https:\/\/www.omrserrature.it\/wp-content\/uploads\/2017\/09\/favicon-omr-114.png","width":114,"height":114,"caption":"OMR Serrature | Produzione sistemi di chiusura"},"image":{"@id":"https:\/\/www.omrserrature.it\/es\/#\/schema\/logo\/image\/"},"sameAs":["https:\/\/www.facebook.com\/OMRserrature","https:\/\/www.linkedin.com\/company\/omrserrature\/","https:\/\/www.youtube.com\/channel\/UCxmA85z2R0EpG_6IRokiAkg"]}]}},"_links":{"self":[{"href":"https:\/\/www.omrserrature.it\/es\/wp-json\/wp\/v2\/product\/241504","targetHints":{"allow":["GET"]}}],"collection":[{"href":"https:\/\/www.omrserrature.it\/es\/wp-json\/wp\/v2\/product"}],"about":[{"href":"https:\/\/www.omrserrature.it\/es\/wp-json\/wp\/v2\/types\/product"}],"replies":[{"embeddable":true,"href":"https:\/\/www.omrserrature.it\/es\/wp-json\/wp\/v2\/comments?post=241504"}],"wp:featuredmedia":[{"embeddable":true,"href":"https:\/\/www.omrserrature.it\/es\/wp-json\/wp\/v2\/media\/20918"}],"wp:attachment":[{"href":"https:\/\/www.omrserrature.it\/es\/wp-json\/wp\/v2\/media?parent=241504"}],"wp:term":[{"taxonomy":"product_brand","embeddable":true,"href":"https:\/\/www.omrserrature.it\/es\/wp-json\/wp\/v2\/product_brand?post=241504"},{"taxonomy":"product_cat","embeddable":true,"href":"https:\/\/www.omrserrature.it\/es\/wp-json\/wp\/v2\/product_cat?post=241504"},{"taxonomy":"product_tag","embeddable":true,"href":"https:\/\/www.omrserrature.it\/es\/wp-json\/wp\/v2\/product_tag?post=241504"}],"curies":[{"name":"wp","href":"https:\/\/api.w.org\/{rel}","templated":true}]}}