{"id":241491,"date":"2019-02-27T15:35:29","date_gmt":"2023-02-19T14:35:00","guid":{"rendered":"https:\/\/www.staging6.omrserrature.it\/prodotto\/juntas-de-fibra\/"},"modified":"2026-04-08T11:37:31","modified_gmt":"2026-04-08T09:37:31","slug":"juntas-de-fibra","status":"publish","type":"product","link":"https:\/\/www.omrserrature.it\/es\/producto\/juntas-de-fibra\/","title":{"rendered":"Juntas de fibra"},"content":{"rendered":"<p>La <strong>junta de fibra<\/strong> est\u00e1 dise\u00f1ada para <strong>comprimir la tuerca y evitar que<\/strong> se afloje o <strong>desenrosque<\/strong>. Esta soluci\u00f3n de fijaci\u00f3n garantiza un <strong>sellado fuerte y duradero<\/strong>.  Gracias a su eficacia, la junta de fibra ayuda a mantener los componentes intactos y funcionales. El resultado es un sistema robusto y fiable que contribuye a la calidad y durabilidad del producto o instalaci\u00f3n en que se utiliza. <\/p>\n","protected":false},"excerpt":{"rendered":"<p>La <strong>junta de fibra<\/strong> est\u00e1 dise\u00f1ada para <strong>comprimir la tuerca y evitar que<\/strong> se afloje o <strong>desenrosque<\/strong>. Esta soluci\u00f3n de fijaci\u00f3n garantiza un <strong>sellado fuerte y duradero<\/strong>. <\/p>\n","protected":false},"featured_media":10775,"comment_status":"open","ping_status":"closed","template":"","meta":{"_acf_changed":false,"_et_pb_use_builder":"","_et_pb_old_content":"","_et_gb_content_width":""},"product_brand":[],"product_cat":[3966],"product_tag":[],"class_list":{"0":"post-241491","1":"product","2":"type-product","3":"status-publish","4":"has-post-thumbnail","6":"product_cat-tuercas-horquillas-arandelas-juntas","8":"first","9":"instock","10":"shipping-taxable","11":"purchasable","12":"product-type-variable"},"acf":{"pdf1":false},"yoast_head":"<!-- This site is optimized with the Yoast SEO plugin v27.2 - https:\/\/yoast.com\/product\/yoast-seo-wordpress\/ -->\n<title>Juntas de fibra - OMR Serrature<\/title>\n<meta name=\"robots\" content=\"index, follow, max-snippet:-1, max-image-preview:large, max-video-preview:-1\" \/>\n<link rel=\"canonical\" href=\"https:\/\/www.omrserrature.it\/es\/producto\/juntas-de-fibra\/\" \/>\n<meta property=\"og:locale\" content=\"es_ES\" \/>\n<meta property=\"og:type\" content=\"article\" \/>\n<meta property=\"og:title\" content=\"Juntas de fibra - OMR Serrature\" \/>\n<meta property=\"og:description\" content=\"La junta de fibra est\u00e1 dise\u00f1ada para comprimir la tuerca y evitar que se afloje o desenrosque. Esta soluci\u00f3n de fijaci\u00f3n garantiza un sellado fuerte y duradero.\" \/>\n<meta property=\"og:url\" content=\"https:\/\/www.omrserrature.it\/es\/producto\/juntas-de-fibra\/\" \/>\n<meta property=\"og:site_name\" content=\"OMR Serrature | Produzione sistemi di chiusura\" \/>\n<meta property=\"article:publisher\" content=\"https:\/\/www.facebook.com\/OMRserrature\" \/>\n<meta property=\"article:modified_time\" content=\"2026-04-08T09:37:31+00:00\" \/>\n<meta property=\"og:image\" content=\"https:\/\/www.omrserrature.it\/wp-content\/uploads\/2019\/02\/guarnizione-fibra-MRON04738.jpg\" \/>\n\t<meta property=\"og:image:width\" content=\"312\" \/>\n\t<meta property=\"og:image:height\" content=\"250\" \/>\n\t<meta property=\"og:image:type\" content=\"image\/jpeg\" \/>\n<meta name=\"twitter:card\" content=\"summary_large_image\" \/>\n<script type=\"application\/ld+json\" class=\"yoast-schema-graph\">{\"@context\":\"https:\/\/schema.org\",\"@graph\":[{\"@type\":\"WebPage\",\"@id\":\"https:\/\/www.omrserrature.it\/es\/producto\/juntas-de-fibra\/\",\"url\":\"https:\/\/www.omrserrature.it\/es\/producto\/juntas-de-fibra\/\",\"name\":\"Juntas de fibra - OMR Serrature\",\"isPartOf\":{\"@id\":\"https:\/\/www.omrserrature.it\/es\/#website\"},\"primaryImageOfPage\":{\"@id\":\"https:\/\/www.omrserrature.it\/es\/producto\/juntas-de-fibra\/#primaryimage\"},\"image\":{\"@id\":\"https:\/\/www.omrserrature.it\/es\/producto\/juntas-de-fibra\/#primaryimage\"},\"thumbnailUrl\":\"https:\/\/www.omrserrature.it\/wp-content\/uploads\/2019\/02\/guarnizione-fibra-MRON04738.jpg\",\"datePublished\":\"2023-02-19T14:35:00+00:00\",\"dateModified\":\"2026-04-08T09:37:31+00:00\",\"breadcrumb\":{\"@id\":\"https:\/\/www.omrserrature.it\/es\/producto\/juntas-de-fibra\/#breadcrumb\"},\"inLanguage\":\"es\",\"potentialAction\":[{\"@type\":\"ReadAction\",\"target\":[\"https:\/\/www.omrserrature.it\/es\/producto\/juntas-de-fibra\/\"]}]},{\"@type\":\"ImageObject\",\"inLanguage\":\"es\",\"@id\":\"https:\/\/www.omrserrature.it\/es\/producto\/juntas-de-fibra\/#primaryimage\",\"url\":\"https:\/\/www.omrserrature.it\/wp-content\/uploads\/2019\/02\/guarnizione-fibra-MRON04738.jpg\",\"contentUrl\":\"https:\/\/www.omrserrature.it\/wp-content\/uploads\/2019\/02\/guarnizione-fibra-MRON04738.jpg\",\"width\":312,\"height\":250,\"caption\":\"Junta de fibra - MRON04738\"},{\"@type\":\"BreadcrumbList\",\"@id\":\"https:\/\/www.omrserrature.it\/es\/producto\/juntas-de-fibra\/#breadcrumb\",\"itemListElement\":[{\"@type\":\"ListItem\",\"position\":1,\"name\":\"Home\",\"item\":\"https:\/\/www.omrserrature.it\/es\/omr-cerradiras-y-sistemas-de-cierre\/\"},{\"@type\":\"ListItem\",\"position\":2,\"name\":\"Cat\u00e1logo\",\"item\":\"https:\/\/www.omrserrature.it\/catalogo\/?lang=es\"},{\"@type\":\"ListItem\",\"position\":3,\"name\":\"Productos\",\"item\":\"https:\/\/www.omrserrature.it\/es\/inventario\/productos\/\"},{\"@type\":\"ListItem\",\"position\":4,\"name\":\"Accesorios y recambios\",\"item\":\"https:\/\/www.omrserrature.it\/es\/inventario\/productos\/accesorios-y-recambios\/\"},{\"@type\":\"ListItem\",\"position\":5,\"name\":\"Tuercas - Horquillas - Arandelas - Juntas\",\"item\":\"https:\/\/www.omrserrature.it\/es\/inventario\/productos\/accesorios-y-recambios\/tuercas-horquillas-arandelas-juntas\/\"},{\"@type\":\"ListItem\",\"position\":6,\"name\":\"Juntas de fibra\"}]},{\"@type\":\"WebSite\",\"@id\":\"https:\/\/www.omrserrature.it\/es\/#website\",\"url\":\"https:\/\/www.omrserrature.it\/es\/\",\"name\":\"OMR Serrature | Produzione sistemi di chiusura\",\"description\":\"Produzione serrature di sicurezza e sistemi di chiusura\",\"publisher\":{\"@id\":\"https:\/\/www.omrserrature.it\/es\/#organization\"},\"potentialAction\":[{\"@type\":\"SearchAction\",\"target\":{\"@type\":\"EntryPoint\",\"urlTemplate\":\"https:\/\/www.omrserrature.it\/es\/?s={search_term_string}\"},\"query-input\":{\"@type\":\"PropertyValueSpecification\",\"valueRequired\":true,\"valueName\":\"search_term_string\"}}],\"inLanguage\":\"es\"},{\"@type\":\"Organization\",\"@id\":\"https:\/\/www.omrserrature.it\/es\/#organization\",\"name\":\"OMR Serrature | Produzione sistemi di chiusura\",\"url\":\"https:\/\/www.omrserrature.it\/es\/\",\"logo\":{\"@type\":\"ImageObject\",\"inLanguage\":\"es\",\"@id\":\"https:\/\/www.omrserrature.it\/es\/#\/schema\/logo\/image\/\",\"url\":\"https:\/\/www.omrserrature.it\/wp-content\/uploads\/2017\/09\/favicon-omr-114.png\",\"contentUrl\":\"https:\/\/www.omrserrature.it\/wp-content\/uploads\/2017\/09\/favicon-omr-114.png\",\"width\":114,\"height\":114,\"caption\":\"OMR Serrature | Produzione sistemi di chiusura\"},\"image\":{\"@id\":\"https:\/\/www.omrserrature.it\/es\/#\/schema\/logo\/image\/\"},\"sameAs\":[\"https:\/\/www.facebook.com\/OMRserrature\",\"https:\/\/www.linkedin.com\/company\/omrserrature\/\",\"https:\/\/www.youtube.com\/channel\/UCxmA85z2R0EpG_6IRokiAkg\"]}]}<\/script>\n<!-- \/ Yoast SEO plugin. -->","yoast_head_json":{"title":"Juntas de fibra - OMR Serrature","robots":{"index":"index","follow":"follow","max-snippet":"max-snippet:-1","max-image-preview":"max-image-preview:large","max-video-preview":"max-video-preview:-1"},"canonical":"https:\/\/www.omrserrature.it\/es\/producto\/juntas-de-fibra\/","og_locale":"es_ES","og_type":"article","og_title":"Juntas de fibra - OMR Serrature","og_description":"La junta de fibra est\u00e1 dise\u00f1ada para comprimir la tuerca y evitar que se afloje o desenrosque. Esta soluci\u00f3n de fijaci\u00f3n garantiza un sellado fuerte y duradero.","og_url":"https:\/\/www.omrserrature.it\/es\/producto\/juntas-de-fibra\/","og_site_name":"OMR Serrature | Produzione sistemi di chiusura","article_publisher":"https:\/\/www.facebook.com\/OMRserrature","article_modified_time":"2026-04-08T09:37:31+00:00","og_image":[{"width":312,"height":250,"url":"https:\/\/www.omrserrature.it\/wp-content\/uploads\/2019\/02\/guarnizione-fibra-MRON04738.jpg","type":"image\/jpeg"}],"twitter_card":"summary_large_image","schema":{"@context":"https:\/\/schema.org","@graph":[{"@type":"WebPage","@id":"https:\/\/www.omrserrature.it\/es\/producto\/juntas-de-fibra\/","url":"https:\/\/www.omrserrature.it\/es\/producto\/juntas-de-fibra\/","name":"Juntas de fibra - OMR Serrature","isPartOf":{"@id":"https:\/\/www.omrserrature.it\/es\/#website"},"primaryImageOfPage":{"@id":"https:\/\/www.omrserrature.it\/es\/producto\/juntas-de-fibra\/#primaryimage"},"image":{"@id":"https:\/\/www.omrserrature.it\/es\/producto\/juntas-de-fibra\/#primaryimage"},"thumbnailUrl":"https:\/\/www.omrserrature.it\/wp-content\/uploads\/2019\/02\/guarnizione-fibra-MRON04738.jpg","datePublished":"2023-02-19T14:35:00+00:00","dateModified":"2026-04-08T09:37:31+00:00","breadcrumb":{"@id":"https:\/\/www.omrserrature.it\/es\/producto\/juntas-de-fibra\/#breadcrumb"},"inLanguage":"es","potentialAction":[{"@type":"ReadAction","target":["https:\/\/www.omrserrature.it\/es\/producto\/juntas-de-fibra\/"]}]},{"@type":"ImageObject","inLanguage":"es","@id":"https:\/\/www.omrserrature.it\/es\/producto\/juntas-de-fibra\/#primaryimage","url":"https:\/\/www.omrserrature.it\/wp-content\/uploads\/2019\/02\/guarnizione-fibra-MRON04738.jpg","contentUrl":"https:\/\/www.omrserrature.it\/wp-content\/uploads\/2019\/02\/guarnizione-fibra-MRON04738.jpg","width":312,"height":250,"caption":"Junta de fibra - MRON04738"},{"@type":"BreadcrumbList","@id":"https:\/\/www.omrserrature.it\/es\/producto\/juntas-de-fibra\/#breadcrumb","itemListElement":[{"@type":"ListItem","position":1,"name":"Home","item":"https:\/\/www.omrserrature.it\/es\/omr-cerradiras-y-sistemas-de-cierre\/"},{"@type":"ListItem","position":2,"name":"Cat\u00e1logo","item":"https:\/\/www.omrserrature.it\/catalogo\/?lang=es"},{"@type":"ListItem","position":3,"name":"Productos","item":"https:\/\/www.omrserrature.it\/es\/inventario\/productos\/"},{"@type":"ListItem","position":4,"name":"Accesorios y recambios","item":"https:\/\/www.omrserrature.it\/es\/inventario\/productos\/accesorios-y-recambios\/"},{"@type":"ListItem","position":5,"name":"Tuercas - Horquillas - Arandelas - Juntas","item":"https:\/\/www.omrserrature.it\/es\/inventario\/productos\/accesorios-y-recambios\/tuercas-horquillas-arandelas-juntas\/"},{"@type":"ListItem","position":6,"name":"Juntas de fibra"}]},{"@type":"WebSite","@id":"https:\/\/www.omrserrature.it\/es\/#website","url":"https:\/\/www.omrserrature.it\/es\/","name":"OMR Serrature | Produzione sistemi di chiusura","description":"Produzione serrature di sicurezza e sistemi di chiusura","publisher":{"@id":"https:\/\/www.omrserrature.it\/es\/#organization"},"potentialAction":[{"@type":"SearchAction","target":{"@type":"EntryPoint","urlTemplate":"https:\/\/www.omrserrature.it\/es\/?s={search_term_string}"},"query-input":{"@type":"PropertyValueSpecification","valueRequired":true,"valueName":"search_term_string"}}],"inLanguage":"es"},{"@type":"Organization","@id":"https:\/\/www.omrserrature.it\/es\/#organization","name":"OMR Serrature | Produzione sistemi di chiusura","url":"https:\/\/www.omrserrature.it\/es\/","logo":{"@type":"ImageObject","inLanguage":"es","@id":"https:\/\/www.omrserrature.it\/es\/#\/schema\/logo\/image\/","url":"https:\/\/www.omrserrature.it\/wp-content\/uploads\/2017\/09\/favicon-omr-114.png","contentUrl":"https:\/\/www.omrserrature.it\/wp-content\/uploads\/2017\/09\/favicon-omr-114.png","width":114,"height":114,"caption":"OMR Serrature | Produzione sistemi di chiusura"},"image":{"@id":"https:\/\/www.omrserrature.it\/es\/#\/schema\/logo\/image\/"},"sameAs":["https:\/\/www.facebook.com\/OMRserrature","https:\/\/www.linkedin.com\/company\/omrserrature\/","https:\/\/www.youtube.com\/channel\/UCxmA85z2R0EpG_6IRokiAkg"]}]}},"_links":{"self":[{"href":"https:\/\/www.omrserrature.it\/es\/wp-json\/wp\/v2\/product\/241491","targetHints":{"allow":["GET"]}}],"collection":[{"href":"https:\/\/www.omrserrature.it\/es\/wp-json\/wp\/v2\/product"}],"about":[{"href":"https:\/\/www.omrserrature.it\/es\/wp-json\/wp\/v2\/types\/product"}],"replies":[{"embeddable":true,"href":"https:\/\/www.omrserrature.it\/es\/wp-json\/wp\/v2\/comments?post=241491"}],"wp:featuredmedia":[{"embeddable":true,"href":"https:\/\/www.omrserrature.it\/es\/wp-json\/wp\/v2\/media\/10775"}],"wp:attachment":[{"href":"https:\/\/www.omrserrature.it\/es\/wp-json\/wp\/v2\/media?parent=241491"}],"wp:term":[{"taxonomy":"product_brand","embeddable":true,"href":"https:\/\/www.omrserrature.it\/es\/wp-json\/wp\/v2\/product_brand?post=241491"},{"taxonomy":"product_cat","embeddable":true,"href":"https:\/\/www.omrserrature.it\/es\/wp-json\/wp\/v2\/product_cat?post=241491"},{"taxonomy":"product_tag","embeddable":true,"href":"https:\/\/www.omrserrature.it\/es\/wp-json\/wp\/v2\/product_tag?post=241491"}],"curies":[{"name":"wp","href":"https:\/\/api.w.org\/{rel}","templated":true}]}}