{"id":241468,"date":"2021-03-11T14:55:44","date_gmt":"2011-03-21T13:55:00","guid":{"rendered":"https:\/\/www.staging6.omrserrature.it\/prodotto\/cerradura-gravitacional-gancho-pequeno-capuchon\/"},"modified":"2026-04-08T11:29:00","modified_gmt":"2026-04-08T09:29:00","slug":"cerradura-gravitacional-gancho-pequeno-capuchon","status":"publish","type":"product","link":"https:\/\/www.omrserrature.it\/es\/producto\/cerradura-gravitacional-gancho-pequeno-capuchon\/","title":{"rendered":"Cerradura gravitacional gancho peque\u00f1o Capuch\u00f3n"},"content":{"rendered":"<p><strong>El peque\u00f1o gancho ecol\u00f3gico de cerradura gravitacional<\/strong> es un cuerpo de pl\u00e1stico con<strong> un gancho con resorte (o sin resorte<\/strong>) en su interior, y se ancla a la cara interior de la tapa del cubo de basura. Se combina con otros dos elementos: <strong>un peque\u00f1o capuch\u00f3n<\/strong> de pl\u00e1stico rojo con<strong> cerradura con llave de z\u00f3calo o cierre de z\u00f3calo<\/strong> (instalado en la parte superior de la tapa del cubo de basura),<strong> y un cuerpo inferior instalado en la parte interior del cubo<\/strong>. <\/p>\n<p>El innovador sistema gravitacional permite <strong>proteger del acceso no autorizado<\/strong> y abrir f\u00e1cilmente los distintos contenedores, en particular los dedicados a la recogida de residuos puerta a puerta, garantizando con esta eficaz soluci\u00f3n la mejor gesti\u00f3n de la recogida selectiva de residuos en los distintos municipios y distritos de la ciudad.<\/p>\n<p>Caracter\u00edsticas del producto:<br \/>\n&#8211; <strong>Apertura autom\u00e1tica<\/strong> durante las operaciones de vaciado por parte de la empresa de recogida.<br \/>\n&#8211; Al final del vaciado, <strong>el mecanismo se cierra autom\u00e1ticamente<\/strong>, impidiendo el acceso a personas no autorizadas.<br \/>\n&#8211; <strong>Apertura antip\u00e1nico facilitada desde el interior<\/strong> sin llave en caso de emergencia (por ejemplo, si un ni\u00f1o se queda atrapado dentro).<br \/>\n&#8211; <strong>Sistema de apertura antiaccidental<\/strong> en caso de que el cubo de basura vuelque debido al viento, golpes o vandalismo.<\/p>\n<p>La cerradura gravitacional es compatible y<strong> puede instalarse f\u00e1cilmente en todas las marcas de<\/strong> contenedores de basura y<strong> basureros<\/strong> con ruedas de dos y cuatro ruedas. Incluye instrucciones para instalar la cerradura con la plantilla universal OMR. <\/p>\n","protected":false},"excerpt":{"rendered":"<p>El peque\u00f1o <strong>gancho de<\/strong> Cerradura gravitacional es un cuerpo de pl\u00e1stico con <strong>un gancho con muelle (o sin muelle<\/strong>) en su interior, que se coloca debajo de la tapa del cubo de basura.<\/p>\n","protected":false},"featured_media":16930,"comment_status":"open","ping_status":"closed","template":"","meta":{"_acf_changed":false,"_et_pb_use_builder":"","_et_pb_old_content":"","_et_gb_content_width":""},"product_brand":[],"product_cat":[3973],"product_tag":[],"class_list":{"0":"post-241468","1":"product","2":"type-product","3":"status-publish","4":"has-post-thumbnail","6":"product_cat-accesorios-y-recambios-para-cerraduras-gravitacionales","8":"first","9":"instock","10":"shipping-taxable","11":"product-type-simple"},"acf":{"pdf1":"https:\/\/www.omrserrature.it\/wp-content\/uploads\/2021\/03\/Scheda_GP-CUP-2001_GP-GAN_GKIT-INF.pdf"},"yoast_head":"<!-- This site is optimized with the Yoast SEO plugin v27.2 - https:\/\/yoast.com\/product\/yoast-seo-wordpress\/ -->\n<title>Cerradura gravitacional gancho peque\u00f1o Capuch\u00f3n - OMR Serrature<\/title>\n<meta name=\"robots\" content=\"index, follow, max-snippet:-1, max-image-preview:large, max-video-preview:-1\" \/>\n<link rel=\"canonical\" href=\"https:\/\/www.omrserrature.it\/es\/producto\/cerradura-gravitacional-gancho-pequeno-capuchon\/\" \/>\n<meta property=\"og:locale\" content=\"es_ES\" \/>\n<meta property=\"og:type\" content=\"article\" \/>\n<meta property=\"og:title\" content=\"Cerradura gravitacional gancho peque\u00f1o Capuch\u00f3n - OMR Serrature\" \/>\n<meta property=\"og:description\" content=\"El peque\u00f1o gancho de Cerradura gravitacional es un cuerpo de pl\u00e1stico con un gancho con muelle (o sin muelle) en su interior, que se coloca debajo de la tapa del cubo de basura.\" \/>\n<meta property=\"og:url\" content=\"https:\/\/www.omrserrature.it\/es\/producto\/cerradura-gravitacional-gancho-pequeno-capuchon\/\" \/>\n<meta property=\"og:site_name\" content=\"OMR Serrature | Produzione sistemi di chiusura\" \/>\n<meta property=\"article:publisher\" content=\"https:\/\/www.facebook.com\/OMRserrature\" \/>\n<meta property=\"article:modified_time\" content=\"2026-04-08T09:29:00+00:00\" \/>\n<meta property=\"og:image\" content=\"https:\/\/www.omrserrature.it\/wp-content\/uploads\/2021\/03\/GP-GAN.jpg\" \/>\n\t<meta property=\"og:image:width\" content=\"4928\" \/>\n\t<meta property=\"og:image:height\" content=\"3264\" \/>\n\t<meta property=\"og:image:type\" content=\"image\/jpeg\" \/>\n<meta name=\"twitter:card\" content=\"summary_large_image\" \/>\n<meta name=\"twitter:label1\" content=\"Tiempo de lectura\" \/>\n\t<meta name=\"twitter:data1\" content=\"1 minuto\" \/>\n<script type=\"application\/ld+json\" class=\"yoast-schema-graph\">{\"@context\":\"https:\/\/schema.org\",\"@graph\":[{\"@type\":\"WebPage\",\"@id\":\"https:\/\/www.omrserrature.it\/es\/producto\/cerradura-gravitacional-gancho-pequeno-capuchon\/\",\"url\":\"https:\/\/www.omrserrature.it\/es\/producto\/cerradura-gravitacional-gancho-pequeno-capuchon\/\",\"name\":\"Cerradura gravitacional gancho peque\u00f1o Capuch\u00f3n - OMR Serrature\",\"isPartOf\":{\"@id\":\"https:\/\/www.omrserrature.it\/es\/#website\"},\"primaryImageOfPage\":{\"@id\":\"https:\/\/www.omrserrature.it\/es\/producto\/cerradura-gravitacional-gancho-pequeno-capuchon\/#primaryimage\"},\"image\":{\"@id\":\"https:\/\/www.omrserrature.it\/es\/producto\/cerradura-gravitacional-gancho-pequeno-capuchon\/#primaryimage\"},\"thumbnailUrl\":\"https:\/\/www.omrserrature.it\/wp-content\/uploads\/2021\/03\/GP-GAN.jpg\",\"datePublished\":\"2011-03-21T13:55:00+00:00\",\"dateModified\":\"2026-04-08T09:29:00+00:00\",\"breadcrumb\":{\"@id\":\"https:\/\/www.omrserrature.it\/es\/producto\/cerradura-gravitacional-gancho-pequeno-capuchon\/#breadcrumb\"},\"inLanguage\":\"es\",\"potentialAction\":[{\"@type\":\"ReadAction\",\"target\":[\"https:\/\/www.omrserrature.it\/es\/producto\/cerradura-gravitacional-gancho-pequeno-capuchon\/\"]}]},{\"@type\":\"ImageObject\",\"inLanguage\":\"es\",\"@id\":\"https:\/\/www.omrserrature.it\/es\/producto\/cerradura-gravitacional-gancho-pequeno-capuchon\/#primaryimage\",\"url\":\"https:\/\/www.omrserrature.it\/wp-content\/uploads\/2021\/03\/GP-GAN.jpg\",\"contentUrl\":\"https:\/\/www.omrserrature.it\/wp-content\/uploads\/2021\/03\/GP-GAN.jpg\",\"width\":4928,\"height\":3264,\"caption\":\"Gancho para cierre de cubos y basureros - GP-GAN\"},{\"@type\":\"BreadcrumbList\",\"@id\":\"https:\/\/www.omrserrature.it\/es\/producto\/cerradura-gravitacional-gancho-pequeno-capuchon\/#breadcrumb\",\"itemListElement\":[{\"@type\":\"ListItem\",\"position\":1,\"name\":\"Home\",\"item\":\"https:\/\/www.omrserrature.it\/es\/omr-cerradiras-y-sistemas-de-cierre\/\"},{\"@type\":\"ListItem\",\"position\":2,\"name\":\"Cat\u00e1logo\",\"item\":\"https:\/\/www.omrserrature.it\/catalogo\/?lang=es\"},{\"@type\":\"ListItem\",\"position\":3,\"name\":\"Productos\",\"item\":\"https:\/\/www.omrserrature.it\/es\/inventario\/productos\/\"},{\"@type\":\"ListItem\",\"position\":4,\"name\":\"Accesorios y recambios\",\"item\":\"https:\/\/www.omrserrature.it\/es\/inventario\/productos\/accesorios-y-recambios\/\"},{\"@type\":\"ListItem\",\"position\":5,\"name\":\"Accesorios y recambios para cerraduras gravitacionales\",\"item\":\"https:\/\/www.omrserrature.it\/es\/inventario\/productos\/accesorios-y-recambios\/accesorios-y-recambios-para-cerraduras-gravitacionales\/\"},{\"@type\":\"ListItem\",\"position\":6,\"name\":\"Cerradura gravitacional gancho peque\u00f1o Capuch\u00f3n\"}]},{\"@type\":\"WebSite\",\"@id\":\"https:\/\/www.omrserrature.it\/es\/#website\",\"url\":\"https:\/\/www.omrserrature.it\/es\/\",\"name\":\"OMR Serrature | Produzione sistemi di chiusura\",\"description\":\"Produzione serrature di sicurezza e sistemi di chiusura\",\"publisher\":{\"@id\":\"https:\/\/www.omrserrature.it\/es\/#organization\"},\"potentialAction\":[{\"@type\":\"SearchAction\",\"target\":{\"@type\":\"EntryPoint\",\"urlTemplate\":\"https:\/\/www.omrserrature.it\/es\/?s={search_term_string}\"},\"query-input\":{\"@type\":\"PropertyValueSpecification\",\"valueRequired\":true,\"valueName\":\"search_term_string\"}}],\"inLanguage\":\"es\"},{\"@type\":\"Organization\",\"@id\":\"https:\/\/www.omrserrature.it\/es\/#organization\",\"name\":\"OMR Serrature | Produzione sistemi di chiusura\",\"url\":\"https:\/\/www.omrserrature.it\/es\/\",\"logo\":{\"@type\":\"ImageObject\",\"inLanguage\":\"es\",\"@id\":\"https:\/\/www.omrserrature.it\/es\/#\/schema\/logo\/image\/\",\"url\":\"https:\/\/www.omrserrature.it\/wp-content\/uploads\/2017\/09\/favicon-omr-114.png\",\"contentUrl\":\"https:\/\/www.omrserrature.it\/wp-content\/uploads\/2017\/09\/favicon-omr-114.png\",\"width\":114,\"height\":114,\"caption\":\"OMR Serrature | Produzione sistemi di chiusura\"},\"image\":{\"@id\":\"https:\/\/www.omrserrature.it\/es\/#\/schema\/logo\/image\/\"},\"sameAs\":[\"https:\/\/www.facebook.com\/OMRserrature\",\"https:\/\/www.linkedin.com\/company\/omrserrature\/\",\"https:\/\/www.youtube.com\/channel\/UCxmA85z2R0EpG_6IRokiAkg\"]}]}<\/script>\n<!-- \/ Yoast SEO plugin. -->","yoast_head_json":{"title":"Cerradura gravitacional gancho peque\u00f1o Capuch\u00f3n - OMR Serrature","robots":{"index":"index","follow":"follow","max-snippet":"max-snippet:-1","max-image-preview":"max-image-preview:large","max-video-preview":"max-video-preview:-1"},"canonical":"https:\/\/www.omrserrature.it\/es\/producto\/cerradura-gravitacional-gancho-pequeno-capuchon\/","og_locale":"es_ES","og_type":"article","og_title":"Cerradura gravitacional gancho peque\u00f1o Capuch\u00f3n - OMR Serrature","og_description":"El peque\u00f1o gancho de Cerradura gravitacional es un cuerpo de pl\u00e1stico con un gancho con muelle (o sin muelle) en su interior, que se coloca debajo de la tapa del cubo de basura.","og_url":"https:\/\/www.omrserrature.it\/es\/producto\/cerradura-gravitacional-gancho-pequeno-capuchon\/","og_site_name":"OMR Serrature | Produzione sistemi di chiusura","article_publisher":"https:\/\/www.facebook.com\/OMRserrature","article_modified_time":"2026-04-08T09:29:00+00:00","og_image":[{"width":4928,"height":3264,"url":"https:\/\/www.omrserrature.it\/wp-content\/uploads\/2021\/03\/GP-GAN.jpg","type":"image\/jpeg"}],"twitter_card":"summary_large_image","twitter_misc":{"Tiempo de lectura":"1 minuto"},"schema":{"@context":"https:\/\/schema.org","@graph":[{"@type":"WebPage","@id":"https:\/\/www.omrserrature.it\/es\/producto\/cerradura-gravitacional-gancho-pequeno-capuchon\/","url":"https:\/\/www.omrserrature.it\/es\/producto\/cerradura-gravitacional-gancho-pequeno-capuchon\/","name":"Cerradura gravitacional gancho peque\u00f1o Capuch\u00f3n - OMR Serrature","isPartOf":{"@id":"https:\/\/www.omrserrature.it\/es\/#website"},"primaryImageOfPage":{"@id":"https:\/\/www.omrserrature.it\/es\/producto\/cerradura-gravitacional-gancho-pequeno-capuchon\/#primaryimage"},"image":{"@id":"https:\/\/www.omrserrature.it\/es\/producto\/cerradura-gravitacional-gancho-pequeno-capuchon\/#primaryimage"},"thumbnailUrl":"https:\/\/www.omrserrature.it\/wp-content\/uploads\/2021\/03\/GP-GAN.jpg","datePublished":"2011-03-21T13:55:00+00:00","dateModified":"2026-04-08T09:29:00+00:00","breadcrumb":{"@id":"https:\/\/www.omrserrature.it\/es\/producto\/cerradura-gravitacional-gancho-pequeno-capuchon\/#breadcrumb"},"inLanguage":"es","potentialAction":[{"@type":"ReadAction","target":["https:\/\/www.omrserrature.it\/es\/producto\/cerradura-gravitacional-gancho-pequeno-capuchon\/"]}]},{"@type":"ImageObject","inLanguage":"es","@id":"https:\/\/www.omrserrature.it\/es\/producto\/cerradura-gravitacional-gancho-pequeno-capuchon\/#primaryimage","url":"https:\/\/www.omrserrature.it\/wp-content\/uploads\/2021\/03\/GP-GAN.jpg","contentUrl":"https:\/\/www.omrserrature.it\/wp-content\/uploads\/2021\/03\/GP-GAN.jpg","width":4928,"height":3264,"caption":"Gancho para cierre de cubos y basureros - GP-GAN"},{"@type":"BreadcrumbList","@id":"https:\/\/www.omrserrature.it\/es\/producto\/cerradura-gravitacional-gancho-pequeno-capuchon\/#breadcrumb","itemListElement":[{"@type":"ListItem","position":1,"name":"Home","item":"https:\/\/www.omrserrature.it\/es\/omr-cerradiras-y-sistemas-de-cierre\/"},{"@type":"ListItem","position":2,"name":"Cat\u00e1logo","item":"https:\/\/www.omrserrature.it\/catalogo\/?lang=es"},{"@type":"ListItem","position":3,"name":"Productos","item":"https:\/\/www.omrserrature.it\/es\/inventario\/productos\/"},{"@type":"ListItem","position":4,"name":"Accesorios y recambios","item":"https:\/\/www.omrserrature.it\/es\/inventario\/productos\/accesorios-y-recambios\/"},{"@type":"ListItem","position":5,"name":"Accesorios y recambios para cerraduras gravitacionales","item":"https:\/\/www.omrserrature.it\/es\/inventario\/productos\/accesorios-y-recambios\/accesorios-y-recambios-para-cerraduras-gravitacionales\/"},{"@type":"ListItem","position":6,"name":"Cerradura gravitacional gancho peque\u00f1o Capuch\u00f3n"}]},{"@type":"WebSite","@id":"https:\/\/www.omrserrature.it\/es\/#website","url":"https:\/\/www.omrserrature.it\/es\/","name":"OMR Serrature | Produzione sistemi di chiusura","description":"Produzione serrature di sicurezza e sistemi di chiusura","publisher":{"@id":"https:\/\/www.omrserrature.it\/es\/#organization"},"potentialAction":[{"@type":"SearchAction","target":{"@type":"EntryPoint","urlTemplate":"https:\/\/www.omrserrature.it\/es\/?s={search_term_string}"},"query-input":{"@type":"PropertyValueSpecification","valueRequired":true,"valueName":"search_term_string"}}],"inLanguage":"es"},{"@type":"Organization","@id":"https:\/\/www.omrserrature.it\/es\/#organization","name":"OMR Serrature | Produzione sistemi di chiusura","url":"https:\/\/www.omrserrature.it\/es\/","logo":{"@type":"ImageObject","inLanguage":"es","@id":"https:\/\/www.omrserrature.it\/es\/#\/schema\/logo\/image\/","url":"https:\/\/www.omrserrature.it\/wp-content\/uploads\/2017\/09\/favicon-omr-114.png","contentUrl":"https:\/\/www.omrserrature.it\/wp-content\/uploads\/2017\/09\/favicon-omr-114.png","width":114,"height":114,"caption":"OMR Serrature | Produzione sistemi di chiusura"},"image":{"@id":"https:\/\/www.omrserrature.it\/es\/#\/schema\/logo\/image\/"},"sameAs":["https:\/\/www.facebook.com\/OMRserrature","https:\/\/www.linkedin.com\/company\/omrserrature\/","https:\/\/www.youtube.com\/channel\/UCxmA85z2R0EpG_6IRokiAkg"]}]}},"_links":{"self":[{"href":"https:\/\/www.omrserrature.it\/es\/wp-json\/wp\/v2\/product\/241468","targetHints":{"allow":["GET"]}}],"collection":[{"href":"https:\/\/www.omrserrature.it\/es\/wp-json\/wp\/v2\/product"}],"about":[{"href":"https:\/\/www.omrserrature.it\/es\/wp-json\/wp\/v2\/types\/product"}],"replies":[{"embeddable":true,"href":"https:\/\/www.omrserrature.it\/es\/wp-json\/wp\/v2\/comments?post=241468"}],"wp:featuredmedia":[{"embeddable":true,"href":"https:\/\/www.omrserrature.it\/es\/wp-json\/wp\/v2\/media\/16930"}],"wp:attachment":[{"href":"https:\/\/www.omrserrature.it\/es\/wp-json\/wp\/v2\/media?parent=241468"}],"wp:term":[{"taxonomy":"product_brand","embeddable":true,"href":"https:\/\/www.omrserrature.it\/es\/wp-json\/wp\/v2\/product_brand?post=241468"},{"taxonomy":"product_cat","embeddable":true,"href":"https:\/\/www.omrserrature.it\/es\/wp-json\/wp\/v2\/product_cat?post=241468"},{"taxonomy":"product_tag","embeddable":true,"href":"https:\/\/www.omrserrature.it\/es\/wp-json\/wp\/v2\/product_tag?post=241468"}],"curies":[{"name":"wp","href":"https:\/\/api.w.org\/{rel}","templated":true}]}}