{"id":241440,"date":"2018-03-13T11:51:23","date_gmt":"2013-03-18T10:51:00","guid":{"rendered":"https:\/\/www.staging6.omrserrature.it\/prodotto\/expositor-contador-para-cerraduras-de-la-serie-otto\/"},"modified":"2026-04-08T12:01:57","modified_gmt":"2026-04-08T10:01:57","slug":"expositor-contador-para-cerraduras-de-la-serie-otto","status":"publish","type":"product","link":"https:\/\/www.omrserrature.it\/es\/producto\/expositor-contador-para-cerraduras-de-la-serie-otto\/","title":{"rendered":"Expositor contador para Cerraduras de la serie OTTO"},"content":{"rendered":"<p>[et_pb_section fb_built=\u00bb1&#8243; _builder_version=\u00bb4.16&#8243; custom_padding=\u00bb0px||||false|false\u00bb global_colors_info=\u00bb{}\u00bb][et_pb_row _builder_version=\u00bb4.16&#8243; background_size=\u00bbinitial\u00bb background_position=\u00bbtop_left\u00bb background_repeat=\u00bbrepeat\u00bb custom_padding=\u00bb0px||0px||false|false\u00bb global_colors_info=\u00bb{}\u00bb][et_pb_column type=\u00bb4_4&#8243; _builder_version=\u00bb4.16&#8243; custom_padding=\u00bb|||\u00bb global_colors_info=\u00bb{}\u00bb custom_padding__hover=\u00bb|||\u00bb][et_pb_wc_breadcrumb _builder_version=\u00bb4.16&#8243; global_colors_info=\u00bb{}\u00bb][\/et_pb_wc_breadcrumb][et_pb_wc_cart_notice _builder_version=\u00bb4.16&#8243; global_colors_info=\u00bb{}\u00bb][\/et_pb_wc_cart_notice][\/et_pb_column][\/et_pb_row][et_pb_row _builder_version=\u00bb4.16&#8243; background_size=\u00bbinitial\u00bb background_position=\u00bbtop_left\u00bb background_repeat=\u00bbrepeat\u00bb custom_padding=\u00bb0px||||false|false\u00bb global_colors_info=\u00bb{}\u00bb column_structure=\u00bb1_2,1_2&#8243;][et_pb_column type=\u00bb1_2&#8243; _builder_version=\u00bb4.16&#8243; custom_padding=\u00bb|||\u00bb global_colors_info=\u00bb{}\u00bb custom_padding__hover=\u00bb|||\u00bb][et_pb_wc_images _builder_version=\u00bb4.16&#8243; global_colors_info=\u00bb{}\u00bb][\/et_pb_wc_images][\/et_pb_column][et_pb_column type=\u00bb1_2&#8243; _builder_version=\u00bb4.16&#8243; custom_padding=\u00bb|||\u00bb global_colors_info=\u00bb{}\u00bb custom_padding__hover=\u00bb|||\u00bb][et_pb_wc_title _builder_version=\u00bb4.16&#8243; global_colors_info=\u00bb{}\u00bb][\/et_pb_wc_title][et_pb_wc_rating _builder_version=\u00bb4.16&#8243; global_colors_info=\u00bb{}\u00bb][\/et_pb_wc_rating][et_pb_wc_price _builder_version=\u00bb4.16&#8243; global_colors_info=\u00bb{}\u00bb][\/et_pb_wc_price][et_pb_wc_description _builder_version=\u00bb4.16&#8243; global_colors_info=\u00bb{}\u00bb][\/et_pb_wc_description][et_pb_wc_add_to_cart _builder_version=\u00bb4.16&#8243; global_colors_info=\u00bb{}\u00bb][\/et_pb_wc_add_to_cart][et_pb_wc_meta _builder_version=\u00bb4.16&#8243; global_colors_info=\u00bb{}\u00bb][\/et_pb_wc_meta][\/et_pb_column][\/et_pb_row][et_pb_row _builder_version=\u00bb4.16&#8243; background_size=\u00bbinitial\u00bb background_position=\u00bbtop_left\u00bb background_repeat=\u00bbrepeat\u00bb global_colors_info=\u00bb{}\u00bb][et_pb_column type=\u00bb4_4&#8243; _builder_version=\u00bb4.16&#8243; custom_padding=\u00bb|||\u00bb global_colors_info=\u00bb{}\u00bb custom_padding__hover=\u00bb|||\u00bb][et_pb_wc_tabs _builder_version=\u00bb4.16&#8243; global_colors_info=\u00bb{}\u00bb]\t\t\t\t\t[\/et_pb_wc_tabs][et_pb_wc_upsells _builder_version=\u00bb4.16&#8243; global_colors_info=\u00bb{}\u00bb][\/et_pb_wc_upsells][et_pb_wc_related_products _builder_version=\u00bb4.16&#8243; global_colors_info=\u00bb{}\u00bb][\/et_pb_wc_related_products][\/et_pb_column][\/et_pb_row][\/et_pb_section]<\/p>\n","protected":false},"excerpt":{"rendered":"<p>Nos complace presentar nuestro <strong>expositor dedicado a la Serie Otto de OMR<\/strong>, una valiosa oportunidad para que los clientes conozcan de cerca la calidad de nuestras cerraduras. La Serie Otto ofrece una soluci\u00f3n eficaz para <strong>sustituir las antiguas cerraduras de pomo y bot\u00f3n de puertas interiores y exteriores<\/strong> o las tradicionales <strong>puertas de oficina con pomo giratorio<\/strong>. <\/p>\n","protected":false},"featured_media":255094,"comment_status":"open","ping_status":"closed","template":"","meta":{"_acf_changed":false,"_et_pb_use_builder":"on","_et_pb_old_content":"El<strong>expositor dedicado a la Serie Otto de OMR ofrece<\/strong> a tus clientes la oportunidad de explorar de cerca la calidad y el cuidado dise\u00f1o de nuestras cerraduras. Aqu\u00ed, el expositor ofrece un avance de la Serie Otto, la soluci\u00f3n eficaz y sencilla para <strong>sustituir las antiguas cerraduras de puertas interiores y exteriores con pomo y pulsador<\/strong> o las tradicionales <strong>puertas de oficina con pomo giratorio<\/strong> por cerraduras de <strong>cilindro europeas<\/strong>. \n\nLas cerraduras de manija m\u00e1s antiguas pueden no proporcionar el nivel de seguridad deseado, y la Serie Otto ofrece una <strong>notable mejora en el rendimiento de la seguridad de<\/strong> la cerradura, proporcionando una soluci\u00f3n segura y fiable con tecnolog\u00eda de <strong>cilindro de perfil europeo<\/strong>. Esta tecnolog\u00eda ofrece un aumento significativo de la seguridad, dando a los clientes la tranquilidad de que <strong>sus puertas tienen una mayor protecci\u00f3n.<\/strong>\n\n<strong>Sustituir<\/strong> las cerraduras antiguas por la Serie Otto es <strong>un proceso r\u00e1pido y<\/strong> no requiere grandes modificaciones ni la sustituci\u00f3n del marco de la puerta, lo que facilita mucho la actualizaci\u00f3n. El dise\u00f1o refinado y agradable de la Serie Otto a\u00f1ade <strong>un toque de discreta elegancia<\/strong> al aspecto de las puertas, mientras que el acabado impecable indica un producto superior. \n\nCon el expositor de la<strong> Serie Otto<\/strong>, tus clientes tendr\u00e1n<strong> la oportunidad de descubrir las numerosas ventajas de la Serie Otto:<\/strong>\n<ul>\n \t<li>Mayor seguridad gracias al cilindro de perfil europeo,<\/li>\n \t<li>facilidad de instalaci\u00f3n,<\/li>\n \t<li>dise\u00f1o elegante y acabado de alta calidad.<\/li>\n<\/ul>\nEstamos seguros de que los clientes encontrar\u00e1n en la Serie Otto la soluci\u00f3n ideal para mejorar la seguridad y la est\u00e9tica de sus puertas.","_et_gb_content_width":""},"product_brand":[],"product_cat":[3978],"product_tag":[],"class_list":{"0":"post-241440","1":"product","2":"type-product","3":"status-publish","4":"has-post-thumbnail","6":"product_cat-expositores","8":"first","9":"instock","10":"shipping-taxable","11":"product-type-simple"},"acf":{"pdf1":false},"yoast_head":"<!-- This site is optimized with the Yoast SEO plugin v27.2 - https:\/\/yoast.com\/product\/yoast-seo-wordpress\/ -->\n<title>Expositor contador para Cerraduras de la serie OTTO - OMR Serrature<\/title>\n<meta name=\"robots\" content=\"index, follow, max-snippet:-1, max-image-preview:large, max-video-preview:-1\" \/>\n<link rel=\"canonical\" href=\"https:\/\/www.omrserrature.it\/es\/producto\/expositor-contador-para-cerraduras-de-la-serie-otto\/\" \/>\n<meta property=\"og:locale\" content=\"es_ES\" \/>\n<meta property=\"og:type\" content=\"article\" \/>\n<meta property=\"og:title\" content=\"Expositor contador para Cerraduras de la serie OTTO - OMR Serrature\" \/>\n<meta property=\"og:description\" content=\"Nos complace presentar nuestro expositor dedicado a la Serie Otto de OMR, una valiosa oportunidad para que los clientes conozcan de cerca la calidad de nuestras cerraduras. La Serie Otto ofrece una soluci\u00f3n eficaz para sustituir las antiguas cerraduras de pomo y bot\u00f3n de puertas interiores y exteriores o las tradicionales puertas de oficina con pomo giratorio.\" \/>\n<meta property=\"og:url\" content=\"https:\/\/www.omrserrature.it\/es\/producto\/expositor-contador-para-cerraduras-de-la-serie-otto\/\" \/>\n<meta property=\"og:site_name\" content=\"OMR Serrature | Produzione sistemi di chiusura\" \/>\n<meta property=\"article:publisher\" content=\"https:\/\/www.facebook.com\/OMRserrature\" \/>\n<meta property=\"article:modified_time\" content=\"2026-04-08T10:01:57+00:00\" \/>\n<meta property=\"og:image\" content=\"https:\/\/www.omrserrature.it\/wp-content\/uploads\/2018\/03\/espositore-serie-otto.jpg\" \/>\n\t<meta property=\"og:image:width\" content=\"1200\" \/>\n\t<meta property=\"og:image:height\" content=\"795\" \/>\n\t<meta property=\"og:image:type\" content=\"image\/jpeg\" \/>\n<meta name=\"twitter:card\" content=\"summary_large_image\" \/>\n<meta name=\"twitter:label1\" content=\"Tiempo de lectura\" \/>\n\t<meta name=\"twitter:data1\" content=\"2 minutos\" \/>\n<script type=\"application\/ld+json\" class=\"yoast-schema-graph\">{\"@context\":\"https:\/\/schema.org\",\"@graph\":[{\"@type\":\"WebPage\",\"@id\":\"https:\/\/www.omrserrature.it\/es\/producto\/expositor-contador-para-cerraduras-de-la-serie-otto\/\",\"url\":\"https:\/\/www.omrserrature.it\/es\/producto\/expositor-contador-para-cerraduras-de-la-serie-otto\/\",\"name\":\"Expositor contador para Cerraduras de la serie OTTO - OMR Serrature\",\"isPartOf\":{\"@id\":\"https:\/\/www.omrserrature.it\/es\/#website\"},\"primaryImageOfPage\":{\"@id\":\"https:\/\/www.omrserrature.it\/es\/producto\/expositor-contador-para-cerraduras-de-la-serie-otto\/#primaryimage\"},\"image\":{\"@id\":\"https:\/\/www.omrserrature.it\/es\/producto\/expositor-contador-para-cerraduras-de-la-serie-otto\/#primaryimage\"},\"thumbnailUrl\":\"https:\/\/www.omrserrature.it\/wp-content\/uploads\/2018\/03\/espositore-serie-otto.jpg\",\"datePublished\":\"2013-03-18T10:51:00+00:00\",\"dateModified\":\"2026-04-08T10:01:57+00:00\",\"breadcrumb\":{\"@id\":\"https:\/\/www.omrserrature.it\/es\/producto\/expositor-contador-para-cerraduras-de-la-serie-otto\/#breadcrumb\"},\"inLanguage\":\"es\",\"potentialAction\":[{\"@type\":\"ReadAction\",\"target\":[\"https:\/\/www.omrserrature.it\/es\/producto\/expositor-contador-para-cerraduras-de-la-serie-otto\/\"]}]},{\"@type\":\"ImageObject\",\"inLanguage\":\"es\",\"@id\":\"https:\/\/www.omrserrature.it\/es\/producto\/expositor-contador-para-cerraduras-de-la-serie-otto\/#primaryimage\",\"url\":\"https:\/\/www.omrserrature.it\/wp-content\/uploads\/2018\/03\/espositore-serie-otto.jpg\",\"contentUrl\":\"https:\/\/www.omrserrature.it\/wp-content\/uploads\/2018\/03\/espositore-serie-otto.jpg\",\"width\":1200,\"height\":795,\"caption\":\"Expositor de mostrador - Convierte una vieja manija de pomo en una nueva cerradura de alta seguridad con cilindro europeo. Serie OTTO de OMR.\"},{\"@type\":\"BreadcrumbList\",\"@id\":\"https:\/\/www.omrserrature.it\/es\/producto\/expositor-contador-para-cerraduras-de-la-serie-otto\/#breadcrumb\",\"itemListElement\":[{\"@type\":\"ListItem\",\"position\":1,\"name\":\"Home\",\"item\":\"https:\/\/www.omrserrature.it\/es\/omr-cerradiras-y-sistemas-de-cierre\/\"},{\"@type\":\"ListItem\",\"position\":2,\"name\":\"Cat\u00e1logo\",\"item\":\"https:\/\/www.omrserrature.it\/catalogo\/?lang=es\"},{\"@type\":\"ListItem\",\"position\":3,\"name\":\"Productos\",\"item\":\"https:\/\/www.omrserrature.it\/es\/inventario\/productos\/\"},{\"@type\":\"ListItem\",\"position\":4,\"name\":\"Expositores\",\"item\":\"https:\/\/www.omrserrature.it\/es\/inventario\/productos\/expositores\/\"},{\"@type\":\"ListItem\",\"position\":5,\"name\":\"Expositor contador para Cerraduras de la serie OTTO\"}]},{\"@type\":\"WebSite\",\"@id\":\"https:\/\/www.omrserrature.it\/es\/#website\",\"url\":\"https:\/\/www.omrserrature.it\/es\/\",\"name\":\"OMR Serrature | Produzione sistemi di chiusura\",\"description\":\"Produzione serrature di sicurezza e sistemi di chiusura\",\"publisher\":{\"@id\":\"https:\/\/www.omrserrature.it\/es\/#organization\"},\"potentialAction\":[{\"@type\":\"SearchAction\",\"target\":{\"@type\":\"EntryPoint\",\"urlTemplate\":\"https:\/\/www.omrserrature.it\/es\/?s={search_term_string}\"},\"query-input\":{\"@type\":\"PropertyValueSpecification\",\"valueRequired\":true,\"valueName\":\"search_term_string\"}}],\"inLanguage\":\"es\"},{\"@type\":\"Organization\",\"@id\":\"https:\/\/www.omrserrature.it\/es\/#organization\",\"name\":\"OMR Serrature | Produzione sistemi di chiusura\",\"url\":\"https:\/\/www.omrserrature.it\/es\/\",\"logo\":{\"@type\":\"ImageObject\",\"inLanguage\":\"es\",\"@id\":\"https:\/\/www.omrserrature.it\/es\/#\/schema\/logo\/image\/\",\"url\":\"https:\/\/www.omrserrature.it\/wp-content\/uploads\/2017\/09\/favicon-omr-114.png\",\"contentUrl\":\"https:\/\/www.omrserrature.it\/wp-content\/uploads\/2017\/09\/favicon-omr-114.png\",\"width\":114,\"height\":114,\"caption\":\"OMR Serrature | Produzione sistemi di chiusura\"},\"image\":{\"@id\":\"https:\/\/www.omrserrature.it\/es\/#\/schema\/logo\/image\/\"},\"sameAs\":[\"https:\/\/www.facebook.com\/OMRserrature\",\"https:\/\/www.linkedin.com\/company\/omrserrature\/\",\"https:\/\/www.youtube.com\/channel\/UCxmA85z2R0EpG_6IRokiAkg\"]}]}<\/script>\n<!-- \/ Yoast SEO plugin. -->","yoast_head_json":{"title":"Expositor contador para Cerraduras de la serie OTTO - OMR Serrature","robots":{"index":"index","follow":"follow","max-snippet":"max-snippet:-1","max-image-preview":"max-image-preview:large","max-video-preview":"max-video-preview:-1"},"canonical":"https:\/\/www.omrserrature.it\/es\/producto\/expositor-contador-para-cerraduras-de-la-serie-otto\/","og_locale":"es_ES","og_type":"article","og_title":"Expositor contador para Cerraduras de la serie OTTO - OMR Serrature","og_description":"Nos complace presentar nuestro expositor dedicado a la Serie Otto de OMR, una valiosa oportunidad para que los clientes conozcan de cerca la calidad de nuestras cerraduras. La Serie Otto ofrece una soluci\u00f3n eficaz para sustituir las antiguas cerraduras de pomo y bot\u00f3n de puertas interiores y exteriores o las tradicionales puertas de oficina con pomo giratorio.","og_url":"https:\/\/www.omrserrature.it\/es\/producto\/expositor-contador-para-cerraduras-de-la-serie-otto\/","og_site_name":"OMR Serrature | Produzione sistemi di chiusura","article_publisher":"https:\/\/www.facebook.com\/OMRserrature","article_modified_time":"2026-04-08T10:01:57+00:00","og_image":[{"width":1200,"height":795,"url":"https:\/\/www.omrserrature.it\/wp-content\/uploads\/2018\/03\/espositore-serie-otto.jpg","type":"image\/jpeg"}],"twitter_card":"summary_large_image","twitter_misc":{"Tiempo de lectura":"2 minutos"},"schema":{"@context":"https:\/\/schema.org","@graph":[{"@type":"WebPage","@id":"https:\/\/www.omrserrature.it\/es\/producto\/expositor-contador-para-cerraduras-de-la-serie-otto\/","url":"https:\/\/www.omrserrature.it\/es\/producto\/expositor-contador-para-cerraduras-de-la-serie-otto\/","name":"Expositor contador para Cerraduras de la serie OTTO - OMR Serrature","isPartOf":{"@id":"https:\/\/www.omrserrature.it\/es\/#website"},"primaryImageOfPage":{"@id":"https:\/\/www.omrserrature.it\/es\/producto\/expositor-contador-para-cerraduras-de-la-serie-otto\/#primaryimage"},"image":{"@id":"https:\/\/www.omrserrature.it\/es\/producto\/expositor-contador-para-cerraduras-de-la-serie-otto\/#primaryimage"},"thumbnailUrl":"https:\/\/www.omrserrature.it\/wp-content\/uploads\/2018\/03\/espositore-serie-otto.jpg","datePublished":"2013-03-18T10:51:00+00:00","dateModified":"2026-04-08T10:01:57+00:00","breadcrumb":{"@id":"https:\/\/www.omrserrature.it\/es\/producto\/expositor-contador-para-cerraduras-de-la-serie-otto\/#breadcrumb"},"inLanguage":"es","potentialAction":[{"@type":"ReadAction","target":["https:\/\/www.omrserrature.it\/es\/producto\/expositor-contador-para-cerraduras-de-la-serie-otto\/"]}]},{"@type":"ImageObject","inLanguage":"es","@id":"https:\/\/www.omrserrature.it\/es\/producto\/expositor-contador-para-cerraduras-de-la-serie-otto\/#primaryimage","url":"https:\/\/www.omrserrature.it\/wp-content\/uploads\/2018\/03\/espositore-serie-otto.jpg","contentUrl":"https:\/\/www.omrserrature.it\/wp-content\/uploads\/2018\/03\/espositore-serie-otto.jpg","width":1200,"height":795,"caption":"Expositor de mostrador - Convierte una vieja manija de pomo en una nueva cerradura de alta seguridad con cilindro europeo. Serie OTTO de OMR."},{"@type":"BreadcrumbList","@id":"https:\/\/www.omrserrature.it\/es\/producto\/expositor-contador-para-cerraduras-de-la-serie-otto\/#breadcrumb","itemListElement":[{"@type":"ListItem","position":1,"name":"Home","item":"https:\/\/www.omrserrature.it\/es\/omr-cerradiras-y-sistemas-de-cierre\/"},{"@type":"ListItem","position":2,"name":"Cat\u00e1logo","item":"https:\/\/www.omrserrature.it\/catalogo\/?lang=es"},{"@type":"ListItem","position":3,"name":"Productos","item":"https:\/\/www.omrserrature.it\/es\/inventario\/productos\/"},{"@type":"ListItem","position":4,"name":"Expositores","item":"https:\/\/www.omrserrature.it\/es\/inventario\/productos\/expositores\/"},{"@type":"ListItem","position":5,"name":"Expositor contador para Cerraduras de la serie OTTO"}]},{"@type":"WebSite","@id":"https:\/\/www.omrserrature.it\/es\/#website","url":"https:\/\/www.omrserrature.it\/es\/","name":"OMR Serrature | Produzione sistemi di chiusura","description":"Produzione serrature di sicurezza e sistemi di chiusura","publisher":{"@id":"https:\/\/www.omrserrature.it\/es\/#organization"},"potentialAction":[{"@type":"SearchAction","target":{"@type":"EntryPoint","urlTemplate":"https:\/\/www.omrserrature.it\/es\/?s={search_term_string}"},"query-input":{"@type":"PropertyValueSpecification","valueRequired":true,"valueName":"search_term_string"}}],"inLanguage":"es"},{"@type":"Organization","@id":"https:\/\/www.omrserrature.it\/es\/#organization","name":"OMR Serrature | Produzione sistemi di chiusura","url":"https:\/\/www.omrserrature.it\/es\/","logo":{"@type":"ImageObject","inLanguage":"es","@id":"https:\/\/www.omrserrature.it\/es\/#\/schema\/logo\/image\/","url":"https:\/\/www.omrserrature.it\/wp-content\/uploads\/2017\/09\/favicon-omr-114.png","contentUrl":"https:\/\/www.omrserrature.it\/wp-content\/uploads\/2017\/09\/favicon-omr-114.png","width":114,"height":114,"caption":"OMR Serrature | Produzione sistemi di chiusura"},"image":{"@id":"https:\/\/www.omrserrature.it\/es\/#\/schema\/logo\/image\/"},"sameAs":["https:\/\/www.facebook.com\/OMRserrature","https:\/\/www.linkedin.com\/company\/omrserrature\/","https:\/\/www.youtube.com\/channel\/UCxmA85z2R0EpG_6IRokiAkg"]}]}},"_links":{"self":[{"href":"https:\/\/www.omrserrature.it\/es\/wp-json\/wp\/v2\/product\/241440","targetHints":{"allow":["GET"]}}],"collection":[{"href":"https:\/\/www.omrserrature.it\/es\/wp-json\/wp\/v2\/product"}],"about":[{"href":"https:\/\/www.omrserrature.it\/es\/wp-json\/wp\/v2\/types\/product"}],"replies":[{"embeddable":true,"href":"https:\/\/www.omrserrature.it\/es\/wp-json\/wp\/v2\/comments?post=241440"}],"wp:featuredmedia":[{"embeddable":true,"href":"https:\/\/www.omrserrature.it\/es\/wp-json\/wp\/v2\/media\/255094"}],"wp:attachment":[{"href":"https:\/\/www.omrserrature.it\/es\/wp-json\/wp\/v2\/media?parent=241440"}],"wp:term":[{"taxonomy":"product_brand","embeddable":true,"href":"https:\/\/www.omrserrature.it\/es\/wp-json\/wp\/v2\/product_brand?post=241440"},{"taxonomy":"product_cat","embeddable":true,"href":"https:\/\/www.omrserrature.it\/es\/wp-json\/wp\/v2\/product_cat?post=241440"},{"taxonomy":"product_tag","embeddable":true,"href":"https:\/\/www.omrserrature.it\/es\/wp-json\/wp\/v2\/product_tag?post=241440"}],"curies":[{"name":"wp","href":"https:\/\/api.w.org\/{rel}","templated":true}]}}