{"id":241429,"date":"2018-01-08T16:54:58","date_gmt":"2008-01-18T15:54:00","guid":{"rendered":"https:\/\/www.staging6.omrserrature.it\/prodotto\/distanciadores-para-cerraduras-de-la-serie-otto\/"},"modified":"2026-04-08T12:01:29","modified_gmt":"2026-04-08T10:01:29","slug":"distanciadores-para-cerraduras-de-la-serie-otto","status":"publish","type":"product","link":"https:\/\/www.omrserrature.it\/es\/producto\/distanciadores-para-cerraduras-de-la-serie-otto\/","title":{"rendered":"Distanciadores para Cerraduras de la serie OTTO"},"content":{"rendered":"<p>Para garantizar una instalaci\u00f3n precisa y fiable, la <strong>Serie Otto ofrece espaciadores especialmente dise\u00f1ados<\/strong> para la correcta colocaci\u00f3n de la Cerradura en funci\u00f3n del grosor de la puerta. <strong>Hay dos tama\u00f1os de espaciador disponibles: 2 mm y 5 mm<\/strong>.  Esta elecci\u00f3n permite adaptarse a diferentes grosores de puerta, ofreciendo flexibilidad y precisi\u00f3n en el proceso de instalaci\u00f3n. Los separadores son de <strong>metal fundido a presi\u00f3n con acabado galvanizado<\/strong>, lo que garantiza una larga vida \u00fatil y una resistencia \u00f3ptima al desgaste y la corrosi\u00f3n. Estos componentes garantizan<strong> un posicionamiento preciso de la cerradura en la puerta<\/strong>, eliminando cualquier riesgo de problemas de adherencia o cierre impreciso.  <\/p>\n<p>Con <strong>la Serie Otto, <\/strong>sus accesorios y <strong>separadores<\/strong>, garantizar la seguridad e integridad de las puertas se convierte en un proceso sencillo y muy eficaz: una soluci\u00f3n completa y profesional para las necesidades de seguridad de cualquier entorno.<\/p>\n","protected":false},"excerpt":{"rendered":"<p>Para garantizar una instalaci\u00f3n precisa y fiable, la <strong>Serie Otto ofrece espaciadores especialmente dise\u00f1ados<\/strong> para la correcta colocaci\u00f3n de la Cerradura en funci\u00f3n del grosor de la puerta. <strong>Hay dos tama\u00f1os de espaciador disponibles: 2 mm y 5 mm<\/strong>. <\/p>\n","protected":false},"featured_media":8032,"comment_status":"open","ping_status":"closed","template":"","meta":{"_acf_changed":false,"_et_pb_use_builder":"","_et_pb_old_content":"","_et_gb_content_width":""},"product_brand":[],"product_cat":[3967],"product_tag":[],"class_list":{"0":"post-241429","1":"product","2":"type-product","3":"status-publish","4":"has-post-thumbnail","6":"product_cat-distanciadores-y-adaptadores","8":"first","9":"instock","10":"shipping-taxable","11":"purchasable","12":"product-type-variable"},"acf":{"pdf1":"https:\/\/www.omrserrature.it\/wp-content\/uploads\/2018\/01\/Kit-montaggio-serrature-OMR-Serie-Otto.pdf"},"yoast_head":"<!-- This site is optimized with the Yoast SEO plugin v27.2 - https:\/\/yoast.com\/product\/yoast-seo-wordpress\/ -->\n<title>Distanciadores para Cerraduras de la serie OTTO - OMR Serrature<\/title>\n<meta name=\"robots\" content=\"index, follow, max-snippet:-1, max-image-preview:large, max-video-preview:-1\" \/>\n<link rel=\"canonical\" href=\"https:\/\/www.omrserrature.it\/es\/producto\/distanciadores-para-cerraduras-de-la-serie-otto\/\" \/>\n<meta property=\"og:locale\" content=\"es_ES\" \/>\n<meta property=\"og:type\" content=\"article\" \/>\n<meta property=\"og:title\" content=\"Distanciadores para Cerraduras de la serie OTTO - OMR Serrature\" \/>\n<meta property=\"og:description\" content=\"Para garantizar una instalaci\u00f3n precisa y fiable, la Serie Otto ofrece espaciadores especialmente dise\u00f1ados para la correcta colocaci\u00f3n de la Cerradura en funci\u00f3n del grosor de la puerta. Hay dos tama\u00f1os de espaciador disponibles: 2 mm y 5 mm.\" \/>\n<meta property=\"og:url\" content=\"https:\/\/www.omrserrature.it\/es\/producto\/distanciadores-para-cerraduras-de-la-serie-otto\/\" \/>\n<meta property=\"og:site_name\" content=\"OMR Serrature | Produzione sistemi di chiusura\" \/>\n<meta property=\"article:publisher\" content=\"https:\/\/www.facebook.com\/OMRserrature\" \/>\n<meta property=\"article:modified_time\" content=\"2026-04-08T10:01:29+00:00\" \/>\n<meta property=\"og:image\" content=\"https:\/\/www.omrserrature.it\/wp-content\/uploads\/2018\/01\/SDS04995.jpg\" \/>\n\t<meta property=\"og:image:width\" content=\"333\" \/>\n\t<meta property=\"og:image:height\" content=\"331\" \/>\n\t<meta property=\"og:image:type\" content=\"image\/jpeg\" \/>\n<meta name=\"twitter:card\" content=\"summary_large_image\" \/>\n<meta name=\"twitter:label1\" content=\"Tiempo de lectura\" \/>\n\t<meta name=\"twitter:data1\" content=\"1 minuto\" \/>\n<script type=\"application\/ld+json\" class=\"yoast-schema-graph\">{\"@context\":\"https:\/\/schema.org\",\"@graph\":[{\"@type\":\"WebPage\",\"@id\":\"https:\/\/www.omrserrature.it\/es\/producto\/distanciadores-para-cerraduras-de-la-serie-otto\/\",\"url\":\"https:\/\/www.omrserrature.it\/es\/producto\/distanciadores-para-cerraduras-de-la-serie-otto\/\",\"name\":\"Distanciadores para Cerraduras de la serie OTTO - OMR Serrature\",\"isPartOf\":{\"@id\":\"https:\/\/www.omrserrature.it\/es\/#website\"},\"primaryImageOfPage\":{\"@id\":\"https:\/\/www.omrserrature.it\/es\/producto\/distanciadores-para-cerraduras-de-la-serie-otto\/#primaryimage\"},\"image\":{\"@id\":\"https:\/\/www.omrserrature.it\/es\/producto\/distanciadores-para-cerraduras-de-la-serie-otto\/#primaryimage\"},\"thumbnailUrl\":\"https:\/\/www.omrserrature.it\/wp-content\/uploads\/2018\/01\/SDS04995.jpg\",\"datePublished\":\"2008-01-18T15:54:00+00:00\",\"dateModified\":\"2026-04-08T10:01:29+00:00\",\"breadcrumb\":{\"@id\":\"https:\/\/www.omrserrature.it\/es\/producto\/distanciadores-para-cerraduras-de-la-serie-otto\/#breadcrumb\"},\"inLanguage\":\"es\",\"potentialAction\":[{\"@type\":\"ReadAction\",\"target\":[\"https:\/\/www.omrserrature.it\/es\/producto\/distanciadores-para-cerraduras-de-la-serie-otto\/\"]}]},{\"@type\":\"ImageObject\",\"inLanguage\":\"es\",\"@id\":\"https:\/\/www.omrserrature.it\/es\/producto\/distanciadores-para-cerraduras-de-la-serie-otto\/#primaryimage\",\"url\":\"https:\/\/www.omrserrature.it\/wp-content\/uploads\/2018\/01\/SDS04995.jpg\",\"contentUrl\":\"https:\/\/www.omrserrature.it\/wp-content\/uploads\/2018\/01\/SDS04995.jpg\",\"width\":333,\"height\":331,\"caption\":\"Distanciadores para Cerraduras de la serie OTTO\"},{\"@type\":\"BreadcrumbList\",\"@id\":\"https:\/\/www.omrserrature.it\/es\/producto\/distanciadores-para-cerraduras-de-la-serie-otto\/#breadcrumb\",\"itemListElement\":[{\"@type\":\"ListItem\",\"position\":1,\"name\":\"Home\",\"item\":\"https:\/\/www.omrserrature.it\/es\/omr-cerradiras-y-sistemas-de-cierre\/\"},{\"@type\":\"ListItem\",\"position\":2,\"name\":\"Cat\u00e1logo\",\"item\":\"https:\/\/www.omrserrature.it\/catalogo\/?lang=es\"},{\"@type\":\"ListItem\",\"position\":3,\"name\":\"Productos\",\"item\":\"https:\/\/www.omrserrature.it\/es\/inventario\/productos\/\"},{\"@type\":\"ListItem\",\"position\":4,\"name\":\"Accesorios y recambios\",\"item\":\"https:\/\/www.omrserrature.it\/es\/inventario\/productos\/accesorios-y-recambios\/\"},{\"@type\":\"ListItem\",\"position\":5,\"name\":\"Distanciadores y adaptadores\",\"item\":\"https:\/\/www.omrserrature.it\/es\/inventario\/productos\/accesorios-y-recambios\/distanciadores-y-adaptadores\/\"},{\"@type\":\"ListItem\",\"position\":6,\"name\":\"Distanciadores para Cerraduras de la serie OTTO\"}]},{\"@type\":\"WebSite\",\"@id\":\"https:\/\/www.omrserrature.it\/es\/#website\",\"url\":\"https:\/\/www.omrserrature.it\/es\/\",\"name\":\"OMR Serrature | Produzione sistemi di chiusura\",\"description\":\"Produzione serrature di sicurezza e sistemi di chiusura\",\"publisher\":{\"@id\":\"https:\/\/www.omrserrature.it\/es\/#organization\"},\"potentialAction\":[{\"@type\":\"SearchAction\",\"target\":{\"@type\":\"EntryPoint\",\"urlTemplate\":\"https:\/\/www.omrserrature.it\/es\/?s={search_term_string}\"},\"query-input\":{\"@type\":\"PropertyValueSpecification\",\"valueRequired\":true,\"valueName\":\"search_term_string\"}}],\"inLanguage\":\"es\"},{\"@type\":\"Organization\",\"@id\":\"https:\/\/www.omrserrature.it\/es\/#organization\",\"name\":\"OMR Serrature | Produzione sistemi di chiusura\",\"url\":\"https:\/\/www.omrserrature.it\/es\/\",\"logo\":{\"@type\":\"ImageObject\",\"inLanguage\":\"es\",\"@id\":\"https:\/\/www.omrserrature.it\/es\/#\/schema\/logo\/image\/\",\"url\":\"https:\/\/www.omrserrature.it\/wp-content\/uploads\/2017\/09\/favicon-omr-114.png\",\"contentUrl\":\"https:\/\/www.omrserrature.it\/wp-content\/uploads\/2017\/09\/favicon-omr-114.png\",\"width\":114,\"height\":114,\"caption\":\"OMR Serrature | Produzione sistemi di chiusura\"},\"image\":{\"@id\":\"https:\/\/www.omrserrature.it\/es\/#\/schema\/logo\/image\/\"},\"sameAs\":[\"https:\/\/www.facebook.com\/OMRserrature\",\"https:\/\/www.linkedin.com\/company\/omrserrature\/\",\"https:\/\/www.youtube.com\/channel\/UCxmA85z2R0EpG_6IRokiAkg\"]}]}<\/script>\n<!-- \/ Yoast SEO plugin. -->","yoast_head_json":{"title":"Distanciadores para Cerraduras de la serie OTTO - OMR Serrature","robots":{"index":"index","follow":"follow","max-snippet":"max-snippet:-1","max-image-preview":"max-image-preview:large","max-video-preview":"max-video-preview:-1"},"canonical":"https:\/\/www.omrserrature.it\/es\/producto\/distanciadores-para-cerraduras-de-la-serie-otto\/","og_locale":"es_ES","og_type":"article","og_title":"Distanciadores para Cerraduras de la serie OTTO - OMR Serrature","og_description":"Para garantizar una instalaci\u00f3n precisa y fiable, la Serie Otto ofrece espaciadores especialmente dise\u00f1ados para la correcta colocaci\u00f3n de la Cerradura en funci\u00f3n del grosor de la puerta. Hay dos tama\u00f1os de espaciador disponibles: 2 mm y 5 mm.","og_url":"https:\/\/www.omrserrature.it\/es\/producto\/distanciadores-para-cerraduras-de-la-serie-otto\/","og_site_name":"OMR Serrature | Produzione sistemi di chiusura","article_publisher":"https:\/\/www.facebook.com\/OMRserrature","article_modified_time":"2026-04-08T10:01:29+00:00","og_image":[{"width":333,"height":331,"url":"https:\/\/www.omrserrature.it\/wp-content\/uploads\/2018\/01\/SDS04995.jpg","type":"image\/jpeg"}],"twitter_card":"summary_large_image","twitter_misc":{"Tiempo de lectura":"1 minuto"},"schema":{"@context":"https:\/\/schema.org","@graph":[{"@type":"WebPage","@id":"https:\/\/www.omrserrature.it\/es\/producto\/distanciadores-para-cerraduras-de-la-serie-otto\/","url":"https:\/\/www.omrserrature.it\/es\/producto\/distanciadores-para-cerraduras-de-la-serie-otto\/","name":"Distanciadores para Cerraduras de la serie OTTO - OMR Serrature","isPartOf":{"@id":"https:\/\/www.omrserrature.it\/es\/#website"},"primaryImageOfPage":{"@id":"https:\/\/www.omrserrature.it\/es\/producto\/distanciadores-para-cerraduras-de-la-serie-otto\/#primaryimage"},"image":{"@id":"https:\/\/www.omrserrature.it\/es\/producto\/distanciadores-para-cerraduras-de-la-serie-otto\/#primaryimage"},"thumbnailUrl":"https:\/\/www.omrserrature.it\/wp-content\/uploads\/2018\/01\/SDS04995.jpg","datePublished":"2008-01-18T15:54:00+00:00","dateModified":"2026-04-08T10:01:29+00:00","breadcrumb":{"@id":"https:\/\/www.omrserrature.it\/es\/producto\/distanciadores-para-cerraduras-de-la-serie-otto\/#breadcrumb"},"inLanguage":"es","potentialAction":[{"@type":"ReadAction","target":["https:\/\/www.omrserrature.it\/es\/producto\/distanciadores-para-cerraduras-de-la-serie-otto\/"]}]},{"@type":"ImageObject","inLanguage":"es","@id":"https:\/\/www.omrserrature.it\/es\/producto\/distanciadores-para-cerraduras-de-la-serie-otto\/#primaryimage","url":"https:\/\/www.omrserrature.it\/wp-content\/uploads\/2018\/01\/SDS04995.jpg","contentUrl":"https:\/\/www.omrserrature.it\/wp-content\/uploads\/2018\/01\/SDS04995.jpg","width":333,"height":331,"caption":"Distanciadores para Cerraduras de la serie OTTO"},{"@type":"BreadcrumbList","@id":"https:\/\/www.omrserrature.it\/es\/producto\/distanciadores-para-cerraduras-de-la-serie-otto\/#breadcrumb","itemListElement":[{"@type":"ListItem","position":1,"name":"Home","item":"https:\/\/www.omrserrature.it\/es\/omr-cerradiras-y-sistemas-de-cierre\/"},{"@type":"ListItem","position":2,"name":"Cat\u00e1logo","item":"https:\/\/www.omrserrature.it\/catalogo\/?lang=es"},{"@type":"ListItem","position":3,"name":"Productos","item":"https:\/\/www.omrserrature.it\/es\/inventario\/productos\/"},{"@type":"ListItem","position":4,"name":"Accesorios y recambios","item":"https:\/\/www.omrserrature.it\/es\/inventario\/productos\/accesorios-y-recambios\/"},{"@type":"ListItem","position":5,"name":"Distanciadores y adaptadores","item":"https:\/\/www.omrserrature.it\/es\/inventario\/productos\/accesorios-y-recambios\/distanciadores-y-adaptadores\/"},{"@type":"ListItem","position":6,"name":"Distanciadores para Cerraduras de la serie OTTO"}]},{"@type":"WebSite","@id":"https:\/\/www.omrserrature.it\/es\/#website","url":"https:\/\/www.omrserrature.it\/es\/","name":"OMR Serrature | Produzione sistemi di chiusura","description":"Produzione serrature di sicurezza e sistemi di chiusura","publisher":{"@id":"https:\/\/www.omrserrature.it\/es\/#organization"},"potentialAction":[{"@type":"SearchAction","target":{"@type":"EntryPoint","urlTemplate":"https:\/\/www.omrserrature.it\/es\/?s={search_term_string}"},"query-input":{"@type":"PropertyValueSpecification","valueRequired":true,"valueName":"search_term_string"}}],"inLanguage":"es"},{"@type":"Organization","@id":"https:\/\/www.omrserrature.it\/es\/#organization","name":"OMR Serrature | Produzione sistemi di chiusura","url":"https:\/\/www.omrserrature.it\/es\/","logo":{"@type":"ImageObject","inLanguage":"es","@id":"https:\/\/www.omrserrature.it\/es\/#\/schema\/logo\/image\/","url":"https:\/\/www.omrserrature.it\/wp-content\/uploads\/2017\/09\/favicon-omr-114.png","contentUrl":"https:\/\/www.omrserrature.it\/wp-content\/uploads\/2017\/09\/favicon-omr-114.png","width":114,"height":114,"caption":"OMR Serrature | Produzione sistemi di chiusura"},"image":{"@id":"https:\/\/www.omrserrature.it\/es\/#\/schema\/logo\/image\/"},"sameAs":["https:\/\/www.facebook.com\/OMRserrature","https:\/\/www.linkedin.com\/company\/omrserrature\/","https:\/\/www.youtube.com\/channel\/UCxmA85z2R0EpG_6IRokiAkg"]}]}},"_links":{"self":[{"href":"https:\/\/www.omrserrature.it\/es\/wp-json\/wp\/v2\/product\/241429","targetHints":{"allow":["GET"]}}],"collection":[{"href":"https:\/\/www.omrserrature.it\/es\/wp-json\/wp\/v2\/product"}],"about":[{"href":"https:\/\/www.omrserrature.it\/es\/wp-json\/wp\/v2\/types\/product"}],"replies":[{"embeddable":true,"href":"https:\/\/www.omrserrature.it\/es\/wp-json\/wp\/v2\/comments?post=241429"}],"wp:featuredmedia":[{"embeddable":true,"href":"https:\/\/www.omrserrature.it\/es\/wp-json\/wp\/v2\/media\/8032"}],"wp:attachment":[{"href":"https:\/\/www.omrserrature.it\/es\/wp-json\/wp\/v2\/media?parent=241429"}],"wp:term":[{"taxonomy":"product_brand","embeddable":true,"href":"https:\/\/www.omrserrature.it\/es\/wp-json\/wp\/v2\/product_brand?post=241429"},{"taxonomy":"product_cat","embeddable":true,"href":"https:\/\/www.omrserrature.it\/es\/wp-json\/wp\/v2\/product_cat?post=241429"},{"taxonomy":"product_tag","embeddable":true,"href":"https:\/\/www.omrserrature.it\/es\/wp-json\/wp\/v2\/product_tag?post=241429"}],"curies":[{"name":"wp","href":"https:\/\/api.w.org\/{rel}","templated":true}]}}