{"id":16749,"date":"2021-03-11T14:00:39","date_gmt":"2011-03-21T13:00:00","guid":{"rendered":"https:\/\/staging6.omrserrature.it\/?post_type=product&#038;p=16749"},"modified":"2026-04-08T11:32:53","modified_gmt":"2026-04-08T09:32:53","slug":"pequena-cerradura-egologica-a-mecanismo-gravitacional-accionado-con-una-llave-a-figura-triangular-copia-copia-copia-copia-copia-3","status":"publish","type":"product","link":"https:\/\/www.omrserrature.it\/es\/producto\/pequena-cerradura-egologica-a-mecanismo-gravitacional-accionado-con-una-llave-a-figura-triangular-copia-copia-copia-copia-copia-3\/","title":{"rendered":"Gran capuch\u00f3n con llave triangular con muelle de retorno para cerradura gravitacional"},"content":{"rendered":"<p>El<strong> capuch\u00f3n grande con llave triangular<\/strong> para la cerradura gravitacional es un componente de color rojo que se coloca externamente en la tapa del basurero, y tiene una cerradura de <strong>llave triangular con muelle de retorno<\/strong>. Con la llave triangular T6, se puede abrir el contenedor y verter los residuos. El mecanismo de gravedad permitir\u00e1 que el contenedor de recogida de residuos se abra autom\u00e1ticamente -una vez alcanzada cierta inclinaci\u00f3n- durante el vaciado mecanizado con veh\u00edculo.  La versi\u00f3n grande ofrece m\u00e1s protecci\u00f3n para la cerradura contra la intemperie y el polvo.<\/p>\n<p>El innovador sistema gravitacional asegura la <strong>protecci\u00f3n frente a dep\u00f3sitos no autorizados en los basureros de recogida de residuos puerta a puerta<\/strong> y garantiza la plena accesibilidad a los operadores ecol\u00f3gicos: una soluci\u00f3n eficaz que mejora la gesti\u00f3n de la recogida selectiva de residuos en los distintos municipios y distritos de la ciudad.<\/p>\n<p>El producto se caracteriza por:<\/p>\n<ul>\n<li><strong>Apertura<\/strong> del mecanismo mediante una <strong>llave triangular con muelle de retorno.<\/strong><\/li>\n<li><strong>Sistema antiapertura accidental<\/strong> en caso de vuelco del cubo de basura debido al viento, golpes o vandalismo.<\/li>\n<\/ul>\n<p>La cerradura gravitacional es compatible y<strong> puede instalarse f\u00e1cilmente en todas las marcas de<\/strong> contenedores de basura y<strong> basureros<\/strong> con ruedas de dos y cuatro ruedas. Se incluyen instrucciones para instalar la cerradura; para los instaladores recomendamos adquirir la Plantilla universal OMR. <\/p>\n","protected":false},"excerpt":{"rendered":"<p>El<strong> capuch\u00f3n grande con llave triangular<\/strong> para la cerradura gravitacional es un componente de color rojo que se coloca externamente en la tapa del basurero, y tiene una cerradura de <strong>llave triangular con muelle de retorno<\/strong>.<\/p>\n","protected":false},"featured_media":16937,"comment_status":"open","ping_status":"closed","template":"","meta":{"_acf_changed":false,"_et_pb_use_builder":"","_et_pb_old_content":"","_et_gb_content_width":""},"product_brand":[],"product_cat":[3973],"product_tag":[],"class_list":{"0":"post-16749","1":"product","2":"type-product","3":"status-publish","4":"has-post-thumbnail","6":"product_cat-accesorios-y-recambios-para-cerraduras-gravitacionales","8":"first","9":"instock","10":"shipping-taxable","11":"product-type-simple"},"acf":{"pdf1":false},"yoast_head":"<!-- This site is optimized with the Yoast SEO plugin v27.2 - https:\/\/yoast.com\/product\/yoast-seo-wordpress\/ -->\n<title>Gran capuch\u00f3n con llave triangular T6 para basureros<\/title>\n<meta name=\"description\" content=\"El gran capuch\u00f3n para cerradura gravitacional ecol\u00f3gica con impresi\u00f3n triangular y retorno de varillas se instala en la tapa del basurero.\" \/>\n<meta name=\"robots\" content=\"index, follow, max-snippet:-1, max-image-preview:large, max-video-preview:-1\" \/>\n<link rel=\"canonical\" href=\"https:\/\/www.omrserrature.it\/es\/producto\/pequena-cerradura-egologica-a-mecanismo-gravitacional-accionado-con-una-llave-a-figura-triangular-copia-copia-copia-copia-copia-3\/\" \/>\n<meta property=\"og:locale\" content=\"es_ES\" \/>\n<meta property=\"og:type\" content=\"article\" \/>\n<meta property=\"og:title\" content=\"Gran capuch\u00f3n con llave triangular T6 para basureros\" \/>\n<meta property=\"og:description\" content=\"El gran capuch\u00f3n para cerradura gravitacional ecol\u00f3gica con impresi\u00f3n triangular y retorno de varillas se instala en la tapa del basurero.\" \/>\n<meta property=\"og:url\" content=\"https:\/\/www.omrserrature.it\/es\/producto\/pequena-cerradura-egologica-a-mecanismo-gravitacional-accionado-con-una-llave-a-figura-triangular-copia-copia-copia-copia-copia-3\/\" \/>\n<meta property=\"og:site_name\" content=\"OMR Serrature | Produzione sistemi di chiusura\" \/>\n<meta property=\"article:publisher\" content=\"https:\/\/www.facebook.com\/OMRserrature\" \/>\n<meta property=\"article:modified_time\" content=\"2026-04-08T09:32:53+00:00\" \/>\n<meta property=\"og:image\" content=\"https:\/\/www.omrserrature.it\/wp-content\/uploads\/2021\/03\/GG-CUP-T.jpg\" \/>\n\t<meta property=\"og:image:width\" content=\"1897\" \/>\n\t<meta property=\"og:image:height\" content=\"1707\" \/>\n\t<meta property=\"og:image:type\" content=\"image\/jpeg\" \/>\n<meta name=\"twitter:card\" content=\"summary_large_image\" \/>\n<meta name=\"twitter:label1\" content=\"Tiempo de lectura\" \/>\n\t<meta name=\"twitter:data1\" content=\"2 minutos\" \/>\n<script type=\"application\/ld+json\" class=\"yoast-schema-graph\">{\"@context\":\"https:\/\/schema.org\",\"@graph\":[{\"@type\":\"WebPage\",\"@id\":\"https:\/\/www.omrserrature.it\/es\/producto\/pequena-cerradura-egologica-a-mecanismo-gravitacional-accionado-con-una-llave-a-figura-triangular-copia-copia-copia-copia-copia-3\/\",\"url\":\"https:\/\/www.omrserrature.it\/es\/producto\/pequena-cerradura-egologica-a-mecanismo-gravitacional-accionado-con-una-llave-a-figura-triangular-copia-copia-copia-copia-copia-3\/\",\"name\":\"Gran capuch\u00f3n con llave triangular T6 para basureros\",\"isPartOf\":{\"@id\":\"https:\/\/www.omrserrature.it\/es\/#website\"},\"primaryImageOfPage\":{\"@id\":\"https:\/\/www.omrserrature.it\/es\/producto\/pequena-cerradura-egologica-a-mecanismo-gravitacional-accionado-con-una-llave-a-figura-triangular-copia-copia-copia-copia-copia-3\/#primaryimage\"},\"image\":{\"@id\":\"https:\/\/www.omrserrature.it\/es\/producto\/pequena-cerradura-egologica-a-mecanismo-gravitacional-accionado-con-una-llave-a-figura-triangular-copia-copia-copia-copia-copia-3\/#primaryimage\"},\"thumbnailUrl\":\"https:\/\/www.omrserrature.it\/wp-content\/uploads\/2021\/03\/GG-CUP-T.jpg\",\"datePublished\":\"2011-03-21T13:00:00+00:00\",\"dateModified\":\"2026-04-08T09:32:53+00:00\",\"description\":\"El gran capuch\u00f3n para cerradura gravitacional ecol\u00f3gica con impresi\u00f3n triangular y retorno de varillas se instala en la tapa del basurero.\",\"breadcrumb\":{\"@id\":\"https:\/\/www.omrserrature.it\/es\/producto\/pequena-cerradura-egologica-a-mecanismo-gravitacional-accionado-con-una-llave-a-figura-triangular-copia-copia-copia-copia-copia-3\/#breadcrumb\"},\"inLanguage\":\"es\",\"potentialAction\":[{\"@type\":\"ReadAction\",\"target\":[\"https:\/\/www.omrserrature.it\/es\/producto\/pequena-cerradura-egologica-a-mecanismo-gravitacional-accionado-con-una-llave-a-figura-triangular-copia-copia-copia-copia-copia-3\/\"]}]},{\"@type\":\"ImageObject\",\"inLanguage\":\"es\",\"@id\":\"https:\/\/www.omrserrature.it\/es\/producto\/pequena-cerradura-egologica-a-mecanismo-gravitacional-accionado-con-una-llave-a-figura-triangular-copia-copia-copia-copia-copia-3\/#primaryimage\",\"url\":\"https:\/\/www.omrserrature.it\/wp-content\/uploads\/2021\/03\/GG-CUP-T.jpg\",\"contentUrl\":\"https:\/\/www.omrserrature.it\/wp-content\/uploads\/2021\/03\/GG-CUP-T.jpg\",\"width\":1897,\"height\":1707,\"caption\":\"Recambio - Capuch\u00f3n grande para basureros triangulares con cierre - GG-CUP-T\"},{\"@type\":\"BreadcrumbList\",\"@id\":\"https:\/\/www.omrserrature.it\/es\/producto\/pequena-cerradura-egologica-a-mecanismo-gravitacional-accionado-con-una-llave-a-figura-triangular-copia-copia-copia-copia-copia-3\/#breadcrumb\",\"itemListElement\":[{\"@type\":\"ListItem\",\"position\":1,\"name\":\"Home\",\"item\":\"https:\/\/www.omrserrature.it\/es\/omr-cerradiras-y-sistemas-de-cierre\/\"},{\"@type\":\"ListItem\",\"position\":2,\"name\":\"Cat\u00e1logo\",\"item\":\"https:\/\/www.omrserrature.it\/catalogo\/?lang=es\"},{\"@type\":\"ListItem\",\"position\":3,\"name\":\"Productos\",\"item\":\"https:\/\/www.omrserrature.it\/es\/inventario\/productos\/\"},{\"@type\":\"ListItem\",\"position\":4,\"name\":\"Accesorios y recambios\",\"item\":\"https:\/\/www.omrserrature.it\/es\/inventario\/productos\/accesorios-y-recambios\/\"},{\"@type\":\"ListItem\",\"position\":5,\"name\":\"Accesorios y recambios para cerraduras gravitacionales\",\"item\":\"https:\/\/www.omrserrature.it\/es\/inventario\/productos\/accesorios-y-recambios\/accesorios-y-recambios-para-cerraduras-gravitacionales\/\"},{\"@type\":\"ListItem\",\"position\":6,\"name\":\"Gran capuch\u00f3n con llave triangular con muelle de retorno para cerradura gravitacional\"}]},{\"@type\":\"WebSite\",\"@id\":\"https:\/\/www.omrserrature.it\/es\/#website\",\"url\":\"https:\/\/www.omrserrature.it\/es\/\",\"name\":\"OMR Serrature | Produzione sistemi di chiusura\",\"description\":\"Produzione serrature di sicurezza e sistemi di chiusura\",\"publisher\":{\"@id\":\"https:\/\/www.omrserrature.it\/es\/#organization\"},\"potentialAction\":[{\"@type\":\"SearchAction\",\"target\":{\"@type\":\"EntryPoint\",\"urlTemplate\":\"https:\/\/www.omrserrature.it\/es\/?s={search_term_string}\"},\"query-input\":{\"@type\":\"PropertyValueSpecification\",\"valueRequired\":true,\"valueName\":\"search_term_string\"}}],\"inLanguage\":\"es\"},{\"@type\":\"Organization\",\"@id\":\"https:\/\/www.omrserrature.it\/es\/#organization\",\"name\":\"OMR Serrature | Produzione sistemi di chiusura\",\"url\":\"https:\/\/www.omrserrature.it\/es\/\",\"logo\":{\"@type\":\"ImageObject\",\"inLanguage\":\"es\",\"@id\":\"https:\/\/www.omrserrature.it\/es\/#\/schema\/logo\/image\/\",\"url\":\"https:\/\/www.omrserrature.it\/wp-content\/uploads\/2017\/09\/favicon-omr-114.png\",\"contentUrl\":\"https:\/\/www.omrserrature.it\/wp-content\/uploads\/2017\/09\/favicon-omr-114.png\",\"width\":114,\"height\":114,\"caption\":\"OMR Serrature | Produzione sistemi di chiusura\"},\"image\":{\"@id\":\"https:\/\/www.omrserrature.it\/es\/#\/schema\/logo\/image\/\"},\"sameAs\":[\"https:\/\/www.facebook.com\/OMRserrature\",\"https:\/\/www.linkedin.com\/company\/omrserrature\/\",\"https:\/\/www.youtube.com\/channel\/UCxmA85z2R0EpG_6IRokiAkg\"]}]}<\/script>\n<!-- \/ Yoast SEO plugin. -->","yoast_head_json":{"title":"Gran capuch\u00f3n con llave triangular T6 para basureros","description":"El gran capuch\u00f3n para cerradura gravitacional ecol\u00f3gica con impresi\u00f3n triangular y retorno de varillas se instala en la tapa del basurero.","robots":{"index":"index","follow":"follow","max-snippet":"max-snippet:-1","max-image-preview":"max-image-preview:large","max-video-preview":"max-video-preview:-1"},"canonical":"https:\/\/www.omrserrature.it\/es\/producto\/pequena-cerradura-egologica-a-mecanismo-gravitacional-accionado-con-una-llave-a-figura-triangular-copia-copia-copia-copia-copia-3\/","og_locale":"es_ES","og_type":"article","og_title":"Gran capuch\u00f3n con llave triangular T6 para basureros","og_description":"El gran capuch\u00f3n para cerradura gravitacional ecol\u00f3gica con impresi\u00f3n triangular y retorno de varillas se instala en la tapa del basurero.","og_url":"https:\/\/www.omrserrature.it\/es\/producto\/pequena-cerradura-egologica-a-mecanismo-gravitacional-accionado-con-una-llave-a-figura-triangular-copia-copia-copia-copia-copia-3\/","og_site_name":"OMR Serrature | Produzione sistemi di chiusura","article_publisher":"https:\/\/www.facebook.com\/OMRserrature","article_modified_time":"2026-04-08T09:32:53+00:00","og_image":[{"width":1897,"height":1707,"url":"https:\/\/www.omrserrature.it\/wp-content\/uploads\/2021\/03\/GG-CUP-T.jpg","type":"image\/jpeg"}],"twitter_card":"summary_large_image","twitter_misc":{"Tiempo de lectura":"2 minutos"},"schema":{"@context":"https:\/\/schema.org","@graph":[{"@type":"WebPage","@id":"https:\/\/www.omrserrature.it\/es\/producto\/pequena-cerradura-egologica-a-mecanismo-gravitacional-accionado-con-una-llave-a-figura-triangular-copia-copia-copia-copia-copia-3\/","url":"https:\/\/www.omrserrature.it\/es\/producto\/pequena-cerradura-egologica-a-mecanismo-gravitacional-accionado-con-una-llave-a-figura-triangular-copia-copia-copia-copia-copia-3\/","name":"Gran capuch\u00f3n con llave triangular T6 para basureros","isPartOf":{"@id":"https:\/\/www.omrserrature.it\/es\/#website"},"primaryImageOfPage":{"@id":"https:\/\/www.omrserrature.it\/es\/producto\/pequena-cerradura-egologica-a-mecanismo-gravitacional-accionado-con-una-llave-a-figura-triangular-copia-copia-copia-copia-copia-3\/#primaryimage"},"image":{"@id":"https:\/\/www.omrserrature.it\/es\/producto\/pequena-cerradura-egologica-a-mecanismo-gravitacional-accionado-con-una-llave-a-figura-triangular-copia-copia-copia-copia-copia-3\/#primaryimage"},"thumbnailUrl":"https:\/\/www.omrserrature.it\/wp-content\/uploads\/2021\/03\/GG-CUP-T.jpg","datePublished":"2011-03-21T13:00:00+00:00","dateModified":"2026-04-08T09:32:53+00:00","description":"El gran capuch\u00f3n para cerradura gravitacional ecol\u00f3gica con impresi\u00f3n triangular y retorno de varillas se instala en la tapa del basurero.","breadcrumb":{"@id":"https:\/\/www.omrserrature.it\/es\/producto\/pequena-cerradura-egologica-a-mecanismo-gravitacional-accionado-con-una-llave-a-figura-triangular-copia-copia-copia-copia-copia-3\/#breadcrumb"},"inLanguage":"es","potentialAction":[{"@type":"ReadAction","target":["https:\/\/www.omrserrature.it\/es\/producto\/pequena-cerradura-egologica-a-mecanismo-gravitacional-accionado-con-una-llave-a-figura-triangular-copia-copia-copia-copia-copia-3\/"]}]},{"@type":"ImageObject","inLanguage":"es","@id":"https:\/\/www.omrserrature.it\/es\/producto\/pequena-cerradura-egologica-a-mecanismo-gravitacional-accionado-con-una-llave-a-figura-triangular-copia-copia-copia-copia-copia-3\/#primaryimage","url":"https:\/\/www.omrserrature.it\/wp-content\/uploads\/2021\/03\/GG-CUP-T.jpg","contentUrl":"https:\/\/www.omrserrature.it\/wp-content\/uploads\/2021\/03\/GG-CUP-T.jpg","width":1897,"height":1707,"caption":"Recambio - Capuch\u00f3n grande para basureros triangulares con cierre - GG-CUP-T"},{"@type":"BreadcrumbList","@id":"https:\/\/www.omrserrature.it\/es\/producto\/pequena-cerradura-egologica-a-mecanismo-gravitacional-accionado-con-una-llave-a-figura-triangular-copia-copia-copia-copia-copia-3\/#breadcrumb","itemListElement":[{"@type":"ListItem","position":1,"name":"Home","item":"https:\/\/www.omrserrature.it\/es\/omr-cerradiras-y-sistemas-de-cierre\/"},{"@type":"ListItem","position":2,"name":"Cat\u00e1logo","item":"https:\/\/www.omrserrature.it\/catalogo\/?lang=es"},{"@type":"ListItem","position":3,"name":"Productos","item":"https:\/\/www.omrserrature.it\/es\/inventario\/productos\/"},{"@type":"ListItem","position":4,"name":"Accesorios y recambios","item":"https:\/\/www.omrserrature.it\/es\/inventario\/productos\/accesorios-y-recambios\/"},{"@type":"ListItem","position":5,"name":"Accesorios y recambios para cerraduras gravitacionales","item":"https:\/\/www.omrserrature.it\/es\/inventario\/productos\/accesorios-y-recambios\/accesorios-y-recambios-para-cerraduras-gravitacionales\/"},{"@type":"ListItem","position":6,"name":"Gran capuch\u00f3n con llave triangular con muelle de retorno para cerradura gravitacional"}]},{"@type":"WebSite","@id":"https:\/\/www.omrserrature.it\/es\/#website","url":"https:\/\/www.omrserrature.it\/es\/","name":"OMR Serrature | Produzione sistemi di chiusura","description":"Produzione serrature di sicurezza e sistemi di chiusura","publisher":{"@id":"https:\/\/www.omrserrature.it\/es\/#organization"},"potentialAction":[{"@type":"SearchAction","target":{"@type":"EntryPoint","urlTemplate":"https:\/\/www.omrserrature.it\/es\/?s={search_term_string}"},"query-input":{"@type":"PropertyValueSpecification","valueRequired":true,"valueName":"search_term_string"}}],"inLanguage":"es"},{"@type":"Organization","@id":"https:\/\/www.omrserrature.it\/es\/#organization","name":"OMR Serrature | Produzione sistemi di chiusura","url":"https:\/\/www.omrserrature.it\/es\/","logo":{"@type":"ImageObject","inLanguage":"es","@id":"https:\/\/www.omrserrature.it\/es\/#\/schema\/logo\/image\/","url":"https:\/\/www.omrserrature.it\/wp-content\/uploads\/2017\/09\/favicon-omr-114.png","contentUrl":"https:\/\/www.omrserrature.it\/wp-content\/uploads\/2017\/09\/favicon-omr-114.png","width":114,"height":114,"caption":"OMR Serrature | Produzione sistemi di chiusura"},"image":{"@id":"https:\/\/www.omrserrature.it\/es\/#\/schema\/logo\/image\/"},"sameAs":["https:\/\/www.facebook.com\/OMRserrature","https:\/\/www.linkedin.com\/company\/omrserrature\/","https:\/\/www.youtube.com\/channel\/UCxmA85z2R0EpG_6IRokiAkg"]}]}},"_links":{"self":[{"href":"https:\/\/www.omrserrature.it\/es\/wp-json\/wp\/v2\/product\/16749","targetHints":{"allow":["GET"]}}],"collection":[{"href":"https:\/\/www.omrserrature.it\/es\/wp-json\/wp\/v2\/product"}],"about":[{"href":"https:\/\/www.omrserrature.it\/es\/wp-json\/wp\/v2\/types\/product"}],"replies":[{"embeddable":true,"href":"https:\/\/www.omrserrature.it\/es\/wp-json\/wp\/v2\/comments?post=16749"}],"wp:featuredmedia":[{"embeddable":true,"href":"https:\/\/www.omrserrature.it\/es\/wp-json\/wp\/v2\/media\/16937"}],"wp:attachment":[{"href":"https:\/\/www.omrserrature.it\/es\/wp-json\/wp\/v2\/media?parent=16749"}],"wp:term":[{"taxonomy":"product_brand","embeddable":true,"href":"https:\/\/www.omrserrature.it\/es\/wp-json\/wp\/v2\/product_brand?post=16749"},{"taxonomy":"product_cat","embeddable":true,"href":"https:\/\/www.omrserrature.it\/es\/wp-json\/wp\/v2\/product_cat?post=16749"},{"taxonomy":"product_tag","embeddable":true,"href":"https:\/\/www.omrserrature.it\/es\/wp-json\/wp\/v2\/product_tag?post=16749"}],"curies":[{"name":"wp","href":"https:\/\/api.w.org\/{rel}","templated":true}]}}