{"id":16744,"date":"2021-03-11T13:52:03","date_gmt":"2011-03-21T12:52:00","guid":{"rendered":"https:\/\/staging6.omrserrature.it\/?post_type=product&#038;p=16744"},"modified":"2026-04-08T11:33:14","modified_gmt":"2026-04-08T09:33:14","slug":"pequena-cerradura-egologica-a-mecanismo-gravitacional-accionado-con-una-llave-a-figura-triangular-copia-copia-copia-copia-2","status":"publish","type":"product","link":"https:\/\/www.omrserrature.it\/es\/producto\/pequena-cerradura-egologica-a-mecanismo-gravitacional-accionado-con-una-llave-a-figura-triangular-copia-copia-copia-copia-2\/","title":{"rendered":"Peque\u00f1o capuch\u00f3n con llave triangular con muelle de retorno para cerradura gravitacional"},"content":{"rendered":"<p>El <strong>peque\u00f1o capuch\u00f3n con llave triangular<\/strong> para cerradura ecol\u00f3gica gravitacional es un componente de color rojo que se coloca externamente en la tapa del basurero, y tiene una cerradura de <strong>llave triangular con muelle de retorno<\/strong>. Con la llave triangular T6, es posible abrir el basurero y eliminar los residuos. El mecanismo de gravedad permite que el contenedor de recogida de residuos se abra autom\u00e1ticamente -una vez alcanzada cierta inclinaci\u00f3n- durante las operaciones de vaciado mecanizado con un veh\u00edculo.  <\/p>\n<p>El innovador sistema gravitacional asegura la <strong>protecci\u00f3n frente a dep\u00f3sitos no autorizados en los basureros de recogida de residuos puerta a puerta<\/strong> y garantiza la plena accesibilidad a los operadores ecol\u00f3gicos: una soluci\u00f3n eficaz que mejora la gesti\u00f3n de la recogida selectiva de residuos en los distintos municipios y distritos de la ciudad.<\/p>\n<p>El producto se caracteriza por:<\/p>\n<ul>\n<li><strong>Apertura<\/strong> del mecanismo mediante una <strong>llave triangular con muelle de retorno.<\/strong><\/li>\n<li><strong>Sistema antiapertura accidental<\/strong> en caso de vuelco del cubo de basura debido al viento, golpes o vandalismo.<\/li>\n<\/ul>\n<p>La cerradura gravitacional es compatible y<strong> puede instalarse f\u00e1cilmente en todas las marcas de<\/strong> contenedores de basura y<strong> basureros<\/strong> con ruedas de dos y cuatro ruedas. Se incluyen instrucciones para instalar la cerradura; para los instaladores recomendamos adquirir la Plantilla universal OMR. <\/p>\n","protected":false},"excerpt":{"rendered":"<p>La <strong>peque\u00f1a llave de<\/strong> c\u00fapula <strong>triangular<\/strong> para cerraduras de gravedad ecol\u00f3gicas se caracteriza por una c\u00fapula roja de pl\u00e1stico, que se coloca externamente en la tapa del basurero, en cuyo interior hay un <strong>cierre triangular con muelle de retorno<\/strong>.<\/p>\n","protected":false},"featured_media":16951,"comment_status":"open","ping_status":"closed","template":"","meta":{"_acf_changed":false,"_et_pb_use_builder":"","_et_pb_old_content":"","_et_gb_content_width":""},"product_brand":[],"product_cat":[3973],"product_tag":[],"class_list":{"0":"post-16744","1":"product","2":"type-product","3":"status-publish","4":"has-post-thumbnail","6":"product_cat-accesorios-y-recambios-para-cerraduras-gravitacionales","8":"first","9":"instock","10":"shipping-taxable","11":"product-type-simple"},"acf":{"pdf1":"https:\/\/www.omrserrature.it\/wp-content\/uploads\/2021\/03\/Scheda-tec_GP-CUP-T_GP-GAN_GKIT-INF.pdf"},"yoast_head":"<!-- This site is optimized with the Yoast SEO plugin v27.2 - https:\/\/yoast.com\/product\/yoast-seo-wordpress\/ -->\n<title>T6 llave triangular peque\u00f1o capuch\u00f3n con muelle para basureros<\/title>\n<meta name=\"description\" content=\"Peque\u00f1o capuch\u00f3n con llave triangular T6 con retorno por muelle para la cerradura gravitacional de los basureros. Protecci\u00f3n contra el acceso no autorizado.\" \/>\n<meta name=\"robots\" content=\"index, follow, max-snippet:-1, max-image-preview:large, max-video-preview:-1\" \/>\n<link rel=\"canonical\" href=\"https:\/\/www.omrserrature.it\/es\/producto\/pequena-cerradura-egologica-a-mecanismo-gravitacional-accionado-con-una-llave-a-figura-triangular-copia-copia-copia-copia-2\/\" \/>\n<meta property=\"og:locale\" content=\"es_ES\" \/>\n<meta property=\"og:type\" content=\"article\" \/>\n<meta property=\"og:title\" content=\"T6 llave triangular peque\u00f1o capuch\u00f3n con muelle para basureros\" \/>\n<meta property=\"og:description\" content=\"Peque\u00f1o capuch\u00f3n con llave triangular T6 con retorno por muelle para la cerradura gravitacional de los basureros. Protecci\u00f3n contra el acceso no autorizado.\" \/>\n<meta property=\"og:url\" content=\"https:\/\/www.omrserrature.it\/es\/producto\/pequena-cerradura-egologica-a-mecanismo-gravitacional-accionado-con-una-llave-a-figura-triangular-copia-copia-copia-copia-2\/\" \/>\n<meta property=\"og:site_name\" content=\"OMR Serrature | Produzione sistemi di chiusura\" \/>\n<meta property=\"article:publisher\" content=\"https:\/\/www.facebook.com\/OMRserrature\" \/>\n<meta property=\"article:modified_time\" content=\"2026-04-08T09:33:14+00:00\" \/>\n<meta property=\"og:image\" content=\"https:\/\/www.omrserrature.it\/wp-content\/uploads\/2021\/03\/GP-CUP-T.jpg\" \/>\n\t<meta property=\"og:image:width\" content=\"1756\" \/>\n\t<meta property=\"og:image:height\" content=\"1223\" \/>\n\t<meta property=\"og:image:type\" content=\"image\/jpeg\" \/>\n<meta name=\"twitter:card\" content=\"summary_large_image\" \/>\n<meta name=\"twitter:label1\" content=\"Tiempo de lectura\" \/>\n\t<meta name=\"twitter:data1\" content=\"2 minutos\" \/>\n<script type=\"application\/ld+json\" class=\"yoast-schema-graph\">{\"@context\":\"https:\/\/schema.org\",\"@graph\":[{\"@type\":\"WebPage\",\"@id\":\"https:\/\/www.omrserrature.it\/es\/producto\/pequena-cerradura-egologica-a-mecanismo-gravitacional-accionado-con-una-llave-a-figura-triangular-copia-copia-copia-copia-2\/\",\"url\":\"https:\/\/www.omrserrature.it\/es\/producto\/pequena-cerradura-egologica-a-mecanismo-gravitacional-accionado-con-una-llave-a-figura-triangular-copia-copia-copia-copia-2\/\",\"name\":\"T6 llave triangular peque\u00f1o capuch\u00f3n con muelle para basureros\",\"isPartOf\":{\"@id\":\"https:\/\/www.omrserrature.it\/es\/#website\"},\"primaryImageOfPage\":{\"@id\":\"https:\/\/www.omrserrature.it\/es\/producto\/pequena-cerradura-egologica-a-mecanismo-gravitacional-accionado-con-una-llave-a-figura-triangular-copia-copia-copia-copia-2\/#primaryimage\"},\"image\":{\"@id\":\"https:\/\/www.omrserrature.it\/es\/producto\/pequena-cerradura-egologica-a-mecanismo-gravitacional-accionado-con-una-llave-a-figura-triangular-copia-copia-copia-copia-2\/#primaryimage\"},\"thumbnailUrl\":\"https:\/\/www.omrserrature.it\/wp-content\/uploads\/2021\/03\/GP-CUP-T.jpg\",\"datePublished\":\"2011-03-21T12:52:00+00:00\",\"dateModified\":\"2026-04-08T09:33:14+00:00\",\"description\":\"Peque\u00f1o capuch\u00f3n con llave triangular T6 con retorno por muelle para la cerradura gravitacional de los basureros. Protecci\u00f3n contra el acceso no autorizado.\",\"breadcrumb\":{\"@id\":\"https:\/\/www.omrserrature.it\/es\/producto\/pequena-cerradura-egologica-a-mecanismo-gravitacional-accionado-con-una-llave-a-figura-triangular-copia-copia-copia-copia-2\/#breadcrumb\"},\"inLanguage\":\"es\",\"potentialAction\":[{\"@type\":\"ReadAction\",\"target\":[\"https:\/\/www.omrserrature.it\/es\/producto\/pequena-cerradura-egologica-a-mecanismo-gravitacional-accionado-con-una-llave-a-figura-triangular-copia-copia-copia-copia-2\/\"]}]},{\"@type\":\"ImageObject\",\"inLanguage\":\"es\",\"@id\":\"https:\/\/www.omrserrature.it\/es\/producto\/pequena-cerradura-egologica-a-mecanismo-gravitacional-accionado-con-una-llave-a-figura-triangular-copia-copia-copia-copia-2\/#primaryimage\",\"url\":\"https:\/\/www.omrserrature.it\/wp-content\/uploads\/2021\/03\/GP-CUP-T.jpg\",\"contentUrl\":\"https:\/\/www.omrserrature.it\/wp-content\/uploads\/2021\/03\/GP-CUP-T.jpg\",\"width\":1756,\"height\":1223,\"caption\":\"Recambio - capuch\u00f3n peque\u00f1o para varillas de cierre triangulares - GP-CUP-T\"},{\"@type\":\"BreadcrumbList\",\"@id\":\"https:\/\/www.omrserrature.it\/es\/producto\/pequena-cerradura-egologica-a-mecanismo-gravitacional-accionado-con-una-llave-a-figura-triangular-copia-copia-copia-copia-2\/#breadcrumb\",\"itemListElement\":[{\"@type\":\"ListItem\",\"position\":1,\"name\":\"Home\",\"item\":\"https:\/\/www.omrserrature.it\/es\/omr-cerradiras-y-sistemas-de-cierre\/\"},{\"@type\":\"ListItem\",\"position\":2,\"name\":\"Cat\u00e1logo\",\"item\":\"https:\/\/www.omrserrature.it\/catalogo\/?lang=es\"},{\"@type\":\"ListItem\",\"position\":3,\"name\":\"Productos\",\"item\":\"https:\/\/www.omrserrature.it\/es\/inventario\/productos\/\"},{\"@type\":\"ListItem\",\"position\":4,\"name\":\"Accesorios y recambios\",\"item\":\"https:\/\/www.omrserrature.it\/es\/inventario\/productos\/accesorios-y-recambios\/\"},{\"@type\":\"ListItem\",\"position\":5,\"name\":\"Accesorios y recambios para cerraduras gravitacionales\",\"item\":\"https:\/\/www.omrserrature.it\/es\/inventario\/productos\/accesorios-y-recambios\/accesorios-y-recambios-para-cerraduras-gravitacionales\/\"},{\"@type\":\"ListItem\",\"position\":6,\"name\":\"Peque\u00f1o capuch\u00f3n con llave triangular con muelle de retorno para cerradura gravitacional\"}]},{\"@type\":\"WebSite\",\"@id\":\"https:\/\/www.omrserrature.it\/es\/#website\",\"url\":\"https:\/\/www.omrserrature.it\/es\/\",\"name\":\"OMR Serrature | Produzione sistemi di chiusura\",\"description\":\"Produzione serrature di sicurezza e sistemi di chiusura\",\"publisher\":{\"@id\":\"https:\/\/www.omrserrature.it\/es\/#organization\"},\"potentialAction\":[{\"@type\":\"SearchAction\",\"target\":{\"@type\":\"EntryPoint\",\"urlTemplate\":\"https:\/\/www.omrserrature.it\/es\/?s={search_term_string}\"},\"query-input\":{\"@type\":\"PropertyValueSpecification\",\"valueRequired\":true,\"valueName\":\"search_term_string\"}}],\"inLanguage\":\"es\"},{\"@type\":\"Organization\",\"@id\":\"https:\/\/www.omrserrature.it\/es\/#organization\",\"name\":\"OMR Serrature | Produzione sistemi di chiusura\",\"url\":\"https:\/\/www.omrserrature.it\/es\/\",\"logo\":{\"@type\":\"ImageObject\",\"inLanguage\":\"es\",\"@id\":\"https:\/\/www.omrserrature.it\/es\/#\/schema\/logo\/image\/\",\"url\":\"https:\/\/www.omrserrature.it\/wp-content\/uploads\/2017\/09\/favicon-omr-114.png\",\"contentUrl\":\"https:\/\/www.omrserrature.it\/wp-content\/uploads\/2017\/09\/favicon-omr-114.png\",\"width\":114,\"height\":114,\"caption\":\"OMR Serrature | Produzione sistemi di chiusura\"},\"image\":{\"@id\":\"https:\/\/www.omrserrature.it\/es\/#\/schema\/logo\/image\/\"},\"sameAs\":[\"https:\/\/www.facebook.com\/OMRserrature\",\"https:\/\/www.linkedin.com\/company\/omrserrature\/\",\"https:\/\/www.youtube.com\/channel\/UCxmA85z2R0EpG_6IRokiAkg\"]}]}<\/script>\n<!-- \/ Yoast SEO plugin. -->","yoast_head_json":{"title":"T6 llave triangular peque\u00f1o capuch\u00f3n con muelle para basureros","description":"Peque\u00f1o capuch\u00f3n con llave triangular T6 con retorno por muelle para la cerradura gravitacional de los basureros. Protecci\u00f3n contra el acceso no autorizado.","robots":{"index":"index","follow":"follow","max-snippet":"max-snippet:-1","max-image-preview":"max-image-preview:large","max-video-preview":"max-video-preview:-1"},"canonical":"https:\/\/www.omrserrature.it\/es\/producto\/pequena-cerradura-egologica-a-mecanismo-gravitacional-accionado-con-una-llave-a-figura-triangular-copia-copia-copia-copia-2\/","og_locale":"es_ES","og_type":"article","og_title":"T6 llave triangular peque\u00f1o capuch\u00f3n con muelle para basureros","og_description":"Peque\u00f1o capuch\u00f3n con llave triangular T6 con retorno por muelle para la cerradura gravitacional de los basureros. Protecci\u00f3n contra el acceso no autorizado.","og_url":"https:\/\/www.omrserrature.it\/es\/producto\/pequena-cerradura-egologica-a-mecanismo-gravitacional-accionado-con-una-llave-a-figura-triangular-copia-copia-copia-copia-2\/","og_site_name":"OMR Serrature | Produzione sistemi di chiusura","article_publisher":"https:\/\/www.facebook.com\/OMRserrature","article_modified_time":"2026-04-08T09:33:14+00:00","og_image":[{"width":1756,"height":1223,"url":"https:\/\/www.omrserrature.it\/wp-content\/uploads\/2021\/03\/GP-CUP-T.jpg","type":"image\/jpeg"}],"twitter_card":"summary_large_image","twitter_misc":{"Tiempo de lectura":"2 minutos"},"schema":{"@context":"https:\/\/schema.org","@graph":[{"@type":"WebPage","@id":"https:\/\/www.omrserrature.it\/es\/producto\/pequena-cerradura-egologica-a-mecanismo-gravitacional-accionado-con-una-llave-a-figura-triangular-copia-copia-copia-copia-2\/","url":"https:\/\/www.omrserrature.it\/es\/producto\/pequena-cerradura-egologica-a-mecanismo-gravitacional-accionado-con-una-llave-a-figura-triangular-copia-copia-copia-copia-2\/","name":"T6 llave triangular peque\u00f1o capuch\u00f3n con muelle para basureros","isPartOf":{"@id":"https:\/\/www.omrserrature.it\/es\/#website"},"primaryImageOfPage":{"@id":"https:\/\/www.omrserrature.it\/es\/producto\/pequena-cerradura-egologica-a-mecanismo-gravitacional-accionado-con-una-llave-a-figura-triangular-copia-copia-copia-copia-2\/#primaryimage"},"image":{"@id":"https:\/\/www.omrserrature.it\/es\/producto\/pequena-cerradura-egologica-a-mecanismo-gravitacional-accionado-con-una-llave-a-figura-triangular-copia-copia-copia-copia-2\/#primaryimage"},"thumbnailUrl":"https:\/\/www.omrserrature.it\/wp-content\/uploads\/2021\/03\/GP-CUP-T.jpg","datePublished":"2011-03-21T12:52:00+00:00","dateModified":"2026-04-08T09:33:14+00:00","description":"Peque\u00f1o capuch\u00f3n con llave triangular T6 con retorno por muelle para la cerradura gravitacional de los basureros. Protecci\u00f3n contra el acceso no autorizado.","breadcrumb":{"@id":"https:\/\/www.omrserrature.it\/es\/producto\/pequena-cerradura-egologica-a-mecanismo-gravitacional-accionado-con-una-llave-a-figura-triangular-copia-copia-copia-copia-2\/#breadcrumb"},"inLanguage":"es","potentialAction":[{"@type":"ReadAction","target":["https:\/\/www.omrserrature.it\/es\/producto\/pequena-cerradura-egologica-a-mecanismo-gravitacional-accionado-con-una-llave-a-figura-triangular-copia-copia-copia-copia-2\/"]}]},{"@type":"ImageObject","inLanguage":"es","@id":"https:\/\/www.omrserrature.it\/es\/producto\/pequena-cerradura-egologica-a-mecanismo-gravitacional-accionado-con-una-llave-a-figura-triangular-copia-copia-copia-copia-2\/#primaryimage","url":"https:\/\/www.omrserrature.it\/wp-content\/uploads\/2021\/03\/GP-CUP-T.jpg","contentUrl":"https:\/\/www.omrserrature.it\/wp-content\/uploads\/2021\/03\/GP-CUP-T.jpg","width":1756,"height":1223,"caption":"Recambio - capuch\u00f3n peque\u00f1o para varillas de cierre triangulares - GP-CUP-T"},{"@type":"BreadcrumbList","@id":"https:\/\/www.omrserrature.it\/es\/producto\/pequena-cerradura-egologica-a-mecanismo-gravitacional-accionado-con-una-llave-a-figura-triangular-copia-copia-copia-copia-2\/#breadcrumb","itemListElement":[{"@type":"ListItem","position":1,"name":"Home","item":"https:\/\/www.omrserrature.it\/es\/omr-cerradiras-y-sistemas-de-cierre\/"},{"@type":"ListItem","position":2,"name":"Cat\u00e1logo","item":"https:\/\/www.omrserrature.it\/catalogo\/?lang=es"},{"@type":"ListItem","position":3,"name":"Productos","item":"https:\/\/www.omrserrature.it\/es\/inventario\/productos\/"},{"@type":"ListItem","position":4,"name":"Accesorios y recambios","item":"https:\/\/www.omrserrature.it\/es\/inventario\/productos\/accesorios-y-recambios\/"},{"@type":"ListItem","position":5,"name":"Accesorios y recambios para cerraduras gravitacionales","item":"https:\/\/www.omrserrature.it\/es\/inventario\/productos\/accesorios-y-recambios\/accesorios-y-recambios-para-cerraduras-gravitacionales\/"},{"@type":"ListItem","position":6,"name":"Peque\u00f1o capuch\u00f3n con llave triangular con muelle de retorno para cerradura gravitacional"}]},{"@type":"WebSite","@id":"https:\/\/www.omrserrature.it\/es\/#website","url":"https:\/\/www.omrserrature.it\/es\/","name":"OMR Serrature | Produzione sistemi di chiusura","description":"Produzione serrature di sicurezza e sistemi di chiusura","publisher":{"@id":"https:\/\/www.omrserrature.it\/es\/#organization"},"potentialAction":[{"@type":"SearchAction","target":{"@type":"EntryPoint","urlTemplate":"https:\/\/www.omrserrature.it\/es\/?s={search_term_string}"},"query-input":{"@type":"PropertyValueSpecification","valueRequired":true,"valueName":"search_term_string"}}],"inLanguage":"es"},{"@type":"Organization","@id":"https:\/\/www.omrserrature.it\/es\/#organization","name":"OMR Serrature | Produzione sistemi di chiusura","url":"https:\/\/www.omrserrature.it\/es\/","logo":{"@type":"ImageObject","inLanguage":"es","@id":"https:\/\/www.omrserrature.it\/es\/#\/schema\/logo\/image\/","url":"https:\/\/www.omrserrature.it\/wp-content\/uploads\/2017\/09\/favicon-omr-114.png","contentUrl":"https:\/\/www.omrserrature.it\/wp-content\/uploads\/2017\/09\/favicon-omr-114.png","width":114,"height":114,"caption":"OMR Serrature | Produzione sistemi di chiusura"},"image":{"@id":"https:\/\/www.omrserrature.it\/es\/#\/schema\/logo\/image\/"},"sameAs":["https:\/\/www.facebook.com\/OMRserrature","https:\/\/www.linkedin.com\/company\/omrserrature\/","https:\/\/www.youtube.com\/channel\/UCxmA85z2R0EpG_6IRokiAkg"]}]}},"_links":{"self":[{"href":"https:\/\/www.omrserrature.it\/es\/wp-json\/wp\/v2\/product\/16744","targetHints":{"allow":["GET"]}}],"collection":[{"href":"https:\/\/www.omrserrature.it\/es\/wp-json\/wp\/v2\/product"}],"about":[{"href":"https:\/\/www.omrserrature.it\/es\/wp-json\/wp\/v2\/types\/product"}],"replies":[{"embeddable":true,"href":"https:\/\/www.omrserrature.it\/es\/wp-json\/wp\/v2\/comments?post=16744"}],"wp:featuredmedia":[{"embeddable":true,"href":"https:\/\/www.omrserrature.it\/es\/wp-json\/wp\/v2\/media\/16951"}],"wp:attachment":[{"href":"https:\/\/www.omrserrature.it\/es\/wp-json\/wp\/v2\/media?parent=16744"}],"wp:term":[{"taxonomy":"product_brand","embeddable":true,"href":"https:\/\/www.omrserrature.it\/es\/wp-json\/wp\/v2\/product_brand?post=16744"},{"taxonomy":"product_cat","embeddable":true,"href":"https:\/\/www.omrserrature.it\/es\/wp-json\/wp\/v2\/product_cat?post=16744"},{"taxonomy":"product_tag","embeddable":true,"href":"https:\/\/www.omrserrature.it\/es\/wp-json\/wp\/v2\/product_tag?post=16744"}],"curies":[{"name":"wp","href":"https:\/\/api.w.org\/{rel}","templated":true}]}}