{"id":249648,"date":"2025-04-30T10:38:24","date_gmt":"2025-04-30T08:38:24","guid":{"rendered":"https:\/\/www.staging6.omrserrature.it\/navegacion-visual-por-categorias\/"},"modified":"2025-06-03T17:00:43","modified_gmt":"2025-06-03T15:00:43","slug":"navegacion-visual-por-categorias","status":"publish","type":"page","link":"https:\/\/www.omrserrature.it\/es\/navegacion-visual-por-categorias\/","title":{"rendered":"Navegaci\u00f3n visual por categor\u00edas"},"content":{"rendered":"<p>[et_pb_section fb_built=\u00bb1&#8243; _builder_version=\u00bb4.27.4&#8243; _module_preset=\u00bbdefault\u00bb custom_margin=\u00bb||||false|false\u00bb custom_padding=\u00bb10px||||false|false\u00bb global_colors_info=\u00bb{}\u00bb][et_pb_row _builder_version=\u00bb4.27.4&#8243; _module_preset=\u00bbdefault\u00bb width=\u00bb98%\u00bb max_width=\u00bb98%\u00bb global_colors_info=\u00bb{}\u00bb][et_pb_column type=\u00bb4_4&#8243; _builder_version=\u00bb4.27.4&#8243; _module_preset=\u00bbdefault\u00bb global_colors_info=\u00bb{}\u00bb][et_pb_text _builder_version=\u00bb4.27.4&#8243; _module_preset=\u00bbdefault\u00bb custom_margin=\u00bb||2px|||\u00bb global_colors_info=\u00bb{}\u00bb]<\/p>\n<h1>Navegaci\u00f3n visual por categor\u00edas de productos<\/h1>\n<p>[\/et_pb_text][et_pb_text _builder_version=\u00bb4.27.4&#8243; _module_preset=\u00bbdefault\u00bb global_colors_info=\u00bb{}\u00bb]<\/p>\n<p>Los productos de OMR Serradura incluyen cerraduras universales de pernos y de l\u00e1minas, cerraduras de picaporte, cerraduras de embutir de \u00bc de vuelta, cerraduras de varillas giratorias, as\u00ed como modelos de cerrojo, de varillas giratorias, de pulsador y de cremallera. Otras propuestas son las cerraduras de gancho, las cerraduras con bombin extra\u00edble, las cerraduras con llaves de pasador, las llamadas cerraduras reprogramables, las cerraduras de combinaci\u00f3n, las cerraduras gravitacionales y las cerraduras con manillas giratorias. Tambi\u00e9n hay cerraduras de dimensiones especialmente compactas dedicadas  <span> <\/span><span>luego a aplicaciones espec\u00edficas, es decir, las llamadas microcerraduras, as\u00ed como cerraduras de la serie OTTO, cerraduras estancas e inoxidables y otras. Adem\u00e1s de cerraduras en sentido estricto, OMR Serrature tambi\u00e9n ofrece manillas de todo tipo, como pomos de apertura sin llave, componentes t\u00e9cnicos como bombines, accesorios de varios tipos, sin olvidar art\u00edculos complementarios como bisagras, que permiten abrir puertas de varios tipos, candados, tanto de arco como blindados, y mucho m\u00e1s. OMR Cerradura propone no s\u00f3lo art\u00edculos mec\u00e1nicos, sino tambi\u00e9n productos electr\u00f3nicos: se trata de cerraduras con contacto el\u00e9ctrico, cerraduras de llaves tradicionales que, sin embargo, permiten accionar un dispositivo el\u00e9ctrico, y cerraduras el\u00e9ctricas en sentido estricto, aquellas cuya apertura no requiere llave ni el uso de instrumentos mec\u00e1nicos similares, sino el uso de instrumentos digitales de diversos tipos, como PIN, HSC (C\u00f3digo de Alta Seguridad), Bluetooth y otros.  <\/span><\/p>\n<p>[\/et_pb_text][\/et_pb_column][\/et_pb_row][et_pb_row column_structure=\u00bb1_4,3_4&#8243; _builder_version=\u00bb4.27.4&#8243; _module_preset=\u00bbdefault\u00bb width=\u00bb98%\u00bb max_width=\u00bb98%\u00bb global_colors_info=\u00bb{}\u00bb][et_pb_column type=\u00bb1_4&#8243; _builder_version=\u00bb4.27.4&#8243; _module_preset=\u00bbdefault\u00bb global_colors_info=\u00bb{}\u00bb][et_pb_text _builder_version=\u00bb4.27.4&#8243; _module_preset=\u00bbdefault\u00bb text_text_color=\u00bb#0C71C3&#8243; global_colors_info=\u00bb{}\u00bb]<\/p>\n<p><em>Navega por las categor\u00edas de productos por imagen, o utiliza la lista.<\/em><\/p>\n<p>[\/et_pb_text][et_pb_code _builder_version=\u00bb4.27.4&#8243; _module_preset=\u00bbdefault\u00bb hover_enabled=\u00bb0&#8243; sticky_enabled=\u00bb0&#8243;]<ul class=\"woo-subcategories\"><li><a href=\"https:\/\/www.omrserrature.it\/es\/inventario\/productos\/cerraduras\/asas-y-pomos\/\">Asas y pomos<\/a><\/li><li><a href=\"https:\/\/www.omrserrature.it\/es\/inventario\/productos\/cerraduras\/cerradura\/\">cerradura<\/a><\/li><li><a href=\"https:\/\/www.omrserrature.it\/es\/inventario\/productos\/cerraduras\/cerradura-multipunto\/\">Cerradura multipunto<\/a><\/li><li><a href=\"https:\/\/www.omrserrature.it\/es\/inventario\/productos\/cerraduras\/cerradura-universal-de-laminas\/\">Cerradura universal de l\u00e1minas<\/a><\/li><li><a href=\"https:\/\/www.omrserrature.it\/es\/inventario\/productos\/cerraduras\/cerraduras-con-bombin-extraible\/\">Cerraduras con bombin extra\u00edble<\/a><\/li><li><a href=\"https:\/\/www.omrserrature.it\/es\/inventario\/productos\/cerraduras\/cerraduras-con-contacto-electrico\/\">Cerraduras con contacto el\u00e9ctrico<\/a><\/li><li><a href=\"https:\/\/www.omrserrature.it\/es\/inventario\/productos\/cerraduras\/cerraduras-con-llave-maestra\/\">Cerraduras con llave maestra<\/a><\/li><li><a href=\"https:\/\/www.omrserrature.it\/es\/inventario\/productos\/cerraduras\/cerraduras-con-manilla-giratoria\/\">Cerraduras con manilla giratoria<\/a><\/li><li><a href=\"https:\/\/www.omrserrature.it\/es\/inventario\/productos\/cerraduras\/cerraduras-con-muelle-de-retorno\/\">Cerraduras con muelle de retorno<\/a><\/li><li><a href=\"https:\/\/www.omrserrature.it\/es\/inventario\/productos\/cerraduras\/cerraduras-de-1-4-de-vuelta\/\">cerraduras de 1\/4 de vuelta<\/a><\/li><li><a href=\"https:\/\/www.omrserrature.it\/es\/inventario\/productos\/cerraduras\/cerraduras-de-combinacion\/\">Cerraduras de combinaci\u00f3n<\/a><\/li><li><a href=\"https:\/\/www.omrserrature.it\/es\/inventario\/productos\/cerraduras\/cerraduras-de-cremallera\/\">Cerraduras de cremallera<\/a><\/li><li><a href=\"https:\/\/www.omrserrature.it\/es\/inventario\/productos\/cerraduras\/cerraduras-de-gancho\/\">Cerraduras de gancho<\/a><\/li><li><a href=\"https:\/\/www.omrserrature.it\/es\/inventario\/productos\/cerraduras\/cerraduras-de-llave-en-cruz-tetra\/\">Cerraduras de llave en cruz-tetra<\/a><\/li><li><a href=\"https:\/\/www.omrserrature.it\/es\/inventario\/productos\/cerraduras\/cerraduras-de-palanca\/\">Cerraduras de palanca<\/a><\/li><li><a href=\"https:\/\/www.omrserrature.it\/es\/inventario\/productos\/cerraduras\/cerraduras-de-pasador\/\">Cerraduras de pasador<\/a><\/li><li><a href=\"https:\/\/www.omrserrature.it\/es\/inventario\/productos\/cerraduras\/cerraduras-de-pestillo\/\">Cerraduras de pestillo<\/a><\/li><li><a href=\"https:\/\/www.omrserrature.it\/es\/inventario\/productos\/cerraduras\/cerraduras-de-pulsador\/\">Cerraduras de pulsador<\/a><\/li><li><a href=\"https:\/\/www.omrserrature.it\/es\/inventario\/productos\/cerraduras\/cerraduras-de-varillas-giratorias\/\">Cerraduras de varillas giratorias<\/a><\/li><li><a href=\"https:\/\/www.omrserrature.it\/es\/inventario\/productos\/cerraduras\/cerraduras-electronicas-para-taquillas-cajones-puertas\/\">Cerraduras electr\u00f3nicas para taquillas, cajones, puertas<\/a><\/li><li><a href=\"https:\/\/www.omrserrature.it\/es\/inventario\/productos\/cerraduras\/cerraduras-especiales-a-medida\/\">Cerraduras especiales a medida<\/a><\/li><li><a href=\"https:\/\/www.omrserrature.it\/es\/inventario\/productos\/cerraduras\/cerraduras-impermeables-inoxidables\/\">Cerraduras impermeables\/inoxidables<\/a><\/li><li><a href=\"https:\/\/www.omrserrature.it\/es\/inventario\/productos\/cerraduras\/cerraduras-para-basureros\/\">Cerraduras para basureros<\/a><\/li><li><a href=\"https:\/\/www.omrserrature.it\/es\/inventario\/productos\/cerraduras\/cerraduras-reprogramables\/\">Cerraduras reprogramables<\/a><\/li><li><a href=\"https:\/\/www.omrserrature.it\/es\/inventario\/productos\/cerraduras\/cerraduras-universales-de-pernos\/\">Cerraduras universales de pernos<\/a><\/li><li><a href=\"https:\/\/www.omrserrature.it\/es\/inventario\/productos\/cerraduras\/microcerraduras\/\">Microcerraduras<\/a><\/li><li><a href=\"https:\/\/www.omrserrature.it\/es\/inventario\/productos\/cerraduras\/serie-otto\/\">Serie OTTO<\/a><\/li><\/ul>[\/et_pb_code][\/et_pb_column][et_pb_column type=\u00bb3_4&#8243; _builder_version=\u00bb4.27.4&#8243; _module_preset=\u00bbdefault\u00bb global_colors_info=\u00bb{}\u00bb][dipl_woo_products_categories include_categories=\u00bb761,759,760,753,754,732,755,749,757,741,751,747,740,736,742,733,739,731,737,744,750,752,735,743,746,748,1415,1418,758,734,745,756,729,728&#8243; number_of_columns=\u00bb6&#8243; column_spacing=\u00bb30px\u00bb show_product_count=\u00bboff\u00bb _builder_version=\u00bb4.27.4&#8243; _module_preset=\u00bbdefault\u00bb title_font=\u00bb|||on|||||\u00bb title_text_color=\u00bb#0069b3&#8243; title_font_size=\u00bb16px\u00bb border_radii_category_img=\u00bbon|15px|15px|15px|15px\u00bb border_width_all_category_img=\u00bb2px\u00bb border_color_all_category_img=\u00bb#0069b3&#8243; global_colors_info=\u00bb{}\u00bb][\/dipl_woo_products_categories][\/et_pb_column][\/et_pb_row][\/et_pb_section]<\/p>\n","protected":false},"excerpt":{"rendered":"<p>Navegaci\u00f3n visual por categor\u00edas de productosLos productos de OMR Serradura incluyen cerraduras universales de pernos y de l\u00e1minas, cerraduras de picaporte, cerraduras de embutir de \u00bc de vuelta, cerraduras de varillas giratorias, as\u00ed como modelos de cerrojo, de varillas giratorias, de pulsador y de cremallera. Otras propuestas son las cerraduras de gancho, las cerraduras con [&hellip;]<\/p>\n","protected":false},"author":14,"featured_media":0,"parent":0,"menu_order":0,"comment_status":"closed","ping_status":"closed","template":"","meta":{"_acf_changed":false,"_et_pb_use_builder":"on","_et_pb_old_content":"","_et_gb_content_width":"","footnotes":""},"class_list":["post-249648","page","type-page","status-publish","hentry"],"acf":[],"yoast_head":"<!-- This site is optimized with the Yoast SEO plugin v27.5 - https:\/\/yoast.com\/product\/yoast-seo-wordpress\/ -->\n<title>Navegaci\u00f3n visual por categor\u00edas - OMR Serrature<\/title>\n<meta name=\"description\" content=\"Navegaci\u00f3n visual por categor\u00edas in vendita sul sito http:\/\/omrserrature.it\/ Dal 1950 O.M.R. progetta e propone serrature e sistemi di chiusura di qualit\u00e0 made in Italy.\" \/>\n<meta name=\"robots\" content=\"index, follow, max-snippet:-1, max-image-preview:large, max-video-preview:-1\" \/>\n<link rel=\"canonical\" href=\"https:\/\/www.omrserrature.it\/es\/navegacion-visual-por-categorias\/\" \/>\n<meta property=\"og:locale\" content=\"es_ES\" \/>\n<meta property=\"og:type\" content=\"article\" \/>\n<meta property=\"og:title\" content=\"Navegaci\u00f3n visual por categor\u00edas - OMR Serrature\" \/>\n<meta property=\"og:description\" content=\"Navegaci\u00f3n visual por categor\u00edas in vendita sul sito http:\/\/omrserrature.it\/ Dal 1950 O.M.R. progetta e propone serrature e sistemi di chiusura di qualit\u00e0 made in Italy.\" \/>\n<meta property=\"og:url\" content=\"https:\/\/www.omrserrature.it\/es\/navegacion-visual-por-categorias\/\" \/>\n<meta property=\"og:site_name\" content=\"OMR Serrature | Produzione sistemi di chiusura\" \/>\n<meta property=\"article:publisher\" content=\"https:\/\/www.facebook.com\/OMRserrature\" \/>\n<meta property=\"article:modified_time\" content=\"2025-06-03T15:00:43+00:00\" \/>\n<meta name=\"twitter:card\" content=\"summary_large_image\" \/>\n<meta name=\"twitter:label1\" content=\"Tiempo de lectura\" \/>\n\t<meta name=\"twitter:data1\" content=\"2 minutos\" \/>\n<script type=\"application\/ld+json\" class=\"yoast-schema-graph\">{\"@context\":\"https:\\\/\\\/schema.org\",\"@graph\":[{\"@type\":\"WebPage\",\"@id\":\"https:\\\/\\\/www.omrserrature.it\\\/es\\\/navegacion-visual-por-categorias\\\/\",\"url\":\"https:\\\/\\\/www.omrserrature.it\\\/es\\\/navegacion-visual-por-categorias\\\/\",\"name\":\"Navegaci\u00f3n visual por categor\u00edas - OMR Serrature\",\"isPartOf\":{\"@id\":\"https:\\\/\\\/www.omrserrature.it\\\/es\\\/#website\"},\"datePublished\":\"2025-04-30T08:38:24+00:00\",\"dateModified\":\"2025-06-03T15:00:43+00:00\",\"description\":\"Navegaci\u00f3n visual por categor\u00edas in vendita sul sito http:\\\/\\\/omrserrature.it\\\/ Dal 1950 O.M.R. progetta e propone serrature e sistemi di chiusura di qualit\u00e0 made in Italy.\",\"breadcrumb\":{\"@id\":\"https:\\\/\\\/www.omrserrature.it\\\/es\\\/navegacion-visual-por-categorias\\\/#breadcrumb\"},\"inLanguage\":\"es\",\"potentialAction\":[{\"@type\":\"ReadAction\",\"target\":[\"https:\\\/\\\/www.omrserrature.it\\\/es\\\/navegacion-visual-por-categorias\\\/\"]}]},{\"@type\":\"BreadcrumbList\",\"@id\":\"https:\\\/\\\/www.omrserrature.it\\\/es\\\/navegacion-visual-por-categorias\\\/#breadcrumb\",\"itemListElement\":[{\"@type\":\"ListItem\",\"position\":1,\"name\":\"Home\",\"item\":\"https:\\\/\\\/www.omrserrature.it\\\/es\\\/omr-cerradiras-y-sistemas-de-cierre\\\/\"},{\"@type\":\"ListItem\",\"position\":2,\"name\":\"Navegaci\u00f3n visual por categor\u00edas\"}]},{\"@type\":\"WebSite\",\"@id\":\"https:\\\/\\\/www.omrserrature.it\\\/es\\\/#website\",\"url\":\"https:\\\/\\\/www.omrserrature.it\\\/es\\\/\",\"name\":\"OMR Serrature | Produzione sistemi di chiusura\",\"description\":\"Produzione serrature di sicurezza e sistemi di chiusura\",\"publisher\":{\"@id\":\"https:\\\/\\\/www.omrserrature.it\\\/es\\\/#organization\"},\"potentialAction\":[{\"@type\":\"SearchAction\",\"target\":{\"@type\":\"EntryPoint\",\"urlTemplate\":\"https:\\\/\\\/www.omrserrature.it\\\/es\\\/?s={search_term_string}\"},\"query-input\":{\"@type\":\"PropertyValueSpecification\",\"valueRequired\":true,\"valueName\":\"search_term_string\"}}],\"inLanguage\":\"es\"},{\"@type\":\"Organization\",\"@id\":\"https:\\\/\\\/www.omrserrature.it\\\/es\\\/#organization\",\"name\":\"OMR Serrature | Produzione sistemi di chiusura\",\"url\":\"https:\\\/\\\/www.omrserrature.it\\\/es\\\/\",\"logo\":{\"@type\":\"ImageObject\",\"inLanguage\":\"es\",\"@id\":\"https:\\\/\\\/www.omrserrature.it\\\/es\\\/#\\\/schema\\\/logo\\\/image\\\/\",\"url\":\"https:\\\/\\\/www.omrserrature.it\\\/wp-content\\\/uploads\\\/2017\\\/09\\\/favicon-omr-114.png\",\"contentUrl\":\"https:\\\/\\\/www.omrserrature.it\\\/wp-content\\\/uploads\\\/2017\\\/09\\\/favicon-omr-114.png\",\"width\":114,\"height\":114,\"caption\":\"OMR Serrature | Produzione sistemi di chiusura\"},\"image\":{\"@id\":\"https:\\\/\\\/www.omrserrature.it\\\/es\\\/#\\\/schema\\\/logo\\\/image\\\/\"},\"sameAs\":[\"https:\\\/\\\/www.facebook.com\\\/OMRserrature\",\"https:\\\/\\\/www.linkedin.com\\\/company\\\/omrserrature\\\/\",\"https:\\\/\\\/www.youtube.com\\\/channel\\\/UCxmA85z2R0EpG_6IRokiAkg\"]}]}<\/script>\n<!-- \/ Yoast SEO plugin. -->","yoast_head_json":{"title":"Navegaci\u00f3n visual por categor\u00edas - OMR Serrature","description":"Navegaci\u00f3n visual por categor\u00edas in vendita sul sito http:\/\/omrserrature.it\/ Dal 1950 O.M.R. progetta e propone serrature e sistemi di chiusura di qualit\u00e0 made in Italy.","robots":{"index":"index","follow":"follow","max-snippet":"max-snippet:-1","max-image-preview":"max-image-preview:large","max-video-preview":"max-video-preview:-1"},"canonical":"https:\/\/www.omrserrature.it\/es\/navegacion-visual-por-categorias\/","og_locale":"es_ES","og_type":"article","og_title":"Navegaci\u00f3n visual por categor\u00edas - OMR Serrature","og_description":"Navegaci\u00f3n visual por categor\u00edas in vendita sul sito http:\/\/omrserrature.it\/ Dal 1950 O.M.R. progetta e propone serrature e sistemi di chiusura di qualit\u00e0 made in Italy.","og_url":"https:\/\/www.omrserrature.it\/es\/navegacion-visual-por-categorias\/","og_site_name":"OMR Serrature | Produzione sistemi di chiusura","article_publisher":"https:\/\/www.facebook.com\/OMRserrature","article_modified_time":"2025-06-03T15:00:43+00:00","twitter_card":"summary_large_image","twitter_misc":{"Tiempo de lectura":"2 minutos"},"schema":{"@context":"https:\/\/schema.org","@graph":[{"@type":"WebPage","@id":"https:\/\/www.omrserrature.it\/es\/navegacion-visual-por-categorias\/","url":"https:\/\/www.omrserrature.it\/es\/navegacion-visual-por-categorias\/","name":"Navegaci\u00f3n visual por categor\u00edas - OMR Serrature","isPartOf":{"@id":"https:\/\/www.omrserrature.it\/es\/#website"},"datePublished":"2025-04-30T08:38:24+00:00","dateModified":"2025-06-03T15:00:43+00:00","description":"Navegaci\u00f3n visual por categor\u00edas in vendita sul sito http:\/\/omrserrature.it\/ Dal 1950 O.M.R. progetta e propone serrature e sistemi di chiusura di qualit\u00e0 made in Italy.","breadcrumb":{"@id":"https:\/\/www.omrserrature.it\/es\/navegacion-visual-por-categorias\/#breadcrumb"},"inLanguage":"es","potentialAction":[{"@type":"ReadAction","target":["https:\/\/www.omrserrature.it\/es\/navegacion-visual-por-categorias\/"]}]},{"@type":"BreadcrumbList","@id":"https:\/\/www.omrserrature.it\/es\/navegacion-visual-por-categorias\/#breadcrumb","itemListElement":[{"@type":"ListItem","position":1,"name":"Home","item":"https:\/\/www.omrserrature.it\/es\/omr-cerradiras-y-sistemas-de-cierre\/"},{"@type":"ListItem","position":2,"name":"Navegaci\u00f3n visual por categor\u00edas"}]},{"@type":"WebSite","@id":"https:\/\/www.omrserrature.it\/es\/#website","url":"https:\/\/www.omrserrature.it\/es\/","name":"OMR Serrature | Produzione sistemi di chiusura","description":"Produzione serrature di sicurezza e sistemi di chiusura","publisher":{"@id":"https:\/\/www.omrserrature.it\/es\/#organization"},"potentialAction":[{"@type":"SearchAction","target":{"@type":"EntryPoint","urlTemplate":"https:\/\/www.omrserrature.it\/es\/?s={search_term_string}"},"query-input":{"@type":"PropertyValueSpecification","valueRequired":true,"valueName":"search_term_string"}}],"inLanguage":"es"},{"@type":"Organization","@id":"https:\/\/www.omrserrature.it\/es\/#organization","name":"OMR Serrature | Produzione sistemi di chiusura","url":"https:\/\/www.omrserrature.it\/es\/","logo":{"@type":"ImageObject","inLanguage":"es","@id":"https:\/\/www.omrserrature.it\/es\/#\/schema\/logo\/image\/","url":"https:\/\/www.omrserrature.it\/wp-content\/uploads\/2017\/09\/favicon-omr-114.png","contentUrl":"https:\/\/www.omrserrature.it\/wp-content\/uploads\/2017\/09\/favicon-omr-114.png","width":114,"height":114,"caption":"OMR Serrature | Produzione sistemi di chiusura"},"image":{"@id":"https:\/\/www.omrserrature.it\/es\/#\/schema\/logo\/image\/"},"sameAs":["https:\/\/www.facebook.com\/OMRserrature","https:\/\/www.linkedin.com\/company\/omrserrature\/","https:\/\/www.youtube.com\/channel\/UCxmA85z2R0EpG_6IRokiAkg"]}]}},"_links":{"self":[{"href":"https:\/\/www.omrserrature.it\/es\/wp-json\/wp\/v2\/pages\/249648","targetHints":{"allow":["GET"]}}],"collection":[{"href":"https:\/\/www.omrserrature.it\/es\/wp-json\/wp\/v2\/pages"}],"about":[{"href":"https:\/\/www.omrserrature.it\/es\/wp-json\/wp\/v2\/types\/page"}],"author":[{"embeddable":true,"href":"https:\/\/www.omrserrature.it\/es\/wp-json\/wp\/v2\/users\/14"}],"replies":[{"embeddable":true,"href":"https:\/\/www.omrserrature.it\/es\/wp-json\/wp\/v2\/comments?post=249648"}],"version-history":[{"count":4,"href":"https:\/\/www.omrserrature.it\/es\/wp-json\/wp\/v2\/pages\/249648\/revisions"}],"predecessor-version":[{"id":251085,"href":"https:\/\/www.omrserrature.it\/es\/wp-json\/wp\/v2\/pages\/249648\/revisions\/251085"}],"wp:attachment":[{"href":"https:\/\/www.omrserrature.it\/es\/wp-json\/wp\/v2\/media?parent=249648"}],"curies":[{"name":"wp","href":"https:\/\/api.w.org\/{rel}","templated":true}]}}