{"id":249622,"date":"2021-05-07T11:49:15","date_gmt":"2021-05-07T09:49:15","guid":{"rendered":"https:\/\/www.staging6.omrserrature.it\/aplicaciones\/"},"modified":"2025-06-16T11:34:53","modified_gmt":"2025-06-16T09:34:53","slug":"cerraduras-omr-aplicaciones","status":"publish","type":"page","link":"https:\/\/www.omrserrature.it\/es\/cerraduras-omr-aplicaciones\/","title":{"rendered":"Aplicaciones"},"content":{"rendered":"<p>[et_pb_section fb_built=\u00bb1&#8243; fullwidth=\u00bbon\u00bb _builder_version=\u00bb4.25.1&#8243; _module_preset=\u00bbdefault\u00bb global_colors_info=\u00bb{}\u00bb][et_pb_fullwidth_header title=\u00bb@ET-DC@eyJkeW5hbWljIjp0cnVlLCJjb250ZW50IjoicG9zdF90aXRsZSIsInNldHRpbmdzIjp7ImJlZm9yZSI6IiIsImFmdGVyIjoiIn19@\u00bb header_fullscreen=\u00bbon\u00bb content_tablet=\u00bbLas cerraduras, dispositivos mec\u00e1nicos y t\u00e9cnicos de alta precisi\u00f3n, siempre van acompa\u00f1adas de accesorios que complementan o mejoran sus prestaciones. OMR Cerradura siempre ha prestado una atenci\u00f3n meticulosa a los detalles, y los accesorios para cerraduras no son una excepci\u00f3n. La empresa ofrece una gama de accesorios realmente importante: llaves de todas las formas y tama\u00f1os, cilindros de bomba de repuesto, componentes para cilindros modulares de perfil europeo, elementos de sujeci\u00f3n de cilindros, protectores de cilindros, esp\u00e1rragos de protecci\u00f3n, varillas rectas o dobladas, as\u00ed como varillas ajustables o cromadas, y accesorios para varillas, desviadores, placas de cerradero, placas de cerradero, tribunas, ajustadores de picaporte y reguladores de picaporte. La lista contin\u00faa con manillas, pomos, chapetones, placas, mirillas, tapas, placas de cabeza y placas frontales, sin olvidar lubricantes, limitadores de apertura, cerraderos el\u00e9ctricos y mucho m\u00e1s. Cada uno de estos accesorios para cerraduras, tan diferentes en cuanto a caracter\u00edsticas y funciones, est\u00e1 unido por la calidad que distingue las propuestas de la empresa turinesa, as\u00ed como por el alto grado de personalizaci\u00f3n que caracteriza a OMR Serrature.<br \/>\n\u00bb content_phone=\u00bb<\/p>\n<div class=%22pa-toggle-text%22>Las cerraduras, dispositivos mec\u00e1nicos y t\u00e9cnicos de alta precisi\u00f3n, siempre van acompa\u00f1adas de accesorios que complementan o mejoran sus prestaciones. OMR Cerradura siempre ha prestado una atenci\u00f3n meticulosa a los detalles, y los accesorios para cerraduras no son una excepci\u00f3n. La empresa ofrece una gama de accesorios realmente importante: llaves de todas las formas y tama\u00f1os, cilindros de bomba de repuesto, componentes para cilindros modulares de perfil europeo, elementos de sujeci\u00f3n de cilindros, protectores de cilindros, esp\u00e1rragos de protecci\u00f3n, varillas rectas o dobladas, as\u00ed como varillas ajustables o cromadas, y accesorios para varillas, desviadores, placas de cerradero, placas de cerradero, tribunas, ajustadores de picaporte y reguladores de picaporte. La lista contin\u00faa con manillas, pomos, chapetones, placas, mirillas, tapas, placas de cabeza y placas frontales, sin olvidar lubricantes, limitadores de apertura, cerraderos el\u00e9ctricos y mucho m\u00e1s. Cada uno de estos accesorios para cerraduras, tan diferentes en cuanto a caracter\u00edsticas y funciones, est\u00e1 unido por la calidad que distingue las propuestas de la empresa turinesa, as\u00ed como por el alto grado de personalizaci\u00f3n que caracteriza a OMR Serrature.    <\/div>\n<p>\u00bb content_last_edited=\u00bbon|desktop\u00bb _builder_version=\u00bb4.27.4&#8243; _dynamic_attributes=\u00bbtitle,background_image\u00bb _module_preset=\u00bbdefault\u00bb title_font=\u00bb|||on|||||\u00bb title_font_size=\u00bb40px\u00bb background_color=\u00bbrgba(0,0,0,0.5)\u00bb background_image=\u00bb@ET-DC@eyJkeW5hbWljIjp0cnVlLCJjb250ZW50IjoicG9zdF9mZWF0dXJlZF9pbWFnZSIsInNldHRpbmdzIjp7fX0=@\u00bb background_blend=\u00bboverlay\u00bb global_colors_info=\u00bb{}\u00bb]<\/p>\n<p>Las cerraduras, dispositivos mec\u00e1nicos y t\u00e9cnicos de alta precisi\u00f3n, siempre van acompa\u00f1adas de accesorios que complementan o mejoran sus prestaciones. OMR Cerradura siempre ha prestado una atenci\u00f3n meticulosa a los detalles, y los accesorios para cerraduras no son una excepci\u00f3n. La empresa ofrece una gama de accesorios realmente importante: llaves de todas las formas y tama\u00f1os, cilindros de bomba de repuesto, componentes para cilindros modulares de perfil europeo, elementos de sujeci\u00f3n de cilindros, protectores de cilindros, esp\u00e1rragos de protecci\u00f3n, varillas rectas o dobladas, as\u00ed como varillas ajustables o cromadas, y accesorios para varillas, desviadores, placas de cerradero, placas de cerradero, tribunas, ajustadores de picaporte y reguladores de picaporte. La lista contin\u00faa con manillas, pomos, chapetones, placas, mirillas, tapas, placas de cabeza y placas frontales, sin olvidar lubricantes, limitadores de apertura, cerraderos el\u00e9ctricos y mucho m\u00e1s. Cada uno de estos accesorios para cerraduras, tan diferentes en cuanto a caracter\u00edsticas y funciones, est\u00e1 unido por la calidad que distingue las propuestas de la empresa turinesa, as\u00ed como por el alto grado de personalizaci\u00f3n que caracteriza a OMR Serrature.    <\/p>\n<p>[\/et_pb_fullwidth_header][\/et_pb_section][et_pb_section fb_built=\u00bb1&#8243; _builder_version=\u00bb4.25.1&#8243; _module_preset=\u00bbdefault\u00bb custom_padding=\u00bb18px|||||\u00bb global_colors_info=\u00bb{}\u00bb][et_pb_row _builder_version=\u00bb4.27.4&#8243; _module_preset=\u00bbdefault\u00bb custom_padding=\u00bb18px|2%||2%|false|true\u00bb hover_enabled=\u00bb0&#8243; global_colors_info=\u00bb{}\u00bb sticky_enabled=\u00bb0&#8243;][et_pb_column type=\u00bb4_4&#8243; _builder_version=\u00bb4.27.4&#8243; _module_preset=\u00bbdefault\u00bb global_colors_info=\u00bb{}\u00bb][dipl_woo_products_categories include_categories=\u00bb805,799,797,798,800,801,802,803,795,804,796&#8243; number_of_columns=\u00bb5&#8243; show_product_count=\u00bboff\u00bb equal_height=\u00bbon\u00bb number_of_columns_tablet=\u00bb5&#8243; number_of_columns_phone=\u00bb2&#8243; number_of_columns_last_edited=\u00bbon|desktop\u00bb _builder_version=\u00bb4.27.4&#8243; _module_preset=\u00bbdefault\u00bb title_level=\u00bbh2&#8243; title_font=\u00bb|||on|||||\u00bb title_text_color=\u00bb#0C71C3&#8243; title_font_size=\u00bb15px\u00bb category_img_height=\u00bb200px\u00bb border_radii_category_img=\u00bbon|18px|18px|18px|18px\u00bb border_width_all_category_img=\u00bb2px\u00bb border_color_all_category_img=\u00bb#0C71C3&#8243; global_colors_info=\u00bb{}\u00bb][\/dipl_woo_products_categories][\/et_pb_column][\/et_pb_row][\/et_pb_section]<\/p>\n","protected":false},"excerpt":{"rendered":"<p>Las cerraduras, dispositivos mec\u00e1nicos y t\u00e9cnicos de alta precisi\u00f3n, siempre van acompa\u00f1adas de accesorios que complementan o mejoran sus prestaciones. OMR Cerradura siempre ha prestado una atenci\u00f3n meticulosa a los detalles, y los accesorios para cerraduras no son una excepci\u00f3n. La empresa ofrece una gama de accesorios realmente importante: llaves de todas las formas y [&hellip;]<\/p>\n","protected":false},"author":14,"featured_media":30993,"parent":0,"menu_order":0,"comment_status":"closed","ping_status":"closed","template":"","meta":{"_acf_changed":false,"_et_pb_use_builder":"on","_et_pb_old_content":"","_et_gb_content_width":"","footnotes":""},"class_list":["post-249622","page","type-page","status-publish","has-post-thumbnail","hentry"],"acf":[],"yoast_head":"<!-- This site is optimized with the Yoast SEO plugin v27.5 - https:\/\/yoast.com\/product\/yoast-seo-wordpress\/ -->\n<title>Aplicaciones - OMR Serrature<\/title>\n<meta name=\"description\" content=\"Aplicaciones in vendita sul sito http:\/\/omrserrature.it\/ Dal 1950 O.M.R. progetta e propone serrature e sistemi di chiusura di qualit\u00e0 made in Italy.\" \/>\n<meta name=\"robots\" content=\"index, follow, max-snippet:-1, max-image-preview:large, max-video-preview:-1\" \/>\n<link rel=\"canonical\" href=\"https:\/\/www.omrserrature.it\/es\/cerraduras-omr-aplicaciones\/\" \/>\n<meta property=\"og:locale\" content=\"es_ES\" \/>\n<meta property=\"og:type\" content=\"article\" \/>\n<meta property=\"og:title\" content=\"Aplicaciones - OMR Serrature\" \/>\n<meta property=\"og:description\" content=\"Aplicaciones in vendita sul sito http:\/\/omrserrature.it\/ Dal 1950 O.M.R. progetta e propone serrature e sistemi di chiusura di qualit\u00e0 made in Italy.\" \/>\n<meta property=\"og:url\" content=\"https:\/\/www.omrserrature.it\/es\/cerraduras-omr-aplicaciones\/\" \/>\n<meta property=\"og:site_name\" content=\"OMR Serrature | Produzione sistemi di chiusura\" \/>\n<meta property=\"article:publisher\" content=\"https:\/\/www.facebook.com\/OMRserrature\" \/>\n<meta property=\"article:modified_time\" content=\"2025-06-16T09:34:53+00:00\" \/>\n<meta property=\"og:image\" content=\"https:\/\/www.omrserrature.it\/wp-content\/uploads\/2024\/06\/Applicazioni-Serrature-OMR.jpg\" \/>\n\t<meta property=\"og:image:width\" content=\"2000\" \/>\n\t<meta property=\"og:image:height\" content=\"941\" \/>\n\t<meta property=\"og:image:type\" content=\"image\/jpeg\" \/>\n<meta name=\"twitter:card\" content=\"summary_large_image\" \/>\n<meta name=\"twitter:label1\" content=\"Tiempo de lectura\" \/>\n\t<meta name=\"twitter:data1\" content=\"4 minutos\" \/>\n<script type=\"application\/ld+json\" class=\"yoast-schema-graph\">{\"@context\":\"https:\\\/\\\/schema.org\",\"@graph\":[{\"@type\":\"WebPage\",\"@id\":\"https:\\\/\\\/www.omrserrature.it\\\/es\\\/cerraduras-omr-aplicaciones\\\/\",\"url\":\"https:\\\/\\\/www.omrserrature.it\\\/es\\\/cerraduras-omr-aplicaciones\\\/\",\"name\":\"Aplicaciones - OMR Serrature\",\"isPartOf\":{\"@id\":\"https:\\\/\\\/www.omrserrature.it\\\/es\\\/#website\"},\"primaryImageOfPage\":{\"@id\":\"https:\\\/\\\/www.omrserrature.it\\\/es\\\/cerraduras-omr-aplicaciones\\\/#primaryimage\"},\"image\":{\"@id\":\"https:\\\/\\\/www.omrserrature.it\\\/es\\\/cerraduras-omr-aplicaciones\\\/#primaryimage\"},\"thumbnailUrl\":\"https:\\\/\\\/www.omrserrature.it\\\/wp-content\\\/uploads\\\/2024\\\/06\\\/Applicazioni-Serrature-OMR.jpg\",\"datePublished\":\"2021-05-07T09:49:15+00:00\",\"dateModified\":\"2025-06-16T09:34:53+00:00\",\"description\":\"Aplicaciones in vendita sul sito http:\\\/\\\/omrserrature.it\\\/ Dal 1950 O.M.R. progetta e propone serrature e sistemi di chiusura di qualit\u00e0 made in Italy.\",\"breadcrumb\":{\"@id\":\"https:\\\/\\\/www.omrserrature.it\\\/es\\\/cerraduras-omr-aplicaciones\\\/#breadcrumb\"},\"inLanguage\":\"es\",\"potentialAction\":[{\"@type\":\"ReadAction\",\"target\":[\"https:\\\/\\\/www.omrserrature.it\\\/es\\\/cerraduras-omr-aplicaciones\\\/\"]}]},{\"@type\":\"ImageObject\",\"inLanguage\":\"es\",\"@id\":\"https:\\\/\\\/www.omrserrature.it\\\/es\\\/cerraduras-omr-aplicaciones\\\/#primaryimage\",\"url\":\"https:\\\/\\\/www.omrserrature.it\\\/wp-content\\\/uploads\\\/2024\\\/06\\\/Applicazioni-Serrature-OMR.jpg\",\"contentUrl\":\"https:\\\/\\\/www.omrserrature.it\\\/wp-content\\\/uploads\\\/2024\\\/06\\\/Applicazioni-Serrature-OMR.jpg\",\"width\":2000,\"height\":941,\"caption\":\"Applicazioni - Serrature OMR\"},{\"@type\":\"BreadcrumbList\",\"@id\":\"https:\\\/\\\/www.omrserrature.it\\\/es\\\/cerraduras-omr-aplicaciones\\\/#breadcrumb\",\"itemListElement\":[{\"@type\":\"ListItem\",\"position\":1,\"name\":\"Home\",\"item\":\"https:\\\/\\\/www.omrserrature.it\\\/es\\\/omr-cerradiras-y-sistemas-de-cierre\\\/\"},{\"@type\":\"ListItem\",\"position\":2,\"name\":\"Aplicaciones\"}]},{\"@type\":\"WebSite\",\"@id\":\"https:\\\/\\\/www.omrserrature.it\\\/es\\\/#website\",\"url\":\"https:\\\/\\\/www.omrserrature.it\\\/es\\\/\",\"name\":\"OMR Serrature | Produzione sistemi di chiusura\",\"description\":\"Produzione serrature di sicurezza e sistemi di chiusura\",\"publisher\":{\"@id\":\"https:\\\/\\\/www.omrserrature.it\\\/es\\\/#organization\"},\"potentialAction\":[{\"@type\":\"SearchAction\",\"target\":{\"@type\":\"EntryPoint\",\"urlTemplate\":\"https:\\\/\\\/www.omrserrature.it\\\/es\\\/?s={search_term_string}\"},\"query-input\":{\"@type\":\"PropertyValueSpecification\",\"valueRequired\":true,\"valueName\":\"search_term_string\"}}],\"inLanguage\":\"es\"},{\"@type\":\"Organization\",\"@id\":\"https:\\\/\\\/www.omrserrature.it\\\/es\\\/#organization\",\"name\":\"OMR Serrature | Produzione sistemi di chiusura\",\"url\":\"https:\\\/\\\/www.omrserrature.it\\\/es\\\/\",\"logo\":{\"@type\":\"ImageObject\",\"inLanguage\":\"es\",\"@id\":\"https:\\\/\\\/www.omrserrature.it\\\/es\\\/#\\\/schema\\\/logo\\\/image\\\/\",\"url\":\"https:\\\/\\\/www.omrserrature.it\\\/wp-content\\\/uploads\\\/2017\\\/09\\\/favicon-omr-114.png\",\"contentUrl\":\"https:\\\/\\\/www.omrserrature.it\\\/wp-content\\\/uploads\\\/2017\\\/09\\\/favicon-omr-114.png\",\"width\":114,\"height\":114,\"caption\":\"OMR Serrature | Produzione sistemi di chiusura\"},\"image\":{\"@id\":\"https:\\\/\\\/www.omrserrature.it\\\/es\\\/#\\\/schema\\\/logo\\\/image\\\/\"},\"sameAs\":[\"https:\\\/\\\/www.facebook.com\\\/OMRserrature\",\"https:\\\/\\\/www.linkedin.com\\\/company\\\/omrserrature\\\/\",\"https:\\\/\\\/www.youtube.com\\\/channel\\\/UCxmA85z2R0EpG_6IRokiAkg\"]}]}<\/script>\n<!-- \/ Yoast SEO plugin. -->","yoast_head_json":{"title":"Aplicaciones - OMR Serrature","description":"Aplicaciones in vendita sul sito http:\/\/omrserrature.it\/ Dal 1950 O.M.R. progetta e propone serrature e sistemi di chiusura di qualit\u00e0 made in Italy.","robots":{"index":"index","follow":"follow","max-snippet":"max-snippet:-1","max-image-preview":"max-image-preview:large","max-video-preview":"max-video-preview:-1"},"canonical":"https:\/\/www.omrserrature.it\/es\/cerraduras-omr-aplicaciones\/","og_locale":"es_ES","og_type":"article","og_title":"Aplicaciones - OMR Serrature","og_description":"Aplicaciones in vendita sul sito http:\/\/omrserrature.it\/ Dal 1950 O.M.R. progetta e propone serrature e sistemi di chiusura di qualit\u00e0 made in Italy.","og_url":"https:\/\/www.omrserrature.it\/es\/cerraduras-omr-aplicaciones\/","og_site_name":"OMR Serrature | Produzione sistemi di chiusura","article_publisher":"https:\/\/www.facebook.com\/OMRserrature","article_modified_time":"2025-06-16T09:34:53+00:00","og_image":[{"width":2000,"height":941,"url":"https:\/\/www.omrserrature.it\/wp-content\/uploads\/2024\/06\/Applicazioni-Serrature-OMR.jpg","type":"image\/jpeg"}],"twitter_card":"summary_large_image","twitter_misc":{"Tiempo de lectura":"4 minutos"},"schema":{"@context":"https:\/\/schema.org","@graph":[{"@type":"WebPage","@id":"https:\/\/www.omrserrature.it\/es\/cerraduras-omr-aplicaciones\/","url":"https:\/\/www.omrserrature.it\/es\/cerraduras-omr-aplicaciones\/","name":"Aplicaciones - OMR Serrature","isPartOf":{"@id":"https:\/\/www.omrserrature.it\/es\/#website"},"primaryImageOfPage":{"@id":"https:\/\/www.omrserrature.it\/es\/cerraduras-omr-aplicaciones\/#primaryimage"},"image":{"@id":"https:\/\/www.omrserrature.it\/es\/cerraduras-omr-aplicaciones\/#primaryimage"},"thumbnailUrl":"https:\/\/www.omrserrature.it\/wp-content\/uploads\/2024\/06\/Applicazioni-Serrature-OMR.jpg","datePublished":"2021-05-07T09:49:15+00:00","dateModified":"2025-06-16T09:34:53+00:00","description":"Aplicaciones in vendita sul sito http:\/\/omrserrature.it\/ Dal 1950 O.M.R. progetta e propone serrature e sistemi di chiusura di qualit\u00e0 made in Italy.","breadcrumb":{"@id":"https:\/\/www.omrserrature.it\/es\/cerraduras-omr-aplicaciones\/#breadcrumb"},"inLanguage":"es","potentialAction":[{"@type":"ReadAction","target":["https:\/\/www.omrserrature.it\/es\/cerraduras-omr-aplicaciones\/"]}]},{"@type":"ImageObject","inLanguage":"es","@id":"https:\/\/www.omrserrature.it\/es\/cerraduras-omr-aplicaciones\/#primaryimage","url":"https:\/\/www.omrserrature.it\/wp-content\/uploads\/2024\/06\/Applicazioni-Serrature-OMR.jpg","contentUrl":"https:\/\/www.omrserrature.it\/wp-content\/uploads\/2024\/06\/Applicazioni-Serrature-OMR.jpg","width":2000,"height":941,"caption":"Applicazioni - Serrature OMR"},{"@type":"BreadcrumbList","@id":"https:\/\/www.omrserrature.it\/es\/cerraduras-omr-aplicaciones\/#breadcrumb","itemListElement":[{"@type":"ListItem","position":1,"name":"Home","item":"https:\/\/www.omrserrature.it\/es\/omr-cerradiras-y-sistemas-de-cierre\/"},{"@type":"ListItem","position":2,"name":"Aplicaciones"}]},{"@type":"WebSite","@id":"https:\/\/www.omrserrature.it\/es\/#website","url":"https:\/\/www.omrserrature.it\/es\/","name":"OMR Serrature | Produzione sistemi di chiusura","description":"Produzione serrature di sicurezza e sistemi di chiusura","publisher":{"@id":"https:\/\/www.omrserrature.it\/es\/#organization"},"potentialAction":[{"@type":"SearchAction","target":{"@type":"EntryPoint","urlTemplate":"https:\/\/www.omrserrature.it\/es\/?s={search_term_string}"},"query-input":{"@type":"PropertyValueSpecification","valueRequired":true,"valueName":"search_term_string"}}],"inLanguage":"es"},{"@type":"Organization","@id":"https:\/\/www.omrserrature.it\/es\/#organization","name":"OMR Serrature | Produzione sistemi di chiusura","url":"https:\/\/www.omrserrature.it\/es\/","logo":{"@type":"ImageObject","inLanguage":"es","@id":"https:\/\/www.omrserrature.it\/es\/#\/schema\/logo\/image\/","url":"https:\/\/www.omrserrature.it\/wp-content\/uploads\/2017\/09\/favicon-omr-114.png","contentUrl":"https:\/\/www.omrserrature.it\/wp-content\/uploads\/2017\/09\/favicon-omr-114.png","width":114,"height":114,"caption":"OMR Serrature | Produzione sistemi di chiusura"},"image":{"@id":"https:\/\/www.omrserrature.it\/es\/#\/schema\/logo\/image\/"},"sameAs":["https:\/\/www.facebook.com\/OMRserrature","https:\/\/www.linkedin.com\/company\/omrserrature\/","https:\/\/www.youtube.com\/channel\/UCxmA85z2R0EpG_6IRokiAkg"]}]}},"_links":{"self":[{"href":"https:\/\/www.omrserrature.it\/es\/wp-json\/wp\/v2\/pages\/249622","targetHints":{"allow":["GET"]}}],"collection":[{"href":"https:\/\/www.omrserrature.it\/es\/wp-json\/wp\/v2\/pages"}],"about":[{"href":"https:\/\/www.omrserrature.it\/es\/wp-json\/wp\/v2\/types\/page"}],"author":[{"embeddable":true,"href":"https:\/\/www.omrserrature.it\/es\/wp-json\/wp\/v2\/users\/14"}],"replies":[{"embeddable":true,"href":"https:\/\/www.omrserrature.it\/es\/wp-json\/wp\/v2\/comments?post=249622"}],"version-history":[{"count":14,"href":"https:\/\/www.omrserrature.it\/es\/wp-json\/wp\/v2\/pages\/249622\/revisions"}],"predecessor-version":[{"id":252182,"href":"https:\/\/www.omrserrature.it\/es\/wp-json\/wp\/v2\/pages\/249622\/revisions\/252182"}],"wp:featuredmedia":[{"embeddable":true,"href":"https:\/\/www.omrserrature.it\/es\/wp-json\/wp\/v2\/media\/30993"}],"wp:attachment":[{"href":"https:\/\/www.omrserrature.it\/es\/wp-json\/wp\/v2\/media?parent=249622"}],"curies":[{"name":"wp","href":"https:\/\/api.w.org\/{rel}","templated":true}]}}