{"id":246252,"date":"2020-05-23T15:19:46","date_gmt":"2020-05-23T13:19:46","guid":{"rendered":"https:\/\/www.staging6.omrserrature.it\/sectores-y-entornos\/sistemas-de-cierre-para-empresas-de-tratamiento-de-agua-aire-o-gas\/"},"modified":"2026-04-08T11:02:40","modified_gmt":"2026-04-08T09:02:40","slug":"sistemas-de-cierre-para-empresas-de-tratamiento-de-agua-aire-o-gas","status":"publish","type":"page","link":"https:\/\/www.omrserrature.it\/es\/sectores-y-entornos\/sistemas-de-cierre-para-empresas-de-tratamiento-de-agua-aire-o-gas\/","title":{"rendered":"Sistemas de cierre para empresas de tratamiento de agua, aire o gas"},"content":{"rendered":"<p>[et_pb_section fb_built=\u00bb1&#8243; custom_padding_last_edited=\u00bbon|tablet\u00bb next_background_color=\u00bb#f2f2f2&#8243; admin_label=\u00bbHeader\u00bb _builder_version=\u00bb4.26.0&#8243; background_color=\u00bb#eaeaf1&#8243; use_background_color_gradient=\u00bbon\u00bb background_color_gradient_direction=\u00bb-67deg\u00bb background_color_gradient_stops=\u00bb#eaeaf1 47%|#ffffff 47%\u00bb background_color_gradient_start=\u00bb#eaeaf1&#8243; background_color_gradient_start_position=\u00bb47%\u00bb background_color_gradient_end=\u00bb#ffffff\u00bb background_color_gradient_end_position=\u00bb0%\u00bb background_position=\u00bbtop_left\u00bb custom_padding=\u00bb0|0px|3vw|0px|false|false\u00bb custom_padding_tablet=\u00bb||0px\u00bb custom_padding_phone=\u00bb\u00bb bottom_divider_style=\u00bbslant\u00bb bottom_divider_height=\u00bb30vw\u00bb bottom_divider_flip=\u00bbhorizontal\u00bb locked=\u00bboff\u00bb global_colors_info=\u00bb{}\u00bb][et_pb_row column_structure=\u00bb2_5,3_5&#8243; _builder_version=\u00bb4.16&#8243; width=\u00bb90%\u00bb max_width=\u00bb1800px\u00bb module_alignment=\u00bbright\u00bb custom_padding=\u00bb0px||0||false|false\u00bb use_custom_width=\u00bbon\u00bb width_unit=\u00bboff\u00bb custom_width_percent=\u00bb90%\u00bb global_colors_info=\u00bb{}\u00bb][et_pb_column type=\u00bb2_5&#8243; _builder_version=\u00bb4.16&#8243; custom_padding=\u00bb|50px||\u00bb global_colors_info=\u00bb{}\u00bb custom_padding__hover=\u00bb|||\u00bb][et_pb_divider divider_weight=\u00bb80px\u00bb _builder_version=\u00bb4.25.1&#8243; transform_skew=\u00bb-22deg|0deg\u00bb transform_skew_linked=\u00bboff\u00bb height=\u00bb80px\u00bb custom_margin=\u00bb||60px|-20vw\u00bb custom_margin_tablet=\u00bb||30px\u00bb custom_margin_phone=\u00bb\u00bb custom_margin_last_edited=\u00bbon|tablet\u00bb locked=\u00bboff\u00bb global_colors_info=\u00bb{}\u00bb][\/et_pb_divider][et_pb_text _builder_version=\u00bb4.27.5&#8243; _dynamic_attributes=\u00bbcontent\u00bb text_font=\u00bbKhand|600|on|on|||||\u00bb text_text_color=\u00bbgcid-primary-color\u00bb text_font_size=\u00bb5vw\u00bb text_line_height=\u00bb5vw\u00bb header_font=\u00bbKhand|700|||||||\u00bb header_font_size=\u00bb5vw\u00bb header_line_height=\u00bb5vw\u00bb transform_skew_linked=\u00bboff\u00bb custom_margin=\u00bb||0px|||\u00bb text_font_size_tablet=\u00bb5vw\u00bb text_font_size_phone=\u00bb9vw\u00bb text_font_size_last_edited=\u00bbon|desktop\u00bb text_line_height_tablet=\u00bb5vw\u00bb text_line_height_phone=\u00bb9vw\u00bb text_line_height_last_edited=\u00bbon|desktop\u00bb header_font_size_tablet=\u00bb\u00bb header_font_size_phone=\u00bb9vw\u00bb header_font_size_last_edited=\u00bbon|phone\u00bb header_line_height_tablet=\u00bb5vw\u00bb header_line_height_phone=\u00bb9vw\u00bb header_line_height_last_edited=\u00bbon|phone\u00bb global_colors_info=\u00bb{%22gcid-primary-color%22:%91%22text_text_color%22,%22text_text_color%22%93}\u00bb locked=\u00bboff\u00bb]@ET-DC@eyJkeW5hbWljIjp0cnVlLCJjb250ZW50IjoicG9zdF90aXRsZSIsInNldHRpbmdzIjp7ImJlZm9yZSI6IjxoMT4iLCJhZnRlciI6IjxcL2gxPiJ9fQ==@[\/et_pb_text][et_pb_divider color=\u00bb#0fb7ff\u00bb divider_style=\u00bbdouble\u00bb divider_weight=\u00bb10px\u00bb _builder_version=\u00bb4.25.1&#8243; transform_skew=\u00bb-20deg|0deg\u00bb max_width=\u00bb100px\u00bb height=\u00bb10px\u00bb locked=\u00bboff\u00bb global_colors_info=\u00bb{}\u00bb][\/et_pb_divider][et_pb_text _builder_version=\u00bb4.25.1&#8243; text_font=\u00bbAldrich|300||on|||||\u00bb text_font_size=\u00bb24px\u00bb text_line_height=\u00bb2em\u00bb text_font_size_tablet=\u00bb\u00bb text_font_size_phone=\u00bb16px\u00bb text_font_size_last_edited=\u00bbon|phone\u00bb global_colors_info=\u00bb{}\u00bb]<\/p>\n<p>Aut\u00e9ntico Made in Italy desde 1958<\/p>\n<p>[\/et_pb_text][et_pb_button button_url=\u00bbmailto:commerciale@omrserrature.it\u00bb url_new_window=\u00bbon\u00bb button_text=\u00bbcontacta con un asesor\u00bb disabled_on=\u00bbon|off|off\u00bb _builder_version=\u00bb4.25.1&#8243; _module_preset=\u00bbdefault\u00bb locked=\u00bboff\u00bb global_colors_info=\u00bb{}\u00bb][\/et_pb_button][et_pb_button button_url=\u00bbhttps:\/\/wa.me\/393515920442&#8243; url_new_window=\u00bbon\u00bb button_text=\u00bbhabla con un asesor\u00bb disabled_on=\u00bboff|off|on\u00bb _builder_version=\u00bb4.25.1&#8243; _module_preset=\u00bbdefault\u00bb locked=\u00bboff\u00bb global_colors_info=\u00bb{}\u00bb width=\u00bb85%\u00bb][\/et_pb_button][\/et_pb_column][et_pb_column type=\u00bb3_5&#8243; _builder_version=\u00bb4.16&#8243; custom_padding=\u00bb|||\u00bb global_colors_info=\u00bb{}\u00bb custom_padding__hover=\u00bb|||\u00bb][et_pb_image src=\u00bbhttps:\/\/www.omrserrature.it\/wp-content\/uploads\/2023\/05\/mechanic-59.png\u00bb alt=\u00bbcerradura\u00bb title_text=\u00bbcerradura\u00bb align=\u00bbright\u00bb force_fullwidth=\u00bbon\u00bb _builder_version=\u00bb4.25.1&#8243; _dynamic_attributes=\u00bbbackground_image\u00bb background_image=\u00bb@ET-DC@eyJkeW5hbWljIjp0cnVlLCJjb250ZW50IjoicG9zdF9mZWF0dXJlZF9pbWFnZSIsInNldHRpbmdzIjp7fX0=@\u00bb parallax=\u00bbon\u00bb width_tablet=\u00bb70%\u00bb width_phone=\u00bb\u00bb width_last_edited=\u00bbon|tablet\u00bb custom_padding=\u00bb|||\u00bb always_center_on_mobile=\u00bboff\u00bb global_colors_info=\u00bb{}\u00bb][\/et_pb_image][et_pb_image src=\u00bbhttps:\/\/www.omrserrature.it\/wp-content\/uploads\/2023\/05\/mechanic-57-1.png\u00bb align=\u00bbright\u00bb _builder_version=\u00bb4.25.1&#8243; width=\u00bb60%\u00bb module_alignment=\u00bbright\u00bb custom_margin=\u00bb-70%|||109px||\u00bb always_center_on_mobile=\u00bboff\u00bb global_colors_info=\u00bb{}\u00bb][\/et_pb_image][et_pb_divider divider_weight=\u00bb4px\u00bb admin_label=\u00bbDivider\u00bb _builder_version=\u00bb4.25.1&#8243; transform_scale_tablet=\u00bb\u00bb transform_scale_phone=\u00bb\u00bb transform_scale_last_edited=\u00bbon|desktop\u00bb transform_translate=\u00bb-20%|-32vw\u00bb transform_translate_tablet=\u00bb-20px|-50vw\u00bb transform_translate_phone=\u00bb\u00bb transform_translate_last_edited=\u00bbon|phone\u00bb transform_translate_linked=\u00bboff\u00bb transform_rotate=\u00bb0deg|0deg|-68deg\u00bb transform_rotate_tablet=\u00bb\u00bb transform_rotate_phone=\u00bb\u00bb transform_rotate_last_edited=\u00bbon|desktop\u00bb transform_skew_tablet=\u00bb\u00bb transform_skew_phone=\u00bb\u00bb transform_skew_last_edited=\u00bbon|desktop\u00bb transform_origin_tablet=\u00bb\u00bb transform_origin_phone=\u00bb\u00bb transform_origin_last_edited=\u00bbon|desktop\u00bb transform_styles_last_edited=\u00bbon|phone\u00bb width=\u00bb20vw\u00bb module_alignment=\u00bbleft\u00bb height=\u00bb0px\u00bb custom_margin=\u00bb||0px\u00bb transform_styles_tablet=\u00bb\u00bb transform_styles_phone=\u00bb\u00bb locked=\u00bboff\u00bb global_colors_info=\u00bb{%22gcid-secondary-color%22:%91%22color%22%93}\u00bb][\/et_pb_divider][\/et_pb_column][\/et_pb_row][et_pb_row column_structure=\u00bb1_2,1_2&#8243; _builder_version=\u00bb4.16&#8243; width=\u00bb85%\u00bb max_width=\u00bb1360px\u00bb global_colors_info=\u00bb{}\u00bb][et_pb_column type=\u00bb1_2&#8243; _builder_version=\u00bb4.16&#8243; custom_padding=\u00bb|||\u00bb global_colors_info=\u00bb{}\u00bb custom_padding__hover=\u00bb|||\u00bb][et_pb_text _builder_version=\u00bb4.27.5&#8243; text_font=\u00bbKhand|700||on|||||\u00bb text_text_color=\u00bbgcid-a632adad-3103-4926-82c7-842ce4bea99a\u00bb text_font_size=\u00bb5vw\u00bb text_line_height=\u00bb5vw\u00bb header_2_font=\u00bbKhand|700|on|on|||||\u00bb header_2_text_color=\u00bbrgba(0,0,0,0.2)\u00bb header_2_font_size=\u00bb6vw\u00bb transform_skew_linked=\u00bboff\u00bb custom_margin=\u00bb3%||||false|false\u00bb custom_margin_tablet=\u00bb0px|||\u00bb custom_margin_phone=\u00bb\u00bb custom_margin_last_edited=\u00bbon|tablet\u00bb hover_enabled=\u00bb0&#8243; text_font_size_tablet=\u00bb5vw\u00bb text_font_size_phone=\u00bb10vw\u00bb text_font_size_last_edited=\u00bbon|phone\u00bb text_line_height_tablet=\u00bb5vw\u00bb text_line_height_phone=\u00bb10vw\u00bb text_line_height_last_edited=\u00bbon|phone\u00bb header_2_font_size_tablet=\u00bb80px\u00bb header_2_font_size_phone=\u00bb40px\u00bb header_2_font_size_last_edited=\u00bbon|phone\u00bb global_colors_info=\u00bb{%22gcid-a632adad-3103-4926-82c7-842ce4bea99a%22:%91%22text_text_color%22%93}\u00bb locked=\u00bboff\u00bb sticky_enabled=\u00bb0&#8243;]<\/p>\n<p><em>ACUEDUCTOS, CENTRALES HIDROEL\u00c9CTRICAS, PROVEEDORES DE ELECTRICIDAD Y GAS<\/em><\/p>\n<p>[\/et_pb_text][et_pb_divider divider_style=\u00bbdouble\u00bb divider_weight=\u00bb10px\u00bb _builder_version=\u00bb4.25.1&#8243; transform_skew=\u00bb-20deg|0deg\u00bb max_width=\u00bb100px\u00bb height=\u00bb10px\u00bb locked=\u00bboff\u00bb global_colors_info=\u00bb{%22gcid-secondary-color%22:%91%22color%22%93}\u00bb][\/et_pb_divider][\/et_pb_column][et_pb_column type=\u00bb1_2&#8243; _builder_version=\u00bb4.16&#8243; custom_padding=\u00bb|||\u00bb global_colors_info=\u00bb{}\u00bb custom_padding__hover=\u00bb|||\u00bb][et_pb_text _builder_version=\u00bb4.27.5&#8243; text_font=\u00bb||||||||\u00bb text_line_height=\u00bb2em\u00bb text_orientation=\u00bbright\u00bb max_width=\u00bb480px\u00bb module_alignment=\u00bbright\u00bb hover_enabled=\u00bb0&#8243; global_colors_info=\u00bb{}\u00bb text_orientation_last_edited=\u00bbon|desktop\u00bb text_orientation_phone=\u00bbleft\u00bb sticky_enabled=\u00bb0&#8243; text_orientation_tablet=\u00bbright\u00bb]<\/p>\n<p>Necesitan la protecci\u00f3n de una cerradura OMR los cl\u00e1sicos<strong>contadores de agua o gas dom\u00e9sticos<\/strong><span> <\/span><strong>, pero sobre todo<span> <\/span><strong>las v\u00e1lvulas que regulan el suministro de l\u00edquidos y gases industriales.<\/strong><\/strong><\/p>\n<p>Sin entrar demasiado en los aspectos t\u00e9cnicos, est\u00e1 claro que la dispensaci\u00f3n de gases o l\u00edquidos peligrosos s\u00f3lo debe ser manejada por profesionales cualificados:<strong><span> <\/span>el riesgo de da\u00f1ar el equipo o causar da\u00f1os a la salud<\/strong><span> <\/span>de otras personas es muy real.<\/p>\n<section id=\"descrzioneAmbTop\" class=\"sezione-padre floatLeft paddingLeftRight\">Las<strong>cerraduras<span> <\/span>para contadores o grifos de aire, gas, agua u otros l\u00edquidos<\/strong><span> <\/span>deben garantizar a<span> <\/span><strong>seguridad, comodidad y confort<\/strong><span> <\/span>en su uso, y adaptarse lo mejor posible a unas zonas de instalaci\u00f3n que suelen ser de todo menos grandes.<\/section>\n<p>&nbsp;<\/p>\n<p>[\/et_pb_text][\/et_pb_column][\/et_pb_row][et_pb_row _builder_version=\u00bb4.26.0&#8243; global_colors_info=\u00bb{}\u00bb width=\u00bb85%\u00bb max_width=\u00bb1360px\u00bb][et_pb_column type=\u00bb4_4&#8243; _builder_version=\u00bb4.16&#8243; custom_padding=\u00bb|||\u00bb global_colors_info=\u00bb{}\u00bb custom_padding__hover=\u00bb|||\u00bb][dipl_woo_products products_number=\u00bb12&#8243; include_categories=\u00bb1455&#8243; number_of_columns=\u00bb6&#8243; show_price=\u00bboff\u00bb show_add_to_cart=\u00bboff\u00bb show_sale_badge=\u00bboff\u00bb show_pagination=\u00bbon\u00bb show_prev_next=\u00bbon\u00bb next_text=\u00bbSuccessivo\u00bb prev_text=\u00bbPrecedente\u00bb pagination_link_color=\u00bbgcid-body-color\u00bb active_pagination_link_background_color=\u00bbgcid-primary-color\u00bb _builder_version=\u00bb4.27.5&#8243; _module_preset=\u00bbdefault\u00bb title_text_color=\u00bbgcid-primary-color\u00bb quickview_title_font=\u00bbKhand|||on|||||\u00bb hover_enabled=\u00bb0&#8243; border_color_all_product_image=\u00bbgcid-primary-color\u00bb global_colors_info=\u00bb{%22gcid-primary-color%22:%91%22title_text_color%22,%22border_color_all_product_image%22,%22active_pagination_link_background_color%22%93,%22gcid-body-color%22:%91%22pagination_link_color%22%93}\u00bb sticky_enabled=\u00bb0&#8243; number_of_columns_last_edited=\u00bbon|phone\u00bb number_of_columns_phone=\u00bb2&#8243; title_text_align=\u00bbleft\u00bb title_font_size=\u00bb14px\u00bb number_of_columns_tablet=\u00bb6&#8243;][\/dipl_woo_products][\/et_pb_column][\/et_pb_row][\/et_pb_section]<\/p>\n","protected":false},"excerpt":{"rendered":"<p>Aut\u00e9ntico Made in Italy desde 1958ACUEDUCTOS, CENTRALES HIDROEL\u00c9CTRICAS, PROVEEDORES DE ELECTRICIDAD Y GASNecesitan la protecci\u00f3n de una cerradura OMR los cl\u00e1sicoscontadores de agua o gas dom\u00e9sticos , pero sobre todo las v\u00e1lvulas que regulan el suministro de l\u00edquidos y gases industriales. Sin entrar demasiado en los aspectos t\u00e9cnicos, est\u00e1 claro que la dispensaci\u00f3n de gases [&hellip;]<\/p>\n","protected":false},"author":14,"featured_media":14629,"parent":246016,"menu_order":0,"comment_status":"closed","ping_status":"closed","template":"","meta":{"_acf_changed":false,"_et_pb_use_builder":"on","_et_pb_old_content":"","_et_gb_content_width":"","footnotes":""},"class_list":["post-246252","page","type-page","status-publish","has-post-thumbnail","hentry"],"acf":[],"yoast_head":"<!-- This site is optimized with the Yoast SEO plugin v27.5 - https:\/\/yoast.com\/product\/yoast-seo-wordpress\/ -->\n<title>Plantas y contadores de tratamiento de agua, aire y gas - Cerraduras OMR<\/title>\n<meta name=\"description\" content=\"Cerraduras para plantas de tratamiento de agua, aire y gas y contadores a la venta en http:\/\/omrserrature.it\/ O.M.R. dise\u00f1a y ofrece desde 1950 cerraduras y sistemas de cierre de calidad fabricados en Italia.\" \/>\n<meta name=\"robots\" content=\"index, follow, max-snippet:-1, max-image-preview:large, max-video-preview:-1\" \/>\n<link rel=\"canonical\" href=\"https:\/\/www.omrserrature.it\/es\/sectores-y-entornos\/sistemas-de-cierre-para-empresas-de-tratamiento-de-agua-aire-o-gas\/\" \/>\n<meta property=\"og:locale\" content=\"es_ES\" \/>\n<meta property=\"og:type\" content=\"article\" \/>\n<meta property=\"og:title\" content=\"Plantas y contadores de tratamiento de agua, aire y gas - Cerraduras OMR\" \/>\n<meta property=\"og:description\" content=\"Cerraduras para plantas de tratamiento de agua, aire y gas y contadores a la venta en http:\/\/omrserrature.it\/ O.M.R. dise\u00f1a y ofrece desde 1950 cerraduras y sistemas de cierre de calidad fabricados en Italia.\" \/>\n<meta property=\"og:url\" content=\"https:\/\/www.omrserrature.it\/es\/sectores-y-entornos\/sistemas-de-cierre-para-empresas-de-tratamiento-de-agua-aire-o-gas\/\" \/>\n<meta property=\"og:site_name\" content=\"OMR Serrature | Produzione sistemi di chiusura\" \/>\n<meta property=\"article:publisher\" content=\"https:\/\/www.facebook.com\/OMRserrature\" \/>\n<meta property=\"article:modified_time\" content=\"2026-04-08T09:02:40+00:00\" \/>\n<meta property=\"og:image\" content=\"https:\/\/www.omrserrature.it\/wp-content\/uploads\/2020\/06\/OMR_Serrature-Settori-Aziende-acqua-aria-gas.jpg\" \/>\n\t<meta property=\"og:image:width\" content=\"1920\" \/>\n\t<meta property=\"og:image:height\" content=\"1080\" \/>\n\t<meta property=\"og:image:type\" content=\"image\/jpeg\" \/>\n<meta name=\"twitter:card\" content=\"summary_large_image\" \/>\n<meta name=\"twitter:label1\" content=\"Tiempo de lectura\" \/>\n\t<meta name=\"twitter:data1\" content=\"6 minutos\" \/>\n<script type=\"application\/ld+json\" class=\"yoast-schema-graph\">{\"@context\":\"https:\\\/\\\/schema.org\",\"@graph\":[{\"@type\":\"WebPage\",\"@id\":\"https:\\\/\\\/www.omrserrature.it\\\/es\\\/sectores-y-entornos\\\/sistemas-de-cierre-para-empresas-de-tratamiento-de-agua-aire-o-gas\\\/\",\"url\":\"https:\\\/\\\/www.omrserrature.it\\\/es\\\/sectores-y-entornos\\\/sistemas-de-cierre-para-empresas-de-tratamiento-de-agua-aire-o-gas\\\/\",\"name\":\"Plantas y contadores de tratamiento de agua, aire y gas - Cerraduras OMR\",\"isPartOf\":{\"@id\":\"https:\\\/\\\/www.omrserrature.it\\\/es\\\/#website\"},\"primaryImageOfPage\":{\"@id\":\"https:\\\/\\\/www.omrserrature.it\\\/es\\\/sectores-y-entornos\\\/sistemas-de-cierre-para-empresas-de-tratamiento-de-agua-aire-o-gas\\\/#primaryimage\"},\"image\":{\"@id\":\"https:\\\/\\\/www.omrserrature.it\\\/es\\\/sectores-y-entornos\\\/sistemas-de-cierre-para-empresas-de-tratamiento-de-agua-aire-o-gas\\\/#primaryimage\"},\"thumbnailUrl\":\"https:\\\/\\\/www.omrserrature.it\\\/wp-content\\\/uploads\\\/2020\\\/06\\\/OMR_Serrature-Settori-Aziende-acqua-aria-gas.jpg\",\"datePublished\":\"2020-05-23T13:19:46+00:00\",\"dateModified\":\"2026-04-08T09:02:40+00:00\",\"description\":\"Cerraduras para plantas de tratamiento de agua, aire y gas y contadores a la venta en http:\\\/\\\/omrserrature.it\\\/ O.M.R. dise\u00f1a y ofrece desde 1950 cerraduras y sistemas de cierre de calidad fabricados en Italia.\",\"breadcrumb\":{\"@id\":\"https:\\\/\\\/www.omrserrature.it\\\/es\\\/sectores-y-entornos\\\/sistemas-de-cierre-para-empresas-de-tratamiento-de-agua-aire-o-gas\\\/#breadcrumb\"},\"inLanguage\":\"es\",\"potentialAction\":[{\"@type\":\"ReadAction\",\"target\":[\"https:\\\/\\\/www.omrserrature.it\\\/es\\\/sectores-y-entornos\\\/sistemas-de-cierre-para-empresas-de-tratamiento-de-agua-aire-o-gas\\\/\"]}]},{\"@type\":\"ImageObject\",\"inLanguage\":\"es\",\"@id\":\"https:\\\/\\\/www.omrserrature.it\\\/es\\\/sectores-y-entornos\\\/sistemas-de-cierre-para-empresas-de-tratamiento-de-agua-aire-o-gas\\\/#primaryimage\",\"url\":\"https:\\\/\\\/www.omrserrature.it\\\/wp-content\\\/uploads\\\/2020\\\/06\\\/OMR_Serrature-Settori-Aziende-acqua-aria-gas.jpg\",\"contentUrl\":\"https:\\\/\\\/www.omrserrature.it\\\/wp-content\\\/uploads\\\/2020\\\/06\\\/OMR_Serrature-Settori-Aziende-acqua-aria-gas.jpg\",\"width\":1920,\"height\":1080},{\"@type\":\"BreadcrumbList\",\"@id\":\"https:\\\/\\\/www.omrserrature.it\\\/es\\\/sectores-y-entornos\\\/sistemas-de-cierre-para-empresas-de-tratamiento-de-agua-aire-o-gas\\\/#breadcrumb\",\"itemListElement\":[{\"@type\":\"ListItem\",\"position\":1,\"name\":\"Home\",\"item\":\"https:\\\/\\\/www.omrserrature.it\\\/es\\\/omr-cerradiras-y-sistemas-de-cierre\\\/\"},{\"@type\":\"ListItem\",\"position\":2,\"name\":\"Sectores y entornos\",\"item\":\"https:\\\/\\\/www.omrserrature.it\\\/es\\\/sectores-y-entornos\\\/?lang=es\"},{\"@type\":\"ListItem\",\"position\":3,\"name\":\"Sistemas de cierre para empresas de tratamiento de agua, aire o gas\"}]},{\"@type\":\"WebSite\",\"@id\":\"https:\\\/\\\/www.omrserrature.it\\\/es\\\/#website\",\"url\":\"https:\\\/\\\/www.omrserrature.it\\\/es\\\/\",\"name\":\"OMR Serrature | Produzione sistemi di chiusura\",\"description\":\"Produzione serrature di sicurezza e sistemi di chiusura\",\"publisher\":{\"@id\":\"https:\\\/\\\/www.omrserrature.it\\\/es\\\/#organization\"},\"potentialAction\":[{\"@type\":\"SearchAction\",\"target\":{\"@type\":\"EntryPoint\",\"urlTemplate\":\"https:\\\/\\\/www.omrserrature.it\\\/es\\\/?s={search_term_string}\"},\"query-input\":{\"@type\":\"PropertyValueSpecification\",\"valueRequired\":true,\"valueName\":\"search_term_string\"}}],\"inLanguage\":\"es\"},{\"@type\":\"Organization\",\"@id\":\"https:\\\/\\\/www.omrserrature.it\\\/es\\\/#organization\",\"name\":\"OMR Serrature | Produzione sistemi di chiusura\",\"url\":\"https:\\\/\\\/www.omrserrature.it\\\/es\\\/\",\"logo\":{\"@type\":\"ImageObject\",\"inLanguage\":\"es\",\"@id\":\"https:\\\/\\\/www.omrserrature.it\\\/es\\\/#\\\/schema\\\/logo\\\/image\\\/\",\"url\":\"https:\\\/\\\/www.omrserrature.it\\\/wp-content\\\/uploads\\\/2017\\\/09\\\/favicon-omr-114.png\",\"contentUrl\":\"https:\\\/\\\/www.omrserrature.it\\\/wp-content\\\/uploads\\\/2017\\\/09\\\/favicon-omr-114.png\",\"width\":114,\"height\":114,\"caption\":\"OMR Serrature | Produzione sistemi di chiusura\"},\"image\":{\"@id\":\"https:\\\/\\\/www.omrserrature.it\\\/es\\\/#\\\/schema\\\/logo\\\/image\\\/\"},\"sameAs\":[\"https:\\\/\\\/www.facebook.com\\\/OMRserrature\",\"https:\\\/\\\/www.linkedin.com\\\/company\\\/omrserrature\\\/\",\"https:\\\/\\\/www.youtube.com\\\/channel\\\/UCxmA85z2R0EpG_6IRokiAkg\"]}]}<\/script>\n<!-- \/ Yoast SEO plugin. -->","yoast_head_json":{"title":"Plantas y contadores de tratamiento de agua, aire y gas - Cerraduras OMR","description":"Cerraduras para plantas de tratamiento de agua, aire y gas y contadores a la venta en http:\/\/omrserrature.it\/ O.M.R. dise\u00f1a y ofrece desde 1950 cerraduras y sistemas de cierre de calidad fabricados en Italia.","robots":{"index":"index","follow":"follow","max-snippet":"max-snippet:-1","max-image-preview":"max-image-preview:large","max-video-preview":"max-video-preview:-1"},"canonical":"https:\/\/www.omrserrature.it\/es\/sectores-y-entornos\/sistemas-de-cierre-para-empresas-de-tratamiento-de-agua-aire-o-gas\/","og_locale":"es_ES","og_type":"article","og_title":"Plantas y contadores de tratamiento de agua, aire y gas - Cerraduras OMR","og_description":"Cerraduras para plantas de tratamiento de agua, aire y gas y contadores a la venta en http:\/\/omrserrature.it\/ O.M.R. dise\u00f1a y ofrece desde 1950 cerraduras y sistemas de cierre de calidad fabricados en Italia.","og_url":"https:\/\/www.omrserrature.it\/es\/sectores-y-entornos\/sistemas-de-cierre-para-empresas-de-tratamiento-de-agua-aire-o-gas\/","og_site_name":"OMR Serrature | Produzione sistemi di chiusura","article_publisher":"https:\/\/www.facebook.com\/OMRserrature","article_modified_time":"2026-04-08T09:02:40+00:00","og_image":[{"width":1920,"height":1080,"url":"https:\/\/www.omrserrature.it\/wp-content\/uploads\/2020\/06\/OMR_Serrature-Settori-Aziende-acqua-aria-gas.jpg","type":"image\/jpeg"}],"twitter_card":"summary_large_image","twitter_misc":{"Tiempo de lectura":"6 minutos"},"schema":{"@context":"https:\/\/schema.org","@graph":[{"@type":"WebPage","@id":"https:\/\/www.omrserrature.it\/es\/sectores-y-entornos\/sistemas-de-cierre-para-empresas-de-tratamiento-de-agua-aire-o-gas\/","url":"https:\/\/www.omrserrature.it\/es\/sectores-y-entornos\/sistemas-de-cierre-para-empresas-de-tratamiento-de-agua-aire-o-gas\/","name":"Plantas y contadores de tratamiento de agua, aire y gas - Cerraduras OMR","isPartOf":{"@id":"https:\/\/www.omrserrature.it\/es\/#website"},"primaryImageOfPage":{"@id":"https:\/\/www.omrserrature.it\/es\/sectores-y-entornos\/sistemas-de-cierre-para-empresas-de-tratamiento-de-agua-aire-o-gas\/#primaryimage"},"image":{"@id":"https:\/\/www.omrserrature.it\/es\/sectores-y-entornos\/sistemas-de-cierre-para-empresas-de-tratamiento-de-agua-aire-o-gas\/#primaryimage"},"thumbnailUrl":"https:\/\/www.omrserrature.it\/wp-content\/uploads\/2020\/06\/OMR_Serrature-Settori-Aziende-acqua-aria-gas.jpg","datePublished":"2020-05-23T13:19:46+00:00","dateModified":"2026-04-08T09:02:40+00:00","description":"Cerraduras para plantas de tratamiento de agua, aire y gas y contadores a la venta en http:\/\/omrserrature.it\/ O.M.R. dise\u00f1a y ofrece desde 1950 cerraduras y sistemas de cierre de calidad fabricados en Italia.","breadcrumb":{"@id":"https:\/\/www.omrserrature.it\/es\/sectores-y-entornos\/sistemas-de-cierre-para-empresas-de-tratamiento-de-agua-aire-o-gas\/#breadcrumb"},"inLanguage":"es","potentialAction":[{"@type":"ReadAction","target":["https:\/\/www.omrserrature.it\/es\/sectores-y-entornos\/sistemas-de-cierre-para-empresas-de-tratamiento-de-agua-aire-o-gas\/"]}]},{"@type":"ImageObject","inLanguage":"es","@id":"https:\/\/www.omrserrature.it\/es\/sectores-y-entornos\/sistemas-de-cierre-para-empresas-de-tratamiento-de-agua-aire-o-gas\/#primaryimage","url":"https:\/\/www.omrserrature.it\/wp-content\/uploads\/2020\/06\/OMR_Serrature-Settori-Aziende-acqua-aria-gas.jpg","contentUrl":"https:\/\/www.omrserrature.it\/wp-content\/uploads\/2020\/06\/OMR_Serrature-Settori-Aziende-acqua-aria-gas.jpg","width":1920,"height":1080},{"@type":"BreadcrumbList","@id":"https:\/\/www.omrserrature.it\/es\/sectores-y-entornos\/sistemas-de-cierre-para-empresas-de-tratamiento-de-agua-aire-o-gas\/#breadcrumb","itemListElement":[{"@type":"ListItem","position":1,"name":"Home","item":"https:\/\/www.omrserrature.it\/es\/omr-cerradiras-y-sistemas-de-cierre\/"},{"@type":"ListItem","position":2,"name":"Sectores y entornos","item":"https:\/\/www.omrserrature.it\/es\/sectores-y-entornos\/?lang=es"},{"@type":"ListItem","position":3,"name":"Sistemas de cierre para empresas de tratamiento de agua, aire o gas"}]},{"@type":"WebSite","@id":"https:\/\/www.omrserrature.it\/es\/#website","url":"https:\/\/www.omrserrature.it\/es\/","name":"OMR Serrature | Produzione sistemi di chiusura","description":"Produzione serrature di sicurezza e sistemi di chiusura","publisher":{"@id":"https:\/\/www.omrserrature.it\/es\/#organization"},"potentialAction":[{"@type":"SearchAction","target":{"@type":"EntryPoint","urlTemplate":"https:\/\/www.omrserrature.it\/es\/?s={search_term_string}"},"query-input":{"@type":"PropertyValueSpecification","valueRequired":true,"valueName":"search_term_string"}}],"inLanguage":"es"},{"@type":"Organization","@id":"https:\/\/www.omrserrature.it\/es\/#organization","name":"OMR Serrature | Produzione sistemi di chiusura","url":"https:\/\/www.omrserrature.it\/es\/","logo":{"@type":"ImageObject","inLanguage":"es","@id":"https:\/\/www.omrserrature.it\/es\/#\/schema\/logo\/image\/","url":"https:\/\/www.omrserrature.it\/wp-content\/uploads\/2017\/09\/favicon-omr-114.png","contentUrl":"https:\/\/www.omrserrature.it\/wp-content\/uploads\/2017\/09\/favicon-omr-114.png","width":114,"height":114,"caption":"OMR Serrature | Produzione sistemi di chiusura"},"image":{"@id":"https:\/\/www.omrserrature.it\/es\/#\/schema\/logo\/image\/"},"sameAs":["https:\/\/www.facebook.com\/OMRserrature","https:\/\/www.linkedin.com\/company\/omrserrature\/","https:\/\/www.youtube.com\/channel\/UCxmA85z2R0EpG_6IRokiAkg"]}]}},"_links":{"self":[{"href":"https:\/\/www.omrserrature.it\/es\/wp-json\/wp\/v2\/pages\/246252","targetHints":{"allow":["GET"]}}],"collection":[{"href":"https:\/\/www.omrserrature.it\/es\/wp-json\/wp\/v2\/pages"}],"about":[{"href":"https:\/\/www.omrserrature.it\/es\/wp-json\/wp\/v2\/types\/page"}],"author":[{"embeddable":true,"href":"https:\/\/www.omrserrature.it\/es\/wp-json\/wp\/v2\/users\/14"}],"replies":[{"embeddable":true,"href":"https:\/\/www.omrserrature.it\/es\/wp-json\/wp\/v2\/comments?post=246252"}],"version-history":[{"count":2,"href":"https:\/\/www.omrserrature.it\/es\/wp-json\/wp\/v2\/pages\/246252\/revisions"}],"predecessor-version":[{"id":259206,"href":"https:\/\/www.omrserrature.it\/es\/wp-json\/wp\/v2\/pages\/246252\/revisions\/259206"}],"up":[{"embeddable":true,"href":"https:\/\/www.omrserrature.it\/es\/wp-json\/wp\/v2\/pages\/246016"}],"wp:featuredmedia":[{"embeddable":true,"href":"https:\/\/www.omrserrature.it\/es\/wp-json\/wp\/v2\/media\/14629"}],"wp:attachment":[{"href":"https:\/\/www.omrserrature.it\/es\/wp-json\/wp\/v2\/media?parent=246252"}],"curies":[{"name":"wp","href":"https:\/\/api.w.org\/{rel}","templated":true}]}}