{"id":245937,"date":"2021-09-13T09:52:04","date_gmt":"2021-09-13T07:52:04","guid":{"rendered":"https:\/\/www.staging6.omrserrature.it\/reclamaciones-en-linea\/"},"modified":"2025-05-14T17:17:57","modified_gmt":"2025-05-14T15:17:57","slug":"reclamaciones-en-linea","status":"publish","type":"page","link":"https:\/\/www.omrserrature.it\/es\/reclamaciones-en-linea\/","title":{"rendered":"Reclamaciones en l\u00ednea"},"content":{"rendered":"<p>[et_pb_section fb_built=\u00bb1&#8243; admin_label=\u00bbsection\u00bb _builder_version=\u00bb4.27.4&#8243; custom_margin=\u00bb|2%||2%|false|true\u00bb custom_padding=\u00bb1vw||||false|false\u00bb hover_enabled=\u00bb0&#8243; global_colors_info=\u00bb{}\u00bb sticky_enabled=\u00bb0&#8243;][et_pb_row admin_label=\u00bbfila\u00bb _builder_version=\u00bb4.26.0&#8243; background_size=\u00bbinitial\u00bb background_position=\u00bbtop_left\u00bb background_repeat=\u00bbrepeat\u00bb global_colors_info=\u00bb{}\u00bb][et_pb_column type=\u00bb4_4&#8243; _builder_version=\u00bb4.16&#8243; custom_padding=\u00bb|||\u00bb global_colors_info=\u00bb{}\u00bb custom_padding__hover=\u00bb|||\u00bb][et_pb_text _builder_version=\u00bb4.26.0&#8243; _module_preset=\u00bbdefault\u00bb header_2_text_color=\u00bbgcid-primary-color\u00bb global_colors_info=\u00bb{%22gcid-primary-color%22:%91%22header_2_text_color%22%93}\u00bb]<\/p>\n<h2><span>Estamos aqu\u00ed para ayudarte, \u00a1ay\u00fadanos a hacerlo de la mejor manera posible!<\/span><\/h2>\n<p>&nbsp;<br \/>\nRellena el siguiente formulario, espera la autorizaci\u00f3n de devoluci\u00f3n y s\u00f3lo entonces procede a embalar la mercanc\u00eda (se recomienda un embalaje adecuado), anticipando la carta de porte de devoluci\u00f3n en <a href=\"mailto:servizioclienti@omrserrature.it.\">servizioclienti@omrserrature.it. <\/a> <\/p>\n<p>Una vez procesada tu reclamaci\u00f3n, recibir\u00e1s una confirmaci\u00f3n por correo electr\u00f3nico, con instrucciones sobre c\u00f3mo recoger\u00e1 el mensajero los productos acordados.<\/p>\n<p>En un plazo de 15 d\u00edas laborables tras la recepci\u00f3n de la mercanc\u00eda, recibir\u00e1s un informe con el resultado del an\u00e1lisis del producto devuelto. Todos los campos marcados con un asterisco (*) son obligatorios.[\/et_pb_text][\/et_pb_column][\/et_pb_row][et_pb_row _builder_version=\u00bb4.26.0&#8243; _module_preset=\u00bbdefault\u00bb global_colors_info=\u00bb{}\u00bb][et_pb_column type=\u00bb4_4&#8243; _builder_version=\u00bb4.26.0&#8243; _module_preset=\u00bbdefault\u00bb global_colors_info=\u00bb{}\u00bb][et_pb_code _builder_version=\u00bb4.26.0&#8243; _module_preset=\u00bbdefault\u00bb global_colors_info=\u00bb{}\u00bb][cf7form cf7key=\u00bbrecami-online-new\u00bb][\/et_pb_code][\/et_pb_column][\/et_pb_row][\/et_pb_section]<\/p>\n","protected":false},"excerpt":{"rendered":"<p>Estamos aqu\u00ed para ayudarte, \u00a1ay\u00fadanos a hacerlo de la mejor manera posible! &nbsp; Rellena el siguiente formulario, espera la autorizaci\u00f3n de devoluci\u00f3n y s\u00f3lo entonces procede a embalar la mercanc\u00eda (se recomienda un embalaje adecuado), anticipando la carta de porte de devoluci\u00f3n en servizioclienti@omrserrature.it. Una vez procesada tu reclamaci\u00f3n, recibir\u00e1s una confirmaci\u00f3n por correo electr\u00f3nico, [&hellip;]<\/p>\n","protected":false},"author":14,"featured_media":0,"parent":0,"menu_order":0,"comment_status":"closed","ping_status":"closed","template":"","meta":{"_acf_changed":false,"_et_pb_use_builder":"on","_et_pb_old_content":"","_et_gb_content_width":"","footnotes":""},"class_list":["post-245937","page","type-page","status-publish","hentry"],"acf":[],"yoast_head":"<!-- This site is optimized with the Yoast SEO plugin v27.5 - https:\/\/yoast.com\/product\/yoast-seo-wordpress\/ -->\n<title>Reclamaciones en l\u00ednea - OMR Serrature<\/title>\n<meta name=\"description\" content=\"Reclamaciones en l\u00ednea in vendita sul sito http:\/\/omrserrature.it\/ Dal 1950 O.M.R. progetta e propone serrature e sistemi di chiusura di qualit\u00e0 made in Italy.\" \/>\n<meta name=\"robots\" content=\"index, follow, max-snippet:-1, max-image-preview:large, max-video-preview:-1\" \/>\n<link rel=\"canonical\" href=\"https:\/\/www.omrserrature.it\/es\/reclamaciones-en-linea\/\" \/>\n<meta property=\"og:locale\" content=\"es_ES\" \/>\n<meta property=\"og:type\" content=\"article\" \/>\n<meta property=\"og:title\" content=\"Reclamaciones en l\u00ednea - OMR Serrature\" \/>\n<meta property=\"og:description\" content=\"Reclamaciones en l\u00ednea in vendita sul sito http:\/\/omrserrature.it\/ Dal 1950 O.M.R. progetta e propone serrature e sistemi di chiusura di qualit\u00e0 made in Italy.\" \/>\n<meta property=\"og:url\" content=\"https:\/\/www.omrserrature.it\/es\/reclamaciones-en-linea\/\" \/>\n<meta property=\"og:site_name\" content=\"OMR Serrature | Produzione sistemi di chiusura\" \/>\n<meta property=\"article:publisher\" content=\"https:\/\/www.facebook.com\/OMRserrature\" \/>\n<meta property=\"article:modified_time\" content=\"2025-05-14T15:17:57+00:00\" \/>\n<meta name=\"twitter:card\" content=\"summary_large_image\" \/>\n<meta name=\"twitter:label1\" content=\"Tiempo de lectura\" \/>\n\t<meta name=\"twitter:data1\" content=\"1 minuto\" \/>\n<script type=\"application\/ld+json\" class=\"yoast-schema-graph\">{\"@context\":\"https:\\\/\\\/schema.org\",\"@graph\":[{\"@type\":\"WebPage\",\"@id\":\"https:\\\/\\\/www.omrserrature.it\\\/es\\\/reclamaciones-en-linea\\\/\",\"url\":\"https:\\\/\\\/www.omrserrature.it\\\/es\\\/reclamaciones-en-linea\\\/\",\"name\":\"Reclamaciones en l\u00ednea - OMR Serrature\",\"isPartOf\":{\"@id\":\"https:\\\/\\\/www.omrserrature.it\\\/es\\\/#website\"},\"datePublished\":\"2021-09-13T07:52:04+00:00\",\"dateModified\":\"2025-05-14T15:17:57+00:00\",\"description\":\"Reclamaciones en l\u00ednea in vendita sul sito http:\\\/\\\/omrserrature.it\\\/ Dal 1950 O.M.R. progetta e propone serrature e sistemi di chiusura di qualit\u00e0 made in Italy.\",\"breadcrumb\":{\"@id\":\"https:\\\/\\\/www.omrserrature.it\\\/es\\\/reclamaciones-en-linea\\\/#breadcrumb\"},\"inLanguage\":\"es\",\"potentialAction\":[{\"@type\":\"ReadAction\",\"target\":[\"https:\\\/\\\/www.omrserrature.it\\\/es\\\/reclamaciones-en-linea\\\/\"]}]},{\"@type\":\"BreadcrumbList\",\"@id\":\"https:\\\/\\\/www.omrserrature.it\\\/es\\\/reclamaciones-en-linea\\\/#breadcrumb\",\"itemListElement\":[{\"@type\":\"ListItem\",\"position\":1,\"name\":\"Home\",\"item\":\"https:\\\/\\\/www.omrserrature.it\\\/es\\\/omr-cerradiras-y-sistemas-de-cierre\\\/\"},{\"@type\":\"ListItem\",\"position\":2,\"name\":\"Reclamaciones en l\u00ednea\"}]},{\"@type\":\"WebSite\",\"@id\":\"https:\\\/\\\/www.omrserrature.it\\\/es\\\/#website\",\"url\":\"https:\\\/\\\/www.omrserrature.it\\\/es\\\/\",\"name\":\"OMR Serrature | Produzione sistemi di chiusura\",\"description\":\"Produzione serrature di sicurezza e sistemi di chiusura\",\"publisher\":{\"@id\":\"https:\\\/\\\/www.omrserrature.it\\\/es\\\/#organization\"},\"potentialAction\":[{\"@type\":\"SearchAction\",\"target\":{\"@type\":\"EntryPoint\",\"urlTemplate\":\"https:\\\/\\\/www.omrserrature.it\\\/es\\\/?s={search_term_string}\"},\"query-input\":{\"@type\":\"PropertyValueSpecification\",\"valueRequired\":true,\"valueName\":\"search_term_string\"}}],\"inLanguage\":\"es\"},{\"@type\":\"Organization\",\"@id\":\"https:\\\/\\\/www.omrserrature.it\\\/es\\\/#organization\",\"name\":\"OMR Serrature | Produzione sistemi di chiusura\",\"url\":\"https:\\\/\\\/www.omrserrature.it\\\/es\\\/\",\"logo\":{\"@type\":\"ImageObject\",\"inLanguage\":\"es\",\"@id\":\"https:\\\/\\\/www.omrserrature.it\\\/es\\\/#\\\/schema\\\/logo\\\/image\\\/\",\"url\":\"https:\\\/\\\/www.omrserrature.it\\\/wp-content\\\/uploads\\\/2017\\\/09\\\/favicon-omr-114.png\",\"contentUrl\":\"https:\\\/\\\/www.omrserrature.it\\\/wp-content\\\/uploads\\\/2017\\\/09\\\/favicon-omr-114.png\",\"width\":114,\"height\":114,\"caption\":\"OMR Serrature | Produzione sistemi di chiusura\"},\"image\":{\"@id\":\"https:\\\/\\\/www.omrserrature.it\\\/es\\\/#\\\/schema\\\/logo\\\/image\\\/\"},\"sameAs\":[\"https:\\\/\\\/www.facebook.com\\\/OMRserrature\",\"https:\\\/\\\/www.linkedin.com\\\/company\\\/omrserrature\\\/\",\"https:\\\/\\\/www.youtube.com\\\/channel\\\/UCxmA85z2R0EpG_6IRokiAkg\"]}]}<\/script>\n<!-- \/ Yoast SEO plugin. -->","yoast_head_json":{"title":"Reclamaciones en l\u00ednea - OMR Serrature","description":"Reclamaciones en l\u00ednea in vendita sul sito http:\/\/omrserrature.it\/ Dal 1950 O.M.R. progetta e propone serrature e sistemi di chiusura di qualit\u00e0 made in Italy.","robots":{"index":"index","follow":"follow","max-snippet":"max-snippet:-1","max-image-preview":"max-image-preview:large","max-video-preview":"max-video-preview:-1"},"canonical":"https:\/\/www.omrserrature.it\/es\/reclamaciones-en-linea\/","og_locale":"es_ES","og_type":"article","og_title":"Reclamaciones en l\u00ednea - OMR Serrature","og_description":"Reclamaciones en l\u00ednea in vendita sul sito http:\/\/omrserrature.it\/ Dal 1950 O.M.R. progetta e propone serrature e sistemi di chiusura di qualit\u00e0 made in Italy.","og_url":"https:\/\/www.omrserrature.it\/es\/reclamaciones-en-linea\/","og_site_name":"OMR Serrature | Produzione sistemi di chiusura","article_publisher":"https:\/\/www.facebook.com\/OMRserrature","article_modified_time":"2025-05-14T15:17:57+00:00","twitter_card":"summary_large_image","twitter_misc":{"Tiempo de lectura":"1 minuto"},"schema":{"@context":"https:\/\/schema.org","@graph":[{"@type":"WebPage","@id":"https:\/\/www.omrserrature.it\/es\/reclamaciones-en-linea\/","url":"https:\/\/www.omrserrature.it\/es\/reclamaciones-en-linea\/","name":"Reclamaciones en l\u00ednea - OMR Serrature","isPartOf":{"@id":"https:\/\/www.omrserrature.it\/es\/#website"},"datePublished":"2021-09-13T07:52:04+00:00","dateModified":"2025-05-14T15:17:57+00:00","description":"Reclamaciones en l\u00ednea in vendita sul sito http:\/\/omrserrature.it\/ Dal 1950 O.M.R. progetta e propone serrature e sistemi di chiusura di qualit\u00e0 made in Italy.","breadcrumb":{"@id":"https:\/\/www.omrserrature.it\/es\/reclamaciones-en-linea\/#breadcrumb"},"inLanguage":"es","potentialAction":[{"@type":"ReadAction","target":["https:\/\/www.omrserrature.it\/es\/reclamaciones-en-linea\/"]}]},{"@type":"BreadcrumbList","@id":"https:\/\/www.omrserrature.it\/es\/reclamaciones-en-linea\/#breadcrumb","itemListElement":[{"@type":"ListItem","position":1,"name":"Home","item":"https:\/\/www.omrserrature.it\/es\/omr-cerradiras-y-sistemas-de-cierre\/"},{"@type":"ListItem","position":2,"name":"Reclamaciones en l\u00ednea"}]},{"@type":"WebSite","@id":"https:\/\/www.omrserrature.it\/es\/#website","url":"https:\/\/www.omrserrature.it\/es\/","name":"OMR Serrature | Produzione sistemi di chiusura","description":"Produzione serrature di sicurezza e sistemi di chiusura","publisher":{"@id":"https:\/\/www.omrserrature.it\/es\/#organization"},"potentialAction":[{"@type":"SearchAction","target":{"@type":"EntryPoint","urlTemplate":"https:\/\/www.omrserrature.it\/es\/?s={search_term_string}"},"query-input":{"@type":"PropertyValueSpecification","valueRequired":true,"valueName":"search_term_string"}}],"inLanguage":"es"},{"@type":"Organization","@id":"https:\/\/www.omrserrature.it\/es\/#organization","name":"OMR Serrature | Produzione sistemi di chiusura","url":"https:\/\/www.omrserrature.it\/es\/","logo":{"@type":"ImageObject","inLanguage":"es","@id":"https:\/\/www.omrserrature.it\/es\/#\/schema\/logo\/image\/","url":"https:\/\/www.omrserrature.it\/wp-content\/uploads\/2017\/09\/favicon-omr-114.png","contentUrl":"https:\/\/www.omrserrature.it\/wp-content\/uploads\/2017\/09\/favicon-omr-114.png","width":114,"height":114,"caption":"OMR Serrature | Produzione sistemi di chiusura"},"image":{"@id":"https:\/\/www.omrserrature.it\/es\/#\/schema\/logo\/image\/"},"sameAs":["https:\/\/www.facebook.com\/OMRserrature","https:\/\/www.linkedin.com\/company\/omrserrature\/","https:\/\/www.youtube.com\/channel\/UCxmA85z2R0EpG_6IRokiAkg"]}]}},"_links":{"self":[{"href":"https:\/\/www.omrserrature.it\/es\/wp-json\/wp\/v2\/pages\/245937","targetHints":{"allow":["GET"]}}],"collection":[{"href":"https:\/\/www.omrserrature.it\/es\/wp-json\/wp\/v2\/pages"}],"about":[{"href":"https:\/\/www.omrserrature.it\/es\/wp-json\/wp\/v2\/types\/page"}],"author":[{"embeddable":true,"href":"https:\/\/www.omrserrature.it\/es\/wp-json\/wp\/v2\/users\/14"}],"replies":[{"embeddable":true,"href":"https:\/\/www.omrserrature.it\/es\/wp-json\/wp\/v2\/comments?post=245937"}],"version-history":[{"count":3,"href":"https:\/\/www.omrserrature.it\/es\/wp-json\/wp\/v2\/pages\/245937\/revisions"}],"predecessor-version":[{"id":250532,"href":"https:\/\/www.omrserrature.it\/es\/wp-json\/wp\/v2\/pages\/245937\/revisions\/250532"}],"wp:attachment":[{"href":"https:\/\/www.omrserrature.it\/es\/wp-json\/wp\/v2\/media?parent=245937"}],"curies":[{"name":"wp","href":"https:\/\/api.w.org\/{rel}","templated":true}]}}