{"id":245824,"date":"2021-05-21T12:10:55","date_gmt":"2021-05-21T10:10:55","guid":{"rendered":"https:\/\/www.staging6.omrserrature.it\/elige-tu-cerradura-electronica\/"},"modified":"2025-11-24T12:25:27","modified_gmt":"2025-11-24T11:25:27","slug":"elige-tu-cerradura-electronica","status":"publish","type":"page","link":"https:\/\/www.omrserrature.it\/es\/elige-tu-cerradura-electronica\/","title":{"rendered":"Elige tu cerradura electr\u00f3nica"},"content":{"rendered":"<p>[et_pb_section fb_built=\u00bb1&#8243; _builder_version=\u00bb4.27.4&#8243; custom_padding=\u00bb1px|2%||2%|false|true\u00bb global_colors_info=\u00bb{}\u00bb][et_pb_row _builder_version=\u00bb4.27.4&#8243; _module_preset=\u00bbdefault\u00bb global_colors_info=\u00bb{}\u00bb][et_pb_column type=\u00bb4_4&#8243; _builder_version=\u00bb4.27.4&#8243; _module_preset=\u00bbdefault\u00bb global_colors_info=\u00bb{}\u00bb][et_pb_text _builder_version=\u00bb4.27.4&#8243; background_size=\u00bbinitial\u00bb background_position=\u00bbtop_left\u00bb background_repeat=\u00bbrepeat\u00bb global_colors_info=\u00bb{}\u00bb]<\/p>\n<h2>\u00bfC\u00f3mo es tu cerradura electr\u00f3nica ideal?<\/h2>\n<h3><span style=\"font-size: 15px; font-weight: 400; font-style: italic; color: black; line-height: 12px;\">Selecciona a continuaci\u00f3n las caracter\u00edsticas que debe tener tu cerradura electr\u00f3nica: el sitio te ofrecer\u00e1 soluciones adaptadas a tus necesidades.<\/span><\/h2>\n<\/h3>\n<p>Las cerraduras electr\u00f3nicas OMR est\u00e1n disponibles en numerosas variantes: puedes decidir abrirlas girando y activando el pomo, introduciendo un c\u00f3digo a trav\u00e9s del <strong>teclado<\/strong> ergon\u00f3mico de silicona, con tu <strong>tel\u00e9fono m\u00f3vil<\/strong> mediante NFC o Bluetooth, con una <strong>pulsera de<\/strong> goma de color, con un <strong>llavero<\/strong> o con la <strong>tarjeta<\/strong> RFID de <strong>tu empresa<\/strong>. Las cerraduras electr\u00f3nicas son la m\u00e1xima expresi\u00f3n de la innovaci\u00f3n tecnol\u00f3gica aplicada a estos elementos t\u00e9cnicos. De hecho, la combinaci\u00f3n de estas cerraduras es digital, lo que significa que no se necesita llave para abrirlas, y esto tiene muchas implicaciones positivas: evita la necesidad de llevar contigo un objeto relativamente voluminoso, pero sobre todo evita la posibilidad de que la p\u00e9rdida de una llave impida el acceso.  <\/p>\n<p><strong>La seguridad<\/strong>, por supuesto, tambi\u00e9n se beneficia enormemente del <strong>sistema de apertura digitalizado<\/strong>, ya que impide que nadie haga copias fraudulentas de las llaves. Pero, \u00bfcon qu\u00e9 sistemas se pueden abrir las cerraduras electr\u00f3nicas? OMR Serrature ofrece muchas soluciones, todas ellas capaces de <strong>garantizar altos niveles de seguridad: la apertura<\/strong>, o incluso la programaci\u00f3n, de estas cerraduras puede realizarse<strong>introduciendo un c\u00f3digo PIN, a trav\u00e9s de smartphones NFC, dispositivos RFID de proximidad y Mifare, HSC (c\u00f3digo de alta seguridad), o incluso por Bluetooth.<\/strong> Las cerraduras electr\u00f3nicas de OMR Serrature est\u00e1n equipadas con un pomo ergon\u00f3mico integrado que garantiza una apertura f\u00e1cil. La empresa tambi\u00e9n dise\u00f1a y fabrica sus productos para que sean extremadamente f\u00e1ciles de usar, es decir, muy sencillos e intuitivos de utilizar.  <\/p>\n<p>OMR Serrature <strong>selecciona<\/strong> rigurosamente los <strong>materiales<\/strong> de fabricaci\u00f3n para que el <strong>producto sea robusto, duradero<\/strong> y capaz de resistir el vandalismo o los intentos de robo. Adem\u00e1s, las cerraduras electr\u00f3nicas OMR est\u00e1n <strong>garantizadas con la certificaci\u00f3n IP54<\/strong>, lo que significa que <strong>tambi\u00e9n<\/strong> pueden utilizarse sin problemas <strong>en entornos h\u00famedos.<\/strong> <strong>Bien dise\u00f1adas<\/strong> y decididamente <strong>compactas<\/strong>, las cerraduras electr\u00f3nicas de OMR Serrature tambi\u00e9n garantizan <strong>un excelente rendimiento <\/strong>a nivel ecol\u00f3gico y econ\u00f3mico, ya que disponen de <strong>bater\u00edas<\/strong> que aseguran una vida \u00fatil de unos buenos <strong>10 a\u00f1os o 30.000 ciclos de uso.<\/strong> Las posibles aplicaciones de estos modelos tecnol\u00f3gicos son realmente numerosas: industrias y empresas de todo tipo, oficinas p\u00fablicas, hoteles y alojamientos, gimnasios y centros deportivos, sin olvidar los sectores residencial y de condominios. <strong>Las cerraduras sin llave con apertura digital<\/strong> son, por supuesto, una opci\u00f3n excelente para todas las implantaciones modernas, pero tambi\u00e9n son ideales cuando hay que sustituir cerraduras obsoletas, y una renovaci\u00f3n como \u00e9sta s\u00f3lo puede aportar <strong>beneficios en t\u00e9rminos de seguridad, comodidad y eficacia<\/strong>.[\/et_pb_text][\/et_pb_column][\/et_pb_row][et_pb_row column_structure=\u00bb1_4,3_4&#8243; _builder_version=\u00bb4.16&#8243; background_size=\u00bbinitial\u00bb background_position=\u00bbtop_left\u00bb background_repeat=\u00bbrepeat\u00bb global_colors_info=\u00bb{}\u00bb][et_pb_column type=\u00bb1_4&#8243; _builder_version=\u00bb4.16&#8243; custom_padding=\u00bb|||\u00bb global_colors_info=\u00bb{}\u00bb custom_padding__hover=\u00bb|||\u00bb][et_pb_sidebar area=\u00bbet_pb_widget_area_18&#8243; _builder_version=\u00bb4.27.4&#8243; _module_preset=\u00bbdefault\u00bb global_colors_info=\u00bb{}\u00bb][\/et_pb_sidebar][\/et_pb_column][et_pb_column type=\u00bb3_4&#8243; _builder_version=\u00bb4.16&#8243; custom_padding=\u00bb|||\u00bb global_colors_info=\u00bb{}\u00bb custom_padding__hover=\u00bb|||\u00bb][et_pb_shop _builder_version=\u00bb4.27.4&#8243; _module_preset=\u00bbdefault\u00bb show_price=\u00bboff\u00bb show_rating=\u00bboff\u00bb show_sale_badge=\u00bboff\u00bb show_pagination=\u00bbon\u00bb bapf_apply=\u00bbenable\u00bb border_radii_image=\u00bbon|10px|10px|10px|10px\u00bb global_colors_info=\u00bb{%22gcid-primary-color%22:%91%22border_color_all_image%22%93}\u00bb border_color_all_image=\u00bbgcid-primary-color\u00bb border_width_all_image=\u00bb3px\u00bb box_shadow_style_image=\u00bbpreset1&#8243; title_font=\u00bb|||on|||||\u00bb hover_enabled=\u00bb0&#8243; sticky_enabled=\u00bb0&#8243;][\/et_pb_shop][\/et_pb_column][\/et_pb_row][\/et_pb_section]<\/p>\n","protected":false},"excerpt":{"rendered":"<p>\u00bfC\u00f3mo es tu cerradura electr\u00f3nica ideal? Selecciona a continuaci\u00f3n las caracter\u00edsticas que debe tener tu cerradura electr\u00f3nica: el sitio te ofrecer\u00e1 soluciones adaptadas a tus necesidades. Las cerraduras electr\u00f3nicas OMR est\u00e1n disponibles en numerosas variantes: puedes decidir abrirlas girando y activando el pomo, introduciendo un c\u00f3digo a trav\u00e9s del teclado ergon\u00f3mico de silicona, con tu [&hellip;]<\/p>\n","protected":false},"author":14,"featured_media":0,"parent":0,"menu_order":0,"comment_status":"closed","ping_status":"closed","template":"","meta":{"_acf_changed":false,"_et_pb_use_builder":"on","_et_pb_old_content":"","_et_gb_content_width":"","footnotes":""},"class_list":["post-245824","page","type-page","status-publish","hentry"],"acf":[],"yoast_head":"<!-- This site is optimized with the Yoast SEO plugin v27.5 - https:\/\/yoast.com\/product\/yoast-seo-wordpress\/ -->\n<title>Elige tu cerradura electr\u00f3nica - OMR Serrature<\/title>\n<meta name=\"description\" content=\"Elige tu cerradura electr\u00f3nica in vendita sul sito http:\/\/omrserrature.it\/ Dal 1950 O.M.R. progetta e propone serrature e sistemi di chiusura di qualit\u00e0 made in Italy.\" \/>\n<meta name=\"robots\" content=\"index, follow, max-snippet:-1, max-image-preview:large, max-video-preview:-1\" \/>\n<link rel=\"canonical\" href=\"https:\/\/www.omrserrature.it\/es\/elige-tu-cerradura-electronica\/\" \/>\n<meta property=\"og:locale\" content=\"es_ES\" \/>\n<meta property=\"og:type\" content=\"article\" \/>\n<meta property=\"og:title\" content=\"Elige tu cerradura electr\u00f3nica - OMR Serrature\" \/>\n<meta property=\"og:description\" content=\"Elige tu cerradura electr\u00f3nica in vendita sul sito http:\/\/omrserrature.it\/ Dal 1950 O.M.R. progetta e propone serrature e sistemi di chiusura di qualit\u00e0 made in Italy.\" \/>\n<meta property=\"og:url\" content=\"https:\/\/www.omrserrature.it\/es\/elige-tu-cerradura-electronica\/\" \/>\n<meta property=\"og:site_name\" content=\"OMR Serrature | Produzione sistemi di chiusura\" \/>\n<meta property=\"article:publisher\" content=\"https:\/\/www.facebook.com\/OMRserrature\" \/>\n<meta property=\"article:modified_time\" content=\"2025-11-24T11:25:27+00:00\" \/>\n<meta name=\"twitter:card\" content=\"summary_large_image\" \/>\n<meta name=\"twitter:label1\" content=\"Tiempo de lectura\" \/>\n\t<meta name=\"twitter:data1\" content=\"3 minutos\" \/>\n<script type=\"application\/ld+json\" class=\"yoast-schema-graph\">{\"@context\":\"https:\\\/\\\/schema.org\",\"@graph\":[{\"@type\":\"WebPage\",\"@id\":\"https:\\\/\\\/www.omrserrature.it\\\/es\\\/elige-tu-cerradura-electronica\\\/\",\"url\":\"https:\\\/\\\/www.omrserrature.it\\\/es\\\/elige-tu-cerradura-electronica\\\/\",\"name\":\"Elige tu cerradura electr\u00f3nica - OMR Serrature\",\"isPartOf\":{\"@id\":\"https:\\\/\\\/www.omrserrature.it\\\/es\\\/#website\"},\"datePublished\":\"2021-05-21T10:10:55+00:00\",\"dateModified\":\"2025-11-24T11:25:27+00:00\",\"description\":\"Elige tu cerradura electr\u00f3nica in vendita sul sito http:\\\/\\\/omrserrature.it\\\/ Dal 1950 O.M.R. progetta e propone serrature e sistemi di chiusura di qualit\u00e0 made in Italy.\",\"breadcrumb\":{\"@id\":\"https:\\\/\\\/www.omrserrature.it\\\/es\\\/elige-tu-cerradura-electronica\\\/#breadcrumb\"},\"inLanguage\":\"es\",\"potentialAction\":[{\"@type\":\"ReadAction\",\"target\":[\"https:\\\/\\\/www.omrserrature.it\\\/es\\\/elige-tu-cerradura-electronica\\\/\"]}]},{\"@type\":\"BreadcrumbList\",\"@id\":\"https:\\\/\\\/www.omrserrature.it\\\/es\\\/elige-tu-cerradura-electronica\\\/#breadcrumb\",\"itemListElement\":[{\"@type\":\"ListItem\",\"position\":1,\"name\":\"Home\",\"item\":\"https:\\\/\\\/www.omrserrature.it\\\/es\\\/omr-cerradiras-y-sistemas-de-cierre\\\/\"},{\"@type\":\"ListItem\",\"position\":2,\"name\":\"Elige tu cerradura electr\u00f3nica\"}]},{\"@type\":\"WebSite\",\"@id\":\"https:\\\/\\\/www.omrserrature.it\\\/es\\\/#website\",\"url\":\"https:\\\/\\\/www.omrserrature.it\\\/es\\\/\",\"name\":\"OMR Serrature | Produzione sistemi di chiusura\",\"description\":\"Produzione serrature di sicurezza e sistemi di chiusura\",\"publisher\":{\"@id\":\"https:\\\/\\\/www.omrserrature.it\\\/es\\\/#organization\"},\"potentialAction\":[{\"@type\":\"SearchAction\",\"target\":{\"@type\":\"EntryPoint\",\"urlTemplate\":\"https:\\\/\\\/www.omrserrature.it\\\/es\\\/?s={search_term_string}\"},\"query-input\":{\"@type\":\"PropertyValueSpecification\",\"valueRequired\":true,\"valueName\":\"search_term_string\"}}],\"inLanguage\":\"es\"},{\"@type\":\"Organization\",\"@id\":\"https:\\\/\\\/www.omrserrature.it\\\/es\\\/#organization\",\"name\":\"OMR Serrature | Produzione sistemi di chiusura\",\"url\":\"https:\\\/\\\/www.omrserrature.it\\\/es\\\/\",\"logo\":{\"@type\":\"ImageObject\",\"inLanguage\":\"es\",\"@id\":\"https:\\\/\\\/www.omrserrature.it\\\/es\\\/#\\\/schema\\\/logo\\\/image\\\/\",\"url\":\"https:\\\/\\\/www.omrserrature.it\\\/wp-content\\\/uploads\\\/2017\\\/09\\\/favicon-omr-114.png\",\"contentUrl\":\"https:\\\/\\\/www.omrserrature.it\\\/wp-content\\\/uploads\\\/2017\\\/09\\\/favicon-omr-114.png\",\"width\":114,\"height\":114,\"caption\":\"OMR Serrature | Produzione sistemi di chiusura\"},\"image\":{\"@id\":\"https:\\\/\\\/www.omrserrature.it\\\/es\\\/#\\\/schema\\\/logo\\\/image\\\/\"},\"sameAs\":[\"https:\\\/\\\/www.facebook.com\\\/OMRserrature\",\"https:\\\/\\\/www.linkedin.com\\\/company\\\/omrserrature\\\/\",\"https:\\\/\\\/www.youtube.com\\\/channel\\\/UCxmA85z2R0EpG_6IRokiAkg\"]}]}<\/script>\n<!-- \/ Yoast SEO plugin. -->","yoast_head_json":{"title":"Elige tu cerradura electr\u00f3nica - OMR Serrature","description":"Elige tu cerradura electr\u00f3nica in vendita sul sito http:\/\/omrserrature.it\/ Dal 1950 O.M.R. progetta e propone serrature e sistemi di chiusura di qualit\u00e0 made in Italy.","robots":{"index":"index","follow":"follow","max-snippet":"max-snippet:-1","max-image-preview":"max-image-preview:large","max-video-preview":"max-video-preview:-1"},"canonical":"https:\/\/www.omrserrature.it\/es\/elige-tu-cerradura-electronica\/","og_locale":"es_ES","og_type":"article","og_title":"Elige tu cerradura electr\u00f3nica - OMR Serrature","og_description":"Elige tu cerradura electr\u00f3nica in vendita sul sito http:\/\/omrserrature.it\/ Dal 1950 O.M.R. progetta e propone serrature e sistemi di chiusura di qualit\u00e0 made in Italy.","og_url":"https:\/\/www.omrserrature.it\/es\/elige-tu-cerradura-electronica\/","og_site_name":"OMR Serrature | Produzione sistemi di chiusura","article_publisher":"https:\/\/www.facebook.com\/OMRserrature","article_modified_time":"2025-11-24T11:25:27+00:00","twitter_card":"summary_large_image","twitter_misc":{"Tiempo de lectura":"3 minutos"},"schema":{"@context":"https:\/\/schema.org","@graph":[{"@type":"WebPage","@id":"https:\/\/www.omrserrature.it\/es\/elige-tu-cerradura-electronica\/","url":"https:\/\/www.omrserrature.it\/es\/elige-tu-cerradura-electronica\/","name":"Elige tu cerradura electr\u00f3nica - OMR Serrature","isPartOf":{"@id":"https:\/\/www.omrserrature.it\/es\/#website"},"datePublished":"2021-05-21T10:10:55+00:00","dateModified":"2025-11-24T11:25:27+00:00","description":"Elige tu cerradura electr\u00f3nica in vendita sul sito http:\/\/omrserrature.it\/ Dal 1950 O.M.R. progetta e propone serrature e sistemi di chiusura di qualit\u00e0 made in Italy.","breadcrumb":{"@id":"https:\/\/www.omrserrature.it\/es\/elige-tu-cerradura-electronica\/#breadcrumb"},"inLanguage":"es","potentialAction":[{"@type":"ReadAction","target":["https:\/\/www.omrserrature.it\/es\/elige-tu-cerradura-electronica\/"]}]},{"@type":"BreadcrumbList","@id":"https:\/\/www.omrserrature.it\/es\/elige-tu-cerradura-electronica\/#breadcrumb","itemListElement":[{"@type":"ListItem","position":1,"name":"Home","item":"https:\/\/www.omrserrature.it\/es\/omr-cerradiras-y-sistemas-de-cierre\/"},{"@type":"ListItem","position":2,"name":"Elige tu cerradura electr\u00f3nica"}]},{"@type":"WebSite","@id":"https:\/\/www.omrserrature.it\/es\/#website","url":"https:\/\/www.omrserrature.it\/es\/","name":"OMR Serrature | Produzione sistemi di chiusura","description":"Produzione serrature di sicurezza e sistemi di chiusura","publisher":{"@id":"https:\/\/www.omrserrature.it\/es\/#organization"},"potentialAction":[{"@type":"SearchAction","target":{"@type":"EntryPoint","urlTemplate":"https:\/\/www.omrserrature.it\/es\/?s={search_term_string}"},"query-input":{"@type":"PropertyValueSpecification","valueRequired":true,"valueName":"search_term_string"}}],"inLanguage":"es"},{"@type":"Organization","@id":"https:\/\/www.omrserrature.it\/es\/#organization","name":"OMR Serrature | Produzione sistemi di chiusura","url":"https:\/\/www.omrserrature.it\/es\/","logo":{"@type":"ImageObject","inLanguage":"es","@id":"https:\/\/www.omrserrature.it\/es\/#\/schema\/logo\/image\/","url":"https:\/\/www.omrserrature.it\/wp-content\/uploads\/2017\/09\/favicon-omr-114.png","contentUrl":"https:\/\/www.omrserrature.it\/wp-content\/uploads\/2017\/09\/favicon-omr-114.png","width":114,"height":114,"caption":"OMR Serrature | Produzione sistemi di chiusura"},"image":{"@id":"https:\/\/www.omrserrature.it\/es\/#\/schema\/logo\/image\/"},"sameAs":["https:\/\/www.facebook.com\/OMRserrature","https:\/\/www.linkedin.com\/company\/omrserrature\/","https:\/\/www.youtube.com\/channel\/UCxmA85z2R0EpG_6IRokiAkg"]}]}},"_links":{"self":[{"href":"https:\/\/www.omrserrature.it\/es\/wp-json\/wp\/v2\/pages\/245824","targetHints":{"allow":["GET"]}}],"collection":[{"href":"https:\/\/www.omrserrature.it\/es\/wp-json\/wp\/v2\/pages"}],"about":[{"href":"https:\/\/www.omrserrature.it\/es\/wp-json\/wp\/v2\/types\/page"}],"author":[{"embeddable":true,"href":"https:\/\/www.omrserrature.it\/es\/wp-json\/wp\/v2\/users\/14"}],"replies":[{"embeddable":true,"href":"https:\/\/www.omrserrature.it\/es\/wp-json\/wp\/v2\/comments?post=245824"}],"version-history":[{"count":2,"href":"https:\/\/www.omrserrature.it\/es\/wp-json\/wp\/v2\/pages\/245824\/revisions"}],"predecessor-version":[{"id":254772,"href":"https:\/\/www.omrserrature.it\/es\/wp-json\/wp\/v2\/pages\/245824\/revisions\/254772"}],"wp:attachment":[{"href":"https:\/\/www.omrserrature.it\/es\/wp-json\/wp\/v2\/media?parent=245824"}],"curies":[{"name":"wp","href":"https:\/\/api.w.org\/{rel}","templated":true}]}}