{"id":259750,"date":"2017-10-12T17:32:27","date_gmt":"2012-10-17T15:32:00","guid":{"rendered":"https:\/\/www.omrserrature.it\/prodotto\/moebeltueren-mit-2-zylinderplaettchen\/"},"modified":"2017-10-12T17:32:27","modified_gmt":"2017-10-12T15:32:27","slug":"moebeltueren-mit-2-zylinderplaettchen","status":"publish","type":"product","link":"https:\/\/www.omrserrature.it\/de\/produkt\/moebeltueren-mit-2-zylinderplaettchen\/","title":{"rendered":"M\u00f6belt\u00fcren mit 2-Zylinderpl\u00e4ttchen"},"content":{"rendered":"<p>Das <strong>Zweipunkt-Drehstangenschloss<\/strong> l\u00e4sst sich perfekt an <strong>Holzt\u00fcren und Balkont\u00fcren<\/strong> sowie an<strong> Schalt-<\/strong> und <strong>Hinterstiften<\/strong>, T\u00fcren, B\u00fcrom\u00f6beln und <strong>Hochschrankt\u00fcren aus Holz und Metall<\/strong> anbringen. Der interne Mechanismus wird von einem legierten Pl\u00e4ttchenzylinder angetrieben. Dieser<strong> abschlie\u00dfbare Drehstangenverschluss<\/strong> bietet zwei Erweiterungspunkte.  <\/p>\n<p>Das <strong>2-Punkt-Drehstangenschloss<\/strong>, das auch als Schiebeschloss, Einsteckschloss oder <strong>Doppel-Expansionsschloss<\/strong> bezeichnet wird, besteht aus einem Kasten und einem Zylinder mit einem Pl\u00e4ttchenzylinder aus Metalldruckguss. Durch das Einstecken des Schl\u00fcssels und das Drehen des Zylinders werden die beiden Glieder in Bewegung gesetzt, mit denen die <strong>M\u00f6belt\u00fcren<\/strong> verbunden sind, die durch eine Gleitbewegung das \u00d6ffnen oder Schlie\u00dfen der T\u00fcr erm\u00f6glichen.<\/p>\n","protected":false},"excerpt":{"rendered":"<p>Das Zweipunkt-Drehstangenschloss l\u00e4sst sich perfekt an Holzt\u00fcren und Balkont\u00fcren sowie an Schalt- und Hinterstiften, T\u00fcren, B\u00fcrom\u00f6beln und Hochschrankt\u00fcren aus Holz und Metall anbringen. Der interne Mechanismus wird von einem legierten Pl\u00e4ttchenzylinder angetrieben. Dieser abschlie\u00dfbare Drehstangenverschluss bietet zwei Erweiterungspunkte.  <\/p>\n","protected":false},"featured_media":3751,"comment_status":"open","ping_status":"closed","template":"","meta":{"_acf_changed":false,"_et_pb_use_builder":"","_et_pb_old_content":"","_et_gb_content_width":""},"product_brand":[],"product_cat":[3796,3782],"product_tag":[],"class_list":{"0":"post-259750","1":"product","2":"type-product","3":"status-publish","4":"has-post-thumbnail","6":"product_cat-hauptschlussel-schlosser","7":"product_cat-mehrpunktschlosser","9":"first","10":"instock","11":"shipping-taxable","12":"product-type-simple"},"acf":{"pdf1":"https:\/\/www.omrserrature.it\/wp-content\/uploads\/schede\/Scheda_220250.pdf"},"yoast_head":"<!-- This site is optimized with the Yoast SEO plugin v27.2 - https:\/\/yoast.com\/product\/yoast-seo-wordpress\/ -->\n<title>M\u00f6belt\u00fcren mit 2-Zylinderpl\u00e4ttchen - OMR Serrature<\/title>\n<meta name=\"robots\" content=\"index, follow, max-snippet:-1, max-image-preview:large, max-video-preview:-1\" \/>\n<link rel=\"canonical\" href=\"https:\/\/www.omrserrature.it\/de\/produkt\/moebeltueren-mit-2-zylinderplaettchen\/\" \/>\n<meta property=\"og:locale\" content=\"de_DE\" \/>\n<meta property=\"og:type\" content=\"article\" \/>\n<meta property=\"og:title\" content=\"M\u00f6belt\u00fcren mit 2-Zylinderpl\u00e4ttchen - OMR Serrature\" \/>\n<meta property=\"og:description\" content=\"Das Zweipunkt-Drehstangenschloss l\u00e4sst sich perfekt an Holzt\u00fcren und Balkont\u00fcren sowie an Schalt- und Hinterstiften, T\u00fcren, B\u00fcrom\u00f6beln und Hochschrankt\u00fcren aus Holz und Metall anbringen. Der interne Mechanismus wird von einem legierten Pl\u00e4ttchenzylinder angetrieben. Dieser abschlie\u00dfbare Drehstangenverschluss bietet zwei Erweiterungspunkte.\" \/>\n<meta property=\"og:url\" content=\"https:\/\/www.omrserrature.it\/de\/produkt\/moebeltueren-mit-2-zylinderplaettchen\/\" \/>\n<meta property=\"og:site_name\" content=\"OMR Serrature | Produzione sistemi di chiusura\" \/>\n<meta property=\"article:publisher\" content=\"https:\/\/www.facebook.com\/OMRserrature\" \/>\n<meta property=\"article:modified_time\" content=\"2017-10-12T15:32:27+00:00\" \/>\n<meta property=\"og:image\" content=\"https:\/\/www.omrserrature.it\/wp-content\/uploads\/2017\/10\/serratura-cremonese-2-punti-lamelle.jpg\" \/>\n\t<meta property=\"og:image:width\" content=\"1000\" \/>\n\t<meta property=\"og:image:height\" content=\"1000\" \/>\n\t<meta property=\"og:image:type\" content=\"image\/jpeg\" \/>\n<meta name=\"twitter:card\" content=\"summary_large_image\" \/>\n<meta name=\"twitter:label1\" content=\"Gesch\u00e4tzte Lesezeit\" \/>\n\t<meta name=\"twitter:data1\" content=\"1\u00a0Minute\" \/>\n<script type=\"application\/ld+json\" class=\"yoast-schema-graph\">{\"@context\":\"https:\/\/schema.org\",\"@graph\":[{\"@type\":\"WebPage\",\"@id\":\"https:\/\/www.omrserrature.it\/de\/produkt\/moebeltueren-mit-2-zylinderplaettchen\/\",\"url\":\"https:\/\/www.omrserrature.it\/de\/produkt\/moebeltueren-mit-2-zylinderplaettchen\/\",\"name\":\"M\u00f6belt\u00fcren mit 2-Zylinderpl\u00e4ttchen - OMR Serrature\",\"isPartOf\":{\"@id\":\"https:\/\/www.omrserrature.it\/de\/#website\"},\"primaryImageOfPage\":{\"@id\":\"https:\/\/www.omrserrature.it\/de\/produkt\/moebeltueren-mit-2-zylinderplaettchen\/#primaryimage\"},\"image\":{\"@id\":\"https:\/\/www.omrserrature.it\/de\/produkt\/moebeltueren-mit-2-zylinderplaettchen\/#primaryimage\"},\"thumbnailUrl\":\"https:\/\/www.omrserrature.it\/wp-content\/uploads\/2017\/10\/serratura-cremonese-2-punti-lamelle.jpg\",\"datePublished\":\"2012-10-17T15:32:00+00:00\",\"dateModified\":\"2017-10-12T15:32:27+00:00\",\"breadcrumb\":{\"@id\":\"https:\/\/www.omrserrature.it\/de\/produkt\/moebeltueren-mit-2-zylinderplaettchen\/#breadcrumb\"},\"inLanguage\":\"de\",\"potentialAction\":[{\"@type\":\"ReadAction\",\"target\":[\"https:\/\/www.omrserrature.it\/de\/produkt\/moebeltueren-mit-2-zylinderplaettchen\/\"]}]},{\"@type\":\"ImageObject\",\"inLanguage\":\"de\",\"@id\":\"https:\/\/www.omrserrature.it\/de\/produkt\/moebeltueren-mit-2-zylinderplaettchen\/#primaryimage\",\"url\":\"https:\/\/www.omrserrature.it\/wp-content\/uploads\/2017\/10\/serratura-cremonese-2-punti-lamelle.jpg\",\"contentUrl\":\"https:\/\/www.omrserrature.it\/wp-content\/uploads\/2017\/10\/serratura-cremonese-2-punti-lamelle.jpg\",\"width\":979,\"height\":542,\"caption\":\"2-Punkt pl\u00e4ttchenzylinder cremone Bolzen - technopolymer\"},{\"@type\":\"BreadcrumbList\",\"@id\":\"https:\/\/www.omrserrature.it\/de\/produkt\/moebeltueren-mit-2-zylinderplaettchen\/#breadcrumb\",\"itemListElement\":[{\"@type\":\"ListItem\",\"position\":1,\"name\":\"Home\",\"item\":\"https:\/\/www.omrserrature.it\/de\/omr-serrature-sistemi-chiusura\/\"},{\"@type\":\"ListItem\",\"position\":2,\"name\":\"Katalog\",\"item\":\"https:\/\/www.omrserrature.it\/katalog\/?lang=de\"},{\"@type\":\"ListItem\",\"position\":3,\"name\":\"M\u00f6belt\u00fcren mit 2-Zylinderpl\u00e4ttchen\"}]},{\"@type\":\"WebSite\",\"@id\":\"https:\/\/www.omrserrature.it\/de\/#website\",\"url\":\"https:\/\/www.omrserrature.it\/de\/\",\"name\":\"OMR Serrature | Produzione sistemi di chiusura\",\"description\":\"Produzione serrature di sicurezza e sistemi di chiusura\",\"publisher\":{\"@id\":\"https:\/\/www.omrserrature.it\/de\/#organization\"},\"potentialAction\":[{\"@type\":\"SearchAction\",\"target\":{\"@type\":\"EntryPoint\",\"urlTemplate\":\"https:\/\/www.omrserrature.it\/de\/?s={search_term_string}\"},\"query-input\":{\"@type\":\"PropertyValueSpecification\",\"valueRequired\":true,\"valueName\":\"search_term_string\"}}],\"inLanguage\":\"de\"},{\"@type\":\"Organization\",\"@id\":\"https:\/\/www.omrserrature.it\/de\/#organization\",\"name\":\"OMR Serrature | Produzione sistemi di chiusura\",\"url\":\"https:\/\/www.omrserrature.it\/de\/\",\"logo\":{\"@type\":\"ImageObject\",\"inLanguage\":\"de\",\"@id\":\"https:\/\/www.omrserrature.it\/de\/#\/schema\/logo\/image\/\",\"url\":\"https:\/\/www.omrserrature.it\/wp-content\/uploads\/2017\/09\/favicon-omr-114.png\",\"contentUrl\":\"https:\/\/www.omrserrature.it\/wp-content\/uploads\/2017\/09\/favicon-omr-114.png\",\"width\":114,\"height\":114,\"caption\":\"OMR Serrature | Produzione sistemi di chiusura\"},\"image\":{\"@id\":\"https:\/\/www.omrserrature.it\/de\/#\/schema\/logo\/image\/\"},\"sameAs\":[\"https:\/\/www.facebook.com\/OMRserrature\",\"https:\/\/www.linkedin.com\/company\/omrserrature\/\",\"https:\/\/www.youtube.com\/channel\/UCxmA85z2R0EpG_6IRokiAkg\"]}]}<\/script>\n<!-- \/ Yoast SEO plugin. -->","yoast_head_json":{"title":"M\u00f6belt\u00fcren mit 2-Zylinderpl\u00e4ttchen - OMR Serrature","robots":{"index":"index","follow":"follow","max-snippet":"max-snippet:-1","max-image-preview":"max-image-preview:large","max-video-preview":"max-video-preview:-1"},"canonical":"https:\/\/www.omrserrature.it\/de\/produkt\/moebeltueren-mit-2-zylinderplaettchen\/","og_locale":"de_DE","og_type":"article","og_title":"M\u00f6belt\u00fcren mit 2-Zylinderpl\u00e4ttchen - OMR Serrature","og_description":"Das Zweipunkt-Drehstangenschloss l\u00e4sst sich perfekt an Holzt\u00fcren und Balkont\u00fcren sowie an Schalt- und Hinterstiften, T\u00fcren, B\u00fcrom\u00f6beln und Hochschrankt\u00fcren aus Holz und Metall anbringen. Der interne Mechanismus wird von einem legierten Pl\u00e4ttchenzylinder angetrieben. Dieser abschlie\u00dfbare Drehstangenverschluss bietet zwei Erweiterungspunkte.","og_url":"https:\/\/www.omrserrature.it\/de\/produkt\/moebeltueren-mit-2-zylinderplaettchen\/","og_site_name":"OMR Serrature | Produzione sistemi di chiusura","article_publisher":"https:\/\/www.facebook.com\/OMRserrature","article_modified_time":"2017-10-12T15:32:27+00:00","og_image":[{"width":1000,"height":1000,"url":"https:\/\/www.omrserrature.it\/wp-content\/uploads\/2017\/10\/serratura-cremonese-2-punti-lamelle.jpg","type":"image\/jpeg"}],"twitter_card":"summary_large_image","twitter_misc":{"Gesch\u00e4tzte Lesezeit":"1\u00a0Minute"},"schema":{"@context":"https:\/\/schema.org","@graph":[{"@type":"WebPage","@id":"https:\/\/www.omrserrature.it\/de\/produkt\/moebeltueren-mit-2-zylinderplaettchen\/","url":"https:\/\/www.omrserrature.it\/de\/produkt\/moebeltueren-mit-2-zylinderplaettchen\/","name":"M\u00f6belt\u00fcren mit 2-Zylinderpl\u00e4ttchen - OMR Serrature","isPartOf":{"@id":"https:\/\/www.omrserrature.it\/de\/#website"},"primaryImageOfPage":{"@id":"https:\/\/www.omrserrature.it\/de\/produkt\/moebeltueren-mit-2-zylinderplaettchen\/#primaryimage"},"image":{"@id":"https:\/\/www.omrserrature.it\/de\/produkt\/moebeltueren-mit-2-zylinderplaettchen\/#primaryimage"},"thumbnailUrl":"https:\/\/www.omrserrature.it\/wp-content\/uploads\/2017\/10\/serratura-cremonese-2-punti-lamelle.jpg","datePublished":"2012-10-17T15:32:00+00:00","dateModified":"2017-10-12T15:32:27+00:00","breadcrumb":{"@id":"https:\/\/www.omrserrature.it\/de\/produkt\/moebeltueren-mit-2-zylinderplaettchen\/#breadcrumb"},"inLanguage":"de","potentialAction":[{"@type":"ReadAction","target":["https:\/\/www.omrserrature.it\/de\/produkt\/moebeltueren-mit-2-zylinderplaettchen\/"]}]},{"@type":"ImageObject","inLanguage":"de","@id":"https:\/\/www.omrserrature.it\/de\/produkt\/moebeltueren-mit-2-zylinderplaettchen\/#primaryimage","url":"https:\/\/www.omrserrature.it\/wp-content\/uploads\/2017\/10\/serratura-cremonese-2-punti-lamelle.jpg","contentUrl":"https:\/\/www.omrserrature.it\/wp-content\/uploads\/2017\/10\/serratura-cremonese-2-punti-lamelle.jpg","width":979,"height":542,"caption":"2-Punkt pl\u00e4ttchenzylinder cremone Bolzen - technopolymer"},{"@type":"BreadcrumbList","@id":"https:\/\/www.omrserrature.it\/de\/produkt\/moebeltueren-mit-2-zylinderplaettchen\/#breadcrumb","itemListElement":[{"@type":"ListItem","position":1,"name":"Home","item":"https:\/\/www.omrserrature.it\/de\/omr-serrature-sistemi-chiusura\/"},{"@type":"ListItem","position":2,"name":"Katalog","item":"https:\/\/www.omrserrature.it\/katalog\/?lang=de"},{"@type":"ListItem","position":3,"name":"M\u00f6belt\u00fcren mit 2-Zylinderpl\u00e4ttchen"}]},{"@type":"WebSite","@id":"https:\/\/www.omrserrature.it\/de\/#website","url":"https:\/\/www.omrserrature.it\/de\/","name":"OMR Serrature | Produzione sistemi di chiusura","description":"Produzione serrature di sicurezza e sistemi di chiusura","publisher":{"@id":"https:\/\/www.omrserrature.it\/de\/#organization"},"potentialAction":[{"@type":"SearchAction","target":{"@type":"EntryPoint","urlTemplate":"https:\/\/www.omrserrature.it\/de\/?s={search_term_string}"},"query-input":{"@type":"PropertyValueSpecification","valueRequired":true,"valueName":"search_term_string"}}],"inLanguage":"de"},{"@type":"Organization","@id":"https:\/\/www.omrserrature.it\/de\/#organization","name":"OMR Serrature | Produzione sistemi di chiusura","url":"https:\/\/www.omrserrature.it\/de\/","logo":{"@type":"ImageObject","inLanguage":"de","@id":"https:\/\/www.omrserrature.it\/de\/#\/schema\/logo\/image\/","url":"https:\/\/www.omrserrature.it\/wp-content\/uploads\/2017\/09\/favicon-omr-114.png","contentUrl":"https:\/\/www.omrserrature.it\/wp-content\/uploads\/2017\/09\/favicon-omr-114.png","width":114,"height":114,"caption":"OMR Serrature | Produzione sistemi di chiusura"},"image":{"@id":"https:\/\/www.omrserrature.it\/de\/#\/schema\/logo\/image\/"},"sameAs":["https:\/\/www.facebook.com\/OMRserrature","https:\/\/www.linkedin.com\/company\/omrserrature\/","https:\/\/www.youtube.com\/channel\/UCxmA85z2R0EpG_6IRokiAkg"]}]}},"_links":{"self":[{"href":"https:\/\/www.omrserrature.it\/de\/wp-json\/wp\/v2\/product\/259750","targetHints":{"allow":["GET"]}}],"collection":[{"href":"https:\/\/www.omrserrature.it\/de\/wp-json\/wp\/v2\/product"}],"about":[{"href":"https:\/\/www.omrserrature.it\/de\/wp-json\/wp\/v2\/types\/product"}],"replies":[{"embeddable":true,"href":"https:\/\/www.omrserrature.it\/de\/wp-json\/wp\/v2\/comments?post=259750"}],"wp:featuredmedia":[{"embeddable":true,"href":"https:\/\/www.omrserrature.it\/de\/wp-json\/wp\/v2\/media\/3751"}],"wp:attachment":[{"href":"https:\/\/www.omrserrature.it\/de\/wp-json\/wp\/v2\/media?parent=259750"}],"wp:term":[{"taxonomy":"product_brand","embeddable":true,"href":"https:\/\/www.omrserrature.it\/de\/wp-json\/wp\/v2\/product_brand?post=259750"},{"taxonomy":"product_cat","embeddable":true,"href":"https:\/\/www.omrserrature.it\/de\/wp-json\/wp\/v2\/product_cat?post=259750"},{"taxonomy":"product_tag","embeddable":true,"href":"https:\/\/www.omrserrature.it\/de\/wp-json\/wp\/v2\/product_tag?post=259750"}],"curies":[{"name":"wp","href":"https:\/\/api.w.org\/{rel}","templated":true}]}}