{"id":254568,"date":"2025-10-21T10:42:10","date_gmt":"2025-10-21T08:42:10","guid":{"rendered":"https:\/\/www.omrserrature.it\/prodotto\/schloss-fuer-moebelrollladen-zylinderschluessel-seitenhaken\/"},"modified":"2026-04-08T11:10:15","modified_gmt":"2026-04-08T09:10:15","slug":"schloss-fuer-moebelrollladen-zylinderschluessel-seitenhaken","status":"publish","type":"product","link":"https:\/\/www.omrserrature.it\/de\/produkt\/schloss-fuer-moebelrollladen-zylinderschluessel-seitenhaken\/","title":{"rendered":"Schloss f\u00fcr M\u00f6belrollladen &#8211; Zylinderschl\u00fcssel + Seitenhaken"},"content":{"rendered":"<p>Das <strong>Rollladenschloss<\/strong> wurde f\u00fcr M\u00f6bel mit <strong>Roll-, Schiebe- oder einziehbaren M\u00f6belt\u00fcren<\/strong> entwickelt, bei denen Zweckm\u00e4\u00dfigkeit, \u00c4sthetik und Funktionalit\u00e4t harmonisch nebeneinander bestehen m\u00fcssen. Das <strong>kompakte Geh\u00e4use<\/strong> erm\u00f6glicht eine pr\u00e4zise und diskrete Montage an Schr\u00e4nken, Konsolen, B\u00fccherregalen oder Hi-Fi-M\u00f6beln, Stangenm\u00f6beln mit Rollladen. Der <strong>integrierte Schl\u00fcsselzylinder<\/strong> mit vernickelter Oberfl\u00e4che sorgt f\u00fcr einen reibungslosen und sicheren Abschluss. Das <strong>doppelte Hakensystem an der Seite<\/strong>, das dem Federmechanismus vieler professioneller M\u00f6belschl\u00f6sser \u00e4hnelt, sorgt f\u00fcr einen stabilen Halt an der M\u00f6belt\u00fcr.   <\/p>\n<p>Die Materialien &#8211; <strong>Metalldruckguss und technischer Kunststoff<\/strong> &#8211; wurden so gew\u00e4hlt, dass sie Solidit\u00e4t und Langlebigkeit bieten und gleichzeitig ein gepflegtes Aussehen haben, das zu den M\u00f6beln passt. Dank seines <strong>schlichten und funktionalen Designs<\/strong> passt dieses Schloss perfekt zu M\u00f6beln mit <strong>versenkbarem Verschluss oder Rollladen<\/strong> und erh\u00f6ht die Benutzerfreundlichkeit und die wahrgenommene Qualit\u00e4t der M\u00f6bel. <\/p>\n<p>Der Seitenhakenmechanismus verhindert ein unbeabsichtigtes \u00d6ffnen der M\u00f6belt\u00fcr und bietet einen wirksamen Schutz, der im <strong>Objektbereich und im Gastgewerbe<\/strong> gesch\u00e4tzt wird. Das einfach zu installierende und mit allen g\u00e4ngigen <strong>M\u00f6belt\u00fcren-Systemen<\/strong> kompatible <strong>M\u00f6belt\u00fcrschloss<\/strong> ist eine zuverl\u00e4ssige und diskrete L\u00f6sung f\u00fcr Tischler, Hersteller und Designer, die ein elegantes und funktionelles Schloss f\u00fcr ihre Projekte suchen. <\/p>\n<h3>Hauptmerkmale<\/h3>\n<ul>\n<li><strong>Kompaktes Geh\u00e4use<\/strong> f\u00fcr die Montage an M\u00f6beln mit aufrollbarem oder einziehbarem Rollladen.<\/li>\n<li><strong>Integrierter Schl\u00fcsselzylinder<\/strong> (vernickelt) mit Abschlussbuchse und zwei mitgelieferten Wendeschl\u00fcsseln.<\/li>\n<li><strong>Doppelseitiger Haken<\/strong> f\u00fcr einen stabilen und diskreten Halt des D\u00e4mpfers<\/li>\n<li><strong>Verankerungsb\u00fcgel<\/strong> f\u00fcr schwarze <strong>Kunststoffhaken<\/strong>, die mit zwei Schrauben befestigt werden.<\/li>\n<li><strong>Minimalistisches und funktionales Design<\/strong>, das mit der \u00c4sthetik von verschlossenen M\u00f6beln \u00fcbereinstimmt.<\/li>\n<\/ul>\n","protected":false},"excerpt":{"rendered":"<p class=\"p1\">Rollladenschloss f\u00fcr M\u00f6bel mit umkehrbarem Schl\u00fcsselzylinder und seitlichen Haken, entwickelt f\u00fcr M\u00f6bel mit Roll- oder Schiebel\u00e4den: perfekt f\u00fcr Sideboards, Konsolen, Schr\u00e4nke mit Rolll\u00e4den, Ausstellungsf\u00e4cher. Einfach zu installieren, unauff\u00e4llig und robust. <\/p>\n","protected":false},"featured_media":254355,"comment_status":"closed","ping_status":"closed","template":"","meta":{"_acf_changed":false,"_et_pb_use_builder":"off","_et_pb_old_content":"Das <strong>Rollladenschloss<\/strong> wurde f\u00fcr M\u00f6bel mit <strong>Roll-, Schiebe- oder einziehbaren M\u00f6belt\u00fcren<\/strong> entwickelt, bei denen Zweckm\u00e4\u00dfigkeit, \u00c4sthetik und Funktionalit\u00e4t harmonisch nebeneinander bestehen m\u00fcssen. Das <strong>kompakte Geh\u00e4use<\/strong> erm\u00f6glicht eine pr\u00e4zise und diskrete Montage an Schr\u00e4nken, Konsolen, B\u00fccherregalen oder Hi-Fi-M\u00f6beln, Stangenm\u00f6beln mit Rollladen. Der <strong>integrierte Schl\u00fcsselzylinder<\/strong> mit vernickelter Oberfl\u00e4che sorgt f\u00fcr einen reibungslosen und sicheren Abschluss. Das <strong>doppelte Hakensystem an der Seite<\/strong>, das dem Federmechanismus vieler professioneller M\u00f6belschl\u00f6sser \u00e4hnelt, sorgt f\u00fcr einen stabilen Halt an der M\u00f6belt\u00fcr.   \n\nDie Materialien - <strong>Metalldruckguss und technischer Kunststoff<\/strong> - wurden so gew\u00e4hlt, dass sie Solidit\u00e4t und Langlebigkeit bieten und gleichzeitig ein gepflegtes Aussehen haben, das zu den M\u00f6beln passt. Dank seines <strong>schlichten und funktionalen Designs<\/strong> passt dieses Schloss perfekt zu M\u00f6beln mit <strong>versenkbarem Verschluss oder Rollladen<\/strong> und erh\u00f6ht die Benutzerfreundlichkeit und die wahrgenommene Qualit\u00e4t der M\u00f6bel. \n\nDer Seitenhakenmechanismus verhindert ein unbeabsichtigtes \u00d6ffnen der M\u00f6belt\u00fcr und bietet einen wirksamen Schutz, der im <strong>Objektbereich und im Gastgewerbe<\/strong> gesch\u00e4tzt wird. Das einfach zu installierende und mit allen g\u00e4ngigen <strong>M\u00f6belt\u00fcren-Systemen<\/strong> kompatible <strong>M\u00f6belt\u00fcrschloss<\/strong> ist eine zuverl\u00e4ssige und diskrete L\u00f6sung f\u00fcr Tischler, Hersteller und Designer, die ein elegantes und funktionelles Schloss f\u00fcr ihre Projekte suchen. \n<h3>Hauptmerkmale<\/h3>\n<ul>\n \t<li><strong>Kompaktes Geh\u00e4use<\/strong> f\u00fcr die Montage an M\u00f6beln mit aufrollbarem oder einziehbarem Rollladen.<\/li>\n \t<li><strong>Integrierter Schl\u00fcsselzylinder<\/strong> (vernickelt) mit Abschlussbuchse und zwei mitgelieferten Wendeschl\u00fcsseln.<\/li>\n \t<li><strong>Doppelseitiger Haken<\/strong> f\u00fcr einen stabilen und diskreten Halt des D\u00e4mpfers<\/li>\n \t<li><strong>Verankerungsb\u00fcgel<\/strong> f\u00fcr schwarze <strong>Kunststoffhaken<\/strong>, die mit zwei Schrauben befestigt werden.<\/li>\n \t<li><strong>Minimalistisches und funktionales Design<\/strong>, das mit der \u00c4sthetik von verschlossenen M\u00f6beln \u00fcbereinstimmt.<\/li>\n<\/ul>","_et_gb_content_width":""},"product_brand":[],"product_cat":[3765,3787,3825,3771,3868,3778],"product_tag":[],"class_list":{"0":"post-254568","1":"product","2":"type-product","3":"status-publish","4":"has-post-thumbnail","6":"product_cat-abschlusssysteme-fur-die-industrie","7":"product_cat-hakenschlosser","8":"product_cat-hebel-schlosser","9":"product_cat-messen-und-ausstellungen","10":"product_cat-schlosser-fur-rollladen","11":"product_cat-schlosser-mit-ruckholfeder","13":"first","14":"instock","15":"shipping-taxable","16":"product-type-simple"},"acf":{"pdf1":"https:\/\/www.omrserrature.it\/wp-content\/uploads\/2025\/10\/Scheda_165754.pdf"},"yoast_head":"<!-- This site is optimized with the Yoast SEO plugin v27.2 - https:\/\/yoast.com\/product\/yoast-seo-wordpress\/ -->\n<title>Schloss f\u00fcr M\u00f6bel mit Rollladen. Doppelseitiger Haken<\/title>\n<meta name=\"description\" content=\"Schloss f\u00fcr Rolll\u00e4den mit Schl\u00fcsselzylinder und doppeltem Seitenhaken. Ideal f\u00fcr M\u00f6bel mit Aufroll-, Einzieh- oder Rolll\u00e4den.\" \/>\n<meta name=\"robots\" content=\"index, follow, max-snippet:-1, max-image-preview:large, max-video-preview:-1\" \/>\n<link rel=\"canonical\" href=\"https:\/\/www.omrserrature.it\/de\/produkt\/schloss-fuer-moebelrollladen-zylinderschluessel-seitenhaken\/\" \/>\n<meta property=\"og:locale\" content=\"de_DE\" \/>\n<meta property=\"og:type\" content=\"article\" \/>\n<meta property=\"og:title\" content=\"Schloss f\u00fcr M\u00f6bel mit Rollladen. Doppelseitiger Haken\" \/>\n<meta property=\"og:description\" content=\"Schloss f\u00fcr Rolll\u00e4den mit Schl\u00fcsselzylinder und doppeltem Seitenhaken. Ideal f\u00fcr M\u00f6bel mit Aufroll-, Einzieh- oder Rolll\u00e4den.\" \/>\n<meta property=\"og:url\" content=\"https:\/\/www.omrserrature.it\/de\/produkt\/schloss-fuer-moebelrollladen-zylinderschluessel-seitenhaken\/\" \/>\n<meta property=\"og:site_name\" content=\"OMR Serrature | Produzione sistemi di chiusura\" \/>\n<meta property=\"article:publisher\" content=\"https:\/\/www.facebook.com\/OMRserrature\" \/>\n<meta property=\"article:modified_time\" content=\"2026-04-08T09:10:15+00:00\" \/>\n<meta property=\"og:image\" content=\"https:\/\/www.omrserrature.it\/wp-content\/uploads\/2025\/10\/Serratura-per-serrandina-chiusa.jpg\" \/>\n\t<meta property=\"og:image:width\" content=\"1000\" \/>\n\t<meta property=\"og:image:height\" content=\"1000\" \/>\n\t<meta property=\"og:image:type\" content=\"image\/jpeg\" \/>\n<meta name=\"twitter:card\" content=\"summary_large_image\" \/>\n<meta name=\"twitter:label1\" content=\"Gesch\u00e4tzte Lesezeit\" \/>\n\t<meta name=\"twitter:data1\" content=\"1\u00a0Minute\" \/>\n<script type=\"application\/ld+json\" class=\"yoast-schema-graph\">{\"@context\":\"https:\/\/schema.org\",\"@graph\":[{\"@type\":\"WebPage\",\"@id\":\"https:\/\/www.omrserrature.it\/de\/produkt\/schloss-fuer-moebelrollladen-zylinderschluessel-seitenhaken\/\",\"url\":\"https:\/\/www.omrserrature.it\/de\/produkt\/schloss-fuer-moebelrollladen-zylinderschluessel-seitenhaken\/\",\"name\":\"Schloss f\u00fcr M\u00f6bel mit Rollladen. Doppelseitiger Haken\",\"isPartOf\":{\"@id\":\"https:\/\/www.omrserrature.it\/de\/#website\"},\"primaryImageOfPage\":{\"@id\":\"https:\/\/www.omrserrature.it\/de\/produkt\/schloss-fuer-moebelrollladen-zylinderschluessel-seitenhaken\/#primaryimage\"},\"image\":{\"@id\":\"https:\/\/www.omrserrature.it\/de\/produkt\/schloss-fuer-moebelrollladen-zylinderschluessel-seitenhaken\/#primaryimage\"},\"thumbnailUrl\":\"https:\/\/www.omrserrature.it\/wp-content\/uploads\/2025\/10\/Serratura-per-serrandina-chiusa.jpg\",\"datePublished\":\"2025-10-21T08:42:10+00:00\",\"dateModified\":\"2026-04-08T09:10:15+00:00\",\"description\":\"Schloss f\u00fcr Rolll\u00e4den mit Schl\u00fcsselzylinder und doppeltem Seitenhaken. Ideal f\u00fcr M\u00f6bel mit Aufroll-, Einzieh- oder Rolll\u00e4den.\",\"breadcrumb\":{\"@id\":\"https:\/\/www.omrserrature.it\/de\/produkt\/schloss-fuer-moebelrollladen-zylinderschluessel-seitenhaken\/#breadcrumb\"},\"inLanguage\":\"de\",\"potentialAction\":[{\"@type\":\"ReadAction\",\"target\":[\"https:\/\/www.omrserrature.it\/de\/produkt\/schloss-fuer-moebelrollladen-zylinderschluessel-seitenhaken\/\"]}]},{\"@type\":\"ImageObject\",\"inLanguage\":\"de\",\"@id\":\"https:\/\/www.omrserrature.it\/de\/produkt\/schloss-fuer-moebelrollladen-zylinderschluessel-seitenhaken\/#primaryimage\",\"url\":\"https:\/\/www.omrserrature.it\/wp-content\/uploads\/2025\/10\/Serratura-per-serrandina-chiusa.jpg\",\"contentUrl\":\"https:\/\/www.omrserrature.it\/wp-content\/uploads\/2025\/10\/Serratura-per-serrandina-chiusa.jpg\",\"width\":1000,\"height\":1000,\"caption\":\"Rollladenschloss - M\u00f6bel\"},{\"@type\":\"BreadcrumbList\",\"@id\":\"https:\/\/www.omrserrature.it\/de\/produkt\/schloss-fuer-moebelrollladen-zylinderschluessel-seitenhaken\/#breadcrumb\",\"itemListElement\":[{\"@type\":\"ListItem\",\"position\":1,\"name\":\"Home\",\"item\":\"https:\/\/www.omrserrature.it\/de\/omr-serrature-sistemi-chiusura\/\"},{\"@type\":\"ListItem\",\"position\":2,\"name\":\"Katalog\",\"item\":\"https:\/\/www.omrserrature.it\/katalog\/?lang=de\"},{\"@type\":\"ListItem\",\"position\":3,\"name\":\"Produkte\",\"item\":\"https:\/\/www.omrserrature.it\/de\/katalog\/produkte\/\"},{\"@type\":\"ListItem\",\"position\":4,\"name\":\"Schloesser\",\"item\":\"https:\/\/www.omrserrature.it\/de\/katalog\/produkte\/schloesser\/\"},{\"@type\":\"ListItem\",\"position\":5,\"name\":\"Hakenschl\u00f6sser\",\"item\":\"https:\/\/www.omrserrature.it\/de\/katalog\/produkte\/schloesser\/hakenschlosser\/\"},{\"@type\":\"ListItem\",\"position\":6,\"name\":\"Schloss f\u00fcr M\u00f6belrollladen &#8211; Zylinderschl\u00fcssel + Seitenhaken\"}]},{\"@type\":\"WebSite\",\"@id\":\"https:\/\/www.omrserrature.it\/de\/#website\",\"url\":\"https:\/\/www.omrserrature.it\/de\/\",\"name\":\"OMR Serrature | Produzione sistemi di chiusura\",\"description\":\"Produzione serrature di sicurezza e sistemi di chiusura\",\"publisher\":{\"@id\":\"https:\/\/www.omrserrature.it\/de\/#organization\"},\"potentialAction\":[{\"@type\":\"SearchAction\",\"target\":{\"@type\":\"EntryPoint\",\"urlTemplate\":\"https:\/\/www.omrserrature.it\/de\/?s={search_term_string}\"},\"query-input\":{\"@type\":\"PropertyValueSpecification\",\"valueRequired\":true,\"valueName\":\"search_term_string\"}}],\"inLanguage\":\"de\"},{\"@type\":\"Organization\",\"@id\":\"https:\/\/www.omrserrature.it\/de\/#organization\",\"name\":\"OMR Serrature | Produzione sistemi di chiusura\",\"url\":\"https:\/\/www.omrserrature.it\/de\/\",\"logo\":{\"@type\":\"ImageObject\",\"inLanguage\":\"de\",\"@id\":\"https:\/\/www.omrserrature.it\/de\/#\/schema\/logo\/image\/\",\"url\":\"https:\/\/www.omrserrature.it\/wp-content\/uploads\/2017\/09\/favicon-omr-114.png\",\"contentUrl\":\"https:\/\/www.omrserrature.it\/wp-content\/uploads\/2017\/09\/favicon-omr-114.png\",\"width\":114,\"height\":114,\"caption\":\"OMR Serrature | Produzione sistemi di chiusura\"},\"image\":{\"@id\":\"https:\/\/www.omrserrature.it\/de\/#\/schema\/logo\/image\/\"},\"sameAs\":[\"https:\/\/www.facebook.com\/OMRserrature\",\"https:\/\/www.linkedin.com\/company\/omrserrature\/\",\"https:\/\/www.youtube.com\/channel\/UCxmA85z2R0EpG_6IRokiAkg\"]}]}<\/script>\n<!-- \/ Yoast SEO plugin. -->","yoast_head_json":{"title":"Schloss f\u00fcr M\u00f6bel mit Rollladen. Doppelseitiger Haken","description":"Schloss f\u00fcr Rolll\u00e4den mit Schl\u00fcsselzylinder und doppeltem Seitenhaken. Ideal f\u00fcr M\u00f6bel mit Aufroll-, Einzieh- oder Rolll\u00e4den.","robots":{"index":"index","follow":"follow","max-snippet":"max-snippet:-1","max-image-preview":"max-image-preview:large","max-video-preview":"max-video-preview:-1"},"canonical":"https:\/\/www.omrserrature.it\/de\/produkt\/schloss-fuer-moebelrollladen-zylinderschluessel-seitenhaken\/","og_locale":"de_DE","og_type":"article","og_title":"Schloss f\u00fcr M\u00f6bel mit Rollladen. Doppelseitiger Haken","og_description":"Schloss f\u00fcr Rolll\u00e4den mit Schl\u00fcsselzylinder und doppeltem Seitenhaken. Ideal f\u00fcr M\u00f6bel mit Aufroll-, Einzieh- oder Rolll\u00e4den.","og_url":"https:\/\/www.omrserrature.it\/de\/produkt\/schloss-fuer-moebelrollladen-zylinderschluessel-seitenhaken\/","og_site_name":"OMR Serrature | Produzione sistemi di chiusura","article_publisher":"https:\/\/www.facebook.com\/OMRserrature","article_modified_time":"2026-04-08T09:10:15+00:00","og_image":[{"width":1000,"height":1000,"url":"https:\/\/www.omrserrature.it\/wp-content\/uploads\/2025\/10\/Serratura-per-serrandina-chiusa.jpg","type":"image\/jpeg"}],"twitter_card":"summary_large_image","twitter_misc":{"Gesch\u00e4tzte Lesezeit":"1\u00a0Minute"},"schema":{"@context":"https:\/\/schema.org","@graph":[{"@type":"WebPage","@id":"https:\/\/www.omrserrature.it\/de\/produkt\/schloss-fuer-moebelrollladen-zylinderschluessel-seitenhaken\/","url":"https:\/\/www.omrserrature.it\/de\/produkt\/schloss-fuer-moebelrollladen-zylinderschluessel-seitenhaken\/","name":"Schloss f\u00fcr M\u00f6bel mit Rollladen. Doppelseitiger Haken","isPartOf":{"@id":"https:\/\/www.omrserrature.it\/de\/#website"},"primaryImageOfPage":{"@id":"https:\/\/www.omrserrature.it\/de\/produkt\/schloss-fuer-moebelrollladen-zylinderschluessel-seitenhaken\/#primaryimage"},"image":{"@id":"https:\/\/www.omrserrature.it\/de\/produkt\/schloss-fuer-moebelrollladen-zylinderschluessel-seitenhaken\/#primaryimage"},"thumbnailUrl":"https:\/\/www.omrserrature.it\/wp-content\/uploads\/2025\/10\/Serratura-per-serrandina-chiusa.jpg","datePublished":"2025-10-21T08:42:10+00:00","dateModified":"2026-04-08T09:10:15+00:00","description":"Schloss f\u00fcr Rolll\u00e4den mit Schl\u00fcsselzylinder und doppeltem Seitenhaken. Ideal f\u00fcr M\u00f6bel mit Aufroll-, Einzieh- oder Rolll\u00e4den.","breadcrumb":{"@id":"https:\/\/www.omrserrature.it\/de\/produkt\/schloss-fuer-moebelrollladen-zylinderschluessel-seitenhaken\/#breadcrumb"},"inLanguage":"de","potentialAction":[{"@type":"ReadAction","target":["https:\/\/www.omrserrature.it\/de\/produkt\/schloss-fuer-moebelrollladen-zylinderschluessel-seitenhaken\/"]}]},{"@type":"ImageObject","inLanguage":"de","@id":"https:\/\/www.omrserrature.it\/de\/produkt\/schloss-fuer-moebelrollladen-zylinderschluessel-seitenhaken\/#primaryimage","url":"https:\/\/www.omrserrature.it\/wp-content\/uploads\/2025\/10\/Serratura-per-serrandina-chiusa.jpg","contentUrl":"https:\/\/www.omrserrature.it\/wp-content\/uploads\/2025\/10\/Serratura-per-serrandina-chiusa.jpg","width":1000,"height":1000,"caption":"Rollladenschloss - M\u00f6bel"},{"@type":"BreadcrumbList","@id":"https:\/\/www.omrserrature.it\/de\/produkt\/schloss-fuer-moebelrollladen-zylinderschluessel-seitenhaken\/#breadcrumb","itemListElement":[{"@type":"ListItem","position":1,"name":"Home","item":"https:\/\/www.omrserrature.it\/de\/omr-serrature-sistemi-chiusura\/"},{"@type":"ListItem","position":2,"name":"Katalog","item":"https:\/\/www.omrserrature.it\/katalog\/?lang=de"},{"@type":"ListItem","position":3,"name":"Produkte","item":"https:\/\/www.omrserrature.it\/de\/katalog\/produkte\/"},{"@type":"ListItem","position":4,"name":"Schloesser","item":"https:\/\/www.omrserrature.it\/de\/katalog\/produkte\/schloesser\/"},{"@type":"ListItem","position":5,"name":"Hakenschl\u00f6sser","item":"https:\/\/www.omrserrature.it\/de\/katalog\/produkte\/schloesser\/hakenschlosser\/"},{"@type":"ListItem","position":6,"name":"Schloss f\u00fcr M\u00f6belrollladen &#8211; Zylinderschl\u00fcssel + Seitenhaken"}]},{"@type":"WebSite","@id":"https:\/\/www.omrserrature.it\/de\/#website","url":"https:\/\/www.omrserrature.it\/de\/","name":"OMR Serrature | Produzione sistemi di chiusura","description":"Produzione serrature di sicurezza e sistemi di chiusura","publisher":{"@id":"https:\/\/www.omrserrature.it\/de\/#organization"},"potentialAction":[{"@type":"SearchAction","target":{"@type":"EntryPoint","urlTemplate":"https:\/\/www.omrserrature.it\/de\/?s={search_term_string}"},"query-input":{"@type":"PropertyValueSpecification","valueRequired":true,"valueName":"search_term_string"}}],"inLanguage":"de"},{"@type":"Organization","@id":"https:\/\/www.omrserrature.it\/de\/#organization","name":"OMR Serrature | Produzione sistemi di chiusura","url":"https:\/\/www.omrserrature.it\/de\/","logo":{"@type":"ImageObject","inLanguage":"de","@id":"https:\/\/www.omrserrature.it\/de\/#\/schema\/logo\/image\/","url":"https:\/\/www.omrserrature.it\/wp-content\/uploads\/2017\/09\/favicon-omr-114.png","contentUrl":"https:\/\/www.omrserrature.it\/wp-content\/uploads\/2017\/09\/favicon-omr-114.png","width":114,"height":114,"caption":"OMR Serrature | Produzione sistemi di chiusura"},"image":{"@id":"https:\/\/www.omrserrature.it\/de\/#\/schema\/logo\/image\/"},"sameAs":["https:\/\/www.facebook.com\/OMRserrature","https:\/\/www.linkedin.com\/company\/omrserrature\/","https:\/\/www.youtube.com\/channel\/UCxmA85z2R0EpG_6IRokiAkg"]}]}},"_links":{"self":[{"href":"https:\/\/www.omrserrature.it\/de\/wp-json\/wp\/v2\/product\/254568","targetHints":{"allow":["GET"]}}],"collection":[{"href":"https:\/\/www.omrserrature.it\/de\/wp-json\/wp\/v2\/product"}],"about":[{"href":"https:\/\/www.omrserrature.it\/de\/wp-json\/wp\/v2\/types\/product"}],"replies":[{"embeddable":true,"href":"https:\/\/www.omrserrature.it\/de\/wp-json\/wp\/v2\/comments?post=254568"}],"wp:featuredmedia":[{"embeddable":true,"href":"https:\/\/www.omrserrature.it\/de\/wp-json\/wp\/v2\/media\/254355"}],"wp:attachment":[{"href":"https:\/\/www.omrserrature.it\/de\/wp-json\/wp\/v2\/media?parent=254568"}],"wp:term":[{"taxonomy":"product_brand","embeddable":true,"href":"https:\/\/www.omrserrature.it\/de\/wp-json\/wp\/v2\/product_brand?post=254568"},{"taxonomy":"product_cat","embeddable":true,"href":"https:\/\/www.omrserrature.it\/de\/wp-json\/wp\/v2\/product_cat?post=254568"},{"taxonomy":"product_tag","embeddable":true,"href":"https:\/\/www.omrserrature.it\/de\/wp-json\/wp\/v2\/product_tag?post=254568"}],"curies":[{"name":"wp","href":"https:\/\/api.w.org\/{rel}","templated":true}]}}