{"id":254319,"date":"2025-09-15T14:11:22","date_gmt":"2025-09-15T12:11:22","guid":{"rendered":"https:\/\/www.omrserrature.it\/prodotto\/mechanisches-kombinationsschloss-mit-hinterem-hakenhebel\/"},"modified":"2026-04-08T11:09:28","modified_gmt":"2026-04-08T09:09:28","slug":"mechanisches-kombinationsschloss-mit-hinterem-hakenhebel","status":"publish","type":"product","link":"https:\/\/www.omrserrature.it\/de\/produkt\/mechanisches-kombinationsschloss-mit-hinterem-hakenhebel\/","title":{"rendered":"Mechanisches Kombinationsschloss mit hinterem Hakenhebel"},"content":{"rendered":"<p>Das <strong>mechanische Kombinationsschloss OMR<\/strong> mit hinterem Hakenhebel ist auf Sicherheit und Anpassungsf\u00e4higkeit ausgelegt. Es ist sowohl f\u00fcr <strong>Fl\u00fcgelt\u00fcren<\/strong> als auch f\u00fcr <strong>Schiebet\u00fcren<\/strong> geeignet, dank des Hakenhebels, der in einen Ankerstift eingreifen kann. Es ben\u00f6tigt keinen Schl\u00fcssel; der Abschluss wird durch den 3-stelligen Zahlencode garantiert (1000 verschiedene Kombinationen).  <\/p>\n<h2>Im Paket enthaltene Komponenten<\/h2>\n<p>Jedes Paket enth\u00e4lt alles, was Sie brauchen, um das Schloss sofort einzubauen und zu benutzen:<\/p>\n<ul>\n<li>3-stelliger Kombinationsknopf (0-9).<\/li>\n<li>Unterlegscheibe mit Spikes zur Blockierung der Rotation im Falle eines runden Lochs (nicht Doppel-D).<\/li>\n<li>Haken Sie den hinteren Hebel ein.<\/li>\n<li>Mutter f\u00fcr die Hauptbefestigung am Loch.<\/li>\n<li>Schutz-\/Abstandsscheibe aus Kunststoff.<\/li>\n<li>Befestigungsschraube f\u00fcr den Hebel.<\/li>\n<li>Inklusive Ahle aus Metall zum \u00c4ndern des Codes.<\/li>\n<\/ul>\n<h2>Hauptmerkmale<\/h2>\n<p>Hier sind die St\u00e4rken, die dieses Schloss auszeichnen:<\/p>\n<ul>\n<li><strong>3-stellige Zahlenkombination:<\/strong> 000 bis 999 \u2192 1.000 eindeutige Codes.<\/li>\n<li><strong>Hinterer Hakenhebel:<\/strong> geeignet f\u00fcr Fl\u00fcgelt\u00fcren und perfekt kompatibel mit Schiebet\u00fcren, wenn es einen St\u00fctzstift gibt, an dem der Hebel eingeh\u00e4ngt werden kann.<\/li>\n<li><strong>Befestigung mit Mutter:<\/strong> garantierte Stabilit\u00e4t bei einfacher und robuster Montage.<\/li>\n<li><strong>Widerstandsf\u00e4hige Materialien:<\/strong> Geh\u00e4use aus Zamak mit verchromter Oberfl\u00e4che, resistent gegen Staub, Feuchtigkeit und Salzigkeit.<\/li>\n<li><strong>Breite Kompatibilit\u00e4t:<\/strong> geeignet f\u00fcr Holz-, Kunststoff- und Metallt\u00fcren bis zu einer maximalen Dicke von 27 mm (Schlossk\u00f6rper).<\/li>\n<\/ul>\n<h2>Einfache Installation<\/h2>\n<p>Die Installation des Schlosses ist selbst f\u00fcr Unge\u00fcbte einfach. Folgen Sie einfach diesen Schritten: <\/p>\n<ul>\n<li>Setzen Sie das Schloss in das Loch ein.<\/li>\n<li>Legen Sie die Stachelscheibe zwischen den Knopf und die M\u00f6belt\u00fcr, um eine unerw\u00fcnschte Drehung zu verhindern, falls es sich um ein rundes Loch handelt.<\/li>\n<li>Setzen Sie die Kunststoffscheibe auf, bringen Sie die Mutter an und ziehen Sie sie fest, um das Schloss zu sichern.<\/li>\n<li>Ziehen Sie den Hebel f\u00fcr den hinteren Haken mit der mitgelieferten Schraube fest.<\/li>\n<\/ul>\n<h2>T\u00e4glicher Gebrauch und Abschluss<\/h2>\n<p>Die Bedienung ist praktisch und sicher. Um die M\u00f6belt\u00fcr zu \u00f6ffnen, stellen Sie einfach die gew\u00e4hlte Kombination ein und drehen den Knauf. In der ge\u00f6ffneten Position erm\u00f6glicht das Schloss die \u00c4nderung des Codes (siehe n\u00e4chster Absatz). Um das Schloss zu schlie\u00dfen, drehen Sie den Knopf, wobei Sie darauf achten m\u00fcssen, dass der Entriegelungscode nicht offen liegt.   <\/p>\n<h2>\u00c4nderung des Codes<\/h2>\n<p>Dank der mitgelieferten Ahle ist der Code-Wechsel schnell und einfach:<\/p>\n<ul>\n<li>Stellen Sie den aktuellen Code ein.<\/li>\n<li>Drehen Sie den Knopf, um das Schloss zu entriegeln.<\/li>\n<li>Verwenden Sie die Metall-Ahle, um den kleinen Knopf in das Loch an der Basis des Pfeils, auf der Seite des Knopfes, zu dr\u00fccken.<\/li>\n<li>W\u00e4hrend Sie die Taste gedr\u00fcckt halten, geben Sie den neuen Code ein.<\/li>\n<li>Lassen Sie die Taste los und fahren Sie mit dem Abschluss fort. Der neue Code ist bereits einsatzbereit! <\/li>\n<\/ul>\n<h2>Empfohlene Anwendungen<\/h2>\n<p>Diese Art von Hakenhebelschloss eignet sich perfekt f\u00fcr verschiedene Situationen, in denen ein zuverl\u00e4ssiges schl\u00fcsselloses mechanisches Schloss ben\u00f6tigt wird:<\/p>\n<ul>\n<li>Fl\u00fcgelt\u00fcren f\u00fcr Anrichten, M\u00f6bel und Haushaltsschr\u00e4nke.<\/li>\n<li>Schiebet\u00fcren mit Scharnierstift oder Profilen, die die Verwendung des Hakenhebels erm\u00f6glichen.<\/li>\n<li>Vitrinen oder Auslagen in Gesch\u00e4ften, in denen ein Sichtschutz, aber auch ein robuster Abschluss erforderlich ist.<\/li>\n<li>B\u00fcrom\u00f6bel, Aktenschr\u00e4nke, Speisekammern mit Fl\u00fcgelt\u00fcren oder Schiebet\u00fcren.<\/li>\n<\/ul>\n<h2>Zusammenfassung der technischen Daten<\/h2>\n<ul>\n<li>Anzahl der Ziffern: <strong>3 Ziffern (000-999)<\/strong> \u2192 1.000 Kombinationen<\/li>\n<li>Inklusive Hebel f\u00fcr den hinteren Haken<\/li>\n<li>Befestigung: <strong>Mutter und Zahnscheibe<\/strong><\/li>\n<li>Materialien: <strong>Zamak mit Chromoberfl\u00e4che, Kunststoff<\/strong><\/li>\n<li>Schutz: feuchtigkeitsgesch\u00fctzt, salzfest, staubdicht<\/li>\n<li>Kompatibilit\u00e4t: Fl\u00fcgelt\u00fcren und Schiebet\u00fcren<\/li>\n<li>Mitgeliefertes Zubeh\u00f6r: Ahle f\u00fcr Code\u00e4nderung, Unterlegscheibe mit Zacken, Kunststoffunterlegscheibe<\/li>\n<\/ul>\n","protected":false},"excerpt":{"rendered":"<p>OMR <strong>3-stelliges<\/strong> mechanisches Zahlenschloss mit <strong>hinterem Hakenhebel.<\/strong> Befestigung mit Mutter, <strong>verchromtes Zamakgeh\u00e4use<\/strong>, staub-, feuchtigkeits- und salzbest\u00e4ndig. Ideal f\u00fcr <strong>Fl\u00fcgelt\u00fcren<\/strong> und <strong>Schiebet\u00fcren<\/strong> mit Ankerstift.  <\/p>\n","protected":false},"featured_media":253357,"comment_status":"closed","ping_status":"closed","template":"","meta":{"_acf_changed":false,"_et_pb_use_builder":"","_et_pb_old_content":"","_et_gb_content_width":""},"product_brand":[],"product_cat":[3773,3774,3876,3779,3787,3825,3792,3861,3828,3790,3878,1341,3835],"product_tag":[],"class_list":{"0":"post-254319","1":"product","2":"type-product","3":"status-publish","4":"has-post-thumbnail","6":"product_cat-architektur-stadtplanung-und-design","7":"product_cat-burogebaude","8":"product_cat-flugelturen","9":"product_cat-griffe-und-knopfe","10":"product_cat-hakenschlosser","11":"product_cat-hebel-schlosser","12":"product_cat-kombinationsschlosser","13":"product_cat-mobelturen","14":"product_cat-professionelle-mobelschlosser","15":"product_cat-reprogrammierbare-schlosser","16":"product_cat-schieben","17":"product_cat-schloesser","18":"product_cat-schlosser-fur-mobel","20":"first","21":"instock","22":"shipping-taxable","23":"product-type-simple"},"acf":{"pdf1":"https:\/\/www.omrserrature.it\/wp-content\/uploads\/2025\/09\/Scheda_165580-COD.pdf"},"yoast_head":"<!-- This site is optimized with the Yoast SEO plugin v27.2 - https:\/\/yoast.com\/product\/yoast-seo-wordpress\/ -->\n<title>OMR mechanisches Zahlenschloss mit Hakenhebel<\/title>\n<meta name=\"description\" content=\"OMR 3-stelliges mechanisches Kombinationsschloss mit hinterem Hakenhebel. Ideal f\u00fcr Fl\u00fcgelt\u00fcren und Schiebet\u00fcren, ohne die Verwendung von Schl\u00fcsseln.\" \/>\n<meta name=\"robots\" content=\"index, follow, max-snippet:-1, max-image-preview:large, max-video-preview:-1\" \/>\n<link rel=\"canonical\" href=\"https:\/\/www.omrserrature.it\/de\/produkt\/mechanisches-kombinationsschloss-mit-hinterem-hakenhebel\/\" \/>\n<meta property=\"og:locale\" content=\"de_DE\" \/>\n<meta property=\"og:type\" content=\"article\" \/>\n<meta property=\"og:title\" content=\"OMR mechanisches Zahlenschloss mit Hakenhebel\" \/>\n<meta property=\"og:description\" content=\"OMR 3-stelliges mechanisches Kombinationsschloss mit hinterem Hakenhebel. Ideal f\u00fcr Fl\u00fcgelt\u00fcren und Schiebet\u00fcren, ohne die Verwendung von Schl\u00fcsseln.\" \/>\n<meta property=\"og:url\" content=\"https:\/\/www.omrserrature.it\/de\/produkt\/mechanisches-kombinationsschloss-mit-hinterem-hakenhebel\/\" \/>\n<meta property=\"og:site_name\" content=\"OMR Serrature | Produzione sistemi di chiusura\" \/>\n<meta property=\"article:publisher\" content=\"https:\/\/www.facebook.com\/OMRserrature\" \/>\n<meta property=\"article:modified_time\" content=\"2026-04-08T09:09:28+00:00\" \/>\n<meta property=\"og:image\" content=\"https:\/\/www.omrserrature.it\/wp-content\/uploads\/2025\/09\/Serratura-a-combinazione-con-leva.jpg\" \/>\n\t<meta property=\"og:image:width\" content=\"1000\" \/>\n\t<meta property=\"og:image:height\" content=\"997\" \/>\n\t<meta property=\"og:image:type\" content=\"image\/jpeg\" \/>\n<meta name=\"twitter:card\" content=\"summary_large_image\" \/>\n<meta name=\"twitter:label1\" content=\"Gesch\u00e4tzte Lesezeit\" \/>\n\t<meta name=\"twitter:data1\" content=\"3\u00a0Minuten\" \/>\n<script type=\"application\/ld+json\" class=\"yoast-schema-graph\">{\"@context\":\"https:\/\/schema.org\",\"@graph\":[{\"@type\":\"WebPage\",\"@id\":\"https:\/\/www.omrserrature.it\/de\/produkt\/mechanisches-kombinationsschloss-mit-hinterem-hakenhebel\/\",\"url\":\"https:\/\/www.omrserrature.it\/de\/produkt\/mechanisches-kombinationsschloss-mit-hinterem-hakenhebel\/\",\"name\":\"OMR mechanisches Zahlenschloss mit Hakenhebel\",\"isPartOf\":{\"@id\":\"https:\/\/www.omrserrature.it\/de\/#website\"},\"primaryImageOfPage\":{\"@id\":\"https:\/\/www.omrserrature.it\/de\/produkt\/mechanisches-kombinationsschloss-mit-hinterem-hakenhebel\/#primaryimage\"},\"image\":{\"@id\":\"https:\/\/www.omrserrature.it\/de\/produkt\/mechanisches-kombinationsschloss-mit-hinterem-hakenhebel\/#primaryimage\"},\"thumbnailUrl\":\"https:\/\/www.omrserrature.it\/wp-content\/uploads\/2025\/09\/Serratura-a-combinazione-con-leva.jpg\",\"datePublished\":\"2025-09-15T12:11:22+00:00\",\"dateModified\":\"2026-04-08T09:09:28+00:00\",\"description\":\"OMR 3-stelliges mechanisches Kombinationsschloss mit hinterem Hakenhebel. Ideal f\u00fcr Fl\u00fcgelt\u00fcren und Schiebet\u00fcren, ohne die Verwendung von Schl\u00fcsseln.\",\"breadcrumb\":{\"@id\":\"https:\/\/www.omrserrature.it\/de\/produkt\/mechanisches-kombinationsschloss-mit-hinterem-hakenhebel\/#breadcrumb\"},\"inLanguage\":\"de\",\"potentialAction\":[{\"@type\":\"ReadAction\",\"target\":[\"https:\/\/www.omrserrature.it\/de\/produkt\/mechanisches-kombinationsschloss-mit-hinterem-hakenhebel\/\"]}]},{\"@type\":\"ImageObject\",\"inLanguage\":\"de\",\"@id\":\"https:\/\/www.omrserrature.it\/de\/produkt\/mechanisches-kombinationsschloss-mit-hinterem-hakenhebel\/#primaryimage\",\"url\":\"https:\/\/www.omrserrature.it\/wp-content\/uploads\/2025\/09\/Serratura-a-combinazione-con-leva.jpg\",\"contentUrl\":\"https:\/\/www.omrserrature.it\/wp-content\/uploads\/2025\/09\/Serratura-a-combinazione-con-leva.jpg\",\"width\":1000,\"height\":997,\"caption\":\"Schloss f\u00fcr M\u00f6belt\u00fcren oder Schiebet\u00fcren, mit Zahlenkombination\"},{\"@type\":\"BreadcrumbList\",\"@id\":\"https:\/\/www.omrserrature.it\/de\/produkt\/mechanisches-kombinationsschloss-mit-hinterem-hakenhebel\/#breadcrumb\",\"itemListElement\":[{\"@type\":\"ListItem\",\"position\":1,\"name\":\"Home\",\"item\":\"https:\/\/www.omrserrature.it\/de\/omr-serrature-sistemi-chiusura\/\"},{\"@type\":\"ListItem\",\"position\":2,\"name\":\"Katalog\",\"item\":\"https:\/\/www.omrserrature.it\/katalog\/?lang=de\"},{\"@type\":\"ListItem\",\"position\":3,\"name\":\"Produkte\",\"item\":\"https:\/\/www.omrserrature.it\/de\/katalog\/produkte\/\"},{\"@type\":\"ListItem\",\"position\":4,\"name\":\"Schloesser\",\"item\":\"https:\/\/www.omrserrature.it\/de\/katalog\/produkte\/schloesser\/\"},{\"@type\":\"ListItem\",\"position\":5,\"name\":\"Kombinationsschl\u00f6sser\",\"item\":\"https:\/\/www.omrserrature.it\/de\/katalog\/produkte\/schloesser\/kombinationsschlosser\/\"},{\"@type\":\"ListItem\",\"position\":6,\"name\":\"Mechanisches Kombinationsschloss mit hinterem Hakenhebel\"}]},{\"@type\":\"WebSite\",\"@id\":\"https:\/\/www.omrserrature.it\/de\/#website\",\"url\":\"https:\/\/www.omrserrature.it\/de\/\",\"name\":\"OMR Serrature | Produzione sistemi di chiusura\",\"description\":\"Produzione serrature di sicurezza e sistemi di chiusura\",\"publisher\":{\"@id\":\"https:\/\/www.omrserrature.it\/de\/#organization\"},\"potentialAction\":[{\"@type\":\"SearchAction\",\"target\":{\"@type\":\"EntryPoint\",\"urlTemplate\":\"https:\/\/www.omrserrature.it\/de\/?s={search_term_string}\"},\"query-input\":{\"@type\":\"PropertyValueSpecification\",\"valueRequired\":true,\"valueName\":\"search_term_string\"}}],\"inLanguage\":\"de\"},{\"@type\":\"Organization\",\"@id\":\"https:\/\/www.omrserrature.it\/de\/#organization\",\"name\":\"OMR Serrature | Produzione sistemi di chiusura\",\"url\":\"https:\/\/www.omrserrature.it\/de\/\",\"logo\":{\"@type\":\"ImageObject\",\"inLanguage\":\"de\",\"@id\":\"https:\/\/www.omrserrature.it\/de\/#\/schema\/logo\/image\/\",\"url\":\"https:\/\/www.omrserrature.it\/wp-content\/uploads\/2017\/09\/favicon-omr-114.png\",\"contentUrl\":\"https:\/\/www.omrserrature.it\/wp-content\/uploads\/2017\/09\/favicon-omr-114.png\",\"width\":114,\"height\":114,\"caption\":\"OMR Serrature | Produzione sistemi di chiusura\"},\"image\":{\"@id\":\"https:\/\/www.omrserrature.it\/de\/#\/schema\/logo\/image\/\"},\"sameAs\":[\"https:\/\/www.facebook.com\/OMRserrature\",\"https:\/\/www.linkedin.com\/company\/omrserrature\/\",\"https:\/\/www.youtube.com\/channel\/UCxmA85z2R0EpG_6IRokiAkg\"]}]}<\/script>\n<!-- \/ Yoast SEO plugin. -->","yoast_head_json":{"title":"OMR mechanisches Zahlenschloss mit Hakenhebel","description":"OMR 3-stelliges mechanisches Kombinationsschloss mit hinterem Hakenhebel. Ideal f\u00fcr Fl\u00fcgelt\u00fcren und Schiebet\u00fcren, ohne die Verwendung von Schl\u00fcsseln.","robots":{"index":"index","follow":"follow","max-snippet":"max-snippet:-1","max-image-preview":"max-image-preview:large","max-video-preview":"max-video-preview:-1"},"canonical":"https:\/\/www.omrserrature.it\/de\/produkt\/mechanisches-kombinationsschloss-mit-hinterem-hakenhebel\/","og_locale":"de_DE","og_type":"article","og_title":"OMR mechanisches Zahlenschloss mit Hakenhebel","og_description":"OMR 3-stelliges mechanisches Kombinationsschloss mit hinterem Hakenhebel. Ideal f\u00fcr Fl\u00fcgelt\u00fcren und Schiebet\u00fcren, ohne die Verwendung von Schl\u00fcsseln.","og_url":"https:\/\/www.omrserrature.it\/de\/produkt\/mechanisches-kombinationsschloss-mit-hinterem-hakenhebel\/","og_site_name":"OMR Serrature | Produzione sistemi di chiusura","article_publisher":"https:\/\/www.facebook.com\/OMRserrature","article_modified_time":"2026-04-08T09:09:28+00:00","og_image":[{"width":1000,"height":997,"url":"https:\/\/www.omrserrature.it\/wp-content\/uploads\/2025\/09\/Serratura-a-combinazione-con-leva.jpg","type":"image\/jpeg"}],"twitter_card":"summary_large_image","twitter_misc":{"Gesch\u00e4tzte Lesezeit":"3\u00a0Minuten"},"schema":{"@context":"https:\/\/schema.org","@graph":[{"@type":"WebPage","@id":"https:\/\/www.omrserrature.it\/de\/produkt\/mechanisches-kombinationsschloss-mit-hinterem-hakenhebel\/","url":"https:\/\/www.omrserrature.it\/de\/produkt\/mechanisches-kombinationsschloss-mit-hinterem-hakenhebel\/","name":"OMR mechanisches Zahlenschloss mit Hakenhebel","isPartOf":{"@id":"https:\/\/www.omrserrature.it\/de\/#website"},"primaryImageOfPage":{"@id":"https:\/\/www.omrserrature.it\/de\/produkt\/mechanisches-kombinationsschloss-mit-hinterem-hakenhebel\/#primaryimage"},"image":{"@id":"https:\/\/www.omrserrature.it\/de\/produkt\/mechanisches-kombinationsschloss-mit-hinterem-hakenhebel\/#primaryimage"},"thumbnailUrl":"https:\/\/www.omrserrature.it\/wp-content\/uploads\/2025\/09\/Serratura-a-combinazione-con-leva.jpg","datePublished":"2025-09-15T12:11:22+00:00","dateModified":"2026-04-08T09:09:28+00:00","description":"OMR 3-stelliges mechanisches Kombinationsschloss mit hinterem Hakenhebel. Ideal f\u00fcr Fl\u00fcgelt\u00fcren und Schiebet\u00fcren, ohne die Verwendung von Schl\u00fcsseln.","breadcrumb":{"@id":"https:\/\/www.omrserrature.it\/de\/produkt\/mechanisches-kombinationsschloss-mit-hinterem-hakenhebel\/#breadcrumb"},"inLanguage":"de","potentialAction":[{"@type":"ReadAction","target":["https:\/\/www.omrserrature.it\/de\/produkt\/mechanisches-kombinationsschloss-mit-hinterem-hakenhebel\/"]}]},{"@type":"ImageObject","inLanguage":"de","@id":"https:\/\/www.omrserrature.it\/de\/produkt\/mechanisches-kombinationsschloss-mit-hinterem-hakenhebel\/#primaryimage","url":"https:\/\/www.omrserrature.it\/wp-content\/uploads\/2025\/09\/Serratura-a-combinazione-con-leva.jpg","contentUrl":"https:\/\/www.omrserrature.it\/wp-content\/uploads\/2025\/09\/Serratura-a-combinazione-con-leva.jpg","width":1000,"height":997,"caption":"Schloss f\u00fcr M\u00f6belt\u00fcren oder Schiebet\u00fcren, mit Zahlenkombination"},{"@type":"BreadcrumbList","@id":"https:\/\/www.omrserrature.it\/de\/produkt\/mechanisches-kombinationsschloss-mit-hinterem-hakenhebel\/#breadcrumb","itemListElement":[{"@type":"ListItem","position":1,"name":"Home","item":"https:\/\/www.omrserrature.it\/de\/omr-serrature-sistemi-chiusura\/"},{"@type":"ListItem","position":2,"name":"Katalog","item":"https:\/\/www.omrserrature.it\/katalog\/?lang=de"},{"@type":"ListItem","position":3,"name":"Produkte","item":"https:\/\/www.omrserrature.it\/de\/katalog\/produkte\/"},{"@type":"ListItem","position":4,"name":"Schloesser","item":"https:\/\/www.omrserrature.it\/de\/katalog\/produkte\/schloesser\/"},{"@type":"ListItem","position":5,"name":"Kombinationsschl\u00f6sser","item":"https:\/\/www.omrserrature.it\/de\/katalog\/produkte\/schloesser\/kombinationsschlosser\/"},{"@type":"ListItem","position":6,"name":"Mechanisches Kombinationsschloss mit hinterem Hakenhebel"}]},{"@type":"WebSite","@id":"https:\/\/www.omrserrature.it\/de\/#website","url":"https:\/\/www.omrserrature.it\/de\/","name":"OMR Serrature | Produzione sistemi di chiusura","description":"Produzione serrature di sicurezza e sistemi di chiusura","publisher":{"@id":"https:\/\/www.omrserrature.it\/de\/#organization"},"potentialAction":[{"@type":"SearchAction","target":{"@type":"EntryPoint","urlTemplate":"https:\/\/www.omrserrature.it\/de\/?s={search_term_string}"},"query-input":{"@type":"PropertyValueSpecification","valueRequired":true,"valueName":"search_term_string"}}],"inLanguage":"de"},{"@type":"Organization","@id":"https:\/\/www.omrserrature.it\/de\/#organization","name":"OMR Serrature | Produzione sistemi di chiusura","url":"https:\/\/www.omrserrature.it\/de\/","logo":{"@type":"ImageObject","inLanguage":"de","@id":"https:\/\/www.omrserrature.it\/de\/#\/schema\/logo\/image\/","url":"https:\/\/www.omrserrature.it\/wp-content\/uploads\/2017\/09\/favicon-omr-114.png","contentUrl":"https:\/\/www.omrserrature.it\/wp-content\/uploads\/2017\/09\/favicon-omr-114.png","width":114,"height":114,"caption":"OMR Serrature | Produzione sistemi di chiusura"},"image":{"@id":"https:\/\/www.omrserrature.it\/de\/#\/schema\/logo\/image\/"},"sameAs":["https:\/\/www.facebook.com\/OMRserrature","https:\/\/www.linkedin.com\/company\/omrserrature\/","https:\/\/www.youtube.com\/channel\/UCxmA85z2R0EpG_6IRokiAkg"]}]}},"_links":{"self":[{"href":"https:\/\/www.omrserrature.it\/de\/wp-json\/wp\/v2\/product\/254319","targetHints":{"allow":["GET"]}}],"collection":[{"href":"https:\/\/www.omrserrature.it\/de\/wp-json\/wp\/v2\/product"}],"about":[{"href":"https:\/\/www.omrserrature.it\/de\/wp-json\/wp\/v2\/types\/product"}],"replies":[{"embeddable":true,"href":"https:\/\/www.omrserrature.it\/de\/wp-json\/wp\/v2\/comments?post=254319"}],"wp:featuredmedia":[{"embeddable":true,"href":"https:\/\/www.omrserrature.it\/de\/wp-json\/wp\/v2\/media\/253357"}],"wp:attachment":[{"href":"https:\/\/www.omrserrature.it\/de\/wp-json\/wp\/v2\/media?parent=254319"}],"wp:term":[{"taxonomy":"product_brand","embeddable":true,"href":"https:\/\/www.omrserrature.it\/de\/wp-json\/wp\/v2\/product_brand?post=254319"},{"taxonomy":"product_cat","embeddable":true,"href":"https:\/\/www.omrserrature.it\/de\/wp-json\/wp\/v2\/product_cat?post=254319"},{"taxonomy":"product_tag","embeddable":true,"href":"https:\/\/www.omrserrature.it\/de\/wp-json\/wp\/v2\/product_tag?post=254319"}],"curies":[{"name":"wp","href":"https:\/\/api.w.org\/{rel}","templated":true}]}}