{"id":254311,"date":"2025-09-15T12:00:10","date_gmt":"2025-09-15T10:00:10","guid":{"rendered":"https:\/\/www.omrserrature.it\/prodotto\/zahnstangenschloss-mit-mechanischem-kombinationsknopf\/"},"modified":"2026-04-08T11:09:30","modified_gmt":"2026-04-08T09:09:30","slug":"zahnstangenschloss-mit-mechanischem-kombinationsknopf","status":"publish","type":"product","link":"https:\/\/www.omrserrature.it\/de\/produkt\/zahnstangenschloss-mit-mechanischem-kombinationsknopf\/","title":{"rendered":"Zahnstangenschloss mit mechanischem Kombinationsknopf"},"content":{"rendered":"<p>Das <strong>OMR Regalschloss mit mechanischem Kombinationsknopf<\/strong> ist die ideale L\u00f6sung zum Schutz von Vitrinen, Displays und Schr\u00e4nken mit Schiebet\u00fcren aus Glas, Holz oder Kunststoff. Mit seinem <strong>einstellbaren 3-stelligen<\/strong> System <strong>(000-999)<\/strong> bietet es <strong>1.000 einzigartige Kombinationen<\/strong> und garantiert so Sicherheit ohne Schl\u00fcssel. Das <strong>verchromte Zamak-Geh\u00e4use<\/strong> macht ihn staub-, feuchtigkeits- und salzresistent und ist damit perfekt f\u00fcr anspruchsvolle Umgebungen geeignet.  <\/p>\n<h2>Hauptmerkmale<\/h2>\n<ul>\n<li><strong>3-stellige Zahlenkombination<\/strong> \u2192 bis zu 1.000 m\u00f6gliche Kombinationen.<\/li>\n<li><strong>Ergonomischer Drehknopf<\/strong> \u2192 intuitives Schlie\u00dfen und \u00d6ffnen ohne Schl\u00fcssel.<\/li>\n<li><strong>Einbau ohne L\u00f6cher<\/strong> \u2192 Befestigung mit zwei innenliegenden Schrauben ohne Besch\u00e4digung der M\u00f6belt\u00fcr.<\/li>\n<li><strong>U-f\u00f6rmiges Terminal<\/strong> \u2192 kompatibel mit T\u00fcren bis zu einer St\u00e4rke von 12\/13 mm.<\/li>\n<li><strong>Materialien und Qualit\u00e4t der Konstruktion<\/strong> \u2192 verchromtes Zamak, resistent gegen Staub, Salz und Feuchtigkeit.<\/li>\n<li><strong>Vielseitiger Einsatz<\/strong> \u2192 geeignet f\u00fcr Glas, Holz und Kunststoff.<\/li>\n<\/ul>\n<h2>Einfache Installation, kein Bohren erforderlich<\/h2>\n<p>Einer der Hauptvorteile des OMR-Schlosses ist seine schnelle und nicht-invasive Installation. Die Installation erfordert keine Bohrungen oder baulichen Ver\u00e4nderungen an den Schiebet\u00fcren: Befestigen Sie es einfach mit den mitgelieferten Schrauben. <\/p>\n<ul>\n<li>Verankern Sie die <strong>Regalstange<\/strong> mit den beiden Schrauben an der <span style=\"text-decoration: underline;\">inneren<\/span> M\u00f6belt\u00fcr. Legen Sie Kunststoffpolster zwischen die Schrauben und die M\u00f6belt\u00fcr, um einen besseren Halt zu gew\u00e4hrleisten und die M\u00f6belt\u00fcr zu sch\u00fctzen. <\/li>\n<li>Stecken Sie den <strong>Kombinationsknopf<\/strong> in die Zahnstange.<\/li>\n<li>Das Schloss ist sofort einsatzbereit, ohne dass eine weitere Bearbeitung erforderlich ist.<\/li>\n<\/ul>\n<p>Dank dieses Systems ist die Montage f\u00fcr jedermann leicht zu bewerkstelligen und gef\u00e4hrdet nicht die Integrit\u00e4t der M\u00f6bel oder Vitrinen. Der Werkscode lautet 000. <\/p>\n<h2>T\u00e4glicher Gebrauch und Code\u00e4nderung<\/h2>\n<p>Die Verwendung des Schlosses ist praktisch und sicher. Um die M\u00f6belt\u00fcren zu entriegeln, stellen Sie einfach die gew\u00e4hlte Kombination ein, drehen den Knopf entgegen dem Uhrzeigersinn und schieben den Knopf heraus. Zum <strong>Schlie\u00dfen<\/strong> muss der Knopf <strong>in die Zahnstange eingef\u00fchrt<\/strong> werden: Der Kopf (Knopf) kann entweder in die offene oder die geschlossene Position geschoben werden. Wir empfehlen, ihn in geschlossener Position zu schieben, da dies bequemer ist und das Schloss in der sichersten Position einrastet.   <\/p>\n<p><strong>Verfahren zur \u00c4nderung des Codes:<\/strong><\/p>\n<ul>\n<li>Geben Sie den <strong>aktuellen Code<\/strong> ein und \u00f6ffnen Sie das Schloss durch Drehen des Knopfes entgegen dem Uhrzeigersinn.<\/li>\n<li>Entfernen Sie den Kopf von der Zahnstange.<\/li>\n<li>Verwenden Sie die mitgelieferte Metallahle, um <strong>den Knopf an der Kante des Knopfes zu dr\u00fccken<\/strong>.<\/li>\n<li>W\u00e4hrend Sie die Taste gedr\u00fcckt halten, geben Sie den <strong>gew\u00fcnschten neuen Code<\/strong> ein <strong>.<\/strong><\/li>\n<li>Lassen Sie die Taste zur Best\u00e4tigung los.<\/li>\n<\/ul>\n<p>Ein einfaches und intuitives Verfahren, mit dem der Code bei Bedarf unabh\u00e4ngig ge\u00e4ndert werden kann.<\/p>\n<h2>Empfohlene Anwendungen<\/h2>\n<p>Dieses Schloss mit Ritzel und Zahnstange ist ideal f\u00fcr verschiedene Einsatzbereiche:<\/p>\n<ul>\n<li><strong>Ladenvitrinen<\/strong> \u2192 Schmuck, Optik, Displays f\u00fcr wertvolle Artikel.<\/li>\n<li><strong>Schr\u00e4nke und Displays<\/strong> \u2192 aus Holz, Glas oder Kunststoff, mit Schiebet\u00fcren.<\/li>\n<li><strong>Professionelle Umgebungen<\/strong> \u2192 B\u00fcros, Archive, Ausstellungsr\u00e4ume.<\/li>\n<li><strong>Wohnm\u00f6bel<\/strong> \u2192 Sideboards, Dielenschr\u00e4nke, Kollektionsm\u00f6bel.<\/li>\n<\/ul>\n<h2>Zusammenfassung der technischen Daten<\/h2>\n<ul>\n<li>Kombinationsart: <strong>3 Ziffern (1.000 Kombinationen)<\/strong><\/li>\n<li>Maximale M\u00f6belt\u00fcrst\u00e4rke: <strong>12\/13 mm mit U-Terminal<\/strong><\/li>\n<li>Material: <strong>Zamak mit Chromoberfl\u00e4che<\/strong><\/li>\n<li>Widerstandsf\u00e4higkeit: <strong>Anti-Staub, Anti-Feuchtigkeit, Anti-Salz<\/strong><\/li>\n<li>Befestigung: <strong>2 interne Schrauben (inklusive)<\/strong><\/li>\n<li>Anwendungen: <strong>Glas, Holz, Kunststoff<\/strong><\/li>\n<\/ul>\n","protected":false},"excerpt":{"rendered":"<p>Zahnstangenschloss <strong>mit 3-stelligem mechanischem Kombinationsknopf<\/strong> (1.000 Kombinationen). Einfache Installation ohne L\u00f6cher, Befestigung mit 2 internen Schrauben. <strong>Verchromtes Zamak-Geh\u00e4use, resistent gegen Staub, Feuchtigkeit und Salz.<\/strong> Ideal f\u00fcr Vitrinen, Displays und Schr\u00e4nke mit Schiebet\u00fcren bis zu 12\/13 mm.   <\/p>\n","protected":false},"featured_media":253350,"comment_status":"closed","ping_status":"closed","template":"","meta":{"_acf_changed":false,"_et_pb_use_builder":"","_et_pb_old_content":"","_et_gb_content_width":""},"product_brand":[],"product_cat":[3773,3779,3766,3792,3771,3861,3790,3878,1341,3852,3835,3869,3785],"product_tag":[],"class_list":{"0":"post-254311","1":"product","2":"type-product","3":"status-publish","4":"has-post-thumbnail","6":"product_cat-architektur-stadtplanung-und-design","7":"product_cat-griffe-und-knopfe","8":"product_cat-gros-und-einzelhandel","9":"product_cat-kombinationsschlosser","10":"product_cat-messen-und-ausstellungen","11":"product_cat-mobelturen","12":"product_cat-reprogrammierbare-schlosser","13":"product_cat-schieben","14":"product_cat-schloesser","15":"product_cat-schlosser-fur-industrieschranke","16":"product_cat-schlosser-fur-mobel","17":"product_cat-schlosser-fur-vitrinen","18":"product_cat-zahnstangenschloss","20":"first","21":"instock","22":"shipping-taxable","23":"product-type-simple"},"acf":{"pdf1":"https:\/\/www.omrserrature.it\/wp-content\/uploads\/2025\/09\/Scheda-tech_220335-COD.pdf"},"yoast_head":"<!-- This site is optimized with the Yoast SEO plugin v27.5 - https:\/\/yoast.com\/product\/yoast-seo-wordpress\/ -->\n<title>OMR-Zahnstangenschloss mit Kombinationsknopf<\/title>\n<meta name=\"description\" content=\"OMR Regalschloss mit 3-stelligem Kombinationsknopf. Schl\u00fcssellose L\u00f6sung f\u00fcr Vitrinen und Displays mit Schiebet\u00fcren.\" \/>\n<meta name=\"robots\" content=\"index, follow, max-snippet:-1, max-image-preview:large, max-video-preview:-1\" \/>\n<link rel=\"canonical\" href=\"https:\/\/www.omrserrature.it\/de\/produkt\/zahnstangenschloss-mit-mechanischem-kombinationsknopf\/\" \/>\n<meta property=\"og:locale\" content=\"de_DE\" \/>\n<meta property=\"og:type\" content=\"article\" \/>\n<meta property=\"og:title\" content=\"OMR-Zahnstangenschloss mit Kombinationsknopf\" \/>\n<meta property=\"og:description\" content=\"OMR Regalschloss mit 3-stelligem Kombinationsknopf. Schl\u00fcssellose L\u00f6sung f\u00fcr Vitrinen und Displays mit Schiebet\u00fcren.\" \/>\n<meta property=\"og:url\" content=\"https:\/\/www.omrserrature.it\/de\/produkt\/zahnstangenschloss-mit-mechanischem-kombinationsknopf\/\" \/>\n<meta property=\"og:site_name\" content=\"OMR Serrature | Produzione sistemi di chiusura\" \/>\n<meta property=\"article:publisher\" content=\"https:\/\/www.facebook.com\/OMRserrature\" \/>\n<meta property=\"article:modified_time\" content=\"2026-04-08T09:09:30+00:00\" \/>\n<meta property=\"og:image\" content=\"https:\/\/www.omrserrature.it\/wp-content\/uploads\/2025\/09\/220335COD.jpg\" \/>\n\t<meta property=\"og:image:width\" content=\"1000\" \/>\n\t<meta property=\"og:image:height\" content=\"1000\" \/>\n\t<meta property=\"og:image:type\" content=\"image\/jpeg\" \/>\n<meta name=\"twitter:card\" content=\"summary_large_image\" \/>\n<meta name=\"twitter:label1\" content=\"Gesch\u00e4tzte Lesezeit\" \/>\n\t<meta name=\"twitter:data1\" content=\"3\u00a0Minuten\" \/>\n<script type=\"application\/ld+json\" class=\"yoast-schema-graph\">{\"@context\":\"https:\\\/\\\/schema.org\",\"@graph\":[{\"@type\":\"WebPage\",\"@id\":\"https:\\\/\\\/www.omrserrature.it\\\/de\\\/produkt\\\/zahnstangenschloss-mit-mechanischem-kombinationsknopf\\\/\",\"url\":\"https:\\\/\\\/www.omrserrature.it\\\/de\\\/produkt\\\/zahnstangenschloss-mit-mechanischem-kombinationsknopf\\\/\",\"name\":\"OMR-Zahnstangenschloss mit Kombinationsknopf\",\"isPartOf\":{\"@id\":\"https:\\\/\\\/www.omrserrature.it\\\/de\\\/#website\"},\"primaryImageOfPage\":{\"@id\":\"https:\\\/\\\/www.omrserrature.it\\\/de\\\/produkt\\\/zahnstangenschloss-mit-mechanischem-kombinationsknopf\\\/#primaryimage\"},\"image\":{\"@id\":\"https:\\\/\\\/www.omrserrature.it\\\/de\\\/produkt\\\/zahnstangenschloss-mit-mechanischem-kombinationsknopf\\\/#primaryimage\"},\"thumbnailUrl\":\"https:\\\/\\\/www.omrserrature.it\\\/wp-content\\\/uploads\\\/2025\\\/09\\\/220335COD.jpg\",\"datePublished\":\"2025-09-15T10:00:10+00:00\",\"dateModified\":\"2026-04-08T09:09:30+00:00\",\"description\":\"OMR Regalschloss mit 3-stelligem Kombinationsknopf. Schl\u00fcssellose L\u00f6sung f\u00fcr Vitrinen und Displays mit Schiebet\u00fcren.\",\"breadcrumb\":{\"@id\":\"https:\\\/\\\/www.omrserrature.it\\\/de\\\/produkt\\\/zahnstangenschloss-mit-mechanischem-kombinationsknopf\\\/#breadcrumb\"},\"inLanguage\":\"de\",\"potentialAction\":[{\"@type\":\"ReadAction\",\"target\":[\"https:\\\/\\\/www.omrserrature.it\\\/de\\\/produkt\\\/zahnstangenschloss-mit-mechanischem-kombinationsknopf\\\/\"]}]},{\"@type\":\"ImageObject\",\"inLanguage\":\"de\",\"@id\":\"https:\\\/\\\/www.omrserrature.it\\\/de\\\/produkt\\\/zahnstangenschloss-mit-mechanischem-kombinationsknopf\\\/#primaryimage\",\"url\":\"https:\\\/\\\/www.omrserrature.it\\\/wp-content\\\/uploads\\\/2025\\\/09\\\/220335COD.jpg\",\"contentUrl\":\"https:\\\/\\\/www.omrserrature.it\\\/wp-content\\\/uploads\\\/2025\\\/09\\\/220335COD.jpg\",\"width\":1000,\"height\":1000,\"caption\":\"Zahnstangenschloss mit mechanischem Kombinationsknopf\"},{\"@type\":\"BreadcrumbList\",\"@id\":\"https:\\\/\\\/www.omrserrature.it\\\/de\\\/produkt\\\/zahnstangenschloss-mit-mechanischem-kombinationsknopf\\\/#breadcrumb\",\"itemListElement\":[{\"@type\":\"ListItem\",\"position\":1,\"name\":\"Home\",\"item\":\"https:\\\/\\\/www.omrserrature.it\\\/de\\\/omr-serrature-sistemi-chiusura\\\/\"},{\"@type\":\"ListItem\",\"position\":2,\"name\":\"Katalog\",\"item\":\"https:\\\/\\\/www.omrserrature.it\\\/katalog\\\/?lang=de\"},{\"@type\":\"ListItem\",\"position\":3,\"name\":\"Produkte\",\"item\":\"https:\\\/\\\/www.omrserrature.it\\\/de\\\/katalog\\\/produkte\\\/\"},{\"@type\":\"ListItem\",\"position\":4,\"name\":\"Schloesser\",\"item\":\"https:\\\/\\\/www.omrserrature.it\\\/de\\\/katalog\\\/produkte\\\/schloesser\\\/\"},{\"@type\":\"ListItem\",\"position\":5,\"name\":\"Zahnstangenschloss mit mechanischem Kombinationsknopf\"}]},{\"@type\":\"WebSite\",\"@id\":\"https:\\\/\\\/www.omrserrature.it\\\/de\\\/#website\",\"url\":\"https:\\\/\\\/www.omrserrature.it\\\/de\\\/\",\"name\":\"OMR Serrature | Produzione sistemi di chiusura\",\"description\":\"Produzione serrature di sicurezza e sistemi di chiusura\",\"publisher\":{\"@id\":\"https:\\\/\\\/www.omrserrature.it\\\/de\\\/#organization\"},\"potentialAction\":[{\"@type\":\"SearchAction\",\"target\":{\"@type\":\"EntryPoint\",\"urlTemplate\":\"https:\\\/\\\/www.omrserrature.it\\\/de\\\/?s={search_term_string}\"},\"query-input\":{\"@type\":\"PropertyValueSpecification\",\"valueRequired\":true,\"valueName\":\"search_term_string\"}}],\"inLanguage\":\"de\"},{\"@type\":\"Organization\",\"@id\":\"https:\\\/\\\/www.omrserrature.it\\\/de\\\/#organization\",\"name\":\"OMR Serrature | Produzione sistemi di chiusura\",\"url\":\"https:\\\/\\\/www.omrserrature.it\\\/de\\\/\",\"logo\":{\"@type\":\"ImageObject\",\"inLanguage\":\"de\",\"@id\":\"https:\\\/\\\/www.omrserrature.it\\\/de\\\/#\\\/schema\\\/logo\\\/image\\\/\",\"url\":\"https:\\\/\\\/www.omrserrature.it\\\/wp-content\\\/uploads\\\/2017\\\/09\\\/favicon-omr-114.png\",\"contentUrl\":\"https:\\\/\\\/www.omrserrature.it\\\/wp-content\\\/uploads\\\/2017\\\/09\\\/favicon-omr-114.png\",\"width\":114,\"height\":114,\"caption\":\"OMR Serrature | Produzione sistemi di chiusura\"},\"image\":{\"@id\":\"https:\\\/\\\/www.omrserrature.it\\\/de\\\/#\\\/schema\\\/logo\\\/image\\\/\"},\"sameAs\":[\"https:\\\/\\\/www.facebook.com\\\/OMRserrature\",\"https:\\\/\\\/www.linkedin.com\\\/company\\\/omrserrature\\\/\",\"https:\\\/\\\/www.youtube.com\\\/channel\\\/UCxmA85z2R0EpG_6IRokiAkg\"]}]}<\/script>\n<!-- \/ Yoast SEO plugin. -->","yoast_head_json":{"title":"OMR-Zahnstangenschloss mit Kombinationsknopf","description":"OMR Regalschloss mit 3-stelligem Kombinationsknopf. Schl\u00fcssellose L\u00f6sung f\u00fcr Vitrinen und Displays mit Schiebet\u00fcren.","robots":{"index":"index","follow":"follow","max-snippet":"max-snippet:-1","max-image-preview":"max-image-preview:large","max-video-preview":"max-video-preview:-1"},"canonical":"https:\/\/www.omrserrature.it\/de\/produkt\/zahnstangenschloss-mit-mechanischem-kombinationsknopf\/","og_locale":"de_DE","og_type":"article","og_title":"OMR-Zahnstangenschloss mit Kombinationsknopf","og_description":"OMR Regalschloss mit 3-stelligem Kombinationsknopf. Schl\u00fcssellose L\u00f6sung f\u00fcr Vitrinen und Displays mit Schiebet\u00fcren.","og_url":"https:\/\/www.omrserrature.it\/de\/produkt\/zahnstangenschloss-mit-mechanischem-kombinationsknopf\/","og_site_name":"OMR Serrature | Produzione sistemi di chiusura","article_publisher":"https:\/\/www.facebook.com\/OMRserrature","article_modified_time":"2026-04-08T09:09:30+00:00","og_image":[{"width":1000,"height":1000,"url":"https:\/\/www.omrserrature.it\/wp-content\/uploads\/2025\/09\/220335COD.jpg","type":"image\/jpeg"}],"twitter_card":"summary_large_image","twitter_misc":{"Gesch\u00e4tzte Lesezeit":"3\u00a0Minuten"},"schema":{"@context":"https:\/\/schema.org","@graph":[{"@type":"WebPage","@id":"https:\/\/www.omrserrature.it\/de\/produkt\/zahnstangenschloss-mit-mechanischem-kombinationsknopf\/","url":"https:\/\/www.omrserrature.it\/de\/produkt\/zahnstangenschloss-mit-mechanischem-kombinationsknopf\/","name":"OMR-Zahnstangenschloss mit Kombinationsknopf","isPartOf":{"@id":"https:\/\/www.omrserrature.it\/de\/#website"},"primaryImageOfPage":{"@id":"https:\/\/www.omrserrature.it\/de\/produkt\/zahnstangenschloss-mit-mechanischem-kombinationsknopf\/#primaryimage"},"image":{"@id":"https:\/\/www.omrserrature.it\/de\/produkt\/zahnstangenschloss-mit-mechanischem-kombinationsknopf\/#primaryimage"},"thumbnailUrl":"https:\/\/www.omrserrature.it\/wp-content\/uploads\/2025\/09\/220335COD.jpg","datePublished":"2025-09-15T10:00:10+00:00","dateModified":"2026-04-08T09:09:30+00:00","description":"OMR Regalschloss mit 3-stelligem Kombinationsknopf. Schl\u00fcssellose L\u00f6sung f\u00fcr Vitrinen und Displays mit Schiebet\u00fcren.","breadcrumb":{"@id":"https:\/\/www.omrserrature.it\/de\/produkt\/zahnstangenschloss-mit-mechanischem-kombinationsknopf\/#breadcrumb"},"inLanguage":"de","potentialAction":[{"@type":"ReadAction","target":["https:\/\/www.omrserrature.it\/de\/produkt\/zahnstangenschloss-mit-mechanischem-kombinationsknopf\/"]}]},{"@type":"ImageObject","inLanguage":"de","@id":"https:\/\/www.omrserrature.it\/de\/produkt\/zahnstangenschloss-mit-mechanischem-kombinationsknopf\/#primaryimage","url":"https:\/\/www.omrserrature.it\/wp-content\/uploads\/2025\/09\/220335COD.jpg","contentUrl":"https:\/\/www.omrserrature.it\/wp-content\/uploads\/2025\/09\/220335COD.jpg","width":1000,"height":1000,"caption":"Zahnstangenschloss mit mechanischem Kombinationsknopf"},{"@type":"BreadcrumbList","@id":"https:\/\/www.omrserrature.it\/de\/produkt\/zahnstangenschloss-mit-mechanischem-kombinationsknopf\/#breadcrumb","itemListElement":[{"@type":"ListItem","position":1,"name":"Home","item":"https:\/\/www.omrserrature.it\/de\/omr-serrature-sistemi-chiusura\/"},{"@type":"ListItem","position":2,"name":"Katalog","item":"https:\/\/www.omrserrature.it\/katalog\/?lang=de"},{"@type":"ListItem","position":3,"name":"Produkte","item":"https:\/\/www.omrserrature.it\/de\/katalog\/produkte\/"},{"@type":"ListItem","position":4,"name":"Schloesser","item":"https:\/\/www.omrserrature.it\/de\/katalog\/produkte\/schloesser\/"},{"@type":"ListItem","position":5,"name":"Zahnstangenschloss mit mechanischem Kombinationsknopf"}]},{"@type":"WebSite","@id":"https:\/\/www.omrserrature.it\/de\/#website","url":"https:\/\/www.omrserrature.it\/de\/","name":"OMR Serrature | Produzione sistemi di chiusura","description":"Produzione serrature di sicurezza e sistemi di chiusura","publisher":{"@id":"https:\/\/www.omrserrature.it\/de\/#organization"},"potentialAction":[{"@type":"SearchAction","target":{"@type":"EntryPoint","urlTemplate":"https:\/\/www.omrserrature.it\/de\/?s={search_term_string}"},"query-input":{"@type":"PropertyValueSpecification","valueRequired":true,"valueName":"search_term_string"}}],"inLanguage":"de"},{"@type":"Organization","@id":"https:\/\/www.omrserrature.it\/de\/#organization","name":"OMR Serrature | Produzione sistemi di chiusura","url":"https:\/\/www.omrserrature.it\/de\/","logo":{"@type":"ImageObject","inLanguage":"de","@id":"https:\/\/www.omrserrature.it\/de\/#\/schema\/logo\/image\/","url":"https:\/\/www.omrserrature.it\/wp-content\/uploads\/2017\/09\/favicon-omr-114.png","contentUrl":"https:\/\/www.omrserrature.it\/wp-content\/uploads\/2017\/09\/favicon-omr-114.png","width":114,"height":114,"caption":"OMR Serrature | Produzione sistemi di chiusura"},"image":{"@id":"https:\/\/www.omrserrature.it\/de\/#\/schema\/logo\/image\/"},"sameAs":["https:\/\/www.facebook.com\/OMRserrature","https:\/\/www.linkedin.com\/company\/omrserrature\/","https:\/\/www.youtube.com\/channel\/UCxmA85z2R0EpG_6IRokiAkg"]}]}},"_links":{"self":[{"href":"https:\/\/www.omrserrature.it\/de\/wp-json\/wp\/v2\/product\/254311","targetHints":{"allow":["GET"]}}],"collection":[{"href":"https:\/\/www.omrserrature.it\/de\/wp-json\/wp\/v2\/product"}],"about":[{"href":"https:\/\/www.omrserrature.it\/de\/wp-json\/wp\/v2\/types\/product"}],"replies":[{"embeddable":true,"href":"https:\/\/www.omrserrature.it\/de\/wp-json\/wp\/v2\/comments?post=254311"}],"wp:featuredmedia":[{"embeddable":true,"href":"https:\/\/www.omrserrature.it\/de\/wp-json\/wp\/v2\/media\/253350"}],"wp:attachment":[{"href":"https:\/\/www.omrserrature.it\/de\/wp-json\/wp\/v2\/media?parent=254311"}],"wp:term":[{"taxonomy":"product_brand","embeddable":true,"href":"https:\/\/www.omrserrature.it\/de\/wp-json\/wp\/v2\/product_brand?post=254311"},{"taxonomy":"product_cat","embeddable":true,"href":"https:\/\/www.omrserrature.it\/de\/wp-json\/wp\/v2\/product_cat?post=254311"},{"taxonomy":"product_tag","embeddable":true,"href":"https:\/\/www.omrserrature.it\/de\/wp-json\/wp\/v2\/product_tag?post=254311"}],"curies":[{"name":"wp","href":"https:\/\/api.w.org\/{rel}","templated":true}]}}