{"id":254301,"date":"2025-10-08T14:07:42","date_gmt":"2025-10-08T12:07:42","guid":{"rendered":"https:\/\/www.omrserrature.it\/prodotto\/verstellbares-scharnier-aus-vernickeltem-eisen-mit-daempfer-fuer-holztueren\/"},"modified":"2026-04-08T11:09:16","modified_gmt":"2026-04-08T09:09:16","slug":"verstellbares-scharnier-aus-vernickeltem-eisen-mit-daempfer-fuer-holztueren","status":"publish","type":"product","link":"https:\/\/www.omrserrature.it\/de\/produkt\/verstellbares-scharnier-aus-vernickeltem-eisen-mit-daempfer-fuer-holztueren\/","title":{"rendered":"Verstellbares Scharnier aus vernickeltem Eisen mit D\u00e4mpfer f\u00fcr Holzt\u00fcren"},"content":{"rendered":"<p>Das <strong>verstellbare, ged\u00e4mpfte Scharnier aus vernickeltem Eisen<\/strong> ist ein hochwertiges Accessoire, das f\u00fcr all diejenigen entwickelt wurde, die beim \u00d6ffnen und Schlie\u00dfen ihrer M\u00f6bel Funktionalit\u00e4t, St\u00e4rke und Komfort miteinander verbinden m\u00f6chten. Es ist ideal f\u00fcr K\u00fcchen, Schr\u00e4nke, B\u00fccherregale und Badm\u00f6bel, bei denen Pr\u00e4zision der Bewegung und Ger\u00e4uschlosigkeit<br \/>\neinen Mehrwert darstellen. <\/p>\n<p>Dieses aus <strong>vernickeltem Eisen<\/strong> gefertigte Scharnier bietet eine bemerkenswerte Widerstandsf\u00e4higkeit gegen Abnutzung und Korrosion und beh\u00e4lt im Laufe der Zeit eine helle, saubere Oberfl\u00e4che. Der<strong>integrierte D\u00e4mpfer<\/strong> erm\u00f6glicht einen sanften und leisen Abschluss der M\u00f6belt\u00fcr, wodurch das f\u00fcr herk\u00f6mmliche Scharniere typische Klopfen vermieden wird<br \/>\nund somit die Integrit\u00e4t des M\u00f6bels erhalten bleibt. <\/p>\n<p>Die <strong>in drei Achsen<\/strong> verstellbare Struktur <strong>(seitlich, vertikal und vorne)<\/strong> erleichtert die Ausrichtung der M\u00f6belt\u00fcr auch nach dem Einbau und erm\u00f6glicht einen perfekten Abschluss und eine tadellose \u00c4sthetik. Das System <strong>mit \u00d8 35 mm<\/strong> ist mit den meisten auf dem Markt erh\u00e4ltlichen Holzt\u00fcren kompatibel, w\u00e4hrend der<strong>\u00d6ffnungswinkel von ca. 110\u00b0<\/strong> einen bequemen und gro\u00dfz\u00fcgigen Zugang zum Inneren des Schranks gew\u00e4hrleistet. <\/p>\n<p>Dank seiner <strong>Vielseitigkeit bei der Montage<\/strong> kann er mit Schraub- oder Schnappsockeln installiert werden und passt sich so an verschiedene M\u00f6belkonfigurationen an. Die vernickelte Oberfl\u00e4che verleiht ihm au\u00dferdem ein dezentes und professionelles Aussehen, ideal f\u00fcr moderne oder minimalistische M\u00f6beldesigns. <\/p>\n<h3>Hauptmerkmale<\/h3>\n<ul>\n<li>Gepolsterter Abschluss f\u00fcr sanfte und leise Bewegungen.<\/li>\n<li>Pr\u00e4zise Einstellungen f\u00fcr eine perfekte Ausrichtung der M\u00f6belt\u00fcren.<\/li>\n<li>Vernickeltes Finish, resistent gegen Kratzer und Oxidation.<\/li>\n<li>Geeignet f\u00fcr Holzt\u00fcren.<\/li>\n<li>Ideal f\u00fcr K\u00fcchen-, Wohn- und Badezimmerm\u00f6bel.<\/li>\n<\/ul>\n","protected":false},"excerpt":{"rendered":"<p>Das <strong>verstellbare M\u00f6belscharnier<\/strong> besteht aus vernickeltem Eisen mit Sto\u00dfd\u00e4mpfer und wurde entwickelt, um einen <strong>sanften, leisen und pr\u00e4zisen Abschluss von Holzt\u00fcren<\/strong> zu gew\u00e4hrleisten. Es ist aus robustem, vernickeltem Metall gefertigt und vereint Solidit\u00e4t, Eleganz und Langlebigkeit. Dank des integrierten Mechanismus f\u00fcr den sanften Abschluss verhindert er St\u00f6\u00dfe und Ger\u00e4usche beim Schlie\u00dfen, sch\u00fctzt die T\u00fcren und erh\u00f6ht den Benutzerkomfort. Dank der Einstellm\u00f6glichkeiten l\u00e4sst sich die M\u00f6belt\u00fcr leicht ausrichten, was eine einfache Montage und perfekte Funktionalit\u00e4t in K\u00fcchen, Schr\u00e4nken und M\u00f6beln aller Art gew\u00e4hrleistet.   <\/p>\n","protected":false},"featured_media":254281,"comment_status":"closed","ping_status":"closed","template":"","meta":{"_acf_changed":false,"_et_pb_use_builder":"","_et_pb_old_content":"","_et_gb_content_width":""},"product_brand":[],"product_cat":[3821,3824],"product_tag":[],"class_list":{"0":"post-254301","1":"product","2":"type-product","3":"status-publish","4":"has-post-thumbnail","6":"product_cat-scharnieren","7":"product_cat-zubehor-und-ersatzteile","9":"first","10":"instock","11":"shipping-taxable","12":"product-type-simple"},"acf":{"pdf1":false},"yoast_head":"<!-- This site is optimized with the Yoast SEO plugin v27.2 - https:\/\/yoast.com\/product\/yoast-seo-wordpress\/ -->\n<title>Gepolstertes Scharnier f\u00fcr M\u00f6bel und Schr\u00e4nke - OMR Schl\u00f6sser<\/title>\n<meta name=\"description\" content=\"Verstellbares M\u00f6belscharnier aus vernickeltem Eisen mit Sto\u00dfd\u00e4mpfer, ideal f\u00fcr Holzt\u00fcren. Leichtg\u00e4ngiger, leiser und pr\u00e4ziser Abschluss, einfach zu justieren.\" \/>\n<meta name=\"robots\" content=\"index, follow, max-snippet:-1, max-image-preview:large, max-video-preview:-1\" \/>\n<link rel=\"canonical\" href=\"https:\/\/www.omrserrature.it\/de\/produkt\/verstellbares-scharnier-aus-vernickeltem-eisen-mit-daempfer-fuer-holztueren\/\" \/>\n<meta property=\"og:locale\" content=\"de_DE\" \/>\n<meta property=\"og:type\" content=\"article\" \/>\n<meta property=\"og:title\" content=\"Gepolstertes Scharnier f\u00fcr M\u00f6bel und Schr\u00e4nke - OMR Schl\u00f6sser\" \/>\n<meta property=\"og:description\" content=\"Verstellbares M\u00f6belscharnier aus vernickeltem Eisen mit Sto\u00dfd\u00e4mpfer, ideal f\u00fcr Holzt\u00fcren. Leichtg\u00e4ngiger, leiser und pr\u00e4ziser Abschluss, einfach zu justieren.\" \/>\n<meta property=\"og:url\" content=\"https:\/\/www.omrserrature.it\/de\/produkt\/verstellbares-scharnier-aus-vernickeltem-eisen-mit-daempfer-fuer-holztueren\/\" \/>\n<meta property=\"og:site_name\" content=\"OMR Serrature | Produzione sistemi di chiusura\" \/>\n<meta property=\"article:publisher\" content=\"https:\/\/www.facebook.com\/OMRserrature\" \/>\n<meta property=\"article:modified_time\" content=\"2026-04-08T09:09:16+00:00\" \/>\n<meta property=\"og:image\" content=\"https:\/\/www.omrserrature.it\/wp-content\/uploads\/2025\/10\/Cerniera-ammortizzata-per-ante-in-legno-MCER00005_prospettiva.jpg\" \/>\n\t<meta property=\"og:image:width\" content=\"2500\" \/>\n\t<meta property=\"og:image:height\" content=\"2500\" \/>\n\t<meta property=\"og:image:type\" content=\"image\/jpeg\" \/>\n<meta name=\"twitter:card\" content=\"summary_large_image\" \/>\n<meta name=\"twitter:label1\" content=\"Gesch\u00e4tzte Lesezeit\" \/>\n\t<meta name=\"twitter:data1\" content=\"1\u00a0Minute\" \/>\n<script type=\"application\/ld+json\" class=\"yoast-schema-graph\">{\"@context\":\"https:\/\/schema.org\",\"@graph\":[{\"@type\":\"WebPage\",\"@id\":\"https:\/\/www.omrserrature.it\/de\/produkt\/verstellbares-scharnier-aus-vernickeltem-eisen-mit-daempfer-fuer-holztueren\/\",\"url\":\"https:\/\/www.omrserrature.it\/de\/produkt\/verstellbares-scharnier-aus-vernickeltem-eisen-mit-daempfer-fuer-holztueren\/\",\"name\":\"Gepolstertes Scharnier f\u00fcr M\u00f6bel und Schr\u00e4nke - OMR Schl\u00f6sser\",\"isPartOf\":{\"@id\":\"https:\/\/www.omrserrature.it\/de\/#website\"},\"primaryImageOfPage\":{\"@id\":\"https:\/\/www.omrserrature.it\/de\/produkt\/verstellbares-scharnier-aus-vernickeltem-eisen-mit-daempfer-fuer-holztueren\/#primaryimage\"},\"image\":{\"@id\":\"https:\/\/www.omrserrature.it\/de\/produkt\/verstellbares-scharnier-aus-vernickeltem-eisen-mit-daempfer-fuer-holztueren\/#primaryimage\"},\"thumbnailUrl\":\"https:\/\/www.omrserrature.it\/wp-content\/uploads\/2025\/10\/Cerniera-ammortizzata-per-ante-in-legno-MCER00005_prospettiva.jpg\",\"datePublished\":\"2025-10-08T12:07:42+00:00\",\"dateModified\":\"2026-04-08T09:09:16+00:00\",\"description\":\"Verstellbares M\u00f6belscharnier aus vernickeltem Eisen mit Sto\u00dfd\u00e4mpfer, ideal f\u00fcr Holzt\u00fcren. Leichtg\u00e4ngiger, leiser und pr\u00e4ziser Abschluss, einfach zu justieren.\",\"breadcrumb\":{\"@id\":\"https:\/\/www.omrserrature.it\/de\/produkt\/verstellbares-scharnier-aus-vernickeltem-eisen-mit-daempfer-fuer-holztueren\/#breadcrumb\"},\"inLanguage\":\"de\",\"potentialAction\":[{\"@type\":\"ReadAction\",\"target\":[\"https:\/\/www.omrserrature.it\/de\/produkt\/verstellbares-scharnier-aus-vernickeltem-eisen-mit-daempfer-fuer-holztueren\/\"]}]},{\"@type\":\"ImageObject\",\"inLanguage\":\"de\",\"@id\":\"https:\/\/www.omrserrature.it\/de\/produkt\/verstellbares-scharnier-aus-vernickeltem-eisen-mit-daempfer-fuer-holztueren\/#primaryimage\",\"url\":\"https:\/\/www.omrserrature.it\/wp-content\/uploads\/2025\/10\/Cerniera-ammortizzata-per-ante-in-legno-MCER00005_prospettiva.jpg\",\"contentUrl\":\"https:\/\/www.omrserrature.it\/wp-content\/uploads\/2025\/10\/Cerniera-ammortizzata-per-ante-in-legno-MCER00005_prospettiva.jpg\",\"width\":2500,\"height\":2500,\"caption\":\"Gepolstertes Scharnier f\u00fcr Holzt\u00fcren - MCER00005\"},{\"@type\":\"BreadcrumbList\",\"@id\":\"https:\/\/www.omrserrature.it\/de\/produkt\/verstellbares-scharnier-aus-vernickeltem-eisen-mit-daempfer-fuer-holztueren\/#breadcrumb\",\"itemListElement\":[{\"@type\":\"ListItem\",\"position\":1,\"name\":\"Home\",\"item\":\"https:\/\/www.omrserrature.it\/de\/omr-serrature-sistemi-chiusura\/\"},{\"@type\":\"ListItem\",\"position\":2,\"name\":\"Katalog\",\"item\":\"https:\/\/www.omrserrature.it\/katalog\/?lang=de\"},{\"@type\":\"ListItem\",\"position\":3,\"name\":\"Produkte\",\"item\":\"https:\/\/www.omrserrature.it\/de\/katalog\/produkte\/\"},{\"@type\":\"ListItem\",\"position\":4,\"name\":\"Zubeh\u00f6r und Ersatzteile\",\"item\":\"https:\/\/www.omrserrature.it\/de\/katalog\/produkte\/zubehor-und-ersatzteile\/\"},{\"@type\":\"ListItem\",\"position\":5,\"name\":\"Verstellbares Scharnier aus vernickeltem Eisen mit D\u00e4mpfer f\u00fcr Holzt\u00fcren\"}]},{\"@type\":\"WebSite\",\"@id\":\"https:\/\/www.omrserrature.it\/de\/#website\",\"url\":\"https:\/\/www.omrserrature.it\/de\/\",\"name\":\"OMR Serrature | Produzione sistemi di chiusura\",\"description\":\"Produzione serrature di sicurezza e sistemi di chiusura\",\"publisher\":{\"@id\":\"https:\/\/www.omrserrature.it\/de\/#organization\"},\"potentialAction\":[{\"@type\":\"SearchAction\",\"target\":{\"@type\":\"EntryPoint\",\"urlTemplate\":\"https:\/\/www.omrserrature.it\/de\/?s={search_term_string}\"},\"query-input\":{\"@type\":\"PropertyValueSpecification\",\"valueRequired\":true,\"valueName\":\"search_term_string\"}}],\"inLanguage\":\"de\"},{\"@type\":\"Organization\",\"@id\":\"https:\/\/www.omrserrature.it\/de\/#organization\",\"name\":\"OMR Serrature | Produzione sistemi di chiusura\",\"url\":\"https:\/\/www.omrserrature.it\/de\/\",\"logo\":{\"@type\":\"ImageObject\",\"inLanguage\":\"de\",\"@id\":\"https:\/\/www.omrserrature.it\/de\/#\/schema\/logo\/image\/\",\"url\":\"https:\/\/www.omrserrature.it\/wp-content\/uploads\/2017\/09\/favicon-omr-114.png\",\"contentUrl\":\"https:\/\/www.omrserrature.it\/wp-content\/uploads\/2017\/09\/favicon-omr-114.png\",\"width\":114,\"height\":114,\"caption\":\"OMR Serrature | Produzione sistemi di chiusura\"},\"image\":{\"@id\":\"https:\/\/www.omrserrature.it\/de\/#\/schema\/logo\/image\/\"},\"sameAs\":[\"https:\/\/www.facebook.com\/OMRserrature\",\"https:\/\/www.linkedin.com\/company\/omrserrature\/\",\"https:\/\/www.youtube.com\/channel\/UCxmA85z2R0EpG_6IRokiAkg\"]}]}<\/script>\n<!-- \/ Yoast SEO plugin. -->","yoast_head_json":{"title":"Gepolstertes Scharnier f\u00fcr M\u00f6bel und Schr\u00e4nke - OMR Schl\u00f6sser","description":"Verstellbares M\u00f6belscharnier aus vernickeltem Eisen mit Sto\u00dfd\u00e4mpfer, ideal f\u00fcr Holzt\u00fcren. Leichtg\u00e4ngiger, leiser und pr\u00e4ziser Abschluss, einfach zu justieren.","robots":{"index":"index","follow":"follow","max-snippet":"max-snippet:-1","max-image-preview":"max-image-preview:large","max-video-preview":"max-video-preview:-1"},"canonical":"https:\/\/www.omrserrature.it\/de\/produkt\/verstellbares-scharnier-aus-vernickeltem-eisen-mit-daempfer-fuer-holztueren\/","og_locale":"de_DE","og_type":"article","og_title":"Gepolstertes Scharnier f\u00fcr M\u00f6bel und Schr\u00e4nke - OMR Schl\u00f6sser","og_description":"Verstellbares M\u00f6belscharnier aus vernickeltem Eisen mit Sto\u00dfd\u00e4mpfer, ideal f\u00fcr Holzt\u00fcren. Leichtg\u00e4ngiger, leiser und pr\u00e4ziser Abschluss, einfach zu justieren.","og_url":"https:\/\/www.omrserrature.it\/de\/produkt\/verstellbares-scharnier-aus-vernickeltem-eisen-mit-daempfer-fuer-holztueren\/","og_site_name":"OMR Serrature | Produzione sistemi di chiusura","article_publisher":"https:\/\/www.facebook.com\/OMRserrature","article_modified_time":"2026-04-08T09:09:16+00:00","og_image":[{"width":2500,"height":2500,"url":"https:\/\/www.omrserrature.it\/wp-content\/uploads\/2025\/10\/Cerniera-ammortizzata-per-ante-in-legno-MCER00005_prospettiva.jpg","type":"image\/jpeg"}],"twitter_card":"summary_large_image","twitter_misc":{"Gesch\u00e4tzte Lesezeit":"1\u00a0Minute"},"schema":{"@context":"https:\/\/schema.org","@graph":[{"@type":"WebPage","@id":"https:\/\/www.omrserrature.it\/de\/produkt\/verstellbares-scharnier-aus-vernickeltem-eisen-mit-daempfer-fuer-holztueren\/","url":"https:\/\/www.omrserrature.it\/de\/produkt\/verstellbares-scharnier-aus-vernickeltem-eisen-mit-daempfer-fuer-holztueren\/","name":"Gepolstertes Scharnier f\u00fcr M\u00f6bel und Schr\u00e4nke - OMR Schl\u00f6sser","isPartOf":{"@id":"https:\/\/www.omrserrature.it\/de\/#website"},"primaryImageOfPage":{"@id":"https:\/\/www.omrserrature.it\/de\/produkt\/verstellbares-scharnier-aus-vernickeltem-eisen-mit-daempfer-fuer-holztueren\/#primaryimage"},"image":{"@id":"https:\/\/www.omrserrature.it\/de\/produkt\/verstellbares-scharnier-aus-vernickeltem-eisen-mit-daempfer-fuer-holztueren\/#primaryimage"},"thumbnailUrl":"https:\/\/www.omrserrature.it\/wp-content\/uploads\/2025\/10\/Cerniera-ammortizzata-per-ante-in-legno-MCER00005_prospettiva.jpg","datePublished":"2025-10-08T12:07:42+00:00","dateModified":"2026-04-08T09:09:16+00:00","description":"Verstellbares M\u00f6belscharnier aus vernickeltem Eisen mit Sto\u00dfd\u00e4mpfer, ideal f\u00fcr Holzt\u00fcren. Leichtg\u00e4ngiger, leiser und pr\u00e4ziser Abschluss, einfach zu justieren.","breadcrumb":{"@id":"https:\/\/www.omrserrature.it\/de\/produkt\/verstellbares-scharnier-aus-vernickeltem-eisen-mit-daempfer-fuer-holztueren\/#breadcrumb"},"inLanguage":"de","potentialAction":[{"@type":"ReadAction","target":["https:\/\/www.omrserrature.it\/de\/produkt\/verstellbares-scharnier-aus-vernickeltem-eisen-mit-daempfer-fuer-holztueren\/"]}]},{"@type":"ImageObject","inLanguage":"de","@id":"https:\/\/www.omrserrature.it\/de\/produkt\/verstellbares-scharnier-aus-vernickeltem-eisen-mit-daempfer-fuer-holztueren\/#primaryimage","url":"https:\/\/www.omrserrature.it\/wp-content\/uploads\/2025\/10\/Cerniera-ammortizzata-per-ante-in-legno-MCER00005_prospettiva.jpg","contentUrl":"https:\/\/www.omrserrature.it\/wp-content\/uploads\/2025\/10\/Cerniera-ammortizzata-per-ante-in-legno-MCER00005_prospettiva.jpg","width":2500,"height":2500,"caption":"Gepolstertes Scharnier f\u00fcr Holzt\u00fcren - MCER00005"},{"@type":"BreadcrumbList","@id":"https:\/\/www.omrserrature.it\/de\/produkt\/verstellbares-scharnier-aus-vernickeltem-eisen-mit-daempfer-fuer-holztueren\/#breadcrumb","itemListElement":[{"@type":"ListItem","position":1,"name":"Home","item":"https:\/\/www.omrserrature.it\/de\/omr-serrature-sistemi-chiusura\/"},{"@type":"ListItem","position":2,"name":"Katalog","item":"https:\/\/www.omrserrature.it\/katalog\/?lang=de"},{"@type":"ListItem","position":3,"name":"Produkte","item":"https:\/\/www.omrserrature.it\/de\/katalog\/produkte\/"},{"@type":"ListItem","position":4,"name":"Zubeh\u00f6r und Ersatzteile","item":"https:\/\/www.omrserrature.it\/de\/katalog\/produkte\/zubehor-und-ersatzteile\/"},{"@type":"ListItem","position":5,"name":"Verstellbares Scharnier aus vernickeltem Eisen mit D\u00e4mpfer f\u00fcr Holzt\u00fcren"}]},{"@type":"WebSite","@id":"https:\/\/www.omrserrature.it\/de\/#website","url":"https:\/\/www.omrserrature.it\/de\/","name":"OMR Serrature | Produzione sistemi di chiusura","description":"Produzione serrature di sicurezza e sistemi di chiusura","publisher":{"@id":"https:\/\/www.omrserrature.it\/de\/#organization"},"potentialAction":[{"@type":"SearchAction","target":{"@type":"EntryPoint","urlTemplate":"https:\/\/www.omrserrature.it\/de\/?s={search_term_string}"},"query-input":{"@type":"PropertyValueSpecification","valueRequired":true,"valueName":"search_term_string"}}],"inLanguage":"de"},{"@type":"Organization","@id":"https:\/\/www.omrserrature.it\/de\/#organization","name":"OMR Serrature | Produzione sistemi di chiusura","url":"https:\/\/www.omrserrature.it\/de\/","logo":{"@type":"ImageObject","inLanguage":"de","@id":"https:\/\/www.omrserrature.it\/de\/#\/schema\/logo\/image\/","url":"https:\/\/www.omrserrature.it\/wp-content\/uploads\/2017\/09\/favicon-omr-114.png","contentUrl":"https:\/\/www.omrserrature.it\/wp-content\/uploads\/2017\/09\/favicon-omr-114.png","width":114,"height":114,"caption":"OMR Serrature | Produzione sistemi di chiusura"},"image":{"@id":"https:\/\/www.omrserrature.it\/de\/#\/schema\/logo\/image\/"},"sameAs":["https:\/\/www.facebook.com\/OMRserrature","https:\/\/www.linkedin.com\/company\/omrserrature\/","https:\/\/www.youtube.com\/channel\/UCxmA85z2R0EpG_6IRokiAkg"]}]}},"_links":{"self":[{"href":"https:\/\/www.omrserrature.it\/de\/wp-json\/wp\/v2\/product\/254301","targetHints":{"allow":["GET"]}}],"collection":[{"href":"https:\/\/www.omrserrature.it\/de\/wp-json\/wp\/v2\/product"}],"about":[{"href":"https:\/\/www.omrserrature.it\/de\/wp-json\/wp\/v2\/types\/product"}],"replies":[{"embeddable":true,"href":"https:\/\/www.omrserrature.it\/de\/wp-json\/wp\/v2\/comments?post=254301"}],"wp:featuredmedia":[{"embeddable":true,"href":"https:\/\/www.omrserrature.it\/de\/wp-json\/wp\/v2\/media\/254281"}],"wp:attachment":[{"href":"https:\/\/www.omrserrature.it\/de\/wp-json\/wp\/v2\/media?parent=254301"}],"wp:term":[{"taxonomy":"product_brand","embeddable":true,"href":"https:\/\/www.omrserrature.it\/de\/wp-json\/wp\/v2\/product_brand?post=254301"},{"taxonomy":"product_cat","embeddable":true,"href":"https:\/\/www.omrserrature.it\/de\/wp-json\/wp\/v2\/product_cat?post=254301"},{"taxonomy":"product_tag","embeddable":true,"href":"https:\/\/www.omrserrature.it\/de\/wp-json\/wp\/v2\/product_tag?post=254301"}],"curies":[{"name":"wp","href":"https:\/\/api.w.org\/{rel}","templated":true}]}}