{"id":252863,"date":"2017-10-16T16:25:01","date_gmt":"2017-10-16T14:25:01","guid":{"rendered":"https:\/\/www.omrserrature.it\/prodotto\/einsteckschloss-kreuzprofil-schluessel\/"},"modified":"2026-04-08T12:25:46","modified_gmt":"2026-04-08T10:25:46","slug":"einsteckschloss-kreuzprofil-schluessel","status":"publish","type":"product","link":"https:\/\/www.omrserrature.it\/de\/produkt\/einsteckschloss-kreuzprofil-schluessel\/","title":{"rendered":"Einsteck-Kreuzprofilschloss"},"content":{"rendered":"<p>Das <strong>Einsteckschloss mit 1 und 2 Stiften<\/strong>, das nur auf Anfrage erh\u00e4ltlich ist, verf\u00fcgt \u00fcber einen kreuzf\u00f6rmigen Zylinder, der in einem Geh\u00e4use aus Stahl und Zinklegierung untergebracht ist und zwei seitliche Stifte bewegt, sobald der Schl\u00fcssel eingesteckt wird. Die kreuzf\u00f6rmige Anordnung der Stifte garantiert ein gutes <strong>Sicherheitsniveau<\/strong>, auch dank dem besonderen Kreuzprofilschl\u00fcssel.<\/p>\n<p>Es gen\u00fcgt einen 12 mm Bohrer, um den Schl\u00fcsseleingang zu schaffen und, dank dem 19 mm Schl\u00fcsseleingang ist die <strong>Anwendung in engen R\u00e4umen<\/strong> m\u00f6glich. Auf Ihrem Produkt erscheint der Schl\u00fcsselkanal als kleines, sehr diskretes Loch, weshalb er auch den Spitznamen<strong>&#8218;Nagelschl\u00fcssel<\/strong>&#8218; tr\u00e4gt, eben weil er dem Abdruck eines Nagels in der Wand \u00e4hnelt. <strong>Die Befestigung an der M\u00f6belt\u00fcr ist \u00e4u\u00dferst praktisch<\/strong> und erfolgt mit zwei Schrauben an der Frontplatte. <\/p>\n<p>Erh\u00e4ltlich in KA (gleichschlie\u00dfend) und KD (verschiedenschlie\u00dfend). Ausgestattet mit 10 mm dicken Stahl-Rundschl\u00f6ssern, bietet es eine gute Festigkeit und Eleganz.  Die Kreuzprofilschl\u00f6sser sind einfach zu installieren, vielseitig und in <strong>4 Varianten<\/strong> erh\u00e4ltlich: Aufschraubschloss, Einsteckschloss, Einsteckschloss mit Hakenriegel, Einsteckschloss mit Doppelriegel.<\/p>\n<p>Das Einsteckschloss mit einem Kreuzprofil Schl\u00fcssel und zwei Kolben eignet sich am besten f\u00fcr die Anwendung an Eisen- und Aluminiumleisten. Dank seiner geringen Gr\u00f6\u00dfe wird es im<strong>Objektbereich<\/strong> an Vitrinen oder T\u00fcren eingesetzt, aber auch im Bau- oder Schiffsbau zur Sicherung von kleinen Aluminiumt\u00fcren, Gittern und Kesselr\u00e4umen.  Dank dem 22 mm Vorsprung der Riegel ist das Einsteckschloss auch auf Eingangst\u00fcren von Gesch\u00e4ften in Bahnh\u00f6fen und Flugh\u00e4fen geeignet.<\/p>\n","protected":false},"excerpt":{"rendered":"<p>Das nur auf Anfrage erh\u00e4ltliche 1-Stift-2-Stift-Einsteckschloss verf\u00fcgt \u00fcber einen kreuzf\u00f6rmigen Zylinder, der in einem Geh\u00e4use aus Stahl und Zinklegierung untergebracht ist und zwei seitliche Stifte bewegt, sobald der Schl\u00fcssel eingesteckt wird. Die kreuzf\u00f6rmige Anordnung der Stifte garantiert ein hohes Ma\u00df an Sicherheit, auch dank der speziellen kreuzf\u00f6rmigen Form des Schl\u00fcssels. <\/p>\n","protected":false},"featured_media":8096,"comment_status":"closed","ping_status":"closed","template":"","meta":{"_acf_changed":false,"_et_pb_use_builder":"","_et_pb_old_content":"","_et_gb_content_width":""},"product_brand":[],"product_cat":[3765,3773,3766,3789,3771,3786,3869,3761,3781],"product_tag":[],"class_list":{"0":"post-252863","1":"product","2":"type-product","3":"status-publish","4":"has-post-thumbnail","6":"product_cat-abschlusssysteme-fur-die-industrie","7":"product_cat-architektur-stadtplanung-und-design","8":"product_cat-gros-und-einzelhandel","9":"product_cat-kreuzprofil-schlussel","10":"product_cat-messen-und-ausstellungen","11":"product_cat-riegelschlosser","12":"product_cat-schlosser-fur-vitrinen","13":"product_cat-sicherheitssysteme-fur-den-abschluss","14":"product_cat-stiftschlosser","16":"first","17":"instock","18":"shipping-taxable","19":"product-type-simple"},"acf":{"pdf1":"https:\/\/www.omrserrature.it\/wp-content\/uploads\/2017\/10\/Scheda_100878.pdf"},"yoast_head":"<!-- This site is optimized with the Yoast SEO plugin v27.2 - https:\/\/yoast.com\/product\/yoast-seo-wordpress\/ -->\n<title>Einsteck-Kreuzprofilschloss - OMR Serrature<\/title>\n<meta name=\"robots\" content=\"index, follow, max-snippet:-1, max-image-preview:large, max-video-preview:-1\" \/>\n<link rel=\"canonical\" href=\"https:\/\/www.omrserrature.it\/de\/produkt\/einsteckschloss-kreuzprofil-schluessel\/\" \/>\n<meta property=\"og:locale\" content=\"de_DE\" \/>\n<meta property=\"og:type\" content=\"article\" \/>\n<meta property=\"og:title\" content=\"Einsteck-Kreuzprofilschloss - OMR Serrature\" \/>\n<meta property=\"og:description\" content=\"Das nur auf Anfrage erh\u00e4ltliche 1-Stift-2-Stift-Einsteckschloss verf\u00fcgt \u00fcber einen kreuzf\u00f6rmigen Zylinder, der in einem Geh\u00e4use aus Stahl und Zinklegierung untergebracht ist und zwei seitliche Stifte bewegt, sobald der Schl\u00fcssel eingesteckt wird. Die kreuzf\u00f6rmige Anordnung der Stifte garantiert ein hohes Ma\u00df an Sicherheit, auch dank der speziellen kreuzf\u00f6rmigen Form des Schl\u00fcssels.\" \/>\n<meta property=\"og:url\" content=\"https:\/\/www.omrserrature.it\/de\/produkt\/einsteckschloss-kreuzprofil-schluessel\/\" \/>\n<meta property=\"og:site_name\" content=\"OMR Serrature | Produzione sistemi di chiusura\" \/>\n<meta property=\"article:publisher\" content=\"https:\/\/www.facebook.com\/OMRserrature\" \/>\n<meta property=\"article:modified_time\" content=\"2026-04-08T10:25:46+00:00\" \/>\n<meta property=\"og:image\" content=\"https:\/\/www.omrserrature.it\/wp-content\/uploads\/2018\/03\/serratura-chiave-spillo-infilare.jpg\" \/>\n\t<meta property=\"og:image:width\" content=\"568\" \/>\n\t<meta property=\"og:image:height\" content=\"396\" \/>\n\t<meta property=\"og:image:type\" content=\"image\/jpeg\" \/>\n<meta name=\"twitter:card\" content=\"summary_large_image\" \/>\n<meta name=\"twitter:label1\" content=\"Gesch\u00e4tzte Lesezeit\" \/>\n\t<meta name=\"twitter:data1\" content=\"1\u00a0Minute\" \/>\n<script type=\"application\/ld+json\" class=\"yoast-schema-graph\">{\"@context\":\"https:\/\/schema.org\",\"@graph\":[{\"@type\":\"WebPage\",\"@id\":\"https:\/\/www.omrserrature.it\/de\/produkt\/einsteckschloss-kreuzprofil-schluessel\/\",\"url\":\"https:\/\/www.omrserrature.it\/de\/produkt\/einsteckschloss-kreuzprofil-schluessel\/\",\"name\":\"Einsteck-Kreuzprofilschloss - OMR Serrature\",\"isPartOf\":{\"@id\":\"https:\/\/www.omrserrature.it\/de\/#website\"},\"primaryImageOfPage\":{\"@id\":\"https:\/\/www.omrserrature.it\/de\/produkt\/einsteckschloss-kreuzprofil-schluessel\/#primaryimage\"},\"image\":{\"@id\":\"https:\/\/www.omrserrature.it\/de\/produkt\/einsteckschloss-kreuzprofil-schluessel\/#primaryimage\"},\"thumbnailUrl\":\"https:\/\/www.omrserrature.it\/wp-content\/uploads\/2018\/03\/serratura-chiave-spillo-infilare.jpg\",\"datePublished\":\"2017-10-16T14:25:01+00:00\",\"dateModified\":\"2026-04-08T10:25:46+00:00\",\"breadcrumb\":{\"@id\":\"https:\/\/www.omrserrature.it\/de\/produkt\/einsteckschloss-kreuzprofil-schluessel\/#breadcrumb\"},\"inLanguage\":\"de\",\"potentialAction\":[{\"@type\":\"ReadAction\",\"target\":[\"https:\/\/www.omrserrature.it\/de\/produkt\/einsteckschloss-kreuzprofil-schluessel\/\"]}]},{\"@type\":\"ImageObject\",\"inLanguage\":\"de\",\"@id\":\"https:\/\/www.omrserrature.it\/de\/produkt\/einsteckschloss-kreuzprofil-schluessel\/#primaryimage\",\"url\":\"https:\/\/www.omrserrature.it\/wp-content\/uploads\/2018\/03\/serratura-chiave-spillo-infilare.jpg\",\"contentUrl\":\"https:\/\/www.omrserrature.it\/wp-content\/uploads\/2018\/03\/serratura-chiave-spillo-infilare.jpg\",\"width\":568,\"height\":396,\"caption\":\"Schloss mit Einsteckschl\u00fcssel - mit Stiftschl\u00fcssel\"},{\"@type\":\"BreadcrumbList\",\"@id\":\"https:\/\/www.omrserrature.it\/de\/produkt\/einsteckschloss-kreuzprofil-schluessel\/#breadcrumb\",\"itemListElement\":[{\"@type\":\"ListItem\",\"position\":1,\"name\":\"Home\",\"item\":\"https:\/\/www.omrserrature.it\/de\/omr-serrature-sistemi-chiusura\/\"},{\"@type\":\"ListItem\",\"position\":2,\"name\":\"Katalog\",\"item\":\"https:\/\/www.omrserrature.it\/katalog\/?lang=de\"},{\"@type\":\"ListItem\",\"position\":3,\"name\":\"Produkte\",\"item\":\"https:\/\/www.omrserrature.it\/de\/katalog\/produkte\/\"},{\"@type\":\"ListItem\",\"position\":4,\"name\":\"Schloesser\",\"item\":\"https:\/\/www.omrserrature.it\/de\/katalog\/produkte\/schloesser\/\"},{\"@type\":\"ListItem\",\"position\":5,\"name\":\"Kreuzprofil Schl\u00fcssel\",\"item\":\"https:\/\/www.omrserrature.it\/de\/katalog\/produkte\/schloesser\/kreuzprofil-schlussel\/\"},{\"@type\":\"ListItem\",\"position\":6,\"name\":\"Einsteck-Kreuzprofilschloss\"}]},{\"@type\":\"WebSite\",\"@id\":\"https:\/\/www.omrserrature.it\/de\/#website\",\"url\":\"https:\/\/www.omrserrature.it\/de\/\",\"name\":\"OMR Serrature | Produzione sistemi di chiusura\",\"description\":\"Produzione serrature di sicurezza e sistemi di chiusura\",\"publisher\":{\"@id\":\"https:\/\/www.omrserrature.it\/de\/#organization\"},\"potentialAction\":[{\"@type\":\"SearchAction\",\"target\":{\"@type\":\"EntryPoint\",\"urlTemplate\":\"https:\/\/www.omrserrature.it\/de\/?s={search_term_string}\"},\"query-input\":{\"@type\":\"PropertyValueSpecification\",\"valueRequired\":true,\"valueName\":\"search_term_string\"}}],\"inLanguage\":\"de\"},{\"@type\":\"Organization\",\"@id\":\"https:\/\/www.omrserrature.it\/de\/#organization\",\"name\":\"OMR Serrature | Produzione sistemi di chiusura\",\"url\":\"https:\/\/www.omrserrature.it\/de\/\",\"logo\":{\"@type\":\"ImageObject\",\"inLanguage\":\"de\",\"@id\":\"https:\/\/www.omrserrature.it\/de\/#\/schema\/logo\/image\/\",\"url\":\"https:\/\/www.omrserrature.it\/wp-content\/uploads\/2017\/09\/favicon-omr-114.png\",\"contentUrl\":\"https:\/\/www.omrserrature.it\/wp-content\/uploads\/2017\/09\/favicon-omr-114.png\",\"width\":114,\"height\":114,\"caption\":\"OMR Serrature | Produzione sistemi di chiusura\"},\"image\":{\"@id\":\"https:\/\/www.omrserrature.it\/de\/#\/schema\/logo\/image\/\"},\"sameAs\":[\"https:\/\/www.facebook.com\/OMRserrature\",\"https:\/\/www.linkedin.com\/company\/omrserrature\/\",\"https:\/\/www.youtube.com\/channel\/UCxmA85z2R0EpG_6IRokiAkg\"]}]}<\/script>\n<!-- \/ Yoast SEO plugin. -->","yoast_head_json":{"title":"Einsteck-Kreuzprofilschloss - OMR Serrature","robots":{"index":"index","follow":"follow","max-snippet":"max-snippet:-1","max-image-preview":"max-image-preview:large","max-video-preview":"max-video-preview:-1"},"canonical":"https:\/\/www.omrserrature.it\/de\/produkt\/einsteckschloss-kreuzprofil-schluessel\/","og_locale":"de_DE","og_type":"article","og_title":"Einsteck-Kreuzprofilschloss - OMR Serrature","og_description":"Das nur auf Anfrage erh\u00e4ltliche 1-Stift-2-Stift-Einsteckschloss verf\u00fcgt \u00fcber einen kreuzf\u00f6rmigen Zylinder, der in einem Geh\u00e4use aus Stahl und Zinklegierung untergebracht ist und zwei seitliche Stifte bewegt, sobald der Schl\u00fcssel eingesteckt wird. Die kreuzf\u00f6rmige Anordnung der Stifte garantiert ein hohes Ma\u00df an Sicherheit, auch dank der speziellen kreuzf\u00f6rmigen Form des Schl\u00fcssels.","og_url":"https:\/\/www.omrserrature.it\/de\/produkt\/einsteckschloss-kreuzprofil-schluessel\/","og_site_name":"OMR Serrature | Produzione sistemi di chiusura","article_publisher":"https:\/\/www.facebook.com\/OMRserrature","article_modified_time":"2026-04-08T10:25:46+00:00","og_image":[{"width":568,"height":396,"url":"https:\/\/www.omrserrature.it\/wp-content\/uploads\/2018\/03\/serratura-chiave-spillo-infilare.jpg","type":"image\/jpeg"}],"twitter_card":"summary_large_image","twitter_misc":{"Gesch\u00e4tzte Lesezeit":"1\u00a0Minute"},"schema":{"@context":"https:\/\/schema.org","@graph":[{"@type":"WebPage","@id":"https:\/\/www.omrserrature.it\/de\/produkt\/einsteckschloss-kreuzprofil-schluessel\/","url":"https:\/\/www.omrserrature.it\/de\/produkt\/einsteckschloss-kreuzprofil-schluessel\/","name":"Einsteck-Kreuzprofilschloss - OMR Serrature","isPartOf":{"@id":"https:\/\/www.omrserrature.it\/de\/#website"},"primaryImageOfPage":{"@id":"https:\/\/www.omrserrature.it\/de\/produkt\/einsteckschloss-kreuzprofil-schluessel\/#primaryimage"},"image":{"@id":"https:\/\/www.omrserrature.it\/de\/produkt\/einsteckschloss-kreuzprofil-schluessel\/#primaryimage"},"thumbnailUrl":"https:\/\/www.omrserrature.it\/wp-content\/uploads\/2018\/03\/serratura-chiave-spillo-infilare.jpg","datePublished":"2017-10-16T14:25:01+00:00","dateModified":"2026-04-08T10:25:46+00:00","breadcrumb":{"@id":"https:\/\/www.omrserrature.it\/de\/produkt\/einsteckschloss-kreuzprofil-schluessel\/#breadcrumb"},"inLanguage":"de","potentialAction":[{"@type":"ReadAction","target":["https:\/\/www.omrserrature.it\/de\/produkt\/einsteckschloss-kreuzprofil-schluessel\/"]}]},{"@type":"ImageObject","inLanguage":"de","@id":"https:\/\/www.omrserrature.it\/de\/produkt\/einsteckschloss-kreuzprofil-schluessel\/#primaryimage","url":"https:\/\/www.omrserrature.it\/wp-content\/uploads\/2018\/03\/serratura-chiave-spillo-infilare.jpg","contentUrl":"https:\/\/www.omrserrature.it\/wp-content\/uploads\/2018\/03\/serratura-chiave-spillo-infilare.jpg","width":568,"height":396,"caption":"Schloss mit Einsteckschl\u00fcssel - mit Stiftschl\u00fcssel"},{"@type":"BreadcrumbList","@id":"https:\/\/www.omrserrature.it\/de\/produkt\/einsteckschloss-kreuzprofil-schluessel\/#breadcrumb","itemListElement":[{"@type":"ListItem","position":1,"name":"Home","item":"https:\/\/www.omrserrature.it\/de\/omr-serrature-sistemi-chiusura\/"},{"@type":"ListItem","position":2,"name":"Katalog","item":"https:\/\/www.omrserrature.it\/katalog\/?lang=de"},{"@type":"ListItem","position":3,"name":"Produkte","item":"https:\/\/www.omrserrature.it\/de\/katalog\/produkte\/"},{"@type":"ListItem","position":4,"name":"Schloesser","item":"https:\/\/www.omrserrature.it\/de\/katalog\/produkte\/schloesser\/"},{"@type":"ListItem","position":5,"name":"Kreuzprofil Schl\u00fcssel","item":"https:\/\/www.omrserrature.it\/de\/katalog\/produkte\/schloesser\/kreuzprofil-schlussel\/"},{"@type":"ListItem","position":6,"name":"Einsteck-Kreuzprofilschloss"}]},{"@type":"WebSite","@id":"https:\/\/www.omrserrature.it\/de\/#website","url":"https:\/\/www.omrserrature.it\/de\/","name":"OMR Serrature | Produzione sistemi di chiusura","description":"Produzione serrature di sicurezza e sistemi di chiusura","publisher":{"@id":"https:\/\/www.omrserrature.it\/de\/#organization"},"potentialAction":[{"@type":"SearchAction","target":{"@type":"EntryPoint","urlTemplate":"https:\/\/www.omrserrature.it\/de\/?s={search_term_string}"},"query-input":{"@type":"PropertyValueSpecification","valueRequired":true,"valueName":"search_term_string"}}],"inLanguage":"de"},{"@type":"Organization","@id":"https:\/\/www.omrserrature.it\/de\/#organization","name":"OMR Serrature | Produzione sistemi di chiusura","url":"https:\/\/www.omrserrature.it\/de\/","logo":{"@type":"ImageObject","inLanguage":"de","@id":"https:\/\/www.omrserrature.it\/de\/#\/schema\/logo\/image\/","url":"https:\/\/www.omrserrature.it\/wp-content\/uploads\/2017\/09\/favicon-omr-114.png","contentUrl":"https:\/\/www.omrserrature.it\/wp-content\/uploads\/2017\/09\/favicon-omr-114.png","width":114,"height":114,"caption":"OMR Serrature | Produzione sistemi di chiusura"},"image":{"@id":"https:\/\/www.omrserrature.it\/de\/#\/schema\/logo\/image\/"},"sameAs":["https:\/\/www.facebook.com\/OMRserrature","https:\/\/www.linkedin.com\/company\/omrserrature\/","https:\/\/www.youtube.com\/channel\/UCxmA85z2R0EpG_6IRokiAkg"]}]}},"_links":{"self":[{"href":"https:\/\/www.omrserrature.it\/de\/wp-json\/wp\/v2\/product\/252863","targetHints":{"allow":["GET"]}}],"collection":[{"href":"https:\/\/www.omrserrature.it\/de\/wp-json\/wp\/v2\/product"}],"about":[{"href":"https:\/\/www.omrserrature.it\/de\/wp-json\/wp\/v2\/types\/product"}],"replies":[{"embeddable":true,"href":"https:\/\/www.omrserrature.it\/de\/wp-json\/wp\/v2\/comments?post=252863"}],"wp:featuredmedia":[{"embeddable":true,"href":"https:\/\/www.omrserrature.it\/de\/wp-json\/wp\/v2\/media\/8096"}],"wp:attachment":[{"href":"https:\/\/www.omrserrature.it\/de\/wp-json\/wp\/v2\/media?parent=252863"}],"wp:term":[{"taxonomy":"product_brand","embeddable":true,"href":"https:\/\/www.omrserrature.it\/de\/wp-json\/wp\/v2\/product_brand?post=252863"},{"taxonomy":"product_cat","embeddable":true,"href":"https:\/\/www.omrserrature.it\/de\/wp-json\/wp\/v2\/product_cat?post=252863"},{"taxonomy":"product_tag","embeddable":true,"href":"https:\/\/www.omrserrature.it\/de\/wp-json\/wp\/v2\/product_tag?post=252863"}],"curies":[{"name":"wp","href":"https:\/\/api.w.org\/{rel}","templated":true}]}}