{"id":249905,"date":"2025-04-30T10:10:49","date_gmt":"2025-04-30T08:10:49","guid":{"rendered":"https:\/\/www.staging6.omrserrature.it\/prodotto\/dreiecksschloss-aus-edelstahl-mit-statusanzeigen\/"},"modified":"2026-04-08T11:20:39","modified_gmt":"2026-04-08T09:20:39","slug":"dreiecksschloss-aus-edelstahl-mit-statusanzeigen","status":"publish","type":"product","link":"https:\/\/www.omrserrature.it\/de\/produkt\/dreiecksschloss-aus-edelstahl-mit-statusanzeigen\/","title":{"rendered":"Dreiecksschloss aus Edelstahl &#8211; mit Statusanzeigen"},"content":{"rendered":"<p>Dieses <strong>Vierteldreh-Hebelschloss mit Dreikantschl\u00fcssel<\/strong>, das komplett aus Edelstahl gefertigt ist, wurde f\u00fcr Sicherheit und Langlebigkeit im Au\u00dfenbereich und in industriellen Umgebungen entwickelt. Es ist mit <strong>visuellen Statusanzeigen<\/strong> (gr\u00fcn f\u00fcr offen, rot f\u00fcr geschlossen) ausgestattet, die eine sofortige \u00dcberpr\u00fcfung der Position des Abschlusses erm\u00f6glichen und so das Sicherheitsmanagement und die Benutzerfreundlichkeit verbessern. Die Wahl von Edelstahl 304 als Konstruktionsmaterial bietet zahlreiche Vorteile und macht dieses Produkt ideal f\u00fcr die Anwendung an T\u00fcren und M\u00f6beln f\u00fcr den Au\u00dfenbereich\/f\u00fcr komplexe Umgebungen (Werkst\u00e4tten, Industrien, Fabriken, Labors usw.).  <\/p>\n<h2>Die wichtigsten Merkmale der Vierteldreh-Schl\u00f6sser aus Edelstahl 304<\/h2>\n<ul>\n<li><strong>Material<\/strong>: rostfreier Stahl, bekannt f\u00fcr seine hohe Korrosions- und Witterungsbest\u00e4ndigkeit.<\/li>\n<li><strong>Abschlussmechanismus<\/strong>: Hebel mit Vierteldrehung f\u00fcr schnelles und sicheres \u00d6ffnen und Schlie\u00dfen.<\/li>\n<li><strong>Schl\u00fcsseltyp<\/strong>: Dreikantschl\u00fcssel, der h\u00e4ufig in der Industrie verwendet wird, um einen kontrollierten Zugang zu gew\u00e4hrleisten.<\/li>\n<\/ul>\n<p><strong>Die Vorteile von rostfreiem Stahl<\/strong><\/p>\n<p>Rostfreier Stahl ist eine Legierung, die haupts\u00e4chlich aus Eisen, Chrom und Nickel besteht. Das Vorhandensein von Chrom verleiht dem Material die F\u00e4higkeit, eine passivierende Schicht aus Chromoxid auf der Oberfl\u00e4che zu bilden, die das darunter liegende Metall vor Korrosion sch\u00fctzt. Diese Eigenschaft macht Edelstahl 304 besonders geeignet f\u00fcr Anwendungen in feuchten Umgebungen, die der Witterung oder den Chemikalien der Industrie ausgesetzt sind. In der Tat bietet rostfreier Stahl:   <\/p>\n<ul>\n<li><strong>Langlebigkeit<\/strong>: Es ist verschlei\u00dffest und beh\u00e4lt seine mechanischen Eigenschaften im Laufe der Zeit bei.<\/li>\n<li><strong>Hygiene<\/strong>: leicht zu reinigen und resistent gegen bakterielles Wachstum, ideal f\u00fcr Umgebungen, in denen Hygiene an erster Stelle steht.<\/li>\n<li><strong>Raffinierte \u00c4sthetik<\/strong>: schlankes, modernes Aussehen, das sich elegant in viele Kontexte einf\u00fcgt.<\/li>\n<\/ul>\n<h2>Empfohlene Anwendungen f\u00fcr Schl\u00f6sser aus rostfreiem Stahl<\/h2>\n<p>Dank seiner Konstruktion aus rostfreiem Stahl und seinem robusten Design ist dieses Schloss besonders geeignet f\u00fcr:<\/p>\n<ul>\n<li>Elektrische Schalttafeln, an T\u00fcren und Geh\u00e4usen.<\/li>\n<li>Industrielle Anlagen, bei denen ein sicherer und widerstandsf\u00e4higer Abschluss erforderlich ist.<\/li>\n<li>Komponenten f\u00fcr die Bereiche Eisenbahn, Luft- und Raumfahrt, Schiffbau und Krankenh\u00e4user.<\/li>\n<\/ul>\n<p>Die Wahl eines Schlosses aus Edelstahl bedeutet eine Investition in ein Produkt, das Zuverl\u00e4ssigkeit, Sicherheit und eine lange Lebensdauer bietet.<\/p>\n","protected":false},"excerpt":{"rendered":"<p>Vierteldrehbares Hebelschloss aus <strong>Edelstahl 304<\/strong> mit <strong>Dreikantschl\u00fcssel<\/strong>, ideal f\u00fcr den Au\u00dfenbereich und industrielle Umgebungen. Dank seines schnellen und sicheren Mechanismus ist es perfekt f\u00fcr <strong>Schaltschr\u00e4nke<\/strong> und andere Installationen geeignet, die den Elementen ausgesetzt sind. Der rostfreie Stahl ist <strong>korrosionsbest\u00e4ndig<\/strong>, <strong>langlebig<\/strong> und leicht zu reinigen, so dass sich dieses Schloss f\u00fcr den <strong>Einsatz in Industrie und Bahn, in der Luft- und Raumfahrt, in der Schifffahrt und in Krankenh\u00e4usern<\/strong> eignet <strong>.<\/strong>  <\/p>\n","protected":false},"featured_media":258272,"comment_status":"closed","ping_status":"closed","template":"","meta":{"_acf_changed":false,"_et_pb_use_builder":"","_et_pb_old_content":"","_et_gb_content_width":""},"product_brand":[],"product_cat":[3780,3875,3825,3772,3819,1341,3822,3843,3842,3852,3793,3833,3830,3827,3839,3840,3764,3802],"product_tag":[],"class_list":{"0":"post-249905","1":"product","2":"type-product","3":"status-publish","4":"has-post-thumbnail","6":"product_cat-1-4-drehung-drehriegel","7":"product_cat-boot-schlosser","8":"product_cat-hebel-schlosser","9":"product_cat-krankenhauser-und-gesundheitsbereich","10":"product_cat-manuelle-schlosser-fur-mulltonnen-boxen","11":"product_cat-schloesser","12":"product_cat-schlosser-aus-rostfreiem-stahl","13":"product_cat-schlosser-fur-automatische-lagerhauser","14":"product_cat-schlosser-fur-die-elektromechanische-industrie","15":"product_cat-schlosser-fur-industrieschranke","16":"product_cat-schlosser-fur-mulltonnen","17":"product_cat-schlosser-fur-mulltonnen-2","18":"product_cat-schlosser-fur-professionelle-trolleys","19":"product_cat-schlosser-fur-schaltschranke","20":"product_cat-schlosser-fur-schrankfronten","21":"product_cat-schlosser-fur-seitenwandturen","22":"product_cat-wasser-luft-gas-fur-firmen","23":"product_cat-wasserdichte-rostfreie-schlosser","25":"first","26":"instock","27":"shipping-taxable","28":"product-type-simple"},"acf":{"pdf1":"https:\/\/www.omrserrature.it\/wp-content\/uploads\/2025\/04\/Scheda-tech_IN165665.pdf"},"yoast_head":"<!-- This site is optimized with the Yoast SEO plugin v27.2 - https:\/\/yoast.com\/product\/yoast-seo-wordpress\/ -->\n<title>Dreikant-Schloss mit offenem\/geschlossenem - OMR Schl\u00f6sser<\/title>\n<meta name=\"description\" content=\"Vierteldrehbares Hebel-Schloss aus Edelstahl mit dreieckigem Schl\u00fcssel und Statusanzeigen. Ideal f\u00fcr den Au\u00dfenbereich und industrielle Umgebungen.\" \/>\n<meta name=\"robots\" content=\"index, follow, max-snippet:-1, max-image-preview:large, max-video-preview:-1\" \/>\n<link rel=\"canonical\" href=\"https:\/\/www.omrserrature.it\/de\/produkt\/dreiecksschloss-aus-edelstahl-mit-statusanzeigen\/\" \/>\n<meta property=\"og:locale\" content=\"de_DE\" \/>\n<meta property=\"og:type\" content=\"article\" \/>\n<meta property=\"og:title\" content=\"Dreikant-Schloss mit offenem\/geschlossenem - OMR Schl\u00f6sser\" \/>\n<meta property=\"og:description\" content=\"Vierteldrehbares Hebel-Schloss aus Edelstahl mit dreieckigem Schl\u00fcssel und Statusanzeigen. Ideal f\u00fcr den Au\u00dfenbereich und industrielle Umgebungen.\" \/>\n<meta property=\"og:url\" content=\"https:\/\/www.omrserrature.it\/de\/produkt\/dreiecksschloss-aus-edelstahl-mit-statusanzeigen\/\" \/>\n<meta property=\"og:site_name\" content=\"OMR Serrature | Produzione sistemi di chiusura\" \/>\n<meta property=\"article:publisher\" content=\"https:\/\/www.facebook.com\/OMRserrature\" \/>\n<meta property=\"article:modified_time\" content=\"2026-04-08T09:20:39+00:00\" \/>\n<meta property=\"og:image\" content=\"https:\/\/www.omrserrature.it\/wp-content\/uploads\/2025\/04\/IN165665.jpg\" \/>\n\t<meta property=\"og:image:width\" content=\"1000\" \/>\n\t<meta property=\"og:image:height\" content=\"1000\" \/>\n\t<meta property=\"og:image:type\" content=\"image\/jpeg\" \/>\n<meta name=\"twitter:card\" content=\"summary_large_image\" \/>\n<meta name=\"twitter:label1\" content=\"Gesch\u00e4tzte Lesezeit\" \/>\n\t<meta name=\"twitter:data1\" content=\"2\u00a0Minuten\" \/>\n<script type=\"application\/ld+json\" class=\"yoast-schema-graph\">{\"@context\":\"https:\/\/schema.org\",\"@graph\":[{\"@type\":\"WebPage\",\"@id\":\"https:\/\/www.omrserrature.it\/de\/produkt\/dreiecksschloss-aus-edelstahl-mit-statusanzeigen\/\",\"url\":\"https:\/\/www.omrserrature.it\/de\/produkt\/dreiecksschloss-aus-edelstahl-mit-statusanzeigen\/\",\"name\":\"Dreikant-Schloss mit offenem\/geschlossenem - OMR Schl\u00f6sser\",\"isPartOf\":{\"@id\":\"https:\/\/www.omrserrature.it\/de\/#website\"},\"primaryImageOfPage\":{\"@id\":\"https:\/\/www.omrserrature.it\/de\/produkt\/dreiecksschloss-aus-edelstahl-mit-statusanzeigen\/#primaryimage\"},\"image\":{\"@id\":\"https:\/\/www.omrserrature.it\/de\/produkt\/dreiecksschloss-aus-edelstahl-mit-statusanzeigen\/#primaryimage\"},\"thumbnailUrl\":\"https:\/\/www.omrserrature.it\/wp-content\/uploads\/2025\/04\/IN165665.jpg\",\"datePublished\":\"2025-04-30T08:10:49+00:00\",\"dateModified\":\"2026-04-08T09:20:39+00:00\",\"description\":\"Vierteldrehbares Hebel-Schloss aus Edelstahl mit dreieckigem Schl\u00fcssel und Statusanzeigen. Ideal f\u00fcr den Au\u00dfenbereich und industrielle Umgebungen.\",\"breadcrumb\":{\"@id\":\"https:\/\/www.omrserrature.it\/de\/produkt\/dreiecksschloss-aus-edelstahl-mit-statusanzeigen\/#breadcrumb\"},\"inLanguage\":\"de\",\"potentialAction\":[{\"@type\":\"ReadAction\",\"target\":[\"https:\/\/www.omrserrature.it\/de\/produkt\/dreiecksschloss-aus-edelstahl-mit-statusanzeigen\/\"]}]},{\"@type\":\"ImageObject\",\"inLanguage\":\"de\",\"@id\":\"https:\/\/www.omrserrature.it\/de\/produkt\/dreiecksschloss-aus-edelstahl-mit-statusanzeigen\/#primaryimage\",\"url\":\"https:\/\/www.omrserrature.it\/wp-content\/uploads\/2025\/04\/IN165665.jpg\",\"contentUrl\":\"https:\/\/www.omrserrature.it\/wp-content\/uploads\/2025\/04\/IN165665.jpg\",\"width\":1000,\"height\":1000,\"caption\":\"Dreiecksschloss aus Edelstahl mit Statusanzeigen. Code IN165665\"},{\"@type\":\"BreadcrumbList\",\"@id\":\"https:\/\/www.omrserrature.it\/de\/produkt\/dreiecksschloss-aus-edelstahl-mit-statusanzeigen\/#breadcrumb\",\"itemListElement\":[{\"@type\":\"ListItem\",\"position\":1,\"name\":\"Home\",\"item\":\"https:\/\/www.omrserrature.it\/de\/omr-serrature-sistemi-chiusura\/\"},{\"@type\":\"ListItem\",\"position\":2,\"name\":\"Katalog\",\"item\":\"https:\/\/www.omrserrature.it\/katalog\/?lang=de\"},{\"@type\":\"ListItem\",\"position\":3,\"name\":\"Produkte\",\"item\":\"https:\/\/www.omrserrature.it\/de\/katalog\/produkte\/\"},{\"@type\":\"ListItem\",\"position\":4,\"name\":\"Schloesser\",\"item\":\"https:\/\/www.omrserrature.it\/de\/katalog\/produkte\/schloesser\/\"},{\"@type\":\"ListItem\",\"position\":5,\"name\":\"Dreiecksschloss aus Edelstahl &#8211; mit Statusanzeigen\"}]},{\"@type\":\"WebSite\",\"@id\":\"https:\/\/www.omrserrature.it\/de\/#website\",\"url\":\"https:\/\/www.omrserrature.it\/de\/\",\"name\":\"OMR Serrature | Produzione sistemi di chiusura\",\"description\":\"Produzione serrature di sicurezza e sistemi di chiusura\",\"publisher\":{\"@id\":\"https:\/\/www.omrserrature.it\/de\/#organization\"},\"potentialAction\":[{\"@type\":\"SearchAction\",\"target\":{\"@type\":\"EntryPoint\",\"urlTemplate\":\"https:\/\/www.omrserrature.it\/de\/?s={search_term_string}\"},\"query-input\":{\"@type\":\"PropertyValueSpecification\",\"valueRequired\":true,\"valueName\":\"search_term_string\"}}],\"inLanguage\":\"de\"},{\"@type\":\"Organization\",\"@id\":\"https:\/\/www.omrserrature.it\/de\/#organization\",\"name\":\"OMR Serrature | Produzione sistemi di chiusura\",\"url\":\"https:\/\/www.omrserrature.it\/de\/\",\"logo\":{\"@type\":\"ImageObject\",\"inLanguage\":\"de\",\"@id\":\"https:\/\/www.omrserrature.it\/de\/#\/schema\/logo\/image\/\",\"url\":\"https:\/\/www.omrserrature.it\/wp-content\/uploads\/2017\/09\/favicon-omr-114.png\",\"contentUrl\":\"https:\/\/www.omrserrature.it\/wp-content\/uploads\/2017\/09\/favicon-omr-114.png\",\"width\":114,\"height\":114,\"caption\":\"OMR Serrature | Produzione sistemi di chiusura\"},\"image\":{\"@id\":\"https:\/\/www.omrserrature.it\/de\/#\/schema\/logo\/image\/\"},\"sameAs\":[\"https:\/\/www.facebook.com\/OMRserrature\",\"https:\/\/www.linkedin.com\/company\/omrserrature\/\",\"https:\/\/www.youtube.com\/channel\/UCxmA85z2R0EpG_6IRokiAkg\"]}]}<\/script>\n<!-- \/ Yoast SEO plugin. -->","yoast_head_json":{"title":"Dreikant-Schloss mit offenem\/geschlossenem - OMR Schl\u00f6sser","description":"Vierteldrehbares Hebel-Schloss aus Edelstahl mit dreieckigem Schl\u00fcssel und Statusanzeigen. Ideal f\u00fcr den Au\u00dfenbereich und industrielle Umgebungen.","robots":{"index":"index","follow":"follow","max-snippet":"max-snippet:-1","max-image-preview":"max-image-preview:large","max-video-preview":"max-video-preview:-1"},"canonical":"https:\/\/www.omrserrature.it\/de\/produkt\/dreiecksschloss-aus-edelstahl-mit-statusanzeigen\/","og_locale":"de_DE","og_type":"article","og_title":"Dreikant-Schloss mit offenem\/geschlossenem - OMR Schl\u00f6sser","og_description":"Vierteldrehbares Hebel-Schloss aus Edelstahl mit dreieckigem Schl\u00fcssel und Statusanzeigen. Ideal f\u00fcr den Au\u00dfenbereich und industrielle Umgebungen.","og_url":"https:\/\/www.omrserrature.it\/de\/produkt\/dreiecksschloss-aus-edelstahl-mit-statusanzeigen\/","og_site_name":"OMR Serrature | Produzione sistemi di chiusura","article_publisher":"https:\/\/www.facebook.com\/OMRserrature","article_modified_time":"2026-04-08T09:20:39+00:00","og_image":[{"width":1000,"height":1000,"url":"https:\/\/www.omrserrature.it\/wp-content\/uploads\/2025\/04\/IN165665.jpg","type":"image\/jpeg"}],"twitter_card":"summary_large_image","twitter_misc":{"Gesch\u00e4tzte Lesezeit":"2\u00a0Minuten"},"schema":{"@context":"https:\/\/schema.org","@graph":[{"@type":"WebPage","@id":"https:\/\/www.omrserrature.it\/de\/produkt\/dreiecksschloss-aus-edelstahl-mit-statusanzeigen\/","url":"https:\/\/www.omrserrature.it\/de\/produkt\/dreiecksschloss-aus-edelstahl-mit-statusanzeigen\/","name":"Dreikant-Schloss mit offenem\/geschlossenem - OMR Schl\u00f6sser","isPartOf":{"@id":"https:\/\/www.omrserrature.it\/de\/#website"},"primaryImageOfPage":{"@id":"https:\/\/www.omrserrature.it\/de\/produkt\/dreiecksschloss-aus-edelstahl-mit-statusanzeigen\/#primaryimage"},"image":{"@id":"https:\/\/www.omrserrature.it\/de\/produkt\/dreiecksschloss-aus-edelstahl-mit-statusanzeigen\/#primaryimage"},"thumbnailUrl":"https:\/\/www.omrserrature.it\/wp-content\/uploads\/2025\/04\/IN165665.jpg","datePublished":"2025-04-30T08:10:49+00:00","dateModified":"2026-04-08T09:20:39+00:00","description":"Vierteldrehbares Hebel-Schloss aus Edelstahl mit dreieckigem Schl\u00fcssel und Statusanzeigen. Ideal f\u00fcr den Au\u00dfenbereich und industrielle Umgebungen.","breadcrumb":{"@id":"https:\/\/www.omrserrature.it\/de\/produkt\/dreiecksschloss-aus-edelstahl-mit-statusanzeigen\/#breadcrumb"},"inLanguage":"de","potentialAction":[{"@type":"ReadAction","target":["https:\/\/www.omrserrature.it\/de\/produkt\/dreiecksschloss-aus-edelstahl-mit-statusanzeigen\/"]}]},{"@type":"ImageObject","inLanguage":"de","@id":"https:\/\/www.omrserrature.it\/de\/produkt\/dreiecksschloss-aus-edelstahl-mit-statusanzeigen\/#primaryimage","url":"https:\/\/www.omrserrature.it\/wp-content\/uploads\/2025\/04\/IN165665.jpg","contentUrl":"https:\/\/www.omrserrature.it\/wp-content\/uploads\/2025\/04\/IN165665.jpg","width":1000,"height":1000,"caption":"Dreiecksschloss aus Edelstahl mit Statusanzeigen. Code IN165665"},{"@type":"BreadcrumbList","@id":"https:\/\/www.omrserrature.it\/de\/produkt\/dreiecksschloss-aus-edelstahl-mit-statusanzeigen\/#breadcrumb","itemListElement":[{"@type":"ListItem","position":1,"name":"Home","item":"https:\/\/www.omrserrature.it\/de\/omr-serrature-sistemi-chiusura\/"},{"@type":"ListItem","position":2,"name":"Katalog","item":"https:\/\/www.omrserrature.it\/katalog\/?lang=de"},{"@type":"ListItem","position":3,"name":"Produkte","item":"https:\/\/www.omrserrature.it\/de\/katalog\/produkte\/"},{"@type":"ListItem","position":4,"name":"Schloesser","item":"https:\/\/www.omrserrature.it\/de\/katalog\/produkte\/schloesser\/"},{"@type":"ListItem","position":5,"name":"Dreiecksschloss aus Edelstahl &#8211; mit Statusanzeigen"}]},{"@type":"WebSite","@id":"https:\/\/www.omrserrature.it\/de\/#website","url":"https:\/\/www.omrserrature.it\/de\/","name":"OMR Serrature | Produzione sistemi di chiusura","description":"Produzione serrature di sicurezza e sistemi di chiusura","publisher":{"@id":"https:\/\/www.omrserrature.it\/de\/#organization"},"potentialAction":[{"@type":"SearchAction","target":{"@type":"EntryPoint","urlTemplate":"https:\/\/www.omrserrature.it\/de\/?s={search_term_string}"},"query-input":{"@type":"PropertyValueSpecification","valueRequired":true,"valueName":"search_term_string"}}],"inLanguage":"de"},{"@type":"Organization","@id":"https:\/\/www.omrserrature.it\/de\/#organization","name":"OMR Serrature | Produzione sistemi di chiusura","url":"https:\/\/www.omrserrature.it\/de\/","logo":{"@type":"ImageObject","inLanguage":"de","@id":"https:\/\/www.omrserrature.it\/de\/#\/schema\/logo\/image\/","url":"https:\/\/www.omrserrature.it\/wp-content\/uploads\/2017\/09\/favicon-omr-114.png","contentUrl":"https:\/\/www.omrserrature.it\/wp-content\/uploads\/2017\/09\/favicon-omr-114.png","width":114,"height":114,"caption":"OMR Serrature | Produzione sistemi di chiusura"},"image":{"@id":"https:\/\/www.omrserrature.it\/de\/#\/schema\/logo\/image\/"},"sameAs":["https:\/\/www.facebook.com\/OMRserrature","https:\/\/www.linkedin.com\/company\/omrserrature\/","https:\/\/www.youtube.com\/channel\/UCxmA85z2R0EpG_6IRokiAkg"]}]}},"_links":{"self":[{"href":"https:\/\/www.omrserrature.it\/de\/wp-json\/wp\/v2\/product\/249905","targetHints":{"allow":["GET"]}}],"collection":[{"href":"https:\/\/www.omrserrature.it\/de\/wp-json\/wp\/v2\/product"}],"about":[{"href":"https:\/\/www.omrserrature.it\/de\/wp-json\/wp\/v2\/types\/product"}],"replies":[{"embeddable":true,"href":"https:\/\/www.omrserrature.it\/de\/wp-json\/wp\/v2\/comments?post=249905"}],"wp:featuredmedia":[{"embeddable":true,"href":"https:\/\/www.omrserrature.it\/de\/wp-json\/wp\/v2\/media\/258272"}],"wp:attachment":[{"href":"https:\/\/www.omrserrature.it\/de\/wp-json\/wp\/v2\/media?parent=249905"}],"wp:term":[{"taxonomy":"product_brand","embeddable":true,"href":"https:\/\/www.omrserrature.it\/de\/wp-json\/wp\/v2\/product_brand?post=249905"},{"taxonomy":"product_cat","embeddable":true,"href":"https:\/\/www.omrserrature.it\/de\/wp-json\/wp\/v2\/product_cat?post=249905"},{"taxonomy":"product_tag","embeddable":true,"href":"https:\/\/www.omrserrature.it\/de\/wp-json\/wp\/v2\/product_tag?post=249905"}],"curies":[{"name":"wp","href":"https:\/\/api.w.org\/{rel}","templated":true}]}}