{"id":243846,"date":"2025-04-24T13:30:24","date_gmt":"2025-04-24T11:30:24","guid":{"rendered":"https:\/\/www.staging6.omrserrature.it\/prodotto\/sechskantschloss-aus-edelstahl\/"},"modified":"2026-04-08T11:09:38","modified_gmt":"2026-04-08T09:09:38","slug":"sechskantschloss-aus-edelstahl","status":"publish","type":"product","link":"https:\/\/www.omrserrature.it\/de\/produkt\/sechskantschloss-aus-edelstahl\/","title":{"rendered":"Sechskantschloss aus Edelstahl"},"content":{"rendered":"<p>Dieses Vierteldreh-Hebelschloss mit <b>Innensechskantschl\u00fcssel<\/b>, komplett aus Edelstahl, wurde entwickelt, um Sicherheit und Widerstandsf\u00e4higkeit im Au\u00dfenbereich und in der Industrie zu gew\u00e4hrleisten. Die Wahl von Edelstahl 304 als Konstruktionsmaterial bietet zahlreiche Vorteile und macht dieses Produkt ideal f\u00fcr die Anwendung an T\u00fcren, Schalttafeln und M\u00f6beln im Au\u00dfenbereich (Werkst\u00e4tten, Industrien, Fabriken, Labors usw.). Die \u00d6ffnung mit einem Sechskantrohrschl\u00fcssel erfordert einen speziellen Schl\u00fcssel zum \u00d6ffnen und Schlie\u00dfen und bietet ein h\u00f6heres Ma\u00df an Sicherheit als vergleichbare Schl\u00f6sser mit dreieckiger oder quadratischer Form.  <\/p>\n<h2>Die wichtigsten Merkmale der Vierteldreh-Schl\u00f6sser aus Edelstahl 304<\/h2>\n<ul>\n<li><strong>Material<\/strong>: rostfreier Stahl, bekannt f\u00fcr seine hohe Korrosions- und Witterungsbest\u00e4ndigkeit.<\/li>\n<li><strong>Abschlussmechanismus<\/strong>: Hebel mit Vierteldrehung f\u00fcr schnelles und sicheres \u00d6ffnen und Schlie\u00dfen.<\/li>\n<li><strong>Schl\u00fcsseltyp<\/strong>: Innensechskantschl\u00fcssel (nicht enthalten).<\/li>\n<\/ul>\n<p><strong>Die Vorteile von rostfreiem Stahl<\/strong><\/p>\n<p>Rostfreier Stahl ist eine Legierung, die haupts\u00e4chlich aus Eisen, Chrom und Nickel besteht. Das Vorhandensein von Chrom verleiht dem Material die F\u00e4higkeit, eine passivierende Schicht aus Chromoxid auf der Oberfl\u00e4che zu bilden, die das darunter liegende Metall vor Korrosion sch\u00fctzt. Diese Eigenschaft macht Edelstahl 304 besonders geeignet f\u00fcr Anwendungen in feuchten Umgebungen, die der Witterung oder den Chemikalien der Industrie ausgesetzt sind. In der Tat bietet rostfreier Stahl:   <\/p>\n<ul>\n<li><strong>Langlebigkeit<\/strong>: Es ist verschlei\u00dffest und beh\u00e4lt seine mechanischen Eigenschaften im Laufe der Zeit bei.<\/li>\n<li><strong>Hygiene<\/strong>: leicht zu reinigen und resistent gegen bakterielles Wachstum, ideal f\u00fcr Umgebungen, in denen Hygiene an erster Stelle steht.<\/li>\n<li><strong>Raffinierte \u00c4sthetik<\/strong>: schlankes, modernes Aussehen, das sich elegant in viele Kontexte einf\u00fcgt.<\/li>\n<\/ul>\n<h2>Empfohlene Anwendungen f\u00fcr Schl\u00f6sser aus rostfreiem Stahl<\/h2>\n<p>Dank seiner Konstruktion aus rostfreiem Stahl und seinem robusten Design ist dieses Schloss besonders geeignet f\u00fcr:<\/p>\n<ul>\n<li>Elektrische Paneele und T\u00fcren an Au\u00dfenm\u00f6beln.<\/li>\n<li>Industrielle Anlagen, bei denen ein sicherer und widerstandsf\u00e4higer Abschluss erforderlich ist.<\/li>\n<li>Spezifische Komponenten f\u00fcr die Bereiche Eisenbahn, Luft- und Raumfahrt, Schiffbau und Krankenh\u00e4user.<\/li>\n<\/ul>\n<p>Die Wahl eines Schlosses aus Edelstahl bedeutet eine Investition in ein Produkt, das Zuverl\u00e4ssigkeit, Sicherheit und eine lange Lebensdauer bietet.<\/p>\n","protected":false},"excerpt":{"rendered":"<p>Hebelschloss mit Vierteldrehung und <strong>Innensechskantschl\u00fcssel<\/strong>, komplett aus <strong>Edelstahl 304<\/strong> f\u00fcr <strong>St\u00e4rke, Sicherheit und Langlebigkeit<\/strong> im Au\u00dfen- und Industriebereich. Das \u00d6ffnen mit einem Sechskantschl\u00fcssel erfordert ein Spezialwerkzeug und bietet <strong>mehr Schutz<\/strong> als Modelle mit einer Standardform. Ideal f\u00fcr<strong> Schalttafeln, T\u00fcren <\/strong>und <strong>technische Ger\u00e4te<\/strong> in Werkst\u00e4tten, Fabriken und Labors. Der Einsatz ist f\u00fcr die <strong>Bereiche Eisenbahn, Luft- und Raumfahrt, Schiffbau und Krankenh\u00e4user<\/strong> geeignet.   <\/p>\n","protected":false},"featured_media":243833,"comment_status":"closed","ping_status":"closed","template":"","meta":{"_acf_changed":false,"_et_pb_use_builder":"","_et_pb_old_content":"","_et_gb_content_width":""},"product_brand":[],"product_cat":[3780,3765,3875,3825,3772,3819,1341,3822,3843,3842,3852,3793,3833,3830,3827,3839,3840,3764,3802],"product_tag":[],"class_list":{"0":"post-243846","1":"product","2":"type-product","3":"status-publish","4":"has-post-thumbnail","6":"product_cat-1-4-drehung-drehriegel","7":"product_cat-abschlusssysteme-fur-die-industrie","8":"product_cat-boot-schlosser","9":"product_cat-hebel-schlosser","10":"product_cat-krankenhauser-und-gesundheitsbereich","11":"product_cat-manuelle-schlosser-fur-mulltonnen-boxen","12":"product_cat-schloesser","13":"product_cat-schlosser-aus-rostfreiem-stahl","14":"product_cat-schlosser-fur-automatische-lagerhauser","15":"product_cat-schlosser-fur-die-elektromechanische-industrie","16":"product_cat-schlosser-fur-industrieschranke","17":"product_cat-schlosser-fur-mulltonnen","18":"product_cat-schlosser-fur-mulltonnen-2","19":"product_cat-schlosser-fur-professionelle-trolleys","20":"product_cat-schlosser-fur-schaltschranke","21":"product_cat-schlosser-fur-schrankfronten","22":"product_cat-schlosser-fur-seitenwandturen","23":"product_cat-wasser-luft-gas-fur-firmen","24":"product_cat-wasserdichte-rostfreie-schlosser","26":"first","27":"instock","28":"shipping-taxable","29":"product-type-simple"},"acf":{"pdf1":"https:\/\/www.omrserrature.it\/wp-content\/uploads\/schede\/Scheda_IN165664.pdf"},"yoast_head":"<!-- This site is optimized with the Yoast SEO plugin v27.2 - https:\/\/yoast.com\/product\/yoast-seo-wordpress\/ -->\n<title>Sechskantschloss aus Edelstahl - OMR Serrature<\/title>\n<meta name=\"robots\" content=\"index, follow, max-snippet:-1, max-image-preview:large, max-video-preview:-1\" \/>\n<link rel=\"canonical\" href=\"https:\/\/www.omrserrature.it\/de\/produkt\/sechskantschloss-aus-edelstahl\/\" \/>\n<meta property=\"og:locale\" content=\"de_DE\" \/>\n<meta property=\"og:type\" content=\"article\" \/>\n<meta property=\"og:title\" content=\"Sechskantschloss aus Edelstahl - OMR Serrature\" \/>\n<meta property=\"og:description\" content=\"Hebelschloss mit Vierteldrehung und Innensechskantschl\u00fcssel, komplett aus Edelstahl 304 f\u00fcr St\u00e4rke, Sicherheit und Langlebigkeit im Au\u00dfen- und Industriebereich. Das \u00d6ffnen mit einem Sechskantschl\u00fcssel erfordert ein Spezialwerkzeug und bietet mehr Schutz als Modelle mit einer Standardform. Ideal f\u00fcr Schalttafeln, T\u00fcren und technische Ger\u00e4te in Werkst\u00e4tten, Fabriken und Labors. Der Einsatz ist f\u00fcr die Bereiche Eisenbahn, Luft- und Raumfahrt, Schiffbau und Krankenh\u00e4user geeignet.\" \/>\n<meta property=\"og:url\" content=\"https:\/\/www.omrserrature.it\/de\/produkt\/sechskantschloss-aus-edelstahl\/\" \/>\n<meta property=\"og:site_name\" content=\"OMR Serrature | Produzione sistemi di chiusura\" \/>\n<meta property=\"article:publisher\" content=\"https:\/\/www.facebook.com\/OMRserrature\" \/>\n<meta property=\"article:modified_time\" content=\"2026-04-08T09:09:38+00:00\" \/>\n<meta property=\"og:image\" content=\"https:\/\/www.omrserrature.it\/wp-content\/uploads\/2025\/04\/IN165664.jpg\" \/>\n\t<meta property=\"og:image:width\" content=\"1000\" \/>\n\t<meta property=\"og:image:height\" content=\"1000\" \/>\n\t<meta property=\"og:image:type\" content=\"image\/jpeg\" \/>\n<meta name=\"twitter:card\" content=\"summary_large_image\" \/>\n<meta name=\"twitter:label1\" content=\"Gesch\u00e4tzte Lesezeit\" \/>\n\t<meta name=\"twitter:data1\" content=\"2\u00a0Minuten\" \/>\n<script type=\"application\/ld+json\" class=\"yoast-schema-graph\">{\"@context\":\"https:\/\/schema.org\",\"@graph\":[{\"@type\":\"WebPage\",\"@id\":\"https:\/\/www.omrserrature.it\/de\/produkt\/sechskantschloss-aus-edelstahl\/\",\"url\":\"https:\/\/www.omrserrature.it\/de\/produkt\/sechskantschloss-aus-edelstahl\/\",\"name\":\"Sechskantschloss aus Edelstahl - OMR Serrature\",\"isPartOf\":{\"@id\":\"https:\/\/www.omrserrature.it\/de\/#website\"},\"primaryImageOfPage\":{\"@id\":\"https:\/\/www.omrserrature.it\/de\/produkt\/sechskantschloss-aus-edelstahl\/#primaryimage\"},\"image\":{\"@id\":\"https:\/\/www.omrserrature.it\/de\/produkt\/sechskantschloss-aus-edelstahl\/#primaryimage\"},\"thumbnailUrl\":\"https:\/\/www.omrserrature.it\/wp-content\/uploads\/2025\/04\/IN165664.jpg\",\"datePublished\":\"2025-04-24T11:30:24+00:00\",\"dateModified\":\"2026-04-08T09:09:38+00:00\",\"breadcrumb\":{\"@id\":\"https:\/\/www.omrserrature.it\/de\/produkt\/sechskantschloss-aus-edelstahl\/#breadcrumb\"},\"inLanguage\":\"de\",\"potentialAction\":[{\"@type\":\"ReadAction\",\"target\":[\"https:\/\/www.omrserrature.it\/de\/produkt\/sechskantschloss-aus-edelstahl\/\"]}]},{\"@type\":\"ImageObject\",\"inLanguage\":\"de\",\"@id\":\"https:\/\/www.omrserrature.it\/de\/produkt\/sechskantschloss-aus-edelstahl\/#primaryimage\",\"url\":\"https:\/\/www.omrserrature.it\/wp-content\/uploads\/2025\/04\/IN165664.jpg\",\"contentUrl\":\"https:\/\/www.omrserrature.it\/wp-content\/uploads\/2025\/04\/IN165664.jpg\",\"width\":1000,\"height\":1000,\"caption\":\"Schloss aus rostfreiem Stahl mit Dreikantschl\u00fcssel. Mod. IN165664\"},{\"@type\":\"BreadcrumbList\",\"@id\":\"https:\/\/www.omrserrature.it\/de\/produkt\/sechskantschloss-aus-edelstahl\/#breadcrumb\",\"itemListElement\":[{\"@type\":\"ListItem\",\"position\":1,\"name\":\"Home\",\"item\":\"https:\/\/www.omrserrature.it\/de\/omr-serrature-sistemi-chiusura\/\"},{\"@type\":\"ListItem\",\"position\":2,\"name\":\"Katalog\",\"item\":\"https:\/\/www.omrserrature.it\/katalog\/?lang=de\"},{\"@type\":\"ListItem\",\"position\":3,\"name\":\"Produkte\",\"item\":\"https:\/\/www.omrserrature.it\/de\/katalog\/produkte\/\"},{\"@type\":\"ListItem\",\"position\":4,\"name\":\"Schloesser\",\"item\":\"https:\/\/www.omrserrature.it\/de\/katalog\/produkte\/schloesser\/\"},{\"@type\":\"ListItem\",\"position\":5,\"name\":\"Sechskantschloss aus Edelstahl\"}]},{\"@type\":\"WebSite\",\"@id\":\"https:\/\/www.omrserrature.it\/de\/#website\",\"url\":\"https:\/\/www.omrserrature.it\/de\/\",\"name\":\"OMR Serrature | Produzione sistemi di chiusura\",\"description\":\"Produzione serrature di sicurezza e sistemi di chiusura\",\"publisher\":{\"@id\":\"https:\/\/www.omrserrature.it\/de\/#organization\"},\"potentialAction\":[{\"@type\":\"SearchAction\",\"target\":{\"@type\":\"EntryPoint\",\"urlTemplate\":\"https:\/\/www.omrserrature.it\/de\/?s={search_term_string}\"},\"query-input\":{\"@type\":\"PropertyValueSpecification\",\"valueRequired\":true,\"valueName\":\"search_term_string\"}}],\"inLanguage\":\"de\"},{\"@type\":\"Organization\",\"@id\":\"https:\/\/www.omrserrature.it\/de\/#organization\",\"name\":\"OMR Serrature | Produzione sistemi di chiusura\",\"url\":\"https:\/\/www.omrserrature.it\/de\/\",\"logo\":{\"@type\":\"ImageObject\",\"inLanguage\":\"de\",\"@id\":\"https:\/\/www.omrserrature.it\/de\/#\/schema\/logo\/image\/\",\"url\":\"https:\/\/www.omrserrature.it\/wp-content\/uploads\/2017\/09\/favicon-omr-114.png\",\"contentUrl\":\"https:\/\/www.omrserrature.it\/wp-content\/uploads\/2017\/09\/favicon-omr-114.png\",\"width\":114,\"height\":114,\"caption\":\"OMR Serrature | Produzione sistemi di chiusura\"},\"image\":{\"@id\":\"https:\/\/www.omrserrature.it\/de\/#\/schema\/logo\/image\/\"},\"sameAs\":[\"https:\/\/www.facebook.com\/OMRserrature\",\"https:\/\/www.linkedin.com\/company\/omrserrature\/\",\"https:\/\/www.youtube.com\/channel\/UCxmA85z2R0EpG_6IRokiAkg\"]}]}<\/script>\n<!-- \/ Yoast SEO plugin. -->","yoast_head_json":{"title":"Sechskantschloss aus Edelstahl - OMR Serrature","robots":{"index":"index","follow":"follow","max-snippet":"max-snippet:-1","max-image-preview":"max-image-preview:large","max-video-preview":"max-video-preview:-1"},"canonical":"https:\/\/www.omrserrature.it\/de\/produkt\/sechskantschloss-aus-edelstahl\/","og_locale":"de_DE","og_type":"article","og_title":"Sechskantschloss aus Edelstahl - OMR Serrature","og_description":"Hebelschloss mit Vierteldrehung und Innensechskantschl\u00fcssel, komplett aus Edelstahl 304 f\u00fcr St\u00e4rke, Sicherheit und Langlebigkeit im Au\u00dfen- und Industriebereich. Das \u00d6ffnen mit einem Sechskantschl\u00fcssel erfordert ein Spezialwerkzeug und bietet mehr Schutz als Modelle mit einer Standardform. Ideal f\u00fcr Schalttafeln, T\u00fcren und technische Ger\u00e4te in Werkst\u00e4tten, Fabriken und Labors. Der Einsatz ist f\u00fcr die Bereiche Eisenbahn, Luft- und Raumfahrt, Schiffbau und Krankenh\u00e4user geeignet.","og_url":"https:\/\/www.omrserrature.it\/de\/produkt\/sechskantschloss-aus-edelstahl\/","og_site_name":"OMR Serrature | Produzione sistemi di chiusura","article_publisher":"https:\/\/www.facebook.com\/OMRserrature","article_modified_time":"2026-04-08T09:09:38+00:00","og_image":[{"width":1000,"height":1000,"url":"https:\/\/www.omrserrature.it\/wp-content\/uploads\/2025\/04\/IN165664.jpg","type":"image\/jpeg"}],"twitter_card":"summary_large_image","twitter_misc":{"Gesch\u00e4tzte Lesezeit":"2\u00a0Minuten"},"schema":{"@context":"https:\/\/schema.org","@graph":[{"@type":"WebPage","@id":"https:\/\/www.omrserrature.it\/de\/produkt\/sechskantschloss-aus-edelstahl\/","url":"https:\/\/www.omrserrature.it\/de\/produkt\/sechskantschloss-aus-edelstahl\/","name":"Sechskantschloss aus Edelstahl - OMR Serrature","isPartOf":{"@id":"https:\/\/www.omrserrature.it\/de\/#website"},"primaryImageOfPage":{"@id":"https:\/\/www.omrserrature.it\/de\/produkt\/sechskantschloss-aus-edelstahl\/#primaryimage"},"image":{"@id":"https:\/\/www.omrserrature.it\/de\/produkt\/sechskantschloss-aus-edelstahl\/#primaryimage"},"thumbnailUrl":"https:\/\/www.omrserrature.it\/wp-content\/uploads\/2025\/04\/IN165664.jpg","datePublished":"2025-04-24T11:30:24+00:00","dateModified":"2026-04-08T09:09:38+00:00","breadcrumb":{"@id":"https:\/\/www.omrserrature.it\/de\/produkt\/sechskantschloss-aus-edelstahl\/#breadcrumb"},"inLanguage":"de","potentialAction":[{"@type":"ReadAction","target":["https:\/\/www.omrserrature.it\/de\/produkt\/sechskantschloss-aus-edelstahl\/"]}]},{"@type":"ImageObject","inLanguage":"de","@id":"https:\/\/www.omrserrature.it\/de\/produkt\/sechskantschloss-aus-edelstahl\/#primaryimage","url":"https:\/\/www.omrserrature.it\/wp-content\/uploads\/2025\/04\/IN165664.jpg","contentUrl":"https:\/\/www.omrserrature.it\/wp-content\/uploads\/2025\/04\/IN165664.jpg","width":1000,"height":1000,"caption":"Schloss aus rostfreiem Stahl mit Dreikantschl\u00fcssel. Mod. IN165664"},{"@type":"BreadcrumbList","@id":"https:\/\/www.omrserrature.it\/de\/produkt\/sechskantschloss-aus-edelstahl\/#breadcrumb","itemListElement":[{"@type":"ListItem","position":1,"name":"Home","item":"https:\/\/www.omrserrature.it\/de\/omr-serrature-sistemi-chiusura\/"},{"@type":"ListItem","position":2,"name":"Katalog","item":"https:\/\/www.omrserrature.it\/katalog\/?lang=de"},{"@type":"ListItem","position":3,"name":"Produkte","item":"https:\/\/www.omrserrature.it\/de\/katalog\/produkte\/"},{"@type":"ListItem","position":4,"name":"Schloesser","item":"https:\/\/www.omrserrature.it\/de\/katalog\/produkte\/schloesser\/"},{"@type":"ListItem","position":5,"name":"Sechskantschloss aus Edelstahl"}]},{"@type":"WebSite","@id":"https:\/\/www.omrserrature.it\/de\/#website","url":"https:\/\/www.omrserrature.it\/de\/","name":"OMR Serrature | Produzione sistemi di chiusura","description":"Produzione serrature di sicurezza e sistemi di chiusura","publisher":{"@id":"https:\/\/www.omrserrature.it\/de\/#organization"},"potentialAction":[{"@type":"SearchAction","target":{"@type":"EntryPoint","urlTemplate":"https:\/\/www.omrserrature.it\/de\/?s={search_term_string}"},"query-input":{"@type":"PropertyValueSpecification","valueRequired":true,"valueName":"search_term_string"}}],"inLanguage":"de"},{"@type":"Organization","@id":"https:\/\/www.omrserrature.it\/de\/#organization","name":"OMR Serrature | Produzione sistemi di chiusura","url":"https:\/\/www.omrserrature.it\/de\/","logo":{"@type":"ImageObject","inLanguage":"de","@id":"https:\/\/www.omrserrature.it\/de\/#\/schema\/logo\/image\/","url":"https:\/\/www.omrserrature.it\/wp-content\/uploads\/2017\/09\/favicon-omr-114.png","contentUrl":"https:\/\/www.omrserrature.it\/wp-content\/uploads\/2017\/09\/favicon-omr-114.png","width":114,"height":114,"caption":"OMR Serrature | Produzione sistemi di chiusura"},"image":{"@id":"https:\/\/www.omrserrature.it\/de\/#\/schema\/logo\/image\/"},"sameAs":["https:\/\/www.facebook.com\/OMRserrature","https:\/\/www.linkedin.com\/company\/omrserrature\/","https:\/\/www.youtube.com\/channel\/UCxmA85z2R0EpG_6IRokiAkg"]}]}},"_links":{"self":[{"href":"https:\/\/www.omrserrature.it\/de\/wp-json\/wp\/v2\/product\/243846","targetHints":{"allow":["GET"]}}],"collection":[{"href":"https:\/\/www.omrserrature.it\/de\/wp-json\/wp\/v2\/product"}],"about":[{"href":"https:\/\/www.omrserrature.it\/de\/wp-json\/wp\/v2\/types\/product"}],"replies":[{"embeddable":true,"href":"https:\/\/www.omrserrature.it\/de\/wp-json\/wp\/v2\/comments?post=243846"}],"wp:featuredmedia":[{"embeddable":true,"href":"https:\/\/www.omrserrature.it\/de\/wp-json\/wp\/v2\/media\/243833"}],"wp:attachment":[{"href":"https:\/\/www.omrserrature.it\/de\/wp-json\/wp\/v2\/media?parent=243846"}],"wp:term":[{"taxonomy":"product_brand","embeddable":true,"href":"https:\/\/www.omrserrature.it\/de\/wp-json\/wp\/v2\/product_brand?post=243846"},{"taxonomy":"product_cat","embeddable":true,"href":"https:\/\/www.omrserrature.it\/de\/wp-json\/wp\/v2\/product_cat?post=243846"},{"taxonomy":"product_tag","embeddable":true,"href":"https:\/\/www.omrserrature.it\/de\/wp-json\/wp\/v2\/product_tag?post=243846"}],"curies":[{"name":"wp","href":"https:\/\/api.w.org\/{rel}","templated":true}]}}