{"id":243845,"date":"2025-04-24T13:01:07","date_gmt":"2025-04-24T11:01:07","guid":{"rendered":"https:\/\/www.staging6.omrserrature.it\/prodotto\/schloss-mit-schraubendreheroeffnung-aus-edelstahl\/"},"modified":"2026-04-08T11:09:45","modified_gmt":"2026-04-08T09:09:45","slug":"schloss-mit-schraubendreheroeffnung-aus-edelstahl","status":"publish","type":"product","link":"https:\/\/www.omrserrature.it\/de\/produkt\/schloss-mit-schraubendreheroeffnung-aus-edelstahl\/","title":{"rendered":"Schloss mit Schraubendreher\u00f6ffnung aus Edelstahl"},"content":{"rendered":"<p>Dieses Vierteldreh-Hebelschloss mit <b>flachem Schraubendreherschl\u00fcssel (geschlitzt)<\/b>, komplett aus Edelstahl, ist f\u00fcr Sicherheit und Widerstandsf\u00e4higkeit im Au\u00dfen- und Industriebereich konzipiert. Die Wahl von Edelstahl 304 als Konstruktionsmaterial bietet zahlreiche Vorteile und macht dieses Produkt ideal f\u00fcr die Anwendung an T\u00fcren, Schalttafeln und M\u00f6beln im Au\u00dfenbereich (Werkst\u00e4tten, Industrien, Fabriken, Labors, usw.). F\u00fcr das \u00d6ffnen mit einem flachen Schraubendreher wird kein spezieller Schl\u00fcssel zum \u00d6ffnen und Schlie\u00dfen ben\u00f6tigt, jeder mittelgro\u00dfe flache Schraubendreher ist ausreichend.  <\/p>\n<h2>Die wichtigsten Merkmale der Vierteldreh-Schl\u00f6sser aus Edelstahl 304<\/h2>\n<ul>\n<li><strong>Material<\/strong>: rostfreier Stahl, bekannt f\u00fcr seine hohe Korrosions- und Witterungsbest\u00e4ndigkeit.<\/li>\n<li><strong>Abschlussmechanismus<\/strong>: Hebel mit Vierteldrehung f\u00fcr schnelles und sicheres \u00d6ffnen und Schlie\u00dfen.<\/li>\n<li><strong>Schl\u00fcsseltyp<\/strong>: Das Schloss kann mit einem gew\u00f6hnlichen mittelgro\u00dfen flachen Schraubendreher ge\u00f6ffnet und geschlossen werden.<\/li>\n<\/ul>\n<p><strong>Die Vorteile von rostfreiem Stahl<\/strong><\/p>\n<p>Rostfreier Stahl ist eine Legierung, die haupts\u00e4chlich aus Eisen, Chrom und Nickel besteht. Das Vorhandensein von Chrom verleiht dem Material die F\u00e4higkeit, eine passivierende Schicht aus Chromoxid auf der Oberfl\u00e4che zu bilden, die das darunter liegende Metall vor Korrosion sch\u00fctzt. Diese Eigenschaft macht Edelstahl 304 besonders geeignet f\u00fcr Anwendungen in feuchten Umgebungen, die der Witterung oder den Chemikalien der Industrie ausgesetzt sind. In der Tat bietet rostfreier Stahl:   <\/p>\n<ul>\n<li><strong>Langlebigkeit<\/strong>: Es ist verschlei\u00dffest und beh\u00e4lt seine mechanischen Eigenschaften im Laufe der Zeit bei.<\/li>\n<li><strong>Hygiene<\/strong>: leicht zu reinigen und resistent gegen bakterielles Wachstum, ideal f\u00fcr Umgebungen, in denen Hygiene an erster Stelle steht.<\/li>\n<li><strong>Raffinierte \u00c4sthetik<\/strong>: schlankes, modernes Aussehen, das sich elegant in viele Kontexte einf\u00fcgt.<\/li>\n<\/ul>\n<h2>Empfohlene Anwendungen f\u00fcr Schl\u00f6sser aus rostfreiem Stahl<\/h2>\n<p>Dank seiner Konstruktion aus rostfreiem Stahl und seinem robusten Design ist dieses Schloss besonders geeignet f\u00fcr:<\/p>\n<ul>\n<li>Elektrische Paneele und T\u00fcren an Au\u00dfenm\u00f6beln.<\/li>\n<li>Industrielle Anlagen, bei denen ein sicherer und widerstandsf\u00e4higer Abschluss erforderlich ist.<\/li>\n<li>Komponenten f\u00fcr die Bereiche Eisenbahn, Luft- und Raumfahrt, Schiffbau und Krankenh\u00e4user.<\/li>\n<\/ul>\n<p>Die Wahl eines Schlosses aus Edelstahl bedeutet eine Investition in ein Produkt, das Zuverl\u00e4ssigkeit, Sicherheit und eine lange Lebensdauer bietet.<\/p>\n","protected":false},"excerpt":{"rendered":"<p>Vierteldrehbares Hebel-Schloss mit <strong>flacher Form f\u00fcr Schraubendreher<\/strong>, komplett aus <strong>Edelstahl 304<\/strong> gefertigt, um <strong>Korrosionsbest\u00e4ndigkeit<\/strong> und <strong>Langlebigkeit<\/strong> in industriellen Umgebungen und im Freien zu gew\u00e4hrleisten. Es wird mit einem einfachen <strong>flachen Schraubendreher<\/strong> ge\u00f6ffnet, ohne dass ein spezieller Schl\u00fcssel ben\u00f6tigt wird. Ideal f\u00fcr <strong>Schalttafeln<\/strong>, <strong>T\u00fcren<\/strong> und technische M\u00f6bel in <strong>komplexen Umgebungen<\/strong> wie Werkst\u00e4tten, Industrie und Laboratorien, aber auch im <strong>Eisenbahn-, Luft- und Raumfahrt-, Schiffbau- und Krankenhaussektor<\/strong>. Eine praktische, hygienische und sichere L\u00f6sung f\u00fcr ein notwendiges, aber effektives Zugangsmanagement.   <\/p>\n","protected":false},"featured_media":243827,"comment_status":"closed","ping_status":"closed","template":"","meta":{"_acf_changed":false,"_et_pb_use_builder":"","_et_pb_old_content":"","_et_gb_content_width":""},"product_brand":[],"product_cat":[3780,3765,3875,3825,3772,3819,1341,3822,3843,3849,3842,3852,3793,3833,3830,3827,3839,3840,3764,3802],"product_tag":[],"class_list":{"0":"post-243845","1":"product","2":"type-product","3":"status-publish","4":"has-post-thumbnail","6":"product_cat-1-4-drehung-drehriegel","7":"product_cat-abschlusssysteme-fur-die-industrie","8":"product_cat-boot-schlosser","9":"product_cat-hebel-schlosser","10":"product_cat-krankenhauser-und-gesundheitsbereich","11":"product_cat-manuelle-schlosser-fur-mulltonnen-boxen","12":"product_cat-schloesser","13":"product_cat-schlosser-aus-rostfreiem-stahl","14":"product_cat-schlosser-fur-automatische-lagerhauser","15":"product_cat-schlosser-fur-balkonkasten","16":"product_cat-schlosser-fur-die-elektromechanische-industrie","17":"product_cat-schlosser-fur-industrieschranke","18":"product_cat-schlosser-fur-mulltonnen","19":"product_cat-schlosser-fur-mulltonnen-2","20":"product_cat-schlosser-fur-professionelle-trolleys","21":"product_cat-schlosser-fur-schaltschranke","22":"product_cat-schlosser-fur-schrankfronten","23":"product_cat-schlosser-fur-seitenwandturen","24":"product_cat-wasser-luft-gas-fur-firmen","25":"product_cat-wasserdichte-rostfreie-schlosser","27":"first","28":"instock","29":"shipping-taxable","30":"product-type-simple"},"acf":{"pdf1":"https:\/\/www.omrserrature.it\/wp-content\/uploads\/schede\/Scheda_IN165663.pdf"},"yoast_head":"<!-- This site is optimized with the Yoast SEO plugin v27.2 - https:\/\/yoast.com\/product\/yoast-seo-wordpress\/ -->\n<title>Schloss mit Schraubendreher\u00f6ffnung aus Edelstahl - OMR Serrature<\/title>\n<meta name=\"robots\" content=\"index, follow, max-snippet:-1, max-image-preview:large, max-video-preview:-1\" \/>\n<link rel=\"canonical\" href=\"https:\/\/www.omrserrature.it\/de\/produkt\/schloss-mit-schraubendreheroeffnung-aus-edelstahl\/\" \/>\n<meta property=\"og:locale\" content=\"de_DE\" \/>\n<meta property=\"og:type\" content=\"article\" \/>\n<meta property=\"og:title\" content=\"Schloss mit Schraubendreher\u00f6ffnung aus Edelstahl - OMR Serrature\" \/>\n<meta property=\"og:description\" content=\"Vierteldrehbares Hebel-Schloss mit flacher Form f\u00fcr Schraubendreher, komplett aus Edelstahl 304 gefertigt, um Korrosionsbest\u00e4ndigkeit und Langlebigkeit in industriellen Umgebungen und im Freien zu gew\u00e4hrleisten. Es wird mit einem einfachen flachen Schraubendreher ge\u00f6ffnet, ohne dass ein spezieller Schl\u00fcssel ben\u00f6tigt wird. Ideal f\u00fcr Schalttafeln, T\u00fcren und technische M\u00f6bel in komplexen Umgebungen wie Werkst\u00e4tten, Industrie und Laboratorien, aber auch im Eisenbahn-, Luft- und Raumfahrt-, Schiffbau- und Krankenhaussektor. Eine praktische, hygienische und sichere L\u00f6sung f\u00fcr ein notwendiges, aber effektives Zugangsmanagement.\" \/>\n<meta property=\"og:url\" content=\"https:\/\/www.omrserrature.it\/de\/produkt\/schloss-mit-schraubendreheroeffnung-aus-edelstahl\/\" \/>\n<meta property=\"og:site_name\" content=\"OMR Serrature | Produzione sistemi di chiusura\" \/>\n<meta property=\"article:publisher\" content=\"https:\/\/www.facebook.com\/OMRserrature\" \/>\n<meta property=\"article:modified_time\" content=\"2026-04-08T09:09:45+00:00\" \/>\n<meta property=\"og:image\" content=\"https:\/\/www.omrserrature.it\/wp-content\/uploads\/2025\/04\/IN165663.jpg\" \/>\n\t<meta property=\"og:image:width\" content=\"1000\" \/>\n\t<meta property=\"og:image:height\" content=\"1000\" \/>\n\t<meta property=\"og:image:type\" content=\"image\/jpeg\" \/>\n<meta name=\"twitter:card\" content=\"summary_large_image\" \/>\n<meta name=\"twitter:label1\" content=\"Gesch\u00e4tzte Lesezeit\" \/>\n\t<meta name=\"twitter:data1\" content=\"2\u00a0Minuten\" \/>\n<script type=\"application\/ld+json\" class=\"yoast-schema-graph\">{\"@context\":\"https:\/\/schema.org\",\"@graph\":[{\"@type\":\"WebPage\",\"@id\":\"https:\/\/www.omrserrature.it\/de\/produkt\/schloss-mit-schraubendreheroeffnung-aus-edelstahl\/\",\"url\":\"https:\/\/www.omrserrature.it\/de\/produkt\/schloss-mit-schraubendreheroeffnung-aus-edelstahl\/\",\"name\":\"Schloss mit Schraubendreher\u00f6ffnung aus Edelstahl - OMR Serrature\",\"isPartOf\":{\"@id\":\"https:\/\/www.omrserrature.it\/de\/#website\"},\"primaryImageOfPage\":{\"@id\":\"https:\/\/www.omrserrature.it\/de\/produkt\/schloss-mit-schraubendreheroeffnung-aus-edelstahl\/#primaryimage\"},\"image\":{\"@id\":\"https:\/\/www.omrserrature.it\/de\/produkt\/schloss-mit-schraubendreheroeffnung-aus-edelstahl\/#primaryimage\"},\"thumbnailUrl\":\"https:\/\/www.omrserrature.it\/wp-content\/uploads\/2025\/04\/IN165663.jpg\",\"datePublished\":\"2025-04-24T11:01:07+00:00\",\"dateModified\":\"2026-04-08T09:09:45+00:00\",\"breadcrumb\":{\"@id\":\"https:\/\/www.omrserrature.it\/de\/produkt\/schloss-mit-schraubendreheroeffnung-aus-edelstahl\/#breadcrumb\"},\"inLanguage\":\"de\",\"potentialAction\":[{\"@type\":\"ReadAction\",\"target\":[\"https:\/\/www.omrserrature.it\/de\/produkt\/schloss-mit-schraubendreheroeffnung-aus-edelstahl\/\"]}]},{\"@type\":\"ImageObject\",\"inLanguage\":\"de\",\"@id\":\"https:\/\/www.omrserrature.it\/de\/produkt\/schloss-mit-schraubendreheroeffnung-aus-edelstahl\/#primaryimage\",\"url\":\"https:\/\/www.omrserrature.it\/wp-content\/uploads\/2025\/04\/IN165663.jpg\",\"contentUrl\":\"https:\/\/www.omrserrature.it\/wp-content\/uploads\/2025\/04\/IN165663.jpg\",\"width\":1000,\"height\":1000,\"caption\":\"Schloss aus rostfreiem Stahl mit Dreikantschl\u00fcssel. Mod. IN165663\"},{\"@type\":\"BreadcrumbList\",\"@id\":\"https:\/\/www.omrserrature.it\/de\/produkt\/schloss-mit-schraubendreheroeffnung-aus-edelstahl\/#breadcrumb\",\"itemListElement\":[{\"@type\":\"ListItem\",\"position\":1,\"name\":\"Home\",\"item\":\"https:\/\/www.omrserrature.it\/de\/omr-serrature-sistemi-chiusura\/\"},{\"@type\":\"ListItem\",\"position\":2,\"name\":\"Katalog\",\"item\":\"https:\/\/www.omrserrature.it\/katalog\/?lang=de\"},{\"@type\":\"ListItem\",\"position\":3,\"name\":\"Anwendungen\",\"item\":\"https:\/\/www.omrserrature.it\/de\/katalog\/anwendungen\/\"},{\"@type\":\"ListItem\",\"position\":4,\"name\":\"Kabinett Schl\u00f6sser\",\"item\":\"https:\/\/www.omrserrature.it\/de\/katalog\/anwendungen\/kabinett-schlosser\/\"},{\"@type\":\"ListItem\",\"position\":5,\"name\":\"Schl\u00f6sser f\u00fcr Balkonk\u00e4sten\",\"item\":\"https:\/\/www.omrserrature.it\/de\/katalog\/anwendungen\/kabinett-schlosser\/schlosser-fur-balkonkasten\/\"},{\"@type\":\"ListItem\",\"position\":6,\"name\":\"Schloss mit Schraubendreher\u00f6ffnung aus Edelstahl\"}]},{\"@type\":\"WebSite\",\"@id\":\"https:\/\/www.omrserrature.it\/de\/#website\",\"url\":\"https:\/\/www.omrserrature.it\/de\/\",\"name\":\"OMR Serrature | Produzione sistemi di chiusura\",\"description\":\"Produzione serrature di sicurezza e sistemi di chiusura\",\"publisher\":{\"@id\":\"https:\/\/www.omrserrature.it\/de\/#organization\"},\"potentialAction\":[{\"@type\":\"SearchAction\",\"target\":{\"@type\":\"EntryPoint\",\"urlTemplate\":\"https:\/\/www.omrserrature.it\/de\/?s={search_term_string}\"},\"query-input\":{\"@type\":\"PropertyValueSpecification\",\"valueRequired\":true,\"valueName\":\"search_term_string\"}}],\"inLanguage\":\"de\"},{\"@type\":\"Organization\",\"@id\":\"https:\/\/www.omrserrature.it\/de\/#organization\",\"name\":\"OMR Serrature | Produzione sistemi di chiusura\",\"url\":\"https:\/\/www.omrserrature.it\/de\/\",\"logo\":{\"@type\":\"ImageObject\",\"inLanguage\":\"de\",\"@id\":\"https:\/\/www.omrserrature.it\/de\/#\/schema\/logo\/image\/\",\"url\":\"https:\/\/www.omrserrature.it\/wp-content\/uploads\/2017\/09\/favicon-omr-114.png\",\"contentUrl\":\"https:\/\/www.omrserrature.it\/wp-content\/uploads\/2017\/09\/favicon-omr-114.png\",\"width\":114,\"height\":114,\"caption\":\"OMR Serrature | Produzione sistemi di chiusura\"},\"image\":{\"@id\":\"https:\/\/www.omrserrature.it\/de\/#\/schema\/logo\/image\/\"},\"sameAs\":[\"https:\/\/www.facebook.com\/OMRserrature\",\"https:\/\/www.linkedin.com\/company\/omrserrature\/\",\"https:\/\/www.youtube.com\/channel\/UCxmA85z2R0EpG_6IRokiAkg\"]}]}<\/script>\n<!-- \/ Yoast SEO plugin. -->","yoast_head_json":{"title":"Schloss mit Schraubendreher\u00f6ffnung aus Edelstahl - OMR Serrature","robots":{"index":"index","follow":"follow","max-snippet":"max-snippet:-1","max-image-preview":"max-image-preview:large","max-video-preview":"max-video-preview:-1"},"canonical":"https:\/\/www.omrserrature.it\/de\/produkt\/schloss-mit-schraubendreheroeffnung-aus-edelstahl\/","og_locale":"de_DE","og_type":"article","og_title":"Schloss mit Schraubendreher\u00f6ffnung aus Edelstahl - OMR Serrature","og_description":"Vierteldrehbares Hebel-Schloss mit flacher Form f\u00fcr Schraubendreher, komplett aus Edelstahl 304 gefertigt, um Korrosionsbest\u00e4ndigkeit und Langlebigkeit in industriellen Umgebungen und im Freien zu gew\u00e4hrleisten. Es wird mit einem einfachen flachen Schraubendreher ge\u00f6ffnet, ohne dass ein spezieller Schl\u00fcssel ben\u00f6tigt wird. Ideal f\u00fcr Schalttafeln, T\u00fcren und technische M\u00f6bel in komplexen Umgebungen wie Werkst\u00e4tten, Industrie und Laboratorien, aber auch im Eisenbahn-, Luft- und Raumfahrt-, Schiffbau- und Krankenhaussektor. Eine praktische, hygienische und sichere L\u00f6sung f\u00fcr ein notwendiges, aber effektives Zugangsmanagement.","og_url":"https:\/\/www.omrserrature.it\/de\/produkt\/schloss-mit-schraubendreheroeffnung-aus-edelstahl\/","og_site_name":"OMR Serrature | Produzione sistemi di chiusura","article_publisher":"https:\/\/www.facebook.com\/OMRserrature","article_modified_time":"2026-04-08T09:09:45+00:00","og_image":[{"width":1000,"height":1000,"url":"https:\/\/www.omrserrature.it\/wp-content\/uploads\/2025\/04\/IN165663.jpg","type":"image\/jpeg"}],"twitter_card":"summary_large_image","twitter_misc":{"Gesch\u00e4tzte Lesezeit":"2\u00a0Minuten"},"schema":{"@context":"https:\/\/schema.org","@graph":[{"@type":"WebPage","@id":"https:\/\/www.omrserrature.it\/de\/produkt\/schloss-mit-schraubendreheroeffnung-aus-edelstahl\/","url":"https:\/\/www.omrserrature.it\/de\/produkt\/schloss-mit-schraubendreheroeffnung-aus-edelstahl\/","name":"Schloss mit Schraubendreher\u00f6ffnung aus Edelstahl - OMR Serrature","isPartOf":{"@id":"https:\/\/www.omrserrature.it\/de\/#website"},"primaryImageOfPage":{"@id":"https:\/\/www.omrserrature.it\/de\/produkt\/schloss-mit-schraubendreheroeffnung-aus-edelstahl\/#primaryimage"},"image":{"@id":"https:\/\/www.omrserrature.it\/de\/produkt\/schloss-mit-schraubendreheroeffnung-aus-edelstahl\/#primaryimage"},"thumbnailUrl":"https:\/\/www.omrserrature.it\/wp-content\/uploads\/2025\/04\/IN165663.jpg","datePublished":"2025-04-24T11:01:07+00:00","dateModified":"2026-04-08T09:09:45+00:00","breadcrumb":{"@id":"https:\/\/www.omrserrature.it\/de\/produkt\/schloss-mit-schraubendreheroeffnung-aus-edelstahl\/#breadcrumb"},"inLanguage":"de","potentialAction":[{"@type":"ReadAction","target":["https:\/\/www.omrserrature.it\/de\/produkt\/schloss-mit-schraubendreheroeffnung-aus-edelstahl\/"]}]},{"@type":"ImageObject","inLanguage":"de","@id":"https:\/\/www.omrserrature.it\/de\/produkt\/schloss-mit-schraubendreheroeffnung-aus-edelstahl\/#primaryimage","url":"https:\/\/www.omrserrature.it\/wp-content\/uploads\/2025\/04\/IN165663.jpg","contentUrl":"https:\/\/www.omrserrature.it\/wp-content\/uploads\/2025\/04\/IN165663.jpg","width":1000,"height":1000,"caption":"Schloss aus rostfreiem Stahl mit Dreikantschl\u00fcssel. Mod. IN165663"},{"@type":"BreadcrumbList","@id":"https:\/\/www.omrserrature.it\/de\/produkt\/schloss-mit-schraubendreheroeffnung-aus-edelstahl\/#breadcrumb","itemListElement":[{"@type":"ListItem","position":1,"name":"Home","item":"https:\/\/www.omrserrature.it\/de\/omr-serrature-sistemi-chiusura\/"},{"@type":"ListItem","position":2,"name":"Katalog","item":"https:\/\/www.omrserrature.it\/katalog\/?lang=de"},{"@type":"ListItem","position":3,"name":"Anwendungen","item":"https:\/\/www.omrserrature.it\/de\/katalog\/anwendungen\/"},{"@type":"ListItem","position":4,"name":"Kabinett Schl\u00f6sser","item":"https:\/\/www.omrserrature.it\/de\/katalog\/anwendungen\/kabinett-schlosser\/"},{"@type":"ListItem","position":5,"name":"Schl\u00f6sser f\u00fcr Balkonk\u00e4sten","item":"https:\/\/www.omrserrature.it\/de\/katalog\/anwendungen\/kabinett-schlosser\/schlosser-fur-balkonkasten\/"},{"@type":"ListItem","position":6,"name":"Schloss mit Schraubendreher\u00f6ffnung aus Edelstahl"}]},{"@type":"WebSite","@id":"https:\/\/www.omrserrature.it\/de\/#website","url":"https:\/\/www.omrserrature.it\/de\/","name":"OMR Serrature | Produzione sistemi di chiusura","description":"Produzione serrature di sicurezza e sistemi di chiusura","publisher":{"@id":"https:\/\/www.omrserrature.it\/de\/#organization"},"potentialAction":[{"@type":"SearchAction","target":{"@type":"EntryPoint","urlTemplate":"https:\/\/www.omrserrature.it\/de\/?s={search_term_string}"},"query-input":{"@type":"PropertyValueSpecification","valueRequired":true,"valueName":"search_term_string"}}],"inLanguage":"de"},{"@type":"Organization","@id":"https:\/\/www.omrserrature.it\/de\/#organization","name":"OMR Serrature | Produzione sistemi di chiusura","url":"https:\/\/www.omrserrature.it\/de\/","logo":{"@type":"ImageObject","inLanguage":"de","@id":"https:\/\/www.omrserrature.it\/de\/#\/schema\/logo\/image\/","url":"https:\/\/www.omrserrature.it\/wp-content\/uploads\/2017\/09\/favicon-omr-114.png","contentUrl":"https:\/\/www.omrserrature.it\/wp-content\/uploads\/2017\/09\/favicon-omr-114.png","width":114,"height":114,"caption":"OMR Serrature | Produzione sistemi di chiusura"},"image":{"@id":"https:\/\/www.omrserrature.it\/de\/#\/schema\/logo\/image\/"},"sameAs":["https:\/\/www.facebook.com\/OMRserrature","https:\/\/www.linkedin.com\/company\/omrserrature\/","https:\/\/www.youtube.com\/channel\/UCxmA85z2R0EpG_6IRokiAkg"]}]}},"_links":{"self":[{"href":"https:\/\/www.omrserrature.it\/de\/wp-json\/wp\/v2\/product\/243845","targetHints":{"allow":["GET"]}}],"collection":[{"href":"https:\/\/www.omrserrature.it\/de\/wp-json\/wp\/v2\/product"}],"about":[{"href":"https:\/\/www.omrserrature.it\/de\/wp-json\/wp\/v2\/types\/product"}],"replies":[{"embeddable":true,"href":"https:\/\/www.omrserrature.it\/de\/wp-json\/wp\/v2\/comments?post=243845"}],"wp:featuredmedia":[{"embeddable":true,"href":"https:\/\/www.omrserrature.it\/de\/wp-json\/wp\/v2\/media\/243827"}],"wp:attachment":[{"href":"https:\/\/www.omrserrature.it\/de\/wp-json\/wp\/v2\/media?parent=243845"}],"wp:term":[{"taxonomy":"product_brand","embeddable":true,"href":"https:\/\/www.omrserrature.it\/de\/wp-json\/wp\/v2\/product_brand?post=243845"},{"taxonomy":"product_cat","embeddable":true,"href":"https:\/\/www.omrserrature.it\/de\/wp-json\/wp\/v2\/product_cat?post=243845"},{"taxonomy":"product_tag","embeddable":true,"href":"https:\/\/www.omrserrature.it\/de\/wp-json\/wp\/v2\/product_tag?post=243845"}],"curies":[{"name":"wp","href":"https:\/\/api.w.org\/{rel}","templated":true}]}}