{"id":243807,"date":"2025-04-24T12:03:24","date_gmt":"2025-04-24T10:03:24","guid":{"rendered":"https:\/\/www.staging6.omrserrature.it\/?post_type=product&#038;p=243807"},"modified":"2026-04-08T11:09:48","modified_gmt":"2026-04-08T09:09:48","slug":"verschluss-mit-rotor-unter-feder-schnellverschluss-quadratische-aufnahme-q7-copia-copia-copia","status":"publish","type":"product","link":"https:\/\/www.omrserrature.it\/de\/produkt\/verschluss-mit-rotor-unter-feder-schnellverschluss-quadratische-aufnahme-q7-copia-copia-copia\/","title":{"rendered":"Verschluss mit Rotor unter Feder, Schnellverschluss, mit Griff"},"content":{"rendered":"<p>Das <strong>Drehriegel Schloss<\/strong> besteht aus einem Geh\u00e4use aus Zinklegierung, in dem sich ein federbelasteter Zylinder befindet, der sich bei leichtem Druck mit der Hand dreht und so das Schloss \u00f6ffnet oder abschlie\u00dft. Dieser am Griff befestigte Verschluss verf\u00fcgt \u00fcber federbelastete Federn, die f\u00fcr ein <strong>schnelles Einrasten<\/strong> sorgen: Dr\u00fccken Sie den Verschluss einfach in die richtige Position und Sie h\u00f6ren das unverwechselbare Klicken der Federn, die ihn fest mit der Platte verbinden. <\/p>\n<p>Der hintere 7 mm Vierkant erm\u00f6glicht auch die Montage von <strong>geraden, gekr\u00f6pften oder gehakten Zungen<\/strong>. Das Schloss mit 1\/4 Drehung kann auch aus <strong>Technopolymer<\/strong> hergestellt werden, einem speziellen &#8218;Metallkunststoff&#8216;, der eine der Aluminiumlegierung ebenb\u00fcrtige mechanische Leistung, Best\u00e4ndigkeit gegen Witterungseinfl\u00fcsse und Korrosion sowie eine perfekte Integration in das Objekt dank der breiten Farbpalette garantiert. <\/p>\n<p>Steckschl\u00fcssel Schl\u00f6sser eignen sich f\u00fcr Anwendungen, bei denen keine hohe Sicherheit, sondern ein einfaches <strong>Zutrittsmanagement<\/strong> erforderlich ist, z.B. f\u00fcr Schaltschr\u00e4nke, Metallschr\u00e4nke, Automatisierungst\u00fcrme, Maschinenkontrolltafeln, isothermische K\u00e4sten, Stadtmobiliar, Displays oder Ecken.<\/p>\n","protected":false},"excerpt":{"rendered":"<p class=\"\" data-start=\"0\" data-end=\"279\"><strong data-start=\"0\" data-end=\"40\">Drehriegel<\/strong> mit <strong data-start=\"0\" data-end=\"40\">Griff<\/strong> <strong data-start=\"44\" data-end=\"61\">aus Zinklegierung<\/strong>, mit federbelastetem Zylinder, der sich bei leichtem Druck mit der Hand dreht. Die federbelastete <strong data-start=\"137\" data-end=\"167\" data-is-only-node=\"\">Schnellbefestigung<\/strong> erm\u00f6glicht eine einfache und sichere Montage, wobei der typische <em data-start=\"242\" data-end=\"248\">Klick<\/em> die Verriegelung best\u00e4tigt. Der <strong data-start=\"284\" data-end=\"311\">7 mm Vierkant<\/strong> erm\u00f6glicht die Verwendung von <strong data-start=\"330\" data-end=\"365\">geraden, gekr\u00f6pften und Hakenzungen<\/strong>. Auch in korrosions- und witterungsbest\u00e4ndigem <strong data-start=\"456\" data-end=\"473\">Technopolymer<\/strong> erh\u00e4ltlich, mit farbigen Oberfl\u00e4chen f\u00fcr eine perfekte \u00e4sthetische Integration. Ideal f\u00fcr Anwendungen <strong data-start=\"618\" data-end=\"637\">mit niedrigem Sicherheitsniveau<\/strong>, bei denen ein einfaches <strong data-start=\"653\" data-end=\"678\">Zugangsmanagement<\/strong> erforderlich ist: <strong data-start=\"689\" data-end=\"794\">Schalttafeln, Metallschr\u00e4nke, Balkonm\u00f6bel, Maschinen, Werbeanlagen, isothermische K\u00e4sten, Displays und Ecken.<\/strong> Das gleiche Schloss ist auch mit dreieckiger, quadratischer, Doppelbart Dorn 3 mm und Schraubendreher Form erh\u00e4ltlich.     <\/p>\n","protected":false},"featured_media":243764,"comment_status":"closed","ping_status":"closed","template":"","meta":{"_acf_changed":false,"_et_pb_use_builder":"","_et_pb_old_content":"","_et_gb_content_width":""},"product_brand":[],"product_cat":[3780,3765,3876,3825,1341,3827,3839,3840,3860,3764],"product_tag":[],"class_list":{"0":"post-243807","1":"product","2":"type-product","3":"status-publish","4":"has-post-thumbnail","6":"product_cat-1-4-drehung-drehriegel","7":"product_cat-abschlusssysteme-fur-die-industrie","8":"product_cat-flugelturen","9":"product_cat-hebel-schlosser","10":"product_cat-schloesser","11":"product_cat-schlosser-fur-schaltschranke","12":"product_cat-schlosser-fur-schrankfronten","13":"product_cat-schlosser-fur-seitenwandturen","14":"product_cat-turschlosser","15":"product_cat-wasser-luft-gas-fur-firmen","17":"first","18":"instock","19":"shipping-taxable","20":"product-type-simple"},"acf":{"pdf1":"https:\/\/www.omrserrature.it\/wp-content\/uploads\/2025\/04\/Scheda-163476-CM.pdf"},"yoast_head":"<!-- This site is optimized with the Yoast SEO plugin v27.2 - https:\/\/yoast.com\/product\/yoast-seo-wordpress\/ -->\n<title>Abschluss mit Griff - OMR Schl\u00f6sser<\/title>\n<meta name=\"description\" content=\"Schloss mit 1\/4-Drehgriff, Schnellverschluss, 7 mm Vierkant-Hebelanschluss. Ideal f\u00fcr Schalttafeln und Schr\u00e4nke. Mit R\u00fcckholfeder.\" \/>\n<meta name=\"robots\" content=\"index, follow, max-snippet:-1, max-image-preview:large, max-video-preview:-1\" \/>\n<link rel=\"canonical\" href=\"https:\/\/www.omrserrature.it\/de\/produkt\/verschluss-mit-rotor-unter-feder-schnellverschluss-quadratische-aufnahme-q7-copia-copia-copia\/\" \/>\n<meta property=\"og:locale\" content=\"de_DE\" \/>\n<meta property=\"og:type\" content=\"article\" \/>\n<meta property=\"og:title\" content=\"Abschluss mit Griff - OMR Schl\u00f6sser\" \/>\n<meta property=\"og:description\" content=\"Schloss mit 1\/4-Drehgriff, Schnellverschluss, 7 mm Vierkant-Hebelanschluss. Ideal f\u00fcr Schalttafeln und Schr\u00e4nke. Mit R\u00fcckholfeder.\" \/>\n<meta property=\"og:url\" content=\"https:\/\/www.omrserrature.it\/de\/produkt\/verschluss-mit-rotor-unter-feder-schnellverschluss-quadratische-aufnahme-q7-copia-copia-copia\/\" \/>\n<meta property=\"og:site_name\" content=\"OMR Serrature | Produzione sistemi di chiusura\" \/>\n<meta property=\"article:publisher\" content=\"https:\/\/www.facebook.com\/OMRserrature\" \/>\n<meta property=\"article:modified_time\" content=\"2026-04-08T09:09:48+00:00\" \/>\n<meta property=\"og:image\" content=\"https:\/\/www.omrserrature.it\/wp-content\/uploads\/2025\/04\/163476_CM.jpg\" \/>\n\t<meta property=\"og:image:width\" content=\"1000\" \/>\n\t<meta property=\"og:image:height\" content=\"1000\" \/>\n\t<meta property=\"og:image:type\" content=\"image\/jpeg\" \/>\n<meta name=\"twitter:card\" content=\"summary_large_image\" \/>\n<meta name=\"twitter:label1\" content=\"Gesch\u00e4tzte Lesezeit\" \/>\n\t<meta name=\"twitter:data1\" content=\"2\u00a0Minuten\" \/>\n<script type=\"application\/ld+json\" class=\"yoast-schema-graph\">{\"@context\":\"https:\/\/schema.org\",\"@graph\":[{\"@type\":\"WebPage\",\"@id\":\"https:\/\/www.omrserrature.it\/de\/produkt\/verschluss-mit-rotor-unter-feder-schnellverschluss-quadratische-aufnahme-q7-copia-copia-copia\/\",\"url\":\"https:\/\/www.omrserrature.it\/de\/produkt\/verschluss-mit-rotor-unter-feder-schnellverschluss-quadratische-aufnahme-q7-copia-copia-copia\/\",\"name\":\"Abschluss mit Griff - OMR Schl\u00f6sser\",\"isPartOf\":{\"@id\":\"https:\/\/www.omrserrature.it\/de\/#website\"},\"primaryImageOfPage\":{\"@id\":\"https:\/\/www.omrserrature.it\/de\/produkt\/verschluss-mit-rotor-unter-feder-schnellverschluss-quadratische-aufnahme-q7-copia-copia-copia\/#primaryimage\"},\"image\":{\"@id\":\"https:\/\/www.omrserrature.it\/de\/produkt\/verschluss-mit-rotor-unter-feder-schnellverschluss-quadratische-aufnahme-q7-copia-copia-copia\/#primaryimage\"},\"thumbnailUrl\":\"https:\/\/www.omrserrature.it\/wp-content\/uploads\/2025\/04\/163476_CM.jpg\",\"datePublished\":\"2025-04-24T10:03:24+00:00\",\"dateModified\":\"2026-04-08T09:09:48+00:00\",\"description\":\"Schloss mit 1\/4-Drehgriff, Schnellverschluss, 7 mm Vierkant-Hebelanschluss. Ideal f\u00fcr Schalttafeln und Schr\u00e4nke. Mit R\u00fcckholfeder.\",\"breadcrumb\":{\"@id\":\"https:\/\/www.omrserrature.it\/de\/produkt\/verschluss-mit-rotor-unter-feder-schnellverschluss-quadratische-aufnahme-q7-copia-copia-copia\/#breadcrumb\"},\"inLanguage\":\"de\",\"potentialAction\":[{\"@type\":\"ReadAction\",\"target\":[\"https:\/\/www.omrserrature.it\/de\/produkt\/verschluss-mit-rotor-unter-feder-schnellverschluss-quadratische-aufnahme-q7-copia-copia-copia\/\"]}]},{\"@type\":\"ImageObject\",\"inLanguage\":\"de\",\"@id\":\"https:\/\/www.omrserrature.it\/de\/produkt\/verschluss-mit-rotor-unter-feder-schnellverschluss-quadratische-aufnahme-q7-copia-copia-copia\/#primaryimage\",\"url\":\"https:\/\/www.omrserrature.it\/wp-content\/uploads\/2025\/04\/163476_CM.jpg\",\"contentUrl\":\"https:\/\/www.omrserrature.it\/wp-content\/uploads\/2025\/04\/163476_CM.jpg\",\"width\":1000,\"height\":1000,\"caption\":\"Universelles Schloss f\u00fcr Schraubendreher mit Schnappfedern f\u00fcr eine schnelle Montage. Mod. 163476\/CM\"},{\"@type\":\"BreadcrumbList\",\"@id\":\"https:\/\/www.omrserrature.it\/de\/produkt\/verschluss-mit-rotor-unter-feder-schnellverschluss-quadratische-aufnahme-q7-copia-copia-copia\/#breadcrumb\",\"itemListElement\":[{\"@type\":\"ListItem\",\"position\":1,\"name\":\"Home\",\"item\":\"https:\/\/www.omrserrature.it\/de\/omr-serrature-sistemi-chiusura\/\"},{\"@type\":\"ListItem\",\"position\":2,\"name\":\"Katalog\",\"item\":\"https:\/\/www.omrserrature.it\/katalog\/?lang=de\"},{\"@type\":\"ListItem\",\"position\":3,\"name\":\"Produkte\",\"item\":\"https:\/\/www.omrserrature.it\/de\/katalog\/produkte\/\"},{\"@type\":\"ListItem\",\"position\":4,\"name\":\"Schloesser\",\"item\":\"https:\/\/www.omrserrature.it\/de\/katalog\/produkte\/schloesser\/\"},{\"@type\":\"ListItem\",\"position\":5,\"name\":\"Verschluss mit Rotor unter Feder, Schnellverschluss, mit Griff\"}]},{\"@type\":\"WebSite\",\"@id\":\"https:\/\/www.omrserrature.it\/de\/#website\",\"url\":\"https:\/\/www.omrserrature.it\/de\/\",\"name\":\"OMR Serrature | Produzione sistemi di chiusura\",\"description\":\"Produzione serrature di sicurezza e sistemi di chiusura\",\"publisher\":{\"@id\":\"https:\/\/www.omrserrature.it\/de\/#organization\"},\"potentialAction\":[{\"@type\":\"SearchAction\",\"target\":{\"@type\":\"EntryPoint\",\"urlTemplate\":\"https:\/\/www.omrserrature.it\/de\/?s={search_term_string}\"},\"query-input\":{\"@type\":\"PropertyValueSpecification\",\"valueRequired\":true,\"valueName\":\"search_term_string\"}}],\"inLanguage\":\"de\"},{\"@type\":\"Organization\",\"@id\":\"https:\/\/www.omrserrature.it\/de\/#organization\",\"name\":\"OMR Serrature | Produzione sistemi di chiusura\",\"url\":\"https:\/\/www.omrserrature.it\/de\/\",\"logo\":{\"@type\":\"ImageObject\",\"inLanguage\":\"de\",\"@id\":\"https:\/\/www.omrserrature.it\/de\/#\/schema\/logo\/image\/\",\"url\":\"https:\/\/www.omrserrature.it\/wp-content\/uploads\/2017\/09\/favicon-omr-114.png\",\"contentUrl\":\"https:\/\/www.omrserrature.it\/wp-content\/uploads\/2017\/09\/favicon-omr-114.png\",\"width\":114,\"height\":114,\"caption\":\"OMR Serrature | Produzione sistemi di chiusura\"},\"image\":{\"@id\":\"https:\/\/www.omrserrature.it\/de\/#\/schema\/logo\/image\/\"},\"sameAs\":[\"https:\/\/www.facebook.com\/OMRserrature\",\"https:\/\/www.linkedin.com\/company\/omrserrature\/\",\"https:\/\/www.youtube.com\/channel\/UCxmA85z2R0EpG_6IRokiAkg\"]}]}<\/script>\n<!-- \/ Yoast SEO plugin. -->","yoast_head_json":{"title":"Abschluss mit Griff - OMR Schl\u00f6sser","description":"Schloss mit 1\/4-Drehgriff, Schnellverschluss, 7 mm Vierkant-Hebelanschluss. Ideal f\u00fcr Schalttafeln und Schr\u00e4nke. Mit R\u00fcckholfeder.","robots":{"index":"index","follow":"follow","max-snippet":"max-snippet:-1","max-image-preview":"max-image-preview:large","max-video-preview":"max-video-preview:-1"},"canonical":"https:\/\/www.omrserrature.it\/de\/produkt\/verschluss-mit-rotor-unter-feder-schnellverschluss-quadratische-aufnahme-q7-copia-copia-copia\/","og_locale":"de_DE","og_type":"article","og_title":"Abschluss mit Griff - OMR Schl\u00f6sser","og_description":"Schloss mit 1\/4-Drehgriff, Schnellverschluss, 7 mm Vierkant-Hebelanschluss. Ideal f\u00fcr Schalttafeln und Schr\u00e4nke. Mit R\u00fcckholfeder.","og_url":"https:\/\/www.omrserrature.it\/de\/produkt\/verschluss-mit-rotor-unter-feder-schnellverschluss-quadratische-aufnahme-q7-copia-copia-copia\/","og_site_name":"OMR Serrature | Produzione sistemi di chiusura","article_publisher":"https:\/\/www.facebook.com\/OMRserrature","article_modified_time":"2026-04-08T09:09:48+00:00","og_image":[{"width":1000,"height":1000,"url":"https:\/\/www.omrserrature.it\/wp-content\/uploads\/2025\/04\/163476_CM.jpg","type":"image\/jpeg"}],"twitter_card":"summary_large_image","twitter_misc":{"Gesch\u00e4tzte Lesezeit":"2\u00a0Minuten"},"schema":{"@context":"https:\/\/schema.org","@graph":[{"@type":"WebPage","@id":"https:\/\/www.omrserrature.it\/de\/produkt\/verschluss-mit-rotor-unter-feder-schnellverschluss-quadratische-aufnahme-q7-copia-copia-copia\/","url":"https:\/\/www.omrserrature.it\/de\/produkt\/verschluss-mit-rotor-unter-feder-schnellverschluss-quadratische-aufnahme-q7-copia-copia-copia\/","name":"Abschluss mit Griff - OMR Schl\u00f6sser","isPartOf":{"@id":"https:\/\/www.omrserrature.it\/de\/#website"},"primaryImageOfPage":{"@id":"https:\/\/www.omrserrature.it\/de\/produkt\/verschluss-mit-rotor-unter-feder-schnellverschluss-quadratische-aufnahme-q7-copia-copia-copia\/#primaryimage"},"image":{"@id":"https:\/\/www.omrserrature.it\/de\/produkt\/verschluss-mit-rotor-unter-feder-schnellverschluss-quadratische-aufnahme-q7-copia-copia-copia\/#primaryimage"},"thumbnailUrl":"https:\/\/www.omrserrature.it\/wp-content\/uploads\/2025\/04\/163476_CM.jpg","datePublished":"2025-04-24T10:03:24+00:00","dateModified":"2026-04-08T09:09:48+00:00","description":"Schloss mit 1\/4-Drehgriff, Schnellverschluss, 7 mm Vierkant-Hebelanschluss. Ideal f\u00fcr Schalttafeln und Schr\u00e4nke. Mit R\u00fcckholfeder.","breadcrumb":{"@id":"https:\/\/www.omrserrature.it\/de\/produkt\/verschluss-mit-rotor-unter-feder-schnellverschluss-quadratische-aufnahme-q7-copia-copia-copia\/#breadcrumb"},"inLanguage":"de","potentialAction":[{"@type":"ReadAction","target":["https:\/\/www.omrserrature.it\/de\/produkt\/verschluss-mit-rotor-unter-feder-schnellverschluss-quadratische-aufnahme-q7-copia-copia-copia\/"]}]},{"@type":"ImageObject","inLanguage":"de","@id":"https:\/\/www.omrserrature.it\/de\/produkt\/verschluss-mit-rotor-unter-feder-schnellverschluss-quadratische-aufnahme-q7-copia-copia-copia\/#primaryimage","url":"https:\/\/www.omrserrature.it\/wp-content\/uploads\/2025\/04\/163476_CM.jpg","contentUrl":"https:\/\/www.omrserrature.it\/wp-content\/uploads\/2025\/04\/163476_CM.jpg","width":1000,"height":1000,"caption":"Universelles Schloss f\u00fcr Schraubendreher mit Schnappfedern f\u00fcr eine schnelle Montage. Mod. 163476\/CM"},{"@type":"BreadcrumbList","@id":"https:\/\/www.omrserrature.it\/de\/produkt\/verschluss-mit-rotor-unter-feder-schnellverschluss-quadratische-aufnahme-q7-copia-copia-copia\/#breadcrumb","itemListElement":[{"@type":"ListItem","position":1,"name":"Home","item":"https:\/\/www.omrserrature.it\/de\/omr-serrature-sistemi-chiusura\/"},{"@type":"ListItem","position":2,"name":"Katalog","item":"https:\/\/www.omrserrature.it\/katalog\/?lang=de"},{"@type":"ListItem","position":3,"name":"Produkte","item":"https:\/\/www.omrserrature.it\/de\/katalog\/produkte\/"},{"@type":"ListItem","position":4,"name":"Schloesser","item":"https:\/\/www.omrserrature.it\/de\/katalog\/produkte\/schloesser\/"},{"@type":"ListItem","position":5,"name":"Verschluss mit Rotor unter Feder, Schnellverschluss, mit Griff"}]},{"@type":"WebSite","@id":"https:\/\/www.omrserrature.it\/de\/#website","url":"https:\/\/www.omrserrature.it\/de\/","name":"OMR Serrature | Produzione sistemi di chiusura","description":"Produzione serrature di sicurezza e sistemi di chiusura","publisher":{"@id":"https:\/\/www.omrserrature.it\/de\/#organization"},"potentialAction":[{"@type":"SearchAction","target":{"@type":"EntryPoint","urlTemplate":"https:\/\/www.omrserrature.it\/de\/?s={search_term_string}"},"query-input":{"@type":"PropertyValueSpecification","valueRequired":true,"valueName":"search_term_string"}}],"inLanguage":"de"},{"@type":"Organization","@id":"https:\/\/www.omrserrature.it\/de\/#organization","name":"OMR Serrature | Produzione sistemi di chiusura","url":"https:\/\/www.omrserrature.it\/de\/","logo":{"@type":"ImageObject","inLanguage":"de","@id":"https:\/\/www.omrserrature.it\/de\/#\/schema\/logo\/image\/","url":"https:\/\/www.omrserrature.it\/wp-content\/uploads\/2017\/09\/favicon-omr-114.png","contentUrl":"https:\/\/www.omrserrature.it\/wp-content\/uploads\/2017\/09\/favicon-omr-114.png","width":114,"height":114,"caption":"OMR Serrature | Produzione sistemi di chiusura"},"image":{"@id":"https:\/\/www.omrserrature.it\/de\/#\/schema\/logo\/image\/"},"sameAs":["https:\/\/www.facebook.com\/OMRserrature","https:\/\/www.linkedin.com\/company\/omrserrature\/","https:\/\/www.youtube.com\/channel\/UCxmA85z2R0EpG_6IRokiAkg"]}]}},"_links":{"self":[{"href":"https:\/\/www.omrserrature.it\/de\/wp-json\/wp\/v2\/product\/243807","targetHints":{"allow":["GET"]}}],"collection":[{"href":"https:\/\/www.omrserrature.it\/de\/wp-json\/wp\/v2\/product"}],"about":[{"href":"https:\/\/www.omrserrature.it\/de\/wp-json\/wp\/v2\/types\/product"}],"replies":[{"embeddable":true,"href":"https:\/\/www.omrserrature.it\/de\/wp-json\/wp\/v2\/comments?post=243807"}],"wp:featuredmedia":[{"embeddable":true,"href":"https:\/\/www.omrserrature.it\/de\/wp-json\/wp\/v2\/media\/243764"}],"wp:attachment":[{"href":"https:\/\/www.omrserrature.it\/de\/wp-json\/wp\/v2\/media?parent=243807"}],"wp:term":[{"taxonomy":"product_brand","embeddable":true,"href":"https:\/\/www.omrserrature.it\/de\/wp-json\/wp\/v2\/product_brand?post=243807"},{"taxonomy":"product_cat","embeddable":true,"href":"https:\/\/www.omrserrature.it\/de\/wp-json\/wp\/v2\/product_cat?post=243807"},{"taxonomy":"product_tag","embeddable":true,"href":"https:\/\/www.omrserrature.it\/de\/wp-json\/wp\/v2\/product_tag?post=243807"}],"curies":[{"name":"wp","href":"https:\/\/api.w.org\/{rel}","templated":true}]}}