{"id":243791,"date":"2025-04-24T11:27:46","date_gmt":"2025-04-24T09:27:46","guid":{"rendered":"https:\/\/www.staging6.omrserrature.it\/?post_type=product&#038;p=243791"},"modified":"2026-04-08T11:09:53","modified_gmt":"2026-04-08T09:09:53","slug":"federbelasteter-verschluss-mit-schnellkupplung-dreieckige-t6-form-copia","status":"publish","type":"product","link":"https:\/\/www.omrserrature.it\/de\/produkt\/federbelasteter-verschluss-mit-schnellkupplung-dreieckige-t6-form-copia\/","title":{"rendered":"Verschluss mit Rotor unter Feder, Schnellverschluss, quadratische Aufnahme (Q7)"},"content":{"rendered":"<p>Das <strong>quadratische Schloss mit 1\/4-Umdrehung<\/strong> besteht aus einem Geh\u00e4use aus Zinklegierung, in dem sich ein federbelasteter (dr\u00fccken, \u00f6ffnen) quadratischer Zylinder mit einer 7 mm (Q7) langen Seite befindet, der sich mit einem Schl\u00fcssel zum \u00d6ffnen oder Schlie\u00dfen dreht. Dieses Vierkantschloss verf\u00fcgt \u00fcber Schnappfedern f\u00fcr ein <strong>schnelles Einrasten<\/strong>: Dr\u00fccken Sie das Schloss einfach an seinen Platz und Sie werden das unverwechselbare Klicken der Federn h\u00f6ren, die es fest an der Platte sichern. <\/p>\n<p>Der 7 mm starke Vierkant erm\u00f6glicht auch die Montage von <strong>geraden, gekr\u00f6pften oder gehakten Zungen<\/strong>. Das Schloss mit 1\/4 Drehung kann auch aus <strong>Technopolymer<\/strong> hergestellt werden, einem speziellen &#8218;Metallkunststoff&#8216;, der eine gleichwertige mechanische Leistung wie eine Aluminiumlegierung, Witterungs- und Korrosionsbest\u00e4ndigkeit sowie eine perfekte \u00e4sthetische Integration dank der gro\u00dfen Auswahl an Farben garantiert. <\/p>\n<p>Steckschl\u00fcssel Schl\u00f6sser eignen sich f\u00fcr Anwendungen, bei denen keine hohe Sicherheit, sondern ein einfaches <strong>Zugangsmanagement<\/strong> erforderlich ist, z.B. f\u00fcr Schaltschr\u00e4nke, Automatisierungsdreht\u00fcrme, Metallschr\u00e4nke, Maschinensteuerungen, isothermische K\u00e4sten, Stadtm\u00f6bel, Displays oder Ecken.<\/p>\n","protected":false},"excerpt":{"rendered":"<p>Das <strong>1\/4-Umdrehung Drehriegel<\/strong> besteht aus einem Geh\u00e4use aus Zinklegierung mit einem federbelasteten (dr\u00fccken, \u00f6ffnen) 7mm (Q7) Vierkant Zylinder, der, bet\u00e4tigt durch einen Schl\u00fcssel, das \u00d6ffnen oder Abschlie\u00dfen bestimmt. Dank des <strong>Push-to-Close-Verschlusses<\/strong> brauchen Sie nur auf das Schloss zu dr\u00fccken, um das Klicken der Federn zu h\u00f6ren, die es fest am Paneel befestigen. Der 7 mm gro\u00dfe Vierkant an der R\u00fcckseite erm\u00f6glicht die Montage von <strong>geraden, gekr\u00f6pften und Hakenzungen<\/strong>. Das ebenfalls aus <strong>Technopolymer<\/strong> gefertigte Schloss ist witterungs- und korrosionsbest\u00e4ndig und l\u00e4sst sich dank einer breiten Farbpalette perfekt in Ihr Produkt integrieren. Geeignet f\u00fcr Anwendungen mit Zugangsmanagement, wie z.B. elektrische Schalttafeln, Automatisierungst\u00fcrme, Werbesysteme und Ecken.    <\/p>\n","protected":false},"featured_media":243745,"comment_status":"closed","ping_status":"closed","template":"","meta":{"_acf_changed":false,"_et_pb_use_builder":"","_et_pb_old_content":"","_et_gb_content_width":""},"product_brand":[],"product_cat":[3780,3765,3876,3825,1341,3830,3827,3839,3840,3860,3764],"product_tag":[],"class_list":{"0":"post-243791","1":"product","2":"type-product","3":"status-publish","4":"has-post-thumbnail","6":"product_cat-1-4-drehung-drehriegel","7":"product_cat-abschlusssysteme-fur-die-industrie","8":"product_cat-flugelturen","9":"product_cat-hebel-schlosser","10":"product_cat-schloesser","11":"product_cat-schlosser-fur-professionelle-trolleys","12":"product_cat-schlosser-fur-schaltschranke","13":"product_cat-schlosser-fur-schrankfronten","14":"product_cat-schlosser-fur-seitenwandturen","15":"product_cat-turschlosser","16":"product_cat-wasser-luft-gas-fur-firmen","18":"first","19":"instock","20":"shipping-taxable","21":"product-type-simple"},"acf":{"pdf1":"https:\/\/www.omrserrature.it\/wp-content\/uploads\/2025\/04\/Scheda-162100-CM.pdf"},"yoast_head":"<!-- This site is optimized with the Yoast SEO plugin v27.2 - https:\/\/yoast.com\/product\/yoast-seo-wordpress\/ -->\n<title>Vierteldrehverschluss mit quadratischer Form | Schnellverschluss<\/title>\n<meta name=\"description\" content=\"Vierteldrehendes Q7 Vierkantschloss mit Schnellverschluss und 7 mm Vierkant. Ideal f\u00fcr Schaltschr\u00e4nke und Metallschr\u00e4nke.\" \/>\n<meta name=\"robots\" content=\"index, follow, max-snippet:-1, max-image-preview:large, max-video-preview:-1\" \/>\n<link rel=\"canonical\" href=\"https:\/\/www.omrserrature.it\/de\/produkt\/federbelasteter-verschluss-mit-schnellkupplung-dreieckige-t6-form-copia\/\" \/>\n<meta property=\"og:locale\" content=\"de_DE\" \/>\n<meta property=\"og:type\" content=\"article\" \/>\n<meta property=\"og:title\" content=\"Vierteldrehverschluss mit quadratischer Form | Schnellverschluss\" \/>\n<meta property=\"og:description\" content=\"Vierteldrehendes Q7 Vierkantschloss mit Schnellverschluss und 7 mm Vierkant. Ideal f\u00fcr Schaltschr\u00e4nke und Metallschr\u00e4nke.\" \/>\n<meta property=\"og:url\" content=\"https:\/\/www.omrserrature.it\/de\/produkt\/federbelasteter-verschluss-mit-schnellkupplung-dreieckige-t6-form-copia\/\" \/>\n<meta property=\"og:site_name\" content=\"OMR Serrature | Produzione sistemi di chiusura\" \/>\n<meta property=\"article:publisher\" content=\"https:\/\/www.facebook.com\/OMRserrature\" \/>\n<meta property=\"article:modified_time\" content=\"2026-04-08T09:09:53+00:00\" \/>\n<meta property=\"og:image\" content=\"https:\/\/www.omrserrature.it\/wp-content\/uploads\/2025\/04\/162100_CM.jpg\" \/>\n\t<meta property=\"og:image:width\" content=\"1000\" \/>\n\t<meta property=\"og:image:height\" content=\"1000\" \/>\n\t<meta property=\"og:image:type\" content=\"image\/jpeg\" \/>\n<meta name=\"twitter:card\" content=\"summary_large_image\" \/>\n<meta name=\"twitter:label1\" content=\"Gesch\u00e4tzte Lesezeit\" \/>\n\t<meta name=\"twitter:data1\" content=\"2\u00a0Minuten\" \/>\n<script type=\"application\/ld+json\" class=\"yoast-schema-graph\">{\"@context\":\"https:\/\/schema.org\",\"@graph\":[{\"@type\":\"WebPage\",\"@id\":\"https:\/\/www.omrserrature.it\/de\/produkt\/federbelasteter-verschluss-mit-schnellkupplung-dreieckige-t6-form-copia\/\",\"url\":\"https:\/\/www.omrserrature.it\/de\/produkt\/federbelasteter-verschluss-mit-schnellkupplung-dreieckige-t6-form-copia\/\",\"name\":\"Vierteldrehverschluss mit quadratischer Form | Schnellverschluss\",\"isPartOf\":{\"@id\":\"https:\/\/www.omrserrature.it\/de\/#website\"},\"primaryImageOfPage\":{\"@id\":\"https:\/\/www.omrserrature.it\/de\/produkt\/federbelasteter-verschluss-mit-schnellkupplung-dreieckige-t6-form-copia\/#primaryimage\"},\"image\":{\"@id\":\"https:\/\/www.omrserrature.it\/de\/produkt\/federbelasteter-verschluss-mit-schnellkupplung-dreieckige-t6-form-copia\/#primaryimage\"},\"thumbnailUrl\":\"https:\/\/www.omrserrature.it\/wp-content\/uploads\/2025\/04\/162100_CM.jpg\",\"datePublished\":\"2025-04-24T09:27:46+00:00\",\"dateModified\":\"2026-04-08T09:09:53+00:00\",\"description\":\"Vierteldrehendes Q7 Vierkantschloss mit Schnellverschluss und 7 mm Vierkant. Ideal f\u00fcr Schaltschr\u00e4nke und Metallschr\u00e4nke.\",\"breadcrumb\":{\"@id\":\"https:\/\/www.omrserrature.it\/de\/produkt\/federbelasteter-verschluss-mit-schnellkupplung-dreieckige-t6-form-copia\/#breadcrumb\"},\"inLanguage\":\"de\",\"potentialAction\":[{\"@type\":\"ReadAction\",\"target\":[\"https:\/\/www.omrserrature.it\/de\/produkt\/federbelasteter-verschluss-mit-schnellkupplung-dreieckige-t6-form-copia\/\"]}]},{\"@type\":\"ImageObject\",\"inLanguage\":\"de\",\"@id\":\"https:\/\/www.omrserrature.it\/de\/produkt\/federbelasteter-verschluss-mit-schnellkupplung-dreieckige-t6-form-copia\/#primaryimage\",\"url\":\"https:\/\/www.omrserrature.it\/wp-content\/uploads\/2025\/04\/162100_CM.jpg\",\"contentUrl\":\"https:\/\/www.omrserrature.it\/wp-content\/uploads\/2025\/04\/162100_CM.jpg\",\"width\":1000,\"height\":1000,\"caption\":\"Universelles Drehriegel-Schloss mit quadratischer Form und Schnappfedern f\u00fcr eine schnelle Installation. Mod. 162100_CM\"},{\"@type\":\"BreadcrumbList\",\"@id\":\"https:\/\/www.omrserrature.it\/de\/produkt\/federbelasteter-verschluss-mit-schnellkupplung-dreieckige-t6-form-copia\/#breadcrumb\",\"itemListElement\":[{\"@type\":\"ListItem\",\"position\":1,\"name\":\"Home\",\"item\":\"https:\/\/www.omrserrature.it\/de\/omr-serrature-sistemi-chiusura\/\"},{\"@type\":\"ListItem\",\"position\":2,\"name\":\"Katalog\",\"item\":\"https:\/\/www.omrserrature.it\/katalog\/?lang=de\"},{\"@type\":\"ListItem\",\"position\":3,\"name\":\"Produkte\",\"item\":\"https:\/\/www.omrserrature.it\/de\/katalog\/produkte\/\"},{\"@type\":\"ListItem\",\"position\":4,\"name\":\"Schloesser\",\"item\":\"https:\/\/www.omrserrature.it\/de\/katalog\/produkte\/schloesser\/\"},{\"@type\":\"ListItem\",\"position\":5,\"name\":\"Verschluss mit Rotor unter Feder, Schnellverschluss, quadratische Aufnahme (Q7)\"}]},{\"@type\":\"WebSite\",\"@id\":\"https:\/\/www.omrserrature.it\/de\/#website\",\"url\":\"https:\/\/www.omrserrature.it\/de\/\",\"name\":\"OMR Serrature | Produzione sistemi di chiusura\",\"description\":\"Produzione serrature di sicurezza e sistemi di chiusura\",\"publisher\":{\"@id\":\"https:\/\/www.omrserrature.it\/de\/#organization\"},\"potentialAction\":[{\"@type\":\"SearchAction\",\"target\":{\"@type\":\"EntryPoint\",\"urlTemplate\":\"https:\/\/www.omrserrature.it\/de\/?s={search_term_string}\"},\"query-input\":{\"@type\":\"PropertyValueSpecification\",\"valueRequired\":true,\"valueName\":\"search_term_string\"}}],\"inLanguage\":\"de\"},{\"@type\":\"Organization\",\"@id\":\"https:\/\/www.omrserrature.it\/de\/#organization\",\"name\":\"OMR Serrature | Produzione sistemi di chiusura\",\"url\":\"https:\/\/www.omrserrature.it\/de\/\",\"logo\":{\"@type\":\"ImageObject\",\"inLanguage\":\"de\",\"@id\":\"https:\/\/www.omrserrature.it\/de\/#\/schema\/logo\/image\/\",\"url\":\"https:\/\/www.omrserrature.it\/wp-content\/uploads\/2017\/09\/favicon-omr-114.png\",\"contentUrl\":\"https:\/\/www.omrserrature.it\/wp-content\/uploads\/2017\/09\/favicon-omr-114.png\",\"width\":114,\"height\":114,\"caption\":\"OMR Serrature | Produzione sistemi di chiusura\"},\"image\":{\"@id\":\"https:\/\/www.omrserrature.it\/de\/#\/schema\/logo\/image\/\"},\"sameAs\":[\"https:\/\/www.facebook.com\/OMRserrature\",\"https:\/\/www.linkedin.com\/company\/omrserrature\/\",\"https:\/\/www.youtube.com\/channel\/UCxmA85z2R0EpG_6IRokiAkg\"]}]}<\/script>\n<!-- \/ Yoast SEO plugin. -->","yoast_head_json":{"title":"Vierteldrehverschluss mit quadratischer Form | Schnellverschluss","description":"Vierteldrehendes Q7 Vierkantschloss mit Schnellverschluss und 7 mm Vierkant. Ideal f\u00fcr Schaltschr\u00e4nke und Metallschr\u00e4nke.","robots":{"index":"index","follow":"follow","max-snippet":"max-snippet:-1","max-image-preview":"max-image-preview:large","max-video-preview":"max-video-preview:-1"},"canonical":"https:\/\/www.omrserrature.it\/de\/produkt\/federbelasteter-verschluss-mit-schnellkupplung-dreieckige-t6-form-copia\/","og_locale":"de_DE","og_type":"article","og_title":"Vierteldrehverschluss mit quadratischer Form | Schnellverschluss","og_description":"Vierteldrehendes Q7 Vierkantschloss mit Schnellverschluss und 7 mm Vierkant. Ideal f\u00fcr Schaltschr\u00e4nke und Metallschr\u00e4nke.","og_url":"https:\/\/www.omrserrature.it\/de\/produkt\/federbelasteter-verschluss-mit-schnellkupplung-dreieckige-t6-form-copia\/","og_site_name":"OMR Serrature | Produzione sistemi di chiusura","article_publisher":"https:\/\/www.facebook.com\/OMRserrature","article_modified_time":"2026-04-08T09:09:53+00:00","og_image":[{"width":1000,"height":1000,"url":"https:\/\/www.omrserrature.it\/wp-content\/uploads\/2025\/04\/162100_CM.jpg","type":"image\/jpeg"}],"twitter_card":"summary_large_image","twitter_misc":{"Gesch\u00e4tzte Lesezeit":"2\u00a0Minuten"},"schema":{"@context":"https:\/\/schema.org","@graph":[{"@type":"WebPage","@id":"https:\/\/www.omrserrature.it\/de\/produkt\/federbelasteter-verschluss-mit-schnellkupplung-dreieckige-t6-form-copia\/","url":"https:\/\/www.omrserrature.it\/de\/produkt\/federbelasteter-verschluss-mit-schnellkupplung-dreieckige-t6-form-copia\/","name":"Vierteldrehverschluss mit quadratischer Form | Schnellverschluss","isPartOf":{"@id":"https:\/\/www.omrserrature.it\/de\/#website"},"primaryImageOfPage":{"@id":"https:\/\/www.omrserrature.it\/de\/produkt\/federbelasteter-verschluss-mit-schnellkupplung-dreieckige-t6-form-copia\/#primaryimage"},"image":{"@id":"https:\/\/www.omrserrature.it\/de\/produkt\/federbelasteter-verschluss-mit-schnellkupplung-dreieckige-t6-form-copia\/#primaryimage"},"thumbnailUrl":"https:\/\/www.omrserrature.it\/wp-content\/uploads\/2025\/04\/162100_CM.jpg","datePublished":"2025-04-24T09:27:46+00:00","dateModified":"2026-04-08T09:09:53+00:00","description":"Vierteldrehendes Q7 Vierkantschloss mit Schnellverschluss und 7 mm Vierkant. Ideal f\u00fcr Schaltschr\u00e4nke und Metallschr\u00e4nke.","breadcrumb":{"@id":"https:\/\/www.omrserrature.it\/de\/produkt\/federbelasteter-verschluss-mit-schnellkupplung-dreieckige-t6-form-copia\/#breadcrumb"},"inLanguage":"de","potentialAction":[{"@type":"ReadAction","target":["https:\/\/www.omrserrature.it\/de\/produkt\/federbelasteter-verschluss-mit-schnellkupplung-dreieckige-t6-form-copia\/"]}]},{"@type":"ImageObject","inLanguage":"de","@id":"https:\/\/www.omrserrature.it\/de\/produkt\/federbelasteter-verschluss-mit-schnellkupplung-dreieckige-t6-form-copia\/#primaryimage","url":"https:\/\/www.omrserrature.it\/wp-content\/uploads\/2025\/04\/162100_CM.jpg","contentUrl":"https:\/\/www.omrserrature.it\/wp-content\/uploads\/2025\/04\/162100_CM.jpg","width":1000,"height":1000,"caption":"Universelles Drehriegel-Schloss mit quadratischer Form und Schnappfedern f\u00fcr eine schnelle Installation. Mod. 162100_CM"},{"@type":"BreadcrumbList","@id":"https:\/\/www.omrserrature.it\/de\/produkt\/federbelasteter-verschluss-mit-schnellkupplung-dreieckige-t6-form-copia\/#breadcrumb","itemListElement":[{"@type":"ListItem","position":1,"name":"Home","item":"https:\/\/www.omrserrature.it\/de\/omr-serrature-sistemi-chiusura\/"},{"@type":"ListItem","position":2,"name":"Katalog","item":"https:\/\/www.omrserrature.it\/katalog\/?lang=de"},{"@type":"ListItem","position":3,"name":"Produkte","item":"https:\/\/www.omrserrature.it\/de\/katalog\/produkte\/"},{"@type":"ListItem","position":4,"name":"Schloesser","item":"https:\/\/www.omrserrature.it\/de\/katalog\/produkte\/schloesser\/"},{"@type":"ListItem","position":5,"name":"Verschluss mit Rotor unter Feder, Schnellverschluss, quadratische Aufnahme (Q7)"}]},{"@type":"WebSite","@id":"https:\/\/www.omrserrature.it\/de\/#website","url":"https:\/\/www.omrserrature.it\/de\/","name":"OMR Serrature | Produzione sistemi di chiusura","description":"Produzione serrature di sicurezza e sistemi di chiusura","publisher":{"@id":"https:\/\/www.omrserrature.it\/de\/#organization"},"potentialAction":[{"@type":"SearchAction","target":{"@type":"EntryPoint","urlTemplate":"https:\/\/www.omrserrature.it\/de\/?s={search_term_string}"},"query-input":{"@type":"PropertyValueSpecification","valueRequired":true,"valueName":"search_term_string"}}],"inLanguage":"de"},{"@type":"Organization","@id":"https:\/\/www.omrserrature.it\/de\/#organization","name":"OMR Serrature | Produzione sistemi di chiusura","url":"https:\/\/www.omrserrature.it\/de\/","logo":{"@type":"ImageObject","inLanguage":"de","@id":"https:\/\/www.omrserrature.it\/de\/#\/schema\/logo\/image\/","url":"https:\/\/www.omrserrature.it\/wp-content\/uploads\/2017\/09\/favicon-omr-114.png","contentUrl":"https:\/\/www.omrserrature.it\/wp-content\/uploads\/2017\/09\/favicon-omr-114.png","width":114,"height":114,"caption":"OMR Serrature | Produzione sistemi di chiusura"},"image":{"@id":"https:\/\/www.omrserrature.it\/de\/#\/schema\/logo\/image\/"},"sameAs":["https:\/\/www.facebook.com\/OMRserrature","https:\/\/www.linkedin.com\/company\/omrserrature\/","https:\/\/www.youtube.com\/channel\/UCxmA85z2R0EpG_6IRokiAkg"]}]}},"_links":{"self":[{"href":"https:\/\/www.omrserrature.it\/de\/wp-json\/wp\/v2\/product\/243791","targetHints":{"allow":["GET"]}}],"collection":[{"href":"https:\/\/www.omrserrature.it\/de\/wp-json\/wp\/v2\/product"}],"about":[{"href":"https:\/\/www.omrserrature.it\/de\/wp-json\/wp\/v2\/types\/product"}],"replies":[{"embeddable":true,"href":"https:\/\/www.omrserrature.it\/de\/wp-json\/wp\/v2\/comments?post=243791"}],"wp:featuredmedia":[{"embeddable":true,"href":"https:\/\/www.omrserrature.it\/de\/wp-json\/wp\/v2\/media\/243745"}],"wp:attachment":[{"href":"https:\/\/www.omrserrature.it\/de\/wp-json\/wp\/v2\/media?parent=243791"}],"wp:term":[{"taxonomy":"product_brand","embeddable":true,"href":"https:\/\/www.omrserrature.it\/de\/wp-json\/wp\/v2\/product_brand?post=243791"},{"taxonomy":"product_cat","embeddable":true,"href":"https:\/\/www.omrserrature.it\/de\/wp-json\/wp\/v2\/product_cat?post=243791"},{"taxonomy":"product_tag","embeddable":true,"href":"https:\/\/www.omrserrature.it\/de\/wp-json\/wp\/v2\/product_tag?post=243791"}],"curies":[{"name":"wp","href":"https:\/\/api.w.org\/{rel}","templated":true}]}}