{"id":243699,"date":"2025-04-23T14:40:33","date_gmt":"2025-04-23T12:40:33","guid":{"rendered":"https:\/\/www.staging6.omrserrature.it\/prodotto\/lineares-mechanisches-zahlenschloss-mit-sicherheitsschluessel\/"},"modified":"2026-04-08T11:10:17","modified_gmt":"2026-04-08T09:10:17","slug":"lineares-mechanisches-zahlenschloss-mit-sicherheitsschluessel","status":"publish","type":"product","link":"https:\/\/www.omrserrature.it\/de\/produkt\/lineares-mechanisches-zahlenschloss-mit-sicherheitsschluessel\/","title":{"rendered":"Lineares mechanisches Zahlenschloss mit Sicherheitsschl\u00fcssel"},"content":{"rendered":"<p>Das <strong>Kombinationsschloss<\/strong> von OMR ist eine robuste und vielseitige L\u00f6sung, ideal f\u00fcr den Schutz von Schlie\u00dff\u00e4chern, Schubladen und Beh\u00e4ltern in Gesch\u00e4fts-, Sport- und Arbeitsbereichen. Das Schloss besteht aus einem linearen K\u00f6rper, in dem sich der <strong>Knopf<\/strong> zum \u00d6ffnen befindet, und <strong>vier numerischen Rollen<\/strong>, die bis zu 10.000 einzigartige Kombinationen bieten und somit ein hohes Ma\u00df an Sicherheit und Individualit\u00e4t f\u00fcr jeden Benutzer garantieren. <\/p>\n<h2>\u00d6ffentlicher Modus f\u00fcr flexible Verwaltung<\/h2>\n<p>Dieses Kombinationsschloss ist im \u00f6ffentlichen Modus konfiguriert, d.h. <strong>es erm\u00f6glicht die Aktualisierung des \u00d6ffnungscodes <span style=\"text-decoration: underline;\">bei jeder \u00d6ffnung<\/span><\/strong>. Nach Eingabe des richtigen Codes und Drehen des \u00d6ffnungsknopfes &#8211; bei ge\u00f6ffnetem Schloss! &#8211; k\u00f6nnen Sie den neuen Code einstellen und dann das Schloss abschlie\u00dfen. Denken Sie im geschlossenen Zustand daran, den Code zu \u00e4ndern, indem Sie die Ziffern verschl\u00fcsseln. Andernfalls bleibt das Schlie\u00dffach mit der neu eingegebenen Kombination und damit ge\u00f6ffnet. Diese Funktion ist besonders n\u00fctzlich in Umgebungen, in denen eine h\u00e4ufige und dynamische Verwaltung der Schl\u00f6sser erforderlich ist.    <\/p>\n<h2>Kombinationsschloss mit Sicherheitsschl\u00fcssel<\/h2>\n<p>F\u00fcr den Fall, dass Sie den Code vergessen haben, ist das Schloss mit <strong>einem Sicherheitsschl\u00fcssel<\/strong> ausgestattet <strong>, mit dem es sofort ge\u00f6ffnet werden kann.<\/strong> Sobald der Sicherheitsschl\u00fcssel eingesteckt und gedreht wurde, schieben Sie die Zahlenrollen, bis sie in der richtigen Position einrasten und Sie den Code sicher abrufen k\u00f6nnen. Dieser Sicherheitsmechanismus ist besonders n\u00fctzlich in Umgebungen mit vielen Schl\u00f6ssern, wo ein einziger Bediener mit einem einzigen Schl\u00fcssel schnell in mehrere Einheiten eingreifen kann, was die Verwaltung des Sicherheitssystems vereinfacht.  <\/p>\n<h2>Hochwertige Materialien und funktionelles Design<\/h2>\n<p>Das aus hochwertigem Kunststoff gefertigte mechanische Zahlenschloss mit Sicherheitsschl\u00fcssel bietet Widerstand gegen Einbruchsversuche und eine lange Lebensdauer, selbst in feuchten Umgebungen wie Umkleider\u00e4umen von Sporthallen, Schwimmb\u00e4dern, Unternehmen oder staubigen Umgebungen. Das geradlinige und kompakte Design mit einem ergonomischen Knopf sorgt f\u00fcr eine leichte Man\u00f6vrierbarkeit des Schlosses. Das Schloss ist mit Hebeln zum schnellen Einrasten an Metallt\u00fcren ausgestattet und kann dank der R\u00fcckplatte auch an Holzschr\u00e4nken mit unterschiedlichen M\u00f6belt\u00fcren angebracht werden, wodurch es sich perfekt an eine Vielzahl von Anwendungen anpasst. Das mechanische Zahlenschloss bietet alle Sicherheits- und Zuverl\u00e4ssigkeitsmerkmale, die OMR-Schl\u00f6sser schon immer ausgezeichnet haben.   <\/p>\n","protected":false},"excerpt":{"rendered":"<p><strong>OMR-Kombinationsschloss<\/strong>, ideal f\u00fcr Schlie\u00dff\u00e4cher in Sport-, Arbeits- und Gesch\u00e4ftsr\u00e4umen. Es bietet bis zu <strong>10.000 eindeutige Kombinationen<\/strong> und enth\u00e4lt einen <strong>Sicherheitsschl\u00fcssel<\/strong> zum \u00d6ffnen im Falle eines vergessenen Codes. Der <strong>\u00f6ffentliche Modus<\/strong> erm\u00f6glicht es, den Code bei jeder Benutzung zu \u00e4ndern, wodurch es sich perfekt f\u00fcr Umkleider\u00e4ume und gemeinsam genutzte Umgebungen eignet. Langlebige Konstruktion, kompaktes Design und vielseitige Installation auf Holz oder Metall.   <\/p>\n","protected":false},"featured_media":253276,"comment_status":"closed","ping_status":"closed","template":"","meta":{"_acf_changed":false,"_et_pb_use_builder":"","_et_pb_old_content":"","_et_gb_content_width":""},"product_brand":[],"product_cat":[3773,3876,3766,3825,3762,3829,3792,3772,3771,3861,3828,3790,3864,1341,3835,3856,3851,3867,3860],"product_tag":[],"class_list":{"0":"post-243699","1":"product","2":"type-product","3":"status-publish","4":"has-post-thumbnail","6":"product_cat-architektur-stadtplanung-und-design","7":"product_cat-flugelturen","8":"product_cat-gros-und-einzelhandel","9":"product_cat-hebel-schlosser","10":"product_cat-hotels-und-unterkunftseinrichtungen","11":"product_cat-kabinett-schlosser","12":"product_cat-kombinationsschlosser","13":"product_cat-krankenhauser-und-gesundheitsbereich","14":"product_cat-messen-und-ausstellungen","15":"product_cat-mobelturen","16":"product_cat-professionelle-mobelschlosser","17":"product_cat-reprogrammierbare-schlosser","18":"product_cat-schliesfacher-fur-schliesfacher","19":"product_cat-schloesser","20":"product_cat-schlosser-fur-mobel","21":"product_cat-schlosser-fur-paketkasten","22":"product_cat-schlosser-fur-pflanzenschutzschranke","23":"product_cat-schlosser-fur-schliesfacher","24":"product_cat-turschlosser","26":"first","27":"instock","28":"shipping-taxable","29":"purchasable","30":"product-type-variable","31":"has-default-attributes"},"acf":{"pdf1":"https:\/\/www.omrserrature.it\/wp-content\/uploads\/2025\/04\/Scheda-POM90001.pdf"},"yoast_head":"<!-- This site is optimized with the Yoast SEO plugin v27.2 - https:\/\/yoast.com\/product\/yoast-seo-wordpress\/ -->\n<title>OMR-Kombinationsschloss mit 4-stelligem Sicherheitsschl\u00fcssel<\/title>\n<meta name=\"description\" content=\"OMR mechanisches Kombinationsschloss mit 4-stelligem Code und Sicherheitsschl\u00fcssel. Praktische L\u00f6sung f\u00fcr Schlie\u00dff\u00e4cher, Umkleider\u00e4ume und Gemeinschaftsr\u00e4ume.\" \/>\n<meta name=\"robots\" content=\"index, follow, max-snippet:-1, max-image-preview:large, max-video-preview:-1\" \/>\n<link rel=\"canonical\" href=\"https:\/\/www.omrserrature.it\/de\/produkt\/lineares-mechanisches-zahlenschloss-mit-sicherheitsschluessel\/\" \/>\n<meta property=\"og:locale\" content=\"de_DE\" \/>\n<meta property=\"og:type\" content=\"article\" \/>\n<meta property=\"og:title\" content=\"OMR-Kombinationsschloss mit 4-stelligem Sicherheitsschl\u00fcssel\" \/>\n<meta property=\"og:description\" content=\"OMR mechanisches Kombinationsschloss mit 4-stelligem Code und Sicherheitsschl\u00fcssel. Praktische L\u00f6sung f\u00fcr Schlie\u00dff\u00e4cher, Umkleider\u00e4ume und Gemeinschaftsr\u00e4ume.\" \/>\n<meta property=\"og:url\" content=\"https:\/\/www.omrserrature.it\/de\/produkt\/lineares-mechanisches-zahlenschloss-mit-sicherheitsschluessel\/\" \/>\n<meta property=\"og:site_name\" content=\"OMR Serrature | Produzione sistemi di chiusura\" \/>\n<meta property=\"article:publisher\" content=\"https:\/\/www.facebook.com\/OMRserrature\" \/>\n<meta property=\"article:modified_time\" content=\"2026-04-08T09:10:17+00:00\" \/>\n<meta property=\"og:image\" content=\"https:\/\/www.omrserrature.it\/wp-content\/uploads\/2025\/04\/Serratura-a-combinazione-quattro-numeri-a-rotella.jpg\" \/>\n\t<meta property=\"og:image:width\" content=\"1000\" \/>\n\t<meta property=\"og:image:height\" content=\"1000\" \/>\n\t<meta property=\"og:image:type\" content=\"image\/jpeg\" \/>\n<meta name=\"twitter:card\" content=\"summary_large_image\" \/>\n<meta name=\"twitter:label1\" content=\"Gesch\u00e4tzte Lesezeit\" \/>\n\t<meta name=\"twitter:data1\" content=\"2\u00a0Minuten\" \/>\n<script type=\"application\/ld+json\" class=\"yoast-schema-graph\">{\"@context\":\"https:\/\/schema.org\",\"@graph\":[{\"@type\":\"WebPage\",\"@id\":\"https:\/\/www.omrserrature.it\/de\/produkt\/lineares-mechanisches-zahlenschloss-mit-sicherheitsschluessel\/\",\"url\":\"https:\/\/www.omrserrature.it\/de\/produkt\/lineares-mechanisches-zahlenschloss-mit-sicherheitsschluessel\/\",\"name\":\"OMR-Kombinationsschloss mit 4-stelligem Sicherheitsschl\u00fcssel\",\"isPartOf\":{\"@id\":\"https:\/\/www.omrserrature.it\/de\/#website\"},\"primaryImageOfPage\":{\"@id\":\"https:\/\/www.omrserrature.it\/de\/produkt\/lineares-mechanisches-zahlenschloss-mit-sicherheitsschluessel\/#primaryimage\"},\"image\":{\"@id\":\"https:\/\/www.omrserrature.it\/de\/produkt\/lineares-mechanisches-zahlenschloss-mit-sicherheitsschluessel\/#primaryimage\"},\"thumbnailUrl\":\"https:\/\/www.omrserrature.it\/wp-content\/uploads\/2025\/04\/Serratura-a-combinazione-quattro-numeri-a-rotella.jpg\",\"datePublished\":\"2025-04-23T12:40:33+00:00\",\"dateModified\":\"2026-04-08T09:10:17+00:00\",\"description\":\"OMR mechanisches Kombinationsschloss mit 4-stelligem Code und Sicherheitsschl\u00fcssel. Praktische L\u00f6sung f\u00fcr Schlie\u00dff\u00e4cher, Umkleider\u00e4ume und Gemeinschaftsr\u00e4ume.\",\"breadcrumb\":{\"@id\":\"https:\/\/www.omrserrature.it\/de\/produkt\/lineares-mechanisches-zahlenschloss-mit-sicherheitsschluessel\/#breadcrumb\"},\"inLanguage\":\"de\",\"potentialAction\":[{\"@type\":\"ReadAction\",\"target\":[\"https:\/\/www.omrserrature.it\/de\/produkt\/lineares-mechanisches-zahlenschloss-mit-sicherheitsschluessel\/\"]}]},{\"@type\":\"ImageObject\",\"inLanguage\":\"de\",\"@id\":\"https:\/\/www.omrserrature.it\/de\/produkt\/lineares-mechanisches-zahlenschloss-mit-sicherheitsschluessel\/#primaryimage\",\"url\":\"https:\/\/www.omrserrature.it\/wp-content\/uploads\/2025\/04\/Serratura-a-combinazione-quattro-numeri-a-rotella.jpg\",\"contentUrl\":\"https:\/\/www.omrserrature.it\/wp-content\/uploads\/2025\/04\/Serratura-a-combinazione-quattro-numeri-a-rotella.jpg\",\"width\":1000,\"height\":1000,\"caption\":\"Mechanisches Zahlenschloss mit 4 Zahlen und Notschl\u00fcssel\"},{\"@type\":\"BreadcrumbList\",\"@id\":\"https:\/\/www.omrserrature.it\/de\/produkt\/lineares-mechanisches-zahlenschloss-mit-sicherheitsschluessel\/#breadcrumb\",\"itemListElement\":[{\"@type\":\"ListItem\",\"position\":1,\"name\":\"Home\",\"item\":\"https:\/\/www.omrserrature.it\/de\/omr-serrature-sistemi-chiusura\/\"},{\"@type\":\"ListItem\",\"position\":2,\"name\":\"Katalog\",\"item\":\"https:\/\/www.omrserrature.it\/katalog\/?lang=de\"},{\"@type\":\"ListItem\",\"position\":3,\"name\":\"Produkte\",\"item\":\"https:\/\/www.omrserrature.it\/de\/katalog\/produkte\/\"},{\"@type\":\"ListItem\",\"position\":4,\"name\":\"Schloesser\",\"item\":\"https:\/\/www.omrserrature.it\/de\/katalog\/produkte\/schloesser\/\"},{\"@type\":\"ListItem\",\"position\":5,\"name\":\"Kombinationsschl\u00f6sser\",\"item\":\"https:\/\/www.omrserrature.it\/de\/katalog\/produkte\/schloesser\/kombinationsschlosser\/\"},{\"@type\":\"ListItem\",\"position\":6,\"name\":\"Lineares mechanisches Zahlenschloss mit Sicherheitsschl\u00fcssel\"}]},{\"@type\":\"WebSite\",\"@id\":\"https:\/\/www.omrserrature.it\/de\/#website\",\"url\":\"https:\/\/www.omrserrature.it\/de\/\",\"name\":\"OMR Serrature | Produzione sistemi di chiusura\",\"description\":\"Produzione serrature di sicurezza e sistemi di chiusura\",\"publisher\":{\"@id\":\"https:\/\/www.omrserrature.it\/de\/#organization\"},\"potentialAction\":[{\"@type\":\"SearchAction\",\"target\":{\"@type\":\"EntryPoint\",\"urlTemplate\":\"https:\/\/www.omrserrature.it\/de\/?s={search_term_string}\"},\"query-input\":{\"@type\":\"PropertyValueSpecification\",\"valueRequired\":true,\"valueName\":\"search_term_string\"}}],\"inLanguage\":\"de\"},{\"@type\":\"Organization\",\"@id\":\"https:\/\/www.omrserrature.it\/de\/#organization\",\"name\":\"OMR Serrature | Produzione sistemi di chiusura\",\"url\":\"https:\/\/www.omrserrature.it\/de\/\",\"logo\":{\"@type\":\"ImageObject\",\"inLanguage\":\"de\",\"@id\":\"https:\/\/www.omrserrature.it\/de\/#\/schema\/logo\/image\/\",\"url\":\"https:\/\/www.omrserrature.it\/wp-content\/uploads\/2017\/09\/favicon-omr-114.png\",\"contentUrl\":\"https:\/\/www.omrserrature.it\/wp-content\/uploads\/2017\/09\/favicon-omr-114.png\",\"width\":114,\"height\":114,\"caption\":\"OMR Serrature | Produzione sistemi di chiusura\"},\"image\":{\"@id\":\"https:\/\/www.omrserrature.it\/de\/#\/schema\/logo\/image\/\"},\"sameAs\":[\"https:\/\/www.facebook.com\/OMRserrature\",\"https:\/\/www.linkedin.com\/company\/omrserrature\/\",\"https:\/\/www.youtube.com\/channel\/UCxmA85z2R0EpG_6IRokiAkg\"]}]}<\/script>\n<!-- \/ Yoast SEO plugin. -->","yoast_head_json":{"title":"OMR-Kombinationsschloss mit 4-stelligem Sicherheitsschl\u00fcssel","description":"OMR mechanisches Kombinationsschloss mit 4-stelligem Code und Sicherheitsschl\u00fcssel. Praktische L\u00f6sung f\u00fcr Schlie\u00dff\u00e4cher, Umkleider\u00e4ume und Gemeinschaftsr\u00e4ume.","robots":{"index":"index","follow":"follow","max-snippet":"max-snippet:-1","max-image-preview":"max-image-preview:large","max-video-preview":"max-video-preview:-1"},"canonical":"https:\/\/www.omrserrature.it\/de\/produkt\/lineares-mechanisches-zahlenschloss-mit-sicherheitsschluessel\/","og_locale":"de_DE","og_type":"article","og_title":"OMR-Kombinationsschloss mit 4-stelligem Sicherheitsschl\u00fcssel","og_description":"OMR mechanisches Kombinationsschloss mit 4-stelligem Code und Sicherheitsschl\u00fcssel. Praktische L\u00f6sung f\u00fcr Schlie\u00dff\u00e4cher, Umkleider\u00e4ume und Gemeinschaftsr\u00e4ume.","og_url":"https:\/\/www.omrserrature.it\/de\/produkt\/lineares-mechanisches-zahlenschloss-mit-sicherheitsschluessel\/","og_site_name":"OMR Serrature | Produzione sistemi di chiusura","article_publisher":"https:\/\/www.facebook.com\/OMRserrature","article_modified_time":"2026-04-08T09:10:17+00:00","og_image":[{"width":1000,"height":1000,"url":"https:\/\/www.omrserrature.it\/wp-content\/uploads\/2025\/04\/Serratura-a-combinazione-quattro-numeri-a-rotella.jpg","type":"image\/jpeg"}],"twitter_card":"summary_large_image","twitter_misc":{"Gesch\u00e4tzte Lesezeit":"2\u00a0Minuten"},"schema":{"@context":"https:\/\/schema.org","@graph":[{"@type":"WebPage","@id":"https:\/\/www.omrserrature.it\/de\/produkt\/lineares-mechanisches-zahlenschloss-mit-sicherheitsschluessel\/","url":"https:\/\/www.omrserrature.it\/de\/produkt\/lineares-mechanisches-zahlenschloss-mit-sicherheitsschluessel\/","name":"OMR-Kombinationsschloss mit 4-stelligem Sicherheitsschl\u00fcssel","isPartOf":{"@id":"https:\/\/www.omrserrature.it\/de\/#website"},"primaryImageOfPage":{"@id":"https:\/\/www.omrserrature.it\/de\/produkt\/lineares-mechanisches-zahlenschloss-mit-sicherheitsschluessel\/#primaryimage"},"image":{"@id":"https:\/\/www.omrserrature.it\/de\/produkt\/lineares-mechanisches-zahlenschloss-mit-sicherheitsschluessel\/#primaryimage"},"thumbnailUrl":"https:\/\/www.omrserrature.it\/wp-content\/uploads\/2025\/04\/Serratura-a-combinazione-quattro-numeri-a-rotella.jpg","datePublished":"2025-04-23T12:40:33+00:00","dateModified":"2026-04-08T09:10:17+00:00","description":"OMR mechanisches Kombinationsschloss mit 4-stelligem Code und Sicherheitsschl\u00fcssel. Praktische L\u00f6sung f\u00fcr Schlie\u00dff\u00e4cher, Umkleider\u00e4ume und Gemeinschaftsr\u00e4ume.","breadcrumb":{"@id":"https:\/\/www.omrserrature.it\/de\/produkt\/lineares-mechanisches-zahlenschloss-mit-sicherheitsschluessel\/#breadcrumb"},"inLanguage":"de","potentialAction":[{"@type":"ReadAction","target":["https:\/\/www.omrserrature.it\/de\/produkt\/lineares-mechanisches-zahlenschloss-mit-sicherheitsschluessel\/"]}]},{"@type":"ImageObject","inLanguage":"de","@id":"https:\/\/www.omrserrature.it\/de\/produkt\/lineares-mechanisches-zahlenschloss-mit-sicherheitsschluessel\/#primaryimage","url":"https:\/\/www.omrserrature.it\/wp-content\/uploads\/2025\/04\/Serratura-a-combinazione-quattro-numeri-a-rotella.jpg","contentUrl":"https:\/\/www.omrserrature.it\/wp-content\/uploads\/2025\/04\/Serratura-a-combinazione-quattro-numeri-a-rotella.jpg","width":1000,"height":1000,"caption":"Mechanisches Zahlenschloss mit 4 Zahlen und Notschl\u00fcssel"},{"@type":"BreadcrumbList","@id":"https:\/\/www.omrserrature.it\/de\/produkt\/lineares-mechanisches-zahlenschloss-mit-sicherheitsschluessel\/#breadcrumb","itemListElement":[{"@type":"ListItem","position":1,"name":"Home","item":"https:\/\/www.omrserrature.it\/de\/omr-serrature-sistemi-chiusura\/"},{"@type":"ListItem","position":2,"name":"Katalog","item":"https:\/\/www.omrserrature.it\/katalog\/?lang=de"},{"@type":"ListItem","position":3,"name":"Produkte","item":"https:\/\/www.omrserrature.it\/de\/katalog\/produkte\/"},{"@type":"ListItem","position":4,"name":"Schloesser","item":"https:\/\/www.omrserrature.it\/de\/katalog\/produkte\/schloesser\/"},{"@type":"ListItem","position":5,"name":"Kombinationsschl\u00f6sser","item":"https:\/\/www.omrserrature.it\/de\/katalog\/produkte\/schloesser\/kombinationsschlosser\/"},{"@type":"ListItem","position":6,"name":"Lineares mechanisches Zahlenschloss mit Sicherheitsschl\u00fcssel"}]},{"@type":"WebSite","@id":"https:\/\/www.omrserrature.it\/de\/#website","url":"https:\/\/www.omrserrature.it\/de\/","name":"OMR Serrature | Produzione sistemi di chiusura","description":"Produzione serrature di sicurezza e sistemi di chiusura","publisher":{"@id":"https:\/\/www.omrserrature.it\/de\/#organization"},"potentialAction":[{"@type":"SearchAction","target":{"@type":"EntryPoint","urlTemplate":"https:\/\/www.omrserrature.it\/de\/?s={search_term_string}"},"query-input":{"@type":"PropertyValueSpecification","valueRequired":true,"valueName":"search_term_string"}}],"inLanguage":"de"},{"@type":"Organization","@id":"https:\/\/www.omrserrature.it\/de\/#organization","name":"OMR Serrature | Produzione sistemi di chiusura","url":"https:\/\/www.omrserrature.it\/de\/","logo":{"@type":"ImageObject","inLanguage":"de","@id":"https:\/\/www.omrserrature.it\/de\/#\/schema\/logo\/image\/","url":"https:\/\/www.omrserrature.it\/wp-content\/uploads\/2017\/09\/favicon-omr-114.png","contentUrl":"https:\/\/www.omrserrature.it\/wp-content\/uploads\/2017\/09\/favicon-omr-114.png","width":114,"height":114,"caption":"OMR Serrature | Produzione sistemi di chiusura"},"image":{"@id":"https:\/\/www.omrserrature.it\/de\/#\/schema\/logo\/image\/"},"sameAs":["https:\/\/www.facebook.com\/OMRserrature","https:\/\/www.linkedin.com\/company\/omrserrature\/","https:\/\/www.youtube.com\/channel\/UCxmA85z2R0EpG_6IRokiAkg"]}]}},"_links":{"self":[{"href":"https:\/\/www.omrserrature.it\/de\/wp-json\/wp\/v2\/product\/243699","targetHints":{"allow":["GET"]}}],"collection":[{"href":"https:\/\/www.omrserrature.it\/de\/wp-json\/wp\/v2\/product"}],"about":[{"href":"https:\/\/www.omrserrature.it\/de\/wp-json\/wp\/v2\/types\/product"}],"replies":[{"embeddable":true,"href":"https:\/\/www.omrserrature.it\/de\/wp-json\/wp\/v2\/comments?post=243699"}],"wp:featuredmedia":[{"embeddable":true,"href":"https:\/\/www.omrserrature.it\/de\/wp-json\/wp\/v2\/media\/253276"}],"wp:attachment":[{"href":"https:\/\/www.omrserrature.it\/de\/wp-json\/wp\/v2\/media?parent=243699"}],"wp:term":[{"taxonomy":"product_brand","embeddable":true,"href":"https:\/\/www.omrserrature.it\/de\/wp-json\/wp\/v2\/product_brand?post=243699"},{"taxonomy":"product_cat","embeddable":true,"href":"https:\/\/www.omrserrature.it\/de\/wp-json\/wp\/v2\/product_cat?post=243699"},{"taxonomy":"product_tag","embeddable":true,"href":"https:\/\/www.omrserrature.it\/de\/wp-json\/wp\/v2\/product_tag?post=243699"}],"curies":[{"name":"wp","href":"https:\/\/api.w.org\/{rel}","templated":true}]}}