{"id":243685,"date":"2025-04-23T14:22:19","date_gmt":"2025-04-23T12:22:19","guid":{"rendered":"https:\/\/www.staging6.omrserrature.it\/prodotto\/technisches-kunststoffscharnier-mit-metallstift\/"},"modified":"2025-11-19T15:01:51","modified_gmt":"2025-11-19T14:01:51","slug":"technisches-kunststoffscharnier-mit-metallstift","status":"publish","type":"product","link":"https:\/\/www.omrserrature.it\/de\/produkt\/technisches-kunststoffscharnier-mit-metallstift\/","title":{"rendered":"Technisches Kunststoffscharnier mit Metallstift"},"content":{"rendered":"<p>Dieses <strong>Scharnier aus<\/strong> technischem <strong>Kunststoff<\/strong>, ausgestattet mit einem Metallstift und 4 versenkten L\u00f6chern zur Befestigung, ist auf St\u00e4rke und Haltbarkeit ausgelegt. Mit einem <g id=\"gid_1\">Drehwinkel von 210\u00b0<\/g> bietet es eine sanfte und pr\u00e4zise Bewegung ohne Ruckeln, perfekt f\u00fcr die Installation an T\u00fcren, Klappen und Toren. Seine robuste Konstruktion sorgt f\u00fcr eine <strong>lange<\/strong> Lebensdauer und garantiert eine einfache Installation und zuverl\u00e4ssige Leistung bei jeder Anwendung.  <\/p>\n","protected":false},"excerpt":{"rendered":"<p><strong>Technisches Kunststoffscharnier mit Metallstift<\/strong>, ideal f\u00fcr Fensterfl\u00fcgel, T\u00fcren und Klappen. Ausgestattet mit 4 versenkten L\u00f6chern f\u00fcr eine stabile Befestigung, bietet es eine sanfte \u00d6ffnung bis zu 210\u00b0 ohne Ruckeln. Robust und widerstandsf\u00e4hig, garantiert es Langlebigkeit, pr\u00e4zise Bewegungen und eine einfache Installation f\u00fcr jede industrielle oder professionelle Anwendung.  <\/p>\n","protected":false},"featured_media":243671,"comment_status":"closed","ping_status":"closed","template":"","meta":{"_acf_changed":false,"_et_pb_use_builder":"","_et_pb_old_content":"","_et_gb_content_width":""},"product_brand":[],"product_cat":[3821],"product_tag":[],"class_list":{"0":"post-243685","1":"product","2":"type-product","3":"status-publish","4":"has-post-thumbnail","6":"product_cat-scharnieren","8":"first","9":"instock","10":"shipping-taxable","11":"product-type-simple"},"acf":{"pdf1":"https:\/\/www.omrserrature.it\/wp-content\/uploads\/2025\/04\/MCER00004-tech-sheet.pdf"},"yoast_head":"<!-- This site is optimized with the Yoast SEO plugin v27.2 - https:\/\/yoast.com\/product\/yoast-seo-wordpress\/ -->\n<title>Technisches Kunststoffscharnier mit Metallstift - OMR Serrature<\/title>\n<meta name=\"robots\" content=\"index, follow, max-snippet:-1, max-image-preview:large, max-video-preview:-1\" \/>\n<link rel=\"canonical\" href=\"https:\/\/www.omrserrature.it\/de\/produkt\/technisches-kunststoffscharnier-mit-metallstift\/\" \/>\n<meta property=\"og:locale\" content=\"de_DE\" \/>\n<meta property=\"og:type\" content=\"article\" \/>\n<meta property=\"og:title\" content=\"Technisches Kunststoffscharnier mit Metallstift - OMR Serrature\" \/>\n<meta property=\"og:description\" content=\"Technisches Kunststoffscharnier mit Metallstift, ideal f\u00fcr Fensterfl\u00fcgel, T\u00fcren und Klappen. Ausgestattet mit 4 versenkten L\u00f6chern f\u00fcr eine stabile Befestigung, bietet es eine sanfte \u00d6ffnung bis zu 210\u00b0 ohne Ruckeln. Robust und widerstandsf\u00e4hig, garantiert es Langlebigkeit, pr\u00e4zise Bewegungen und eine einfache Installation f\u00fcr jede industrielle oder professionelle Anwendung.\" \/>\n<meta property=\"og:url\" content=\"https:\/\/www.omrserrature.it\/de\/produkt\/technisches-kunststoffscharnier-mit-metallstift\/\" \/>\n<meta property=\"og:site_name\" content=\"OMR Serrature | Produzione sistemi di chiusura\" \/>\n<meta property=\"article:publisher\" content=\"https:\/\/www.facebook.com\/OMRserrature\" \/>\n<meta property=\"article:modified_time\" content=\"2025-11-19T14:01:51+00:00\" \/>\n<meta property=\"og:image\" content=\"https:\/\/www.omrserrature.it\/wp-content\/uploads\/2025\/04\/MCER00004_vista-prospettica.jpg\" \/>\n\t<meta property=\"og:image:width\" content=\"1000\" \/>\n\t<meta property=\"og:image:height\" content=\"1000\" \/>\n\t<meta property=\"og:image:type\" content=\"image\/jpeg\" \/>\n<meta name=\"twitter:card\" content=\"summary_large_image\" \/>\n<script type=\"application\/ld+json\" class=\"yoast-schema-graph\">{\"@context\":\"https:\/\/schema.org\",\"@graph\":[{\"@type\":\"WebPage\",\"@id\":\"https:\/\/www.omrserrature.it\/de\/produkt\/technisches-kunststoffscharnier-mit-metallstift\/\",\"url\":\"https:\/\/www.omrserrature.it\/de\/produkt\/technisches-kunststoffscharnier-mit-metallstift\/\",\"name\":\"Technisches Kunststoffscharnier mit Metallstift - OMR Serrature\",\"isPartOf\":{\"@id\":\"https:\/\/www.omrserrature.it\/de\/#website\"},\"primaryImageOfPage\":{\"@id\":\"https:\/\/www.omrserrature.it\/de\/produkt\/technisches-kunststoffscharnier-mit-metallstift\/#primaryimage\"},\"image\":{\"@id\":\"https:\/\/www.omrserrature.it\/de\/produkt\/technisches-kunststoffscharnier-mit-metallstift\/#primaryimage\"},\"thumbnailUrl\":\"https:\/\/www.omrserrature.it\/wp-content\/uploads\/2025\/04\/MCER00004_vista-prospettica.jpg\",\"datePublished\":\"2025-04-23T12:22:19+00:00\",\"dateModified\":\"2025-11-19T14:01:51+00:00\",\"breadcrumb\":{\"@id\":\"https:\/\/www.omrserrature.it\/de\/produkt\/technisches-kunststoffscharnier-mit-metallstift\/#breadcrumb\"},\"inLanguage\":\"de\",\"potentialAction\":[{\"@type\":\"ReadAction\",\"target\":[\"https:\/\/www.omrserrature.it\/de\/produkt\/technisches-kunststoffscharnier-mit-metallstift\/\"]}]},{\"@type\":\"ImageObject\",\"inLanguage\":\"de\",\"@id\":\"https:\/\/www.omrserrature.it\/de\/produkt\/technisches-kunststoffscharnier-mit-metallstift\/#primaryimage\",\"url\":\"https:\/\/www.omrserrature.it\/wp-content\/uploads\/2025\/04\/MCER00004_vista-prospettica.jpg\",\"contentUrl\":\"https:\/\/www.omrserrature.it\/wp-content\/uploads\/2025\/04\/MCER00004_vista-prospettica.jpg\",\"width\":1000,\"height\":1000,\"caption\":\"Hochwertiges Kunststoffscharnier mit Metallstift. Mod. MCER00004\"},{\"@type\":\"BreadcrumbList\",\"@id\":\"https:\/\/www.omrserrature.it\/de\/produkt\/technisches-kunststoffscharnier-mit-metallstift\/#breadcrumb\",\"itemListElement\":[{\"@type\":\"ListItem\",\"position\":1,\"name\":\"Home\",\"item\":\"https:\/\/www.omrserrature.it\/de\/omr-serrature-sistemi-chiusura\/\"},{\"@type\":\"ListItem\",\"position\":2,\"name\":\"Katalog\",\"item\":\"https:\/\/www.omrserrature.it\/katalog\/?lang=de\"},{\"@type\":\"ListItem\",\"position\":3,\"name\":\"Produkte\",\"item\":\"https:\/\/www.omrserrature.it\/de\/katalog\/produkte\/\"},{\"@type\":\"ListItem\",\"position\":4,\"name\":\"Zubeh\u00f6r und Ersatzteile\",\"item\":\"https:\/\/www.omrserrature.it\/de\/katalog\/produkte\/zubehor-und-ersatzteile\/\"},{\"@type\":\"ListItem\",\"position\":5,\"name\":\"Scharnieren\",\"item\":\"https:\/\/www.omrserrature.it\/de\/katalog\/produkte\/zubehor-und-ersatzteile\/scharnieren\/\"},{\"@type\":\"ListItem\",\"position\":6,\"name\":\"Technisches Kunststoffscharnier mit Metallstift\"}]},{\"@type\":\"WebSite\",\"@id\":\"https:\/\/www.omrserrature.it\/de\/#website\",\"url\":\"https:\/\/www.omrserrature.it\/de\/\",\"name\":\"OMR Serrature | Produzione sistemi di chiusura\",\"description\":\"Produzione serrature di sicurezza e sistemi di chiusura\",\"publisher\":{\"@id\":\"https:\/\/www.omrserrature.it\/de\/#organization\"},\"potentialAction\":[{\"@type\":\"SearchAction\",\"target\":{\"@type\":\"EntryPoint\",\"urlTemplate\":\"https:\/\/www.omrserrature.it\/de\/?s={search_term_string}\"},\"query-input\":{\"@type\":\"PropertyValueSpecification\",\"valueRequired\":true,\"valueName\":\"search_term_string\"}}],\"inLanguage\":\"de\"},{\"@type\":\"Organization\",\"@id\":\"https:\/\/www.omrserrature.it\/de\/#organization\",\"name\":\"OMR Serrature | Produzione sistemi di chiusura\",\"url\":\"https:\/\/www.omrserrature.it\/de\/\",\"logo\":{\"@type\":\"ImageObject\",\"inLanguage\":\"de\",\"@id\":\"https:\/\/www.omrserrature.it\/de\/#\/schema\/logo\/image\/\",\"url\":\"https:\/\/www.omrserrature.it\/wp-content\/uploads\/2017\/09\/favicon-omr-114.png\",\"contentUrl\":\"https:\/\/www.omrserrature.it\/wp-content\/uploads\/2017\/09\/favicon-omr-114.png\",\"width\":114,\"height\":114,\"caption\":\"OMR Serrature | Produzione sistemi di chiusura\"},\"image\":{\"@id\":\"https:\/\/www.omrserrature.it\/de\/#\/schema\/logo\/image\/\"},\"sameAs\":[\"https:\/\/www.facebook.com\/OMRserrature\",\"https:\/\/www.linkedin.com\/company\/omrserrature\/\",\"https:\/\/www.youtube.com\/channel\/UCxmA85z2R0EpG_6IRokiAkg\"]}]}<\/script>\n<!-- \/ Yoast SEO plugin. -->","yoast_head_json":{"title":"Technisches Kunststoffscharnier mit Metallstift - OMR Serrature","robots":{"index":"index","follow":"follow","max-snippet":"max-snippet:-1","max-image-preview":"max-image-preview:large","max-video-preview":"max-video-preview:-1"},"canonical":"https:\/\/www.omrserrature.it\/de\/produkt\/technisches-kunststoffscharnier-mit-metallstift\/","og_locale":"de_DE","og_type":"article","og_title":"Technisches Kunststoffscharnier mit Metallstift - OMR Serrature","og_description":"Technisches Kunststoffscharnier mit Metallstift, ideal f\u00fcr Fensterfl\u00fcgel, T\u00fcren und Klappen. Ausgestattet mit 4 versenkten L\u00f6chern f\u00fcr eine stabile Befestigung, bietet es eine sanfte \u00d6ffnung bis zu 210\u00b0 ohne Ruckeln. Robust und widerstandsf\u00e4hig, garantiert es Langlebigkeit, pr\u00e4zise Bewegungen und eine einfache Installation f\u00fcr jede industrielle oder professionelle Anwendung.","og_url":"https:\/\/www.omrserrature.it\/de\/produkt\/technisches-kunststoffscharnier-mit-metallstift\/","og_site_name":"OMR Serrature | Produzione sistemi di chiusura","article_publisher":"https:\/\/www.facebook.com\/OMRserrature","article_modified_time":"2025-11-19T14:01:51+00:00","og_image":[{"width":1000,"height":1000,"url":"https:\/\/www.omrserrature.it\/wp-content\/uploads\/2025\/04\/MCER00004_vista-prospettica.jpg","type":"image\/jpeg"}],"twitter_card":"summary_large_image","schema":{"@context":"https:\/\/schema.org","@graph":[{"@type":"WebPage","@id":"https:\/\/www.omrserrature.it\/de\/produkt\/technisches-kunststoffscharnier-mit-metallstift\/","url":"https:\/\/www.omrserrature.it\/de\/produkt\/technisches-kunststoffscharnier-mit-metallstift\/","name":"Technisches Kunststoffscharnier mit Metallstift - OMR Serrature","isPartOf":{"@id":"https:\/\/www.omrserrature.it\/de\/#website"},"primaryImageOfPage":{"@id":"https:\/\/www.omrserrature.it\/de\/produkt\/technisches-kunststoffscharnier-mit-metallstift\/#primaryimage"},"image":{"@id":"https:\/\/www.omrserrature.it\/de\/produkt\/technisches-kunststoffscharnier-mit-metallstift\/#primaryimage"},"thumbnailUrl":"https:\/\/www.omrserrature.it\/wp-content\/uploads\/2025\/04\/MCER00004_vista-prospettica.jpg","datePublished":"2025-04-23T12:22:19+00:00","dateModified":"2025-11-19T14:01:51+00:00","breadcrumb":{"@id":"https:\/\/www.omrserrature.it\/de\/produkt\/technisches-kunststoffscharnier-mit-metallstift\/#breadcrumb"},"inLanguage":"de","potentialAction":[{"@type":"ReadAction","target":["https:\/\/www.omrserrature.it\/de\/produkt\/technisches-kunststoffscharnier-mit-metallstift\/"]}]},{"@type":"ImageObject","inLanguage":"de","@id":"https:\/\/www.omrserrature.it\/de\/produkt\/technisches-kunststoffscharnier-mit-metallstift\/#primaryimage","url":"https:\/\/www.omrserrature.it\/wp-content\/uploads\/2025\/04\/MCER00004_vista-prospettica.jpg","contentUrl":"https:\/\/www.omrserrature.it\/wp-content\/uploads\/2025\/04\/MCER00004_vista-prospettica.jpg","width":1000,"height":1000,"caption":"Hochwertiges Kunststoffscharnier mit Metallstift. Mod. MCER00004"},{"@type":"BreadcrumbList","@id":"https:\/\/www.omrserrature.it\/de\/produkt\/technisches-kunststoffscharnier-mit-metallstift\/#breadcrumb","itemListElement":[{"@type":"ListItem","position":1,"name":"Home","item":"https:\/\/www.omrserrature.it\/de\/omr-serrature-sistemi-chiusura\/"},{"@type":"ListItem","position":2,"name":"Katalog","item":"https:\/\/www.omrserrature.it\/katalog\/?lang=de"},{"@type":"ListItem","position":3,"name":"Produkte","item":"https:\/\/www.omrserrature.it\/de\/katalog\/produkte\/"},{"@type":"ListItem","position":4,"name":"Zubeh\u00f6r und Ersatzteile","item":"https:\/\/www.omrserrature.it\/de\/katalog\/produkte\/zubehor-und-ersatzteile\/"},{"@type":"ListItem","position":5,"name":"Scharnieren","item":"https:\/\/www.omrserrature.it\/de\/katalog\/produkte\/zubehor-und-ersatzteile\/scharnieren\/"},{"@type":"ListItem","position":6,"name":"Technisches Kunststoffscharnier mit Metallstift"}]},{"@type":"WebSite","@id":"https:\/\/www.omrserrature.it\/de\/#website","url":"https:\/\/www.omrserrature.it\/de\/","name":"OMR Serrature | Produzione sistemi di chiusura","description":"Produzione serrature di sicurezza e sistemi di chiusura","publisher":{"@id":"https:\/\/www.omrserrature.it\/de\/#organization"},"potentialAction":[{"@type":"SearchAction","target":{"@type":"EntryPoint","urlTemplate":"https:\/\/www.omrserrature.it\/de\/?s={search_term_string}"},"query-input":{"@type":"PropertyValueSpecification","valueRequired":true,"valueName":"search_term_string"}}],"inLanguage":"de"},{"@type":"Organization","@id":"https:\/\/www.omrserrature.it\/de\/#organization","name":"OMR Serrature | Produzione sistemi di chiusura","url":"https:\/\/www.omrserrature.it\/de\/","logo":{"@type":"ImageObject","inLanguage":"de","@id":"https:\/\/www.omrserrature.it\/de\/#\/schema\/logo\/image\/","url":"https:\/\/www.omrserrature.it\/wp-content\/uploads\/2017\/09\/favicon-omr-114.png","contentUrl":"https:\/\/www.omrserrature.it\/wp-content\/uploads\/2017\/09\/favicon-omr-114.png","width":114,"height":114,"caption":"OMR Serrature | Produzione sistemi di chiusura"},"image":{"@id":"https:\/\/www.omrserrature.it\/de\/#\/schema\/logo\/image\/"},"sameAs":["https:\/\/www.facebook.com\/OMRserrature","https:\/\/www.linkedin.com\/company\/omrserrature\/","https:\/\/www.youtube.com\/channel\/UCxmA85z2R0EpG_6IRokiAkg"]}]}},"_links":{"self":[{"href":"https:\/\/www.omrserrature.it\/de\/wp-json\/wp\/v2\/product\/243685","targetHints":{"allow":["GET"]}}],"collection":[{"href":"https:\/\/www.omrserrature.it\/de\/wp-json\/wp\/v2\/product"}],"about":[{"href":"https:\/\/www.omrserrature.it\/de\/wp-json\/wp\/v2\/types\/product"}],"replies":[{"embeddable":true,"href":"https:\/\/www.omrserrature.it\/de\/wp-json\/wp\/v2\/comments?post=243685"}],"wp:featuredmedia":[{"embeddable":true,"href":"https:\/\/www.omrserrature.it\/de\/wp-json\/wp\/v2\/media\/243671"}],"wp:attachment":[{"href":"https:\/\/www.omrserrature.it\/de\/wp-json\/wp\/v2\/media?parent=243685"}],"wp:term":[{"taxonomy":"product_brand","embeddable":true,"href":"https:\/\/www.omrserrature.it\/de\/wp-json\/wp\/v2\/product_brand?post=243685"},{"taxonomy":"product_cat","embeddable":true,"href":"https:\/\/www.omrserrature.it\/de\/wp-json\/wp\/v2\/product_cat?post=243685"},{"taxonomy":"product_tag","embeddable":true,"href":"https:\/\/www.omrserrature.it\/de\/wp-json\/wp\/v2\/product_tag?post=243685"}],"curies":[{"name":"wp","href":"https:\/\/api.w.org\/{rel}","templated":true}]}}