{"id":243665,"date":"2025-04-23T13:54:21","date_gmt":"2025-04-23T11:54:21","guid":{"rendered":"https:\/\/www.staging6.omrserrature.it\/prodotto\/mechanisches-zahlenschloss-mit-schluessel-oeffentlicher-modus\/"},"modified":"2026-04-08T11:09:06","modified_gmt":"2026-04-08T09:09:06","slug":"mechanisches-zahlenschloss-mit-schluessel-oeffentlicher-modus","status":"publish","type":"product","link":"https:\/\/www.omrserrature.it\/de\/produkt\/mechanisches-zahlenschloss-mit-schluessel-oeffentlicher-modus\/","title":{"rendered":"Mechanisches Zahlenschloss mit Schl\u00fcssel &#8211; \u00f6ffentlicher Modus"},"content":{"rendered":"<p>Das <strong>mechanische Kombinationsschloss OMR mit Sicherheitsschl\u00fcssel<\/strong> ist eine praktische und zuverl\u00e4ssige L\u00f6sung f\u00fcr die Sicherung von T\u00fcren und Schr\u00e4nken aller Art. Es wurde entwickelt, um einen maximalen Schutz vor unbefugtem Zugriff zu gew\u00e4hrleisten, indem es den Endbenutzer vom Schl\u00fcssel befreit, aber dennoch die M\u00f6glichkeit bietet, einen Generalschl\u00fcssel f\u00fcr autorisiertes Personal zu besitzen. Das <strong>mechanische Kombinationssystem<\/strong> ist mit einem 4-stelligen Benutzercode ausgestattet und bietet bis zu <strong>10.000<\/strong> einzigartige <strong>Kombinationen<\/strong>, die eine sichere Anpassung an jeden Benutzer erm\u00f6glichen. <\/p>\n<p>Das Inhaltsverzeichnis:<\/p>\n<ul>\n<li><strong>\u00d6ffentlicher Modus<\/strong>. Erm\u00f6glicht es, bei jedem \u00d6ffnen einen neuen Code zu speichern. <\/li>\n<li><strong>Code-Schutz<\/strong>. Jedes Mal, wenn es ge\u00f6ffnet wird, kehrt es von selbst zu <em>0000<\/em> zur\u00fcck und verhindert, dass der freigelegte Code vergessen wird. <\/li>\n<li><strong>Sicherheitsschl\u00fcssel<\/strong> f\u00fcr den Fall, dass Sie den Code vergessen haben.<\/li>\n<li><strong>Materialien, Design und St\u00e4rken<\/strong>. OMR-Qualit\u00e4t. <\/li>\n<li><strong>Hohe Kompatibilit\u00e4t<\/strong>. Keine strukturellen Eingriffe an Ihren M\u00f6beln. <\/li>\n<li><strong>Version im \u00f6ffentlichen Modus<\/strong>. \u00c4ndern Sie den Code bei jeder \u00d6ffnung. <\/li>\n<\/ul>\n<h2>Kombinationsschloss im \u00f6ffentlichen Modus<\/h2>\n<p>Dieses <strong>mechanische Kombinationsschloss mit Schl\u00fcssel von OMR<\/strong> ist im <strong>\u00f6ffentlichen Modus<\/strong> konfiguriert, was bedeutet, dass bei jeder \u00d6ffnung <strong>ein neuer personalisierter Code gespeichert werden kann<\/strong>. Geben Sie dazu einfach den richtigen Code ein und drehen Sie dann den Knopf in die offene Position (gr\u00fcnes Vorh\u00e4ngeschloss). Geben Sie in der ge\u00f6ffneten Position des Schlosses einen neuen Code ein und schlie\u00dfen Sie dann das Schloss, das sich dann mit dem soeben eingegebenen Code \u00f6ffnet. Dieser wirklich einfache und intuitive Prozess garantiert gro\u00dfe Flexibilit\u00e4t und Sicherheit bei der Aktualisierung des Codes.   <\/p>\n<h2>Code-Schutz bei jeder \u00d6ffnung<\/h2>\n<p>Jedes Mal, wenn es ge\u00f6ffnet wird, wird der <strong>Zahlencode automatisch auf die Position 0000 zur\u00fcckgesetzt<\/strong>. Der <strong>automatische visuelle Code-Reset-Mechanismus<\/strong> (im Fachjargon <strong>Auto-Scramble<\/strong> genannt) wird bei jeder \u00d6ffnung des Schlosses aktiviert und verhindert, dass sich Unbefugte den Code visuell einpr\u00e4gen oder das Schloss mit dem richtigen Code vergessen. <\/p>\n<h2>Sicherheitsschl\u00fcssel f\u00fcr Vergessliche, die den Code vergessen haben: <strong>nur f\u00fcr Notf\u00e4lle!<\/strong><\/h2>\n<p>Ein weiteres <strong>sicheres<\/strong> und praktisches Element des <strong>mechanischen OMR-Kombinationsschlosses mit Sicherheitsschl\u00fcssel<\/strong> ist der <strong>Passschl\u00fcssel,<\/strong> der daf\u00fcr sorgt, dass das Schloss vom zust\u00e4ndigen Mitarbeiter ge\u00f6ffnet werden kann, wenn der Zahlencode vergessen wurde. Sobald der Schl\u00fcssel eingesteckt und gedreht wurde, rasten die vier nummerierten Rollen bei der richtigen Zahl ein, so dass <strong>der Code<\/strong> sicher und ohne Stress <strong>abgerufen werden kann<\/strong>. <\/p>\n<p>Der Sicherheitsschl\u00fcssel ist so konzipiert, dass er alle Schl\u00f6sser in einer Einrichtung \u00f6ffnen kann, was die Arbeit des Personals vereinfacht, das bei Bedarf mit einem einzigen Schl\u00fcssel schnell in jeden Schrank eingreifen kann. Diese Funktion ist besonders n\u00fctzlich in Umgebungen, in denen eine zentralisierte Kontrolle erforderlich ist, um die Sicherheit zu gew\u00e4hrleisten, ohne die betriebliche Flexibilit\u00e4t zu beeintr\u00e4chtigen. Dank des Sicherheitsschl\u00fcssels ist selbst der m\u00f6gliche Verlust des Codes kein Problem mehr: ein optimales <strong>Ma\u00df an Sicherheit und Kontrolle<\/strong>!  <\/p>\n<p><strong><span style=\"color: #ff0000\">Achtung: Der Passwortschl\u00fcssel sollte nur bei Bedarf verwendet werden<\/span> <\/strong>und darf auf keinen Fall als Generalschl\u00fcssel verwendet werden. Die unsachgem\u00e4\u00dfe Verwendung des Generalschl\u00fcssels widerspricht nicht nur der Funktionslogik des Zahlenschlosses, sondern kann auch die Funktionsf\u00e4higkeit und Zuverl\u00e4ssigkeit des Schlie\u00dfsystems langfristig beeintr\u00e4chtigen. <\/p>\n<h2>Materialien, Design und St\u00e4rken<\/h2>\n<p>Die innere Struktur des Schlosses (Rotor) besteht <strong>aus geh\u00e4rteten Stahlzylindern<\/strong>, um einen hohen mechanischen Widerstand gegen Einbruchsversuche zu gew\u00e4hrleisten. Das runde, manipulationssichere Design stellt sicher, dass der interne Mechanismus nicht besch\u00e4digt werden kann, wenn die R\u00e4der blockiert oder aufgezwungen werden, um das Schloss vor Einbruchs- oder Manipulationsversuchen zu sch\u00fctzen. Das POM9003 besteht aus <strong>Zinkdruckguss und technischem Kunststoff<\/strong>, Materialien, die staub-, schmutz- und feuchtigkeitsbest\u00e4ndig sowie langlebig sind. Es kann an T\u00fcren und Schubladen mit einer Dicke von bis zu 25 mm angebracht werden und hat eine Geh\u00e4usel\u00e4nge von 30 mm ab Unterkante. <strong>Die Symbole f\u00fcr die ge\u00f6ffnete\/geschlossene Position<\/strong> machen die Bedienung des Schlosses noch intuitiver, und die anpassbaren Zungen in den Gr\u00f6\u00dfen garantieren eine au\u00dfergew\u00f6hnliche Anpassungsf\u00e4higkeit an die unterschiedlichsten Anwendungen: Das Q7-Terminal erm\u00f6glicht die Montage aller OMR-Hebel mit gerader oder gebogener Kr\u00f6pfung und Haken.   <\/p>\n<h2>Perfekte Kompatibilit\u00e4t mit Universalschl\u00f6ssern<\/h2>\n<p>Dieses <strong>mechanische Kombinationsschloss<\/strong> passt perfekt in die \u00d6ffnungen von Schlie\u00dff\u00e4chern und T\u00fcren in Arbeits-, Sport- und Gesch\u00e4ftsr\u00e4umen. Dank der Standardabmessungen des Schlossk\u00f6rpers (16 mm x 19 mm) kann es <strong>ohne bauliche Ver\u00e4nderungen an die Stelle von<\/strong> Schl\u00f6ssern mit Schl\u00fcssel oder Vorh\u00e4ngeschloss <strong>treten.<\/strong> Das <strong>Code- und Schl\u00fcsselschloss<\/strong> ist die ideale Wahl f\u00fcr alle, die Zuverl\u00e4ssigkeit, Sicherheit und Vielseitigkeit suchen.  <\/p>\n","protected":false},"excerpt":{"rendered":"<p><strong>Das mechanische Kombinationsschloss OMR mit Sicherheitsschl\u00fcssel<\/strong> ist eine sichere, praktische und vielseitige L\u00f6sung f\u00fcr den Schutz von T\u00fcren und Spinden. Ausgestattet mit einem 4-stelligen Benutzercode mit 10.000 m\u00f6glichen Kombinationen, garantiert es maximale Individualisierung auf einem \u00e4sthetischen Schlie\u00dfsystem, das sich perfekt f\u00fcr Umkleider\u00e4ume in Sporthallen, B\u00fcros und Spas eignet. Der \u00f6ffentliche Modus erm\u00f6glicht es, den Code bei jeder \u00d6ffnung zu \u00e4ndern, w\u00e4hrend das Auto-Scramble-System die Kombination automatisch auf 0000 zur\u00fccksetzt und so die Sicherheit f\u00fcr den Benutzer erh\u00f6ht. Falls Sie die Kombination einmal vergessen sollten, erm\u00f6glicht der Sicherheitsschl\u00fcssel einen schnellen Zugriff und das Abrufen des Codes. Er ist robust, mit den meisten Einrichtungsgegenst\u00e4nden kompatibel, erfordert keine baulichen Eingriffe und bietet ein zuverl\u00e4ssiges und elegantes OMR-Design.    <\/p>\n","protected":false},"featured_media":243656,"comment_status":"closed","ping_status":"closed","template":"","meta":{"_acf_changed":false,"_et_pb_use_builder":"","_et_pb_old_content":"","_et_gb_content_width":""},"product_brand":[],"product_cat":[3773,3770,3876,3766,3825,3762,3877,3792,3772,3771,3861,3828,3790,3864,3835,3856,3851,3867,3860],"product_tag":[],"class_list":{"0":"post-243665","1":"product","2":"type-product","3":"status-publish","4":"has-post-thumbnail","6":"product_cat-architektur-stadtplanung-und-design","7":"product_cat-bildungswesen-und-kultur","8":"product_cat-flugelturen","9":"product_cat-gros-und-einzelhandel","10":"product_cat-hebel-schlosser","11":"product_cat-hotels-und-unterkunftseinrichtungen","12":"product_cat-klappe","13":"product_cat-kombinationsschlosser","14":"product_cat-krankenhauser-und-gesundheitsbereich","15":"product_cat-messen-und-ausstellungen","16":"product_cat-mobelturen","17":"product_cat-professionelle-mobelschlosser","18":"product_cat-reprogrammierbare-schlosser","19":"product_cat-schliesfacher-fur-schliesfacher","20":"product_cat-schlosser-fur-mobel","21":"product_cat-schlosser-fur-paketkasten","22":"product_cat-schlosser-fur-pflanzenschutzschranke","23":"product_cat-schlosser-fur-schliesfacher","24":"product_cat-turschlosser","26":"first","27":"instock","28":"shipping-taxable","29":"product-type-simple"},"acf":{"pdf1":"https:\/\/www.omrserrature.it\/wp-content\/uploads\/2025\/04\/Scheda-POM90003.pdf"},"yoast_head":"<!-- This site is optimized with the Yoast SEO plugin v27.2 - https:\/\/yoast.com\/product\/yoast-seo-wordpress\/ -->\n<title>OMR mechanisches Zahlenschloss mit Sicherheitsschl\u00fcssel<\/title>\n<meta name=\"description\" content=\"OMR mechanisches Kombinationsschloss mit 4-stelligem Code, Auto-Scramble und Sicherheitsschl\u00fcssel. Code-Schloss, schl\u00fcssellos f\u00fcr Schlie\u00dff\u00e4cher und T\u00fcren.\" \/>\n<meta name=\"robots\" content=\"index, follow, max-snippet:-1, max-image-preview:large, max-video-preview:-1\" \/>\n<link rel=\"canonical\" href=\"https:\/\/www.omrserrature.it\/de\/produkt\/mechanisches-zahlenschloss-mit-schluessel-oeffentlicher-modus\/\" \/>\n<meta property=\"og:locale\" content=\"de_DE\" \/>\n<meta property=\"og:type\" content=\"article\" \/>\n<meta property=\"og:title\" content=\"OMR mechanisches Zahlenschloss mit Sicherheitsschl\u00fcssel\" \/>\n<meta property=\"og:description\" content=\"OMR mechanisches Kombinationsschloss mit 4-stelligem Code, Auto-Scramble und Sicherheitsschl\u00fcssel. Code-Schloss, schl\u00fcssellos f\u00fcr Schlie\u00dff\u00e4cher und T\u00fcren.\" \/>\n<meta property=\"og:url\" content=\"https:\/\/www.omrserrature.it\/de\/produkt\/mechanisches-zahlenschloss-mit-schluessel-oeffentlicher-modus\/\" \/>\n<meta property=\"og:site_name\" content=\"OMR Serrature | Produzione sistemi di chiusura\" \/>\n<meta property=\"article:publisher\" content=\"https:\/\/www.facebook.com\/OMRserrature\" \/>\n<meta property=\"article:modified_time\" content=\"2026-04-08T09:09:06+00:00\" \/>\n<meta property=\"og:image\" content=\"https:\/\/www.omrserrature.it\/wp-content\/uploads\/2025\/04\/POM90003_PU.jpg\" \/>\n\t<meta property=\"og:image:width\" content=\"1000\" \/>\n\t<meta property=\"og:image:height\" content=\"1000\" \/>\n\t<meta property=\"og:image:type\" content=\"image\/jpeg\" \/>\n<meta name=\"twitter:card\" content=\"summary_large_image\" \/>\n<meta name=\"twitter:label1\" content=\"Gesch\u00e4tzte Lesezeit\" \/>\n\t<meta name=\"twitter:data1\" content=\"4\u00a0Minuten\" \/>\n<script type=\"application\/ld+json\" class=\"yoast-schema-graph\">{\"@context\":\"https:\/\/schema.org\",\"@graph\":[{\"@type\":\"WebPage\",\"@id\":\"https:\/\/www.omrserrature.it\/de\/produkt\/mechanisches-zahlenschloss-mit-schluessel-oeffentlicher-modus\/\",\"url\":\"https:\/\/www.omrserrature.it\/de\/produkt\/mechanisches-zahlenschloss-mit-schluessel-oeffentlicher-modus\/\",\"name\":\"OMR mechanisches Zahlenschloss mit Sicherheitsschl\u00fcssel\",\"isPartOf\":{\"@id\":\"https:\/\/www.omrserrature.it\/de\/#website\"},\"primaryImageOfPage\":{\"@id\":\"https:\/\/www.omrserrature.it\/de\/produkt\/mechanisches-zahlenschloss-mit-schluessel-oeffentlicher-modus\/#primaryimage\"},\"image\":{\"@id\":\"https:\/\/www.omrserrature.it\/de\/produkt\/mechanisches-zahlenschloss-mit-schluessel-oeffentlicher-modus\/#primaryimage\"},\"thumbnailUrl\":\"https:\/\/www.omrserrature.it\/wp-content\/uploads\/2025\/04\/POM90003_PU.jpg\",\"datePublished\":\"2025-04-23T11:54:21+00:00\",\"dateModified\":\"2026-04-08T09:09:06+00:00\",\"description\":\"OMR mechanisches Kombinationsschloss mit 4-stelligem Code, Auto-Scramble und Sicherheitsschl\u00fcssel. Code-Schloss, schl\u00fcssellos f\u00fcr Schlie\u00dff\u00e4cher und T\u00fcren.\",\"breadcrumb\":{\"@id\":\"https:\/\/www.omrserrature.it\/de\/produkt\/mechanisches-zahlenschloss-mit-schluessel-oeffentlicher-modus\/#breadcrumb\"},\"inLanguage\":\"de\",\"potentialAction\":[{\"@type\":\"ReadAction\",\"target\":[\"https:\/\/www.omrserrature.it\/de\/produkt\/mechanisches-zahlenschloss-mit-schluessel-oeffentlicher-modus\/\"]}]},{\"@type\":\"ImageObject\",\"inLanguage\":\"de\",\"@id\":\"https:\/\/www.omrserrature.it\/de\/produkt\/mechanisches-zahlenschloss-mit-schluessel-oeffentlicher-modus\/#primaryimage\",\"url\":\"https:\/\/www.omrserrature.it\/wp-content\/uploads\/2025\/04\/POM90003_PU.jpg\",\"contentUrl\":\"https:\/\/www.omrserrature.it\/wp-content\/uploads\/2025\/04\/POM90003_PU.jpg\",\"width\":1000,\"height\":1000,\"caption\":\"Mechanisches Zahlenschloss mit Code - Im \u00f6ffentlichen Modus kann bei jeder \u00d6ffnung ein neuer Code eingestellt werden. Mod. POM90003_PU\"},{\"@type\":\"BreadcrumbList\",\"@id\":\"https:\/\/www.omrserrature.it\/de\/produkt\/mechanisches-zahlenschloss-mit-schluessel-oeffentlicher-modus\/#breadcrumb\",\"itemListElement\":[{\"@type\":\"ListItem\",\"position\":1,\"name\":\"Home\",\"item\":\"https:\/\/www.omrserrature.it\/de\/omr-serrature-sistemi-chiusura\/\"},{\"@type\":\"ListItem\",\"position\":2,\"name\":\"Katalog\",\"item\":\"https:\/\/www.omrserrature.it\/katalog\/?lang=de\"},{\"@type\":\"ListItem\",\"position\":3,\"name\":\"Anwendungen\",\"item\":\"https:\/\/www.omrserrature.it\/de\/katalog\/anwendungen\/\"},{\"@type\":\"ListItem\",\"position\":4,\"name\":\"Schl\u00f6sser f\u00fcr M\u00f6bel\",\"item\":\"https:\/\/www.omrserrature.it\/de\/katalog\/anwendungen\/schlosser-fur-mobel\/\"},{\"@type\":\"ListItem\",\"position\":5,\"name\":\"M\u00f6belt\u00fcren\",\"item\":\"https:\/\/www.omrserrature.it\/de\/katalog\/anwendungen\/schlosser-fur-mobel\/mobelturen\/\"},{\"@type\":\"ListItem\",\"position\":6,\"name\":\"Mechanisches Zahlenschloss mit Schl\u00fcssel &#8211; \u00f6ffentlicher Modus\"}]},{\"@type\":\"WebSite\",\"@id\":\"https:\/\/www.omrserrature.it\/de\/#website\",\"url\":\"https:\/\/www.omrserrature.it\/de\/\",\"name\":\"OMR Serrature | Produzione sistemi di chiusura\",\"description\":\"Produzione serrature di sicurezza e sistemi di chiusura\",\"publisher\":{\"@id\":\"https:\/\/www.omrserrature.it\/de\/#organization\"},\"potentialAction\":[{\"@type\":\"SearchAction\",\"target\":{\"@type\":\"EntryPoint\",\"urlTemplate\":\"https:\/\/www.omrserrature.it\/de\/?s={search_term_string}\"},\"query-input\":{\"@type\":\"PropertyValueSpecification\",\"valueRequired\":true,\"valueName\":\"search_term_string\"}}],\"inLanguage\":\"de\"},{\"@type\":\"Organization\",\"@id\":\"https:\/\/www.omrserrature.it\/de\/#organization\",\"name\":\"OMR Serrature | Produzione sistemi di chiusura\",\"url\":\"https:\/\/www.omrserrature.it\/de\/\",\"logo\":{\"@type\":\"ImageObject\",\"inLanguage\":\"de\",\"@id\":\"https:\/\/www.omrserrature.it\/de\/#\/schema\/logo\/image\/\",\"url\":\"https:\/\/www.omrserrature.it\/wp-content\/uploads\/2017\/09\/favicon-omr-114.png\",\"contentUrl\":\"https:\/\/www.omrserrature.it\/wp-content\/uploads\/2017\/09\/favicon-omr-114.png\",\"width\":114,\"height\":114,\"caption\":\"OMR Serrature | Produzione sistemi di chiusura\"},\"image\":{\"@id\":\"https:\/\/www.omrserrature.it\/de\/#\/schema\/logo\/image\/\"},\"sameAs\":[\"https:\/\/www.facebook.com\/OMRserrature\",\"https:\/\/www.linkedin.com\/company\/omrserrature\/\",\"https:\/\/www.youtube.com\/channel\/UCxmA85z2R0EpG_6IRokiAkg\"]}]}<\/script>\n<!-- \/ Yoast SEO plugin. -->","yoast_head_json":{"title":"OMR mechanisches Zahlenschloss mit Sicherheitsschl\u00fcssel","description":"OMR mechanisches Kombinationsschloss mit 4-stelligem Code, Auto-Scramble und Sicherheitsschl\u00fcssel. Code-Schloss, schl\u00fcssellos f\u00fcr Schlie\u00dff\u00e4cher und T\u00fcren.","robots":{"index":"index","follow":"follow","max-snippet":"max-snippet:-1","max-image-preview":"max-image-preview:large","max-video-preview":"max-video-preview:-1"},"canonical":"https:\/\/www.omrserrature.it\/de\/produkt\/mechanisches-zahlenschloss-mit-schluessel-oeffentlicher-modus\/","og_locale":"de_DE","og_type":"article","og_title":"OMR mechanisches Zahlenschloss mit Sicherheitsschl\u00fcssel","og_description":"OMR mechanisches Kombinationsschloss mit 4-stelligem Code, Auto-Scramble und Sicherheitsschl\u00fcssel. Code-Schloss, schl\u00fcssellos f\u00fcr Schlie\u00dff\u00e4cher und T\u00fcren.","og_url":"https:\/\/www.omrserrature.it\/de\/produkt\/mechanisches-zahlenschloss-mit-schluessel-oeffentlicher-modus\/","og_site_name":"OMR Serrature | Produzione sistemi di chiusura","article_publisher":"https:\/\/www.facebook.com\/OMRserrature","article_modified_time":"2026-04-08T09:09:06+00:00","og_image":[{"width":1000,"height":1000,"url":"https:\/\/www.omrserrature.it\/wp-content\/uploads\/2025\/04\/POM90003_PU.jpg","type":"image\/jpeg"}],"twitter_card":"summary_large_image","twitter_misc":{"Gesch\u00e4tzte Lesezeit":"4\u00a0Minuten"},"schema":{"@context":"https:\/\/schema.org","@graph":[{"@type":"WebPage","@id":"https:\/\/www.omrserrature.it\/de\/produkt\/mechanisches-zahlenschloss-mit-schluessel-oeffentlicher-modus\/","url":"https:\/\/www.omrserrature.it\/de\/produkt\/mechanisches-zahlenschloss-mit-schluessel-oeffentlicher-modus\/","name":"OMR mechanisches Zahlenschloss mit Sicherheitsschl\u00fcssel","isPartOf":{"@id":"https:\/\/www.omrserrature.it\/de\/#website"},"primaryImageOfPage":{"@id":"https:\/\/www.omrserrature.it\/de\/produkt\/mechanisches-zahlenschloss-mit-schluessel-oeffentlicher-modus\/#primaryimage"},"image":{"@id":"https:\/\/www.omrserrature.it\/de\/produkt\/mechanisches-zahlenschloss-mit-schluessel-oeffentlicher-modus\/#primaryimage"},"thumbnailUrl":"https:\/\/www.omrserrature.it\/wp-content\/uploads\/2025\/04\/POM90003_PU.jpg","datePublished":"2025-04-23T11:54:21+00:00","dateModified":"2026-04-08T09:09:06+00:00","description":"OMR mechanisches Kombinationsschloss mit 4-stelligem Code, Auto-Scramble und Sicherheitsschl\u00fcssel. Code-Schloss, schl\u00fcssellos f\u00fcr Schlie\u00dff\u00e4cher und T\u00fcren.","breadcrumb":{"@id":"https:\/\/www.omrserrature.it\/de\/produkt\/mechanisches-zahlenschloss-mit-schluessel-oeffentlicher-modus\/#breadcrumb"},"inLanguage":"de","potentialAction":[{"@type":"ReadAction","target":["https:\/\/www.omrserrature.it\/de\/produkt\/mechanisches-zahlenschloss-mit-schluessel-oeffentlicher-modus\/"]}]},{"@type":"ImageObject","inLanguage":"de","@id":"https:\/\/www.omrserrature.it\/de\/produkt\/mechanisches-zahlenschloss-mit-schluessel-oeffentlicher-modus\/#primaryimage","url":"https:\/\/www.omrserrature.it\/wp-content\/uploads\/2025\/04\/POM90003_PU.jpg","contentUrl":"https:\/\/www.omrserrature.it\/wp-content\/uploads\/2025\/04\/POM90003_PU.jpg","width":1000,"height":1000,"caption":"Mechanisches Zahlenschloss mit Code - Im \u00f6ffentlichen Modus kann bei jeder \u00d6ffnung ein neuer Code eingestellt werden. Mod. POM90003_PU"},{"@type":"BreadcrumbList","@id":"https:\/\/www.omrserrature.it\/de\/produkt\/mechanisches-zahlenschloss-mit-schluessel-oeffentlicher-modus\/#breadcrumb","itemListElement":[{"@type":"ListItem","position":1,"name":"Home","item":"https:\/\/www.omrserrature.it\/de\/omr-serrature-sistemi-chiusura\/"},{"@type":"ListItem","position":2,"name":"Katalog","item":"https:\/\/www.omrserrature.it\/katalog\/?lang=de"},{"@type":"ListItem","position":3,"name":"Anwendungen","item":"https:\/\/www.omrserrature.it\/de\/katalog\/anwendungen\/"},{"@type":"ListItem","position":4,"name":"Schl\u00f6sser f\u00fcr M\u00f6bel","item":"https:\/\/www.omrserrature.it\/de\/katalog\/anwendungen\/schlosser-fur-mobel\/"},{"@type":"ListItem","position":5,"name":"M\u00f6belt\u00fcren","item":"https:\/\/www.omrserrature.it\/de\/katalog\/anwendungen\/schlosser-fur-mobel\/mobelturen\/"},{"@type":"ListItem","position":6,"name":"Mechanisches Zahlenschloss mit Schl\u00fcssel &#8211; \u00f6ffentlicher Modus"}]},{"@type":"WebSite","@id":"https:\/\/www.omrserrature.it\/de\/#website","url":"https:\/\/www.omrserrature.it\/de\/","name":"OMR Serrature | Produzione sistemi di chiusura","description":"Produzione serrature di sicurezza e sistemi di chiusura","publisher":{"@id":"https:\/\/www.omrserrature.it\/de\/#organization"},"potentialAction":[{"@type":"SearchAction","target":{"@type":"EntryPoint","urlTemplate":"https:\/\/www.omrserrature.it\/de\/?s={search_term_string}"},"query-input":{"@type":"PropertyValueSpecification","valueRequired":true,"valueName":"search_term_string"}}],"inLanguage":"de"},{"@type":"Organization","@id":"https:\/\/www.omrserrature.it\/de\/#organization","name":"OMR Serrature | Produzione sistemi di chiusura","url":"https:\/\/www.omrserrature.it\/de\/","logo":{"@type":"ImageObject","inLanguage":"de","@id":"https:\/\/www.omrserrature.it\/de\/#\/schema\/logo\/image\/","url":"https:\/\/www.omrserrature.it\/wp-content\/uploads\/2017\/09\/favicon-omr-114.png","contentUrl":"https:\/\/www.omrserrature.it\/wp-content\/uploads\/2017\/09\/favicon-omr-114.png","width":114,"height":114,"caption":"OMR Serrature | Produzione sistemi di chiusura"},"image":{"@id":"https:\/\/www.omrserrature.it\/de\/#\/schema\/logo\/image\/"},"sameAs":["https:\/\/www.facebook.com\/OMRserrature","https:\/\/www.linkedin.com\/company\/omrserrature\/","https:\/\/www.youtube.com\/channel\/UCxmA85z2R0EpG_6IRokiAkg"]}]}},"_links":{"self":[{"href":"https:\/\/www.omrserrature.it\/de\/wp-json\/wp\/v2\/product\/243665","targetHints":{"allow":["GET"]}}],"collection":[{"href":"https:\/\/www.omrserrature.it\/de\/wp-json\/wp\/v2\/product"}],"about":[{"href":"https:\/\/www.omrserrature.it\/de\/wp-json\/wp\/v2\/types\/product"}],"replies":[{"embeddable":true,"href":"https:\/\/www.omrserrature.it\/de\/wp-json\/wp\/v2\/comments?post=243665"}],"wp:featuredmedia":[{"embeddable":true,"href":"https:\/\/www.omrserrature.it\/de\/wp-json\/wp\/v2\/media\/243656"}],"wp:attachment":[{"href":"https:\/\/www.omrserrature.it\/de\/wp-json\/wp\/v2\/media?parent=243665"}],"wp:term":[{"taxonomy":"product_brand","embeddable":true,"href":"https:\/\/www.omrserrature.it\/de\/wp-json\/wp\/v2\/product_brand?post=243665"},{"taxonomy":"product_cat","embeddable":true,"href":"https:\/\/www.omrserrature.it\/de\/wp-json\/wp\/v2\/product_cat?post=243665"},{"taxonomy":"product_tag","embeddable":true,"href":"https:\/\/www.omrserrature.it\/de\/wp-json\/wp\/v2\/product_tag?post=243665"}],"curies":[{"name":"wp","href":"https:\/\/api.w.org\/{rel}","templated":true}]}}