{"id":243632,"date":"2025-04-23T12:51:14","date_gmt":"2025-04-23T10:51:14","guid":{"rendered":"https:\/\/www.staging6.omrserrature.it\/?post_type=product&#038;p=243632"},"modified":"2026-04-08T11:09:08","modified_gmt":"2026-04-08T09:09:08","slug":"biometrisches-schloss-fur-fingerabdrucke-biolock-copia","status":"publish","type":"product","link":"https:\/\/www.omrserrature.it\/de\/produkt\/biometrisches-schloss-fur-fingerabdrucke-biolock-copia\/","title":{"rendered":"Biometrisches Schloss mit Fingerabdruck f\u00fcr Schubladen &#8211; BioLock Drawers"},"content":{"rendered":"<p>Das <strong>Schloss f\u00fcr Schubladen mit biometrischer Form<\/strong> ist die perfekte intelligente L\u00f6sung f\u00fcr B\u00fcroschubladen, Metallwerkstattschubladen und Schlie\u00dff\u00e4cher. Es kombiniert Sicherheit und Komfort in einem hochmodernen Ger\u00e4t. Dank der biometrischen Technologie k\u00f6nnen<strong> bis zu 20 Formen von Fingerabdr\u00fccken<\/strong> registriert werden, zwei f\u00fcr den Administrator und achtzehn f\u00fcr autorisierte Benutzer. Bei der Erstinstallation kann das Schloss mit jedem beliebigen Fingerabdruck entriegelt werden, w\u00e4hrend nach der Konfiguration nur noch die gespeicherten Fingerabdr\u00fccke das \u00d6ffnen des Ger\u00e4ts erm\u00f6glichen. Die ersten beiden gespeicherten Fingerabdr\u00fccke sind die des Administrators, der mit einem einfachen Scan des Fingerabdrucks die volle Kontrolle \u00fcber die Autorisierung oder den Entzug des Zugriffs hat.    <\/p>\n<h2>BioLock Drawers, das Schloss f\u00fcr Fingerabdr\u00fccke in Schubladen<\/h2>\n<p>Das aus einer <strong>robusten Zinklegierung<\/strong> gefertigte und von einem Elektromotor angetriebene Schloss bietet optimale Leistung auch unter rauen Umgebungsbedingungen mit einer Betriebstemperatur von -20\u00b0C bis +85\u00b0C und einer Umgebungsfeuchtigkeit zwischen 10% und 90%. Das intelligente Schloss wird von einer wiederaufladbaren 150mAh-Lithiumbatterie betrieben, die bei zwei \u00d6ffnungen pro Tag eine <strong>Nutzungsdauer von bis zu vier Monaten<\/strong> erm\u00f6glicht. <\/p>\n<p>Das Ger\u00e4t ist mit einem praktischen USB-Typ-C-Ladeanschluss ausgestattet, mit einer vollen Ladezeit von 2,5 Stunden. Eine Ladung von nur 1 Stunde erm\u00f6glicht eine Standby-Zeit von bis zu 180 Tagen. Im Falle eines vollst\u00e4ndig entladenen Akkus bleiben die gespeicherten Fingerabdr\u00fccke erhalten, so dass Sie sich keine Sorgen machen m\u00fcssen, den Zugriff zu verlieren: Schlie\u00dfen Sie einfach eine Stromversorgung (Powerbank oder Ladeger\u00e4t) an, um die volle Funktionalit\u00e4t in wenigen Augenblicken wiederherzustellen.  <\/p>\n<h2>Das intelligente Schloss, das Ihre Schubladen sicher h\u00e4lt<\/h2>\n<p>Das <strong>BioLock Cassetti<\/strong> Schloss f\u00fcr Fingerabdr\u00fccke <strong>ist mit den L\u00f6chern kompatibel, die bereits<\/strong> in den meisten Schubladen auf dem Markt <strong>vorhanden sind<\/strong>. Um einen Sprung in die Zukunft zu machen, entfernen Sie einfach das alte mechanische Schloss, befestigen Sie das BioLock Drawers mit den 4 Gewindeschrauben an der Frontblende der Schublade und schrauben Sie dann das Fingerabdruckschloss an den Pfosten oder die Querstange der Schublade. Die kompakten Abmessungen und das minimalistische, geradlinige Design machen dieses Fingerabdruckschloss nicht nur zu einer technologisch fortschrittlichen L\u00f6sung, sondern auch zu einem stilvollen Accessoire f\u00fcr alle, die eine raffinierte \u00c4sthetik sch\u00e4tzen. Dieses kleine intelligente Schloss ist perfekt f\u00fcr alle, die Funktionalit\u00e4t suchen, ohne auf Eleganz zu verzichten, und verleiht <strong>jedem Raum einen Hauch von Modernit\u00e4t und Klasse<\/strong>.   <\/p>\n<h2>Benutzerfreundliche Technologie: das leicht einzustellende biometrische Schloss<\/h2>\n<p>Sobald Sie Ihr neues BioLock physisch installiert haben, k\u00f6nnen Sie die ersten beiden Formen registrieren, die mit administrativen Rechten ausgestattet sind und mit denen Sie andere Benutzer hinzuf\u00fcgen oder entfernen k\u00f6nnen. Das Verfahren ist f\u00fcr alle BioLocks im Katalog \u00e4hnlich.<\/p>\n<h3 style=\"font-size: 18px\">Formular des Administrators hinzuf\u00fcgen<\/h3>\n<p>Bei der ersten Inbetriebnahme oder nach einem Reset des Schlosses ist es m\u00f6glich, die ersten beiden Formen mit Administratorrechten zu erfassen. Stellen Sie sicher, dass das Schloss aufgeladen ist, bevor Sie mit der Erfassung fortfahren. <\/p>\n<ol>\n<li>Legen Sie Ihren Finger f\u00fcr 5 Sekunden auf den Sensor. Die blauen LEDs leuchten auf. Entfernen Sie Ihren Finger vom Sensor.  <\/li>\n<li>Legen Sie Ihren Finger erneut auf, bis die LEDs<em> zweimal<\/em> blinken, um die korrekte Erfassung zu best\u00e4tigen. Entfernen Sie den Finger. <\/li>\n<li>Wiederholen Sie den Vorgang f\u00fcnfmal, indem Sie die Position Ihres Fingers ein wenig ver\u00e4ndern. Danach blinken die LEDs dreimal auf, um Ihnen die Speicherung zu best\u00e4tigen.<\/li>\n<\/ol>\n<p>Sie k\u00f6nnen den Vorgang nun mit einem anderen Finger des Administrators wiederholen, und Sie haben den Master-Zugang Ihres Smart Locks eingerichtet. Der Administrator kann jeden der beiden gespeicherten Finger verwenden, um vom Schloss erkannt zu werden. <\/p>\n<h3 style=\"font-size: 18px\">Hinzuf\u00fcgen eines neuen Benutzer-Footprints<\/h3>\n<p>Das biometrische Drehriegel von BioLock bietet Ihnen die M\u00f6glichkeit, <strong>bis zu 18 verschiedene Benutzer<\/strong> zu registrieren. Bei der Einrichtung eines neuen Benutzers ist nur die Anwesenheit des Administrators erforderlich. <\/p>\n<ol>\n<li>Legen Sie <strong>den Finger des Administrators<\/strong> f\u00fcr 5 Sekunden auf den Sensor. Die blauen LEDs leuchten auf. Entfernen Sie Ihren Finger vom Sensor.  <\/li>\n<li>Lassen Sie <strong>den Finger des Benutzers<\/strong> ruhen, bis die LEDs zweimal blinken, und entfernen Sie dann den Finger.<\/li>\n<li>Wiederholen Sie den Vorgang f\u00fcnfmal, indem Sie die Position Ihres Fingers ein wenig ver\u00e4ndern. Danach blinken die LEDs dreimal auf, um Ihnen die Speicherung zu best\u00e4tigen.<\/li>\n<\/ol>\n<p><strong>Wenn etwas schief geht?<\/strong><\/p>\n<p>Wenn die LEDs rot leuchten, signalisieren sie, dass die Form des Fingerabdrucks nicht korrekt erfasst wurde. Nehmen Sie Ihren Finger einfach vom biometrischen Sensor und legen Sie ihn erneut auf. Achten Sie darauf, ihn w\u00e4hrend des Scannens ruhig zu halten. <\/p>\n<h2>Das beste biometrische digitale Schloss f\u00fcr Unternehmen<\/h2>\n<p>BioLock Drawers ist das <strong>intelligente Schloss f\u00fcr Fingerabdr\u00fccke<\/strong>, das die Art und Weise, wie Sie die Sicherheit Ihrer Schubladen in B\u00fcro, Lager und Werkstatt verwalten, ver\u00e4ndert. Dieses wiederaufladbare biometrische Schloss ist sicher, praktisch und unglaublich vielseitig. Es bietet eine intuitive und zuverl\u00e4ssige Zugangskontrolle und bietet gleichzeitig Schutz, ohne dabei auf ein hohes Ma\u00df an \u00c4sthetik zu verzichten. Dank seiner fortschrittlichen Technologie und seiner Benutzerfreundlichkeit macht BioLock die Verwendung von Schl\u00fcsseln oder Kombinationen \u00fcberfl\u00fcssig und erm\u00f6glicht es Ihnen, Ihre Schl\u00f6sser mit einer einfachen Ber\u00fchrung zu \u00f6ffnen. Entscheiden Sie sich f\u00fcr Innovation und machen Sie einen Schritt in die Zukunft der Sicherheit mit <strong>BioLock Schubladen<\/strong> von OMR Schloss.   <\/p>\n","protected":false},"excerpt":{"rendered":"<p><strong>BioLock Drawers<\/strong> ist das ideale intelligente biometrische Schloss f\u00fcr private Schr\u00e4nke und Schubladen von B\u00fcrom\u00f6beln. Es ist leicht, robust und einfach zu installieren. Es erm\u00f6glicht die Registrierung von bis zu 20 Fingerabdr\u00fccken (2 Administratoren und 18 Benutzer) und bietet dank der Fingerabdrucktechnologie einen sicheren, bequemen und modernen Zugang. Er wird \u00fcber einen wiederaufladbaren Akku via USB-C betrieben, bietet bis zu 4 Monate Autonomie und speichert alle Fingerabdr\u00fccke, auch wenn der Akku leer ist. BioLock ist mit den meisten vorhandenen Schubladen kompatibel und vereint fortschrittliche Funktionalit\u00e4t und elegantes Design in einem Ger\u00e4t.   <\/p>\n","protected":false},"featured_media":243639,"comment_status":"closed","ping_status":"closed","template":"","meta":{"_acf_changed":false,"_et_pb_use_builder":"","_et_pb_old_content":"","_et_gb_content_width":""},"product_brand":[],"product_cat":[3774,3791,3876,3877,3861,3786,3820,3835,3862],"product_tag":[],"class_list":{"0":"post-243632","1":"product","2":"type-product","3":"status-publish","4":"has-post-thumbnail","6":"product_cat-burogebaude","7":"product_cat-elektronische-schlosser-fur-schliesfacher-schubladen-turen","8":"product_cat-flugelturen","9":"product_cat-klappe","10":"product_cat-mobelturen","11":"product_cat-riegelschlosser","12":"product_cat-schlosser-fur-fingerabdrucke","13":"product_cat-schlosser-fur-mobel","14":"product_cat-schlosser-fur-schubladen","16":"first","17":"instock","18":"shipping-taxable","19":"product-type-simple"},"acf":{"pdf1":"https:\/\/www.omrserrature.it\/wp-content\/uploads\/2025\/04\/Scheda-BL220300-1.pdf"},"yoast_head":"<!-- This site is optimized with the Yoast SEO plugin v27.2 - https:\/\/yoast.com\/product\/yoast-seo-wordpress\/ -->\n<title>Biometrisches Drehriegel-Schloss f\u00fcr Schubladen | BioLock OMR<\/title>\n<meta name=\"description\" content=\"Biometrisches Drehriegel-Schloss f\u00fcr Schubladen, bis zu 20 Benutzer. Wiederaufladbare intelligente L\u00f6sung f\u00fcr B\u00fcros, Werkst\u00e4tten und Schlie\u00dff\u00e4cher. Die Batterie h\u00e4lt monatelang.\" \/>\n<meta name=\"robots\" content=\"index, follow, max-snippet:-1, max-image-preview:large, max-video-preview:-1\" \/>\n<link rel=\"canonical\" href=\"https:\/\/www.omrserrature.it\/de\/produkt\/biometrisches-schloss-fur-fingerabdrucke-biolock-copia\/\" \/>\n<meta property=\"og:locale\" content=\"de_DE\" \/>\n<meta property=\"og:type\" content=\"article\" \/>\n<meta property=\"og:title\" content=\"Biometrisches Drehriegel-Schloss f\u00fcr Schubladen | BioLock OMR\" \/>\n<meta property=\"og:description\" content=\"Biometrisches Drehriegel-Schloss f\u00fcr Schubladen, bis zu 20 Benutzer. Wiederaufladbare intelligente L\u00f6sung f\u00fcr B\u00fcros, Werkst\u00e4tten und Schlie\u00dff\u00e4cher. Die Batterie h\u00e4lt monatelang.\" \/>\n<meta property=\"og:url\" content=\"https:\/\/www.omrserrature.it\/de\/produkt\/biometrisches-schloss-fur-fingerabdrucke-biolock-copia\/\" \/>\n<meta property=\"og:site_name\" content=\"OMR Serrature | Produzione sistemi di chiusura\" \/>\n<meta property=\"article:publisher\" content=\"https:\/\/www.facebook.com\/OMRserrature\" \/>\n<meta property=\"article:modified_time\" content=\"2026-04-08T09:09:08+00:00\" \/>\n<meta property=\"og:image\" content=\"https:\/\/www.omrserrature.it\/wp-content\/uploads\/2025\/04\/BioLock-Cassetti.jpg\" \/>\n\t<meta property=\"og:image:width\" content=\"1000\" \/>\n\t<meta property=\"og:image:height\" content=\"1000\" \/>\n\t<meta property=\"og:image:type\" content=\"image\/jpeg\" \/>\n<meta name=\"twitter:card\" content=\"summary_large_image\" \/>\n<meta name=\"twitter:label1\" content=\"Gesch\u00e4tzte Lesezeit\" \/>\n\t<meta name=\"twitter:data1\" content=\"5\u00a0Minuten\" \/>\n<script type=\"application\/ld+json\" class=\"yoast-schema-graph\">{\"@context\":\"https:\/\/schema.org\",\"@graph\":[{\"@type\":\"WebPage\",\"@id\":\"https:\/\/www.omrserrature.it\/de\/produkt\/biometrisches-schloss-fur-fingerabdrucke-biolock-copia\/\",\"url\":\"https:\/\/www.omrserrature.it\/de\/produkt\/biometrisches-schloss-fur-fingerabdrucke-biolock-copia\/\",\"name\":\"Biometrisches Drehriegel-Schloss f\u00fcr Schubladen | BioLock OMR\",\"isPartOf\":{\"@id\":\"https:\/\/www.omrserrature.it\/de\/#website\"},\"primaryImageOfPage\":{\"@id\":\"https:\/\/www.omrserrature.it\/de\/produkt\/biometrisches-schloss-fur-fingerabdrucke-biolock-copia\/#primaryimage\"},\"image\":{\"@id\":\"https:\/\/www.omrserrature.it\/de\/produkt\/biometrisches-schloss-fur-fingerabdrucke-biolock-copia\/#primaryimage\"},\"thumbnailUrl\":\"https:\/\/www.omrserrature.it\/wp-content\/uploads\/2025\/04\/BioLock-Cassetti.jpg\",\"datePublished\":\"2025-04-23T10:51:14+00:00\",\"dateModified\":\"2026-04-08T09:09:08+00:00\",\"description\":\"Biometrisches Drehriegel-Schloss f\u00fcr Schubladen, bis zu 20 Benutzer. Wiederaufladbare intelligente L\u00f6sung f\u00fcr B\u00fcros, Werkst\u00e4tten und Schlie\u00dff\u00e4cher. Die Batterie h\u00e4lt monatelang.\",\"breadcrumb\":{\"@id\":\"https:\/\/www.omrserrature.it\/de\/produkt\/biometrisches-schloss-fur-fingerabdrucke-biolock-copia\/#breadcrumb\"},\"inLanguage\":\"de\",\"potentialAction\":[{\"@type\":\"ReadAction\",\"target\":[\"https:\/\/www.omrserrature.it\/de\/produkt\/biometrisches-schloss-fur-fingerabdrucke-biolock-copia\/\"]}]},{\"@type\":\"ImageObject\",\"inLanguage\":\"de\",\"@id\":\"https:\/\/www.omrserrature.it\/de\/produkt\/biometrisches-schloss-fur-fingerabdrucke-biolock-copia\/#primaryimage\",\"url\":\"https:\/\/www.omrserrature.it\/wp-content\/uploads\/2025\/04\/BioLock-Cassetti.jpg\",\"contentUrl\":\"https:\/\/www.omrserrature.it\/wp-content\/uploads\/2025\/04\/BioLock-Cassetti.jpg\",\"width\":1000,\"height\":1000,\"caption\":\"Biometrisches Schloss mit Fingerabdruck f\u00fcr Schubladen und Schubladenschr\u00e4nke\"},{\"@type\":\"BreadcrumbList\",\"@id\":\"https:\/\/www.omrserrature.it\/de\/produkt\/biometrisches-schloss-fur-fingerabdrucke-biolock-copia\/#breadcrumb\",\"itemListElement\":[{\"@type\":\"ListItem\",\"position\":1,\"name\":\"Home\",\"item\":\"https:\/\/www.omrserrature.it\/de\/omr-serrature-sistemi-chiusura\/\"},{\"@type\":\"ListItem\",\"position\":2,\"name\":\"Katalog\",\"item\":\"https:\/\/www.omrserrature.it\/katalog\/?lang=de\"},{\"@type\":\"ListItem\",\"position\":3,\"name\":\"Produkte\",\"item\":\"https:\/\/www.omrserrature.it\/de\/katalog\/produkte\/\"},{\"@type\":\"ListItem\",\"position\":4,\"name\":\"Schloesser\",\"item\":\"https:\/\/www.omrserrature.it\/de\/katalog\/produkte\/schloesser\/\"},{\"@type\":\"ListItem\",\"position\":5,\"name\":\"Elektronische Schl\u00f6sser f\u00fcr Schlie\u00dff\u00e4cher, Schubladen, T\u00fcren\",\"item\":\"https:\/\/www.omrserrature.it\/de\/katalog\/produkte\/schloesser\/elektronische-schlosser-fur-schliesfacher-schubladen-turen\/\"},{\"@type\":\"ListItem\",\"position\":6,\"name\":\"Biometrisches Schloss mit Fingerabdruck f\u00fcr Schubladen &#8211; BioLock Drawers\"}]},{\"@type\":\"WebSite\",\"@id\":\"https:\/\/www.omrserrature.it\/de\/#website\",\"url\":\"https:\/\/www.omrserrature.it\/de\/\",\"name\":\"OMR Serrature | Produzione sistemi di chiusura\",\"description\":\"Produzione serrature di sicurezza e sistemi di chiusura\",\"publisher\":{\"@id\":\"https:\/\/www.omrserrature.it\/de\/#organization\"},\"potentialAction\":[{\"@type\":\"SearchAction\",\"target\":{\"@type\":\"EntryPoint\",\"urlTemplate\":\"https:\/\/www.omrserrature.it\/de\/?s={search_term_string}\"},\"query-input\":{\"@type\":\"PropertyValueSpecification\",\"valueRequired\":true,\"valueName\":\"search_term_string\"}}],\"inLanguage\":\"de\"},{\"@type\":\"Organization\",\"@id\":\"https:\/\/www.omrserrature.it\/de\/#organization\",\"name\":\"OMR Serrature | Produzione sistemi di chiusura\",\"url\":\"https:\/\/www.omrserrature.it\/de\/\",\"logo\":{\"@type\":\"ImageObject\",\"inLanguage\":\"de\",\"@id\":\"https:\/\/www.omrserrature.it\/de\/#\/schema\/logo\/image\/\",\"url\":\"https:\/\/www.omrserrature.it\/wp-content\/uploads\/2017\/09\/favicon-omr-114.png\",\"contentUrl\":\"https:\/\/www.omrserrature.it\/wp-content\/uploads\/2017\/09\/favicon-omr-114.png\",\"width\":114,\"height\":114,\"caption\":\"OMR Serrature | Produzione sistemi di chiusura\"},\"image\":{\"@id\":\"https:\/\/www.omrserrature.it\/de\/#\/schema\/logo\/image\/\"},\"sameAs\":[\"https:\/\/www.facebook.com\/OMRserrature\",\"https:\/\/www.linkedin.com\/company\/omrserrature\/\",\"https:\/\/www.youtube.com\/channel\/UCxmA85z2R0EpG_6IRokiAkg\"]}]}<\/script>\n<!-- \/ Yoast SEO plugin. -->","yoast_head_json":{"title":"Biometrisches Drehriegel-Schloss f\u00fcr Schubladen | BioLock OMR","description":"Biometrisches Drehriegel-Schloss f\u00fcr Schubladen, bis zu 20 Benutzer. Wiederaufladbare intelligente L\u00f6sung f\u00fcr B\u00fcros, Werkst\u00e4tten und Schlie\u00dff\u00e4cher. Die Batterie h\u00e4lt monatelang.","robots":{"index":"index","follow":"follow","max-snippet":"max-snippet:-1","max-image-preview":"max-image-preview:large","max-video-preview":"max-video-preview:-1"},"canonical":"https:\/\/www.omrserrature.it\/de\/produkt\/biometrisches-schloss-fur-fingerabdrucke-biolock-copia\/","og_locale":"de_DE","og_type":"article","og_title":"Biometrisches Drehriegel-Schloss f\u00fcr Schubladen | BioLock OMR","og_description":"Biometrisches Drehriegel-Schloss f\u00fcr Schubladen, bis zu 20 Benutzer. Wiederaufladbare intelligente L\u00f6sung f\u00fcr B\u00fcros, Werkst\u00e4tten und Schlie\u00dff\u00e4cher. Die Batterie h\u00e4lt monatelang.","og_url":"https:\/\/www.omrserrature.it\/de\/produkt\/biometrisches-schloss-fur-fingerabdrucke-biolock-copia\/","og_site_name":"OMR Serrature | Produzione sistemi di chiusura","article_publisher":"https:\/\/www.facebook.com\/OMRserrature","article_modified_time":"2026-04-08T09:09:08+00:00","og_image":[{"width":1000,"height":1000,"url":"https:\/\/www.omrserrature.it\/wp-content\/uploads\/2025\/04\/BioLock-Cassetti.jpg","type":"image\/jpeg"}],"twitter_card":"summary_large_image","twitter_misc":{"Gesch\u00e4tzte Lesezeit":"5\u00a0Minuten"},"schema":{"@context":"https:\/\/schema.org","@graph":[{"@type":"WebPage","@id":"https:\/\/www.omrserrature.it\/de\/produkt\/biometrisches-schloss-fur-fingerabdrucke-biolock-copia\/","url":"https:\/\/www.omrserrature.it\/de\/produkt\/biometrisches-schloss-fur-fingerabdrucke-biolock-copia\/","name":"Biometrisches Drehriegel-Schloss f\u00fcr Schubladen | BioLock OMR","isPartOf":{"@id":"https:\/\/www.omrserrature.it\/de\/#website"},"primaryImageOfPage":{"@id":"https:\/\/www.omrserrature.it\/de\/produkt\/biometrisches-schloss-fur-fingerabdrucke-biolock-copia\/#primaryimage"},"image":{"@id":"https:\/\/www.omrserrature.it\/de\/produkt\/biometrisches-schloss-fur-fingerabdrucke-biolock-copia\/#primaryimage"},"thumbnailUrl":"https:\/\/www.omrserrature.it\/wp-content\/uploads\/2025\/04\/BioLock-Cassetti.jpg","datePublished":"2025-04-23T10:51:14+00:00","dateModified":"2026-04-08T09:09:08+00:00","description":"Biometrisches Drehriegel-Schloss f\u00fcr Schubladen, bis zu 20 Benutzer. Wiederaufladbare intelligente L\u00f6sung f\u00fcr B\u00fcros, Werkst\u00e4tten und Schlie\u00dff\u00e4cher. Die Batterie h\u00e4lt monatelang.","breadcrumb":{"@id":"https:\/\/www.omrserrature.it\/de\/produkt\/biometrisches-schloss-fur-fingerabdrucke-biolock-copia\/#breadcrumb"},"inLanguage":"de","potentialAction":[{"@type":"ReadAction","target":["https:\/\/www.omrserrature.it\/de\/produkt\/biometrisches-schloss-fur-fingerabdrucke-biolock-copia\/"]}]},{"@type":"ImageObject","inLanguage":"de","@id":"https:\/\/www.omrserrature.it\/de\/produkt\/biometrisches-schloss-fur-fingerabdrucke-biolock-copia\/#primaryimage","url":"https:\/\/www.omrserrature.it\/wp-content\/uploads\/2025\/04\/BioLock-Cassetti.jpg","contentUrl":"https:\/\/www.omrserrature.it\/wp-content\/uploads\/2025\/04\/BioLock-Cassetti.jpg","width":1000,"height":1000,"caption":"Biometrisches Schloss mit Fingerabdruck f\u00fcr Schubladen und Schubladenschr\u00e4nke"},{"@type":"BreadcrumbList","@id":"https:\/\/www.omrserrature.it\/de\/produkt\/biometrisches-schloss-fur-fingerabdrucke-biolock-copia\/#breadcrumb","itemListElement":[{"@type":"ListItem","position":1,"name":"Home","item":"https:\/\/www.omrserrature.it\/de\/omr-serrature-sistemi-chiusura\/"},{"@type":"ListItem","position":2,"name":"Katalog","item":"https:\/\/www.omrserrature.it\/katalog\/?lang=de"},{"@type":"ListItem","position":3,"name":"Produkte","item":"https:\/\/www.omrserrature.it\/de\/katalog\/produkte\/"},{"@type":"ListItem","position":4,"name":"Schloesser","item":"https:\/\/www.omrserrature.it\/de\/katalog\/produkte\/schloesser\/"},{"@type":"ListItem","position":5,"name":"Elektronische Schl\u00f6sser f\u00fcr Schlie\u00dff\u00e4cher, Schubladen, T\u00fcren","item":"https:\/\/www.omrserrature.it\/de\/katalog\/produkte\/schloesser\/elektronische-schlosser-fur-schliesfacher-schubladen-turen\/"},{"@type":"ListItem","position":6,"name":"Biometrisches Schloss mit Fingerabdruck f\u00fcr Schubladen &#8211; BioLock Drawers"}]},{"@type":"WebSite","@id":"https:\/\/www.omrserrature.it\/de\/#website","url":"https:\/\/www.omrserrature.it\/de\/","name":"OMR Serrature | Produzione sistemi di chiusura","description":"Produzione serrature di sicurezza e sistemi di chiusura","publisher":{"@id":"https:\/\/www.omrserrature.it\/de\/#organization"},"potentialAction":[{"@type":"SearchAction","target":{"@type":"EntryPoint","urlTemplate":"https:\/\/www.omrserrature.it\/de\/?s={search_term_string}"},"query-input":{"@type":"PropertyValueSpecification","valueRequired":true,"valueName":"search_term_string"}}],"inLanguage":"de"},{"@type":"Organization","@id":"https:\/\/www.omrserrature.it\/de\/#organization","name":"OMR Serrature | Produzione sistemi di chiusura","url":"https:\/\/www.omrserrature.it\/de\/","logo":{"@type":"ImageObject","inLanguage":"de","@id":"https:\/\/www.omrserrature.it\/de\/#\/schema\/logo\/image\/","url":"https:\/\/www.omrserrature.it\/wp-content\/uploads\/2017\/09\/favicon-omr-114.png","contentUrl":"https:\/\/www.omrserrature.it\/wp-content\/uploads\/2017\/09\/favicon-omr-114.png","width":114,"height":114,"caption":"OMR Serrature | Produzione sistemi di chiusura"},"image":{"@id":"https:\/\/www.omrserrature.it\/de\/#\/schema\/logo\/image\/"},"sameAs":["https:\/\/www.facebook.com\/OMRserrature","https:\/\/www.linkedin.com\/company\/omrserrature\/","https:\/\/www.youtube.com\/channel\/UCxmA85z2R0EpG_6IRokiAkg"]}]}},"_links":{"self":[{"href":"https:\/\/www.omrserrature.it\/de\/wp-json\/wp\/v2\/product\/243632","targetHints":{"allow":["GET"]}}],"collection":[{"href":"https:\/\/www.omrserrature.it\/de\/wp-json\/wp\/v2\/product"}],"about":[{"href":"https:\/\/www.omrserrature.it\/de\/wp-json\/wp\/v2\/types\/product"}],"replies":[{"embeddable":true,"href":"https:\/\/www.omrserrature.it\/de\/wp-json\/wp\/v2\/comments?post=243632"}],"wp:featuredmedia":[{"embeddable":true,"href":"https:\/\/www.omrserrature.it\/de\/wp-json\/wp\/v2\/media\/243639"}],"wp:attachment":[{"href":"https:\/\/www.omrserrature.it\/de\/wp-json\/wp\/v2\/media?parent=243632"}],"wp:term":[{"taxonomy":"product_brand","embeddable":true,"href":"https:\/\/www.omrserrature.it\/de\/wp-json\/wp\/v2\/product_brand?post=243632"},{"taxonomy":"product_cat","embeddable":true,"href":"https:\/\/www.omrserrature.it\/de\/wp-json\/wp\/v2\/product_cat?post=243632"},{"taxonomy":"product_tag","embeddable":true,"href":"https:\/\/www.omrserrature.it\/de\/wp-json\/wp\/v2\/product_tag?post=243632"}],"curies":[{"name":"wp","href":"https:\/\/api.w.org\/{rel}","templated":true}]}}