{"id":243629,"date":"2025-04-23T12:01:29","date_gmt":"2025-04-23T10:01:29","guid":{"rendered":"https:\/\/www.staging6.omrserrature.it\/prodotto\/biometrisches-schloss-fuer-fingerabdruecke-biolock\/"},"modified":"2026-04-08T11:09:04","modified_gmt":"2026-04-08T09:09:04","slug":"biometrisches-schloss-fuer-fingerabdruecke-biolock","status":"publish","type":"product","link":"https:\/\/www.omrserrature.it\/de\/produkt\/biometrisches-schloss-fuer-fingerabdruecke-biolock\/","title":{"rendered":"Biometrisches Schloss f\u00fcr Fingerabdr\u00fccke &#8211; BioLock"},"content":{"rendered":"<p>Das <strong>biometrische Schloss f\u00fcr Fl\u00fcgelt\u00fcren<\/strong> ist die perfekte intelligente L\u00f6sung f\u00fcr Schlie\u00dff\u00e4cher und Umkleider\u00e4ume, die Sicherheit und Komfort in einem hochmodernen Ger\u00e4t vereint. Dank der biometrischen Technologie k\u00f6nnen<strong> bis zu 20 Formen von Fingerabdr\u00fccken<\/strong> registriert werden, zwei f\u00fcr den Administrator und achtzehn f\u00fcr autorisierte Benutzer. Bei der Erstinstallation kann das Schloss mit jedem beliebigen Fingerabdruck entriegelt werden, w\u00e4hrend nach der Konfiguration nur noch die gespeicherten Fingerabdr\u00fccke das \u00d6ffnen des Ger\u00e4ts erm\u00f6glichen. Die ersten beiden gespeicherten Fingerabdr\u00fccke sind die des Administrators, der mit einem einfachen Scan des Fingerabdrucks die volle Kontrolle \u00fcber die Autorisierung oder den Entzug des Zugangs hat.   <\/p>\n<h2>BioLock ist das dauerhafte Schloss f\u00fcr Fingerabdr\u00fccke<\/h2>\n<p>Das aus einer <strong>robusten Zinklegierung<\/strong> gefertigte und von einem Elektromotor angetriebene Schloss bietet optimale Leistung auch unter rauen Umgebungsbedingungen mit einer Betriebstemperatur von -20\u00b0C bis +85\u00b0C und einer Umgebungsfeuchtigkeit zwischen 10% und 90%. Das intelligente Schloss wird von einer wiederaufladbaren 150mAh-Lithiumbatterie betrieben, die bei zwei \u00d6ffnungen pro Tag eine <strong>Nutzungsdauer von bis zu vier Monaten<\/strong> erm\u00f6glicht. <\/p>\n<p>Das Ger\u00e4t ist mit einem praktischen USB-Typ-C-Ladeanschluss ausgestattet, mit einer vollen Ladezeit von 2,5 Stunden. Eine Ladung von nur 1 Stunde erm\u00f6glicht eine Standby-Zeit von bis zu 180 Tagen. Im Falle eines vollst\u00e4ndig entladenen Akkus bleiben die gespeicherten Fingerabdr\u00fccke erhalten, so dass Sie sich keine Sorgen machen m\u00fcssen, den Zugriff zu verlieren.  <\/p>\n<h2>Das intelligente Schloss, das ohne \u00c4nderungen an T\u00fcren oder Fl\u00fcgeln installiert werden kann<\/h2>\n<p>Das Drehriegel <strong>von BioLock ist mit den L\u00f6chern kompatibel, die bereits<\/strong> an den meisten auf dem Markt befindlichen Schr\u00e4nken und Spinden <strong>vorhanden sind<\/strong>. Um einen Sprung in die Zukunft zu machen, entfernen Sie einfach das alte mechanische Schloss und befestigen BioLock mit der Gewindemutter an der M\u00f6belt\u00fcr. BioLock wurde von unseren Sicherheitsprofis entwickelt und hat daher einen Vorsprung gegen\u00fcber seinen Mitbewerbern: Das quadratische 7er-Terminal erm\u00f6glicht den Einbau von geraden, gekr\u00f6pften und geknickten Zungen unterschiedlicher L\u00e4nge, um <strong>eine noch nie dagewesene Kompatibilit\u00e4t mit bereits installierten mechanischen Schl\u00f6ssern<\/strong> zu gew\u00e4hrleisten. BioLock kann sich ohne bauliche Eingriffe an Ihre Schlie\u00dff\u00e4cher und Schr\u00e4nke anpassen, auch wenn diese nicht der Norm entsprechen. Die kompakten Abmessungen und das minimalistische, geradlinige Design machen dieses Schloss f\u00fcr Fingerabdr\u00fccke nicht nur zu einer technologisch fortschrittlichen L\u00f6sung, sondern auch zu einem stilvollen Accessoire f\u00fcr alle, die eine raffinierte \u00c4sthetik sch\u00e4tzen. Perfekt f\u00fcr alle, die Funktionalit\u00e4t suchen, ohne auf Eleganz zu verzichten, verleiht dieses kleine intelligente Schloss <strong>jeder Umgebung einen Hauch von Modernit\u00e4t und Klasse<\/strong>.     <\/p>\n<h2>Benutzerfreundliche Technologie: das leicht einzustellende biometrische Schloss<\/h2>\n<p>Sobald Sie Ihr neues BioLock physisch installiert haben, k\u00f6nnen Sie die ersten beiden Formen registrieren, die mit administrativen Rechten ausgestattet sind und mit denen Sie andere Benutzer hinzuf\u00fcgen oder entfernen k\u00f6nnen.<\/p>\n<h3 style=\"font-size: 18px\">Formular des Administrators hinzuf\u00fcgen<\/h3>\n<p>Bei der ersten Inbetriebnahme oder nach einem Reset des Schlosses ist es m\u00f6glich, die ersten beiden Formen mit Administratorrechten einzugeben. Vergewissern Sie sich, dass das Schloss aufgeladen ist, bevor Sie mit dem Einlesen fortfahren. <\/p>\n<ol>\n<li>Legen Sie Ihren Finger f\u00fcr 5 Sekunden auf den Sensor. Die blauen LEDs leuchten auf. Entfernen Sie Ihren Finger vom Sensor.  <\/li>\n<li>Legen Sie Ihren Finger erneut auf, bis die LEDs<em> zweimal<\/em> blinken, um die korrekte Erfassung zu best\u00e4tigen. Entfernen Sie den Finger. <\/li>\n<li>Wiederholen Sie den Vorgang f\u00fcnfmal, indem Sie die Position Ihres Fingers ein wenig ver\u00e4ndern. Danach blinken die LEDs dreimal auf, um Ihnen die Speicherung zu best\u00e4tigen.<\/li>\n<\/ol>\n<p>Sie k\u00f6nnen den Vorgang nun mit einem anderen Finger des Administrators wiederholen, und Sie haben den Master-Zugang Ihres Smart Locks eingerichtet. Der Administrator kann jeden der beiden gespeicherten Finger verwenden, um vom Schloss erkannt zu werden. <\/p>\n<h3 style=\"font-size: 18px\">Hinzuf\u00fcgen eines neuen Benutzer-Footprints<\/h3>\n<p>Das biometrische Drehriegel von BioLock bietet Ihnen die M\u00f6glichkeit, <strong>bis zu 18 verschiedene Benutzer<\/strong> zu registrieren. Die Anwesenheit des Administrators ist nur f\u00fcr das Einrichten eines neuen Benutzers erforderlich. <\/p>\n<ol>\n<li>Legen Sie <strong>den Finger des Administrators<\/strong> f\u00fcr 5 Sekunden auf den Sensor. Die blauen LEDs leuchten auf. Entfernen Sie Ihren Finger vom Sensor.  <\/li>\n<li>Lassen Sie <strong>den Finger des Benutzers<\/strong> ruhen, bis die LEDs zweimal blinken, und entfernen Sie dann den Finger.<\/li>\n<li>Wiederholen Sie den Vorgang f\u00fcnfmal, indem Sie die Position Ihres Fingers ein wenig ver\u00e4ndern. Danach blinken die LEDs dreimal auf, um Ihnen die Speicherung zu best\u00e4tigen.<\/li>\n<\/ol>\n<p><strong>Wenn etwas schief geht?<\/strong><\/p>\n<p>Wenn die LEDs rot leuchten, signalisieren sie, dass die Form des Fingerabdrucks nicht korrekt erfasst wurde. Nehmen Sie Ihren Finger einfach vom biometrischen Sensor und legen Sie ihn erneut auf. Achten Sie darauf, ihn w\u00e4hrend des Scannens ruhig zu halten. <\/p>\n<h2>Das beste biometrische digitale Schloss f\u00fcr Unternehmen<\/h2>\n<p>BioLock ist das intelligente Schloss f\u00fcr Fingerabdr\u00fccke, das die Art und Weise ver\u00e4ndert, wie Sie die Sicherheit Ihrer Spinde und Umkleider\u00e4ume aller Art verwalten. Dieses wiederaufladbare biometrische Schloss ist sicher, praktisch und unglaublich vielseitig. Es bietet eine intuitive und zuverl\u00e4ssige Zugangskontrolle und bietet gleichzeitig Schutz, ohne auf \u00c4sthetik zu verzichten. Dank seiner fortschrittlichen Technologie und seiner Benutzerfreundlichkeit macht BioLock die Verwendung von Schl\u00fcsseln oder Kombinationen \u00fcberfl\u00fcssig und erm\u00f6glicht es Ihnen, Ihre Schl\u00f6sser mit einer einfachen Ber\u00fchrung zu \u00f6ffnen. Entscheiden Sie sich f\u00fcr Innovation und machen Sie einen Schritt in die Zukunft der Sicherheit mit BioLock von OMR Locks.   <\/p>\n","protected":false},"excerpt":{"rendered":"<p>BioLock ist das intelligente Schloss mit Fingerabdr\u00fccken f\u00fcr Schlie\u00dff\u00e4cher und Umkleider\u00e4ume aller Art: kompakt, elegant und sicher. Es registriert bis zu 20 Formen von Fingerabdr\u00fccken (2 Administratoren und 18 Benutzer), arbeitet mit einer wiederaufladbaren Batterie und h\u00e4lt extremen Temperaturen stand. Dank seiner Kompatibilit\u00e4t mit Standardl\u00f6chern kann er ohne bauliche Ver\u00e4nderungen installiert werden und l\u00e4sst sich einfach per USB-C-Kabel aufladen. Ideal f\u00fcr alle, die Technologie, Stil und Praktikabilit\u00e4t in einem hochmodernen Ger\u00e4t suchen, das sich von anderen abhebt.   <\/p>\n","protected":false},"featured_media":243615,"comment_status":"closed","ping_status":"closed","template":"","meta":{"_acf_changed":false,"_et_pb_use_builder":"","_et_pb_old_content":"","_et_gb_content_width":""},"product_brand":[],"product_cat":[3774,3791,3876,3825,3861,3864,3820,3835,3860],"product_tag":[],"class_list":{"0":"post-243629","1":"product","2":"type-product","3":"status-publish","4":"has-post-thumbnail","6":"product_cat-burogebaude","7":"product_cat-elektronische-schlosser-fur-schliesfacher-schubladen-turen","8":"product_cat-flugelturen","9":"product_cat-hebel-schlosser","10":"product_cat-mobelturen","11":"product_cat-schliesfacher-fur-schliesfacher","12":"product_cat-schlosser-fur-fingerabdrucke","13":"product_cat-schlosser-fur-mobel","14":"product_cat-turschlosser","16":"first","17":"instock","18":"shipping-taxable","19":"product-type-simple"},"acf":{"pdf1":"https:\/\/www.omrserrature.it\/wp-content\/uploads\/schede\/Scheda_BL165580.pdf"},"yoast_head":"<!-- This site is optimized with the Yoast SEO plugin v27.5 - https:\/\/yoast.com\/product\/yoast-seo-wordpress\/ -->\n<title>Biometrisches Schloss f\u00fcr Fingerabdr\u00fccke - BioLock - OMR Serrature<\/title>\n<meta name=\"robots\" content=\"index, follow, max-snippet:-1, max-image-preview:large, max-video-preview:-1\" \/>\n<link rel=\"canonical\" href=\"https:\/\/www.omrserrature.it\/de\/produkt\/biometrisches-schloss-fuer-fingerabdruecke-biolock\/\" \/>\n<meta property=\"og:locale\" content=\"de_DE\" \/>\n<meta property=\"og:type\" content=\"article\" \/>\n<meta property=\"og:title\" content=\"Biometrisches Schloss f\u00fcr Fingerabdr\u00fccke - BioLock - OMR Serrature\" \/>\n<meta property=\"og:description\" content=\"BioLock ist das intelligente Schloss mit Fingerabdr\u00fccken f\u00fcr Schlie\u00dff\u00e4cher und Umkleider\u00e4ume aller Art: kompakt, elegant und sicher. Es registriert bis zu 20 Formen von Fingerabdr\u00fccken (2 Administratoren und 18 Benutzer), arbeitet mit einer wiederaufladbaren Batterie und h\u00e4lt extremen Temperaturen stand. Dank seiner Kompatibilit\u00e4t mit Standardl\u00f6chern kann er ohne bauliche Ver\u00e4nderungen installiert werden und l\u00e4sst sich einfach per USB-C-Kabel aufladen. Ideal f\u00fcr alle, die Technologie, Stil und Praktikabilit\u00e4t in einem hochmodernen Ger\u00e4t suchen, das sich von anderen abhebt.\" \/>\n<meta property=\"og:url\" content=\"https:\/\/www.omrserrature.it\/de\/produkt\/biometrisches-schloss-fuer-fingerabdruecke-biolock\/\" \/>\n<meta property=\"og:site_name\" content=\"OMR Serrature | Produzione sistemi di chiusura\" \/>\n<meta property=\"article:publisher\" content=\"https:\/\/www.facebook.com\/OMRserrature\" \/>\n<meta property=\"article:modified_time\" content=\"2026-04-08T09:09:04+00:00\" \/>\n<meta property=\"og:image\" content=\"https:\/\/www.omrserrature.it\/wp-content\/uploads\/2025\/04\/Biolock-OMR.jpg\" \/>\n\t<meta property=\"og:image:width\" content=\"1000\" \/>\n\t<meta property=\"og:image:height\" content=\"1000\" \/>\n\t<meta property=\"og:image:type\" content=\"image\/jpeg\" \/>\n<meta name=\"twitter:card\" content=\"summary_large_image\" \/>\n<meta name=\"twitter:label1\" content=\"Gesch\u00e4tzte Lesezeit\" \/>\n\t<meta name=\"twitter:data1\" content=\"4\u00a0Minuten\" \/>\n<script type=\"application\/ld+json\" class=\"yoast-schema-graph\">{\"@context\":\"https:\\\/\\\/schema.org\",\"@graph\":[{\"@type\":\"WebPage\",\"@id\":\"https:\\\/\\\/www.omrserrature.it\\\/de\\\/produkt\\\/biometrisches-schloss-fuer-fingerabdruecke-biolock\\\/\",\"url\":\"https:\\\/\\\/www.omrserrature.it\\\/de\\\/produkt\\\/biometrisches-schloss-fuer-fingerabdruecke-biolock\\\/\",\"name\":\"Biometrisches Schloss f\u00fcr Fingerabdr\u00fccke - BioLock - OMR Serrature\",\"isPartOf\":{\"@id\":\"https:\\\/\\\/www.omrserrature.it\\\/de\\\/#website\"},\"primaryImageOfPage\":{\"@id\":\"https:\\\/\\\/www.omrserrature.it\\\/de\\\/produkt\\\/biometrisches-schloss-fuer-fingerabdruecke-biolock\\\/#primaryimage\"},\"image\":{\"@id\":\"https:\\\/\\\/www.omrserrature.it\\\/de\\\/produkt\\\/biometrisches-schloss-fuer-fingerabdruecke-biolock\\\/#primaryimage\"},\"thumbnailUrl\":\"https:\\\/\\\/www.omrserrature.it\\\/wp-content\\\/uploads\\\/2025\\\/04\\\/Biolock-OMR.jpg\",\"datePublished\":\"2025-04-23T10:01:29+00:00\",\"dateModified\":\"2026-04-08T09:09:04+00:00\",\"breadcrumb\":{\"@id\":\"https:\\\/\\\/www.omrserrature.it\\\/de\\\/produkt\\\/biometrisches-schloss-fuer-fingerabdruecke-biolock\\\/#breadcrumb\"},\"inLanguage\":\"de\",\"potentialAction\":[{\"@type\":\"ReadAction\",\"target\":[\"https:\\\/\\\/www.omrserrature.it\\\/de\\\/produkt\\\/biometrisches-schloss-fuer-fingerabdruecke-biolock\\\/\"]}]},{\"@type\":\"ImageObject\",\"inLanguage\":\"de\",\"@id\":\"https:\\\/\\\/www.omrserrature.it\\\/de\\\/produkt\\\/biometrisches-schloss-fuer-fingerabdruecke-biolock\\\/#primaryimage\",\"url\":\"https:\\\/\\\/www.omrserrature.it\\\/wp-content\\\/uploads\\\/2025\\\/04\\\/Biolock-OMR.jpg\",\"contentUrl\":\"https:\\\/\\\/www.omrserrature.it\\\/wp-content\\\/uploads\\\/2025\\\/04\\\/Biolock-OMR.jpg\",\"width\":1000,\"height\":1000,\"caption\":\"Schloss f\u00fcr Fingerabdr\u00fccke. Biometrisches Schloss. Biolock von OMR Schloss.\"},{\"@type\":\"BreadcrumbList\",\"@id\":\"https:\\\/\\\/www.omrserrature.it\\\/de\\\/produkt\\\/biometrisches-schloss-fuer-fingerabdruecke-biolock\\\/#breadcrumb\",\"itemListElement\":[{\"@type\":\"ListItem\",\"position\":1,\"name\":\"Home\",\"item\":\"https:\\\/\\\/www.omrserrature.it\\\/de\\\/omr-serrature-sistemi-chiusura\\\/\"},{\"@type\":\"ListItem\",\"position\":2,\"name\":\"Katalog\",\"item\":\"https:\\\/\\\/www.omrserrature.it\\\/katalog\\\/?lang=de\"},{\"@type\":\"ListItem\",\"position\":3,\"name\":\"Produkte\",\"item\":\"https:\\\/\\\/www.omrserrature.it\\\/de\\\/katalog\\\/produkte\\\/\"},{\"@type\":\"ListItem\",\"position\":4,\"name\":\"Schloesser\",\"item\":\"https:\\\/\\\/www.omrserrature.it\\\/de\\\/katalog\\\/produkte\\\/schloesser\\\/\"},{\"@type\":\"ListItem\",\"position\":5,\"name\":\"Elektronische Schl\u00f6sser f\u00fcr Schlie\u00dff\u00e4cher, Schubladen, T\u00fcren\",\"item\":\"https:\\\/\\\/www.omrserrature.it\\\/de\\\/katalog\\\/produkte\\\/schloesser\\\/elektronische-schlosser-fur-schliesfacher-schubladen-turen\\\/\"},{\"@type\":\"ListItem\",\"position\":6,\"name\":\"Biometrisches Schloss f\u00fcr Fingerabdr\u00fccke &#8211; BioLock\"}]},{\"@type\":\"WebSite\",\"@id\":\"https:\\\/\\\/www.omrserrature.it\\\/de\\\/#website\",\"url\":\"https:\\\/\\\/www.omrserrature.it\\\/de\\\/\",\"name\":\"OMR Serrature | Produzione sistemi di chiusura\",\"description\":\"Produzione serrature di sicurezza e sistemi di chiusura\",\"publisher\":{\"@id\":\"https:\\\/\\\/www.omrserrature.it\\\/de\\\/#organization\"},\"potentialAction\":[{\"@type\":\"SearchAction\",\"target\":{\"@type\":\"EntryPoint\",\"urlTemplate\":\"https:\\\/\\\/www.omrserrature.it\\\/de\\\/?s={search_term_string}\"},\"query-input\":{\"@type\":\"PropertyValueSpecification\",\"valueRequired\":true,\"valueName\":\"search_term_string\"}}],\"inLanguage\":\"de\"},{\"@type\":\"Organization\",\"@id\":\"https:\\\/\\\/www.omrserrature.it\\\/de\\\/#organization\",\"name\":\"OMR Serrature | Produzione sistemi di chiusura\",\"url\":\"https:\\\/\\\/www.omrserrature.it\\\/de\\\/\",\"logo\":{\"@type\":\"ImageObject\",\"inLanguage\":\"de\",\"@id\":\"https:\\\/\\\/www.omrserrature.it\\\/de\\\/#\\\/schema\\\/logo\\\/image\\\/\",\"url\":\"https:\\\/\\\/www.omrserrature.it\\\/wp-content\\\/uploads\\\/2017\\\/09\\\/favicon-omr-114.png\",\"contentUrl\":\"https:\\\/\\\/www.omrserrature.it\\\/wp-content\\\/uploads\\\/2017\\\/09\\\/favicon-omr-114.png\",\"width\":114,\"height\":114,\"caption\":\"OMR Serrature | Produzione sistemi di chiusura\"},\"image\":{\"@id\":\"https:\\\/\\\/www.omrserrature.it\\\/de\\\/#\\\/schema\\\/logo\\\/image\\\/\"},\"sameAs\":[\"https:\\\/\\\/www.facebook.com\\\/OMRserrature\",\"https:\\\/\\\/www.linkedin.com\\\/company\\\/omrserrature\\\/\",\"https:\\\/\\\/www.youtube.com\\\/channel\\\/UCxmA85z2R0EpG_6IRokiAkg\"]}]}<\/script>\n<!-- \/ Yoast SEO plugin. -->","yoast_head_json":{"title":"Biometrisches Schloss f\u00fcr Fingerabdr\u00fccke - BioLock - OMR Serrature","robots":{"index":"index","follow":"follow","max-snippet":"max-snippet:-1","max-image-preview":"max-image-preview:large","max-video-preview":"max-video-preview:-1"},"canonical":"https:\/\/www.omrserrature.it\/de\/produkt\/biometrisches-schloss-fuer-fingerabdruecke-biolock\/","og_locale":"de_DE","og_type":"article","og_title":"Biometrisches Schloss f\u00fcr Fingerabdr\u00fccke - BioLock - OMR Serrature","og_description":"BioLock ist das intelligente Schloss mit Fingerabdr\u00fccken f\u00fcr Schlie\u00dff\u00e4cher und Umkleider\u00e4ume aller Art: kompakt, elegant und sicher. Es registriert bis zu 20 Formen von Fingerabdr\u00fccken (2 Administratoren und 18 Benutzer), arbeitet mit einer wiederaufladbaren Batterie und h\u00e4lt extremen Temperaturen stand. Dank seiner Kompatibilit\u00e4t mit Standardl\u00f6chern kann er ohne bauliche Ver\u00e4nderungen installiert werden und l\u00e4sst sich einfach per USB-C-Kabel aufladen. Ideal f\u00fcr alle, die Technologie, Stil und Praktikabilit\u00e4t in einem hochmodernen Ger\u00e4t suchen, das sich von anderen abhebt.","og_url":"https:\/\/www.omrserrature.it\/de\/produkt\/biometrisches-schloss-fuer-fingerabdruecke-biolock\/","og_site_name":"OMR Serrature | Produzione sistemi di chiusura","article_publisher":"https:\/\/www.facebook.com\/OMRserrature","article_modified_time":"2026-04-08T09:09:04+00:00","og_image":[{"width":1000,"height":1000,"url":"https:\/\/www.omrserrature.it\/wp-content\/uploads\/2025\/04\/Biolock-OMR.jpg","type":"image\/jpeg"}],"twitter_card":"summary_large_image","twitter_misc":{"Gesch\u00e4tzte Lesezeit":"4\u00a0Minuten"},"schema":{"@context":"https:\/\/schema.org","@graph":[{"@type":"WebPage","@id":"https:\/\/www.omrserrature.it\/de\/produkt\/biometrisches-schloss-fuer-fingerabdruecke-biolock\/","url":"https:\/\/www.omrserrature.it\/de\/produkt\/biometrisches-schloss-fuer-fingerabdruecke-biolock\/","name":"Biometrisches Schloss f\u00fcr Fingerabdr\u00fccke - BioLock - OMR Serrature","isPartOf":{"@id":"https:\/\/www.omrserrature.it\/de\/#website"},"primaryImageOfPage":{"@id":"https:\/\/www.omrserrature.it\/de\/produkt\/biometrisches-schloss-fuer-fingerabdruecke-biolock\/#primaryimage"},"image":{"@id":"https:\/\/www.omrserrature.it\/de\/produkt\/biometrisches-schloss-fuer-fingerabdruecke-biolock\/#primaryimage"},"thumbnailUrl":"https:\/\/www.omrserrature.it\/wp-content\/uploads\/2025\/04\/Biolock-OMR.jpg","datePublished":"2025-04-23T10:01:29+00:00","dateModified":"2026-04-08T09:09:04+00:00","breadcrumb":{"@id":"https:\/\/www.omrserrature.it\/de\/produkt\/biometrisches-schloss-fuer-fingerabdruecke-biolock\/#breadcrumb"},"inLanguage":"de","potentialAction":[{"@type":"ReadAction","target":["https:\/\/www.omrserrature.it\/de\/produkt\/biometrisches-schloss-fuer-fingerabdruecke-biolock\/"]}]},{"@type":"ImageObject","inLanguage":"de","@id":"https:\/\/www.omrserrature.it\/de\/produkt\/biometrisches-schloss-fuer-fingerabdruecke-biolock\/#primaryimage","url":"https:\/\/www.omrserrature.it\/wp-content\/uploads\/2025\/04\/Biolock-OMR.jpg","contentUrl":"https:\/\/www.omrserrature.it\/wp-content\/uploads\/2025\/04\/Biolock-OMR.jpg","width":1000,"height":1000,"caption":"Schloss f\u00fcr Fingerabdr\u00fccke. Biometrisches Schloss. Biolock von OMR Schloss."},{"@type":"BreadcrumbList","@id":"https:\/\/www.omrserrature.it\/de\/produkt\/biometrisches-schloss-fuer-fingerabdruecke-biolock\/#breadcrumb","itemListElement":[{"@type":"ListItem","position":1,"name":"Home","item":"https:\/\/www.omrserrature.it\/de\/omr-serrature-sistemi-chiusura\/"},{"@type":"ListItem","position":2,"name":"Katalog","item":"https:\/\/www.omrserrature.it\/katalog\/?lang=de"},{"@type":"ListItem","position":3,"name":"Produkte","item":"https:\/\/www.omrserrature.it\/de\/katalog\/produkte\/"},{"@type":"ListItem","position":4,"name":"Schloesser","item":"https:\/\/www.omrserrature.it\/de\/katalog\/produkte\/schloesser\/"},{"@type":"ListItem","position":5,"name":"Elektronische Schl\u00f6sser f\u00fcr Schlie\u00dff\u00e4cher, Schubladen, T\u00fcren","item":"https:\/\/www.omrserrature.it\/de\/katalog\/produkte\/schloesser\/elektronische-schlosser-fur-schliesfacher-schubladen-turen\/"},{"@type":"ListItem","position":6,"name":"Biometrisches Schloss f\u00fcr Fingerabdr\u00fccke &#8211; BioLock"}]},{"@type":"WebSite","@id":"https:\/\/www.omrserrature.it\/de\/#website","url":"https:\/\/www.omrserrature.it\/de\/","name":"OMR Serrature | Produzione sistemi di chiusura","description":"Produzione serrature di sicurezza e sistemi di chiusura","publisher":{"@id":"https:\/\/www.omrserrature.it\/de\/#organization"},"potentialAction":[{"@type":"SearchAction","target":{"@type":"EntryPoint","urlTemplate":"https:\/\/www.omrserrature.it\/de\/?s={search_term_string}"},"query-input":{"@type":"PropertyValueSpecification","valueRequired":true,"valueName":"search_term_string"}}],"inLanguage":"de"},{"@type":"Organization","@id":"https:\/\/www.omrserrature.it\/de\/#organization","name":"OMR Serrature | Produzione sistemi di chiusura","url":"https:\/\/www.omrserrature.it\/de\/","logo":{"@type":"ImageObject","inLanguage":"de","@id":"https:\/\/www.omrserrature.it\/de\/#\/schema\/logo\/image\/","url":"https:\/\/www.omrserrature.it\/wp-content\/uploads\/2017\/09\/favicon-omr-114.png","contentUrl":"https:\/\/www.omrserrature.it\/wp-content\/uploads\/2017\/09\/favicon-omr-114.png","width":114,"height":114,"caption":"OMR Serrature | Produzione sistemi di chiusura"},"image":{"@id":"https:\/\/www.omrserrature.it\/de\/#\/schema\/logo\/image\/"},"sameAs":["https:\/\/www.facebook.com\/OMRserrature","https:\/\/www.linkedin.com\/company\/omrserrature\/","https:\/\/www.youtube.com\/channel\/UCxmA85z2R0EpG_6IRokiAkg"]}]}},"_links":{"self":[{"href":"https:\/\/www.omrserrature.it\/de\/wp-json\/wp\/v2\/product\/243629","targetHints":{"allow":["GET"]}}],"collection":[{"href":"https:\/\/www.omrserrature.it\/de\/wp-json\/wp\/v2\/product"}],"about":[{"href":"https:\/\/www.omrserrature.it\/de\/wp-json\/wp\/v2\/types\/product"}],"replies":[{"embeddable":true,"href":"https:\/\/www.omrserrature.it\/de\/wp-json\/wp\/v2\/comments?post=243629"}],"wp:featuredmedia":[{"embeddable":true,"href":"https:\/\/www.omrserrature.it\/de\/wp-json\/wp\/v2\/media\/243615"}],"wp:attachment":[{"href":"https:\/\/www.omrserrature.it\/de\/wp-json\/wp\/v2\/media?parent=243629"}],"wp:term":[{"taxonomy":"product_brand","embeddable":true,"href":"https:\/\/www.omrserrature.it\/de\/wp-json\/wp\/v2\/product_brand?post=243629"},{"taxonomy":"product_cat","embeddable":true,"href":"https:\/\/www.omrserrature.it\/de\/wp-json\/wp\/v2\/product_cat?post=243629"},{"taxonomy":"product_tag","embeddable":true,"href":"https:\/\/www.omrserrature.it\/de\/wp-json\/wp\/v2\/product_tag?post=243629"}],"curies":[{"name":"wp","href":"https:\/\/api.w.org\/{rel}","templated":true}]}}