{"id":243605,"date":"2025-04-23T10:45:04","date_gmt":"2025-04-23T08:45:04","guid":{"rendered":"https:\/\/www.staging6.omrserrature.it\/prodotto\/manuelles-schloss-quadrat-7\/"},"modified":"2026-04-08T11:14:16","modified_gmt":"2026-04-08T09:14:16","slug":"manuelles-schloss-quadrat-7","status":"publish","type":"product","link":"https:\/\/www.omrserrature.it\/de\/produkt\/manuelles-schloss-quadrat-7\/","title":{"rendered":"Manuelles Schloss Quadrat 7"},"content":{"rendered":"<p>Das <strong>manuelle Schloss mit quadratischer Form<\/strong> ist komplett aus verzinktem Metalldruckguss gefertigt. Das besondere Merkmal ist die quadratische Form, die die Bewegung des internen Mechanismus erm\u00f6glicht, der den entsprechenden Haken ein- und auskuppeln kann.  Es ist kompakt und dank den 4 Befestigungsbohrungen, ist das Schloss f\u00fcr jede Anwendung geeignet. Es sind zwei Varianten erh\u00e4ltlich: das quadratische manuelle Schloss <strong>mit zwei Schlie\u00dfpositionen<\/strong> offen\/geschlossen und das quadratische manuelle Schloss <strong>mit R\u00fcckholfeder.<\/strong><\/p>\n<p>Das Schloss kann mit Haken und einer Befestigungsplatte ausgestattet werden und <strong>kann auch nach Kundenzeichnungen angefertigt<\/strong> werden, um spezielle Anwendungsanforderungen zu erf\u00fcllen. Die Handhabung kann mit &#8218;\u00d6kologie&#8216;-Steckschl\u00fcsseln, Steckschl\u00fcsseln mit Hammerkopf oder Steckschl\u00fcsseln mit ovalem Kopf erfolgen. <\/p>\n<p>Das Schloss wird h\u00e4ufig an <strong>M\u00fcllcontainern<\/strong> und M\u00fclltonnen auf R\u00e4dern, <strong>Stadtm\u00f6beln<\/strong> oder anderen Abfallbeh\u00e4ltern verwendet. Dank seiner praktischen automatischen Abschlussfunktion wird das Schloss auch h\u00e4ufig an Eisenk\u00e4sten und Inspektionsluken verwendet. <\/p>\n<p>Er ist nicht f\u00fcr M\u00fcllcontainer geeignet, die maschinell geleert werden, da er sich nicht automatisch \u00f6ffnet, wenn der M\u00fcllcontainer gekippt wird. Wenn Sie ein automatisches Schloss ben\u00f6tigen, <a href=\"https:\/\/www.omrserrature.it\/catalogo-omr\/prodotti\/serrature\/serrature-ecologiche\/serrature-gravitazionali\/\">klicken Sie hier.<\/a> <\/p>\n","protected":false},"excerpt":{"rendered":"<p>Das manuelle Drehriegel in quadratischer Form ist kompakt, langlebig und dank seiner 4 Befestigungsl\u00f6cher einfach zu installieren. Es besteht vollst\u00e4ndig aus verzinktem Druckguss und ist in zwei Varianten erh\u00e4ltlich: mit Zweipunktverriegelung oder mit Federr\u00fcckzug. Er eignet sich perfekt f\u00fcr M\u00fclltonnen, K\u00f6rbe und Abfallbeh\u00e4lter und ist mit verschiedenen Steckschl\u00fcsseln kompatibel. Er ist nicht f\u00fcr die maschinelle Entleerung geeignet. Auch in Sonderanfertigungen erh\u00e4ltlich.    <\/p>\n","protected":false},"featured_media":243606,"comment_status":"closed","ping_status":"closed","template":"","meta":{"_acf_changed":false,"_et_pb_use_builder":"","_et_pb_old_content":"","_et_gb_content_width":""},"product_brand":[],"product_cat":[3787,3825,3819,3833,3793,3778,3769],"product_tag":[],"class_list":{"0":"post-243605","1":"product","2":"type-product","3":"status-publish","4":"has-post-thumbnail","6":"product_cat-hakenschlosser","7":"product_cat-hebel-schlosser","8":"product_cat-manuelle-schlosser-fur-mulltonnen-boxen","9":"product_cat-schlosser-fur-mulltonnen-2","10":"product_cat-schlosser-fur-mulltonnen","11":"product_cat-schlosser-mit-ruckholfeder","12":"product_cat-umweltfreundlich-recyceln","14":"first","15":"instock","16":"shipping-taxable","17":"product-type-simple"},"acf":{"pdf1":"https:\/\/www.omrserrature.it\/wp-content\/uploads\/2025\/04\/Scheda-165873.pdf"},"yoast_head":"<!-- This site is optimized with the Yoast SEO plugin v27.2 - https:\/\/yoast.com\/product\/yoast-seo-wordpress\/ -->\n<title>Manuelles Schloss Quadrat 7 - OMR Serrature<\/title>\n<meta name=\"robots\" content=\"index, follow, max-snippet:-1, max-image-preview:large, max-video-preview:-1\" \/>\n<link rel=\"canonical\" href=\"https:\/\/www.omrserrature.it\/de\/produkt\/manuelles-schloss-quadrat-7\/\" \/>\n<meta property=\"og:locale\" content=\"de_DE\" \/>\n<meta property=\"og:type\" content=\"article\" \/>\n<meta property=\"og:title\" content=\"Manuelles Schloss Quadrat 7 - OMR Serrature\" \/>\n<meta property=\"og:description\" content=\"Das manuelle Drehriegel in quadratischer Form ist kompakt, langlebig und dank seiner 4 Befestigungsl\u00f6cher einfach zu installieren. Es besteht vollst\u00e4ndig aus verzinktem Druckguss und ist in zwei Varianten erh\u00e4ltlich: mit Zweipunktverriegelung oder mit Federr\u00fcckzug. Er eignet sich perfekt f\u00fcr M\u00fclltonnen, K\u00f6rbe und Abfallbeh\u00e4lter und ist mit verschiedenen Steckschl\u00fcsseln kompatibel. Er ist nicht f\u00fcr die maschinelle Entleerung geeignet. Auch in Sonderanfertigungen erh\u00e4ltlich.\" \/>\n<meta property=\"og:url\" content=\"https:\/\/www.omrserrature.it\/de\/produkt\/manuelles-schloss-quadrat-7\/\" \/>\n<meta property=\"og:site_name\" content=\"OMR Serrature | Produzione sistemi di chiusura\" \/>\n<meta property=\"article:publisher\" content=\"https:\/\/www.facebook.com\/OMRserrature\" \/>\n<meta property=\"article:modified_time\" content=\"2026-04-08T09:14:16+00:00\" \/>\n<meta property=\"og:image\" content=\"https:\/\/www.omrserrature.it\/wp-content\/uploads\/2024\/07\/165873-web-scaled-1.jpg\" \/>\n\t<meta property=\"og:image:width\" content=\"1200\" \/>\n\t<meta property=\"og:image:height\" content=\"1200\" \/>\n\t<meta property=\"og:image:type\" content=\"image\/jpeg\" \/>\n<meta name=\"twitter:card\" content=\"summary_large_image\" \/>\n<meta name=\"twitter:label1\" content=\"Gesch\u00e4tzte Lesezeit\" \/>\n\t<meta name=\"twitter:data1\" content=\"1\u00a0Minute\" \/>\n<script type=\"application\/ld+json\" class=\"yoast-schema-graph\">{\"@context\":\"https:\/\/schema.org\",\"@graph\":[{\"@type\":\"WebPage\",\"@id\":\"https:\/\/www.omrserrature.it\/de\/produkt\/manuelles-schloss-quadrat-7\/\",\"url\":\"https:\/\/www.omrserrature.it\/de\/produkt\/manuelles-schloss-quadrat-7\/\",\"name\":\"Manuelles Schloss Quadrat 7 - OMR Serrature\",\"isPartOf\":{\"@id\":\"https:\/\/www.omrserrature.it\/de\/#website\"},\"primaryImageOfPage\":{\"@id\":\"https:\/\/www.omrserrature.it\/de\/produkt\/manuelles-schloss-quadrat-7\/#primaryimage\"},\"image\":{\"@id\":\"https:\/\/www.omrserrature.it\/de\/produkt\/manuelles-schloss-quadrat-7\/#primaryimage\"},\"thumbnailUrl\":\"https:\/\/www.omrserrature.it\/wp-content\/uploads\/2024\/07\/165873-web-scaled-1.jpg\",\"datePublished\":\"2025-04-23T08:45:04+00:00\",\"dateModified\":\"2026-04-08T09:14:16+00:00\",\"breadcrumb\":{\"@id\":\"https:\/\/www.omrserrature.it\/de\/produkt\/manuelles-schloss-quadrat-7\/#breadcrumb\"},\"inLanguage\":\"de\",\"potentialAction\":[{\"@type\":\"ReadAction\",\"target\":[\"https:\/\/www.omrserrature.it\/de\/produkt\/manuelles-schloss-quadrat-7\/\"]}]},{\"@type\":\"ImageObject\",\"inLanguage\":\"de\",\"@id\":\"https:\/\/www.omrserrature.it\/de\/produkt\/manuelles-schloss-quadrat-7\/#primaryimage\",\"url\":\"https:\/\/www.omrserrature.it\/wp-content\/uploads\/2024\/07\/165873-web-scaled-1.jpg\",\"contentUrl\":\"https:\/\/www.omrserrature.it\/wp-content\/uploads\/2024\/07\/165873-web-scaled-1.jpg\",\"width\":1200,\"height\":1200,\"caption\":\"165873- Manuelles Schloss f\u00fcr M\u00fclltonnen - nicht automatisch\"},{\"@type\":\"BreadcrumbList\",\"@id\":\"https:\/\/www.omrserrature.it\/de\/produkt\/manuelles-schloss-quadrat-7\/#breadcrumb\",\"itemListElement\":[{\"@type\":\"ListItem\",\"position\":1,\"name\":\"Home\",\"item\":\"https:\/\/www.omrserrature.it\/de\/omr-serrature-sistemi-chiusura\/\"},{\"@type\":\"ListItem\",\"position\":2,\"name\":\"Katalog\",\"item\":\"https:\/\/www.omrserrature.it\/katalog\/?lang=de\"},{\"@type\":\"ListItem\",\"position\":3,\"name\":\"Anwendungen\",\"item\":\"https:\/\/www.omrserrature.it\/de\/katalog\/anwendungen\/\"},{\"@type\":\"ListItem\",\"position\":4,\"name\":\"Schl\u00f6sser f\u00fcr M\u00fclltonnen\",\"item\":\"https:\/\/www.omrserrature.it\/de\/katalog\/anwendungen\/schlosser-fur-mulltonnen-2\/\"},{\"@type\":\"ListItem\",\"position\":5,\"name\":\"Manuelles Schloss Quadrat 7\"}]},{\"@type\":\"WebSite\",\"@id\":\"https:\/\/www.omrserrature.it\/de\/#website\",\"url\":\"https:\/\/www.omrserrature.it\/de\/\",\"name\":\"OMR Serrature | Produzione sistemi di chiusura\",\"description\":\"Produzione serrature di sicurezza e sistemi di chiusura\",\"publisher\":{\"@id\":\"https:\/\/www.omrserrature.it\/de\/#organization\"},\"potentialAction\":[{\"@type\":\"SearchAction\",\"target\":{\"@type\":\"EntryPoint\",\"urlTemplate\":\"https:\/\/www.omrserrature.it\/de\/?s={search_term_string}\"},\"query-input\":{\"@type\":\"PropertyValueSpecification\",\"valueRequired\":true,\"valueName\":\"search_term_string\"}}],\"inLanguage\":\"de\"},{\"@type\":\"Organization\",\"@id\":\"https:\/\/www.omrserrature.it\/de\/#organization\",\"name\":\"OMR Serrature | Produzione sistemi di chiusura\",\"url\":\"https:\/\/www.omrserrature.it\/de\/\",\"logo\":{\"@type\":\"ImageObject\",\"inLanguage\":\"de\",\"@id\":\"https:\/\/www.omrserrature.it\/de\/#\/schema\/logo\/image\/\",\"url\":\"https:\/\/www.omrserrature.it\/wp-content\/uploads\/2017\/09\/favicon-omr-114.png\",\"contentUrl\":\"https:\/\/www.omrserrature.it\/wp-content\/uploads\/2017\/09\/favicon-omr-114.png\",\"width\":114,\"height\":114,\"caption\":\"OMR Serrature | Produzione sistemi di chiusura\"},\"image\":{\"@id\":\"https:\/\/www.omrserrature.it\/de\/#\/schema\/logo\/image\/\"},\"sameAs\":[\"https:\/\/www.facebook.com\/OMRserrature\",\"https:\/\/www.linkedin.com\/company\/omrserrature\/\",\"https:\/\/www.youtube.com\/channel\/UCxmA85z2R0EpG_6IRokiAkg\"]}]}<\/script>\n<!-- \/ Yoast SEO plugin. -->","yoast_head_json":{"title":"Manuelles Schloss Quadrat 7 - OMR Serrature","robots":{"index":"index","follow":"follow","max-snippet":"max-snippet:-1","max-image-preview":"max-image-preview:large","max-video-preview":"max-video-preview:-1"},"canonical":"https:\/\/www.omrserrature.it\/de\/produkt\/manuelles-schloss-quadrat-7\/","og_locale":"de_DE","og_type":"article","og_title":"Manuelles Schloss Quadrat 7 - OMR Serrature","og_description":"Das manuelle Drehriegel in quadratischer Form ist kompakt, langlebig und dank seiner 4 Befestigungsl\u00f6cher einfach zu installieren. Es besteht vollst\u00e4ndig aus verzinktem Druckguss und ist in zwei Varianten erh\u00e4ltlich: mit Zweipunktverriegelung oder mit Federr\u00fcckzug. Er eignet sich perfekt f\u00fcr M\u00fclltonnen, K\u00f6rbe und Abfallbeh\u00e4lter und ist mit verschiedenen Steckschl\u00fcsseln kompatibel. Er ist nicht f\u00fcr die maschinelle Entleerung geeignet. Auch in Sonderanfertigungen erh\u00e4ltlich.","og_url":"https:\/\/www.omrserrature.it\/de\/produkt\/manuelles-schloss-quadrat-7\/","og_site_name":"OMR Serrature | Produzione sistemi di chiusura","article_publisher":"https:\/\/www.facebook.com\/OMRserrature","article_modified_time":"2026-04-08T09:14:16+00:00","og_image":[{"width":1200,"height":1200,"url":"https:\/\/www.omrserrature.it\/wp-content\/uploads\/2024\/07\/165873-web-scaled-1.jpg","type":"image\/jpeg"}],"twitter_card":"summary_large_image","twitter_misc":{"Gesch\u00e4tzte Lesezeit":"1\u00a0Minute"},"schema":{"@context":"https:\/\/schema.org","@graph":[{"@type":"WebPage","@id":"https:\/\/www.omrserrature.it\/de\/produkt\/manuelles-schloss-quadrat-7\/","url":"https:\/\/www.omrserrature.it\/de\/produkt\/manuelles-schloss-quadrat-7\/","name":"Manuelles Schloss Quadrat 7 - OMR Serrature","isPartOf":{"@id":"https:\/\/www.omrserrature.it\/de\/#website"},"primaryImageOfPage":{"@id":"https:\/\/www.omrserrature.it\/de\/produkt\/manuelles-schloss-quadrat-7\/#primaryimage"},"image":{"@id":"https:\/\/www.omrserrature.it\/de\/produkt\/manuelles-schloss-quadrat-7\/#primaryimage"},"thumbnailUrl":"https:\/\/www.omrserrature.it\/wp-content\/uploads\/2024\/07\/165873-web-scaled-1.jpg","datePublished":"2025-04-23T08:45:04+00:00","dateModified":"2026-04-08T09:14:16+00:00","breadcrumb":{"@id":"https:\/\/www.omrserrature.it\/de\/produkt\/manuelles-schloss-quadrat-7\/#breadcrumb"},"inLanguage":"de","potentialAction":[{"@type":"ReadAction","target":["https:\/\/www.omrserrature.it\/de\/produkt\/manuelles-schloss-quadrat-7\/"]}]},{"@type":"ImageObject","inLanguage":"de","@id":"https:\/\/www.omrserrature.it\/de\/produkt\/manuelles-schloss-quadrat-7\/#primaryimage","url":"https:\/\/www.omrserrature.it\/wp-content\/uploads\/2024\/07\/165873-web-scaled-1.jpg","contentUrl":"https:\/\/www.omrserrature.it\/wp-content\/uploads\/2024\/07\/165873-web-scaled-1.jpg","width":1200,"height":1200,"caption":"165873- Manuelles Schloss f\u00fcr M\u00fclltonnen - nicht automatisch"},{"@type":"BreadcrumbList","@id":"https:\/\/www.omrserrature.it\/de\/produkt\/manuelles-schloss-quadrat-7\/#breadcrumb","itemListElement":[{"@type":"ListItem","position":1,"name":"Home","item":"https:\/\/www.omrserrature.it\/de\/omr-serrature-sistemi-chiusura\/"},{"@type":"ListItem","position":2,"name":"Katalog","item":"https:\/\/www.omrserrature.it\/katalog\/?lang=de"},{"@type":"ListItem","position":3,"name":"Anwendungen","item":"https:\/\/www.omrserrature.it\/de\/katalog\/anwendungen\/"},{"@type":"ListItem","position":4,"name":"Schl\u00f6sser f\u00fcr M\u00fclltonnen","item":"https:\/\/www.omrserrature.it\/de\/katalog\/anwendungen\/schlosser-fur-mulltonnen-2\/"},{"@type":"ListItem","position":5,"name":"Manuelles Schloss Quadrat 7"}]},{"@type":"WebSite","@id":"https:\/\/www.omrserrature.it\/de\/#website","url":"https:\/\/www.omrserrature.it\/de\/","name":"OMR Serrature | Produzione sistemi di chiusura","description":"Produzione serrature di sicurezza e sistemi di chiusura","publisher":{"@id":"https:\/\/www.omrserrature.it\/de\/#organization"},"potentialAction":[{"@type":"SearchAction","target":{"@type":"EntryPoint","urlTemplate":"https:\/\/www.omrserrature.it\/de\/?s={search_term_string}"},"query-input":{"@type":"PropertyValueSpecification","valueRequired":true,"valueName":"search_term_string"}}],"inLanguage":"de"},{"@type":"Organization","@id":"https:\/\/www.omrserrature.it\/de\/#organization","name":"OMR Serrature | Produzione sistemi di chiusura","url":"https:\/\/www.omrserrature.it\/de\/","logo":{"@type":"ImageObject","inLanguage":"de","@id":"https:\/\/www.omrserrature.it\/de\/#\/schema\/logo\/image\/","url":"https:\/\/www.omrserrature.it\/wp-content\/uploads\/2017\/09\/favicon-omr-114.png","contentUrl":"https:\/\/www.omrserrature.it\/wp-content\/uploads\/2017\/09\/favicon-omr-114.png","width":114,"height":114,"caption":"OMR Serrature | Produzione sistemi di chiusura"},"image":{"@id":"https:\/\/www.omrserrature.it\/de\/#\/schema\/logo\/image\/"},"sameAs":["https:\/\/www.facebook.com\/OMRserrature","https:\/\/www.linkedin.com\/company\/omrserrature\/","https:\/\/www.youtube.com\/channel\/UCxmA85z2R0EpG_6IRokiAkg"]}]}},"_links":{"self":[{"href":"https:\/\/www.omrserrature.it\/de\/wp-json\/wp\/v2\/product\/243605","targetHints":{"allow":["GET"]}}],"collection":[{"href":"https:\/\/www.omrserrature.it\/de\/wp-json\/wp\/v2\/product"}],"about":[{"href":"https:\/\/www.omrserrature.it\/de\/wp-json\/wp\/v2\/types\/product"}],"replies":[{"embeddable":true,"href":"https:\/\/www.omrserrature.it\/de\/wp-json\/wp\/v2\/comments?post=243605"}],"wp:featuredmedia":[{"embeddable":true,"href":"https:\/\/www.omrserrature.it\/de\/wp-json\/wp\/v2\/media\/243606"}],"wp:attachment":[{"href":"https:\/\/www.omrserrature.it\/de\/wp-json\/wp\/v2\/media?parent=243605"}],"wp:term":[{"taxonomy":"product_brand","embeddable":true,"href":"https:\/\/www.omrserrature.it\/de\/wp-json\/wp\/v2\/product_brand?post=243605"},{"taxonomy":"product_cat","embeddable":true,"href":"https:\/\/www.omrserrature.it\/de\/wp-json\/wp\/v2\/product_cat?post=243605"},{"taxonomy":"product_tag","embeddable":true,"href":"https:\/\/www.omrserrature.it\/de\/wp-json\/wp\/v2\/product_tag?post=243605"}],"curies":[{"name":"wp","href":"https:\/\/api.w.org\/{rel}","templated":true}]}}