{"id":243397,"date":"2017-10-16T08:51:40","date_gmt":"2016-10-17T06:51:00","guid":{"rendered":"https:\/\/www.staging6.omrserrature.it\/prodotto\/universal-hebelschloss-mit-mehrpunkt-hebel\/"},"modified":"2026-04-08T12:46:53","modified_gmt":"2026-04-08T10:46:53","slug":"universal-hebelschloss-mit-mehrpunkt-hebel","status":"publish","type":"product","link":"https:\/\/www.omrserrature.it\/de\/produkt\/universal-hebelschloss-mit-mehrpunkt-hebel\/","title":{"rendered":"Universal Hebelschloss mit Mehrpunkt-Hebel"},"content":{"rendered":"<p>Das <strong>Hebelschloss mit Mehrpunkt-Hebel und Pl\u00e4ttchenzylinder<\/strong> ist ein Schloss, das bei hohen Fl\u00fcgeln mit beweglichen St\u00e4ben (auf\/ab) verwendet wird. Der vernickelte Messingschl\u00fcssel bewegt den zentralen Pl\u00e4ttchenzylinder, der sich in einem Geh\u00e4use aus einer Zinklegierung befindet, das Stator, Buchse oder K\u00f6rper genannt wird. Der Durchmesser ist an zwei gegen\u00fcberliegenden Seiten (Seitenplatten) gefr\u00e4st, um eine Drehung des Nockenschlosses im Geh\u00e4use zu verhindern. Die Position des <strong>hinteren Hebels<\/strong> bestimmt, ob die T\u00fcr geschlossen oder ge\u00f6ffnet wird.   <\/p>\n<p>Das Geh\u00e4use und der Zylinder des Schlosses bestehen aus einer Zinklegierung, w\u00e4hrend der Hebel aus Stahl gefertigt ist. Das Terminal mit einem Standard-Q7-Verbindungsst\u00fcck (7 mm Vierkant) erm\u00f6glicht die Installation von Mehrpunkt-Hebeln zum Bewegen von \u00dcbersetzungsstangen (nach oben und unten) sowie von Bedienelementen f\u00fcr den Abschluss von Schubladen.  Der <strong>K\u00f6rper mit Vollgewinde<\/strong> erm\u00f6glicht die Befestigung mit einer Mutter, aber auch mit einer Gabelfeder oder einem Clip f\u00fcr die<strong>schnelle Montage <\/strong><strong>auf Stahl-, Aluminium- oder Kunststoffblechen<\/strong>.<\/p>\n<p>Der universelle Schlie\u00dfzylinder ist ideal f\u00fcr den Einbau in B\u00fcrom\u00f6bel, Metallt\u00fcren, Klappen, Schreinereiprodukte, Blechk\u00e4sten, Verkaufsautomaten und Autowaschanlagen, Maschinen und Hintere Stifte.<\/p>\n","protected":false},"excerpt":{"rendered":"<p>Das <strong>Mehrpunkt-Hebelschloss mit Pl\u00e4ttchenzylinder<\/strong>, umgangssprachlich auch als Sperrklinke bezeichnet, ist ein Schloss, das bei hohen Fl\u00fcgeln mit beweglichen St\u00e4ben (auf\/ab) verwendet wird. Das Terminal erm\u00f6glicht die Installation von Mehrpunkt-Hebeln zum Bewegen von Seitenschubstangen (nach oben und unten) sowie von Hinteren Stiften zum Abschlie\u00dfen von Schubladen.<\/p>\n","protected":false},"featured_media":243407,"comment_status":"open","ping_status":"closed","template":"","meta":{"_acf_changed":false,"_et_pb_use_builder":"","_et_pb_old_content":"","_et_gb_content_width":""},"product_brand":[],"product_cat":[3765,3876,3837,3796,3829,3861,3828,3864,3849,3847,3852,3835,3851,3848,3850,3831,3777],"product_tag":[],"class_list":{"0":"post-243397","1":"product","2":"type-product","3":"status-publish","4":"has-post-thumbnail","6":"product_cat-abschlusssysteme-fur-die-industrie","7":"product_cat-flugelturen","8":"product_cat-gdpr-konformes-schrankschloss","9":"product_cat-hauptschlussel-schlosser","10":"product_cat-kabinett-schlosser","11":"product_cat-mobelturen","12":"product_cat-professionelle-mobelschlosser","13":"product_cat-schliesfacher-fur-schliesfacher","14":"product_cat-schlosser-fur-balkonkasten","15":"product_cat-schlosser-fur-gefahrstoffschranke","16":"product_cat-schlosser-fur-industrieschranke","17":"product_cat-schlosser-fur-mobel","18":"product_cat-schlosser-fur-pflanzenschutzschranke","19":"product_cat-schlosser-fur-psa-schranke","20":"product_cat-schlosser-fur-skischranke","21":"product_cat-sicherheitsschlosser","22":"product_cat-universalschlosser-mit-zylinderplattchen","24":"first","25":"instock","26":"shipping-taxable","27":"purchasable","28":"product-type-variable"},"acf":{"pdf1":"https:\/\/www.omrserrature.it\/wp-content\/uploads\/2017\/10\/Scheda-165582.pdf"},"yoast_head":"<!-- This site is optimized with the Yoast SEO plugin v27.2 - https:\/\/yoast.com\/product\/yoast-seo-wordpress\/ -->\n<title>Universal Hebelschloss mit Mehrpunkt-Hebel - OMR Serrature<\/title>\n<meta name=\"robots\" content=\"index, follow, max-snippet:-1, max-image-preview:large, max-video-preview:-1\" \/>\n<link rel=\"canonical\" href=\"https:\/\/www.omrserrature.it\/de\/produkt\/universal-hebelschloss-mit-mehrpunkt-hebel\/\" \/>\n<meta property=\"og:locale\" content=\"de_DE\" \/>\n<meta property=\"og:type\" content=\"article\" \/>\n<meta property=\"og:title\" content=\"Universal Hebelschloss mit Mehrpunkt-Hebel - OMR Serrature\" \/>\n<meta property=\"og:description\" content=\"Das Mehrpunkt-Hebelschloss mit Pl\u00e4ttchenzylinder, umgangssprachlich auch als Sperrklinke bezeichnet, ist ein Schloss, das bei hohen Fl\u00fcgeln mit beweglichen St\u00e4ben (auf\/ab) verwendet wird. Das Terminal erm\u00f6glicht die Installation von Mehrpunkt-Hebeln zum Bewegen von Seitenschubstangen (nach oben und unten) sowie von Hinteren Stiften zum Abschlie\u00dfen von Schubladen.\" \/>\n<meta property=\"og:url\" content=\"https:\/\/www.omrserrature.it\/de\/produkt\/universal-hebelschloss-mit-mehrpunkt-hebel\/\" \/>\n<meta property=\"og:site_name\" content=\"OMR Serrature | Produzione sistemi di chiusura\" \/>\n<meta property=\"article:publisher\" content=\"https:\/\/www.facebook.com\/OMRserrature\" \/>\n<meta property=\"article:modified_time\" content=\"2026-04-08T10:46:53+00:00\" \/>\n<meta property=\"og:image\" content=\"https:\/\/www.omrserrature.it\/wp-content\/uploads\/2017\/10\/165582.jpg\" \/>\n\t<meta property=\"og:image:width\" content=\"1000\" \/>\n\t<meta property=\"og:image:height\" content=\"1000\" \/>\n\t<meta property=\"og:image:type\" content=\"image\/jpeg\" \/>\n<meta name=\"twitter:card\" content=\"summary_large_image\" \/>\n<meta name=\"twitter:label1\" content=\"Gesch\u00e4tzte Lesezeit\" \/>\n\t<meta name=\"twitter:data1\" content=\"1\u00a0Minute\" \/>\n<script type=\"application\/ld+json\" class=\"yoast-schema-graph\">{\"@context\":\"https:\/\/schema.org\",\"@graph\":[{\"@type\":\"WebPage\",\"@id\":\"https:\/\/www.omrserrature.it\/de\/produkt\/universal-hebelschloss-mit-mehrpunkt-hebel\/\",\"url\":\"https:\/\/www.omrserrature.it\/de\/produkt\/universal-hebelschloss-mit-mehrpunkt-hebel\/\",\"name\":\"Universal Hebelschloss mit Mehrpunkt-Hebel - OMR Serrature\",\"isPartOf\":{\"@id\":\"https:\/\/www.omrserrature.it\/de\/#website\"},\"primaryImageOfPage\":{\"@id\":\"https:\/\/www.omrserrature.it\/de\/produkt\/universal-hebelschloss-mit-mehrpunkt-hebel\/#primaryimage\"},\"image\":{\"@id\":\"https:\/\/www.omrserrature.it\/de\/produkt\/universal-hebelschloss-mit-mehrpunkt-hebel\/#primaryimage\"},\"thumbnailUrl\":\"https:\/\/www.omrserrature.it\/wp-content\/uploads\/2017\/10\/165582.jpg\",\"datePublished\":\"2016-10-17T06:51:00+00:00\",\"dateModified\":\"2026-04-08T10:46:53+00:00\",\"breadcrumb\":{\"@id\":\"https:\/\/www.omrserrature.it\/de\/produkt\/universal-hebelschloss-mit-mehrpunkt-hebel\/#breadcrumb\"},\"inLanguage\":\"de\",\"potentialAction\":[{\"@type\":\"ReadAction\",\"target\":[\"https:\/\/www.omrserrature.it\/de\/produkt\/universal-hebelschloss-mit-mehrpunkt-hebel\/\"]}]},{\"@type\":\"ImageObject\",\"inLanguage\":\"de\",\"@id\":\"https:\/\/www.omrserrature.it\/de\/produkt\/universal-hebelschloss-mit-mehrpunkt-hebel\/#primaryimage\",\"url\":\"https:\/\/www.omrserrature.it\/wp-content\/uploads\/2017\/10\/165582.jpg\",\"contentUrl\":\"https:\/\/www.omrserrature.it\/wp-content\/uploads\/2017\/10\/165582.jpg\",\"width\":1000,\"height\":1000,\"caption\":\"Schloss mit Mehrpunkt-Hebel f\u00fcr \u00dcbersetzungsstangen. Modell 165582\"},{\"@type\":\"BreadcrumbList\",\"@id\":\"https:\/\/www.omrserrature.it\/de\/produkt\/universal-hebelschloss-mit-mehrpunkt-hebel\/#breadcrumb\",\"itemListElement\":[{\"@type\":\"ListItem\",\"position\":1,\"name\":\"Home\",\"item\":\"https:\/\/www.omrserrature.it\/de\/omr-serrature-sistemi-chiusura\/\"},{\"@type\":\"ListItem\",\"position\":2,\"name\":\"Katalog\",\"item\":\"https:\/\/www.omrserrature.it\/katalog\/?lang=de\"},{\"@type\":\"ListItem\",\"position\":3,\"name\":\"Produkte\",\"item\":\"https:\/\/www.omrserrature.it\/de\/katalog\/produkte\/\"},{\"@type\":\"ListItem\",\"position\":4,\"name\":\"Schloesser\",\"item\":\"https:\/\/www.omrserrature.it\/de\/katalog\/produkte\/schloesser\/\"},{\"@type\":\"ListItem\",\"position\":5,\"name\":\"Hauptschl\u00fcssel Schl\u00f6sser\",\"item\":\"https:\/\/www.omrserrature.it\/de\/katalog\/produkte\/schloesser\/hauptschlussel-schlosser\/\"},{\"@type\":\"ListItem\",\"position\":6,\"name\":\"Universal Hebelschloss mit Mehrpunkt-Hebel\"}]},{\"@type\":\"WebSite\",\"@id\":\"https:\/\/www.omrserrature.it\/de\/#website\",\"url\":\"https:\/\/www.omrserrature.it\/de\/\",\"name\":\"OMR Serrature | Produzione sistemi di chiusura\",\"description\":\"Produzione serrature di sicurezza e sistemi di chiusura\",\"publisher\":{\"@id\":\"https:\/\/www.omrserrature.it\/de\/#organization\"},\"potentialAction\":[{\"@type\":\"SearchAction\",\"target\":{\"@type\":\"EntryPoint\",\"urlTemplate\":\"https:\/\/www.omrserrature.it\/de\/?s={search_term_string}\"},\"query-input\":{\"@type\":\"PropertyValueSpecification\",\"valueRequired\":true,\"valueName\":\"search_term_string\"}}],\"inLanguage\":\"de\"},{\"@type\":\"Organization\",\"@id\":\"https:\/\/www.omrserrature.it\/de\/#organization\",\"name\":\"OMR Serrature | Produzione sistemi di chiusura\",\"url\":\"https:\/\/www.omrserrature.it\/de\/\",\"logo\":{\"@type\":\"ImageObject\",\"inLanguage\":\"de\",\"@id\":\"https:\/\/www.omrserrature.it\/de\/#\/schema\/logo\/image\/\",\"url\":\"https:\/\/www.omrserrature.it\/wp-content\/uploads\/2017\/09\/favicon-omr-114.png\",\"contentUrl\":\"https:\/\/www.omrserrature.it\/wp-content\/uploads\/2017\/09\/favicon-omr-114.png\",\"width\":114,\"height\":114,\"caption\":\"OMR Serrature | Produzione sistemi di chiusura\"},\"image\":{\"@id\":\"https:\/\/www.omrserrature.it\/de\/#\/schema\/logo\/image\/\"},\"sameAs\":[\"https:\/\/www.facebook.com\/OMRserrature\",\"https:\/\/www.linkedin.com\/company\/omrserrature\/\",\"https:\/\/www.youtube.com\/channel\/UCxmA85z2R0EpG_6IRokiAkg\"]}]}<\/script>\n<!-- \/ Yoast SEO plugin. -->","yoast_head_json":{"title":"Universal Hebelschloss mit Mehrpunkt-Hebel - OMR Serrature","robots":{"index":"index","follow":"follow","max-snippet":"max-snippet:-1","max-image-preview":"max-image-preview:large","max-video-preview":"max-video-preview:-1"},"canonical":"https:\/\/www.omrserrature.it\/de\/produkt\/universal-hebelschloss-mit-mehrpunkt-hebel\/","og_locale":"de_DE","og_type":"article","og_title":"Universal Hebelschloss mit Mehrpunkt-Hebel - OMR Serrature","og_description":"Das Mehrpunkt-Hebelschloss mit Pl\u00e4ttchenzylinder, umgangssprachlich auch als Sperrklinke bezeichnet, ist ein Schloss, das bei hohen Fl\u00fcgeln mit beweglichen St\u00e4ben (auf\/ab) verwendet wird. Das Terminal erm\u00f6glicht die Installation von Mehrpunkt-Hebeln zum Bewegen von Seitenschubstangen (nach oben und unten) sowie von Hinteren Stiften zum Abschlie\u00dfen von Schubladen.","og_url":"https:\/\/www.omrserrature.it\/de\/produkt\/universal-hebelschloss-mit-mehrpunkt-hebel\/","og_site_name":"OMR Serrature | Produzione sistemi di chiusura","article_publisher":"https:\/\/www.facebook.com\/OMRserrature","article_modified_time":"2026-04-08T10:46:53+00:00","og_image":[{"width":1000,"height":1000,"url":"https:\/\/www.omrserrature.it\/wp-content\/uploads\/2017\/10\/165582.jpg","type":"image\/jpeg"}],"twitter_card":"summary_large_image","twitter_misc":{"Gesch\u00e4tzte Lesezeit":"1\u00a0Minute"},"schema":{"@context":"https:\/\/schema.org","@graph":[{"@type":"WebPage","@id":"https:\/\/www.omrserrature.it\/de\/produkt\/universal-hebelschloss-mit-mehrpunkt-hebel\/","url":"https:\/\/www.omrserrature.it\/de\/produkt\/universal-hebelschloss-mit-mehrpunkt-hebel\/","name":"Universal Hebelschloss mit Mehrpunkt-Hebel - OMR Serrature","isPartOf":{"@id":"https:\/\/www.omrserrature.it\/de\/#website"},"primaryImageOfPage":{"@id":"https:\/\/www.omrserrature.it\/de\/produkt\/universal-hebelschloss-mit-mehrpunkt-hebel\/#primaryimage"},"image":{"@id":"https:\/\/www.omrserrature.it\/de\/produkt\/universal-hebelschloss-mit-mehrpunkt-hebel\/#primaryimage"},"thumbnailUrl":"https:\/\/www.omrserrature.it\/wp-content\/uploads\/2017\/10\/165582.jpg","datePublished":"2016-10-17T06:51:00+00:00","dateModified":"2026-04-08T10:46:53+00:00","breadcrumb":{"@id":"https:\/\/www.omrserrature.it\/de\/produkt\/universal-hebelschloss-mit-mehrpunkt-hebel\/#breadcrumb"},"inLanguage":"de","potentialAction":[{"@type":"ReadAction","target":["https:\/\/www.omrserrature.it\/de\/produkt\/universal-hebelschloss-mit-mehrpunkt-hebel\/"]}]},{"@type":"ImageObject","inLanguage":"de","@id":"https:\/\/www.omrserrature.it\/de\/produkt\/universal-hebelschloss-mit-mehrpunkt-hebel\/#primaryimage","url":"https:\/\/www.omrserrature.it\/wp-content\/uploads\/2017\/10\/165582.jpg","contentUrl":"https:\/\/www.omrserrature.it\/wp-content\/uploads\/2017\/10\/165582.jpg","width":1000,"height":1000,"caption":"Schloss mit Mehrpunkt-Hebel f\u00fcr \u00dcbersetzungsstangen. Modell 165582"},{"@type":"BreadcrumbList","@id":"https:\/\/www.omrserrature.it\/de\/produkt\/universal-hebelschloss-mit-mehrpunkt-hebel\/#breadcrumb","itemListElement":[{"@type":"ListItem","position":1,"name":"Home","item":"https:\/\/www.omrserrature.it\/de\/omr-serrature-sistemi-chiusura\/"},{"@type":"ListItem","position":2,"name":"Katalog","item":"https:\/\/www.omrserrature.it\/katalog\/?lang=de"},{"@type":"ListItem","position":3,"name":"Produkte","item":"https:\/\/www.omrserrature.it\/de\/katalog\/produkte\/"},{"@type":"ListItem","position":4,"name":"Schloesser","item":"https:\/\/www.omrserrature.it\/de\/katalog\/produkte\/schloesser\/"},{"@type":"ListItem","position":5,"name":"Hauptschl\u00fcssel Schl\u00f6sser","item":"https:\/\/www.omrserrature.it\/de\/katalog\/produkte\/schloesser\/hauptschlussel-schlosser\/"},{"@type":"ListItem","position":6,"name":"Universal Hebelschloss mit Mehrpunkt-Hebel"}]},{"@type":"WebSite","@id":"https:\/\/www.omrserrature.it\/de\/#website","url":"https:\/\/www.omrserrature.it\/de\/","name":"OMR Serrature | Produzione sistemi di chiusura","description":"Produzione serrature di sicurezza e sistemi di chiusura","publisher":{"@id":"https:\/\/www.omrserrature.it\/de\/#organization"},"potentialAction":[{"@type":"SearchAction","target":{"@type":"EntryPoint","urlTemplate":"https:\/\/www.omrserrature.it\/de\/?s={search_term_string}"},"query-input":{"@type":"PropertyValueSpecification","valueRequired":true,"valueName":"search_term_string"}}],"inLanguage":"de"},{"@type":"Organization","@id":"https:\/\/www.omrserrature.it\/de\/#organization","name":"OMR Serrature | Produzione sistemi di chiusura","url":"https:\/\/www.omrserrature.it\/de\/","logo":{"@type":"ImageObject","inLanguage":"de","@id":"https:\/\/www.omrserrature.it\/de\/#\/schema\/logo\/image\/","url":"https:\/\/www.omrserrature.it\/wp-content\/uploads\/2017\/09\/favicon-omr-114.png","contentUrl":"https:\/\/www.omrserrature.it\/wp-content\/uploads\/2017\/09\/favicon-omr-114.png","width":114,"height":114,"caption":"OMR Serrature | Produzione sistemi di chiusura"},"image":{"@id":"https:\/\/www.omrserrature.it\/de\/#\/schema\/logo\/image\/"},"sameAs":["https:\/\/www.facebook.com\/OMRserrature","https:\/\/www.linkedin.com\/company\/omrserrature\/","https:\/\/www.youtube.com\/channel\/UCxmA85z2R0EpG_6IRokiAkg"]}]}},"_links":{"self":[{"href":"https:\/\/www.omrserrature.it\/de\/wp-json\/wp\/v2\/product\/243397","targetHints":{"allow":["GET"]}}],"collection":[{"href":"https:\/\/www.omrserrature.it\/de\/wp-json\/wp\/v2\/product"}],"about":[{"href":"https:\/\/www.omrserrature.it\/de\/wp-json\/wp\/v2\/types\/product"}],"replies":[{"embeddable":true,"href":"https:\/\/www.omrserrature.it\/de\/wp-json\/wp\/v2\/comments?post=243397"}],"wp:featuredmedia":[{"embeddable":true,"href":"https:\/\/www.omrserrature.it\/de\/wp-json\/wp\/v2\/media\/243407"}],"wp:attachment":[{"href":"https:\/\/www.omrserrature.it\/de\/wp-json\/wp\/v2\/media?parent=243397"}],"wp:term":[{"taxonomy":"product_brand","embeddable":true,"href":"https:\/\/www.omrserrature.it\/de\/wp-json\/wp\/v2\/product_brand?post=243397"},{"taxonomy":"product_cat","embeddable":true,"href":"https:\/\/www.omrserrature.it\/de\/wp-json\/wp\/v2\/product_cat?post=243397"},{"taxonomy":"product_tag","embeddable":true,"href":"https:\/\/www.omrserrature.it\/de\/wp-json\/wp\/v2\/product_tag?post=243397"}],"curies":[{"name":"wp","href":"https:\/\/api.w.org\/{rel}","templated":true}]}}