{"id":243387,"date":"2017-10-12T15:30:02","date_gmt":"2012-10-17T13:30:00","guid":{"rendered":"https:\/\/www.staging6.omrserrature.it\/prodotto\/universal-plaettchenzylinder-mit-hinterer-stift\/"},"modified":"2026-04-08T12:47:21","modified_gmt":"2026-04-08T10:47:21","slug":"universal-plaettchenzylinder-mit-hinterer-stift","status":"publish","type":"product","link":"https:\/\/www.omrserrature.it\/de\/produkt\/universal-plaettchenzylinder-mit-hinterer-stift\/","title":{"rendered":"Universal pl\u00e4ttchenzylinder mit Hinterer Stift"},"content":{"rendered":"<p>Das <strong>zylindrische Schwenkschloss f\u00fcr Schubladen und Schubladenschr\u00e4nke<\/strong> besteht aus einem Geh\u00e4use mit einem Durchmesser von 19 mm, in dem sich ein Zylinder mit einem Pl\u00e4ttchenzylinder befindet. Sobald der Schl\u00fcssel eingesteckt und gedreht wird, erfolgt die Drehung und Bewegung des hinteren Stifts. <\/p>\n<p>Die Sperrklinke kann <strong>mit einer Mutter oder Gabelfeder befestigt<\/strong> werden und mit Schl\u00fcsseln mit <strong>festem Griff (Standard) oder mit klappbarem Gelenkgriff (auf Anfrage)<\/strong> ausgestattet werden <strong>.<\/strong> Au\u00dferdem kann der Nockenschl\u00f6sser mit verschiedenschlie\u00dfendem Code (KD), gleichschlie\u00dfendem Code (KA) und Hauptschl\u00fcsselsystem (MK) hergestellt werden. <\/p>\n<p>Das Hintere Stift wird h\u00e4ufig <strong>f\u00fcr B\u00fcrom\u00f6bel verwendet<\/strong>: Schreibtische, die mit drei oder mehr abschlie\u00dfbaren Schubladen f\u00fcr die Aufbewahrung der wichtigsten Dokumente ausgestattet sind, Chef- oder operative Metallschubladenschr\u00e4nke auf Rollen, bei denen alle Schubladen zentral und gleichzeitig abgeschlossen werden k\u00f6nnen. Sie finden dieses kompakte Schloss auch im Bereich der <strong>industriellen Blechschubladenschr\u00e4nke<\/strong> mit Schubladenverriegelung, in Mehrfachschubladenschr\u00e4nken mit Metallschubladen, die mit Schienen ausgestattet werden k\u00f6nnen. <\/p>\n","protected":false},"excerpt":{"rendered":"<p><strong>Das zylindrische Schloss f\u00fcr Schubladen und Schubladenschr\u00e4nke<\/strong> ist eine kompakte und sichere L\u00f6sung mit einem Korpus von 19 mm Durchmesser und einem Pl\u00e4ttchenzylinder. Dank des hinteren Stifts kann der Schrank ge\u00f6ffnet oder abgeschlossen werden. Es ist mit <strong>Mutter- oder Gabelfeder-Befestigung<\/strong> und Standard- oder Gelenkschl\u00fcsseln erh\u00e4ltlich und kann mit <strong>verschiedenschlie\u00dfendem<\/strong> (KD), <strong>gleichschlie\u00dfendem<\/strong> (KA) oder <strong>Hauptschl\u00fcssel<\/strong> (MK) konfiguriert werden.  <\/p>\n<p>Es wird h\u00e4ufig in<strong>B\u00fcrom\u00f6beln<\/strong> und industriellen Metallschubladen mit Zentralverschluss verwendet.<\/p>\n","protected":false},"featured_media":18279,"comment_status":"open","ping_status":"closed","template":"","meta":{"_acf_changed":false,"_et_pb_use_builder":"","_et_pb_old_content":"","_et_gb_content_width":""},"product_brand":[],"product_cat":[3767,3774,3796,3772,3828,3865,3846,3844,3781,3863],"product_tag":[],"class_list":{"0":"post-243387","1":"product","2":"type-product","3":"status-publish","4":"has-post-thumbnail","6":"product_cat-bank-und-postwesen","7":"product_cat-burogebaude","8":"product_cat-hauptschlussel-schlosser","9":"product_cat-krankenhauser-und-gesundheitsbereich","10":"product_cat-professionelle-mobelschlosser","11":"product_cat-schlosser-fur-aktenschranke","12":"product_cat-schlosser-fur-industrielle-schubladen","13":"product_cat-schlosser-fur-werkbanke","14":"product_cat-stiftschlosser","15":"product_cat-zentralverschlusse-von-schubladen","17":"first","18":"instock","19":"shipping-taxable","20":"product-type-simple"},"acf":{"pdf1":"https:\/\/www.omrserrature.it\/wp-content\/uploads\/schede\/Scheda_161150.pdf"},"yoast_head":"<!-- This site is optimized with the Yoast SEO plugin v27.2 - https:\/\/yoast.com\/product\/yoast-seo-wordpress\/ -->\n<title>Universal pl\u00e4ttchenzylinder mit Hinterer Stift - OMR Serrature<\/title>\n<meta name=\"robots\" content=\"index, follow, max-snippet:-1, max-image-preview:large, max-video-preview:-1\" \/>\n<link rel=\"canonical\" href=\"https:\/\/www.omrserrature.it\/de\/produkt\/universal-plaettchenzylinder-mit-hinterer-stift\/\" \/>\n<meta property=\"og:locale\" content=\"de_DE\" \/>\n<meta property=\"og:type\" content=\"article\" \/>\n<meta property=\"og:title\" content=\"Universal pl\u00e4ttchenzylinder mit Hinterer Stift - OMR Serrature\" \/>\n<meta property=\"og:description\" content=\"Das zylindrische Schloss f\u00fcr Schubladen und Schubladenschr\u00e4nke ist eine kompakte und sichere L\u00f6sung mit einem Korpus von 19 mm Durchmesser und einem Pl\u00e4ttchenzylinder. Dank des hinteren Stifts kann der Schrank ge\u00f6ffnet oder abgeschlossen werden. Es ist mit Mutter- oder Gabelfeder-Befestigung und Standard- oder Gelenkschl\u00fcsseln erh\u00e4ltlich und kann mit verschiedenschlie\u00dfendem (KD), gleichschlie\u00dfendem (KA) oder Hauptschl\u00fcssel (MK) konfiguriert werden.  Es wird h\u00e4ufig inB\u00fcrom\u00f6beln und industriellen Metallschubladen mit Zentralverschluss verwendet.\" \/>\n<meta property=\"og:url\" content=\"https:\/\/www.omrserrature.it\/de\/produkt\/universal-plaettchenzylinder-mit-hinterer-stift\/\" \/>\n<meta property=\"og:site_name\" content=\"OMR Serrature | Produzione sistemi di chiusura\" \/>\n<meta property=\"article:publisher\" content=\"https:\/\/www.facebook.com\/OMRserrature\" \/>\n<meta property=\"article:modified_time\" content=\"2026-04-08T10:47:21+00:00\" \/>\n<meta property=\"og:image\" content=\"https:\/\/www.omrserrature.it\/wp-content\/uploads\/2017\/10\/Universale-a-lamelle-con-comandino.jpg\" \/>\n\t<meta property=\"og:image:width\" content=\"600\" \/>\n\t<meta property=\"og:image:height\" content=\"600\" \/>\n\t<meta property=\"og:image:type\" content=\"image\/jpeg\" \/>\n<meta name=\"twitter:card\" content=\"summary_large_image\" \/>\n<meta name=\"twitter:label1\" content=\"Gesch\u00e4tzte Lesezeit\" \/>\n\t<meta name=\"twitter:data1\" content=\"1\u00a0Minute\" \/>\n<script type=\"application\/ld+json\" class=\"yoast-schema-graph\">{\"@context\":\"https:\/\/schema.org\",\"@graph\":[{\"@type\":\"WebPage\",\"@id\":\"https:\/\/www.omrserrature.it\/de\/produkt\/universal-plaettchenzylinder-mit-hinterer-stift\/\",\"url\":\"https:\/\/www.omrserrature.it\/de\/produkt\/universal-plaettchenzylinder-mit-hinterer-stift\/\",\"name\":\"Universal pl\u00e4ttchenzylinder mit Hinterer Stift - OMR Serrature\",\"isPartOf\":{\"@id\":\"https:\/\/www.omrserrature.it\/de\/#website\"},\"primaryImageOfPage\":{\"@id\":\"https:\/\/www.omrserrature.it\/de\/produkt\/universal-plaettchenzylinder-mit-hinterer-stift\/#primaryimage\"},\"image\":{\"@id\":\"https:\/\/www.omrserrature.it\/de\/produkt\/universal-plaettchenzylinder-mit-hinterer-stift\/#primaryimage\"},\"thumbnailUrl\":\"https:\/\/www.omrserrature.it\/wp-content\/uploads\/2017\/10\/Universale-a-lamelle-con-comandino.jpg\",\"datePublished\":\"2012-10-17T13:30:00+00:00\",\"dateModified\":\"2026-04-08T10:47:21+00:00\",\"breadcrumb\":{\"@id\":\"https:\/\/www.omrserrature.it\/de\/produkt\/universal-plaettchenzylinder-mit-hinterer-stift\/#breadcrumb\"},\"inLanguage\":\"de\",\"potentialAction\":[{\"@type\":\"ReadAction\",\"target\":[\"https:\/\/www.omrserrature.it\/de\/produkt\/universal-plaettchenzylinder-mit-hinterer-stift\/\"]}]},{\"@type\":\"ImageObject\",\"inLanguage\":\"de\",\"@id\":\"https:\/\/www.omrserrature.it\/de\/produkt\/universal-plaettchenzylinder-mit-hinterer-stift\/#primaryimage\",\"url\":\"https:\/\/www.omrserrature.it\/wp-content\/uploads\/2017\/10\/Universale-a-lamelle-con-comandino.jpg\",\"contentUrl\":\"https:\/\/www.omrserrature.it\/wp-content\/uploads\/2017\/10\/Universale-a-lamelle-con-comandino.jpg\",\"width\":600,\"height\":600,\"caption\":\"Universal pl\u00e4ttchenzylinder mit Hinterer Stift\"},{\"@type\":\"BreadcrumbList\",\"@id\":\"https:\/\/www.omrserrature.it\/de\/produkt\/universal-plaettchenzylinder-mit-hinterer-stift\/#breadcrumb\",\"itemListElement\":[{\"@type\":\"ListItem\",\"position\":1,\"name\":\"Home\",\"item\":\"https:\/\/www.omrserrature.it\/de\/omr-serrature-sistemi-chiusura\/\"},{\"@type\":\"ListItem\",\"position\":2,\"name\":\"Katalog\",\"item\":\"https:\/\/www.omrserrature.it\/katalog\/?lang=de\"},{\"@type\":\"ListItem\",\"position\":3,\"name\":\"Produkte\",\"item\":\"https:\/\/www.omrserrature.it\/de\/katalog\/produkte\/\"},{\"@type\":\"ListItem\",\"position\":4,\"name\":\"Schloesser\",\"item\":\"https:\/\/www.omrserrature.it\/de\/katalog\/produkte\/schloesser\/\"},{\"@type\":\"ListItem\",\"position\":5,\"name\":\"Hauptschl\u00fcssel Schl\u00f6sser\",\"item\":\"https:\/\/www.omrserrature.it\/de\/katalog\/produkte\/schloesser\/hauptschlussel-schlosser\/\"},{\"@type\":\"ListItem\",\"position\":6,\"name\":\"Universal pl\u00e4ttchenzylinder mit Hinterer Stift\"}]},{\"@type\":\"WebSite\",\"@id\":\"https:\/\/www.omrserrature.it\/de\/#website\",\"url\":\"https:\/\/www.omrserrature.it\/de\/\",\"name\":\"OMR Serrature | Produzione sistemi di chiusura\",\"description\":\"Produzione serrature di sicurezza e sistemi di chiusura\",\"publisher\":{\"@id\":\"https:\/\/www.omrserrature.it\/de\/#organization\"},\"potentialAction\":[{\"@type\":\"SearchAction\",\"target\":{\"@type\":\"EntryPoint\",\"urlTemplate\":\"https:\/\/www.omrserrature.it\/de\/?s={search_term_string}\"},\"query-input\":{\"@type\":\"PropertyValueSpecification\",\"valueRequired\":true,\"valueName\":\"search_term_string\"}}],\"inLanguage\":\"de\"},{\"@type\":\"Organization\",\"@id\":\"https:\/\/www.omrserrature.it\/de\/#organization\",\"name\":\"OMR Serrature | Produzione sistemi di chiusura\",\"url\":\"https:\/\/www.omrserrature.it\/de\/\",\"logo\":{\"@type\":\"ImageObject\",\"inLanguage\":\"de\",\"@id\":\"https:\/\/www.omrserrature.it\/de\/#\/schema\/logo\/image\/\",\"url\":\"https:\/\/www.omrserrature.it\/wp-content\/uploads\/2017\/09\/favicon-omr-114.png\",\"contentUrl\":\"https:\/\/www.omrserrature.it\/wp-content\/uploads\/2017\/09\/favicon-omr-114.png\",\"width\":114,\"height\":114,\"caption\":\"OMR Serrature | Produzione sistemi di chiusura\"},\"image\":{\"@id\":\"https:\/\/www.omrserrature.it\/de\/#\/schema\/logo\/image\/\"},\"sameAs\":[\"https:\/\/www.facebook.com\/OMRserrature\",\"https:\/\/www.linkedin.com\/company\/omrserrature\/\",\"https:\/\/www.youtube.com\/channel\/UCxmA85z2R0EpG_6IRokiAkg\"]}]}<\/script>\n<!-- \/ Yoast SEO plugin. -->","yoast_head_json":{"title":"Universal pl\u00e4ttchenzylinder mit Hinterer Stift - OMR Serrature","robots":{"index":"index","follow":"follow","max-snippet":"max-snippet:-1","max-image-preview":"max-image-preview:large","max-video-preview":"max-video-preview:-1"},"canonical":"https:\/\/www.omrserrature.it\/de\/produkt\/universal-plaettchenzylinder-mit-hinterer-stift\/","og_locale":"de_DE","og_type":"article","og_title":"Universal pl\u00e4ttchenzylinder mit Hinterer Stift - OMR Serrature","og_description":"Das zylindrische Schloss f\u00fcr Schubladen und Schubladenschr\u00e4nke ist eine kompakte und sichere L\u00f6sung mit einem Korpus von 19 mm Durchmesser und einem Pl\u00e4ttchenzylinder. Dank des hinteren Stifts kann der Schrank ge\u00f6ffnet oder abgeschlossen werden. Es ist mit Mutter- oder Gabelfeder-Befestigung und Standard- oder Gelenkschl\u00fcsseln erh\u00e4ltlich und kann mit verschiedenschlie\u00dfendem (KD), gleichschlie\u00dfendem (KA) oder Hauptschl\u00fcssel (MK) konfiguriert werden.  Es wird h\u00e4ufig inB\u00fcrom\u00f6beln und industriellen Metallschubladen mit Zentralverschluss verwendet.","og_url":"https:\/\/www.omrserrature.it\/de\/produkt\/universal-plaettchenzylinder-mit-hinterer-stift\/","og_site_name":"OMR Serrature | Produzione sistemi di chiusura","article_publisher":"https:\/\/www.facebook.com\/OMRserrature","article_modified_time":"2026-04-08T10:47:21+00:00","og_image":[{"width":600,"height":600,"url":"https:\/\/www.omrserrature.it\/wp-content\/uploads\/2017\/10\/Universale-a-lamelle-con-comandino.jpg","type":"image\/jpeg"}],"twitter_card":"summary_large_image","twitter_misc":{"Gesch\u00e4tzte Lesezeit":"1\u00a0Minute"},"schema":{"@context":"https:\/\/schema.org","@graph":[{"@type":"WebPage","@id":"https:\/\/www.omrserrature.it\/de\/produkt\/universal-plaettchenzylinder-mit-hinterer-stift\/","url":"https:\/\/www.omrserrature.it\/de\/produkt\/universal-plaettchenzylinder-mit-hinterer-stift\/","name":"Universal pl\u00e4ttchenzylinder mit Hinterer Stift - OMR Serrature","isPartOf":{"@id":"https:\/\/www.omrserrature.it\/de\/#website"},"primaryImageOfPage":{"@id":"https:\/\/www.omrserrature.it\/de\/produkt\/universal-plaettchenzylinder-mit-hinterer-stift\/#primaryimage"},"image":{"@id":"https:\/\/www.omrserrature.it\/de\/produkt\/universal-plaettchenzylinder-mit-hinterer-stift\/#primaryimage"},"thumbnailUrl":"https:\/\/www.omrserrature.it\/wp-content\/uploads\/2017\/10\/Universale-a-lamelle-con-comandino.jpg","datePublished":"2012-10-17T13:30:00+00:00","dateModified":"2026-04-08T10:47:21+00:00","breadcrumb":{"@id":"https:\/\/www.omrserrature.it\/de\/produkt\/universal-plaettchenzylinder-mit-hinterer-stift\/#breadcrumb"},"inLanguage":"de","potentialAction":[{"@type":"ReadAction","target":["https:\/\/www.omrserrature.it\/de\/produkt\/universal-plaettchenzylinder-mit-hinterer-stift\/"]}]},{"@type":"ImageObject","inLanguage":"de","@id":"https:\/\/www.omrserrature.it\/de\/produkt\/universal-plaettchenzylinder-mit-hinterer-stift\/#primaryimage","url":"https:\/\/www.omrserrature.it\/wp-content\/uploads\/2017\/10\/Universale-a-lamelle-con-comandino.jpg","contentUrl":"https:\/\/www.omrserrature.it\/wp-content\/uploads\/2017\/10\/Universale-a-lamelle-con-comandino.jpg","width":600,"height":600,"caption":"Universal pl\u00e4ttchenzylinder mit Hinterer Stift"},{"@type":"BreadcrumbList","@id":"https:\/\/www.omrserrature.it\/de\/produkt\/universal-plaettchenzylinder-mit-hinterer-stift\/#breadcrumb","itemListElement":[{"@type":"ListItem","position":1,"name":"Home","item":"https:\/\/www.omrserrature.it\/de\/omr-serrature-sistemi-chiusura\/"},{"@type":"ListItem","position":2,"name":"Katalog","item":"https:\/\/www.omrserrature.it\/katalog\/?lang=de"},{"@type":"ListItem","position":3,"name":"Produkte","item":"https:\/\/www.omrserrature.it\/de\/katalog\/produkte\/"},{"@type":"ListItem","position":4,"name":"Schloesser","item":"https:\/\/www.omrserrature.it\/de\/katalog\/produkte\/schloesser\/"},{"@type":"ListItem","position":5,"name":"Hauptschl\u00fcssel Schl\u00f6sser","item":"https:\/\/www.omrserrature.it\/de\/katalog\/produkte\/schloesser\/hauptschlussel-schlosser\/"},{"@type":"ListItem","position":6,"name":"Universal pl\u00e4ttchenzylinder mit Hinterer Stift"}]},{"@type":"WebSite","@id":"https:\/\/www.omrserrature.it\/de\/#website","url":"https:\/\/www.omrserrature.it\/de\/","name":"OMR Serrature | Produzione sistemi di chiusura","description":"Produzione serrature di sicurezza e sistemi di chiusura","publisher":{"@id":"https:\/\/www.omrserrature.it\/de\/#organization"},"potentialAction":[{"@type":"SearchAction","target":{"@type":"EntryPoint","urlTemplate":"https:\/\/www.omrserrature.it\/de\/?s={search_term_string}"},"query-input":{"@type":"PropertyValueSpecification","valueRequired":true,"valueName":"search_term_string"}}],"inLanguage":"de"},{"@type":"Organization","@id":"https:\/\/www.omrserrature.it\/de\/#organization","name":"OMR Serrature | Produzione sistemi di chiusura","url":"https:\/\/www.omrserrature.it\/de\/","logo":{"@type":"ImageObject","inLanguage":"de","@id":"https:\/\/www.omrserrature.it\/de\/#\/schema\/logo\/image\/","url":"https:\/\/www.omrserrature.it\/wp-content\/uploads\/2017\/09\/favicon-omr-114.png","contentUrl":"https:\/\/www.omrserrature.it\/wp-content\/uploads\/2017\/09\/favicon-omr-114.png","width":114,"height":114,"caption":"OMR Serrature | Produzione sistemi di chiusura"},"image":{"@id":"https:\/\/www.omrserrature.it\/de\/#\/schema\/logo\/image\/"},"sameAs":["https:\/\/www.facebook.com\/OMRserrature","https:\/\/www.linkedin.com\/company\/omrserrature\/","https:\/\/www.youtube.com\/channel\/UCxmA85z2R0EpG_6IRokiAkg"]}]}},"_links":{"self":[{"href":"https:\/\/www.omrserrature.it\/de\/wp-json\/wp\/v2\/product\/243387","targetHints":{"allow":["GET"]}}],"collection":[{"href":"https:\/\/www.omrserrature.it\/de\/wp-json\/wp\/v2\/product"}],"about":[{"href":"https:\/\/www.omrserrature.it\/de\/wp-json\/wp\/v2\/types\/product"}],"replies":[{"embeddable":true,"href":"https:\/\/www.omrserrature.it\/de\/wp-json\/wp\/v2\/comments?post=243387"}],"wp:featuredmedia":[{"embeddable":true,"href":"https:\/\/www.omrserrature.it\/de\/wp-json\/wp\/v2\/media\/18279"}],"wp:attachment":[{"href":"https:\/\/www.omrserrature.it\/de\/wp-json\/wp\/v2\/media?parent=243387"}],"wp:term":[{"taxonomy":"product_brand","embeddable":true,"href":"https:\/\/www.omrserrature.it\/de\/wp-json\/wp\/v2\/product_brand?post=243387"},{"taxonomy":"product_cat","embeddable":true,"href":"https:\/\/www.omrserrature.it\/de\/wp-json\/wp\/v2\/product_cat?post=243387"},{"taxonomy":"product_tag","embeddable":true,"href":"https:\/\/www.omrserrature.it\/de\/wp-json\/wp\/v2\/product_tag?post=243387"}],"curies":[{"name":"wp","href":"https:\/\/api.w.org\/{rel}","templated":true}]}}