{"id":243383,"date":"2021-04-27T14:44:12","date_gmt":"2024-04-21T12:44:00","guid":{"rendered":"https:\/\/www.staging6.omrserrature.it\/prodotto\/staubkappe-fuer-hebelschloesser\/"},"modified":"2026-04-08T11:28:39","modified_gmt":"2026-04-08T09:28:39","slug":"staubkappe-fuer-hebelschloesser","status":"publish","type":"product","link":"https:\/\/www.omrserrature.it\/de\/produkt\/staubkappe-fuer-hebelschloesser\/","title":{"rendered":"Staubkappe f\u00fcr Hebelschl\u00f6sser"},"content":{"rendered":"<p>Die <strong>Staubkappe<\/strong> ist aus schwarzem thermoplastischem Harz gefertigt. Das Schlossgeh\u00e4use hat die klassische <strong>Doppel-D-Form<\/strong> (mit flachen Seiten), um jede Art von Nockenschl\u00f6ssern aufnehmen zu k\u00f6nnen. Der Deckel ist mit dem Sockel durch eine robuste Br\u00fccke verbunden, die f\u00fcr zahlreiche \u00d6ffnungs- und Schlie\u00dfzyklen ausgelegt ist. Sie garantiert <strong>Wasserdichtigkeit<\/strong> und <strong>Widerstandsf\u00e4higkeit gegen Beanspruchung<\/strong> und verhindert ein ungewolltes \u00d6ffnen.  Die <strong>Schlossschutzkappe<\/strong> ist ein unverzichtbares Zubeh\u00f6r f\u00fcr die Installation von Sperrklinken und Schl\u00f6ssern an Artikeln, die f\u00fcr den<strong>Au\u00dfenbereich<\/strong> bestimmt sind und Witterung, Wasser, Schmutz und Feuchtigkeit ausgesetzt sind. Wir empfehlen die Verwendung der Kappe an Schl\u00f6ssern, die an Bord von Lastkraftwagen (z.B. an Werkzeugk\u00e4sten oder Isothermboxen), an Motorradkoffern, Fahrradtr\u00e4gern, Skitr\u00e4gern und Dachboxen, in Tor- und Zugangskontrollsystemen oder an witterungsexponierten Schreinereigeb\u00e4uden installiert sind. <\/p>\n","protected":false},"excerpt":{"rendered":"<p>Die <strong>Staubkappe<\/strong> ist aus schwarzem thermoplastischem Harz gefertigt. Das Schlossgeh\u00e4use hat die klassische <strong>Doppel-D-Form<\/strong> (mit flachen Seiten), um jede Art von Nockenschl\u00f6ssern aufnehmen zu k\u00f6nnen. Der Deckel ist mit dem Sockel durch eine robuste Br\u00fccke verbunden, die f\u00fcr zahlreiche \u00d6ffnungs- und Schlie\u00dfzyklen ausgelegt ist. Sie garantiert <strong>Wasserdichtigkeit<\/strong> und <strong>Widerstandsf\u00e4higkeit gegen Beanspruchung<\/strong> und verhindert ein ungewolltes \u00d6ffnen. <\/p>\n","protected":false},"featured_media":19113,"comment_status":"open","ping_status":"closed","template":"","meta":{"_acf_changed":false,"_et_pb_use_builder":"off","_et_pb_old_content":"Die <strong>Staubkappe<\/strong> ist aus schwarzem thermoplastischem Harz gefertigt. Das Schlossgeh\u00e4use hat die klassische <strong>Doppel-D-Form<\/strong> (mit flachen Seiten), um jede Art von Nockenschl\u00f6ssern aufnehmen zu k\u00f6nnen. Der Deckel ist mit dem Sockel durch eine robuste Br\u00fccke verbunden, die f\u00fcr zahlreiche \u00d6ffnungs- und Schlie\u00dfzyklen ausgelegt ist. Sie garantiert <strong>Wasserdichtigkeit<\/strong> und <strong>Widerstandsf\u00e4higkeit gegen Beanspruchung<\/strong> und verhindert ein ungewolltes \u00d6ffnen. \n\nDie <strong>Schlossschutzkappe<\/strong> ist ein unverzichtbares Zubeh\u00f6r f\u00fcr die Installation von Sperrklinken und Schl\u00f6ssern an Artikeln, die f\u00fcr den<strong>Au\u00dfenbereich<\/strong> bestimmt sind und Witterung, Wasser, Schmutz und Feuchtigkeit ausgesetzt sind. Wir empfehlen die Verwendung der Kappe an Schl\u00f6ssern, die an Bord von Lastkraftwagen (z.B. an Werkzeugk\u00e4sten oder Isothermboxen), an Motorradkoffern, Fahrradtr\u00e4gern, Skitr\u00e4gern und Dachboxen, in Tor- und Zugangskontrollsystemen oder an witterungsexponierten Schreinereigeb\u00e4uden installiert sind. ","_et_gb_content_width":""},"product_brand":[],"product_cat":[3824],"product_tag":[],"class_list":{"0":"post-243383","1":"product","2":"type-product","3":"status-publish","4":"has-post-thumbnail","6":"product_cat-zubehor-und-ersatzteile","8":"first","9":"instock","10":"shipping-taxable","11":"product-type-simple"},"acf":{"pdf1":false},"yoast_head":"<!-- This site is optimized with the Yoast SEO plugin v27.2 - https:\/\/yoast.com\/product\/yoast-seo-wordpress\/ -->\n<title>Staubkappe f\u00fcr Hebelschl\u00f6sser - OMR Serrature<\/title>\n<meta name=\"robots\" content=\"index, follow, max-snippet:-1, max-image-preview:large, max-video-preview:-1\" \/>\n<link rel=\"canonical\" href=\"https:\/\/www.omrserrature.it\/de\/produkt\/staubkappe-fuer-hebelschloesser\/\" \/>\n<meta property=\"og:locale\" content=\"de_DE\" \/>\n<meta property=\"og:type\" content=\"article\" \/>\n<meta property=\"og:title\" content=\"Staubkappe f\u00fcr Hebelschl\u00f6sser - OMR Serrature\" \/>\n<meta property=\"og:description\" content=\"Die Staubkappe ist aus schwarzem thermoplastischem Harz gefertigt. Das Schlossgeh\u00e4use hat die klassische Doppel-D-Form (mit flachen Seiten), um jede Art von Nockenschl\u00f6ssern aufnehmen zu k\u00f6nnen. Der Deckel ist mit dem Sockel durch eine robuste Br\u00fccke verbunden, die f\u00fcr zahlreiche \u00d6ffnungs- und Schlie\u00dfzyklen ausgelegt ist. Sie garantiert Wasserdichtigkeit und Widerstandsf\u00e4higkeit gegen Beanspruchung und verhindert ein ungewolltes \u00d6ffnen.\" \/>\n<meta property=\"og:url\" content=\"https:\/\/www.omrserrature.it\/de\/produkt\/staubkappe-fuer-hebelschloesser\/\" \/>\n<meta property=\"og:site_name\" content=\"OMR Serrature | Produzione sistemi di chiusura\" \/>\n<meta property=\"article:publisher\" content=\"https:\/\/www.facebook.com\/OMRserrature\" \/>\n<meta property=\"article:modified_time\" content=\"2026-04-08T09:28:39+00:00\" \/>\n<meta property=\"og:image\" content=\"https:\/\/www.omrserrature.it\/wp-content\/uploads\/2021\/04\/tappo-protezione-serratura.jpg\" \/>\n\t<meta property=\"og:image:width\" content=\"1000\" \/>\n\t<meta property=\"og:image:height\" content=\"1000\" \/>\n\t<meta property=\"og:image:type\" content=\"image\/jpeg\" \/>\n<meta name=\"twitter:card\" content=\"summary_large_image\" \/>\n<meta name=\"twitter:label1\" content=\"Gesch\u00e4tzte Lesezeit\" \/>\n\t<meta name=\"twitter:data1\" content=\"1\u00a0Minute\" \/>\n<script type=\"application\/ld+json\" class=\"yoast-schema-graph\">{\"@context\":\"https:\/\/schema.org\",\"@graph\":[{\"@type\":\"WebPage\",\"@id\":\"https:\/\/www.omrserrature.it\/de\/produkt\/staubkappe-fuer-hebelschloesser\/\",\"url\":\"https:\/\/www.omrserrature.it\/de\/produkt\/staubkappe-fuer-hebelschloesser\/\",\"name\":\"Staubkappe f\u00fcr Hebelschl\u00f6sser - OMR Serrature\",\"isPartOf\":{\"@id\":\"https:\/\/www.omrserrature.it\/de\/#website\"},\"primaryImageOfPage\":{\"@id\":\"https:\/\/www.omrserrature.it\/de\/produkt\/staubkappe-fuer-hebelschloesser\/#primaryimage\"},\"image\":{\"@id\":\"https:\/\/www.omrserrature.it\/de\/produkt\/staubkappe-fuer-hebelschloesser\/#primaryimage\"},\"thumbnailUrl\":\"https:\/\/www.omrserrature.it\/wp-content\/uploads\/2021\/04\/tappo-protezione-serratura.jpg\",\"datePublished\":\"2024-04-21T12:44:00+00:00\",\"dateModified\":\"2026-04-08T09:28:39+00:00\",\"breadcrumb\":{\"@id\":\"https:\/\/www.omrserrature.it\/de\/produkt\/staubkappe-fuer-hebelschloesser\/#breadcrumb\"},\"inLanguage\":\"de\",\"potentialAction\":[{\"@type\":\"ReadAction\",\"target\":[\"https:\/\/www.omrserrature.it\/de\/produkt\/staubkappe-fuer-hebelschloesser\/\"]}]},{\"@type\":\"ImageObject\",\"inLanguage\":\"de\",\"@id\":\"https:\/\/www.omrserrature.it\/de\/produkt\/staubkappe-fuer-hebelschloesser\/#primaryimage\",\"url\":\"https:\/\/www.omrserrature.it\/wp-content\/uploads\/2021\/04\/tappo-protezione-serratura.jpg\",\"contentUrl\":\"https:\/\/www.omrserrature.it\/wp-content\/uploads\/2021\/04\/tappo-protezione-serratura.jpg\",\"width\":1000,\"height\":1000,\"caption\":\"Universal-Schutzkappe f\u00fcr Schloss\"},{\"@type\":\"BreadcrumbList\",\"@id\":\"https:\/\/www.omrserrature.it\/de\/produkt\/staubkappe-fuer-hebelschloesser\/#breadcrumb\",\"itemListElement\":[{\"@type\":\"ListItem\",\"position\":1,\"name\":\"Home\",\"item\":\"https:\/\/www.omrserrature.it\/de\/omr-serrature-sistemi-chiusura\/\"},{\"@type\":\"ListItem\",\"position\":2,\"name\":\"Katalog\",\"item\":\"https:\/\/www.omrserrature.it\/katalog\/?lang=de\"},{\"@type\":\"ListItem\",\"position\":3,\"name\":\"Produkte\",\"item\":\"https:\/\/www.omrserrature.it\/de\/katalog\/produkte\/\"},{\"@type\":\"ListItem\",\"position\":4,\"name\":\"Zubeh\u00f6r und Ersatzteile\",\"item\":\"https:\/\/www.omrserrature.it\/de\/katalog\/produkte\/zubehor-und-ersatzteile\/\"},{\"@type\":\"ListItem\",\"position\":5,\"name\":\"Staubkappe f\u00fcr Hebelschl\u00f6sser\"}]},{\"@type\":\"WebSite\",\"@id\":\"https:\/\/www.omrserrature.it\/de\/#website\",\"url\":\"https:\/\/www.omrserrature.it\/de\/\",\"name\":\"OMR Serrature | Produzione sistemi di chiusura\",\"description\":\"Produzione serrature di sicurezza e sistemi di chiusura\",\"publisher\":{\"@id\":\"https:\/\/www.omrserrature.it\/de\/#organization\"},\"potentialAction\":[{\"@type\":\"SearchAction\",\"target\":{\"@type\":\"EntryPoint\",\"urlTemplate\":\"https:\/\/www.omrserrature.it\/de\/?s={search_term_string}\"},\"query-input\":{\"@type\":\"PropertyValueSpecification\",\"valueRequired\":true,\"valueName\":\"search_term_string\"}}],\"inLanguage\":\"de\"},{\"@type\":\"Organization\",\"@id\":\"https:\/\/www.omrserrature.it\/de\/#organization\",\"name\":\"OMR Serrature | Produzione sistemi di chiusura\",\"url\":\"https:\/\/www.omrserrature.it\/de\/\",\"logo\":{\"@type\":\"ImageObject\",\"inLanguage\":\"de\",\"@id\":\"https:\/\/www.omrserrature.it\/de\/#\/schema\/logo\/image\/\",\"url\":\"https:\/\/www.omrserrature.it\/wp-content\/uploads\/2017\/09\/favicon-omr-114.png\",\"contentUrl\":\"https:\/\/www.omrserrature.it\/wp-content\/uploads\/2017\/09\/favicon-omr-114.png\",\"width\":114,\"height\":114,\"caption\":\"OMR Serrature | Produzione sistemi di chiusura\"},\"image\":{\"@id\":\"https:\/\/www.omrserrature.it\/de\/#\/schema\/logo\/image\/\"},\"sameAs\":[\"https:\/\/www.facebook.com\/OMRserrature\",\"https:\/\/www.linkedin.com\/company\/omrserrature\/\",\"https:\/\/www.youtube.com\/channel\/UCxmA85z2R0EpG_6IRokiAkg\"]}]}<\/script>\n<!-- \/ Yoast SEO plugin. -->","yoast_head_json":{"title":"Staubkappe f\u00fcr Hebelschl\u00f6sser - OMR Serrature","robots":{"index":"index","follow":"follow","max-snippet":"max-snippet:-1","max-image-preview":"max-image-preview:large","max-video-preview":"max-video-preview:-1"},"canonical":"https:\/\/www.omrserrature.it\/de\/produkt\/staubkappe-fuer-hebelschloesser\/","og_locale":"de_DE","og_type":"article","og_title":"Staubkappe f\u00fcr Hebelschl\u00f6sser - OMR Serrature","og_description":"Die Staubkappe ist aus schwarzem thermoplastischem Harz gefertigt. Das Schlossgeh\u00e4use hat die klassische Doppel-D-Form (mit flachen Seiten), um jede Art von Nockenschl\u00f6ssern aufnehmen zu k\u00f6nnen. Der Deckel ist mit dem Sockel durch eine robuste Br\u00fccke verbunden, die f\u00fcr zahlreiche \u00d6ffnungs- und Schlie\u00dfzyklen ausgelegt ist. Sie garantiert Wasserdichtigkeit und Widerstandsf\u00e4higkeit gegen Beanspruchung und verhindert ein ungewolltes \u00d6ffnen.","og_url":"https:\/\/www.omrserrature.it\/de\/produkt\/staubkappe-fuer-hebelschloesser\/","og_site_name":"OMR Serrature | Produzione sistemi di chiusura","article_publisher":"https:\/\/www.facebook.com\/OMRserrature","article_modified_time":"2026-04-08T09:28:39+00:00","og_image":[{"width":1000,"height":1000,"url":"https:\/\/www.omrserrature.it\/wp-content\/uploads\/2021\/04\/tappo-protezione-serratura.jpg","type":"image\/jpeg"}],"twitter_card":"summary_large_image","twitter_misc":{"Gesch\u00e4tzte Lesezeit":"1\u00a0Minute"},"schema":{"@context":"https:\/\/schema.org","@graph":[{"@type":"WebPage","@id":"https:\/\/www.omrserrature.it\/de\/produkt\/staubkappe-fuer-hebelschloesser\/","url":"https:\/\/www.omrserrature.it\/de\/produkt\/staubkappe-fuer-hebelschloesser\/","name":"Staubkappe f\u00fcr Hebelschl\u00f6sser - OMR Serrature","isPartOf":{"@id":"https:\/\/www.omrserrature.it\/de\/#website"},"primaryImageOfPage":{"@id":"https:\/\/www.omrserrature.it\/de\/produkt\/staubkappe-fuer-hebelschloesser\/#primaryimage"},"image":{"@id":"https:\/\/www.omrserrature.it\/de\/produkt\/staubkappe-fuer-hebelschloesser\/#primaryimage"},"thumbnailUrl":"https:\/\/www.omrserrature.it\/wp-content\/uploads\/2021\/04\/tappo-protezione-serratura.jpg","datePublished":"2024-04-21T12:44:00+00:00","dateModified":"2026-04-08T09:28:39+00:00","breadcrumb":{"@id":"https:\/\/www.omrserrature.it\/de\/produkt\/staubkappe-fuer-hebelschloesser\/#breadcrumb"},"inLanguage":"de","potentialAction":[{"@type":"ReadAction","target":["https:\/\/www.omrserrature.it\/de\/produkt\/staubkappe-fuer-hebelschloesser\/"]}]},{"@type":"ImageObject","inLanguage":"de","@id":"https:\/\/www.omrserrature.it\/de\/produkt\/staubkappe-fuer-hebelschloesser\/#primaryimage","url":"https:\/\/www.omrserrature.it\/wp-content\/uploads\/2021\/04\/tappo-protezione-serratura.jpg","contentUrl":"https:\/\/www.omrserrature.it\/wp-content\/uploads\/2021\/04\/tappo-protezione-serratura.jpg","width":1000,"height":1000,"caption":"Universal-Schutzkappe f\u00fcr Schloss"},{"@type":"BreadcrumbList","@id":"https:\/\/www.omrserrature.it\/de\/produkt\/staubkappe-fuer-hebelschloesser\/#breadcrumb","itemListElement":[{"@type":"ListItem","position":1,"name":"Home","item":"https:\/\/www.omrserrature.it\/de\/omr-serrature-sistemi-chiusura\/"},{"@type":"ListItem","position":2,"name":"Katalog","item":"https:\/\/www.omrserrature.it\/katalog\/?lang=de"},{"@type":"ListItem","position":3,"name":"Produkte","item":"https:\/\/www.omrserrature.it\/de\/katalog\/produkte\/"},{"@type":"ListItem","position":4,"name":"Zubeh\u00f6r und Ersatzteile","item":"https:\/\/www.omrserrature.it\/de\/katalog\/produkte\/zubehor-und-ersatzteile\/"},{"@type":"ListItem","position":5,"name":"Staubkappe f\u00fcr Hebelschl\u00f6sser"}]},{"@type":"WebSite","@id":"https:\/\/www.omrserrature.it\/de\/#website","url":"https:\/\/www.omrserrature.it\/de\/","name":"OMR Serrature | Produzione sistemi di chiusura","description":"Produzione serrature di sicurezza e sistemi di chiusura","publisher":{"@id":"https:\/\/www.omrserrature.it\/de\/#organization"},"potentialAction":[{"@type":"SearchAction","target":{"@type":"EntryPoint","urlTemplate":"https:\/\/www.omrserrature.it\/de\/?s={search_term_string}"},"query-input":{"@type":"PropertyValueSpecification","valueRequired":true,"valueName":"search_term_string"}}],"inLanguage":"de"},{"@type":"Organization","@id":"https:\/\/www.omrserrature.it\/de\/#organization","name":"OMR Serrature | Produzione sistemi di chiusura","url":"https:\/\/www.omrserrature.it\/de\/","logo":{"@type":"ImageObject","inLanguage":"de","@id":"https:\/\/www.omrserrature.it\/de\/#\/schema\/logo\/image\/","url":"https:\/\/www.omrserrature.it\/wp-content\/uploads\/2017\/09\/favicon-omr-114.png","contentUrl":"https:\/\/www.omrserrature.it\/wp-content\/uploads\/2017\/09\/favicon-omr-114.png","width":114,"height":114,"caption":"OMR Serrature | Produzione sistemi di chiusura"},"image":{"@id":"https:\/\/www.omrserrature.it\/de\/#\/schema\/logo\/image\/"},"sameAs":["https:\/\/www.facebook.com\/OMRserrature","https:\/\/www.linkedin.com\/company\/omrserrature\/","https:\/\/www.youtube.com\/channel\/UCxmA85z2R0EpG_6IRokiAkg"]}]}},"_links":{"self":[{"href":"https:\/\/www.omrserrature.it\/de\/wp-json\/wp\/v2\/product\/243383","targetHints":{"allow":["GET"]}}],"collection":[{"href":"https:\/\/www.omrserrature.it\/de\/wp-json\/wp\/v2\/product"}],"about":[{"href":"https:\/\/www.omrserrature.it\/de\/wp-json\/wp\/v2\/types\/product"}],"replies":[{"embeddable":true,"href":"https:\/\/www.omrserrature.it\/de\/wp-json\/wp\/v2\/comments?post=243383"}],"wp:featuredmedia":[{"embeddable":true,"href":"https:\/\/www.omrserrature.it\/de\/wp-json\/wp\/v2\/media\/19113"}],"wp:attachment":[{"href":"https:\/\/www.omrserrature.it\/de\/wp-json\/wp\/v2\/media?parent=243383"}],"wp:term":[{"taxonomy":"product_brand","embeddable":true,"href":"https:\/\/www.omrserrature.it\/de\/wp-json\/wp\/v2\/product_brand?post=243383"},{"taxonomy":"product_cat","embeddable":true,"href":"https:\/\/www.omrserrature.it\/de\/wp-json\/wp\/v2\/product_cat?post=243383"},{"taxonomy":"product_tag","embeddable":true,"href":"https:\/\/www.omrserrature.it\/de\/wp-json\/wp\/v2\/product_tag?post=243383"}],"curies":[{"name":"wp","href":"https:\/\/api.w.org\/{rel}","templated":true}]}}