{"id":243327,"date":"2017-10-09T15:50:03","date_gmt":"2009-10-17T13:50:00","guid":{"rendered":"https:\/\/www.staging6.omrserrature.it\/prodotto\/universal-schloss-o-18\/"},"modified":"2026-04-08T13:14:44","modified_gmt":"2026-04-08T11:14:44","slug":"universal-schloss-o-18","status":"publish","type":"product","link":"https:\/\/www.omrserrature.it\/de\/produkt\/universal-schloss-o-18\/","title":{"rendered":"Universal Schloss \u00d8 18"},"content":{"rendered":"<p>Der <strong>Hebelschl\u00f6sser<\/strong> mit Pl\u00e4ttchenzylinder ist einer der beliebtesten in allen Bereichen. Der Schl\u00fcssel aus vernickeltem Messing bewegt den zentralen Pl\u00e4ttchenzylinder, der sich in einem Geh\u00e4use aus einer Zinklegierung befindet, das Stator, Buchse oder K\u00f6rper genannt wird. Der Durchmesser ist an zwei gegen\u00fcberliegenden Seiten (Seitenplatten) gefr\u00e4st, die ein Doppel-D bilden, um eine Drehung des Nockenschlosses im Einbausitz zu verhindern.   Die Bet\u00e4tigung des <strong>hinteren Hebels<\/strong> bestimmt, ob das <strong>Nockenschloss<\/strong> geschlossen oder ge\u00f6ffnet ist.<\/p>\n<p>Der K\u00f6rper und der Zylinder des Schlosses sind aus einer Zinklegierung und der Hebel aus Stahl gefertigt. Der 7-mm-Vierkant erm\u00f6glicht auch den Einbau verschiedener <strong>gerader, gekr\u00f6pfter oder gehakter Zungen<\/strong>. Ein Durchmesser von 18 zeichnet dieses Produkt aus, bei dem der Schl\u00fcssel sowohl in offener als auch in geschlossener Position abgezogen werden kann. Der <strong>K\u00f6rper mit Vollgewinde<\/strong> erm\u00f6glicht die Befestigung mit einer Mutter.  <\/p>\n<p>Der universelle Schlie\u00dfzylinder mit einem Durchmesser von 18 mm ist die preisg\u00fcnstige Alternative zum<a href=\"https:\/\/www.omrserrature.it\/de\/produkt\/universal-schloss-o-18\/\" target=\"_blank\" rel=\"noopener\">&#8218;Briefkastenschloss<\/a>&#8218; mit Stift, das auch unter dem Markennamen<strong>&#8218;Michel<\/strong>&#8218; bekannt ist und an <strong>Seat-Briefk\u00e4sten<\/strong> verwendet wird. Dank seines kleinen Geh\u00e4uses<strong> wird es auch an Glast\u00fcren<\/strong> von Anschlagtafeln und Vitrinen<strong> verwendet<\/strong>. <\/p>\n","protected":false},"excerpt":{"rendered":"<p><strong>Universal-Schlie\u00dfzylinder<\/strong> mit Pl\u00e4ttchenzylinder und 18 mm Durchmesser, einer der beliebtesten wegen seiner Vielseitigkeit und Kompaktheit. Geh\u00e4use aus Zinklegierung, Zylinder mit 5 Pl\u00e4ttchen und hinterem Hebel zum \u00d6ffnen\/Schlie\u00dfen. <strong>Kann mit Mutter<\/strong> an Metall- oder Glast\u00fcren <strong>angebracht werden<\/strong>, auch ideal als Alternative zum <a href=\"https:\/\/www.omrserrature.it\/de\/produkt\/universal-schloss-o-18\/\">Briefkastenschloss vom Typ Michel<\/a>. <\/p>\n","protected":false},"featured_media":18232,"comment_status":"open","ping_status":"closed","template":"","meta":{"_acf_changed":false,"_et_pb_use_builder":"","_et_pb_old_content":"","_et_gb_content_width":""},"product_brand":[],"product_cat":[3765,3767,3770,3855,3876,3837,3796,3825,3829,3772,3834,3861,3828,3864,3841,3845,3843,3832,3842,3847,3852,3871,3835,3856,3851,3857,3830,3848,3827,3866,3867,3870,3850,3859,3836,3853,3869,3854,3788,3831,3860,3777,3802],"product_tag":[],"class_list":{"0":"post-243327","1":"product","2":"type-product","3":"status-publish","4":"has-post-thumbnail","6":"product_cat-abschlusssysteme-fur-die-industrie","7":"product_cat-bank-und-postwesen","8":"product_cat-bildungswesen-und-kultur","9":"product_cat-briefkastenschlosser","10":"product_cat-flugelturen","11":"product_cat-gdpr-konformes-schrankschloss","12":"product_cat-hauptschlussel-schlosser","13":"product_cat-hebel-schlosser","14":"product_cat-kabinett-schlosser","15":"product_cat-krankenhauser-und-gesundheitsbereich","16":"product_cat-maschinenschlosser","17":"product_cat-mobelturen","18":"product_cat-professionelle-mobelschlosser","19":"product_cat-schliesfacher-fur-schliesfacher","20":"product_cat-schloss-fur-umschalter","21":"product_cat-schlosser-fur-automaten","22":"product_cat-schlosser-fur-automatische-lagerhauser","23":"product_cat-schlosser-fur-briefkasten","24":"product_cat-schlosser-fur-die-elektromechanische-industrie","25":"product_cat-schlosser-fur-gefahrstoffschranke","26":"product_cat-schlosser-fur-industrieschranke","27":"product_cat-schlosser-fur-kuhlaufbauten","28":"product_cat-schlosser-fur-mobel","29":"product_cat-schlosser-fur-paketkasten","30":"product_cat-schlosser-fur-pflanzenschutzschranke","31":"product_cat-schlosser-fur-postfacher","32":"product_cat-schlosser-fur-professionelle-trolleys","33":"product_cat-schlosser-fur-psa-schranke","34":"product_cat-schlosser-fur-schaltschranke","35":"product_cat-schlosser-fur-schilder","36":"product_cat-schlosser-fur-schliesfacher","37":"product_cat-schlosser-fur-sicherheitsmobel","38":"product_cat-schlosser-fur-skischranke","39":"product_cat-schlosser-fur-spielautomaten","40":"product_cat-schlosser-fur-transportmittel","41":"product_cat-schlosser-fur-tresore","42":"product_cat-schlosser-fur-vitrinen","43":"product_cat-schlosser-fur-waffenstander","44":"product_cat-schlosser-mit-abnehmbarem-zylinder","45":"product_cat-sicherheitsschlosser","46":"product_cat-turschlosser","47":"product_cat-universalschlosser-mit-zylinderplattchen","48":"product_cat-wasserdichte-rostfreie-schlosser","50":"first","51":"instock","52":"shipping-taxable","53":"product-type-simple"},"acf":{"pdf1":"https:\/\/www.omrserrature.it\/wp-content\/uploads\/schede\/Scheda_161950.pdf"},"yoast_head":"<!-- This site is optimized with the Yoast SEO plugin v27.2 - https:\/\/yoast.com\/product\/yoast-seo-wordpress\/ -->\n<title>Universal Schloss \u00d8 18 - OMR Serrature<\/title>\n<meta name=\"robots\" content=\"index, follow, max-snippet:-1, max-image-preview:large, max-video-preview:-1\" \/>\n<link rel=\"canonical\" href=\"https:\/\/www.omrserrature.it\/de\/produkt\/universal-schloss-o-18\/\" \/>\n<meta property=\"og:locale\" content=\"de_DE\" \/>\n<meta property=\"og:type\" content=\"article\" \/>\n<meta property=\"og:title\" content=\"Universal Schloss \u00d8 18 - OMR Serrature\" \/>\n<meta property=\"og:description\" content=\"Universal-Schlie\u00dfzylinder mit Pl\u00e4ttchenzylinder und 18 mm Durchmesser, einer der beliebtesten wegen seiner Vielseitigkeit und Kompaktheit. Geh\u00e4use aus Zinklegierung, Zylinder mit 5 Pl\u00e4ttchen und hinterem Hebel zum \u00d6ffnen\/Schlie\u00dfen. Kann mit Mutter an Metall- oder Glast\u00fcren angebracht werden, auch ideal als Alternative zum Briefkastenschloss vom Typ Michel.\" \/>\n<meta property=\"og:url\" content=\"https:\/\/www.omrserrature.it\/de\/produkt\/universal-schloss-o-18\/\" \/>\n<meta property=\"og:site_name\" content=\"OMR Serrature | Produzione sistemi di chiusura\" \/>\n<meta property=\"article:publisher\" content=\"https:\/\/www.facebook.com\/OMRserrature\" \/>\n<meta property=\"article:modified_time\" content=\"2026-04-08T11:14:44+00:00\" \/>\n<meta property=\"og:image\" content=\"https:\/\/www.omrserrature.it\/wp-content\/uploads\/2017\/10\/Serratura-universale-diamentro-18mm.jpg\" \/>\n\t<meta property=\"og:image:width\" content=\"600\" \/>\n\t<meta property=\"og:image:height\" content=\"600\" \/>\n\t<meta property=\"og:image:type\" content=\"image\/jpeg\" \/>\n<meta name=\"twitter:card\" content=\"summary_large_image\" \/>\n<meta name=\"twitter:label1\" content=\"Gesch\u00e4tzte Lesezeit\" \/>\n\t<meta name=\"twitter:data1\" content=\"1\u00a0Minute\" \/>\n<script type=\"application\/ld+json\" class=\"yoast-schema-graph\">{\"@context\":\"https:\/\/schema.org\",\"@graph\":[{\"@type\":\"WebPage\",\"@id\":\"https:\/\/www.omrserrature.it\/de\/produkt\/universal-schloss-o-18\/\",\"url\":\"https:\/\/www.omrserrature.it\/de\/produkt\/universal-schloss-o-18\/\",\"name\":\"Universal Schloss \u00d8 18 - OMR Serrature\",\"isPartOf\":{\"@id\":\"https:\/\/www.omrserrature.it\/de\/#website\"},\"primaryImageOfPage\":{\"@id\":\"https:\/\/www.omrserrature.it\/de\/produkt\/universal-schloss-o-18\/#primaryimage\"},\"image\":{\"@id\":\"https:\/\/www.omrserrature.it\/de\/produkt\/universal-schloss-o-18\/#primaryimage\"},\"thumbnailUrl\":\"https:\/\/www.omrserrature.it\/wp-content\/uploads\/2017\/10\/Serratura-universale-diamentro-18mm.jpg\",\"datePublished\":\"2009-10-17T13:50:00+00:00\",\"dateModified\":\"2026-04-08T11:14:44+00:00\",\"breadcrumb\":{\"@id\":\"https:\/\/www.omrserrature.it\/de\/produkt\/universal-schloss-o-18\/#breadcrumb\"},\"inLanguage\":\"de\",\"potentialAction\":[{\"@type\":\"ReadAction\",\"target\":[\"https:\/\/www.omrserrature.it\/de\/produkt\/universal-schloss-o-18\/\"]}]},{\"@type\":\"ImageObject\",\"inLanguage\":\"de\",\"@id\":\"https:\/\/www.omrserrature.it\/de\/produkt\/universal-schloss-o-18\/#primaryimage\",\"url\":\"https:\/\/www.omrserrature.it\/wp-content\/uploads\/2017\/10\/Serratura-universale-diamentro-18mm.jpg\",\"contentUrl\":\"https:\/\/www.omrserrature.it\/wp-content\/uploads\/2017\/10\/Serratura-universale-diamentro-18mm.jpg\",\"width\":600,\"height\":600,\"caption\":\"Universalschloss Durchmesser 18 mm\"},{\"@type\":\"BreadcrumbList\",\"@id\":\"https:\/\/www.omrserrature.it\/de\/produkt\/universal-schloss-o-18\/#breadcrumb\",\"itemListElement\":[{\"@type\":\"ListItem\",\"position\":1,\"name\":\"Home\",\"item\":\"https:\/\/www.omrserrature.it\/de\/omr-serrature-sistemi-chiusura\/\"},{\"@type\":\"ListItem\",\"position\":2,\"name\":\"Katalog\",\"item\":\"https:\/\/www.omrserrature.it\/katalog\/?lang=de\"},{\"@type\":\"ListItem\",\"position\":3,\"name\":\"Anwendungen\",\"item\":\"https:\/\/www.omrserrature.it\/de\/katalog\/anwendungen\/\"},{\"@type\":\"ListItem\",\"position\":4,\"name\":\"Sicherheitsschl\u00f6sser\",\"item\":\"https:\/\/www.omrserrature.it\/de\/katalog\/anwendungen\/sicherheitsschlosser\/\"},{\"@type\":\"ListItem\",\"position\":5,\"name\":\"Universal Schloss \u00d8 18\"}]},{\"@type\":\"WebSite\",\"@id\":\"https:\/\/www.omrserrature.it\/de\/#website\",\"url\":\"https:\/\/www.omrserrature.it\/de\/\",\"name\":\"OMR Serrature | Produzione sistemi di chiusura\",\"description\":\"Produzione serrature di sicurezza e sistemi di chiusura\",\"publisher\":{\"@id\":\"https:\/\/www.omrserrature.it\/de\/#organization\"},\"potentialAction\":[{\"@type\":\"SearchAction\",\"target\":{\"@type\":\"EntryPoint\",\"urlTemplate\":\"https:\/\/www.omrserrature.it\/de\/?s={search_term_string}\"},\"query-input\":{\"@type\":\"PropertyValueSpecification\",\"valueRequired\":true,\"valueName\":\"search_term_string\"}}],\"inLanguage\":\"de\"},{\"@type\":\"Organization\",\"@id\":\"https:\/\/www.omrserrature.it\/de\/#organization\",\"name\":\"OMR Serrature | Produzione sistemi di chiusura\",\"url\":\"https:\/\/www.omrserrature.it\/de\/\",\"logo\":{\"@type\":\"ImageObject\",\"inLanguage\":\"de\",\"@id\":\"https:\/\/www.omrserrature.it\/de\/#\/schema\/logo\/image\/\",\"url\":\"https:\/\/www.omrserrature.it\/wp-content\/uploads\/2017\/09\/favicon-omr-114.png\",\"contentUrl\":\"https:\/\/www.omrserrature.it\/wp-content\/uploads\/2017\/09\/favicon-omr-114.png\",\"width\":114,\"height\":114,\"caption\":\"OMR Serrature | Produzione sistemi di chiusura\"},\"image\":{\"@id\":\"https:\/\/www.omrserrature.it\/de\/#\/schema\/logo\/image\/\"},\"sameAs\":[\"https:\/\/www.facebook.com\/OMRserrature\",\"https:\/\/www.linkedin.com\/company\/omrserrature\/\",\"https:\/\/www.youtube.com\/channel\/UCxmA85z2R0EpG_6IRokiAkg\"]}]}<\/script>\n<!-- \/ Yoast SEO plugin. -->","yoast_head_json":{"title":"Universal Schloss \u00d8 18 - OMR Serrature","robots":{"index":"index","follow":"follow","max-snippet":"max-snippet:-1","max-image-preview":"max-image-preview:large","max-video-preview":"max-video-preview:-1"},"canonical":"https:\/\/www.omrserrature.it\/de\/produkt\/universal-schloss-o-18\/","og_locale":"de_DE","og_type":"article","og_title":"Universal Schloss \u00d8 18 - OMR Serrature","og_description":"Universal-Schlie\u00dfzylinder mit Pl\u00e4ttchenzylinder und 18 mm Durchmesser, einer der beliebtesten wegen seiner Vielseitigkeit und Kompaktheit. Geh\u00e4use aus Zinklegierung, Zylinder mit 5 Pl\u00e4ttchen und hinterem Hebel zum \u00d6ffnen\/Schlie\u00dfen. Kann mit Mutter an Metall- oder Glast\u00fcren angebracht werden, auch ideal als Alternative zum Briefkastenschloss vom Typ Michel.","og_url":"https:\/\/www.omrserrature.it\/de\/produkt\/universal-schloss-o-18\/","og_site_name":"OMR Serrature | Produzione sistemi di chiusura","article_publisher":"https:\/\/www.facebook.com\/OMRserrature","article_modified_time":"2026-04-08T11:14:44+00:00","og_image":[{"width":600,"height":600,"url":"https:\/\/www.omrserrature.it\/wp-content\/uploads\/2017\/10\/Serratura-universale-diamentro-18mm.jpg","type":"image\/jpeg"}],"twitter_card":"summary_large_image","twitter_misc":{"Gesch\u00e4tzte Lesezeit":"1\u00a0Minute"},"schema":{"@context":"https:\/\/schema.org","@graph":[{"@type":"WebPage","@id":"https:\/\/www.omrserrature.it\/de\/produkt\/universal-schloss-o-18\/","url":"https:\/\/www.omrserrature.it\/de\/produkt\/universal-schloss-o-18\/","name":"Universal Schloss \u00d8 18 - OMR Serrature","isPartOf":{"@id":"https:\/\/www.omrserrature.it\/de\/#website"},"primaryImageOfPage":{"@id":"https:\/\/www.omrserrature.it\/de\/produkt\/universal-schloss-o-18\/#primaryimage"},"image":{"@id":"https:\/\/www.omrserrature.it\/de\/produkt\/universal-schloss-o-18\/#primaryimage"},"thumbnailUrl":"https:\/\/www.omrserrature.it\/wp-content\/uploads\/2017\/10\/Serratura-universale-diamentro-18mm.jpg","datePublished":"2009-10-17T13:50:00+00:00","dateModified":"2026-04-08T11:14:44+00:00","breadcrumb":{"@id":"https:\/\/www.omrserrature.it\/de\/produkt\/universal-schloss-o-18\/#breadcrumb"},"inLanguage":"de","potentialAction":[{"@type":"ReadAction","target":["https:\/\/www.omrserrature.it\/de\/produkt\/universal-schloss-o-18\/"]}]},{"@type":"ImageObject","inLanguage":"de","@id":"https:\/\/www.omrserrature.it\/de\/produkt\/universal-schloss-o-18\/#primaryimage","url":"https:\/\/www.omrserrature.it\/wp-content\/uploads\/2017\/10\/Serratura-universale-diamentro-18mm.jpg","contentUrl":"https:\/\/www.omrserrature.it\/wp-content\/uploads\/2017\/10\/Serratura-universale-diamentro-18mm.jpg","width":600,"height":600,"caption":"Universalschloss Durchmesser 18 mm"},{"@type":"BreadcrumbList","@id":"https:\/\/www.omrserrature.it\/de\/produkt\/universal-schloss-o-18\/#breadcrumb","itemListElement":[{"@type":"ListItem","position":1,"name":"Home","item":"https:\/\/www.omrserrature.it\/de\/omr-serrature-sistemi-chiusura\/"},{"@type":"ListItem","position":2,"name":"Katalog","item":"https:\/\/www.omrserrature.it\/katalog\/?lang=de"},{"@type":"ListItem","position":3,"name":"Anwendungen","item":"https:\/\/www.omrserrature.it\/de\/katalog\/anwendungen\/"},{"@type":"ListItem","position":4,"name":"Sicherheitsschl\u00f6sser","item":"https:\/\/www.omrserrature.it\/de\/katalog\/anwendungen\/sicherheitsschlosser\/"},{"@type":"ListItem","position":5,"name":"Universal Schloss \u00d8 18"}]},{"@type":"WebSite","@id":"https:\/\/www.omrserrature.it\/de\/#website","url":"https:\/\/www.omrserrature.it\/de\/","name":"OMR Serrature | Produzione sistemi di chiusura","description":"Produzione serrature di sicurezza e sistemi di chiusura","publisher":{"@id":"https:\/\/www.omrserrature.it\/de\/#organization"},"potentialAction":[{"@type":"SearchAction","target":{"@type":"EntryPoint","urlTemplate":"https:\/\/www.omrserrature.it\/de\/?s={search_term_string}"},"query-input":{"@type":"PropertyValueSpecification","valueRequired":true,"valueName":"search_term_string"}}],"inLanguage":"de"},{"@type":"Organization","@id":"https:\/\/www.omrserrature.it\/de\/#organization","name":"OMR Serrature | Produzione sistemi di chiusura","url":"https:\/\/www.omrserrature.it\/de\/","logo":{"@type":"ImageObject","inLanguage":"de","@id":"https:\/\/www.omrserrature.it\/de\/#\/schema\/logo\/image\/","url":"https:\/\/www.omrserrature.it\/wp-content\/uploads\/2017\/09\/favicon-omr-114.png","contentUrl":"https:\/\/www.omrserrature.it\/wp-content\/uploads\/2017\/09\/favicon-omr-114.png","width":114,"height":114,"caption":"OMR Serrature | Produzione sistemi di chiusura"},"image":{"@id":"https:\/\/www.omrserrature.it\/de\/#\/schema\/logo\/image\/"},"sameAs":["https:\/\/www.facebook.com\/OMRserrature","https:\/\/www.linkedin.com\/company\/omrserrature\/","https:\/\/www.youtube.com\/channel\/UCxmA85z2R0EpG_6IRokiAkg"]}]}},"_links":{"self":[{"href":"https:\/\/www.omrserrature.it\/de\/wp-json\/wp\/v2\/product\/243327","targetHints":{"allow":["GET"]}}],"collection":[{"href":"https:\/\/www.omrserrature.it\/de\/wp-json\/wp\/v2\/product"}],"about":[{"href":"https:\/\/www.omrserrature.it\/de\/wp-json\/wp\/v2\/types\/product"}],"replies":[{"embeddable":true,"href":"https:\/\/www.omrserrature.it\/de\/wp-json\/wp\/v2\/comments?post=243327"}],"wp:featuredmedia":[{"embeddable":true,"href":"https:\/\/www.omrserrature.it\/de\/wp-json\/wp\/v2\/media\/18232"}],"wp:attachment":[{"href":"https:\/\/www.omrserrature.it\/de\/wp-json\/wp\/v2\/media?parent=243327"}],"wp:term":[{"taxonomy":"product_brand","embeddable":true,"href":"https:\/\/www.omrserrature.it\/de\/wp-json\/wp\/v2\/product_brand?post=243327"},{"taxonomy":"product_cat","embeddable":true,"href":"https:\/\/www.omrserrature.it\/de\/wp-json\/wp\/v2\/product_cat?post=243327"},{"taxonomy":"product_tag","embeddable":true,"href":"https:\/\/www.omrserrature.it\/de\/wp-json\/wp\/v2\/product_tag?post=243327"}],"curies":[{"name":"wp","href":"https:\/\/api.w.org\/{rel}","templated":true}]}}