{"id":243305,"date":"2024-05-28T11:49:06","date_gmt":"2024-05-28T09:49:06","guid":{"rendered":"https:\/\/www.staging6.omrserrature.it\/prodotto\/universelles-schloss-fuer-zylinder-aus-rostfreiem-stahl\/"},"modified":"2026-04-08T11:14:17","modified_gmt":"2026-04-08T09:14:17","slug":"universelles-schloss-fuer-zylinder-aus-rostfreiem-stahl","status":"publish","type":"product","link":"https:\/\/www.omrserrature.it\/de\/produkt\/universelles-schloss-fuer-zylinder-aus-rostfreiem-stahl\/","title":{"rendered":"Universelles Schloss f\u00fcr Zylinder aus rostfreiem Stahl"},"content":{"rendered":"<p>Das <strong>universelle Hebelschloss<\/strong> mit <strong>Pl\u00e4ttchenzylinder<\/strong>, <strong>Staubklappe und Edelstahlkappe<\/strong>, freundlich als Sperrklinke bezeichnet, geh\u00f6rt zu den zuverl\u00e4ssigsten Schl\u00f6ssern in Bezug auf Wetter- und Korrosionsbest\u00e4ndigkeit. Der vernickelte Messingschl\u00fcssel bewegt den zentralen Pl\u00e4ttchenzylinder, der sich in einem Geh\u00e4use aus einer Zinklegierung befindet, das auch als Buchse bezeichnet wird.  Die traditionelle Doppel-D Ausstanzung (mit geraden Seiten) verhindert die unerw\u00fcnschte Drehung des Hebelschlosses bei der Bet\u00e4tigung. Die Bet\u00e4tigung des<strong> hinteren Hebels<\/strong> bestimmt, ob das<strong> Nockenschloss<\/strong> geschlossen oder ge\u00f6ffnet ist.<\/p>\n<p>Das Geh\u00e4use, der Zylinder und der Hebel des Schlosses bestehen aus einer Zinklegierung und die Kappe aus Edelstahl. Die <strong>viereckige 7-mm-Endkappe<\/strong> erm\u00f6glicht auch die Installation von verschiedenen   <strong>gerade, gekr\u00f6pfte und Hakenzungen Die <\/strong> Der <strong>K\u00f6rper mit Vollgewinde<\/strong> erm\u00f6glicht die Befestigung mit einer Mutter, aber auch mit einer Gabelfeder oder einem Clip f\u00fcr eine<strong>schnelle Montage <\/strong><strong><span style=\"font-weight: normal;\">auf Stahl-, Aluminium- oder Kunststoffplatten<\/span><\/strong>.<\/p>\n<p>Der universelle Schlie\u00dfzylinder mit Staubschutzhaube und Edelstahlkappe ist daher ideal f\u00fcr M\u00f6bel und Beh\u00e4lter, die im Freien aufgestellt werden sollen, wie z.B. Motorradkoffer, Kofferr\u00e4ume und Dachgep\u00e4cktr\u00e4ger f\u00fcr Autos, Fahrradtr\u00e4ger, Skitr\u00e4ger, Metallt\u00fcren, Klappen, Tischlerarbeiten, Blechk\u00e4sten, Verkaufsautomaten und Autowaschanlagen.<\/p>\n","protected":false},"excerpt":{"rendered":"<p>Das Hebelschloss mit Pl\u00e4ttchenzylinder, komplett mit Staubschutzhaube und Edelstahlkappe,<strong> ist witterungs- und korrosionsbest\u00e4ndig<\/strong>. Der Messingschl\u00fcssel bet\u00e4tigt einen zentralen Pl\u00e4ttchenzylinder mit 5 Pl\u00e4ttchen, der in einem Geh\u00e4use aus Zinklegierung mit gefr\u00e4stem Doppel-D-Durchmesser sitzt, das eine Drehung des Schlosses im Geh\u00e4use verhindert. Der 7 mm lange Vierkant erm\u00f6glicht die Montage von geraden, gekr\u00f6pften und Hakenzungen.   Es ist mit Schnellbefestigung mittels Gabelfeder (Clip) oder mit Mutter auf Stahl-, Aluminium- oder Kunststoffplatten erh\u00e4ltlich.  <strong>Ideal f\u00fcr Au\u00dfenanwendungen wie Motorradkoffer, Fahrradst\u00e4nder, T\u00fcren und Autowaschanlagen.<\/strong><\/p>\n","protected":false},"featured_media":3439,"comment_status":"open","ping_status":"closed","template":"","meta":{"_acf_changed":false,"_et_pb_use_builder":"off","_et_pb_old_content":"Das <strong>universelle Hebelschloss<\/strong> mit <strong>Pl\u00e4ttchenzylinder<\/strong>, <strong>Staubklappe und Edelstahlkappe<\/strong>, freundlich als Sperrklinke bezeichnet, geh\u00f6rt zu den zuverl\u00e4ssigsten Schl\u00f6ssern in Bezug auf Wetter- und Korrosionsbest\u00e4ndigkeit. Der Schl\u00fcssel aus vernickeltem Messing bewegt den zentralen Pl\u00e4ttchenzylinder mit 5 Pl\u00e4ttchen, der sich in einem Geh\u00e4use aus Zinklegierung befindet, das Stator, Buchse oder K\u00f6rper genannt wird. Die traditionelle Doppel-D Ausstanzung (mit geraden Seiten) verhindert die unerw\u00fcnschte Drehung des Hebelschlosses bei der Bet\u00e4tigung. Durch Bet\u00e4tigung des <strong>hinteren Hebels<\/strong> wird der Abschluss oder die \u00d6ffnung des <strong>Nockenschlosses<\/strong> bestimmt.\n\nDer K\u00f6rper und der Zylinder des Hebelschlosses sind aus einer Zinklegierung und der Hebel aus Stahl gefertigt. Der <strong>7-mm-Vierkantanschluss<\/strong> erm\u00f6glicht au\u00dferdem die Installation einer Vielzahl von <strong>geraden, gekr\u00f6pften oder gehakten Zungen<\/strong> sowie von Mehrpunkt-Hebeln zum Bewegen von Stangen (nach oben\/unten).  Der <strong>K\u00f6rper mit Vollgewinde<\/strong> erm\u00f6glicht die Befestigung mit einer Mutter, aber auch mit einer Gabelfeder oder einem Clip f\u00fcr eine<strong>schnelle Montage <\/strong><strong><span style=\"font-weight: normal\">auf Stahl-, Aluminium- oder Kunststoffplatten<\/span><\/strong>.\n\nDer universelle Schlie\u00dfzylinder mit Staubschutzhaube und Edelstahlkappe eignet sich daher ideal f\u00fcr Gegenst\u00e4nde, die im Au\u00dfenbereich angebracht werden sollen, wie z.B. Motorradkoffer, Kofferr\u00e4ume und Dachtr\u00e4ger f\u00fcr Autos, Fahrradtr\u00e4ger, Skitr\u00e4ger, Metallt\u00fcren, Klappen, Schreinereiprodukte, Blechk\u00e4sten, Verkaufsautomaten und Autowaschanlagen.","_et_gb_content_width":""},"product_brand":[],"product_cat":[3875,3837,3796,3825,3829,3828,3841,3843,3849,3873,3842,3847,3852,3871,3872,3874,3856,3851,3830,3848,3870,3850,3836,3853,3854,3831,3777,3802],"product_tag":[],"class_list":{"0":"post-243305","1":"product","2":"type-product","3":"status-publish","4":"has-post-thumbnail","6":"product_cat-boot-schlosser","7":"product_cat-gdpr-konformes-schrankschloss","8":"product_cat-hauptschlussel-schlosser","9":"product_cat-hebel-schlosser","10":"product_cat-kabinett-schlosser","11":"product_cat-professionelle-mobelschlosser","12":"product_cat-schloss-fur-umschalter","13":"product_cat-schlosser-fur-automatische-lagerhauser","14":"product_cat-schlosser-fur-balkonkasten","15":"product_cat-schlosser-fur-caravans-und-wohnmobile","16":"product_cat-schlosser-fur-die-elektromechanische-industrie","17":"product_cat-schlosser-fur-gefahrstoffschranke","18":"product_cat-schlosser-fur-industrieschranke","19":"product_cat-schlosser-fur-kuhlaufbauten","20":"product_cat-schlosser-fur-lieferwagen","21":"product_cat-schlosser-fur-motorrader-und-motorroller","22":"product_cat-schlosser-fur-paketkasten","23":"product_cat-schlosser-fur-pflanzenschutzschranke","24":"product_cat-schlosser-fur-professionelle-trolleys","25":"product_cat-schlosser-fur-psa-schranke","26":"product_cat-schlosser-fur-sicherheitsmobel","27":"product_cat-schlosser-fur-skischranke","28":"product_cat-schlosser-fur-transportmittel","29":"product_cat-schlosser-fur-tresore","30":"product_cat-schlosser-fur-waffenstander","31":"product_cat-sicherheitsschlosser","32":"product_cat-universalschlosser-mit-zylinderplattchen","33":"product_cat-wasserdichte-rostfreie-schlosser","35":"first","36":"instock","37":"shipping-taxable","38":"purchasable","39":"product-type-variable"},"acf":{"pdf1":"https:\/\/www.omrserrature.it\/wp-content\/uploads\/2024\/05\/Scheda-162803.pdf"},"yoast_head":"<!-- This site is optimized with the Yoast SEO plugin v27.2 - https:\/\/yoast.com\/product\/yoast-seo-wordpress\/ -->\n<title>Universelles Schloss f\u00fcr Zylinder aus rostfreiem Stahl - OMR Serrature<\/title>\n<meta name=\"robots\" content=\"index, follow, max-snippet:-1, max-image-preview:large, max-video-preview:-1\" \/>\n<link rel=\"canonical\" href=\"https:\/\/www.omrserrature.it\/de\/produkt\/universelles-schloss-fuer-zylinder-aus-rostfreiem-stahl\/\" \/>\n<meta property=\"og:locale\" content=\"de_DE\" \/>\n<meta property=\"og:type\" content=\"article\" \/>\n<meta property=\"og:title\" content=\"Universelles Schloss f\u00fcr Zylinder aus rostfreiem Stahl - OMR Serrature\" \/>\n<meta property=\"og:description\" content=\"Das Hebelschloss mit Pl\u00e4ttchenzylinder, komplett mit Staubschutzhaube und Edelstahlkappe, ist witterungs- und korrosionsbest\u00e4ndig. Der Messingschl\u00fcssel bet\u00e4tigt einen zentralen Pl\u00e4ttchenzylinder mit 5 Pl\u00e4ttchen, der in einem Geh\u00e4use aus Zinklegierung mit gefr\u00e4stem Doppel-D-Durchmesser sitzt, das eine Drehung des Schlosses im Geh\u00e4use verhindert. Der 7 mm lange Vierkant erm\u00f6glicht die Montage von geraden, gekr\u00f6pften und Hakenzungen.  Es ist mit Schnellbefestigung mittels Gabelfeder (Clip) oder mit Mutter auf Stahl-, Aluminium- oder Kunststoffplatten erh\u00e4ltlich. Ideal f\u00fcr Au\u00dfenanwendungen wie Motorradkoffer, Fahrradst\u00e4nder, T\u00fcren und Autowaschanlagen.\" \/>\n<meta property=\"og:url\" content=\"https:\/\/www.omrserrature.it\/de\/produkt\/universelles-schloss-fuer-zylinder-aus-rostfreiem-stahl\/\" \/>\n<meta property=\"og:site_name\" content=\"OMR Serrature | Produzione sistemi di chiusura\" \/>\n<meta property=\"article:publisher\" content=\"https:\/\/www.facebook.com\/OMRserrature\" \/>\n<meta property=\"article:modified_time\" content=\"2026-04-08T09:14:17+00:00\" \/>\n<meta property=\"og:image\" content=\"https:\/\/www.omrserrature.it\/wp-content\/uploads\/2017\/10\/serratura-universale-rotore-inox.jpg\" \/>\n\t<meta property=\"og:image:width\" content=\"731\" \/>\n\t<meta property=\"og:image:height\" content=\"271\" \/>\n\t<meta property=\"og:image:type\" content=\"image\/jpeg\" \/>\n<meta name=\"twitter:card\" content=\"summary_large_image\" \/>\n<meta name=\"twitter:label1\" content=\"Gesch\u00e4tzte Lesezeit\" \/>\n\t<meta name=\"twitter:data1\" content=\"1\u00a0Minute\" \/>\n<script type=\"application\/ld+json\" class=\"yoast-schema-graph\">{\"@context\":\"https:\/\/schema.org\",\"@graph\":[{\"@type\":\"WebPage\",\"@id\":\"https:\/\/www.omrserrature.it\/de\/produkt\/universelles-schloss-fuer-zylinder-aus-rostfreiem-stahl\/\",\"url\":\"https:\/\/www.omrserrature.it\/de\/produkt\/universelles-schloss-fuer-zylinder-aus-rostfreiem-stahl\/\",\"name\":\"Universelles Schloss f\u00fcr Zylinder aus rostfreiem Stahl - OMR Serrature\",\"isPartOf\":{\"@id\":\"https:\/\/www.omrserrature.it\/de\/#website\"},\"primaryImageOfPage\":{\"@id\":\"https:\/\/www.omrserrature.it\/de\/produkt\/universelles-schloss-fuer-zylinder-aus-rostfreiem-stahl\/#primaryimage\"},\"image\":{\"@id\":\"https:\/\/www.omrserrature.it\/de\/produkt\/universelles-schloss-fuer-zylinder-aus-rostfreiem-stahl\/#primaryimage\"},\"thumbnailUrl\":\"https:\/\/www.omrserrature.it\/wp-content\/uploads\/2017\/10\/serratura-universale-rotore-inox.jpg\",\"datePublished\":\"2024-05-28T09:49:06+00:00\",\"dateModified\":\"2026-04-08T09:14:17+00:00\",\"breadcrumb\":{\"@id\":\"https:\/\/www.omrserrature.it\/de\/produkt\/universelles-schloss-fuer-zylinder-aus-rostfreiem-stahl\/#breadcrumb\"},\"inLanguage\":\"de\",\"potentialAction\":[{\"@type\":\"ReadAction\",\"target\":[\"https:\/\/www.omrserrature.it\/de\/produkt\/universelles-schloss-fuer-zylinder-aus-rostfreiem-stahl\/\"]}]},{\"@type\":\"ImageObject\",\"inLanguage\":\"de\",\"@id\":\"https:\/\/www.omrserrature.it\/de\/produkt\/universelles-schloss-fuer-zylinder-aus-rostfreiem-stahl\/#primaryimage\",\"url\":\"https:\/\/www.omrserrature.it\/wp-content\/uploads\/2017\/10\/serratura-universale-rotore-inox.jpg\",\"contentUrl\":\"https:\/\/www.omrserrature.it\/wp-content\/uploads\/2017\/10\/serratura-universale-rotore-inox.jpg\",\"width\":731,\"height\":271,\"caption\":\"Universalschl\u00f6sser mit Pl\u00e4ttchenzylinder aus rostfreiem Stahl\"},{\"@type\":\"BreadcrumbList\",\"@id\":\"https:\/\/www.omrserrature.it\/de\/produkt\/universelles-schloss-fuer-zylinder-aus-rostfreiem-stahl\/#breadcrumb\",\"itemListElement\":[{\"@type\":\"ListItem\",\"position\":1,\"name\":\"Home\",\"item\":\"https:\/\/www.omrserrature.it\/de\/omr-serrature-sistemi-chiusura\/\"},{\"@type\":\"ListItem\",\"position\":2,\"name\":\"Katalog\",\"item\":\"https:\/\/www.omrserrature.it\/katalog\/?lang=de\"},{\"@type\":\"ListItem\",\"position\":3,\"name\":\"Anwendungen\",\"item\":\"https:\/\/www.omrserrature.it\/de\/katalog\/anwendungen\/\"},{\"@type\":\"ListItem\",\"position\":4,\"name\":\"Schl\u00f6sser f\u00fcr Transportmittel\",\"item\":\"https:\/\/www.omrserrature.it\/de\/katalog\/anwendungen\/schlosser-fur-transportmittel\/\"},{\"@type\":\"ListItem\",\"position\":5,\"name\":\"Boot-Schl\u00f6sser\",\"item\":\"https:\/\/www.omrserrature.it\/de\/katalog\/anwendungen\/schlosser-fur-transportmittel\/boot-schlosser\/\"},{\"@type\":\"ListItem\",\"position\":6,\"name\":\"Universelles Schloss f\u00fcr Zylinder aus rostfreiem Stahl\"}]},{\"@type\":\"WebSite\",\"@id\":\"https:\/\/www.omrserrature.it\/de\/#website\",\"url\":\"https:\/\/www.omrserrature.it\/de\/\",\"name\":\"OMR Serrature | Produzione sistemi di chiusura\",\"description\":\"Produzione serrature di sicurezza e sistemi di chiusura\",\"publisher\":{\"@id\":\"https:\/\/www.omrserrature.it\/de\/#organization\"},\"potentialAction\":[{\"@type\":\"SearchAction\",\"target\":{\"@type\":\"EntryPoint\",\"urlTemplate\":\"https:\/\/www.omrserrature.it\/de\/?s={search_term_string}\"},\"query-input\":{\"@type\":\"PropertyValueSpecification\",\"valueRequired\":true,\"valueName\":\"search_term_string\"}}],\"inLanguage\":\"de\"},{\"@type\":\"Organization\",\"@id\":\"https:\/\/www.omrserrature.it\/de\/#organization\",\"name\":\"OMR Serrature | Produzione sistemi di chiusura\",\"url\":\"https:\/\/www.omrserrature.it\/de\/\",\"logo\":{\"@type\":\"ImageObject\",\"inLanguage\":\"de\",\"@id\":\"https:\/\/www.omrserrature.it\/de\/#\/schema\/logo\/image\/\",\"url\":\"https:\/\/www.omrserrature.it\/wp-content\/uploads\/2017\/09\/favicon-omr-114.png\",\"contentUrl\":\"https:\/\/www.omrserrature.it\/wp-content\/uploads\/2017\/09\/favicon-omr-114.png\",\"width\":114,\"height\":114,\"caption\":\"OMR Serrature | Produzione sistemi di chiusura\"},\"image\":{\"@id\":\"https:\/\/www.omrserrature.it\/de\/#\/schema\/logo\/image\/\"},\"sameAs\":[\"https:\/\/www.facebook.com\/OMRserrature\",\"https:\/\/www.linkedin.com\/company\/omrserrature\/\",\"https:\/\/www.youtube.com\/channel\/UCxmA85z2R0EpG_6IRokiAkg\"]}]}<\/script>\n<!-- \/ Yoast SEO plugin. -->","yoast_head_json":{"title":"Universelles Schloss f\u00fcr Zylinder aus rostfreiem Stahl - OMR Serrature","robots":{"index":"index","follow":"follow","max-snippet":"max-snippet:-1","max-image-preview":"max-image-preview:large","max-video-preview":"max-video-preview:-1"},"canonical":"https:\/\/www.omrserrature.it\/de\/produkt\/universelles-schloss-fuer-zylinder-aus-rostfreiem-stahl\/","og_locale":"de_DE","og_type":"article","og_title":"Universelles Schloss f\u00fcr Zylinder aus rostfreiem Stahl - OMR Serrature","og_description":"Das Hebelschloss mit Pl\u00e4ttchenzylinder, komplett mit Staubschutzhaube und Edelstahlkappe, ist witterungs- und korrosionsbest\u00e4ndig. Der Messingschl\u00fcssel bet\u00e4tigt einen zentralen Pl\u00e4ttchenzylinder mit 5 Pl\u00e4ttchen, der in einem Geh\u00e4use aus Zinklegierung mit gefr\u00e4stem Doppel-D-Durchmesser sitzt, das eine Drehung des Schlosses im Geh\u00e4use verhindert. Der 7 mm lange Vierkant erm\u00f6glicht die Montage von geraden, gekr\u00f6pften und Hakenzungen.  Es ist mit Schnellbefestigung mittels Gabelfeder (Clip) oder mit Mutter auf Stahl-, Aluminium- oder Kunststoffplatten erh\u00e4ltlich. Ideal f\u00fcr Au\u00dfenanwendungen wie Motorradkoffer, Fahrradst\u00e4nder, T\u00fcren und Autowaschanlagen.","og_url":"https:\/\/www.omrserrature.it\/de\/produkt\/universelles-schloss-fuer-zylinder-aus-rostfreiem-stahl\/","og_site_name":"OMR Serrature | Produzione sistemi di chiusura","article_publisher":"https:\/\/www.facebook.com\/OMRserrature","article_modified_time":"2026-04-08T09:14:17+00:00","og_image":[{"width":731,"height":271,"url":"https:\/\/www.omrserrature.it\/wp-content\/uploads\/2017\/10\/serratura-universale-rotore-inox.jpg","type":"image\/jpeg"}],"twitter_card":"summary_large_image","twitter_misc":{"Gesch\u00e4tzte Lesezeit":"1\u00a0Minute"},"schema":{"@context":"https:\/\/schema.org","@graph":[{"@type":"WebPage","@id":"https:\/\/www.omrserrature.it\/de\/produkt\/universelles-schloss-fuer-zylinder-aus-rostfreiem-stahl\/","url":"https:\/\/www.omrserrature.it\/de\/produkt\/universelles-schloss-fuer-zylinder-aus-rostfreiem-stahl\/","name":"Universelles Schloss f\u00fcr Zylinder aus rostfreiem Stahl - OMR Serrature","isPartOf":{"@id":"https:\/\/www.omrserrature.it\/de\/#website"},"primaryImageOfPage":{"@id":"https:\/\/www.omrserrature.it\/de\/produkt\/universelles-schloss-fuer-zylinder-aus-rostfreiem-stahl\/#primaryimage"},"image":{"@id":"https:\/\/www.omrserrature.it\/de\/produkt\/universelles-schloss-fuer-zylinder-aus-rostfreiem-stahl\/#primaryimage"},"thumbnailUrl":"https:\/\/www.omrserrature.it\/wp-content\/uploads\/2017\/10\/serratura-universale-rotore-inox.jpg","datePublished":"2024-05-28T09:49:06+00:00","dateModified":"2026-04-08T09:14:17+00:00","breadcrumb":{"@id":"https:\/\/www.omrserrature.it\/de\/produkt\/universelles-schloss-fuer-zylinder-aus-rostfreiem-stahl\/#breadcrumb"},"inLanguage":"de","potentialAction":[{"@type":"ReadAction","target":["https:\/\/www.omrserrature.it\/de\/produkt\/universelles-schloss-fuer-zylinder-aus-rostfreiem-stahl\/"]}]},{"@type":"ImageObject","inLanguage":"de","@id":"https:\/\/www.omrserrature.it\/de\/produkt\/universelles-schloss-fuer-zylinder-aus-rostfreiem-stahl\/#primaryimage","url":"https:\/\/www.omrserrature.it\/wp-content\/uploads\/2017\/10\/serratura-universale-rotore-inox.jpg","contentUrl":"https:\/\/www.omrserrature.it\/wp-content\/uploads\/2017\/10\/serratura-universale-rotore-inox.jpg","width":731,"height":271,"caption":"Universalschl\u00f6sser mit Pl\u00e4ttchenzylinder aus rostfreiem Stahl"},{"@type":"BreadcrumbList","@id":"https:\/\/www.omrserrature.it\/de\/produkt\/universelles-schloss-fuer-zylinder-aus-rostfreiem-stahl\/#breadcrumb","itemListElement":[{"@type":"ListItem","position":1,"name":"Home","item":"https:\/\/www.omrserrature.it\/de\/omr-serrature-sistemi-chiusura\/"},{"@type":"ListItem","position":2,"name":"Katalog","item":"https:\/\/www.omrserrature.it\/katalog\/?lang=de"},{"@type":"ListItem","position":3,"name":"Anwendungen","item":"https:\/\/www.omrserrature.it\/de\/katalog\/anwendungen\/"},{"@type":"ListItem","position":4,"name":"Schl\u00f6sser f\u00fcr Transportmittel","item":"https:\/\/www.omrserrature.it\/de\/katalog\/anwendungen\/schlosser-fur-transportmittel\/"},{"@type":"ListItem","position":5,"name":"Boot-Schl\u00f6sser","item":"https:\/\/www.omrserrature.it\/de\/katalog\/anwendungen\/schlosser-fur-transportmittel\/boot-schlosser\/"},{"@type":"ListItem","position":6,"name":"Universelles Schloss f\u00fcr Zylinder aus rostfreiem Stahl"}]},{"@type":"WebSite","@id":"https:\/\/www.omrserrature.it\/de\/#website","url":"https:\/\/www.omrserrature.it\/de\/","name":"OMR Serrature | Produzione sistemi di chiusura","description":"Produzione serrature di sicurezza e sistemi di chiusura","publisher":{"@id":"https:\/\/www.omrserrature.it\/de\/#organization"},"potentialAction":[{"@type":"SearchAction","target":{"@type":"EntryPoint","urlTemplate":"https:\/\/www.omrserrature.it\/de\/?s={search_term_string}"},"query-input":{"@type":"PropertyValueSpecification","valueRequired":true,"valueName":"search_term_string"}}],"inLanguage":"de"},{"@type":"Organization","@id":"https:\/\/www.omrserrature.it\/de\/#organization","name":"OMR Serrature | Produzione sistemi di chiusura","url":"https:\/\/www.omrserrature.it\/de\/","logo":{"@type":"ImageObject","inLanguage":"de","@id":"https:\/\/www.omrserrature.it\/de\/#\/schema\/logo\/image\/","url":"https:\/\/www.omrserrature.it\/wp-content\/uploads\/2017\/09\/favicon-omr-114.png","contentUrl":"https:\/\/www.omrserrature.it\/wp-content\/uploads\/2017\/09\/favicon-omr-114.png","width":114,"height":114,"caption":"OMR Serrature | Produzione sistemi di chiusura"},"image":{"@id":"https:\/\/www.omrserrature.it\/de\/#\/schema\/logo\/image\/"},"sameAs":["https:\/\/www.facebook.com\/OMRserrature","https:\/\/www.linkedin.com\/company\/omrserrature\/","https:\/\/www.youtube.com\/channel\/UCxmA85z2R0EpG_6IRokiAkg"]}]}},"_links":{"self":[{"href":"https:\/\/www.omrserrature.it\/de\/wp-json\/wp\/v2\/product\/243305","targetHints":{"allow":["GET"]}}],"collection":[{"href":"https:\/\/www.omrserrature.it\/de\/wp-json\/wp\/v2\/product"}],"about":[{"href":"https:\/\/www.omrserrature.it\/de\/wp-json\/wp\/v2\/types\/product"}],"replies":[{"embeddable":true,"href":"https:\/\/www.omrserrature.it\/de\/wp-json\/wp\/v2\/comments?post=243305"}],"wp:featuredmedia":[{"embeddable":true,"href":"https:\/\/www.omrserrature.it\/de\/wp-json\/wp\/v2\/media\/3439"}],"wp:attachment":[{"href":"https:\/\/www.omrserrature.it\/de\/wp-json\/wp\/v2\/media?parent=243305"}],"wp:term":[{"taxonomy":"product_brand","embeddable":true,"href":"https:\/\/www.omrserrature.it\/de\/wp-json\/wp\/v2\/product_brand?post=243305"},{"taxonomy":"product_cat","embeddable":true,"href":"https:\/\/www.omrserrature.it\/de\/wp-json\/wp\/v2\/product_cat?post=243305"},{"taxonomy":"product_tag","embeddable":true,"href":"https:\/\/www.omrserrature.it\/de\/wp-json\/wp\/v2\/product_tag?post=243305"}],"curies":[{"name":"wp","href":"https:\/\/api.w.org\/{rel}","templated":true}]}}