{"id":243260,"date":"2017-10-09T17:14:20","date_gmt":"2009-10-17T15:14:00","guid":{"rendered":"https:\/\/www.staging6.omrserrature.it\/prodotto\/universalschloss-mit-staubschutzhaube-und-gabelfeder\/"},"modified":"2026-04-08T13:13:08","modified_gmt":"2026-04-08T11:13:08","slug":"universalschloss-mit-staubschutzhaube-und-gabelfeder","status":"publish","type":"product","link":"https:\/\/www.omrserrature.it\/de\/produkt\/universalschloss-mit-staubschutzhaube-und-gabelfeder\/","title":{"rendered":"Universalschloss mit Staubschutzhaube und Gabelfeder"},"content":{"rendered":"<p>Das <strong>Universalhebelschloss<\/strong> mit Pl\u00e4ttchenzylinder, auch Pl\u00e4ttchen genannt, ist eines der beliebtesten Schl\u00f6sser in allen Bereichen. Es <strong>wurde f\u00fcr den Au\u00dfenbereich, feuchte oder staubige Umgebungen entwickelt<\/strong> und verf\u00fcgt \u00fcber einen <strong>schwarz lackierten Busch<\/strong>, einen<strong> mit Edelstahl beschichteten Zylinder<\/strong> und eine <strong>Staubklappe<\/strong> zum Schutz der internen Mechanismen. <strong>Schnelle Befestigung mit Gabelfeder (Clip) auf Stahl-, Aluminium- oder Kunststoffplatten. <\/strong> <\/p>\n<p>Der Schl\u00fcssel aus vernickeltem Messing bewegt den zentralen Pl\u00e4ttchenzylinder mit 5 Pl\u00e4ttchen, der sich in einem Geh\u00e4use aus Zinklegierung befindet, das Stator, Buchse oder K\u00f6rper genannt wird. Der Durchmesser ist an zwei gegen\u00fcberliegenden Seiten (Seitenplatten) gefr\u00e4st, die ein Doppel-D bilden, um die Drehung des Nockenschlosses im Einbausitz zu verhindern.  Die Bet\u00e4tigung des <strong>hinteren Hebels<\/strong> bestimmt, ob das <strong>Nockenschloss<\/strong> geschlossen oder ge\u00f6ffnet ist.<\/p>\n<p>Der K\u00f6rper und der Zylinder des Schlosses sind aus einer Zinklegierung und der Hebel aus Stahl gefertigt. Der 7-mm-Vierkant erm\u00f6glicht auch den Einbau verschiedener <strong>gerader, gekr\u00f6pfter oder gehakter Zungen<\/strong>. Verschiedene <strong>Versionen<\/strong> erm\u00f6glichen unterschiedliche Drehungen, T\u00fcrst\u00e4rken von 0,5 bis 27 mm und Schl\u00fcsselabzug im offenen und geschlossenen Zustand (oder nur in einem der beiden F\u00e4lle). <strong> <\/strong><\/p>\n<p>Der universelle Schlie\u00dfzylinder ist ideal f\u00fcr den Einbau in <strong>Au\u00dfenm\u00f6bel<\/strong>, Metallt\u00fcren, T\u00fcren, Tischlerarbeiten, Blechk\u00e4sten, Automaten- und Autowaschanlagen, Maschinen und Hinteren Stiften.<\/p>\n","protected":false},"excerpt":{"rendered":"<p><strong>Universalschlie\u00dfzylinder<\/strong> mit Pl\u00e4ttchenzylinder, entwickelt <strong>f\u00fcr den Au\u00dfenbereich und raue Bedingungen<\/strong>. Ausgestattet mit <strong>lackierter<\/strong> Buchse,<strong> Edelstahlkappe und Staubklappe<\/strong>. <\/p>\n<p><strong>Schnelles Spannen mit Gabelfeder<\/strong> auf Stahl-, Aluminium- oder Kunststoffplatten. Vielseitig kombinierbar mit geraden, gekr\u00f6pften oder gehakten Zungen, geeignet f\u00fcr verschiedene Anwendungen wie Au\u00dfenm\u00f6bel, T\u00fcren, Maschinen und Industrieanlagen. <\/p>\n","protected":false},"featured_media":3409,"comment_status":"open","ping_status":"closed","template":"","meta":{"_acf_changed":false,"_et_pb_use_builder":"","_et_pb_old_content":"","_et_gb_content_width":""},"product_brand":[],"product_cat":[3765,3763,3767,3855,3837,3796,3825,3829,3877,3772,3861,3841,3845,3832,3847,3852,3835,3856,3851,3857,3830,3848,3827,3866,3870,3850,3853,3854,3788,3831,3777,3802],"product_tag":[],"class_list":{"0":"post-243260","1":"product","2":"type-product","3":"status-publish","4":"has-post-thumbnail","6":"product_cat-abschlusssysteme-fur-die-industrie","7":"product_cat-automotive-und-transport","8":"product_cat-bank-und-postwesen","9":"product_cat-briefkastenschlosser","10":"product_cat-gdpr-konformes-schrankschloss","11":"product_cat-hauptschlussel-schlosser","12":"product_cat-hebel-schlosser","13":"product_cat-kabinett-schlosser","14":"product_cat-klappe","15":"product_cat-krankenhauser-und-gesundheitsbereich","16":"product_cat-mobelturen","17":"product_cat-schloss-fur-umschalter","18":"product_cat-schlosser-fur-automaten","19":"product_cat-schlosser-fur-briefkasten","20":"product_cat-schlosser-fur-gefahrstoffschranke","21":"product_cat-schlosser-fur-industrieschranke","22":"product_cat-schlosser-fur-mobel","23":"product_cat-schlosser-fur-paketkasten","24":"product_cat-schlosser-fur-pflanzenschutzschranke","25":"product_cat-schlosser-fur-postfacher","26":"product_cat-schlosser-fur-professionelle-trolleys","27":"product_cat-schlosser-fur-psa-schranke","28":"product_cat-schlosser-fur-schaltschranke","29":"product_cat-schlosser-fur-schilder","30":"product_cat-schlosser-fur-sicherheitsmobel","31":"product_cat-schlosser-fur-skischranke","32":"product_cat-schlosser-fur-tresore","33":"product_cat-schlosser-fur-waffenstander","34":"product_cat-schlosser-mit-abnehmbarem-zylinder","35":"product_cat-sicherheitsschlosser","36":"product_cat-universalschlosser-mit-zylinderplattchen","37":"product_cat-wasserdichte-rostfreie-schlosser","39":"first","40":"instock","41":"shipping-taxable","42":"purchasable","43":"product-type-variable"},"acf":{"pdf1":"https:\/\/www.omrserrature.it\/wp-content\/uploads\/schede\/Scheda_161651.pdf"},"yoast_head":"<!-- This site is optimized with the Yoast SEO plugin v27.2 - https:\/\/yoast.com\/product\/yoast-seo-wordpress\/ -->\n<title>Universalschloss mit Staubschutzhaube und Gabelfeder - OMR Serrature<\/title>\n<meta name=\"robots\" content=\"index, follow, max-snippet:-1, max-image-preview:large, max-video-preview:-1\" \/>\n<link rel=\"canonical\" href=\"https:\/\/www.omrserrature.it\/de\/produkt\/universalschloss-mit-staubschutzhaube-und-gabelfeder\/\" \/>\n<meta property=\"og:locale\" content=\"de_DE\" \/>\n<meta property=\"og:type\" content=\"article\" \/>\n<meta property=\"og:title\" content=\"Universalschloss mit Staubschutzhaube und Gabelfeder - OMR Serrature\" \/>\n<meta property=\"og:description\" content=\"Universalschlie\u00dfzylinder mit Pl\u00e4ttchenzylinder, entwickelt f\u00fcr den Au\u00dfenbereich und raue Bedingungen. Ausgestattet mit lackierter Buchse, Edelstahlkappe und Staubklappe.  Schnelles Spannen mit Gabelfeder auf Stahl-, Aluminium- oder Kunststoffplatten. Vielseitig kombinierbar mit geraden, gekr\u00f6pften oder gehakten Zungen, geeignet f\u00fcr verschiedene Anwendungen wie Au\u00dfenm\u00f6bel, T\u00fcren, Maschinen und Industrieanlagen.\" \/>\n<meta property=\"og:url\" content=\"https:\/\/www.omrserrature.it\/de\/produkt\/universalschloss-mit-staubschutzhaube-und-gabelfeder\/\" \/>\n<meta property=\"og:site_name\" content=\"OMR Serrature | Produzione sistemi di chiusura\" \/>\n<meta property=\"article:publisher\" content=\"https:\/\/www.facebook.com\/OMRserrature\" \/>\n<meta property=\"article:modified_time\" content=\"2026-04-08T11:13:08+00:00\" \/>\n<meta property=\"og:image\" content=\"https:\/\/www.omrserrature.it\/wp-content\/uploads\/2017\/10\/serratura-universale-parapolvere-forcella.jpg\" \/>\n\t<meta property=\"og:image:width\" content=\"770\" \/>\n\t<meta property=\"og:image:height\" content=\"364\" \/>\n\t<meta property=\"og:image:type\" content=\"image\/jpeg\" \/>\n<meta name=\"twitter:card\" content=\"summary_large_image\" \/>\n<meta name=\"twitter:label1\" content=\"Gesch\u00e4tzte Lesezeit\" \/>\n\t<meta name=\"twitter:data1\" content=\"1\u00a0Minute\" \/>\n<script type=\"application\/ld+json\" class=\"yoast-schema-graph\">{\"@context\":\"https:\/\/schema.org\",\"@graph\":[{\"@type\":\"WebPage\",\"@id\":\"https:\/\/www.omrserrature.it\/de\/produkt\/universalschloss-mit-staubschutzhaube-und-gabelfeder\/\",\"url\":\"https:\/\/www.omrserrature.it\/de\/produkt\/universalschloss-mit-staubschutzhaube-und-gabelfeder\/\",\"name\":\"Universalschloss mit Staubschutzhaube und Gabelfeder - OMR Serrature\",\"isPartOf\":{\"@id\":\"https:\/\/www.omrserrature.it\/de\/#website\"},\"primaryImageOfPage\":{\"@id\":\"https:\/\/www.omrserrature.it\/de\/produkt\/universalschloss-mit-staubschutzhaube-und-gabelfeder\/#primaryimage\"},\"image\":{\"@id\":\"https:\/\/www.omrserrature.it\/de\/produkt\/universalschloss-mit-staubschutzhaube-und-gabelfeder\/#primaryimage\"},\"thumbnailUrl\":\"https:\/\/www.omrserrature.it\/wp-content\/uploads\/2017\/10\/serratura-universale-parapolvere-forcella.jpg\",\"datePublished\":\"2009-10-17T15:14:00+00:00\",\"dateModified\":\"2026-04-08T11:13:08+00:00\",\"breadcrumb\":{\"@id\":\"https:\/\/www.omrserrature.it\/de\/produkt\/universalschloss-mit-staubschutzhaube-und-gabelfeder\/#breadcrumb\"},\"inLanguage\":\"de\",\"potentialAction\":[{\"@type\":\"ReadAction\",\"target\":[\"https:\/\/www.omrserrature.it\/de\/produkt\/universalschloss-mit-staubschutzhaube-und-gabelfeder\/\"]}]},{\"@type\":\"ImageObject\",\"inLanguage\":\"de\",\"@id\":\"https:\/\/www.omrserrature.it\/de\/produkt\/universalschloss-mit-staubschutzhaube-und-gabelfeder\/#primaryimage\",\"url\":\"https:\/\/www.omrserrature.it\/wp-content\/uploads\/2017\/10\/serratura-universale-parapolvere-forcella.jpg\",\"contentUrl\":\"https:\/\/www.omrserrature.it\/wp-content\/uploads\/2017\/10\/serratura-universale-parapolvere-forcella.jpg\",\"width\":770,\"height\":364,\"caption\":\"Hebelschloss mit Staubschutz und Klammerbefestigung. Edelstahlschloss mit Pl\u00e4ttchenzylinder\"},{\"@type\":\"BreadcrumbList\",\"@id\":\"https:\/\/www.omrserrature.it\/de\/produkt\/universalschloss-mit-staubschutzhaube-und-gabelfeder\/#breadcrumb\",\"itemListElement\":[{\"@type\":\"ListItem\",\"position\":1,\"name\":\"Home\",\"item\":\"https:\/\/www.omrserrature.it\/de\/omr-serrature-sistemi-chiusura\/\"},{\"@type\":\"ListItem\",\"position\":2,\"name\":\"Katalog\",\"item\":\"https:\/\/www.omrserrature.it\/katalog\/?lang=de\"},{\"@type\":\"ListItem\",\"position\":3,\"name\":\"Produkte\",\"item\":\"https:\/\/www.omrserrature.it\/de\/katalog\/produkte\/\"},{\"@type\":\"ListItem\",\"position\":4,\"name\":\"Schloesser\",\"item\":\"https:\/\/www.omrserrature.it\/de\/katalog\/produkte\/schloesser\/\"},{\"@type\":\"ListItem\",\"position\":5,\"name\":\"Hebel Schl\u00f6sser\",\"item\":\"https:\/\/www.omrserrature.it\/de\/katalog\/produkte\/schloesser\/hebel-schlosser\/\"},{\"@type\":\"ListItem\",\"position\":6,\"name\":\"Universalschloss mit Staubschutzhaube und Gabelfeder\"}]},{\"@type\":\"WebSite\",\"@id\":\"https:\/\/www.omrserrature.it\/de\/#website\",\"url\":\"https:\/\/www.omrserrature.it\/de\/\",\"name\":\"OMR Serrature | Produzione sistemi di chiusura\",\"description\":\"Produzione serrature di sicurezza e sistemi di chiusura\",\"publisher\":{\"@id\":\"https:\/\/www.omrserrature.it\/de\/#organization\"},\"potentialAction\":[{\"@type\":\"SearchAction\",\"target\":{\"@type\":\"EntryPoint\",\"urlTemplate\":\"https:\/\/www.omrserrature.it\/de\/?s={search_term_string}\"},\"query-input\":{\"@type\":\"PropertyValueSpecification\",\"valueRequired\":true,\"valueName\":\"search_term_string\"}}],\"inLanguage\":\"de\"},{\"@type\":\"Organization\",\"@id\":\"https:\/\/www.omrserrature.it\/de\/#organization\",\"name\":\"OMR Serrature | Produzione sistemi di chiusura\",\"url\":\"https:\/\/www.omrserrature.it\/de\/\",\"logo\":{\"@type\":\"ImageObject\",\"inLanguage\":\"de\",\"@id\":\"https:\/\/www.omrserrature.it\/de\/#\/schema\/logo\/image\/\",\"url\":\"https:\/\/www.omrserrature.it\/wp-content\/uploads\/2017\/09\/favicon-omr-114.png\",\"contentUrl\":\"https:\/\/www.omrserrature.it\/wp-content\/uploads\/2017\/09\/favicon-omr-114.png\",\"width\":114,\"height\":114,\"caption\":\"OMR Serrature | Produzione sistemi di chiusura\"},\"image\":{\"@id\":\"https:\/\/www.omrserrature.it\/de\/#\/schema\/logo\/image\/\"},\"sameAs\":[\"https:\/\/www.facebook.com\/OMRserrature\",\"https:\/\/www.linkedin.com\/company\/omrserrature\/\",\"https:\/\/www.youtube.com\/channel\/UCxmA85z2R0EpG_6IRokiAkg\"]}]}<\/script>\n<!-- \/ Yoast SEO plugin. -->","yoast_head_json":{"title":"Universalschloss mit Staubschutzhaube und Gabelfeder - OMR Serrature","robots":{"index":"index","follow":"follow","max-snippet":"max-snippet:-1","max-image-preview":"max-image-preview:large","max-video-preview":"max-video-preview:-1"},"canonical":"https:\/\/www.omrserrature.it\/de\/produkt\/universalschloss-mit-staubschutzhaube-und-gabelfeder\/","og_locale":"de_DE","og_type":"article","og_title":"Universalschloss mit Staubschutzhaube und Gabelfeder - OMR Serrature","og_description":"Universalschlie\u00dfzylinder mit Pl\u00e4ttchenzylinder, entwickelt f\u00fcr den Au\u00dfenbereich und raue Bedingungen. Ausgestattet mit lackierter Buchse, Edelstahlkappe und Staubklappe.  Schnelles Spannen mit Gabelfeder auf Stahl-, Aluminium- oder Kunststoffplatten. Vielseitig kombinierbar mit geraden, gekr\u00f6pften oder gehakten Zungen, geeignet f\u00fcr verschiedene Anwendungen wie Au\u00dfenm\u00f6bel, T\u00fcren, Maschinen und Industrieanlagen.","og_url":"https:\/\/www.omrserrature.it\/de\/produkt\/universalschloss-mit-staubschutzhaube-und-gabelfeder\/","og_site_name":"OMR Serrature | Produzione sistemi di chiusura","article_publisher":"https:\/\/www.facebook.com\/OMRserrature","article_modified_time":"2026-04-08T11:13:08+00:00","og_image":[{"width":770,"height":364,"url":"https:\/\/www.omrserrature.it\/wp-content\/uploads\/2017\/10\/serratura-universale-parapolvere-forcella.jpg","type":"image\/jpeg"}],"twitter_card":"summary_large_image","twitter_misc":{"Gesch\u00e4tzte Lesezeit":"1\u00a0Minute"},"schema":{"@context":"https:\/\/schema.org","@graph":[{"@type":"WebPage","@id":"https:\/\/www.omrserrature.it\/de\/produkt\/universalschloss-mit-staubschutzhaube-und-gabelfeder\/","url":"https:\/\/www.omrserrature.it\/de\/produkt\/universalschloss-mit-staubschutzhaube-und-gabelfeder\/","name":"Universalschloss mit Staubschutzhaube und Gabelfeder - OMR Serrature","isPartOf":{"@id":"https:\/\/www.omrserrature.it\/de\/#website"},"primaryImageOfPage":{"@id":"https:\/\/www.omrserrature.it\/de\/produkt\/universalschloss-mit-staubschutzhaube-und-gabelfeder\/#primaryimage"},"image":{"@id":"https:\/\/www.omrserrature.it\/de\/produkt\/universalschloss-mit-staubschutzhaube-und-gabelfeder\/#primaryimage"},"thumbnailUrl":"https:\/\/www.omrserrature.it\/wp-content\/uploads\/2017\/10\/serratura-universale-parapolvere-forcella.jpg","datePublished":"2009-10-17T15:14:00+00:00","dateModified":"2026-04-08T11:13:08+00:00","breadcrumb":{"@id":"https:\/\/www.omrserrature.it\/de\/produkt\/universalschloss-mit-staubschutzhaube-und-gabelfeder\/#breadcrumb"},"inLanguage":"de","potentialAction":[{"@type":"ReadAction","target":["https:\/\/www.omrserrature.it\/de\/produkt\/universalschloss-mit-staubschutzhaube-und-gabelfeder\/"]}]},{"@type":"ImageObject","inLanguage":"de","@id":"https:\/\/www.omrserrature.it\/de\/produkt\/universalschloss-mit-staubschutzhaube-und-gabelfeder\/#primaryimage","url":"https:\/\/www.omrserrature.it\/wp-content\/uploads\/2017\/10\/serratura-universale-parapolvere-forcella.jpg","contentUrl":"https:\/\/www.omrserrature.it\/wp-content\/uploads\/2017\/10\/serratura-universale-parapolvere-forcella.jpg","width":770,"height":364,"caption":"Hebelschloss mit Staubschutz und Klammerbefestigung. Edelstahlschloss mit Pl\u00e4ttchenzylinder"},{"@type":"BreadcrumbList","@id":"https:\/\/www.omrserrature.it\/de\/produkt\/universalschloss-mit-staubschutzhaube-und-gabelfeder\/#breadcrumb","itemListElement":[{"@type":"ListItem","position":1,"name":"Home","item":"https:\/\/www.omrserrature.it\/de\/omr-serrature-sistemi-chiusura\/"},{"@type":"ListItem","position":2,"name":"Katalog","item":"https:\/\/www.omrserrature.it\/katalog\/?lang=de"},{"@type":"ListItem","position":3,"name":"Produkte","item":"https:\/\/www.omrserrature.it\/de\/katalog\/produkte\/"},{"@type":"ListItem","position":4,"name":"Schloesser","item":"https:\/\/www.omrserrature.it\/de\/katalog\/produkte\/schloesser\/"},{"@type":"ListItem","position":5,"name":"Hebel Schl\u00f6sser","item":"https:\/\/www.omrserrature.it\/de\/katalog\/produkte\/schloesser\/hebel-schlosser\/"},{"@type":"ListItem","position":6,"name":"Universalschloss mit Staubschutzhaube und Gabelfeder"}]},{"@type":"WebSite","@id":"https:\/\/www.omrserrature.it\/de\/#website","url":"https:\/\/www.omrserrature.it\/de\/","name":"OMR Serrature | Produzione sistemi di chiusura","description":"Produzione serrature di sicurezza e sistemi di chiusura","publisher":{"@id":"https:\/\/www.omrserrature.it\/de\/#organization"},"potentialAction":[{"@type":"SearchAction","target":{"@type":"EntryPoint","urlTemplate":"https:\/\/www.omrserrature.it\/de\/?s={search_term_string}"},"query-input":{"@type":"PropertyValueSpecification","valueRequired":true,"valueName":"search_term_string"}}],"inLanguage":"de"},{"@type":"Organization","@id":"https:\/\/www.omrserrature.it\/de\/#organization","name":"OMR Serrature | Produzione sistemi di chiusura","url":"https:\/\/www.omrserrature.it\/de\/","logo":{"@type":"ImageObject","inLanguage":"de","@id":"https:\/\/www.omrserrature.it\/de\/#\/schema\/logo\/image\/","url":"https:\/\/www.omrserrature.it\/wp-content\/uploads\/2017\/09\/favicon-omr-114.png","contentUrl":"https:\/\/www.omrserrature.it\/wp-content\/uploads\/2017\/09\/favicon-omr-114.png","width":114,"height":114,"caption":"OMR Serrature | Produzione sistemi di chiusura"},"image":{"@id":"https:\/\/www.omrserrature.it\/de\/#\/schema\/logo\/image\/"},"sameAs":["https:\/\/www.facebook.com\/OMRserrature","https:\/\/www.linkedin.com\/company\/omrserrature\/","https:\/\/www.youtube.com\/channel\/UCxmA85z2R0EpG_6IRokiAkg"]}]}},"_links":{"self":[{"href":"https:\/\/www.omrserrature.it\/de\/wp-json\/wp\/v2\/product\/243260","targetHints":{"allow":["GET"]}}],"collection":[{"href":"https:\/\/www.omrserrature.it\/de\/wp-json\/wp\/v2\/product"}],"about":[{"href":"https:\/\/www.omrserrature.it\/de\/wp-json\/wp\/v2\/types\/product"}],"replies":[{"embeddable":true,"href":"https:\/\/www.omrserrature.it\/de\/wp-json\/wp\/v2\/comments?post=243260"}],"wp:featuredmedia":[{"embeddable":true,"href":"https:\/\/www.omrserrature.it\/de\/wp-json\/wp\/v2\/media\/3409"}],"wp:attachment":[{"href":"https:\/\/www.omrserrature.it\/de\/wp-json\/wp\/v2\/media?parent=243260"}],"wp:term":[{"taxonomy":"product_brand","embeddable":true,"href":"https:\/\/www.omrserrature.it\/de\/wp-json\/wp\/v2\/product_brand?post=243260"},{"taxonomy":"product_cat","embeddable":true,"href":"https:\/\/www.omrserrature.it\/de\/wp-json\/wp\/v2\/product_cat?post=243260"},{"taxonomy":"product_tag","embeddable":true,"href":"https:\/\/www.omrserrature.it\/de\/wp-json\/wp\/v2\/product_tag?post=243260"}],"curies":[{"name":"wp","href":"https:\/\/api.w.org\/{rel}","templated":true}]}}