{"id":243234,"date":"2017-10-06T10:54:54","date_gmt":"2006-10-17T08:54:00","guid":{"rendered":"https:\/\/www.staging6.omrserrature.it\/prodotto\/universal-schloss-verchromt-runder-querschnitt\/"},"modified":"2026-04-08T13:13:00","modified_gmt":"2026-04-08T11:13:00","slug":"universal-schloss-verchromt-runder-querschnitt","status":"publish","type":"product","link":"https:\/\/www.omrserrature.it\/de\/produkt\/universal-schloss-verchromt-runder-querschnitt\/","title":{"rendered":"Universal Schloss verchromt &#8211; runder Querschnitt"},"content":{"rendered":"<p><strong>Das universelle Standard-Schl\u00fcsselbolzenschloss<\/strong><strong> mit spezieller Vorrichtung<\/strong> zeichnet sich durch das Fehlen von Seitenplatten (der Schnitt des Schlossk\u00f6rpers ist rund) und das Vorhandensein eines D\u00fcbels im oberen Teil aus, der das Geh\u00e4useloch kennzeichnet. Wie alle Modelle dieser Kategorie ist es mit einem internen Mechanismus ausgestattet, der beim Einstecken des Schl\u00fcssels aktiviert wird und die Stifte nach einer genauen Position ausrichtet, so dass der Zylinder und die \u00d6ffnungs- oder Abschlussbewegung freigegeben werden k\u00f6nnen. <strong>Hebelschl\u00f6sser sind die <em>Premiumversion<\/em> ihrer Pl\u00e4ttchenzylinder<\/strong>: hochwertige Materialien, h\u00f6here Einbruchsicherheit, elegantes Design und ein pr\u00e4ziser interner Mechanismus bestimmen ihren Wert. <\/p>\n<p>Sowohl die St\u00f6\u00dfel als auch der Au\u00dfenk\u00f6rper sind aus <strong>Messing<\/strong>; die ovale Klemme erm\u00f6glicht den Einbau von <strong>geraden, gekr\u00f6pften und Hakenzungen<\/strong>, ohne die M\u00f6glichkeit zu vernachl\u00e4ssigen, Mehrpunkt-Hebel f\u00fcr die Bewegung von Stangen oder Steuerungen f\u00fcr <strong>Mehrfach- und Zentralverschl\u00fcsse<\/strong> anzubringen.<\/p>\n<p>Das universelle Standard-Schl\u00fcsselbolzenschloss mit Spezialvorrichtung ist f\u00fcr spezielle Anwendungen gedacht, bei denen ein <strong>Geh\u00e4use mit unkonventioneller Bohrung<\/strong> erforderlich ist, auch im Au\u00dfenbereich, wie z.B. bei Tischlerprodukten, Tresorboxen oder <strong>Spezialmaschinen<\/strong>.<\/p>\n","protected":false},"excerpt":{"rendered":"<p><strong>Universelles Stiftzuhaltungsschloss<\/strong> mit Standardschl\u00fcssel, runder Korpus ohne Seitenplatten und oberen D\u00fcbel. <strong>Pr\u00e4ziser Messingmechanismus<\/strong>, geeignet f\u00fcr Zungen und Zentralverschl\u00fcsse.<\/p>\n<p>Ideal f\u00fcr spezielle Anwendungen und im Au\u00dfenbereich.<\/p>\n","protected":false},"featured_media":3433,"comment_status":"open","ping_status":"closed","template":"","meta":{"_acf_changed":false,"_et_pb_use_builder":"","_et_pb_old_content":"","_et_gb_content_width":""},"product_brand":[],"product_cat":[3825,3800],"product_tag":[],"class_list":{"0":"post-243234","1":"product","2":"type-product","3":"status-publish","4":"has-post-thumbnail","6":"product_cat-hebel-schlosser","7":"product_cat-spezialschlosser-nach-mas","9":"first","10":"instock","11":"shipping-taxable","12":"purchasable","13":"product-type-variable"},"acf":{"pdf1":"https:\/\/www.omrserrature.it\/wp-content\/uploads\/2017\/10\/Scheda_60650.pdf"},"yoast_head":"<!-- This site is optimized with the Yoast SEO plugin v27.2 - https:\/\/yoast.com\/product\/yoast-seo-wordpress\/ -->\n<title>Universal Schloss verchromt - runder Querschnitt - OMR Serrature<\/title>\n<meta name=\"robots\" content=\"index, follow, max-snippet:-1, max-image-preview:large, max-video-preview:-1\" \/>\n<link rel=\"canonical\" href=\"https:\/\/www.omrserrature.it\/de\/produkt\/universal-schloss-verchromt-runder-querschnitt\/\" \/>\n<meta property=\"og:locale\" content=\"de_DE\" \/>\n<meta property=\"og:type\" content=\"article\" \/>\n<meta property=\"og:title\" content=\"Universal Schloss verchromt - runder Querschnitt - OMR Serrature\" \/>\n<meta property=\"og:description\" content=\"Universelles Stiftzuhaltungsschloss mit Standardschl\u00fcssel, runder Korpus ohne Seitenplatten und oberen D\u00fcbel. Pr\u00e4ziser Messingmechanismus, geeignet f\u00fcr Zungen und Zentralverschl\u00fcsse. Ideal f\u00fcr spezielle Anwendungen und im Au\u00dfenbereich.\" \/>\n<meta property=\"og:url\" content=\"https:\/\/www.omrserrature.it\/de\/produkt\/universal-schloss-verchromt-runder-querschnitt\/\" \/>\n<meta property=\"og:site_name\" content=\"OMR Serrature | Produzione sistemi di chiusura\" \/>\n<meta property=\"article:publisher\" content=\"https:\/\/www.facebook.com\/OMRserrature\" \/>\n<meta property=\"article:modified_time\" content=\"2026-04-08T11:13:00+00:00\" \/>\n<meta property=\"og:image\" content=\"https:\/\/www.omrserrature.it\/wp-content\/uploads\/2017\/10\/serratura-universale-perni-rotore-centrale-cromata.jpg\" \/>\n\t<meta property=\"og:image:width\" content=\"680\" \/>\n\t<meta property=\"og:image:height\" content=\"396\" \/>\n\t<meta property=\"og:image:type\" content=\"image\/jpeg\" \/>\n<meta name=\"twitter:card\" content=\"summary_large_image\" \/>\n<meta name=\"twitter:label1\" content=\"Gesch\u00e4tzte Lesezeit\" \/>\n\t<meta name=\"twitter:data1\" content=\"1\u00a0Minute\" \/>\n<script type=\"application\/ld+json\" class=\"yoast-schema-graph\">{\"@context\":\"https:\/\/schema.org\",\"@graph\":[{\"@type\":\"WebPage\",\"@id\":\"https:\/\/www.omrserrature.it\/de\/produkt\/universal-schloss-verchromt-runder-querschnitt\/\",\"url\":\"https:\/\/www.omrserrature.it\/de\/produkt\/universal-schloss-verchromt-runder-querschnitt\/\",\"name\":\"Universal Schloss verchromt - runder Querschnitt - OMR Serrature\",\"isPartOf\":{\"@id\":\"https:\/\/www.omrserrature.it\/de\/#website\"},\"primaryImageOfPage\":{\"@id\":\"https:\/\/www.omrserrature.it\/de\/produkt\/universal-schloss-verchromt-runder-querschnitt\/#primaryimage\"},\"image\":{\"@id\":\"https:\/\/www.omrserrature.it\/de\/produkt\/universal-schloss-verchromt-runder-querschnitt\/#primaryimage\"},\"thumbnailUrl\":\"https:\/\/www.omrserrature.it\/wp-content\/uploads\/2017\/10\/serratura-universale-perni-rotore-centrale-cromata.jpg\",\"datePublished\":\"2006-10-17T08:54:00+00:00\",\"dateModified\":\"2026-04-08T11:13:00+00:00\",\"breadcrumb\":{\"@id\":\"https:\/\/www.omrserrature.it\/de\/produkt\/universal-schloss-verchromt-runder-querschnitt\/#breadcrumb\"},\"inLanguage\":\"de\",\"potentialAction\":[{\"@type\":\"ReadAction\",\"target\":[\"https:\/\/www.omrserrature.it\/de\/produkt\/universal-schloss-verchromt-runder-querschnitt\/\"]}]},{\"@type\":\"ImageObject\",\"inLanguage\":\"de\",\"@id\":\"https:\/\/www.omrserrature.it\/de\/produkt\/universal-schloss-verchromt-runder-querschnitt\/#primaryimage\",\"url\":\"https:\/\/www.omrserrature.it\/wp-content\/uploads\/2017\/10\/serratura-universale-perni-rotore-centrale-cromata.jpg\",\"contentUrl\":\"https:\/\/www.omrserrature.it\/wp-content\/uploads\/2017\/10\/serratura-universale-perni-rotore-centrale-cromata.jpg\",\"width\":680,\"height\":396,\"caption\":\"Universelles verchromtes Stiftschloss mit zentralem Zylinder\"},{\"@type\":\"BreadcrumbList\",\"@id\":\"https:\/\/www.omrserrature.it\/de\/produkt\/universal-schloss-verchromt-runder-querschnitt\/#breadcrumb\",\"itemListElement\":[{\"@type\":\"ListItem\",\"position\":1,\"name\":\"Home\",\"item\":\"https:\/\/www.omrserrature.it\/de\/omr-serrature-sistemi-chiusura\/\"},{\"@type\":\"ListItem\",\"position\":2,\"name\":\"Katalog\",\"item\":\"https:\/\/www.omrserrature.it\/katalog\/?lang=de\"},{\"@type\":\"ListItem\",\"position\":3,\"name\":\"Produkte\",\"item\":\"https:\/\/www.omrserrature.it\/de\/katalog\/produkte\/\"},{\"@type\":\"ListItem\",\"position\":4,\"name\":\"Schloesser\",\"item\":\"https:\/\/www.omrserrature.it\/de\/katalog\/produkte\/schloesser\/\"},{\"@type\":\"ListItem\",\"position\":5,\"name\":\"Hebel Schl\u00f6sser\",\"item\":\"https:\/\/www.omrserrature.it\/de\/katalog\/produkte\/schloesser\/hebel-schlosser\/\"},{\"@type\":\"ListItem\",\"position\":6,\"name\":\"Universal Schloss verchromt &#8211; runder Querschnitt\"}]},{\"@type\":\"WebSite\",\"@id\":\"https:\/\/www.omrserrature.it\/de\/#website\",\"url\":\"https:\/\/www.omrserrature.it\/de\/\",\"name\":\"OMR Serrature | Produzione sistemi di chiusura\",\"description\":\"Produzione serrature di sicurezza e sistemi di chiusura\",\"publisher\":{\"@id\":\"https:\/\/www.omrserrature.it\/de\/#organization\"},\"potentialAction\":[{\"@type\":\"SearchAction\",\"target\":{\"@type\":\"EntryPoint\",\"urlTemplate\":\"https:\/\/www.omrserrature.it\/de\/?s={search_term_string}\"},\"query-input\":{\"@type\":\"PropertyValueSpecification\",\"valueRequired\":true,\"valueName\":\"search_term_string\"}}],\"inLanguage\":\"de\"},{\"@type\":\"Organization\",\"@id\":\"https:\/\/www.omrserrature.it\/de\/#organization\",\"name\":\"OMR Serrature | Produzione sistemi di chiusura\",\"url\":\"https:\/\/www.omrserrature.it\/de\/\",\"logo\":{\"@type\":\"ImageObject\",\"inLanguage\":\"de\",\"@id\":\"https:\/\/www.omrserrature.it\/de\/#\/schema\/logo\/image\/\",\"url\":\"https:\/\/www.omrserrature.it\/wp-content\/uploads\/2017\/09\/favicon-omr-114.png\",\"contentUrl\":\"https:\/\/www.omrserrature.it\/wp-content\/uploads\/2017\/09\/favicon-omr-114.png\",\"width\":114,\"height\":114,\"caption\":\"OMR Serrature | Produzione sistemi di chiusura\"},\"image\":{\"@id\":\"https:\/\/www.omrserrature.it\/de\/#\/schema\/logo\/image\/\"},\"sameAs\":[\"https:\/\/www.facebook.com\/OMRserrature\",\"https:\/\/www.linkedin.com\/company\/omrserrature\/\",\"https:\/\/www.youtube.com\/channel\/UCxmA85z2R0EpG_6IRokiAkg\"]}]}<\/script>\n<!-- \/ Yoast SEO plugin. -->","yoast_head_json":{"title":"Universal Schloss verchromt - runder Querschnitt - OMR Serrature","robots":{"index":"index","follow":"follow","max-snippet":"max-snippet:-1","max-image-preview":"max-image-preview:large","max-video-preview":"max-video-preview:-1"},"canonical":"https:\/\/www.omrserrature.it\/de\/produkt\/universal-schloss-verchromt-runder-querschnitt\/","og_locale":"de_DE","og_type":"article","og_title":"Universal Schloss verchromt - runder Querschnitt - OMR Serrature","og_description":"Universelles Stiftzuhaltungsschloss mit Standardschl\u00fcssel, runder Korpus ohne Seitenplatten und oberen D\u00fcbel. Pr\u00e4ziser Messingmechanismus, geeignet f\u00fcr Zungen und Zentralverschl\u00fcsse. Ideal f\u00fcr spezielle Anwendungen und im Au\u00dfenbereich.","og_url":"https:\/\/www.omrserrature.it\/de\/produkt\/universal-schloss-verchromt-runder-querschnitt\/","og_site_name":"OMR Serrature | Produzione sistemi di chiusura","article_publisher":"https:\/\/www.facebook.com\/OMRserrature","article_modified_time":"2026-04-08T11:13:00+00:00","og_image":[{"width":680,"height":396,"url":"https:\/\/www.omrserrature.it\/wp-content\/uploads\/2017\/10\/serratura-universale-perni-rotore-centrale-cromata.jpg","type":"image\/jpeg"}],"twitter_card":"summary_large_image","twitter_misc":{"Gesch\u00e4tzte Lesezeit":"1\u00a0Minute"},"schema":{"@context":"https:\/\/schema.org","@graph":[{"@type":"WebPage","@id":"https:\/\/www.omrserrature.it\/de\/produkt\/universal-schloss-verchromt-runder-querschnitt\/","url":"https:\/\/www.omrserrature.it\/de\/produkt\/universal-schloss-verchromt-runder-querschnitt\/","name":"Universal Schloss verchromt - runder Querschnitt - OMR Serrature","isPartOf":{"@id":"https:\/\/www.omrserrature.it\/de\/#website"},"primaryImageOfPage":{"@id":"https:\/\/www.omrserrature.it\/de\/produkt\/universal-schloss-verchromt-runder-querschnitt\/#primaryimage"},"image":{"@id":"https:\/\/www.omrserrature.it\/de\/produkt\/universal-schloss-verchromt-runder-querschnitt\/#primaryimage"},"thumbnailUrl":"https:\/\/www.omrserrature.it\/wp-content\/uploads\/2017\/10\/serratura-universale-perni-rotore-centrale-cromata.jpg","datePublished":"2006-10-17T08:54:00+00:00","dateModified":"2026-04-08T11:13:00+00:00","breadcrumb":{"@id":"https:\/\/www.omrserrature.it\/de\/produkt\/universal-schloss-verchromt-runder-querschnitt\/#breadcrumb"},"inLanguage":"de","potentialAction":[{"@type":"ReadAction","target":["https:\/\/www.omrserrature.it\/de\/produkt\/universal-schloss-verchromt-runder-querschnitt\/"]}]},{"@type":"ImageObject","inLanguage":"de","@id":"https:\/\/www.omrserrature.it\/de\/produkt\/universal-schloss-verchromt-runder-querschnitt\/#primaryimage","url":"https:\/\/www.omrserrature.it\/wp-content\/uploads\/2017\/10\/serratura-universale-perni-rotore-centrale-cromata.jpg","contentUrl":"https:\/\/www.omrserrature.it\/wp-content\/uploads\/2017\/10\/serratura-universale-perni-rotore-centrale-cromata.jpg","width":680,"height":396,"caption":"Universelles verchromtes Stiftschloss mit zentralem Zylinder"},{"@type":"BreadcrumbList","@id":"https:\/\/www.omrserrature.it\/de\/produkt\/universal-schloss-verchromt-runder-querschnitt\/#breadcrumb","itemListElement":[{"@type":"ListItem","position":1,"name":"Home","item":"https:\/\/www.omrserrature.it\/de\/omr-serrature-sistemi-chiusura\/"},{"@type":"ListItem","position":2,"name":"Katalog","item":"https:\/\/www.omrserrature.it\/katalog\/?lang=de"},{"@type":"ListItem","position":3,"name":"Produkte","item":"https:\/\/www.omrserrature.it\/de\/katalog\/produkte\/"},{"@type":"ListItem","position":4,"name":"Schloesser","item":"https:\/\/www.omrserrature.it\/de\/katalog\/produkte\/schloesser\/"},{"@type":"ListItem","position":5,"name":"Hebel Schl\u00f6sser","item":"https:\/\/www.omrserrature.it\/de\/katalog\/produkte\/schloesser\/hebel-schlosser\/"},{"@type":"ListItem","position":6,"name":"Universal Schloss verchromt &#8211; runder Querschnitt"}]},{"@type":"WebSite","@id":"https:\/\/www.omrserrature.it\/de\/#website","url":"https:\/\/www.omrserrature.it\/de\/","name":"OMR Serrature | Produzione sistemi di chiusura","description":"Produzione serrature di sicurezza e sistemi di chiusura","publisher":{"@id":"https:\/\/www.omrserrature.it\/de\/#organization"},"potentialAction":[{"@type":"SearchAction","target":{"@type":"EntryPoint","urlTemplate":"https:\/\/www.omrserrature.it\/de\/?s={search_term_string}"},"query-input":{"@type":"PropertyValueSpecification","valueRequired":true,"valueName":"search_term_string"}}],"inLanguage":"de"},{"@type":"Organization","@id":"https:\/\/www.omrserrature.it\/de\/#organization","name":"OMR Serrature | Produzione sistemi di chiusura","url":"https:\/\/www.omrserrature.it\/de\/","logo":{"@type":"ImageObject","inLanguage":"de","@id":"https:\/\/www.omrserrature.it\/de\/#\/schema\/logo\/image\/","url":"https:\/\/www.omrserrature.it\/wp-content\/uploads\/2017\/09\/favicon-omr-114.png","contentUrl":"https:\/\/www.omrserrature.it\/wp-content\/uploads\/2017\/09\/favicon-omr-114.png","width":114,"height":114,"caption":"OMR Serrature | Produzione sistemi di chiusura"},"image":{"@id":"https:\/\/www.omrserrature.it\/de\/#\/schema\/logo\/image\/"},"sameAs":["https:\/\/www.facebook.com\/OMRserrature","https:\/\/www.linkedin.com\/company\/omrserrature\/","https:\/\/www.youtube.com\/channel\/UCxmA85z2R0EpG_6IRokiAkg"]}]}},"_links":{"self":[{"href":"https:\/\/www.omrserrature.it\/de\/wp-json\/wp\/v2\/product\/243234","targetHints":{"allow":["GET"]}}],"collection":[{"href":"https:\/\/www.omrserrature.it\/de\/wp-json\/wp\/v2\/product"}],"about":[{"href":"https:\/\/www.omrserrature.it\/de\/wp-json\/wp\/v2\/types\/product"}],"replies":[{"embeddable":true,"href":"https:\/\/www.omrserrature.it\/de\/wp-json\/wp\/v2\/comments?post=243234"}],"wp:featuredmedia":[{"embeddable":true,"href":"https:\/\/www.omrserrature.it\/de\/wp-json\/wp\/v2\/media\/3433"}],"wp:attachment":[{"href":"https:\/\/www.omrserrature.it\/de\/wp-json\/wp\/v2\/media?parent=243234"}],"wp:term":[{"taxonomy":"product_brand","embeddable":true,"href":"https:\/\/www.omrserrature.it\/de\/wp-json\/wp\/v2\/product_brand?post=243234"},{"taxonomy":"product_cat","embeddable":true,"href":"https:\/\/www.omrserrature.it\/de\/wp-json\/wp\/v2\/product_cat?post=243234"},{"taxonomy":"product_tag","embeddable":true,"href":"https:\/\/www.omrserrature.it\/de\/wp-json\/wp\/v2\/product_tag?post=243234"}],"curies":[{"name":"wp","href":"https:\/\/api.w.org\/{rel}","templated":true}]}}