{"id":243220,"date":"2017-10-06T10:27:23","date_gmt":"2006-10-17T08:27:00","guid":{"rendered":"https:\/\/www.staging6.omrserrature.it\/prodotto\/universelles-schloss-mit-zentriertem-zylinder-90\/"},"modified":"2026-04-08T13:14:09","modified_gmt":"2026-04-08T11:14:09","slug":"universelles-schloss-mit-zentriertem-zylinder-90","status":"publish","type":"product","link":"https:\/\/www.omrserrature.it\/de\/produkt\/universelles-schloss-mit-zentriertem-zylinder-90\/","title":{"rendered":"Universelles Schloss mit zentriertem Zylinder (90\u00b0)"},"content":{"rendered":"<p><strong>Das Universal-Stiftzuhaltungsschloss<\/strong> mit Standardschl\u00fcssel und <strong>Spezialschablone<\/strong> verf\u00fcgt \u00fcber <strong>eine einzelne Seitenplatte und eine Drehung von 90\u00b0, die<\/strong> im oder entgegen dem Uhrzeigersinn <strong>angepasst werden kann<\/strong>. Wie bei allen Modellen der Kategorie der <strong>Universalstifte<\/strong> ist es mit einem internen Mechanismus ausgestattet, der beim Einstecken des Schl\u00fcssels aktiviert wird. Dadurch werden die internen Stifte in einer pr\u00e4zisen Position ausgerichtet, der Zylinder wird freigegeben und die \u00d6ffnungs- oder Abschlussbewegung wird entriegelt. <\/p>\n<p>Sowohl die St\u00f6\u00dfel als auch der \u00e4u\u00dfere Korpus sind aus <strong>Messing<\/strong>; die ovale Anschlussklemme erm\u00f6glicht den Einbau von <strong>geraden, gekr\u00f6pften und Hakenzungen<\/strong> sowie von Mehrpunkt-Hebeln f\u00fcr die Bewegung von Seitenschubstangen (auf\/ab) oder von Bedienelementen f\u00fcr den <strong>mehrfachen und zentralen Abschluss von Schubladeneinheiten<\/strong>.<\/p>\n<p>Das universelle Schloss mit Standard-Schl\u00fcsselbolzen und spezieller Vorrichtung ist f\u00fcr spezielle Anwendungen gedacht, bei denen ein <strong>Geh\u00e4use mit unkonventioneller Bohrung<\/strong> erforderlich ist, auch im Au\u00dfenbereich, wie z.B. bei Schreinereiprodukten, Tresork\u00e4sten oder Spezialmaschinen.<\/p>\n","protected":false},"excerpt":{"rendered":"<p><strong>Das Standard-Schl\u00fcsselbolzen-Universalschloss<\/strong> mit Spezialvorrichtung ist f\u00fcr spezielle Anwendungen gedacht, bei denen ein <strong>Geh\u00e4use mit unkonventioneller Bohrung<\/strong> erforderlich ist, wie z.B. bei Tischlerprodukten, Tresorboxen oder Spezialmaschinen.<\/p>\n<p>Dieses Schlie\u00dfsystem ist f\u00fcr den Au\u00dfenbereich geeignet.<\/p>\n","protected":false},"featured_media":3421,"comment_status":"open","ping_status":"closed","template":"","meta":{"_acf_changed":false,"_et_pb_use_builder":"","_et_pb_old_content":"","_et_gb_content_width":""},"product_brand":[],"product_cat":[3825,3800],"product_tag":[],"class_list":{"0":"post-243220","1":"product","2":"type-product","3":"status-publish","4":"has-post-thumbnail","6":"product_cat-hebel-schlosser","7":"product_cat-spezialschlosser-nach-mas","9":"first","10":"instock","11":"shipping-taxable","12":"product-type-simple"},"acf":{"pdf1":"https:\/\/www.omrserrature.it\/wp-content\/uploads\/2017\/10\/Scheda_60500.pdf"},"yoast_head":"<!-- This site is optimized with the Yoast SEO plugin v27.2 - https:\/\/yoast.com\/product\/yoast-seo-wordpress\/ -->\n<title>Universelles Schloss mit zentriertem Zylinder (90\u00b0) - OMR Serrature<\/title>\n<meta name=\"robots\" content=\"index, follow, max-snippet:-1, max-image-preview:large, max-video-preview:-1\" \/>\n<link rel=\"canonical\" href=\"https:\/\/www.omrserrature.it\/de\/produkt\/universelles-schloss-mit-zentriertem-zylinder-90\/\" \/>\n<meta property=\"og:locale\" content=\"de_DE\" \/>\n<meta property=\"og:type\" content=\"article\" \/>\n<meta property=\"og:title\" content=\"Universelles Schloss mit zentriertem Zylinder (90\u00b0) - OMR Serrature\" \/>\n<meta property=\"og:description\" content=\"Das Standard-Schl\u00fcsselbolzen-Universalschloss mit Spezialvorrichtung ist f\u00fcr spezielle Anwendungen gedacht, bei denen ein Geh\u00e4use mit unkonventioneller Bohrung erforderlich ist, wie z.B. bei Tischlerprodukten, Tresorboxen oder Spezialmaschinen. Dieses Schlie\u00dfsystem ist f\u00fcr den Au\u00dfenbereich geeignet.\" \/>\n<meta property=\"og:url\" content=\"https:\/\/www.omrserrature.it\/de\/produkt\/universelles-schloss-mit-zentriertem-zylinder-90\/\" \/>\n<meta property=\"og:site_name\" content=\"OMR Serrature | Produzione sistemi di chiusura\" \/>\n<meta property=\"article:publisher\" content=\"https:\/\/www.facebook.com\/OMRserrature\" \/>\n<meta property=\"article:modified_time\" content=\"2026-04-08T11:14:09+00:00\" \/>\n<meta property=\"og:image\" content=\"https:\/\/www.omrserrature.it\/wp-content\/uploads\/2017\/10\/serratura-universale-perni-cromata.jpg\" \/>\n\t<meta property=\"og:image:width\" content=\"789\" \/>\n\t<meta property=\"og:image:height\" content=\"393\" \/>\n\t<meta property=\"og:image:type\" content=\"image\/jpeg\" \/>\n<meta name=\"twitter:card\" content=\"summary_large_image\" \/>\n<meta name=\"twitter:label1\" content=\"Gesch\u00e4tzte Lesezeit\" \/>\n\t<meta name=\"twitter:data1\" content=\"1\u00a0Minute\" \/>\n<script type=\"application\/ld+json\" class=\"yoast-schema-graph\">{\"@context\":\"https:\/\/schema.org\",\"@graph\":[{\"@type\":\"WebPage\",\"@id\":\"https:\/\/www.omrserrature.it\/de\/produkt\/universelles-schloss-mit-zentriertem-zylinder-90\/\",\"url\":\"https:\/\/www.omrserrature.it\/de\/produkt\/universelles-schloss-mit-zentriertem-zylinder-90\/\",\"name\":\"Universelles Schloss mit zentriertem Zylinder (90\u00b0) - OMR Serrature\",\"isPartOf\":{\"@id\":\"https:\/\/www.omrserrature.it\/de\/#website\"},\"primaryImageOfPage\":{\"@id\":\"https:\/\/www.omrserrature.it\/de\/produkt\/universelles-schloss-mit-zentriertem-zylinder-90\/#primaryimage\"},\"image\":{\"@id\":\"https:\/\/www.omrserrature.it\/de\/produkt\/universelles-schloss-mit-zentriertem-zylinder-90\/#primaryimage\"},\"thumbnailUrl\":\"https:\/\/www.omrserrature.it\/wp-content\/uploads\/2017\/10\/serratura-universale-perni-cromata.jpg\",\"datePublished\":\"2006-10-17T08:27:00+00:00\",\"dateModified\":\"2026-04-08T11:14:09+00:00\",\"breadcrumb\":{\"@id\":\"https:\/\/www.omrserrature.it\/de\/produkt\/universelles-schloss-mit-zentriertem-zylinder-90\/#breadcrumb\"},\"inLanguage\":\"de\",\"potentialAction\":[{\"@type\":\"ReadAction\",\"target\":[\"https:\/\/www.omrserrature.it\/de\/produkt\/universelles-schloss-mit-zentriertem-zylinder-90\/\"]}]},{\"@type\":\"ImageObject\",\"inLanguage\":\"de\",\"@id\":\"https:\/\/www.omrserrature.it\/de\/produkt\/universelles-schloss-mit-zentriertem-zylinder-90\/#primaryimage\",\"url\":\"https:\/\/www.omrserrature.it\/wp-content\/uploads\/2017\/10\/serratura-universale-perni-cromata.jpg\",\"contentUrl\":\"https:\/\/www.omrserrature.it\/wp-content\/uploads\/2017\/10\/serratura-universale-perni-cromata.jpg\",\"width\":789,\"height\":393,\"caption\":\"Universelles Stiftschloss mit zentralem Zylinder\"},{\"@type\":\"BreadcrumbList\",\"@id\":\"https:\/\/www.omrserrature.it\/de\/produkt\/universelles-schloss-mit-zentriertem-zylinder-90\/#breadcrumb\",\"itemListElement\":[{\"@type\":\"ListItem\",\"position\":1,\"name\":\"Home\",\"item\":\"https:\/\/www.omrserrature.it\/de\/omr-serrature-sistemi-chiusura\/\"},{\"@type\":\"ListItem\",\"position\":2,\"name\":\"Katalog\",\"item\":\"https:\/\/www.omrserrature.it\/katalog\/?lang=de\"},{\"@type\":\"ListItem\",\"position\":3,\"name\":\"Produkte\",\"item\":\"https:\/\/www.omrserrature.it\/de\/katalog\/produkte\/\"},{\"@type\":\"ListItem\",\"position\":4,\"name\":\"Schloesser\",\"item\":\"https:\/\/www.omrserrature.it\/de\/katalog\/produkte\/schloesser\/\"},{\"@type\":\"ListItem\",\"position\":5,\"name\":\"Hebel Schl\u00f6sser\",\"item\":\"https:\/\/www.omrserrature.it\/de\/katalog\/produkte\/schloesser\/hebel-schlosser\/\"},{\"@type\":\"ListItem\",\"position\":6,\"name\":\"Universelles Schloss mit zentriertem Zylinder (90\u00b0)\"}]},{\"@type\":\"WebSite\",\"@id\":\"https:\/\/www.omrserrature.it\/de\/#website\",\"url\":\"https:\/\/www.omrserrature.it\/de\/\",\"name\":\"OMR Serrature | Produzione sistemi di chiusura\",\"description\":\"Produzione serrature di sicurezza e sistemi di chiusura\",\"publisher\":{\"@id\":\"https:\/\/www.omrserrature.it\/de\/#organization\"},\"potentialAction\":[{\"@type\":\"SearchAction\",\"target\":{\"@type\":\"EntryPoint\",\"urlTemplate\":\"https:\/\/www.omrserrature.it\/de\/?s={search_term_string}\"},\"query-input\":{\"@type\":\"PropertyValueSpecification\",\"valueRequired\":true,\"valueName\":\"search_term_string\"}}],\"inLanguage\":\"de\"},{\"@type\":\"Organization\",\"@id\":\"https:\/\/www.omrserrature.it\/de\/#organization\",\"name\":\"OMR Serrature | Produzione sistemi di chiusura\",\"url\":\"https:\/\/www.omrserrature.it\/de\/\",\"logo\":{\"@type\":\"ImageObject\",\"inLanguage\":\"de\",\"@id\":\"https:\/\/www.omrserrature.it\/de\/#\/schema\/logo\/image\/\",\"url\":\"https:\/\/www.omrserrature.it\/wp-content\/uploads\/2017\/09\/favicon-omr-114.png\",\"contentUrl\":\"https:\/\/www.omrserrature.it\/wp-content\/uploads\/2017\/09\/favicon-omr-114.png\",\"width\":114,\"height\":114,\"caption\":\"OMR Serrature | Produzione sistemi di chiusura\"},\"image\":{\"@id\":\"https:\/\/www.omrserrature.it\/de\/#\/schema\/logo\/image\/\"},\"sameAs\":[\"https:\/\/www.facebook.com\/OMRserrature\",\"https:\/\/www.linkedin.com\/company\/omrserrature\/\",\"https:\/\/www.youtube.com\/channel\/UCxmA85z2R0EpG_6IRokiAkg\"]}]}<\/script>\n<!-- \/ Yoast SEO plugin. -->","yoast_head_json":{"title":"Universelles Schloss mit zentriertem Zylinder (90\u00b0) - OMR Serrature","robots":{"index":"index","follow":"follow","max-snippet":"max-snippet:-1","max-image-preview":"max-image-preview:large","max-video-preview":"max-video-preview:-1"},"canonical":"https:\/\/www.omrserrature.it\/de\/produkt\/universelles-schloss-mit-zentriertem-zylinder-90\/","og_locale":"de_DE","og_type":"article","og_title":"Universelles Schloss mit zentriertem Zylinder (90\u00b0) - OMR Serrature","og_description":"Das Standard-Schl\u00fcsselbolzen-Universalschloss mit Spezialvorrichtung ist f\u00fcr spezielle Anwendungen gedacht, bei denen ein Geh\u00e4use mit unkonventioneller Bohrung erforderlich ist, wie z.B. bei Tischlerprodukten, Tresorboxen oder Spezialmaschinen. Dieses Schlie\u00dfsystem ist f\u00fcr den Au\u00dfenbereich geeignet.","og_url":"https:\/\/www.omrserrature.it\/de\/produkt\/universelles-schloss-mit-zentriertem-zylinder-90\/","og_site_name":"OMR Serrature | Produzione sistemi di chiusura","article_publisher":"https:\/\/www.facebook.com\/OMRserrature","article_modified_time":"2026-04-08T11:14:09+00:00","og_image":[{"width":789,"height":393,"url":"https:\/\/www.omrserrature.it\/wp-content\/uploads\/2017\/10\/serratura-universale-perni-cromata.jpg","type":"image\/jpeg"}],"twitter_card":"summary_large_image","twitter_misc":{"Gesch\u00e4tzte Lesezeit":"1\u00a0Minute"},"schema":{"@context":"https:\/\/schema.org","@graph":[{"@type":"WebPage","@id":"https:\/\/www.omrserrature.it\/de\/produkt\/universelles-schloss-mit-zentriertem-zylinder-90\/","url":"https:\/\/www.omrserrature.it\/de\/produkt\/universelles-schloss-mit-zentriertem-zylinder-90\/","name":"Universelles Schloss mit zentriertem Zylinder (90\u00b0) - OMR Serrature","isPartOf":{"@id":"https:\/\/www.omrserrature.it\/de\/#website"},"primaryImageOfPage":{"@id":"https:\/\/www.omrserrature.it\/de\/produkt\/universelles-schloss-mit-zentriertem-zylinder-90\/#primaryimage"},"image":{"@id":"https:\/\/www.omrserrature.it\/de\/produkt\/universelles-schloss-mit-zentriertem-zylinder-90\/#primaryimage"},"thumbnailUrl":"https:\/\/www.omrserrature.it\/wp-content\/uploads\/2017\/10\/serratura-universale-perni-cromata.jpg","datePublished":"2006-10-17T08:27:00+00:00","dateModified":"2026-04-08T11:14:09+00:00","breadcrumb":{"@id":"https:\/\/www.omrserrature.it\/de\/produkt\/universelles-schloss-mit-zentriertem-zylinder-90\/#breadcrumb"},"inLanguage":"de","potentialAction":[{"@type":"ReadAction","target":["https:\/\/www.omrserrature.it\/de\/produkt\/universelles-schloss-mit-zentriertem-zylinder-90\/"]}]},{"@type":"ImageObject","inLanguage":"de","@id":"https:\/\/www.omrserrature.it\/de\/produkt\/universelles-schloss-mit-zentriertem-zylinder-90\/#primaryimage","url":"https:\/\/www.omrserrature.it\/wp-content\/uploads\/2017\/10\/serratura-universale-perni-cromata.jpg","contentUrl":"https:\/\/www.omrserrature.it\/wp-content\/uploads\/2017\/10\/serratura-universale-perni-cromata.jpg","width":789,"height":393,"caption":"Universelles Stiftschloss mit zentralem Zylinder"},{"@type":"BreadcrumbList","@id":"https:\/\/www.omrserrature.it\/de\/produkt\/universelles-schloss-mit-zentriertem-zylinder-90\/#breadcrumb","itemListElement":[{"@type":"ListItem","position":1,"name":"Home","item":"https:\/\/www.omrserrature.it\/de\/omr-serrature-sistemi-chiusura\/"},{"@type":"ListItem","position":2,"name":"Katalog","item":"https:\/\/www.omrserrature.it\/katalog\/?lang=de"},{"@type":"ListItem","position":3,"name":"Produkte","item":"https:\/\/www.omrserrature.it\/de\/katalog\/produkte\/"},{"@type":"ListItem","position":4,"name":"Schloesser","item":"https:\/\/www.omrserrature.it\/de\/katalog\/produkte\/schloesser\/"},{"@type":"ListItem","position":5,"name":"Hebel Schl\u00f6sser","item":"https:\/\/www.omrserrature.it\/de\/katalog\/produkte\/schloesser\/hebel-schlosser\/"},{"@type":"ListItem","position":6,"name":"Universelles Schloss mit zentriertem Zylinder (90\u00b0)"}]},{"@type":"WebSite","@id":"https:\/\/www.omrserrature.it\/de\/#website","url":"https:\/\/www.omrserrature.it\/de\/","name":"OMR Serrature | Produzione sistemi di chiusura","description":"Produzione serrature di sicurezza e sistemi di chiusura","publisher":{"@id":"https:\/\/www.omrserrature.it\/de\/#organization"},"potentialAction":[{"@type":"SearchAction","target":{"@type":"EntryPoint","urlTemplate":"https:\/\/www.omrserrature.it\/de\/?s={search_term_string}"},"query-input":{"@type":"PropertyValueSpecification","valueRequired":true,"valueName":"search_term_string"}}],"inLanguage":"de"},{"@type":"Organization","@id":"https:\/\/www.omrserrature.it\/de\/#organization","name":"OMR Serrature | Produzione sistemi di chiusura","url":"https:\/\/www.omrserrature.it\/de\/","logo":{"@type":"ImageObject","inLanguage":"de","@id":"https:\/\/www.omrserrature.it\/de\/#\/schema\/logo\/image\/","url":"https:\/\/www.omrserrature.it\/wp-content\/uploads\/2017\/09\/favicon-omr-114.png","contentUrl":"https:\/\/www.omrserrature.it\/wp-content\/uploads\/2017\/09\/favicon-omr-114.png","width":114,"height":114,"caption":"OMR Serrature | Produzione sistemi di chiusura"},"image":{"@id":"https:\/\/www.omrserrature.it\/de\/#\/schema\/logo\/image\/"},"sameAs":["https:\/\/www.facebook.com\/OMRserrature","https:\/\/www.linkedin.com\/company\/omrserrature\/","https:\/\/www.youtube.com\/channel\/UCxmA85z2R0EpG_6IRokiAkg"]}]}},"_links":{"self":[{"href":"https:\/\/www.omrserrature.it\/de\/wp-json\/wp\/v2\/product\/243220","targetHints":{"allow":["GET"]}}],"collection":[{"href":"https:\/\/www.omrserrature.it\/de\/wp-json\/wp\/v2\/product"}],"about":[{"href":"https:\/\/www.omrserrature.it\/de\/wp-json\/wp\/v2\/types\/product"}],"replies":[{"embeddable":true,"href":"https:\/\/www.omrserrature.it\/de\/wp-json\/wp\/v2\/comments?post=243220"}],"wp:featuredmedia":[{"embeddable":true,"href":"https:\/\/www.omrserrature.it\/de\/wp-json\/wp\/v2\/media\/3421"}],"wp:attachment":[{"href":"https:\/\/www.omrserrature.it\/de\/wp-json\/wp\/v2\/media?parent=243220"}],"wp:term":[{"taxonomy":"product_brand","embeddable":true,"href":"https:\/\/www.omrserrature.it\/de\/wp-json\/wp\/v2\/product_brand?post=243220"},{"taxonomy":"product_cat","embeddable":true,"href":"https:\/\/www.omrserrature.it\/de\/wp-json\/wp\/v2\/product_cat?post=243220"},{"taxonomy":"product_tag","embeddable":true,"href":"https:\/\/www.omrserrature.it\/de\/wp-json\/wp\/v2\/product_tag?post=243220"}],"curies":[{"name":"wp","href":"https:\/\/api.w.org\/{rel}","templated":true}]}}