{"id":243117,"date":"2017-10-09T14:59:00","date_gmt":"2009-10-17T12:59:00","guid":{"rendered":"https:\/\/www.staging6.omrserrature.it\/prodotto\/universalschloesser-mit-plaettchenzylinder-o-19\/"},"modified":"2026-04-08T13:13:08","modified_gmt":"2026-04-08T11:13:08","slug":"universalschloesser-mit-plaettchenzylinder-o-19","status":"publish","type":"product","link":"https:\/\/www.omrserrature.it\/de\/produkt\/universalschloesser-mit-plaettchenzylinder-o-19\/","title":{"rendered":"Universalschl\u00f6sser mit Pl\u00e4ttchenzylinder \u00d8 19"},"content":{"rendered":"<p>Das <strong>Universalschloss<\/strong> mit Pl\u00e4ttchenzylinder ist eines der beliebtesten Schl\u00f6sser in allen Bereichen. Der vernickelte Messingschl\u00fcssel bewegt den zentralen Pl\u00e4ttchenzylinder, der sich in einem Geh\u00e4use aus einer Zinklegierung befindet, das Stator, Buchse oder K\u00f6rper genannt wird. Der Durchmesser ist an zwei gegen\u00fcberliegenden Seiten (Seitenplatten) gefr\u00e4st, die ein doppeltes D bilden, um eine Drehung des Nockenschlosses am Einbauort zu verhindern.   Die Bet\u00e4tigung des <strong>hinteren Hebels<\/strong> bestimmt, ob das <strong>Nockenschloss<\/strong> geschlossen oder ge\u00f6ffnet ist.<\/p>\n<p>Der K\u00f6rper und der Zylinder des Hebelschlosses sind aus einer Zinklegierung und der Hebel aus Stahl gefertigt. Der 7-mm-Vierkant erm\u00f6glicht au\u00dferdem die Montage verschiedener <strong>gerader, gekr\u00f6pfter oder hakenzungender Zungen<\/strong> sowie von Mehrpunkt-Hebeln zum Bewegen von Stangen (nach oben und unten).  Zahlreiche Modelle f\u00fcr unterschiedliche Bewegungen, T\u00fcrst\u00e4rken von 0,5 bis 27 mm und Schl\u00fcsselabzug im ge\u00f6ffneten und im geschlossenen Zustand (oder nur im geschlossenen Zustand). Der <strong>K\u00f6rper mit Vollgewinde<\/strong> erm\u00f6glicht die Befestigung mit einer <strong>Mutter<\/strong>, aber auch mit einer <strong>Gabelfeder<\/strong> oder einem Clip f\u00fcr die<strong>schnelle Montage <\/strong><strong>auf Stahl-, Aluminium- oder Kunststoffblechen<\/strong>.<\/p>\n<p>Der universelle Schlie\u00dfzylinder ist <strong>ideal<\/strong> f\u00fcr den Einbau in <strong>B\u00fcrom\u00f6bel<\/strong>, <strong>Metallt\u00fcren, Klappen<\/strong>, <strong>Schreinereiprodukte<\/strong>, <strong>Blechk\u00e4sten<\/strong>,<strong> Verkaufsautomaten und Autowaschanlagen<\/strong>, <strong>Maschinen und Hintere Stifte.<\/strong><\/p>\n","protected":false},"excerpt":{"rendered":"<p>Das <strong>Universal-Schlie\u00dfzylinder <\/strong>mit Pl\u00e4ttchenzylinder ist eines der beliebtesten Schl\u00f6sser in allen Bereichen.<\/p>\n<p>Dieses Schlie\u00dfzylinder-System, das in gleichschlie\u00dfender<strong>(KA<\/strong>) oder verschiedenschlie\u00dfender<strong>(KD<\/strong>) Verschl\u00fcsselung und mit <strong>mehreren Arten von<\/strong> hinteren <strong>Hebeln<\/strong> geliefert wird, ist ideal f\u00fcr den Einbau in B\u00fcrom\u00f6bel, Metallt\u00fcren, T\u00fcren, Tischlerarbeiten, Blechk\u00e4sten, Automaten- und Autowaschanlagen, Maschinen und Hinterstifte.<\/p>\n","protected":false},"featured_media":3385,"comment_status":"open","ping_status":"closed","template":"","meta":{"_acf_changed":false,"_et_pb_use_builder":"","_et_pb_old_content":"","_et_gb_content_width":""},"product_brand":[],"product_cat":[3765,3768,3767,3875,3855,3876,3837,3796,3825,3829,3772,3834,3861,3828,3864,3841,3845,3843,3832,3873,3842,3847,3852,3871,3872,3835,3856,3851,3857,3830,3848,3827,3866,3867,3870,3850,3859,3836,3853,3858,3854,3844,3788,3831,3860,3777,3802],"product_tag":[],"class_list":{"0":"post-243117","1":"product","2":"type-product","3":"status-publish","4":"has-post-thumbnail","6":"product_cat-abschlusssysteme-fur-die-industrie","7":"product_cat-automatisierung-und-hausautomation","8":"product_cat-bank-und-postwesen","9":"product_cat-boot-schlosser","10":"product_cat-briefkastenschlosser","11":"product_cat-flugelturen","12":"product_cat-gdpr-konformes-schrankschloss","13":"product_cat-hauptschlussel-schlosser","14":"product_cat-hebel-schlosser","15":"product_cat-kabinett-schlosser","16":"product_cat-krankenhauser-und-gesundheitsbereich","17":"product_cat-maschinenschlosser","18":"product_cat-mobelturen","19":"product_cat-professionelle-mobelschlosser","20":"product_cat-schliesfacher-fur-schliesfacher","21":"product_cat-schloss-fur-umschalter","22":"product_cat-schlosser-fur-automaten","23":"product_cat-schlosser-fur-automatische-lagerhauser","24":"product_cat-schlosser-fur-briefkasten","25":"product_cat-schlosser-fur-caravans-und-wohnmobile","26":"product_cat-schlosser-fur-die-elektromechanische-industrie","27":"product_cat-schlosser-fur-gefahrstoffschranke","28":"product_cat-schlosser-fur-industrieschranke","29":"product_cat-schlosser-fur-kuhlaufbauten","30":"product_cat-schlosser-fur-lieferwagen","31":"product_cat-schlosser-fur-mobel","32":"product_cat-schlosser-fur-paketkasten","33":"product_cat-schlosser-fur-pflanzenschutzschranke","34":"product_cat-schlosser-fur-postfacher","35":"product_cat-schlosser-fur-professionelle-trolleys","36":"product_cat-schlosser-fur-psa-schranke","37":"product_cat-schlosser-fur-schaltschranke","38":"product_cat-schlosser-fur-schilder","39":"product_cat-schlosser-fur-schliesfacher","40":"product_cat-schlosser-fur-sicherheitsmobel","41":"product_cat-schlosser-fur-skischranke","42":"product_cat-schlosser-fur-spielautomaten","43":"product_cat-schlosser-fur-transportmittel","44":"product_cat-schlosser-fur-tresore","45":"product_cat-schlosser-fur-verkaufsautomaten","46":"product_cat-schlosser-fur-waffenstander","47":"product_cat-schlosser-fur-werkbanke","48":"product_cat-schlosser-mit-abnehmbarem-zylinder","49":"product_cat-sicherheitsschlosser","50":"product_cat-turschlosser","51":"product_cat-universalschlosser-mit-zylinderplattchen","52":"product_cat-wasserdichte-rostfreie-schlosser","54":"first","55":"instock","56":"shipping-taxable","57":"purchasable","58":"product-type-variable","59":"has-default-attributes"},"acf":{"pdf1":"https:\/\/www.omrserrature.it\/wp-content\/uploads\/schede\/Scheda_165580.pdf"},"yoast_head":"<!-- This site is optimized with the Yoast SEO plugin v27.2 - https:\/\/yoast.com\/product\/yoast-seo-wordpress\/ -->\n<title>Universalschl\u00f6sser mit Pl\u00e4ttchenzylinder \u00d8 19 - OMR Serrature<\/title>\n<meta name=\"robots\" content=\"index, follow, max-snippet:-1, max-image-preview:large, max-video-preview:-1\" \/>\n<link rel=\"canonical\" href=\"https:\/\/www.omrserrature.it\/de\/produkt\/universalschloesser-mit-plaettchenzylinder-o-19\/\" \/>\n<meta property=\"og:locale\" content=\"de_DE\" \/>\n<meta property=\"og:type\" content=\"article\" \/>\n<meta property=\"og:title\" content=\"Universalschl\u00f6sser mit Pl\u00e4ttchenzylinder \u00d8 19 - OMR Serrature\" \/>\n<meta property=\"og:description\" content=\"Das Universal-Schlie\u00dfzylinder mit Pl\u00e4ttchenzylinder ist eines der beliebtesten Schl\u00f6sser in allen Bereichen. Dieses Schlie\u00dfzylinder-System, das in gleichschlie\u00dfender(KA) oder verschiedenschlie\u00dfender(KD) Verschl\u00fcsselung und mit mehreren Arten von hinteren Hebeln geliefert wird, ist ideal f\u00fcr den Einbau in B\u00fcrom\u00f6bel, Metallt\u00fcren, T\u00fcren, Tischlerarbeiten, Blechk\u00e4sten, Automaten- und Autowaschanlagen, Maschinen und Hinterstifte.\" \/>\n<meta property=\"og:url\" content=\"https:\/\/www.omrserrature.it\/de\/produkt\/universalschloesser-mit-plaettchenzylinder-o-19\/\" \/>\n<meta property=\"og:site_name\" content=\"OMR Serrature | Produzione sistemi di chiusura\" \/>\n<meta property=\"article:publisher\" content=\"https:\/\/www.facebook.com\/OMRserrature\" \/>\n<meta property=\"article:modified_time\" content=\"2026-04-08T11:13:08+00:00\" \/>\n<meta property=\"og:image\" content=\"https:\/\/www.omrserrature.it\/wp-content\/uploads\/2017\/10\/serratura-universale-lamelle-19.jpg\" \/>\n\t<meta property=\"og:image:width\" content=\"432\" \/>\n\t<meta property=\"og:image:height\" content=\"382\" \/>\n\t<meta property=\"og:image:type\" content=\"image\/jpeg\" \/>\n<meta name=\"twitter:card\" content=\"summary_large_image\" \/>\n<meta name=\"twitter:label1\" content=\"Gesch\u00e4tzte Lesezeit\" \/>\n\t<meta name=\"twitter:data1\" content=\"1\u00a0Minute\" \/>\n<script type=\"application\/ld+json\" class=\"yoast-schema-graph\">{\"@context\":\"https:\/\/schema.org\",\"@graph\":[{\"@type\":\"WebPage\",\"@id\":\"https:\/\/www.omrserrature.it\/de\/produkt\/universalschloesser-mit-plaettchenzylinder-o-19\/\",\"url\":\"https:\/\/www.omrserrature.it\/de\/produkt\/universalschloesser-mit-plaettchenzylinder-o-19\/\",\"name\":\"Universalschl\u00f6sser mit Pl\u00e4ttchenzylinder \u00d8 19 - OMR Serrature\",\"isPartOf\":{\"@id\":\"https:\/\/www.omrserrature.it\/de\/#website\"},\"primaryImageOfPage\":{\"@id\":\"https:\/\/www.omrserrature.it\/de\/produkt\/universalschloesser-mit-plaettchenzylinder-o-19\/#primaryimage\"},\"image\":{\"@id\":\"https:\/\/www.omrserrature.it\/de\/produkt\/universalschloesser-mit-plaettchenzylinder-o-19\/#primaryimage\"},\"thumbnailUrl\":\"https:\/\/www.omrserrature.it\/wp-content\/uploads\/2017\/10\/serratura-universale-lamelle-19.jpg\",\"datePublished\":\"2009-10-17T12:59:00+00:00\",\"dateModified\":\"2026-04-08T11:13:08+00:00\",\"breadcrumb\":{\"@id\":\"https:\/\/www.omrserrature.it\/de\/produkt\/universalschloesser-mit-plaettchenzylinder-o-19\/#breadcrumb\"},\"inLanguage\":\"de\",\"potentialAction\":[{\"@type\":\"ReadAction\",\"target\":[\"https:\/\/www.omrserrature.it\/de\/produkt\/universalschloesser-mit-plaettchenzylinder-o-19\/\"]}]},{\"@type\":\"ImageObject\",\"inLanguage\":\"de\",\"@id\":\"https:\/\/www.omrserrature.it\/de\/produkt\/universalschloesser-mit-plaettchenzylinder-o-19\/#primaryimage\",\"url\":\"https:\/\/www.omrserrature.it\/wp-content\/uploads\/2017\/10\/serratura-universale-lamelle-19.jpg\",\"contentUrl\":\"https:\/\/www.omrserrature.it\/wp-content\/uploads\/2017\/10\/serratura-universale-lamelle-19.jpg\",\"width\":432,\"height\":382,\"caption\":\"19 mm Hebelschloss\"},{\"@type\":\"BreadcrumbList\",\"@id\":\"https:\/\/www.omrserrature.it\/de\/produkt\/universalschloesser-mit-plaettchenzylinder-o-19\/#breadcrumb\",\"itemListElement\":[{\"@type\":\"ListItem\",\"position\":1,\"name\":\"Home\",\"item\":\"https:\/\/www.omrserrature.it\/de\/omr-serrature-sistemi-chiusura\/\"},{\"@type\":\"ListItem\",\"position\":2,\"name\":\"Katalog\",\"item\":\"https:\/\/www.omrserrature.it\/katalog\/?lang=de\"},{\"@type\":\"ListItem\",\"position\":3,\"name\":\"Produkte\",\"item\":\"https:\/\/www.omrserrature.it\/de\/katalog\/produkte\/\"},{\"@type\":\"ListItem\",\"position\":4,\"name\":\"Schloesser\",\"item\":\"https:\/\/www.omrserrature.it\/de\/katalog\/produkte\/schloesser\/\"},{\"@type\":\"ListItem\",\"position\":5,\"name\":\"Hauptschl\u00fcssel Schl\u00f6sser\",\"item\":\"https:\/\/www.omrserrature.it\/de\/katalog\/produkte\/schloesser\/hauptschlussel-schlosser\/\"},{\"@type\":\"ListItem\",\"position\":6,\"name\":\"Universalschl\u00f6sser mit Pl\u00e4ttchenzylinder \u00d8 19\"}]},{\"@type\":\"WebSite\",\"@id\":\"https:\/\/www.omrserrature.it\/de\/#website\",\"url\":\"https:\/\/www.omrserrature.it\/de\/\",\"name\":\"OMR Serrature | Produzione sistemi di chiusura\",\"description\":\"Produzione serrature di sicurezza e sistemi di chiusura\",\"publisher\":{\"@id\":\"https:\/\/www.omrserrature.it\/de\/#organization\"},\"potentialAction\":[{\"@type\":\"SearchAction\",\"target\":{\"@type\":\"EntryPoint\",\"urlTemplate\":\"https:\/\/www.omrserrature.it\/de\/?s={search_term_string}\"},\"query-input\":{\"@type\":\"PropertyValueSpecification\",\"valueRequired\":true,\"valueName\":\"search_term_string\"}}],\"inLanguage\":\"de\"},{\"@type\":\"Organization\",\"@id\":\"https:\/\/www.omrserrature.it\/de\/#organization\",\"name\":\"OMR Serrature | Produzione sistemi di chiusura\",\"url\":\"https:\/\/www.omrserrature.it\/de\/\",\"logo\":{\"@type\":\"ImageObject\",\"inLanguage\":\"de\",\"@id\":\"https:\/\/www.omrserrature.it\/de\/#\/schema\/logo\/image\/\",\"url\":\"https:\/\/www.omrserrature.it\/wp-content\/uploads\/2017\/09\/favicon-omr-114.png\",\"contentUrl\":\"https:\/\/www.omrserrature.it\/wp-content\/uploads\/2017\/09\/favicon-omr-114.png\",\"width\":114,\"height\":114,\"caption\":\"OMR Serrature | Produzione sistemi di chiusura\"},\"image\":{\"@id\":\"https:\/\/www.omrserrature.it\/de\/#\/schema\/logo\/image\/\"},\"sameAs\":[\"https:\/\/www.facebook.com\/OMRserrature\",\"https:\/\/www.linkedin.com\/company\/omrserrature\/\",\"https:\/\/www.youtube.com\/channel\/UCxmA85z2R0EpG_6IRokiAkg\"]}]}<\/script>\n<!-- \/ Yoast SEO plugin. -->","yoast_head_json":{"title":"Universalschl\u00f6sser mit Pl\u00e4ttchenzylinder \u00d8 19 - OMR Serrature","robots":{"index":"index","follow":"follow","max-snippet":"max-snippet:-1","max-image-preview":"max-image-preview:large","max-video-preview":"max-video-preview:-1"},"canonical":"https:\/\/www.omrserrature.it\/de\/produkt\/universalschloesser-mit-plaettchenzylinder-o-19\/","og_locale":"de_DE","og_type":"article","og_title":"Universalschl\u00f6sser mit Pl\u00e4ttchenzylinder \u00d8 19 - OMR Serrature","og_description":"Das Universal-Schlie\u00dfzylinder mit Pl\u00e4ttchenzylinder ist eines der beliebtesten Schl\u00f6sser in allen Bereichen. Dieses Schlie\u00dfzylinder-System, das in gleichschlie\u00dfender(KA) oder verschiedenschlie\u00dfender(KD) Verschl\u00fcsselung und mit mehreren Arten von hinteren Hebeln geliefert wird, ist ideal f\u00fcr den Einbau in B\u00fcrom\u00f6bel, Metallt\u00fcren, T\u00fcren, Tischlerarbeiten, Blechk\u00e4sten, Automaten- und Autowaschanlagen, Maschinen und Hinterstifte.","og_url":"https:\/\/www.omrserrature.it\/de\/produkt\/universalschloesser-mit-plaettchenzylinder-o-19\/","og_site_name":"OMR Serrature | Produzione sistemi di chiusura","article_publisher":"https:\/\/www.facebook.com\/OMRserrature","article_modified_time":"2026-04-08T11:13:08+00:00","og_image":[{"width":432,"height":382,"url":"https:\/\/www.omrserrature.it\/wp-content\/uploads\/2017\/10\/serratura-universale-lamelle-19.jpg","type":"image\/jpeg"}],"twitter_card":"summary_large_image","twitter_misc":{"Gesch\u00e4tzte Lesezeit":"1\u00a0Minute"},"schema":{"@context":"https:\/\/schema.org","@graph":[{"@type":"WebPage","@id":"https:\/\/www.omrserrature.it\/de\/produkt\/universalschloesser-mit-plaettchenzylinder-o-19\/","url":"https:\/\/www.omrserrature.it\/de\/produkt\/universalschloesser-mit-plaettchenzylinder-o-19\/","name":"Universalschl\u00f6sser mit Pl\u00e4ttchenzylinder \u00d8 19 - OMR Serrature","isPartOf":{"@id":"https:\/\/www.omrserrature.it\/de\/#website"},"primaryImageOfPage":{"@id":"https:\/\/www.omrserrature.it\/de\/produkt\/universalschloesser-mit-plaettchenzylinder-o-19\/#primaryimage"},"image":{"@id":"https:\/\/www.omrserrature.it\/de\/produkt\/universalschloesser-mit-plaettchenzylinder-o-19\/#primaryimage"},"thumbnailUrl":"https:\/\/www.omrserrature.it\/wp-content\/uploads\/2017\/10\/serratura-universale-lamelle-19.jpg","datePublished":"2009-10-17T12:59:00+00:00","dateModified":"2026-04-08T11:13:08+00:00","breadcrumb":{"@id":"https:\/\/www.omrserrature.it\/de\/produkt\/universalschloesser-mit-plaettchenzylinder-o-19\/#breadcrumb"},"inLanguage":"de","potentialAction":[{"@type":"ReadAction","target":["https:\/\/www.omrserrature.it\/de\/produkt\/universalschloesser-mit-plaettchenzylinder-o-19\/"]}]},{"@type":"ImageObject","inLanguage":"de","@id":"https:\/\/www.omrserrature.it\/de\/produkt\/universalschloesser-mit-plaettchenzylinder-o-19\/#primaryimage","url":"https:\/\/www.omrserrature.it\/wp-content\/uploads\/2017\/10\/serratura-universale-lamelle-19.jpg","contentUrl":"https:\/\/www.omrserrature.it\/wp-content\/uploads\/2017\/10\/serratura-universale-lamelle-19.jpg","width":432,"height":382,"caption":"19 mm Hebelschloss"},{"@type":"BreadcrumbList","@id":"https:\/\/www.omrserrature.it\/de\/produkt\/universalschloesser-mit-plaettchenzylinder-o-19\/#breadcrumb","itemListElement":[{"@type":"ListItem","position":1,"name":"Home","item":"https:\/\/www.omrserrature.it\/de\/omr-serrature-sistemi-chiusura\/"},{"@type":"ListItem","position":2,"name":"Katalog","item":"https:\/\/www.omrserrature.it\/katalog\/?lang=de"},{"@type":"ListItem","position":3,"name":"Produkte","item":"https:\/\/www.omrserrature.it\/de\/katalog\/produkte\/"},{"@type":"ListItem","position":4,"name":"Schloesser","item":"https:\/\/www.omrserrature.it\/de\/katalog\/produkte\/schloesser\/"},{"@type":"ListItem","position":5,"name":"Hauptschl\u00fcssel Schl\u00f6sser","item":"https:\/\/www.omrserrature.it\/de\/katalog\/produkte\/schloesser\/hauptschlussel-schlosser\/"},{"@type":"ListItem","position":6,"name":"Universalschl\u00f6sser mit Pl\u00e4ttchenzylinder \u00d8 19"}]},{"@type":"WebSite","@id":"https:\/\/www.omrserrature.it\/de\/#website","url":"https:\/\/www.omrserrature.it\/de\/","name":"OMR Serrature | Produzione sistemi di chiusura","description":"Produzione serrature di sicurezza e sistemi di chiusura","publisher":{"@id":"https:\/\/www.omrserrature.it\/de\/#organization"},"potentialAction":[{"@type":"SearchAction","target":{"@type":"EntryPoint","urlTemplate":"https:\/\/www.omrserrature.it\/de\/?s={search_term_string}"},"query-input":{"@type":"PropertyValueSpecification","valueRequired":true,"valueName":"search_term_string"}}],"inLanguage":"de"},{"@type":"Organization","@id":"https:\/\/www.omrserrature.it\/de\/#organization","name":"OMR Serrature | Produzione sistemi di chiusura","url":"https:\/\/www.omrserrature.it\/de\/","logo":{"@type":"ImageObject","inLanguage":"de","@id":"https:\/\/www.omrserrature.it\/de\/#\/schema\/logo\/image\/","url":"https:\/\/www.omrserrature.it\/wp-content\/uploads\/2017\/09\/favicon-omr-114.png","contentUrl":"https:\/\/www.omrserrature.it\/wp-content\/uploads\/2017\/09\/favicon-omr-114.png","width":114,"height":114,"caption":"OMR Serrature | Produzione sistemi di chiusura"},"image":{"@id":"https:\/\/www.omrserrature.it\/de\/#\/schema\/logo\/image\/"},"sameAs":["https:\/\/www.facebook.com\/OMRserrature","https:\/\/www.linkedin.com\/company\/omrserrature\/","https:\/\/www.youtube.com\/channel\/UCxmA85z2R0EpG_6IRokiAkg"]}]}},"_links":{"self":[{"href":"https:\/\/www.omrserrature.it\/de\/wp-json\/wp\/v2\/product\/243117","targetHints":{"allow":["GET"]}}],"collection":[{"href":"https:\/\/www.omrserrature.it\/de\/wp-json\/wp\/v2\/product"}],"about":[{"href":"https:\/\/www.omrserrature.it\/de\/wp-json\/wp\/v2\/types\/product"}],"replies":[{"embeddable":true,"href":"https:\/\/www.omrserrature.it\/de\/wp-json\/wp\/v2\/comments?post=243117"}],"wp:featuredmedia":[{"embeddable":true,"href":"https:\/\/www.omrserrature.it\/de\/wp-json\/wp\/v2\/media\/3385"}],"wp:attachment":[{"href":"https:\/\/www.omrserrature.it\/de\/wp-json\/wp\/v2\/media?parent=243117"}],"wp:term":[{"taxonomy":"product_brand","embeddable":true,"href":"https:\/\/www.omrserrature.it\/de\/wp-json\/wp\/v2\/product_brand?post=243117"},{"taxonomy":"product_cat","embeddable":true,"href":"https:\/\/www.omrserrature.it\/de\/wp-json\/wp\/v2\/product_cat?post=243117"},{"taxonomy":"product_tag","embeddable":true,"href":"https:\/\/www.omrserrature.it\/de\/wp-json\/wp\/v2\/product_tag?post=243117"}],"curies":[{"name":"wp","href":"https:\/\/api.w.org\/{rel}","templated":true}]}}